{"id":7302,"date":"2019-06-23T20:44:33","date_gmt":"2019-06-23T18:44:33","guid":{"rendered":"https:\/\/sysmatec.ch\/produit\/manographe-mtb-07\/"},"modified":"2021-12-31T09:49:11","modified_gmt":"2021-12-31T08:49:11","slug":"manographe-mtb-07","status":"publish","type":"product","link":"https:\/\/sysmatec.ch\/de\/Produkt\/manographe-mtb-07\/","title":{"rendered":"Manograph MTB \/ 07"},"content":{"rendered":"<p>Dieser Manograph ist ein tragbarer Trommel-Druckschreiber.<\/p>\n<p>Die Aufnahme erfolgt durch eine Feder auf einem Papierstreifen, der auf einem rotierenden Trommel befestigt ist. Die Drehbewegung wird durch einen batteriebetriebenen Motor oder ein mechanisches Uhrwerk erzeugt. Diese Ger\u00e4te werden auch f\u00fcr Tests und Dichtheitspr\u00fcfungen in Rohrleitungen und Aqu\u00e4dukten verwendet.<\/p>\n<p>Messelement: Bourdon-Rohr aus Edelstahl 316<\/p>\n<p>Druckbereiche: 0-1 bar, 0-2,5 bar, 0-6 bar, 0-10 bar, 0-16 bar, 0-25 bar, 0-40 bar, 0-100 bar, 0-160 bar, 0 -250 bar, 0-300 bar, 0-400 bar, 0-600 bar<\/p>\n<p>Prozessanschluss: 1\/4 Gas M. oder 1\/2 Gas M<\/p>\n<p>Genauigkeit: Klasse 1 nach EN 837-1<\/p>\n<p>Umgebungstemperatur: -10 \u00b0 C + 60 \u00b0 C<\/p>\n<p>Rotationsgeschwindigkeit: t\u00e4glich oder w\u00f6chentlich<\/p>\n<p>Training: Mechanische Feder, Batterie (AA-LR6) 1,5 V Quarzwerk<\/p>\n","protected":false},"excerpt":{"rendered":"<p>Manograph, Druck Logger mit Papier Aufzeichnung<\/p>\n","protected":false},"featured_media":7300,"template":"","meta":{"_crdt_document":""},"product_brand":[],"product_cat":[168,169],"product_tag":[],"class_list":{"0":"post-7302","1":"product","2":"type-product","3":"status-publish","4":"has-post-thumbnail","6":"product_cat-datenlogger","7":"product_cat-druck","9":"first","10":"instock","11":"taxable","12":"shipping-taxable","13":"product-type-simple"},"yoast_head":"<!-- This site is optimized with the Yoast SEO plugin v27.3 - https:\/\/yoast.com\/product\/yoast-seo-wordpress\/ -->\n<title>Manograph MTB \/ 07 - Sysmatec<\/title>\n<meta name=\"description\" content=\"Druck-Aufzeichnungsger\u00e4t mit Bourbon Rohr. Auf Papier aufzeichnen. Druckbereiche 0-1 bar bis 0-600 bar.\" \/>\n<meta name=\"robots\" content=\"index, follow, max-snippet:-1, max-image-preview:large, max-video-preview:-1\" \/>\n<link rel=\"canonical\" href=\"https:\/\/sysmatec.ch\/de\/produit\/manographe-mtb-07\/\" \/>\n<meta property=\"og:locale\" content=\"de_DE\" \/>\n<meta property=\"og:type\" content=\"article\" \/>\n<meta property=\"og:title\" content=\"Manograph MTB \/ 07 - Sysmatec\" \/>\n<meta property=\"og:description\" content=\"Druck-Aufzeichnungsger\u00e4t mit Bourbon Rohr. Auf Papier aufzeichnen. Druckbereiche 0-1 bar bis 0-600 bar.\" \/>\n<meta property=\"og:url\" content=\"https:\/\/sysmatec.ch\/de\/produit\/manographe-mtb-07\/\" \/>\n<meta property=\"og:site_name\" content=\"Sysmatec\" \/>\n<meta property=\"article:modified_time\" content=\"2021-12-31T08:49:11+00:00\" \/>\n<meta property=\"og:image\" content=\"https:\/\/sysmatec.ch\/wp-content\/uploads\/2019\/06\/Pression_TermafMTB07.jpg\" \/>\n\t<meta property=\"og:image:width\" content=\"184\" \/>\n\t<meta property=\"og:image:height\" content=\"148\" \/>\n\t<meta property=\"og:image:type\" content=\"image\/jpeg\" \/>\n<meta name=\"twitter:card\" content=\"summary_large_image\" \/>\n<meta name=\"twitter:label1\" content=\"Gesch\u00e4tzte Lesezeit\" \/>\n\t<meta name=\"twitter:data1\" content=\"1\u00a0Minute\" \/>\n<script type=\"application\/ld+json\" class=\"yoast-schema-graph\">{\"@context\":\"https:\\\/\\\/schema.org\",\"@graph\":[{\"@type\":\"WebPage\",\"@id\":\"https:\\\/\\\/sysmatec.ch\\\/de\\\/produit\\\/manographe-mtb-07\\\/\",\"url\":\"https:\\\/\\\/sysmatec.ch\\\/de\\\/produit\\\/manographe-mtb-07\\\/\",\"name\":\"Manograph MTB \\\/ 07 - Sysmatec\",\"isPartOf\":{\"@id\":\"https:\\\/\\\/sysmatec.ch\\\/de\\\/#website\"},\"primaryImageOfPage\":{\"@id\":\"https:\\\/\\\/sysmatec.ch\\\/de\\\/produit\\\/manographe-mtb-07\\\/#primaryimage\"},\"image\":{\"@id\":\"https:\\\/\\\/sysmatec.ch\\\/de\\\/produit\\\/manographe-mtb-07\\\/#primaryimage\"},\"thumbnailUrl\":\"https:\\\/\\\/sysmatec.ch\\\/wp-content\\\/uploads\\\/2019\\\/06\\\/Pression_TermafMTB07.jpg\",\"datePublished\":\"2019-06-23T18:44:33+00:00\",\"dateModified\":\"2021-12-31T08:49:11+00:00\",\"description\":\"Druck-Aufzeichnungsger\u00e4t mit Bourbon Rohr. Auf Papier aufzeichnen. Druckbereiche 0-1 bar bis 0-600 bar.\",\"breadcrumb\":{\"@id\":\"https:\\\/\\\/sysmatec.ch\\\/de\\\/produit\\\/manographe-mtb-07\\\/#breadcrumb\"},\"inLanguage\":\"de\",\"potentialAction\":[{\"@type\":\"ReadAction\",\"target\":[\"https:\\\/\\\/sysmatec.ch\\\/de\\\/produit\\\/manographe-mtb-07\\\/\"]}]},{\"@type\":\"ImageObject\",\"inLanguage\":\"de\",\"@id\":\"https:\\\/\\\/sysmatec.ch\\\/de\\\/produit\\\/manographe-mtb-07\\\/#primaryimage\",\"url\":\"https:\\\/\\\/sysmatec.ch\\\/wp-content\\\/uploads\\\/2019\\\/06\\\/Pression_TermafMTB07.jpg\",\"contentUrl\":\"https:\\\/\\\/sysmatec.ch\\\/wp-content\\\/uploads\\\/2019\\\/06\\\/Pression_TermafMTB07.jpg\",\"width\":184,\"height\":148},{\"@type\":\"BreadcrumbList\",\"@id\":\"https:\\\/\\\/sysmatec.ch\\\/de\\\/produit\\\/manographe-mtb-07\\\/#breadcrumb\",\"itemListElement\":[{\"@type\":\"ListItem\",\"position\":1,\"name\":\"Accueil\",\"item\":\"https:\\\/\\\/sysmatec.ch\\\/de\\\/\"},{\"@type\":\"ListItem\",\"position\":2,\"name\":\"Die Aktivit\u00e4t von Sysmatec\",\"item\":\"https:\\\/\\\/sysmatec.ch\\\/de\\\/\"},{\"@type\":\"ListItem\",\"position\":3,\"name\":\"Manograph MTB \\\/ 07\"}]},{\"@type\":\"WebSite\",\"@id\":\"https:\\\/\\\/sysmatec.ch\\\/de\\\/#website\",\"url\":\"https:\\\/\\\/sysmatec.ch\\\/de\\\/\",\"name\":\"Sysmatec\",\"description\":\"Equipement de laboratoire et logiciels\",\"publisher\":{\"@id\":\"https:\\\/\\\/sysmatec.ch\\\/de\\\/#organization\"},\"potentialAction\":[{\"@type\":\"SearchAction\",\"target\":{\"@type\":\"EntryPoint\",\"urlTemplate\":\"https:\\\/\\\/sysmatec.ch\\\/de\\\/?s={search_term_string}\"},\"query-input\":{\"@type\":\"PropertyValueSpecification\",\"valueRequired\":true,\"valueName\":\"search_term_string\"}}],\"inLanguage\":\"de\"},{\"@type\":\"Organization\",\"@id\":\"https:\\\/\\\/sysmatec.ch\\\/de\\\/#organization\",\"name\":\"Sysmatec\",\"url\":\"https:\\\/\\\/sysmatec.ch\\\/de\\\/\",\"logo\":{\"@type\":\"ImageObject\",\"inLanguage\":\"de\",\"@id\":\"https:\\\/\\\/sysmatec.ch\\\/de\\\/#\\\/schema\\\/logo\\\/image\\\/\",\"url\":\"https:\\\/\\\/sysmatec.ch\\\/wp-content\\\/uploads\\\/2018\\\/11\\\/LogoSysmatec.jpg\",\"contentUrl\":\"https:\\\/\\\/sysmatec.ch\\\/wp-content\\\/uploads\\\/2018\\\/11\\\/LogoSysmatec.jpg\",\"width\":301,\"height\":297,\"caption\":\"Sysmatec\"},\"image\":{\"@id\":\"https:\\\/\\\/sysmatec.ch\\\/de\\\/#\\\/schema\\\/logo\\\/image\\\/\"}}]}<\/script>\n<!-- \/ Yoast SEO plugin. -->","yoast_head_json":{"title":"Manograph MTB \/ 07 - Sysmatec","description":"Druck-Aufzeichnungsger\u00e4t mit Bourbon Rohr. Auf Papier aufzeichnen. Druckbereiche 0-1 bar bis 0-600 bar.","robots":{"index":"index","follow":"follow","max-snippet":"max-snippet:-1","max-image-preview":"max-image-preview:large","max-video-preview":"max-video-preview:-1"},"canonical":"https:\/\/sysmatec.ch\/de\/produit\/manographe-mtb-07\/","og_locale":"de_DE","og_type":"article","og_title":"Manograph MTB \/ 07 - Sysmatec","og_description":"Druck-Aufzeichnungsger\u00e4t mit Bourbon Rohr. Auf Papier aufzeichnen. Druckbereiche 0-1 bar bis 0-600 bar.","og_url":"https:\/\/sysmatec.ch\/de\/produit\/manographe-mtb-07\/","og_site_name":"Sysmatec","article_modified_time":"2021-12-31T08:49:11+00:00","og_image":[{"width":184,"height":148,"url":"https:\/\/sysmatec.ch\/wp-content\/uploads\/2019\/06\/Pression_TermafMTB07.jpg","type":"image\/jpeg"}],"twitter_card":"summary_large_image","twitter_misc":{"Gesch\u00e4tzte Lesezeit":"1\u00a0Minute"},"schema":{"@context":"https:\/\/schema.org","@graph":[{"@type":"WebPage","@id":"https:\/\/sysmatec.ch\/de\/produit\/manographe-mtb-07\/","url":"https:\/\/sysmatec.ch\/de\/produit\/manographe-mtb-07\/","name":"Manograph MTB \/ 07 - Sysmatec","isPartOf":{"@id":"https:\/\/sysmatec.ch\/de\/#website"},"primaryImageOfPage":{"@id":"https:\/\/sysmatec.ch\/de\/produit\/manographe-mtb-07\/#primaryimage"},"image":{"@id":"https:\/\/sysmatec.ch\/de\/produit\/manographe-mtb-07\/#primaryimage"},"thumbnailUrl":"https:\/\/sysmatec.ch\/wp-content\/uploads\/2019\/06\/Pression_TermafMTB07.jpg","datePublished":"2019-06-23T18:44:33+00:00","dateModified":"2021-12-31T08:49:11+00:00","description":"Druck-Aufzeichnungsger\u00e4t mit Bourbon Rohr. Auf Papier aufzeichnen. Druckbereiche 0-1 bar bis 0-600 bar.","breadcrumb":{"@id":"https:\/\/sysmatec.ch\/de\/produit\/manographe-mtb-07\/#breadcrumb"},"inLanguage":"de","potentialAction":[{"@type":"ReadAction","target":["https:\/\/sysmatec.ch\/de\/produit\/manographe-mtb-07\/"]}]},{"@type":"ImageObject","inLanguage":"de","@id":"https:\/\/sysmatec.ch\/de\/produit\/manographe-mtb-07\/#primaryimage","url":"https:\/\/sysmatec.ch\/wp-content\/uploads\/2019\/06\/Pression_TermafMTB07.jpg","contentUrl":"https:\/\/sysmatec.ch\/wp-content\/uploads\/2019\/06\/Pression_TermafMTB07.jpg","width":184,"height":148},{"@type":"BreadcrumbList","@id":"https:\/\/sysmatec.ch\/de\/produit\/manographe-mtb-07\/#breadcrumb","itemListElement":[{"@type":"ListItem","position":1,"name":"Accueil","item":"https:\/\/sysmatec.ch\/de\/"},{"@type":"ListItem","position":2,"name":"Die Aktivit\u00e4t von Sysmatec","item":"https:\/\/sysmatec.ch\/de\/"},{"@type":"ListItem","position":3,"name":"Manograph MTB \/ 07"}]},{"@type":"WebSite","@id":"https:\/\/sysmatec.ch\/de\/#website","url":"https:\/\/sysmatec.ch\/de\/","name":"Sysmatec","description":"Equipement de laboratoire et logiciels","publisher":{"@id":"https:\/\/sysmatec.ch\/de\/#organization"},"potentialAction":[{"@type":"SearchAction","target":{"@type":"EntryPoint","urlTemplate":"https:\/\/sysmatec.ch\/de\/?s={search_term_string}"},"query-input":{"@type":"PropertyValueSpecification","valueRequired":true,"valueName":"search_term_string"}}],"inLanguage":"de"},{"@type":"Organization","@id":"https:\/\/sysmatec.ch\/de\/#organization","name":"Sysmatec","url":"https:\/\/sysmatec.ch\/de\/","logo":{"@type":"ImageObject","inLanguage":"de","@id":"https:\/\/sysmatec.ch\/de\/#\/schema\/logo\/image\/","url":"https:\/\/sysmatec.ch\/wp-content\/uploads\/2018\/11\/LogoSysmatec.jpg","contentUrl":"https:\/\/sysmatec.ch\/wp-content\/uploads\/2018\/11\/LogoSysmatec.jpg","width":301,"height":297,"caption":"Sysmatec"},"image":{"@id":"https:\/\/sysmatec.ch\/de\/#\/schema\/logo\/image\/"}}]}},"_links":{"self":[{"href":"https:\/\/sysmatec.ch\/de\/wp-json\/wp\/v2\/product\/7302","targetHints":{"allow":["GET"]}}],"collection":[{"href":"https:\/\/sysmatec.ch\/de\/wp-json\/wp\/v2\/product"}],"about":[{"href":"https:\/\/sysmatec.ch\/de\/wp-json\/wp\/v2\/types\/product"}],"wp:featuredmedia":[{"embeddable":true,"href":"https:\/\/sysmatec.ch\/de\/wp-json\/wp\/v2\/media\/7300"}],"wp:attachment":[{"href":"https:\/\/sysmatec.ch\/de\/wp-json\/wp\/v2\/media?parent=7302"}],"wp:term":[{"taxonomy":"product_brand","embeddable":true,"href":"https:\/\/sysmatec.ch\/de\/wp-json\/wp\/v2\/product_brand?post=7302"},{"taxonomy":"product_cat","embeddable":true,"href":"https:\/\/sysmatec.ch\/de\/wp-json\/wp\/v2\/product_cat?post=7302"},{"taxonomy":"product_tag","embeddable":true,"href":"https:\/\/sysmatec.ch\/de\/wp-json\/wp\/v2\/product_tag?post=7302"}],"curies":[{"name":"wp","href":"https:\/\/api.w.org\/{rel}","templated":true}]}}