{"id":7269,"date":"2019-06-23T13:10:40","date_gmt":"2019-06-23T11:10:40","guid":{"rendered":"https:\/\/sysmatec.ch\/produit\/enregistreur-de-pression-leo-record\/"},"modified":"2021-12-31T11:21:43","modified_gmt":"2021-12-31T10:21:43","slug":"digitales-manometer-leo-record","status":"publish","type":"product","link":"https:\/\/sysmatec.ch\/de\/Produkt\/digitales-manometer-leo-record\/","title":{"rendered":"Digitales Manometer Leo Record"},"content":{"rendered":"<h2>Datnelogger Beschreibung<\/h2>\n<ul>\n<li>autonomes, batteriebetriebenes Druckmessger\u00e4t mit digitaler Anzeige, welches Druck und Temperatur \u00fcber l\u00e4ngere Zeitr\u00e4ume aufzeichnen kann.<\/li>\n<li>Betriebstemperatur: 0 bis 50 \u00b0C<\/li>\n<li>Messrate Einstellbar (k\u00fcrzestes Intervall 1x pro Sekunde)<\/li>\n<li>Speicher ca. 57 000 Messwerte mit Zeitangabe bei einem Messintervall &lt;= 5 s, ca. 28 000 Messwerte mit Zeitangabe bei einem Messintervall &gt;15 s<\/li>\n<li>Speisung 3,6 V Lithium Batterie, Typ SL-760<\/li>\n<li>Batterie-Lebensdauer bis zu 2 Jahre bei einer Speicherung alle 10 Sekunden<\/li>\n<li>Druckanschluss G 1\/4&#8220; (andere Gewinde auf Anfrage)<\/li>\n<li>Temperaturmessung Genauigkeit typ. 0,5 \u00b0C<\/li>\n<li>Schnittstelle RS485; r\u00fcckseitige Kabeldose &#8218;Fischer&#8216; passend auf PC-Konverterkabel K103-A (RS232) und K104-A (USB)<\/li>\n<li>Schutzart IP 65<\/li>\n<li>Messbereich: -1 bis 3 bar, -1 bis 30 bar, 0 bis 300 bar, 0 bis 700 bar, 0 bis 1000 bar<\/li>\n<\/ul>\n","protected":false},"excerpt":{"rendered":"<p>Digitales Manometer<\/p>\n","protected":false},"featured_media":7267,"template":"","meta":{"_crdt_document":""},"product_brand":[],"product_cat":[168,169],"product_tag":[],"class_list":{"0":"post-7269","1":"product","2":"type-product","3":"status-publish","4":"has-post-thumbnail","6":"product_cat-datenlogger","7":"product_cat-druck","9":"first","10":"instock","11":"taxable","12":"shipping-taxable","13":"product-type-simple"},"yoast_head":"<!-- This site is optimized with the Yoast SEO plugin v27.3 - https:\/\/yoast.com\/product\/yoast-seo-wordpress\/ -->\n<title>Digitales Manometer Leo Record - Sysmatec<\/title>\n<meta name=\"description\" content=\"Druck- Datenlogger mit Schraubanschluss. Messbereiche von 0-3 bar bis 0-1000 bar. Kommunikation \u00fcber RS485.\" \/>\n<meta name=\"robots\" content=\"index, follow, max-snippet:-1, max-image-preview:large, max-video-preview:-1\" \/>\n<link rel=\"canonical\" href=\"https:\/\/sysmatec.ch\/de\/produit\/digitales-manometer-leo-record\/\" \/>\n<meta property=\"og:locale\" content=\"de_DE\" \/>\n<meta property=\"og:type\" content=\"article\" \/>\n<meta property=\"og:title\" content=\"Digitales Manometer Leo Record - Sysmatec\" \/>\n<meta property=\"og:description\" content=\"Druck- Datenlogger mit Schraubanschluss. Messbereiche von 0-3 bar bis 0-1000 bar. Kommunikation \u00fcber RS485.\" \/>\n<meta property=\"og:url\" content=\"https:\/\/sysmatec.ch\/de\/produit\/digitales-manometer-leo-record\/\" \/>\n<meta property=\"og:site_name\" content=\"Sysmatec\" \/>\n<meta property=\"article:modified_time\" content=\"2021-12-31T10:21:43+00:00\" \/>\n<meta property=\"og:image\" content=\"https:\/\/sysmatec.ch\/wp-content\/uploads\/2019\/06\/Pression_KellerLeoRec.jpg\" \/>\n\t<meta property=\"og:image:width\" content=\"137\" \/>\n\t<meta property=\"og:image:height\" content=\"199\" \/>\n\t<meta property=\"og:image:type\" content=\"image\/jpeg\" \/>\n<meta name=\"twitter:card\" content=\"summary_large_image\" \/>\n<meta name=\"twitter:label1\" content=\"Gesch\u00e4tzte Lesezeit\" \/>\n\t<meta name=\"twitter:data1\" content=\"1\u00a0Minute\" \/>\n<script type=\"application\/ld+json\" class=\"yoast-schema-graph\">{\"@context\":\"https:\\\/\\\/schema.org\",\"@graph\":[{\"@type\":\"WebPage\",\"@id\":\"https:\\\/\\\/sysmatec.ch\\\/de\\\/produit\\\/digitales-manometer-leo-record\\\/\",\"url\":\"https:\\\/\\\/sysmatec.ch\\\/de\\\/produit\\\/digitales-manometer-leo-record\\\/\",\"name\":\"Digitales Manometer Leo Record - Sysmatec\",\"isPartOf\":{\"@id\":\"https:\\\/\\\/sysmatec.ch\\\/de\\\/#website\"},\"primaryImageOfPage\":{\"@id\":\"https:\\\/\\\/sysmatec.ch\\\/de\\\/produit\\\/digitales-manometer-leo-record\\\/#primaryimage\"},\"image\":{\"@id\":\"https:\\\/\\\/sysmatec.ch\\\/de\\\/produit\\\/digitales-manometer-leo-record\\\/#primaryimage\"},\"thumbnailUrl\":\"https:\\\/\\\/sysmatec.ch\\\/wp-content\\\/uploads\\\/2019\\\/06\\\/Pression_KellerLeoRec.jpg\",\"datePublished\":\"2019-06-23T11:10:40+00:00\",\"dateModified\":\"2021-12-31T10:21:43+00:00\",\"description\":\"Druck- Datenlogger mit Schraubanschluss. Messbereiche von 0-3 bar bis 0-1000 bar. Kommunikation \u00fcber RS485.\",\"breadcrumb\":{\"@id\":\"https:\\\/\\\/sysmatec.ch\\\/de\\\/produit\\\/digitales-manometer-leo-record\\\/#breadcrumb\"},\"inLanguage\":\"de\",\"potentialAction\":[{\"@type\":\"ReadAction\",\"target\":[\"https:\\\/\\\/sysmatec.ch\\\/de\\\/produit\\\/digitales-manometer-leo-record\\\/\"]}]},{\"@type\":\"ImageObject\",\"inLanguage\":\"de\",\"@id\":\"https:\\\/\\\/sysmatec.ch\\\/de\\\/produit\\\/digitales-manometer-leo-record\\\/#primaryimage\",\"url\":\"https:\\\/\\\/sysmatec.ch\\\/wp-content\\\/uploads\\\/2019\\\/06\\\/Pression_KellerLeoRec.jpg\",\"contentUrl\":\"https:\\\/\\\/sysmatec.ch\\\/wp-content\\\/uploads\\\/2019\\\/06\\\/Pression_KellerLeoRec.jpg\",\"width\":137,\"height\":199},{\"@type\":\"BreadcrumbList\",\"@id\":\"https:\\\/\\\/sysmatec.ch\\\/de\\\/produit\\\/digitales-manometer-leo-record\\\/#breadcrumb\",\"itemListElement\":[{\"@type\":\"ListItem\",\"position\":1,\"name\":\"Accueil\",\"item\":\"https:\\\/\\\/sysmatec.ch\\\/de\\\/\"},{\"@type\":\"ListItem\",\"position\":2,\"name\":\"Die Aktivit\u00e4t von Sysmatec\",\"item\":\"https:\\\/\\\/sysmatec.ch\\\/de\\\/\"},{\"@type\":\"ListItem\",\"position\":3,\"name\":\"Digitales Manometer Leo Record\"}]},{\"@type\":\"WebSite\",\"@id\":\"https:\\\/\\\/sysmatec.ch\\\/de\\\/#website\",\"url\":\"https:\\\/\\\/sysmatec.ch\\\/de\\\/\",\"name\":\"Sysmatec\",\"description\":\"Equipement de laboratoire et logiciels\",\"publisher\":{\"@id\":\"https:\\\/\\\/sysmatec.ch\\\/de\\\/#organization\"},\"potentialAction\":[{\"@type\":\"SearchAction\",\"target\":{\"@type\":\"EntryPoint\",\"urlTemplate\":\"https:\\\/\\\/sysmatec.ch\\\/de\\\/?s={search_term_string}\"},\"query-input\":{\"@type\":\"PropertyValueSpecification\",\"valueRequired\":true,\"valueName\":\"search_term_string\"}}],\"inLanguage\":\"de\"},{\"@type\":\"Organization\",\"@id\":\"https:\\\/\\\/sysmatec.ch\\\/de\\\/#organization\",\"name\":\"Sysmatec\",\"url\":\"https:\\\/\\\/sysmatec.ch\\\/de\\\/\",\"logo\":{\"@type\":\"ImageObject\",\"inLanguage\":\"de\",\"@id\":\"https:\\\/\\\/sysmatec.ch\\\/de\\\/#\\\/schema\\\/logo\\\/image\\\/\",\"url\":\"https:\\\/\\\/sysmatec.ch\\\/wp-content\\\/uploads\\\/2018\\\/11\\\/LogoSysmatec.jpg\",\"contentUrl\":\"https:\\\/\\\/sysmatec.ch\\\/wp-content\\\/uploads\\\/2018\\\/11\\\/LogoSysmatec.jpg\",\"width\":301,\"height\":297,\"caption\":\"Sysmatec\"},\"image\":{\"@id\":\"https:\\\/\\\/sysmatec.ch\\\/de\\\/#\\\/schema\\\/logo\\\/image\\\/\"}}]}<\/script>\n<!-- \/ Yoast SEO plugin. -->","yoast_head_json":{"title":"Digitales Manometer Leo Record - Sysmatec","description":"Druck- Datenlogger mit Schraubanschluss. Messbereiche von 0-3 bar bis 0-1000 bar. Kommunikation \u00fcber RS485.","robots":{"index":"index","follow":"follow","max-snippet":"max-snippet:-1","max-image-preview":"max-image-preview:large","max-video-preview":"max-video-preview:-1"},"canonical":"https:\/\/sysmatec.ch\/de\/produit\/digitales-manometer-leo-record\/","og_locale":"de_DE","og_type":"article","og_title":"Digitales Manometer Leo Record - Sysmatec","og_description":"Druck- Datenlogger mit Schraubanschluss. Messbereiche von 0-3 bar bis 0-1000 bar. Kommunikation \u00fcber RS485.","og_url":"https:\/\/sysmatec.ch\/de\/produit\/digitales-manometer-leo-record\/","og_site_name":"Sysmatec","article_modified_time":"2021-12-31T10:21:43+00:00","og_image":[{"width":137,"height":199,"url":"https:\/\/sysmatec.ch\/wp-content\/uploads\/2019\/06\/Pression_KellerLeoRec.jpg","type":"image\/jpeg"}],"twitter_card":"summary_large_image","twitter_misc":{"Gesch\u00e4tzte Lesezeit":"1\u00a0Minute"},"schema":{"@context":"https:\/\/schema.org","@graph":[{"@type":"WebPage","@id":"https:\/\/sysmatec.ch\/de\/produit\/digitales-manometer-leo-record\/","url":"https:\/\/sysmatec.ch\/de\/produit\/digitales-manometer-leo-record\/","name":"Digitales Manometer Leo Record - Sysmatec","isPartOf":{"@id":"https:\/\/sysmatec.ch\/de\/#website"},"primaryImageOfPage":{"@id":"https:\/\/sysmatec.ch\/de\/produit\/digitales-manometer-leo-record\/#primaryimage"},"image":{"@id":"https:\/\/sysmatec.ch\/de\/produit\/digitales-manometer-leo-record\/#primaryimage"},"thumbnailUrl":"https:\/\/sysmatec.ch\/wp-content\/uploads\/2019\/06\/Pression_KellerLeoRec.jpg","datePublished":"2019-06-23T11:10:40+00:00","dateModified":"2021-12-31T10:21:43+00:00","description":"Druck- Datenlogger mit Schraubanschluss. Messbereiche von 0-3 bar bis 0-1000 bar. Kommunikation \u00fcber RS485.","breadcrumb":{"@id":"https:\/\/sysmatec.ch\/de\/produit\/digitales-manometer-leo-record\/#breadcrumb"},"inLanguage":"de","potentialAction":[{"@type":"ReadAction","target":["https:\/\/sysmatec.ch\/de\/produit\/digitales-manometer-leo-record\/"]}]},{"@type":"ImageObject","inLanguage":"de","@id":"https:\/\/sysmatec.ch\/de\/produit\/digitales-manometer-leo-record\/#primaryimage","url":"https:\/\/sysmatec.ch\/wp-content\/uploads\/2019\/06\/Pression_KellerLeoRec.jpg","contentUrl":"https:\/\/sysmatec.ch\/wp-content\/uploads\/2019\/06\/Pression_KellerLeoRec.jpg","width":137,"height":199},{"@type":"BreadcrumbList","@id":"https:\/\/sysmatec.ch\/de\/produit\/digitales-manometer-leo-record\/#breadcrumb","itemListElement":[{"@type":"ListItem","position":1,"name":"Accueil","item":"https:\/\/sysmatec.ch\/de\/"},{"@type":"ListItem","position":2,"name":"Die Aktivit\u00e4t von Sysmatec","item":"https:\/\/sysmatec.ch\/de\/"},{"@type":"ListItem","position":3,"name":"Digitales Manometer Leo Record"}]},{"@type":"WebSite","@id":"https:\/\/sysmatec.ch\/de\/#website","url":"https:\/\/sysmatec.ch\/de\/","name":"Sysmatec","description":"Equipement de laboratoire et logiciels","publisher":{"@id":"https:\/\/sysmatec.ch\/de\/#organization"},"potentialAction":[{"@type":"SearchAction","target":{"@type":"EntryPoint","urlTemplate":"https:\/\/sysmatec.ch\/de\/?s={search_term_string}"},"query-input":{"@type":"PropertyValueSpecification","valueRequired":true,"valueName":"search_term_string"}}],"inLanguage":"de"},{"@type":"Organization","@id":"https:\/\/sysmatec.ch\/de\/#organization","name":"Sysmatec","url":"https:\/\/sysmatec.ch\/de\/","logo":{"@type":"ImageObject","inLanguage":"de","@id":"https:\/\/sysmatec.ch\/de\/#\/schema\/logo\/image\/","url":"https:\/\/sysmatec.ch\/wp-content\/uploads\/2018\/11\/LogoSysmatec.jpg","contentUrl":"https:\/\/sysmatec.ch\/wp-content\/uploads\/2018\/11\/LogoSysmatec.jpg","width":301,"height":297,"caption":"Sysmatec"},"image":{"@id":"https:\/\/sysmatec.ch\/de\/#\/schema\/logo\/image\/"}}]}},"_links":{"self":[{"href":"https:\/\/sysmatec.ch\/de\/wp-json\/wp\/v2\/product\/7269","targetHints":{"allow":["GET"]}}],"collection":[{"href":"https:\/\/sysmatec.ch\/de\/wp-json\/wp\/v2\/product"}],"about":[{"href":"https:\/\/sysmatec.ch\/de\/wp-json\/wp\/v2\/types\/product"}],"wp:featuredmedia":[{"embeddable":true,"href":"https:\/\/sysmatec.ch\/de\/wp-json\/wp\/v2\/media\/7267"}],"wp:attachment":[{"href":"https:\/\/sysmatec.ch\/de\/wp-json\/wp\/v2\/media?parent=7269"}],"wp:term":[{"taxonomy":"product_brand","embeddable":true,"href":"https:\/\/sysmatec.ch\/de\/wp-json\/wp\/v2\/product_brand?post=7269"},{"taxonomy":"product_cat","embeddable":true,"href":"https:\/\/sysmatec.ch\/de\/wp-json\/wp\/v2\/product_cat?post=7269"},{"taxonomy":"product_tag","embeddable":true,"href":"https:\/\/sysmatec.ch\/de\/wp-json\/wp\/v2\/product_tag?post=7269"}],"curies":[{"name":"wp","href":"https:\/\/api.w.org\/{rel}","templated":true}]}}