{"id":7209,"date":"2019-06-22T11:37:28","date_gmt":"2019-06-22T09:37:28","guid":{"rendered":"https:\/\/sysmatec.ch\/produit\/electrodes-redox-combinees-metalliques\/"},"modified":"2022-01-02T09:46:59","modified_gmt":"2022-01-02T08:46:59","slug":"kombinierte-redox-elektrode","status":"publish","type":"product","link":"https:\/\/sysmatec.ch\/de\/Produkt\/kombinierte-redox-elektrode\/","title":{"rendered":"Kombinierte Redox Elektrode"},"content":{"rendered":"<p>Sie sind sehr robust und f\u00fcr Titrierung gut geeignet.<\/p>\n<p>BRPt1: Platinium Elektrode, f\u00fcr Redox-Potential und Titrierung redox, n\u00fctzliche L\u00e4nge: 100 mm, Durchmesser: 12 mm<\/p>\n<p>BRAg1: Silber Elektrode, f\u00fcr Halogen Ionen Dosierung gut geeignet, n\u00fctzliche L\u00e4nge: 100 mm, Durchmesser: 12 mm<\/p>\n<p>BRAu1: Gold Elektrode, f\u00fcr Redox-Potential, n\u00fctzliche L\u00e4nge: 100 mm, Durchmesser: 12 mm<\/p>\n<p>BRSb1: Antimonium Elektrode, pH-Messung mit F- Ionen, n\u00fctzliche L\u00e4nge: 100 mm, Durchmesser: 12 mm<\/p>\n","protected":false},"excerpt":{"rendered":"<p>Kombinierte Redox Elektrode<\/p>\n","protected":false},"featured_media":7207,"template":"","meta":{"_crdt_document":""},"product_brand":[],"product_cat":[242],"product_tag":[],"class_list":{"0":"post-7209","1":"product","2":"type-product","3":"status-publish","4":"has-post-thumbnail","6":"product_cat-redox-de","8":"first","9":"instock","10":"taxable","11":"shipping-taxable","12":"product-type-simple"},"yoast_head":"<!-- This site is optimized with the Yoast SEO plugin v27.3 - https:\/\/yoast.com\/product\/yoast-seo-wordpress\/ -->\n<title>Kombinierte Redox Elektrode - Sysmatec<\/title>\n<meta name=\"description\" content=\"Metallelektrode aus Silber, Gold, Platin oder Antimon f\u00fcr Ionenassays, Titration und Messung des Redoxpotentials\" \/>\n<meta name=\"robots\" content=\"index, follow, max-snippet:-1, max-image-preview:large, max-video-preview:-1\" \/>\n<link rel=\"canonical\" href=\"https:\/\/sysmatec.ch\/de\/produit\/kombinierte-redox-elektrode\/\" \/>\n<meta property=\"og:locale\" content=\"de_DE\" \/>\n<meta property=\"og:type\" content=\"article\" \/>\n<meta property=\"og:title\" content=\"Kombinierte Redox Elektrode - Sysmatec\" \/>\n<meta property=\"og:description\" content=\"Metallelektrode aus Silber, Gold, Platin oder Antimon f\u00fcr Ionenassays, Titration und Messung des Redoxpotentials\" \/>\n<meta property=\"og:url\" content=\"https:\/\/sysmatec.ch\/de\/produit\/kombinierte-redox-elektrode\/\" \/>\n<meta property=\"og:site_name\" content=\"Sysmatec\" \/>\n<meta property=\"article:modified_time\" content=\"2022-01-02T08:46:59+00:00\" \/>\n<meta property=\"og:image\" content=\"https:\/\/sysmatec.ch\/wp-content\/uploads\/2019\/06\/Redox_HeitoBRPt1.gif\" \/>\n\t<meta property=\"og:image:width\" content=\"159\" \/>\n\t<meta property=\"og:image:height\" content=\"45\" \/>\n\t<meta property=\"og:image:type\" content=\"image\/gif\" \/>\n<meta name=\"twitter:card\" content=\"summary_large_image\" \/>\n<script type=\"application\/ld+json\" class=\"yoast-schema-graph\">{\"@context\":\"https:\\\/\\\/schema.org\",\"@graph\":[{\"@type\":\"WebPage\",\"@id\":\"https:\\\/\\\/sysmatec.ch\\\/de\\\/produit\\\/kombinierte-redox-elektrode\\\/\",\"url\":\"https:\\\/\\\/sysmatec.ch\\\/de\\\/produit\\\/kombinierte-redox-elektrode\\\/\",\"name\":\"Kombinierte Redox Elektrode - Sysmatec\",\"isPartOf\":{\"@id\":\"https:\\\/\\\/sysmatec.ch\\\/de\\\/#website\"},\"primaryImageOfPage\":{\"@id\":\"https:\\\/\\\/sysmatec.ch\\\/de\\\/produit\\\/kombinierte-redox-elektrode\\\/#primaryimage\"},\"image\":{\"@id\":\"https:\\\/\\\/sysmatec.ch\\\/de\\\/produit\\\/kombinierte-redox-elektrode\\\/#primaryimage\"},\"thumbnailUrl\":\"https:\\\/\\\/sysmatec.ch\\\/wp-content\\\/uploads\\\/2019\\\/06\\\/Redox_HeitoBRPt1.gif\",\"datePublished\":\"2019-06-22T09:37:28+00:00\",\"dateModified\":\"2022-01-02T08:46:59+00:00\",\"description\":\"Metallelektrode aus Silber, Gold, Platin oder Antimon f\u00fcr Ionenassays, Titration und Messung des Redoxpotentials\",\"breadcrumb\":{\"@id\":\"https:\\\/\\\/sysmatec.ch\\\/de\\\/produit\\\/kombinierte-redox-elektrode\\\/#breadcrumb\"},\"inLanguage\":\"de\",\"potentialAction\":[{\"@type\":\"ReadAction\",\"target\":[\"https:\\\/\\\/sysmatec.ch\\\/de\\\/produit\\\/kombinierte-redox-elektrode\\\/\"]}]},{\"@type\":\"ImageObject\",\"inLanguage\":\"de\",\"@id\":\"https:\\\/\\\/sysmatec.ch\\\/de\\\/produit\\\/kombinierte-redox-elektrode\\\/#primaryimage\",\"url\":\"https:\\\/\\\/sysmatec.ch\\\/wp-content\\\/uploads\\\/2019\\\/06\\\/Redox_HeitoBRPt1.gif\",\"contentUrl\":\"https:\\\/\\\/sysmatec.ch\\\/wp-content\\\/uploads\\\/2019\\\/06\\\/Redox_HeitoBRPt1.gif\",\"width\":159,\"height\":45},{\"@type\":\"BreadcrumbList\",\"@id\":\"https:\\\/\\\/sysmatec.ch\\\/de\\\/produit\\\/kombinierte-redox-elektrode\\\/#breadcrumb\",\"itemListElement\":[{\"@type\":\"ListItem\",\"position\":1,\"name\":\"Accueil\",\"item\":\"https:\\\/\\\/sysmatec.ch\\\/de\\\/\"},{\"@type\":\"ListItem\",\"position\":2,\"name\":\"Die Aktivit\u00e4t von Sysmatec\",\"item\":\"https:\\\/\\\/sysmatec.ch\\\/de\\\/\"},{\"@type\":\"ListItem\",\"position\":3,\"name\":\"Kombinierte Redox Elektrode\"}]},{\"@type\":\"WebSite\",\"@id\":\"https:\\\/\\\/sysmatec.ch\\\/de\\\/#website\",\"url\":\"https:\\\/\\\/sysmatec.ch\\\/de\\\/\",\"name\":\"Sysmatec\",\"description\":\"Equipement de laboratoire et logiciels\",\"publisher\":{\"@id\":\"https:\\\/\\\/sysmatec.ch\\\/de\\\/#organization\"},\"potentialAction\":[{\"@type\":\"SearchAction\",\"target\":{\"@type\":\"EntryPoint\",\"urlTemplate\":\"https:\\\/\\\/sysmatec.ch\\\/de\\\/?s={search_term_string}\"},\"query-input\":{\"@type\":\"PropertyValueSpecification\",\"valueRequired\":true,\"valueName\":\"search_term_string\"}}],\"inLanguage\":\"de\"},{\"@type\":\"Organization\",\"@id\":\"https:\\\/\\\/sysmatec.ch\\\/de\\\/#organization\",\"name\":\"Sysmatec\",\"url\":\"https:\\\/\\\/sysmatec.ch\\\/de\\\/\",\"logo\":{\"@type\":\"ImageObject\",\"inLanguage\":\"de\",\"@id\":\"https:\\\/\\\/sysmatec.ch\\\/de\\\/#\\\/schema\\\/logo\\\/image\\\/\",\"url\":\"https:\\\/\\\/sysmatec.ch\\\/wp-content\\\/uploads\\\/2018\\\/11\\\/LogoSysmatec.jpg\",\"contentUrl\":\"https:\\\/\\\/sysmatec.ch\\\/wp-content\\\/uploads\\\/2018\\\/11\\\/LogoSysmatec.jpg\",\"width\":301,\"height\":297,\"caption\":\"Sysmatec\"},\"image\":{\"@id\":\"https:\\\/\\\/sysmatec.ch\\\/de\\\/#\\\/schema\\\/logo\\\/image\\\/\"}}]}<\/script>\n<!-- \/ Yoast SEO plugin. -->","yoast_head_json":{"title":"Kombinierte Redox Elektrode - Sysmatec","description":"Metallelektrode aus Silber, Gold, Platin oder Antimon f\u00fcr Ionenassays, Titration und Messung des Redoxpotentials","robots":{"index":"index","follow":"follow","max-snippet":"max-snippet:-1","max-image-preview":"max-image-preview:large","max-video-preview":"max-video-preview:-1"},"canonical":"https:\/\/sysmatec.ch\/de\/produit\/kombinierte-redox-elektrode\/","og_locale":"de_DE","og_type":"article","og_title":"Kombinierte Redox Elektrode - Sysmatec","og_description":"Metallelektrode aus Silber, Gold, Platin oder Antimon f\u00fcr Ionenassays, Titration und Messung des Redoxpotentials","og_url":"https:\/\/sysmatec.ch\/de\/produit\/kombinierte-redox-elektrode\/","og_site_name":"Sysmatec","article_modified_time":"2022-01-02T08:46:59+00:00","og_image":[{"width":159,"height":45,"url":"https:\/\/sysmatec.ch\/wp-content\/uploads\/2019\/06\/Redox_HeitoBRPt1.gif","type":"image\/gif"}],"twitter_card":"summary_large_image","schema":{"@context":"https:\/\/schema.org","@graph":[{"@type":"WebPage","@id":"https:\/\/sysmatec.ch\/de\/produit\/kombinierte-redox-elektrode\/","url":"https:\/\/sysmatec.ch\/de\/produit\/kombinierte-redox-elektrode\/","name":"Kombinierte Redox Elektrode - Sysmatec","isPartOf":{"@id":"https:\/\/sysmatec.ch\/de\/#website"},"primaryImageOfPage":{"@id":"https:\/\/sysmatec.ch\/de\/produit\/kombinierte-redox-elektrode\/#primaryimage"},"image":{"@id":"https:\/\/sysmatec.ch\/de\/produit\/kombinierte-redox-elektrode\/#primaryimage"},"thumbnailUrl":"https:\/\/sysmatec.ch\/wp-content\/uploads\/2019\/06\/Redox_HeitoBRPt1.gif","datePublished":"2019-06-22T09:37:28+00:00","dateModified":"2022-01-02T08:46:59+00:00","description":"Metallelektrode aus Silber, Gold, Platin oder Antimon f\u00fcr Ionenassays, Titration und Messung des Redoxpotentials","breadcrumb":{"@id":"https:\/\/sysmatec.ch\/de\/produit\/kombinierte-redox-elektrode\/#breadcrumb"},"inLanguage":"de","potentialAction":[{"@type":"ReadAction","target":["https:\/\/sysmatec.ch\/de\/produit\/kombinierte-redox-elektrode\/"]}]},{"@type":"ImageObject","inLanguage":"de","@id":"https:\/\/sysmatec.ch\/de\/produit\/kombinierte-redox-elektrode\/#primaryimage","url":"https:\/\/sysmatec.ch\/wp-content\/uploads\/2019\/06\/Redox_HeitoBRPt1.gif","contentUrl":"https:\/\/sysmatec.ch\/wp-content\/uploads\/2019\/06\/Redox_HeitoBRPt1.gif","width":159,"height":45},{"@type":"BreadcrumbList","@id":"https:\/\/sysmatec.ch\/de\/produit\/kombinierte-redox-elektrode\/#breadcrumb","itemListElement":[{"@type":"ListItem","position":1,"name":"Accueil","item":"https:\/\/sysmatec.ch\/de\/"},{"@type":"ListItem","position":2,"name":"Die Aktivit\u00e4t von Sysmatec","item":"https:\/\/sysmatec.ch\/de\/"},{"@type":"ListItem","position":3,"name":"Kombinierte Redox Elektrode"}]},{"@type":"WebSite","@id":"https:\/\/sysmatec.ch\/de\/#website","url":"https:\/\/sysmatec.ch\/de\/","name":"Sysmatec","description":"Equipement de laboratoire et logiciels","publisher":{"@id":"https:\/\/sysmatec.ch\/de\/#organization"},"potentialAction":[{"@type":"SearchAction","target":{"@type":"EntryPoint","urlTemplate":"https:\/\/sysmatec.ch\/de\/?s={search_term_string}"},"query-input":{"@type":"PropertyValueSpecification","valueRequired":true,"valueName":"search_term_string"}}],"inLanguage":"de"},{"@type":"Organization","@id":"https:\/\/sysmatec.ch\/de\/#organization","name":"Sysmatec","url":"https:\/\/sysmatec.ch\/de\/","logo":{"@type":"ImageObject","inLanguage":"de","@id":"https:\/\/sysmatec.ch\/de\/#\/schema\/logo\/image\/","url":"https:\/\/sysmatec.ch\/wp-content\/uploads\/2018\/11\/LogoSysmatec.jpg","contentUrl":"https:\/\/sysmatec.ch\/wp-content\/uploads\/2018\/11\/LogoSysmatec.jpg","width":301,"height":297,"caption":"Sysmatec"},"image":{"@id":"https:\/\/sysmatec.ch\/de\/#\/schema\/logo\/image\/"}}]}},"_links":{"self":[{"href":"https:\/\/sysmatec.ch\/de\/wp-json\/wp\/v2\/product\/7209","targetHints":{"allow":["GET"]}}],"collection":[{"href":"https:\/\/sysmatec.ch\/de\/wp-json\/wp\/v2\/product"}],"about":[{"href":"https:\/\/sysmatec.ch\/de\/wp-json\/wp\/v2\/types\/product"}],"wp:featuredmedia":[{"embeddable":true,"href":"https:\/\/sysmatec.ch\/de\/wp-json\/wp\/v2\/media\/7207"}],"wp:attachment":[{"href":"https:\/\/sysmatec.ch\/de\/wp-json\/wp\/v2\/media?parent=7209"}],"wp:term":[{"taxonomy":"product_brand","embeddable":true,"href":"https:\/\/sysmatec.ch\/de\/wp-json\/wp\/v2\/product_brand?post=7209"},{"taxonomy":"product_cat","embeddable":true,"href":"https:\/\/sysmatec.ch\/de\/wp-json\/wp\/v2\/product_cat?post=7209"},{"taxonomy":"product_tag","embeddable":true,"href":"https:\/\/sysmatec.ch\/de\/wp-json\/wp\/v2\/product_tag?post=7209"}],"curies":[{"name":"wp","href":"https:\/\/api.w.org\/{rel}","templated":true}]}}