{"id":7194,"date":"2019-06-22T10:55:37","date_gmt":"2019-06-22T08:55:37","guid":{"rendered":"https:\/\/sysmatec.ch\/produit\/electrode-de-ph-isfet\/"},"modified":"2022-01-02T09:56:29","modified_gmt":"2022-01-02T08:56:29","slug":"isfet-ph-elektrode","status":"publish","type":"product","link":"https:\/\/sysmatec.ch\/de\/Produkt\/isfet-ph-elektrode\/","title":{"rendered":"ISFET pH Elektrode"},"content":{"rendered":"<p>ISFET Hotline CupFET pH Elektrode (SENTRON)<\/p>\n<p>F\u00fcr allgemeine Anwendungen. Auch f\u00fcr sehr kleine Volumina geeignet (Tropfen).<\/p>\n<p>ISFET Hotline ConeFET pH Elektrode (SENTRON)<\/p>\n<p>Gut geeignet f\u00fcr viskose oder klebrige L\u00f6sungen.<\/p>\n<p>ISFET Hotline SurFET pH Elektrode (SENTRON)<\/p>\n<p>ISFET pH Sensor and Referenzverbindung sind am Ende der Elektrode eingebaut, so dass man sogar auf flachen Oberfl\u00e4chen messen kann.<\/p>\n<p>ISFET Hotline LanceFET and LanceFET with Handle pH Elektrode (SENTRON)<\/p>\n<p>Dies Elektrode ist mit einer Spitze aus rostfreiem Stahl ausger\u00fcstet. Damit werden Messungen in kompakten und viskosen Stoffen durchgef\u00fchrt werden k\u00f6nnen.<\/p>\n<p>ISFET Streamline ConeFET pH Elektrode (SENTRON)<\/p>\n<p>Gut geeignet f\u00fcr viskose oder klebrige L\u00f6sungen.<\/p>\n<p>ISFET Streamline SurFET pH Elektrode (SENTRON)<\/p>\n<p>ISFET pH Sensor and Referenzverbindung sind am Ende der Elektrode eingebaut, so dass man sogar auf flachen Oberfl\u00e4chen messen kann.<\/p>\n<p>ISFET IntelliProbes pH Elektrode (SENTRON)<\/p>\n<p>Diese Elektrode liefern den gleichen Signal wie Glaselektrode, sind aber baisert auf dir ISFET Technologie. Sie k\u00f6nnen dann an gew\u00f6hnliche pH-Meter angeschlossen werden. Der Vorteil: die Elektrode sind robust, reagieren sehr schnell, k\u00f6nnen trocken gelagert werden. Sie k\u00f6nnen mit einer Zahnb\u00fcrste gereignigt werden. Die Elektronik ist in der Elektrode eingebaut. Die eingebaute Batterie liefert den Strom, h\u00e4lt mehr als 700 Std und ist einfach zu ersetzen. Die Elektrode enth\u00e4lt Funktionen wie &#8218;Selfdiagnose&#8216;, &#8218;Auto shut-off&#8216;, &#8218;low battery warning&#8216;.<\/p>\n<p>Sie k\u00f6nnen an den 2 <a href=\"https:\/\/sysmatec.ch\/German\/dD5_pH_Redox_Konduktivitaet_Messung.html\">SENTRON pH meters<\/a> angeschlossen werden.<\/p>\n","protected":false},"excerpt":{"rendered":"<p>ISFET pH Elektrode<\/p>\n","protected":false},"featured_media":7189,"template":"","meta":{"_crdt_document":""},"product_brand":[],"product_cat":[241],"product_tag":[],"class_list":{"0":"post-7194","1":"product","2":"type-product","3":"status-publish","4":"has-post-thumbnail","6":"product_cat-ph-de","8":"first","9":"instock","10":"taxable","11":"shipping-taxable","12":"product-type-simple"},"yoast_head":"<!-- This site is optimized with the Yoast SEO plugin v27.3 - https:\/\/yoast.com\/product\/yoast-seo-wordpress\/ -->\n<title>ISFET pH Elektrode - Sysmatec<\/title>\n<meta name=\"description\" content=\"ISFET pH-Elektrode f\u00fcr Sentron pH-Meter. Robuste und pr\u00e4zise pH-Sonde. Verwendbar f\u00fcr geringe Fl\u00fcssigkeitsmengen.\" \/>\n<meta name=\"robots\" content=\"index, follow, max-snippet:-1, max-image-preview:large, max-video-preview:-1\" \/>\n<link rel=\"canonical\" href=\"https:\/\/sysmatec.ch\/de\/produit\/isfet-ph-elektrode\/\" \/>\n<meta property=\"og:locale\" content=\"de_DE\" \/>\n<meta property=\"og:type\" content=\"article\" \/>\n<meta property=\"og:title\" content=\"ISFET pH Elektrode - Sysmatec\" \/>\n<meta property=\"og:description\" content=\"ISFET pH-Elektrode f\u00fcr Sentron pH-Meter. Robuste und pr\u00e4zise pH-Sonde. Verwendbar f\u00fcr geringe Fl\u00fcssigkeitsmengen.\" \/>\n<meta property=\"og:url\" content=\"https:\/\/sysmatec.ch\/de\/produit\/isfet-ph-elektrode\/\" \/>\n<meta property=\"og:site_name\" content=\"Sysmatec\" \/>\n<meta property=\"article:modified_time\" content=\"2022-01-02T08:56:29+00:00\" \/>\n<meta property=\"og:image\" content=\"https:\/\/sysmatec.ch\/wp-content\/uploads\/2019\/06\/pH_SENTRONIntelli.jpeg\" \/>\n\t<meta property=\"og:image:width\" content=\"100\" \/>\n\t<meta property=\"og:image:height\" content=\"121\" \/>\n\t<meta property=\"og:image:type\" content=\"image\/jpeg\" \/>\n<meta name=\"twitter:card\" content=\"summary_large_image\" \/>\n<meta name=\"twitter:label1\" content=\"Gesch\u00e4tzte Lesezeit\" \/>\n\t<meta name=\"twitter:data1\" content=\"2\u00a0Minuten\" \/>\n<script type=\"application\/ld+json\" class=\"yoast-schema-graph\">{\"@context\":\"https:\\\/\\\/schema.org\",\"@graph\":[{\"@type\":\"WebPage\",\"@id\":\"https:\\\/\\\/sysmatec.ch\\\/de\\\/produit\\\/isfet-ph-elektrode\\\/\",\"url\":\"https:\\\/\\\/sysmatec.ch\\\/de\\\/produit\\\/isfet-ph-elektrode\\\/\",\"name\":\"ISFET pH Elektrode - Sysmatec\",\"isPartOf\":{\"@id\":\"https:\\\/\\\/sysmatec.ch\\\/de\\\/#website\"},\"primaryImageOfPage\":{\"@id\":\"https:\\\/\\\/sysmatec.ch\\\/de\\\/produit\\\/isfet-ph-elektrode\\\/#primaryimage\"},\"image\":{\"@id\":\"https:\\\/\\\/sysmatec.ch\\\/de\\\/produit\\\/isfet-ph-elektrode\\\/#primaryimage\"},\"thumbnailUrl\":\"https:\\\/\\\/sysmatec.ch\\\/wp-content\\\/uploads\\\/2019\\\/06\\\/pH_SENTRONIntelli.jpeg\",\"datePublished\":\"2019-06-22T08:55:37+00:00\",\"dateModified\":\"2022-01-02T08:56:29+00:00\",\"description\":\"ISFET pH-Elektrode f\u00fcr Sentron pH-Meter. Robuste und pr\u00e4zise pH-Sonde. Verwendbar f\u00fcr geringe Fl\u00fcssigkeitsmengen.\",\"breadcrumb\":{\"@id\":\"https:\\\/\\\/sysmatec.ch\\\/de\\\/produit\\\/isfet-ph-elektrode\\\/#breadcrumb\"},\"inLanguage\":\"de\",\"potentialAction\":[{\"@type\":\"ReadAction\",\"target\":[\"https:\\\/\\\/sysmatec.ch\\\/de\\\/produit\\\/isfet-ph-elektrode\\\/\"]}]},{\"@type\":\"ImageObject\",\"inLanguage\":\"de\",\"@id\":\"https:\\\/\\\/sysmatec.ch\\\/de\\\/produit\\\/isfet-ph-elektrode\\\/#primaryimage\",\"url\":\"https:\\\/\\\/sysmatec.ch\\\/wp-content\\\/uploads\\\/2019\\\/06\\\/pH_SENTRONIntelli.jpeg\",\"contentUrl\":\"https:\\\/\\\/sysmatec.ch\\\/wp-content\\\/uploads\\\/2019\\\/06\\\/pH_SENTRONIntelli.jpeg\",\"width\":100,\"height\":121},{\"@type\":\"BreadcrumbList\",\"@id\":\"https:\\\/\\\/sysmatec.ch\\\/de\\\/produit\\\/isfet-ph-elektrode\\\/#breadcrumb\",\"itemListElement\":[{\"@type\":\"ListItem\",\"position\":1,\"name\":\"Accueil\",\"item\":\"https:\\\/\\\/sysmatec.ch\\\/de\\\/\"},{\"@type\":\"ListItem\",\"position\":2,\"name\":\"Die Aktivit\u00e4t von Sysmatec\",\"item\":\"https:\\\/\\\/sysmatec.ch\\\/de\\\/\"},{\"@type\":\"ListItem\",\"position\":3,\"name\":\"ISFET pH Elektrode\"}]},{\"@type\":\"WebSite\",\"@id\":\"https:\\\/\\\/sysmatec.ch\\\/de\\\/#website\",\"url\":\"https:\\\/\\\/sysmatec.ch\\\/de\\\/\",\"name\":\"Sysmatec\",\"description\":\"Equipement de laboratoire et logiciels\",\"publisher\":{\"@id\":\"https:\\\/\\\/sysmatec.ch\\\/de\\\/#organization\"},\"potentialAction\":[{\"@type\":\"SearchAction\",\"target\":{\"@type\":\"EntryPoint\",\"urlTemplate\":\"https:\\\/\\\/sysmatec.ch\\\/de\\\/?s={search_term_string}\"},\"query-input\":{\"@type\":\"PropertyValueSpecification\",\"valueRequired\":true,\"valueName\":\"search_term_string\"}}],\"inLanguage\":\"de\"},{\"@type\":\"Organization\",\"@id\":\"https:\\\/\\\/sysmatec.ch\\\/de\\\/#organization\",\"name\":\"Sysmatec\",\"url\":\"https:\\\/\\\/sysmatec.ch\\\/de\\\/\",\"logo\":{\"@type\":\"ImageObject\",\"inLanguage\":\"de\",\"@id\":\"https:\\\/\\\/sysmatec.ch\\\/de\\\/#\\\/schema\\\/logo\\\/image\\\/\",\"url\":\"https:\\\/\\\/sysmatec.ch\\\/wp-content\\\/uploads\\\/2018\\\/11\\\/LogoSysmatec.jpg\",\"contentUrl\":\"https:\\\/\\\/sysmatec.ch\\\/wp-content\\\/uploads\\\/2018\\\/11\\\/LogoSysmatec.jpg\",\"width\":301,\"height\":297,\"caption\":\"Sysmatec\"},\"image\":{\"@id\":\"https:\\\/\\\/sysmatec.ch\\\/de\\\/#\\\/schema\\\/logo\\\/image\\\/\"}}]}<\/script>\n<!-- \/ Yoast SEO plugin. -->","yoast_head_json":{"title":"ISFET pH Elektrode - Sysmatec","description":"ISFET pH-Elektrode f\u00fcr Sentron pH-Meter. Robuste und pr\u00e4zise pH-Sonde. Verwendbar f\u00fcr geringe Fl\u00fcssigkeitsmengen.","robots":{"index":"index","follow":"follow","max-snippet":"max-snippet:-1","max-image-preview":"max-image-preview:large","max-video-preview":"max-video-preview:-1"},"canonical":"https:\/\/sysmatec.ch\/de\/produit\/isfet-ph-elektrode\/","og_locale":"de_DE","og_type":"article","og_title":"ISFET pH Elektrode - Sysmatec","og_description":"ISFET pH-Elektrode f\u00fcr Sentron pH-Meter. Robuste und pr\u00e4zise pH-Sonde. Verwendbar f\u00fcr geringe Fl\u00fcssigkeitsmengen.","og_url":"https:\/\/sysmatec.ch\/de\/produit\/isfet-ph-elektrode\/","og_site_name":"Sysmatec","article_modified_time":"2022-01-02T08:56:29+00:00","og_image":[{"width":100,"height":121,"url":"https:\/\/sysmatec.ch\/wp-content\/uploads\/2019\/06\/pH_SENTRONIntelli.jpeg","type":"image\/jpeg"}],"twitter_card":"summary_large_image","twitter_misc":{"Gesch\u00e4tzte Lesezeit":"2\u00a0Minuten"},"schema":{"@context":"https:\/\/schema.org","@graph":[{"@type":"WebPage","@id":"https:\/\/sysmatec.ch\/de\/produit\/isfet-ph-elektrode\/","url":"https:\/\/sysmatec.ch\/de\/produit\/isfet-ph-elektrode\/","name":"ISFET pH Elektrode - Sysmatec","isPartOf":{"@id":"https:\/\/sysmatec.ch\/de\/#website"},"primaryImageOfPage":{"@id":"https:\/\/sysmatec.ch\/de\/produit\/isfet-ph-elektrode\/#primaryimage"},"image":{"@id":"https:\/\/sysmatec.ch\/de\/produit\/isfet-ph-elektrode\/#primaryimage"},"thumbnailUrl":"https:\/\/sysmatec.ch\/wp-content\/uploads\/2019\/06\/pH_SENTRONIntelli.jpeg","datePublished":"2019-06-22T08:55:37+00:00","dateModified":"2022-01-02T08:56:29+00:00","description":"ISFET pH-Elektrode f\u00fcr Sentron pH-Meter. Robuste und pr\u00e4zise pH-Sonde. Verwendbar f\u00fcr geringe Fl\u00fcssigkeitsmengen.","breadcrumb":{"@id":"https:\/\/sysmatec.ch\/de\/produit\/isfet-ph-elektrode\/#breadcrumb"},"inLanguage":"de","potentialAction":[{"@type":"ReadAction","target":["https:\/\/sysmatec.ch\/de\/produit\/isfet-ph-elektrode\/"]}]},{"@type":"ImageObject","inLanguage":"de","@id":"https:\/\/sysmatec.ch\/de\/produit\/isfet-ph-elektrode\/#primaryimage","url":"https:\/\/sysmatec.ch\/wp-content\/uploads\/2019\/06\/pH_SENTRONIntelli.jpeg","contentUrl":"https:\/\/sysmatec.ch\/wp-content\/uploads\/2019\/06\/pH_SENTRONIntelli.jpeg","width":100,"height":121},{"@type":"BreadcrumbList","@id":"https:\/\/sysmatec.ch\/de\/produit\/isfet-ph-elektrode\/#breadcrumb","itemListElement":[{"@type":"ListItem","position":1,"name":"Accueil","item":"https:\/\/sysmatec.ch\/de\/"},{"@type":"ListItem","position":2,"name":"Die Aktivit\u00e4t von Sysmatec","item":"https:\/\/sysmatec.ch\/de\/"},{"@type":"ListItem","position":3,"name":"ISFET pH Elektrode"}]},{"@type":"WebSite","@id":"https:\/\/sysmatec.ch\/de\/#website","url":"https:\/\/sysmatec.ch\/de\/","name":"Sysmatec","description":"Equipement de laboratoire et logiciels","publisher":{"@id":"https:\/\/sysmatec.ch\/de\/#organization"},"potentialAction":[{"@type":"SearchAction","target":{"@type":"EntryPoint","urlTemplate":"https:\/\/sysmatec.ch\/de\/?s={search_term_string}"},"query-input":{"@type":"PropertyValueSpecification","valueRequired":true,"valueName":"search_term_string"}}],"inLanguage":"de"},{"@type":"Organization","@id":"https:\/\/sysmatec.ch\/de\/#organization","name":"Sysmatec","url":"https:\/\/sysmatec.ch\/de\/","logo":{"@type":"ImageObject","inLanguage":"de","@id":"https:\/\/sysmatec.ch\/de\/#\/schema\/logo\/image\/","url":"https:\/\/sysmatec.ch\/wp-content\/uploads\/2018\/11\/LogoSysmatec.jpg","contentUrl":"https:\/\/sysmatec.ch\/wp-content\/uploads\/2018\/11\/LogoSysmatec.jpg","width":301,"height":297,"caption":"Sysmatec"},"image":{"@id":"https:\/\/sysmatec.ch\/de\/#\/schema\/logo\/image\/"}}]}},"_links":{"self":[{"href":"https:\/\/sysmatec.ch\/de\/wp-json\/wp\/v2\/product\/7194","targetHints":{"allow":["GET"]}}],"collection":[{"href":"https:\/\/sysmatec.ch\/de\/wp-json\/wp\/v2\/product"}],"about":[{"href":"https:\/\/sysmatec.ch\/de\/wp-json\/wp\/v2\/types\/product"}],"wp:featuredmedia":[{"embeddable":true,"href":"https:\/\/sysmatec.ch\/de\/wp-json\/wp\/v2\/media\/7189"}],"wp:attachment":[{"href":"https:\/\/sysmatec.ch\/de\/wp-json\/wp\/v2\/media?parent=7194"}],"wp:term":[{"taxonomy":"product_brand","embeddable":true,"href":"https:\/\/sysmatec.ch\/de\/wp-json\/wp\/v2\/product_brand?post=7194"},{"taxonomy":"product_cat","embeddable":true,"href":"https:\/\/sysmatec.ch\/de\/wp-json\/wp\/v2\/product_cat?post=7194"},{"taxonomy":"product_tag","embeddable":true,"href":"https:\/\/sysmatec.ch\/de\/wp-json\/wp\/v2\/product_tag?post=7194"}],"curies":[{"name":"wp","href":"https:\/\/api.w.org\/{rel}","templated":true}]}}