{"id":7177,"date":"2019-06-22T10:36:57","date_gmt":"2019-06-22T08:36:57","guid":{"rendered":"https:\/\/sysmatec.ch\/produit\/microelectrode-de-ph-isfet-sentron-microfet\/"},"modified":"2022-01-02T10:30:35","modified_gmt":"2022-01-02T09:30:35","slug":"isfet-mikro-ph-elektrode-sentron-microfet","status":"publish","type":"product","link":"https:\/\/sysmatec.ch\/de\/Produkt\/isfet-mikro-ph-elektrode-sentron-microfet\/","title":{"rendered":"ISFET Mikro pH Elektrode (SENTRON MicroFET)"},"content":{"rendered":"<p>Die Mikroelektrode ist aus PEEK und hat einen Durchmesser von nur 3 mm. In der Spitze befindet sich der Sensor. Diese Sonde ist dann gut geeignet um Messungen in sehr kleine Volumen oder in Mikrotitrierplatte durchzuf\u00fchren. Sie sind auch geeignet um Messungne in R\u00f6hrchen oder sogar in Fleich und K\u00e4se. Sie kann an den 2 <a href=\"https:\/\/sysmatec.ch\/German\/dD5_pH_Redox_Konduktivitaet_Messung.html\">SENTRON pH meters<\/a> angeschlossen werden.<\/p>\n<p>Minimale Fl\u00fcssigkeitstiefe: 7-8 mm.<\/p>\n<p>L\u00e4nge: 110 mm<\/p>\n<p>Kabell\u00e4nge: 1600 mm<\/p>\n","protected":false},"excerpt":{"rendered":"<p>ISFET Mikro pH Elektrode<\/p>\n","protected":false},"featured_media":7175,"template":"","meta":{"_crdt_document":""},"product_brand":[],"product_cat":[241],"product_tag":[],"class_list":{"0":"post-7177","1":"product","2":"type-product","3":"status-publish","4":"has-post-thumbnail","6":"product_cat-ph-de","8":"first","9":"instock","10":"taxable","11":"shipping-taxable","12":"product-type-simple"},"yoast_head":"<!-- This site is optimized with the Yoast SEO plugin v27.3 - https:\/\/yoast.com\/product\/yoast-seo-wordpress\/ -->\n<title>ISFET Mikro pH Elektrode (SENTRON MicroFET) - Sysmatec<\/title>\n<meta name=\"description\" content=\"ISFET pH-Sonde f\u00fcr Sentron pH-Meter. Kompakte und robuste Elektrode, die Messungen in kleinen Volumina erm\u00f6glicht.\" \/>\n<meta name=\"robots\" content=\"index, follow, max-snippet:-1, max-image-preview:large, max-video-preview:-1\" \/>\n<link rel=\"canonical\" href=\"https:\/\/sysmatec.ch\/de\/produit\/isfet-mikro-ph-elektrode-sentron-microfet\/\" \/>\n<meta property=\"og:locale\" content=\"de_DE\" \/>\n<meta property=\"og:type\" content=\"article\" \/>\n<meta property=\"og:title\" content=\"ISFET Mikro pH Elektrode (SENTRON MicroFET) - Sysmatec\" \/>\n<meta property=\"og:description\" content=\"ISFET pH-Sonde f\u00fcr Sentron pH-Meter. Kompakte und robuste Elektrode, die Messungen in kleinen Volumina erm\u00f6glicht.\" \/>\n<meta property=\"og:url\" content=\"https:\/\/sysmatec.ch\/de\/produit\/isfet-mikro-ph-elektrode-sentron-microfet\/\" \/>\n<meta property=\"og:site_name\" content=\"Sysmatec\" \/>\n<meta property=\"article:modified_time\" content=\"2022-01-02T09:30:35+00:00\" \/>\n<meta property=\"og:image\" content=\"https:\/\/sysmatec.ch\/wp-content\/uploads\/2019\/06\/pH_SENTRONMicroElectrode.jpeg\" \/>\n\t<meta property=\"og:image:width\" content=\"150\" \/>\n\t<meta property=\"og:image:height\" content=\"113\" \/>\n\t<meta property=\"og:image:type\" content=\"image\/jpeg\" \/>\n<meta name=\"twitter:card\" content=\"summary_large_image\" \/>\n<script type=\"application\/ld+json\" class=\"yoast-schema-graph\">{\"@context\":\"https:\\\/\\\/schema.org\",\"@graph\":[{\"@type\":\"WebPage\",\"@id\":\"https:\\\/\\\/sysmatec.ch\\\/de\\\/produit\\\/isfet-mikro-ph-elektrode-sentron-microfet\\\/\",\"url\":\"https:\\\/\\\/sysmatec.ch\\\/de\\\/produit\\\/isfet-mikro-ph-elektrode-sentron-microfet\\\/\",\"name\":\"ISFET Mikro pH Elektrode (SENTRON MicroFET) - Sysmatec\",\"isPartOf\":{\"@id\":\"https:\\\/\\\/sysmatec.ch\\\/de\\\/#website\"},\"primaryImageOfPage\":{\"@id\":\"https:\\\/\\\/sysmatec.ch\\\/de\\\/produit\\\/isfet-mikro-ph-elektrode-sentron-microfet\\\/#primaryimage\"},\"image\":{\"@id\":\"https:\\\/\\\/sysmatec.ch\\\/de\\\/produit\\\/isfet-mikro-ph-elektrode-sentron-microfet\\\/#primaryimage\"},\"thumbnailUrl\":\"https:\\\/\\\/sysmatec.ch\\\/wp-content\\\/uploads\\\/2019\\\/06\\\/pH_SENTRONMicroElectrode.jpeg\",\"datePublished\":\"2019-06-22T08:36:57+00:00\",\"dateModified\":\"2022-01-02T09:30:35+00:00\",\"description\":\"ISFET pH-Sonde f\u00fcr Sentron pH-Meter. Kompakte und robuste Elektrode, die Messungen in kleinen Volumina erm\u00f6glicht.\",\"breadcrumb\":{\"@id\":\"https:\\\/\\\/sysmatec.ch\\\/de\\\/produit\\\/isfet-mikro-ph-elektrode-sentron-microfet\\\/#breadcrumb\"},\"inLanguage\":\"de\",\"potentialAction\":[{\"@type\":\"ReadAction\",\"target\":[\"https:\\\/\\\/sysmatec.ch\\\/de\\\/produit\\\/isfet-mikro-ph-elektrode-sentron-microfet\\\/\"]}]},{\"@type\":\"ImageObject\",\"inLanguage\":\"de\",\"@id\":\"https:\\\/\\\/sysmatec.ch\\\/de\\\/produit\\\/isfet-mikro-ph-elektrode-sentron-microfet\\\/#primaryimage\",\"url\":\"https:\\\/\\\/sysmatec.ch\\\/wp-content\\\/uploads\\\/2019\\\/06\\\/pH_SENTRONMicroElectrode.jpeg\",\"contentUrl\":\"https:\\\/\\\/sysmatec.ch\\\/wp-content\\\/uploads\\\/2019\\\/06\\\/pH_SENTRONMicroElectrode.jpeg\",\"width\":150,\"height\":113},{\"@type\":\"BreadcrumbList\",\"@id\":\"https:\\\/\\\/sysmatec.ch\\\/de\\\/produit\\\/isfet-mikro-ph-elektrode-sentron-microfet\\\/#breadcrumb\",\"itemListElement\":[{\"@type\":\"ListItem\",\"position\":1,\"name\":\"Accueil\",\"item\":\"https:\\\/\\\/sysmatec.ch\\\/de\\\/\"},{\"@type\":\"ListItem\",\"position\":2,\"name\":\"Die Aktivit\u00e4t von Sysmatec\",\"item\":\"https:\\\/\\\/sysmatec.ch\\\/de\\\/\"},{\"@type\":\"ListItem\",\"position\":3,\"name\":\"ISFET Mikro pH Elektrode (SENTRON MicroFET)\"}]},{\"@type\":\"WebSite\",\"@id\":\"https:\\\/\\\/sysmatec.ch\\\/de\\\/#website\",\"url\":\"https:\\\/\\\/sysmatec.ch\\\/de\\\/\",\"name\":\"Sysmatec\",\"description\":\"Equipement de laboratoire et logiciels\",\"publisher\":{\"@id\":\"https:\\\/\\\/sysmatec.ch\\\/de\\\/#organization\"},\"potentialAction\":[{\"@type\":\"SearchAction\",\"target\":{\"@type\":\"EntryPoint\",\"urlTemplate\":\"https:\\\/\\\/sysmatec.ch\\\/de\\\/?s={search_term_string}\"},\"query-input\":{\"@type\":\"PropertyValueSpecification\",\"valueRequired\":true,\"valueName\":\"search_term_string\"}}],\"inLanguage\":\"de\"},{\"@type\":\"Organization\",\"@id\":\"https:\\\/\\\/sysmatec.ch\\\/de\\\/#organization\",\"name\":\"Sysmatec\",\"url\":\"https:\\\/\\\/sysmatec.ch\\\/de\\\/\",\"logo\":{\"@type\":\"ImageObject\",\"inLanguage\":\"de\",\"@id\":\"https:\\\/\\\/sysmatec.ch\\\/de\\\/#\\\/schema\\\/logo\\\/image\\\/\",\"url\":\"https:\\\/\\\/sysmatec.ch\\\/wp-content\\\/uploads\\\/2018\\\/11\\\/LogoSysmatec.jpg\",\"contentUrl\":\"https:\\\/\\\/sysmatec.ch\\\/wp-content\\\/uploads\\\/2018\\\/11\\\/LogoSysmatec.jpg\",\"width\":301,\"height\":297,\"caption\":\"Sysmatec\"},\"image\":{\"@id\":\"https:\\\/\\\/sysmatec.ch\\\/de\\\/#\\\/schema\\\/logo\\\/image\\\/\"}}]}<\/script>\n<!-- \/ Yoast SEO plugin. -->","yoast_head_json":{"title":"ISFET Mikro pH Elektrode (SENTRON MicroFET) - Sysmatec","description":"ISFET pH-Sonde f\u00fcr Sentron pH-Meter. Kompakte und robuste Elektrode, die Messungen in kleinen Volumina erm\u00f6glicht.","robots":{"index":"index","follow":"follow","max-snippet":"max-snippet:-1","max-image-preview":"max-image-preview:large","max-video-preview":"max-video-preview:-1"},"canonical":"https:\/\/sysmatec.ch\/de\/produit\/isfet-mikro-ph-elektrode-sentron-microfet\/","og_locale":"de_DE","og_type":"article","og_title":"ISFET Mikro pH Elektrode (SENTRON MicroFET) - Sysmatec","og_description":"ISFET pH-Sonde f\u00fcr Sentron pH-Meter. Kompakte und robuste Elektrode, die Messungen in kleinen Volumina erm\u00f6glicht.","og_url":"https:\/\/sysmatec.ch\/de\/produit\/isfet-mikro-ph-elektrode-sentron-microfet\/","og_site_name":"Sysmatec","article_modified_time":"2022-01-02T09:30:35+00:00","og_image":[{"width":150,"height":113,"url":"https:\/\/sysmatec.ch\/wp-content\/uploads\/2019\/06\/pH_SENTRONMicroElectrode.jpeg","type":"image\/jpeg"}],"twitter_card":"summary_large_image","schema":{"@context":"https:\/\/schema.org","@graph":[{"@type":"WebPage","@id":"https:\/\/sysmatec.ch\/de\/produit\/isfet-mikro-ph-elektrode-sentron-microfet\/","url":"https:\/\/sysmatec.ch\/de\/produit\/isfet-mikro-ph-elektrode-sentron-microfet\/","name":"ISFET Mikro pH Elektrode (SENTRON MicroFET) - Sysmatec","isPartOf":{"@id":"https:\/\/sysmatec.ch\/de\/#website"},"primaryImageOfPage":{"@id":"https:\/\/sysmatec.ch\/de\/produit\/isfet-mikro-ph-elektrode-sentron-microfet\/#primaryimage"},"image":{"@id":"https:\/\/sysmatec.ch\/de\/produit\/isfet-mikro-ph-elektrode-sentron-microfet\/#primaryimage"},"thumbnailUrl":"https:\/\/sysmatec.ch\/wp-content\/uploads\/2019\/06\/pH_SENTRONMicroElectrode.jpeg","datePublished":"2019-06-22T08:36:57+00:00","dateModified":"2022-01-02T09:30:35+00:00","description":"ISFET pH-Sonde f\u00fcr Sentron pH-Meter. Kompakte und robuste Elektrode, die Messungen in kleinen Volumina erm\u00f6glicht.","breadcrumb":{"@id":"https:\/\/sysmatec.ch\/de\/produit\/isfet-mikro-ph-elektrode-sentron-microfet\/#breadcrumb"},"inLanguage":"de","potentialAction":[{"@type":"ReadAction","target":["https:\/\/sysmatec.ch\/de\/produit\/isfet-mikro-ph-elektrode-sentron-microfet\/"]}]},{"@type":"ImageObject","inLanguage":"de","@id":"https:\/\/sysmatec.ch\/de\/produit\/isfet-mikro-ph-elektrode-sentron-microfet\/#primaryimage","url":"https:\/\/sysmatec.ch\/wp-content\/uploads\/2019\/06\/pH_SENTRONMicroElectrode.jpeg","contentUrl":"https:\/\/sysmatec.ch\/wp-content\/uploads\/2019\/06\/pH_SENTRONMicroElectrode.jpeg","width":150,"height":113},{"@type":"BreadcrumbList","@id":"https:\/\/sysmatec.ch\/de\/produit\/isfet-mikro-ph-elektrode-sentron-microfet\/#breadcrumb","itemListElement":[{"@type":"ListItem","position":1,"name":"Accueil","item":"https:\/\/sysmatec.ch\/de\/"},{"@type":"ListItem","position":2,"name":"Die Aktivit\u00e4t von Sysmatec","item":"https:\/\/sysmatec.ch\/de\/"},{"@type":"ListItem","position":3,"name":"ISFET Mikro pH Elektrode (SENTRON MicroFET)"}]},{"@type":"WebSite","@id":"https:\/\/sysmatec.ch\/de\/#website","url":"https:\/\/sysmatec.ch\/de\/","name":"Sysmatec","description":"Equipement de laboratoire et logiciels","publisher":{"@id":"https:\/\/sysmatec.ch\/de\/#organization"},"potentialAction":[{"@type":"SearchAction","target":{"@type":"EntryPoint","urlTemplate":"https:\/\/sysmatec.ch\/de\/?s={search_term_string}"},"query-input":{"@type":"PropertyValueSpecification","valueRequired":true,"valueName":"search_term_string"}}],"inLanguage":"de"},{"@type":"Organization","@id":"https:\/\/sysmatec.ch\/de\/#organization","name":"Sysmatec","url":"https:\/\/sysmatec.ch\/de\/","logo":{"@type":"ImageObject","inLanguage":"de","@id":"https:\/\/sysmatec.ch\/de\/#\/schema\/logo\/image\/","url":"https:\/\/sysmatec.ch\/wp-content\/uploads\/2018\/11\/LogoSysmatec.jpg","contentUrl":"https:\/\/sysmatec.ch\/wp-content\/uploads\/2018\/11\/LogoSysmatec.jpg","width":301,"height":297,"caption":"Sysmatec"},"image":{"@id":"https:\/\/sysmatec.ch\/de\/#\/schema\/logo\/image\/"}}]}},"_links":{"self":[{"href":"https:\/\/sysmatec.ch\/de\/wp-json\/wp\/v2\/product\/7177","targetHints":{"allow":["GET"]}}],"collection":[{"href":"https:\/\/sysmatec.ch\/de\/wp-json\/wp\/v2\/product"}],"about":[{"href":"https:\/\/sysmatec.ch\/de\/wp-json\/wp\/v2\/types\/product"}],"wp:featuredmedia":[{"embeddable":true,"href":"https:\/\/sysmatec.ch\/de\/wp-json\/wp\/v2\/media\/7175"}],"wp:attachment":[{"href":"https:\/\/sysmatec.ch\/de\/wp-json\/wp\/v2\/media?parent=7177"}],"wp:term":[{"taxonomy":"product_brand","embeddable":true,"href":"https:\/\/sysmatec.ch\/de\/wp-json\/wp\/v2\/product_brand?post=7177"},{"taxonomy":"product_cat","embeddable":true,"href":"https:\/\/sysmatec.ch\/de\/wp-json\/wp\/v2\/product_cat?post=7177"},{"taxonomy":"product_tag","embeddable":true,"href":"https:\/\/sysmatec.ch\/de\/wp-json\/wp\/v2\/product_tag?post=7177"}],"curies":[{"name":"wp","href":"https:\/\/api.w.org\/{rel}","templated":true}]}}