{"id":7038,"date":"2019-06-18T21:41:10","date_gmt":"2019-06-18T19:41:10","guid":{"rendered":"https:\/\/sysmatec.ch\/produit\/amplificateur-de-ph-et-redox-m2920\/"},"modified":"2022-01-03T11:41:01","modified_gmt":"2022-01-03T10:41:01","slug":"messverstaerker-fuer-ph-und-redox-typ-m2920","status":"publish","type":"product","link":"https:\/\/sysmatec.ch\/de\/Produkt\/messverstaerker-fuer-ph-und-redox-typ-m2920\/","title":{"rendered":"Messverst\u00e4rker f\u00fcr pH und Redox Typ M2920"},"content":{"rendered":"<ul>\n<li>Bereich: 0 bis 14 pH, -1000 bis +1000mV<\/li>\n<li>Ausgang 4 bis 20mA, 2-Daht-Technik<\/li>\n<li>Eingangsimpedanz: 1000 GOhm<\/li>\n<li>Stromspeisung: 24 V DC<\/li>\n<li>Optionen: Temperaturkompensation bis 120\u00b0C, Anschluss f\u00fcr digitale Sensoren von Mettler Toledo<\/li>\n<\/ul>\n","protected":false},"excerpt":{"rendered":"<p>Messverst\u00e4rker f\u00fcr pH und Redox<\/p>\n","protected":false},"featured_media":7036,"template":"","meta":{"_crdt_document":""},"product_brand":[],"product_cat":[241],"product_tag":[],"class_list":{"0":"post-7038","1":"product","2":"type-product","3":"status-publish","4":"has-post-thumbnail","6":"product_cat-ph-de","8":"first","9":"instock","10":"taxable","11":"shipping-taxable","12":"product-type-simple"},"yoast_head":"<!-- This site is optimized with the Yoast SEO plugin v27.4 - https:\/\/yoast.com\/product\/yoast-seo-wordpress\/ -->\n<title>Messverst\u00e4rker f\u00fcr pH und Redox Typ M2920 - Sysmatec<\/title>\n<meta name=\"description\" content=\"PH- und Redox-Potentialverst\u00e4rker mit 4-20 mA Ausgang. Optionale M\u00f6glichkeit zum Anschluss eines Temperaturf\u00fchlers.\" \/>\n<meta name=\"robots\" content=\"index, follow, max-snippet:-1, max-image-preview:large, max-video-preview:-1\" \/>\n<link rel=\"canonical\" href=\"https:\/\/sysmatec.ch\/de\/produit\/messverstaerker-fuer-ph-und-redox-typ-m2920\/\" \/>\n<meta property=\"og:locale\" content=\"de_DE\" \/>\n<meta property=\"og:type\" content=\"article\" \/>\n<meta property=\"og:title\" content=\"Messverst\u00e4rker f\u00fcr pH und Redox Typ M2920 - Sysmatec\" \/>\n<meta property=\"og:description\" content=\"PH- und Redox-Potentialverst\u00e4rker mit 4-20 mA Ausgang. Optionale M\u00f6glichkeit zum Anschluss eines Temperaturf\u00fchlers.\" \/>\n<meta property=\"og:url\" content=\"https:\/\/sysmatec.ch\/de\/produit\/messverstaerker-fuer-ph-und-redox-typ-m2920\/\" \/>\n<meta property=\"og:site_name\" content=\"Sysmatec\" \/>\n<meta property=\"article:modified_time\" content=\"2022-01-03T10:41:01+00:00\" \/>\n<meta property=\"og:image\" content=\"https:\/\/sysmatec.ch\/wp-content\/uploads\/2019\/06\/pH_MostecM2920.jpg\" \/>\n\t<meta property=\"og:image:width\" content=\"184\" \/>\n\t<meta property=\"og:image:height\" content=\"94\" \/>\n\t<meta property=\"og:image:type\" content=\"image\/jpeg\" \/>\n<meta name=\"twitter:card\" content=\"summary_large_image\" \/>\n<script type=\"application\/ld+json\" class=\"yoast-schema-graph\">{\"@context\":\"https:\\\/\\\/schema.org\",\"@graph\":[{\"@type\":\"WebPage\",\"@id\":\"https:\\\/\\\/sysmatec.ch\\\/de\\\/produit\\\/messverstaerker-fuer-ph-und-redox-typ-m2920\\\/\",\"url\":\"https:\\\/\\\/sysmatec.ch\\\/de\\\/produit\\\/messverstaerker-fuer-ph-und-redox-typ-m2920\\\/\",\"name\":\"Messverst\u00e4rker f\u00fcr pH und Redox Typ M2920 - Sysmatec\",\"isPartOf\":{\"@id\":\"https:\\\/\\\/sysmatec.ch\\\/de\\\/#website\"},\"primaryImageOfPage\":{\"@id\":\"https:\\\/\\\/sysmatec.ch\\\/de\\\/produit\\\/messverstaerker-fuer-ph-und-redox-typ-m2920\\\/#primaryimage\"},\"image\":{\"@id\":\"https:\\\/\\\/sysmatec.ch\\\/de\\\/produit\\\/messverstaerker-fuer-ph-und-redox-typ-m2920\\\/#primaryimage\"},\"thumbnailUrl\":\"https:\\\/\\\/sysmatec.ch\\\/wp-content\\\/uploads\\\/2019\\\/06\\\/pH_MostecM2920.jpg\",\"datePublished\":\"2019-06-18T19:41:10+00:00\",\"dateModified\":\"2022-01-03T10:41:01+00:00\",\"description\":\"PH- und Redox-Potentialverst\u00e4rker mit 4-20 mA Ausgang. Optionale M\u00f6glichkeit zum Anschluss eines Temperaturf\u00fchlers.\",\"breadcrumb\":{\"@id\":\"https:\\\/\\\/sysmatec.ch\\\/de\\\/produit\\\/messverstaerker-fuer-ph-und-redox-typ-m2920\\\/#breadcrumb\"},\"inLanguage\":\"de\",\"potentialAction\":[{\"@type\":\"ReadAction\",\"target\":[\"https:\\\/\\\/sysmatec.ch\\\/de\\\/produit\\\/messverstaerker-fuer-ph-und-redox-typ-m2920\\\/\"]}]},{\"@type\":\"ImageObject\",\"inLanguage\":\"de\",\"@id\":\"https:\\\/\\\/sysmatec.ch\\\/de\\\/produit\\\/messverstaerker-fuer-ph-und-redox-typ-m2920\\\/#primaryimage\",\"url\":\"https:\\\/\\\/sysmatec.ch\\\/wp-content\\\/uploads\\\/2019\\\/06\\\/pH_MostecM2920.jpg\",\"contentUrl\":\"https:\\\/\\\/sysmatec.ch\\\/wp-content\\\/uploads\\\/2019\\\/06\\\/pH_MostecM2920.jpg\",\"width\":184,\"height\":94},{\"@type\":\"BreadcrumbList\",\"@id\":\"https:\\\/\\\/sysmatec.ch\\\/de\\\/produit\\\/messverstaerker-fuer-ph-und-redox-typ-m2920\\\/#breadcrumb\",\"itemListElement\":[{\"@type\":\"ListItem\",\"position\":1,\"name\":\"Accueil\",\"item\":\"https:\\\/\\\/sysmatec.ch\\\/de\\\/\"},{\"@type\":\"ListItem\",\"position\":2,\"name\":\"Die Aktivit\u00e4t von Sysmatec\",\"item\":\"https:\\\/\\\/sysmatec.ch\\\/de\\\/\"},{\"@type\":\"ListItem\",\"position\":3,\"name\":\"Messverst\u00e4rker f\u00fcr pH und Redox Typ M2920\"}]},{\"@type\":\"WebSite\",\"@id\":\"https:\\\/\\\/sysmatec.ch\\\/de\\\/#website\",\"url\":\"https:\\\/\\\/sysmatec.ch\\\/de\\\/\",\"name\":\"Sysmatec\",\"description\":\"Equipement de laboratoire et logiciels\",\"publisher\":{\"@id\":\"https:\\\/\\\/sysmatec.ch\\\/de\\\/#organization\"},\"potentialAction\":[{\"@type\":\"SearchAction\",\"target\":{\"@type\":\"EntryPoint\",\"urlTemplate\":\"https:\\\/\\\/sysmatec.ch\\\/de\\\/?s={search_term_string}\"},\"query-input\":{\"@type\":\"PropertyValueSpecification\",\"valueRequired\":true,\"valueName\":\"search_term_string\"}}],\"inLanguage\":\"de\"},{\"@type\":\"Organization\",\"@id\":\"https:\\\/\\\/sysmatec.ch\\\/de\\\/#organization\",\"name\":\"Sysmatec\",\"url\":\"https:\\\/\\\/sysmatec.ch\\\/de\\\/\",\"logo\":{\"@type\":\"ImageObject\",\"inLanguage\":\"de\",\"@id\":\"https:\\\/\\\/sysmatec.ch\\\/de\\\/#\\\/schema\\\/logo\\\/image\\\/\",\"url\":\"https:\\\/\\\/sysmatec.ch\\\/wp-content\\\/uploads\\\/2018\\\/11\\\/LogoSysmatec.jpg\",\"contentUrl\":\"https:\\\/\\\/sysmatec.ch\\\/wp-content\\\/uploads\\\/2018\\\/11\\\/LogoSysmatec.jpg\",\"width\":301,\"height\":297,\"caption\":\"Sysmatec\"},\"image\":{\"@id\":\"https:\\\/\\\/sysmatec.ch\\\/de\\\/#\\\/schema\\\/logo\\\/image\\\/\"}}]}<\/script>\n<!-- \/ Yoast SEO plugin. -->","yoast_head_json":{"title":"Messverst\u00e4rker f\u00fcr pH und Redox Typ M2920 - Sysmatec","description":"PH- und Redox-Potentialverst\u00e4rker mit 4-20 mA Ausgang. Optionale M\u00f6glichkeit zum Anschluss eines Temperaturf\u00fchlers.","robots":{"index":"index","follow":"follow","max-snippet":"max-snippet:-1","max-image-preview":"max-image-preview:large","max-video-preview":"max-video-preview:-1"},"canonical":"https:\/\/sysmatec.ch\/de\/produit\/messverstaerker-fuer-ph-und-redox-typ-m2920\/","og_locale":"de_DE","og_type":"article","og_title":"Messverst\u00e4rker f\u00fcr pH und Redox Typ M2920 - Sysmatec","og_description":"PH- und Redox-Potentialverst\u00e4rker mit 4-20 mA Ausgang. Optionale M\u00f6glichkeit zum Anschluss eines Temperaturf\u00fchlers.","og_url":"https:\/\/sysmatec.ch\/de\/produit\/messverstaerker-fuer-ph-und-redox-typ-m2920\/","og_site_name":"Sysmatec","article_modified_time":"2022-01-03T10:41:01+00:00","og_image":[{"width":184,"height":94,"url":"https:\/\/sysmatec.ch\/wp-content\/uploads\/2019\/06\/pH_MostecM2920.jpg","type":"image\/jpeg"}],"twitter_card":"summary_large_image","schema":{"@context":"https:\/\/schema.org","@graph":[{"@type":"WebPage","@id":"https:\/\/sysmatec.ch\/de\/produit\/messverstaerker-fuer-ph-und-redox-typ-m2920\/","url":"https:\/\/sysmatec.ch\/de\/produit\/messverstaerker-fuer-ph-und-redox-typ-m2920\/","name":"Messverst\u00e4rker f\u00fcr pH und Redox Typ M2920 - Sysmatec","isPartOf":{"@id":"https:\/\/sysmatec.ch\/de\/#website"},"primaryImageOfPage":{"@id":"https:\/\/sysmatec.ch\/de\/produit\/messverstaerker-fuer-ph-und-redox-typ-m2920\/#primaryimage"},"image":{"@id":"https:\/\/sysmatec.ch\/de\/produit\/messverstaerker-fuer-ph-und-redox-typ-m2920\/#primaryimage"},"thumbnailUrl":"https:\/\/sysmatec.ch\/wp-content\/uploads\/2019\/06\/pH_MostecM2920.jpg","datePublished":"2019-06-18T19:41:10+00:00","dateModified":"2022-01-03T10:41:01+00:00","description":"PH- und Redox-Potentialverst\u00e4rker mit 4-20 mA Ausgang. Optionale M\u00f6glichkeit zum Anschluss eines Temperaturf\u00fchlers.","breadcrumb":{"@id":"https:\/\/sysmatec.ch\/de\/produit\/messverstaerker-fuer-ph-und-redox-typ-m2920\/#breadcrumb"},"inLanguage":"de","potentialAction":[{"@type":"ReadAction","target":["https:\/\/sysmatec.ch\/de\/produit\/messverstaerker-fuer-ph-und-redox-typ-m2920\/"]}]},{"@type":"ImageObject","inLanguage":"de","@id":"https:\/\/sysmatec.ch\/de\/produit\/messverstaerker-fuer-ph-und-redox-typ-m2920\/#primaryimage","url":"https:\/\/sysmatec.ch\/wp-content\/uploads\/2019\/06\/pH_MostecM2920.jpg","contentUrl":"https:\/\/sysmatec.ch\/wp-content\/uploads\/2019\/06\/pH_MostecM2920.jpg","width":184,"height":94},{"@type":"BreadcrumbList","@id":"https:\/\/sysmatec.ch\/de\/produit\/messverstaerker-fuer-ph-und-redox-typ-m2920\/#breadcrumb","itemListElement":[{"@type":"ListItem","position":1,"name":"Accueil","item":"https:\/\/sysmatec.ch\/de\/"},{"@type":"ListItem","position":2,"name":"Die Aktivit\u00e4t von Sysmatec","item":"https:\/\/sysmatec.ch\/de\/"},{"@type":"ListItem","position":3,"name":"Messverst\u00e4rker f\u00fcr pH und Redox Typ M2920"}]},{"@type":"WebSite","@id":"https:\/\/sysmatec.ch\/de\/#website","url":"https:\/\/sysmatec.ch\/de\/","name":"Sysmatec","description":"Equipement de laboratoire et logiciels","publisher":{"@id":"https:\/\/sysmatec.ch\/de\/#organization"},"potentialAction":[{"@type":"SearchAction","target":{"@type":"EntryPoint","urlTemplate":"https:\/\/sysmatec.ch\/de\/?s={search_term_string}"},"query-input":{"@type":"PropertyValueSpecification","valueRequired":true,"valueName":"search_term_string"}}],"inLanguage":"de"},{"@type":"Organization","@id":"https:\/\/sysmatec.ch\/de\/#organization","name":"Sysmatec","url":"https:\/\/sysmatec.ch\/de\/","logo":{"@type":"ImageObject","inLanguage":"de","@id":"https:\/\/sysmatec.ch\/de\/#\/schema\/logo\/image\/","url":"https:\/\/sysmatec.ch\/wp-content\/uploads\/2018\/11\/LogoSysmatec.jpg","contentUrl":"https:\/\/sysmatec.ch\/wp-content\/uploads\/2018\/11\/LogoSysmatec.jpg","width":301,"height":297,"caption":"Sysmatec"},"image":{"@id":"https:\/\/sysmatec.ch\/de\/#\/schema\/logo\/image\/"}}]}},"_links":{"self":[{"href":"https:\/\/sysmatec.ch\/de\/wp-json\/wp\/v2\/product\/7038","targetHints":{"allow":["GET"]}}],"collection":[{"href":"https:\/\/sysmatec.ch\/de\/wp-json\/wp\/v2\/product"}],"about":[{"href":"https:\/\/sysmatec.ch\/de\/wp-json\/wp\/v2\/types\/product"}],"wp:featuredmedia":[{"embeddable":true,"href":"https:\/\/sysmatec.ch\/de\/wp-json\/wp\/v2\/media\/7036"}],"wp:attachment":[{"href":"https:\/\/sysmatec.ch\/de\/wp-json\/wp\/v2\/media?parent=7038"}],"wp:term":[{"taxonomy":"product_brand","embeddable":true,"href":"https:\/\/sysmatec.ch\/de\/wp-json\/wp\/v2\/product_brand?post=7038"},{"taxonomy":"product_cat","embeddable":true,"href":"https:\/\/sysmatec.ch\/de\/wp-json\/wp\/v2\/product_cat?post=7038"},{"taxonomy":"product_tag","embeddable":true,"href":"https:\/\/sysmatec.ch\/de\/wp-json\/wp\/v2\/product_tag?post=7038"}],"curies":[{"name":"wp","href":"https:\/\/api.w.org\/{rel}","templated":true}]}}