{"id":7008,"date":"2019-06-18T20:27:18","date_gmt":"2019-06-18T18:27:18","guid":{"rendered":"https:\/\/sysmatec.ch\/produit\/pastilles-pour-mesure-du-ph-presens\/"},"modified":"2022-01-03T14:14:36","modified_gmt":"2022-01-03T13:14:36","slug":"presens-ph-sensor-spot","status":"publish","type":"product","link":"https:\/\/sysmatec.ch\/de\/Produkt\/presens-ph-sensor-spot\/","title":{"rendered":"PreSens pH Sensor Spot"},"content":{"rendered":"<p>Sie sind auf die Innenseite einer transparenten Flasche angebracht. Unterschiedliche FarbStoffe sind in einer Matrix eingebunden. Ein Detektor misst die \u00c4nderung der Fluorescenz aus dem Farbstoff in Abh\u00e4ngigkeit vom pH.<\/p>\n<p><img loading=\"lazy\" decoding=\"async\" src=\"https:\/\/sysmatec.ch\/Images\/PresensPrinciple1.jpg\" width=\"356\" height=\"180\" border=\"0\" \/><\/p>\n<p>f\u00fcr die Sch\u00fcttelmethode, R\u00f6hrchen, Petrischalen, pH-Messung ohne Kontakt<\/p>\n<h2>Vorteile des Sensor Spots<\/h2>\n<ul>\n<li>nicht invasiv<\/li>\n<li>keine Probenahme erforderlich<\/li>\n<li>Kalibrierung frei<\/li>\n<li>k\u00f6nnen durch Beta-Bestrahlung Sterilisation geliefert werden<\/li>\n<\/ul>\n<h2>Spezifikationen des Sensor Spots<\/h2>\n<ul>\n<li>pH-Bereich: 5,5 bis 8,5<\/li>\n<li>Antwortzeit: 30 s<\/li>\n<li>Genauigkeit bei pH = 7: 0,05 mit Sensor-Kalibrierung, 0,1 mit Batch-Kalibrierung<\/li>\n<li>Temperaturbereich: 5 bis 50 \u00b0 C<\/li>\n<\/ul>\n<h2>Transmitter f\u00fcr die Sensor Spot<\/h2>\n<ul>\n<li>pH-1 mini: eine genaue Einkanal-temperaturkompensierte pH-Messger\u00e4t. Es ist mit pH-Sensoren auf einem 2 mm Glasfaser Basis verwendet. Ein PC angeschlossen ist, die einfach zu bedienende Software ausgef\u00fchrt werden. An der Oberseite sind analoge Ausg\u00e4nge und einen Trigger-Eingang integriert.<\/li>\n<li>pH-4 Mini-und pH-Wert-10 mini: 4 und 10 Kan\u00e4len Version<\/li>\n<\/ul>\n","protected":false},"excerpt":{"rendered":"<p>pH Sensor Spot, optische Messung<\/p>\n","protected":false},"featured_media":6997,"template":"","meta":{"_crdt_document":""},"product_brand":[],"product_cat":[241],"product_tag":[],"class_list":{"0":"post-7008","1":"product","2":"type-product","3":"status-publish","4":"has-post-thumbnail","6":"product_cat-ph-de","8":"first","9":"instock","10":"taxable","11":"shipping-taxable","12":"product-type-simple"},"yoast_head":"<!-- This site is optimized with the Yoast SEO plugin v27.3 - https:\/\/yoast.com\/product\/yoast-seo-wordpress\/ -->\n<title>PreSens pH Sensor Spot - Sysmatec<\/title>\n<meta name=\"description\" content=\"PH-Messspot. Nicht-invasive optische Messungen erfordern die Verwendung eines speziellen Ger\u00e4ts. Bereich von 5,5 bis 8,5.\" \/>\n<meta name=\"robots\" content=\"index, follow, max-snippet:-1, max-image-preview:large, max-video-preview:-1\" \/>\n<link rel=\"canonical\" href=\"https:\/\/sysmatec.ch\/de\/produit\/presens-ph-sensor-spot\/\" \/>\n<meta property=\"og:locale\" content=\"de_DE\" \/>\n<meta property=\"og:type\" content=\"article\" \/>\n<meta property=\"og:title\" content=\"PreSens pH Sensor Spot - Sysmatec\" \/>\n<meta property=\"og:description\" content=\"PH-Messspot. Nicht-invasive optische Messungen erfordern die Verwendung eines speziellen Ger\u00e4ts. Bereich von 5,5 bis 8,5.\" \/>\n<meta property=\"og:url\" content=\"https:\/\/sysmatec.ch\/de\/produit\/presens-ph-sensor-spot\/\" \/>\n<meta property=\"og:site_name\" content=\"Sysmatec\" \/>\n<meta property=\"article:modified_time\" content=\"2022-01-03T13:14:36+00:00\" \/>\n<meta property=\"og:image\" content=\"https:\/\/sysmatec.ch\/wp-content\/uploads\/2019\/06\/pH_PresensSpot.jpg\" \/>\n\t<meta property=\"og:image:width\" content=\"174\" \/>\n\t<meta property=\"og:image:height\" content=\"104\" \/>\n\t<meta property=\"og:image:type\" content=\"image\/jpeg\" \/>\n<meta name=\"twitter:card\" content=\"summary_large_image\" \/>\n<meta name=\"twitter:label1\" content=\"Gesch\u00e4tzte Lesezeit\" \/>\n\t<meta name=\"twitter:data1\" content=\"1\u00a0Minute\" \/>\n<script type=\"application\/ld+json\" class=\"yoast-schema-graph\">{\"@context\":\"https:\\\/\\\/schema.org\",\"@graph\":[{\"@type\":\"WebPage\",\"@id\":\"https:\\\/\\\/sysmatec.ch\\\/de\\\/produit\\\/presens-ph-sensor-spot\\\/\",\"url\":\"https:\\\/\\\/sysmatec.ch\\\/de\\\/produit\\\/presens-ph-sensor-spot\\\/\",\"name\":\"PreSens pH Sensor Spot - Sysmatec\",\"isPartOf\":{\"@id\":\"https:\\\/\\\/sysmatec.ch\\\/de\\\/#website\"},\"primaryImageOfPage\":{\"@id\":\"https:\\\/\\\/sysmatec.ch\\\/de\\\/produit\\\/presens-ph-sensor-spot\\\/#primaryimage\"},\"image\":{\"@id\":\"https:\\\/\\\/sysmatec.ch\\\/de\\\/produit\\\/presens-ph-sensor-spot\\\/#primaryimage\"},\"thumbnailUrl\":\"https:\\\/\\\/sysmatec.ch\\\/wp-content\\\/uploads\\\/2019\\\/06\\\/pH_PresensSpot.jpg\",\"datePublished\":\"2019-06-18T18:27:18+00:00\",\"dateModified\":\"2022-01-03T13:14:36+00:00\",\"description\":\"PH-Messspot. Nicht-invasive optische Messungen erfordern die Verwendung eines speziellen Ger\u00e4ts. Bereich von 5,5 bis 8,5.\",\"breadcrumb\":{\"@id\":\"https:\\\/\\\/sysmatec.ch\\\/de\\\/produit\\\/presens-ph-sensor-spot\\\/#breadcrumb\"},\"inLanguage\":\"de\",\"potentialAction\":[{\"@type\":\"ReadAction\",\"target\":[\"https:\\\/\\\/sysmatec.ch\\\/de\\\/produit\\\/presens-ph-sensor-spot\\\/\"]}]},{\"@type\":\"ImageObject\",\"inLanguage\":\"de\",\"@id\":\"https:\\\/\\\/sysmatec.ch\\\/de\\\/produit\\\/presens-ph-sensor-spot\\\/#primaryimage\",\"url\":\"https:\\\/\\\/sysmatec.ch\\\/wp-content\\\/uploads\\\/2019\\\/06\\\/pH_PresensSpot.jpg\",\"contentUrl\":\"https:\\\/\\\/sysmatec.ch\\\/wp-content\\\/uploads\\\/2019\\\/06\\\/pH_PresensSpot.jpg\",\"width\":174,\"height\":104},{\"@type\":\"BreadcrumbList\",\"@id\":\"https:\\\/\\\/sysmatec.ch\\\/de\\\/produit\\\/presens-ph-sensor-spot\\\/#breadcrumb\",\"itemListElement\":[{\"@type\":\"ListItem\",\"position\":1,\"name\":\"Accueil\",\"item\":\"https:\\\/\\\/sysmatec.ch\\\/de\\\/\"},{\"@type\":\"ListItem\",\"position\":2,\"name\":\"Die Aktivit\u00e4t von Sysmatec\",\"item\":\"https:\\\/\\\/sysmatec.ch\\\/de\\\/\"},{\"@type\":\"ListItem\",\"position\":3,\"name\":\"PreSens pH Sensor Spot\"}]},{\"@type\":\"WebSite\",\"@id\":\"https:\\\/\\\/sysmatec.ch\\\/de\\\/#website\",\"url\":\"https:\\\/\\\/sysmatec.ch\\\/de\\\/\",\"name\":\"Sysmatec\",\"description\":\"Equipement de laboratoire et logiciels\",\"publisher\":{\"@id\":\"https:\\\/\\\/sysmatec.ch\\\/de\\\/#organization\"},\"potentialAction\":[{\"@type\":\"SearchAction\",\"target\":{\"@type\":\"EntryPoint\",\"urlTemplate\":\"https:\\\/\\\/sysmatec.ch\\\/de\\\/?s={search_term_string}\"},\"query-input\":{\"@type\":\"PropertyValueSpecification\",\"valueRequired\":true,\"valueName\":\"search_term_string\"}}],\"inLanguage\":\"de\"},{\"@type\":\"Organization\",\"@id\":\"https:\\\/\\\/sysmatec.ch\\\/de\\\/#organization\",\"name\":\"Sysmatec\",\"url\":\"https:\\\/\\\/sysmatec.ch\\\/de\\\/\",\"logo\":{\"@type\":\"ImageObject\",\"inLanguage\":\"de\",\"@id\":\"https:\\\/\\\/sysmatec.ch\\\/de\\\/#\\\/schema\\\/logo\\\/image\\\/\",\"url\":\"https:\\\/\\\/sysmatec.ch\\\/wp-content\\\/uploads\\\/2018\\\/11\\\/LogoSysmatec.jpg\",\"contentUrl\":\"https:\\\/\\\/sysmatec.ch\\\/wp-content\\\/uploads\\\/2018\\\/11\\\/LogoSysmatec.jpg\",\"width\":301,\"height\":297,\"caption\":\"Sysmatec\"},\"image\":{\"@id\":\"https:\\\/\\\/sysmatec.ch\\\/de\\\/#\\\/schema\\\/logo\\\/image\\\/\"}}]}<\/script>\n<!-- \/ Yoast SEO plugin. -->","yoast_head_json":{"title":"PreSens pH Sensor Spot - Sysmatec","description":"PH-Messspot. Nicht-invasive optische Messungen erfordern die Verwendung eines speziellen Ger\u00e4ts. Bereich von 5,5 bis 8,5.","robots":{"index":"index","follow":"follow","max-snippet":"max-snippet:-1","max-image-preview":"max-image-preview:large","max-video-preview":"max-video-preview:-1"},"canonical":"https:\/\/sysmatec.ch\/de\/produit\/presens-ph-sensor-spot\/","og_locale":"de_DE","og_type":"article","og_title":"PreSens pH Sensor Spot - Sysmatec","og_description":"PH-Messspot. Nicht-invasive optische Messungen erfordern die Verwendung eines speziellen Ger\u00e4ts. Bereich von 5,5 bis 8,5.","og_url":"https:\/\/sysmatec.ch\/de\/produit\/presens-ph-sensor-spot\/","og_site_name":"Sysmatec","article_modified_time":"2022-01-03T13:14:36+00:00","og_image":[{"width":174,"height":104,"url":"https:\/\/sysmatec.ch\/wp-content\/uploads\/2019\/06\/pH_PresensSpot.jpg","type":"image\/jpeg"}],"twitter_card":"summary_large_image","twitter_misc":{"Gesch\u00e4tzte Lesezeit":"1\u00a0Minute"},"schema":{"@context":"https:\/\/schema.org","@graph":[{"@type":"WebPage","@id":"https:\/\/sysmatec.ch\/de\/produit\/presens-ph-sensor-spot\/","url":"https:\/\/sysmatec.ch\/de\/produit\/presens-ph-sensor-spot\/","name":"PreSens pH Sensor Spot - Sysmatec","isPartOf":{"@id":"https:\/\/sysmatec.ch\/de\/#website"},"primaryImageOfPage":{"@id":"https:\/\/sysmatec.ch\/de\/produit\/presens-ph-sensor-spot\/#primaryimage"},"image":{"@id":"https:\/\/sysmatec.ch\/de\/produit\/presens-ph-sensor-spot\/#primaryimage"},"thumbnailUrl":"https:\/\/sysmatec.ch\/wp-content\/uploads\/2019\/06\/pH_PresensSpot.jpg","datePublished":"2019-06-18T18:27:18+00:00","dateModified":"2022-01-03T13:14:36+00:00","description":"PH-Messspot. Nicht-invasive optische Messungen erfordern die Verwendung eines speziellen Ger\u00e4ts. Bereich von 5,5 bis 8,5.","breadcrumb":{"@id":"https:\/\/sysmatec.ch\/de\/produit\/presens-ph-sensor-spot\/#breadcrumb"},"inLanguage":"de","potentialAction":[{"@type":"ReadAction","target":["https:\/\/sysmatec.ch\/de\/produit\/presens-ph-sensor-spot\/"]}]},{"@type":"ImageObject","inLanguage":"de","@id":"https:\/\/sysmatec.ch\/de\/produit\/presens-ph-sensor-spot\/#primaryimage","url":"https:\/\/sysmatec.ch\/wp-content\/uploads\/2019\/06\/pH_PresensSpot.jpg","contentUrl":"https:\/\/sysmatec.ch\/wp-content\/uploads\/2019\/06\/pH_PresensSpot.jpg","width":174,"height":104},{"@type":"BreadcrumbList","@id":"https:\/\/sysmatec.ch\/de\/produit\/presens-ph-sensor-spot\/#breadcrumb","itemListElement":[{"@type":"ListItem","position":1,"name":"Accueil","item":"https:\/\/sysmatec.ch\/de\/"},{"@type":"ListItem","position":2,"name":"Die Aktivit\u00e4t von Sysmatec","item":"https:\/\/sysmatec.ch\/de\/"},{"@type":"ListItem","position":3,"name":"PreSens pH Sensor Spot"}]},{"@type":"WebSite","@id":"https:\/\/sysmatec.ch\/de\/#website","url":"https:\/\/sysmatec.ch\/de\/","name":"Sysmatec","description":"Equipement de laboratoire et logiciels","publisher":{"@id":"https:\/\/sysmatec.ch\/de\/#organization"},"potentialAction":[{"@type":"SearchAction","target":{"@type":"EntryPoint","urlTemplate":"https:\/\/sysmatec.ch\/de\/?s={search_term_string}"},"query-input":{"@type":"PropertyValueSpecification","valueRequired":true,"valueName":"search_term_string"}}],"inLanguage":"de"},{"@type":"Organization","@id":"https:\/\/sysmatec.ch\/de\/#organization","name":"Sysmatec","url":"https:\/\/sysmatec.ch\/de\/","logo":{"@type":"ImageObject","inLanguage":"de","@id":"https:\/\/sysmatec.ch\/de\/#\/schema\/logo\/image\/","url":"https:\/\/sysmatec.ch\/wp-content\/uploads\/2018\/11\/LogoSysmatec.jpg","contentUrl":"https:\/\/sysmatec.ch\/wp-content\/uploads\/2018\/11\/LogoSysmatec.jpg","width":301,"height":297,"caption":"Sysmatec"},"image":{"@id":"https:\/\/sysmatec.ch\/de\/#\/schema\/logo\/image\/"}}]}},"_links":{"self":[{"href":"https:\/\/sysmatec.ch\/de\/wp-json\/wp\/v2\/product\/7008","targetHints":{"allow":["GET"]}}],"collection":[{"href":"https:\/\/sysmatec.ch\/de\/wp-json\/wp\/v2\/product"}],"about":[{"href":"https:\/\/sysmatec.ch\/de\/wp-json\/wp\/v2\/types\/product"}],"wp:featuredmedia":[{"embeddable":true,"href":"https:\/\/sysmatec.ch\/de\/wp-json\/wp\/v2\/media\/6997"}],"wp:attachment":[{"href":"https:\/\/sysmatec.ch\/de\/wp-json\/wp\/v2\/media?parent=7008"}],"wp:term":[{"taxonomy":"product_brand","embeddable":true,"href":"https:\/\/sysmatec.ch\/de\/wp-json\/wp\/v2\/product_brand?post=7008"},{"taxonomy":"product_cat","embeddable":true,"href":"https:\/\/sysmatec.ch\/de\/wp-json\/wp\/v2\/product_cat?post=7008"},{"taxonomy":"product_tag","embeddable":true,"href":"https:\/\/sysmatec.ch\/de\/wp-json\/wp\/v2\/product_tag?post=7008"}],"curies":[{"name":"wp","href":"https:\/\/api.w.org\/{rel}","templated":true}]}}