{"id":6989,"date":"2019-06-18T19:16:13","date_gmt":"2019-06-18T17:16:13","guid":{"rendered":"https:\/\/sysmatec.ch\/produit\/ph-metre-et-regulateur-de-ph-protos-3400\/"},"modified":"2022-01-03T14:32:04","modified_gmt":"2022-01-03T13:32:04","slug":"ph-meter-und-ph-regler-protos-3400","status":"publish","type":"product","link":"https:\/\/sysmatec.ch\/de\/Produkt\/ph-meter-und-ph-regler-protos-3400\/","title":{"rendered":"pH-Meter und pH-Regler Protos 3400"},"content":{"rendered":"<p>Modulares Hard- und Software-Konzept f\u00fcr die Fl\u00fcssigkeitsanalyse in praxisgerechten Geh\u00e4useausf\u00fchrungen<\/p>\n<p>Protos 3400 S, dichtes Edelstahlgeh\u00e4use mit hygienischem Design<\/p>\n<p>Protos 3400 C, robustes, korrosionsfest beschichtetes Stahlgeh\u00e4us<\/p>\n<p>Stromversorgung: 20 bis 265 V AC \/ DC<\/p>\n<p>SMARTMEDIA-Karte zum Speichern und \u00dcbertragen von Parametereinstellungen, Software-Updates und Messdaten<\/p>\n<p>2 Stromausg\u00e4nge und 4 Relaiskontakte im Grundmodell<\/p>\n<p>Explosionsschutz: II 2(1) GD Ex me ib [ia] IIC T4 T 70 \u00b0C<\/p>\n<p>Recorder-Funktion<\/p>\n<h2>Verf\u00fcgbare Module<\/h2>\n<ul>\n<li type=\"disc\">pH-Messeinheit mit Datenspeicherung<\/li>\n<li type=\"disc\">Leitf\u00e4higkeit-Messeinheit f\u00fcr 2 oder 4 Elektroden-Sensoren, mit Datenspeicherung<\/li>\n<li type=\"disc\">Sauerstoff-Messeinheit<\/li>\n<li type=\"disc\">Modul mit 4 frei definierbaren Relaisausg\u00e4nge und 2 passive analoge Ausg\u00e4nge<\/li>\n<li type=\"disc\">Kommunikationsmodul f\u00fcr Profibus oder Foundation Fieldbus<\/li>\n<li type=\"disc\">PID-Regler-Einheit<\/li>\n<li type=\"disc\">Modul f\u00fcr Memosens\u00ae Sensoren<\/li>\n<\/ul>\n","protected":false},"excerpt":{"rendered":"<p>pH-Meter und pH-Regler<\/p>\n","protected":false},"featured_media":6984,"template":"","meta":{"_crdt_document":""},"product_brand":[],"product_cat":[241],"product_tag":[],"class_list":{"0":"post-6989","1":"product","2":"type-product","3":"status-publish","4":"has-post-thumbnail","6":"product_cat-ph-de","8":"first","9":"instock","10":"taxable","11":"shipping-taxable","12":"product-type-simple"},"yoast_head":"<!-- This site is optimized with the Yoast SEO plugin v27.4 - https:\/\/yoast.com\/product\/yoast-seo-wordpress\/ -->\n<title>pH-Meter und pH-Regler Protos 3400 - Sysmatec<\/title>\n<meta name=\"description\" content=\"Erweiterbares pH-Meter mit verschiedenen optionalen Modulen wie pH-Regler, Leitf\u00e4higkeitsmessung.\" \/>\n<meta name=\"robots\" content=\"index, follow, max-snippet:-1, max-image-preview:large, max-video-preview:-1\" \/>\n<link rel=\"canonical\" href=\"https:\/\/sysmatec.ch\/de\/produit\/ph-meter-und-ph-regler-protos-3400\/\" \/>\n<meta property=\"og:locale\" content=\"de_DE\" \/>\n<meta property=\"og:type\" content=\"article\" \/>\n<meta property=\"og:title\" content=\"pH-Meter und pH-Regler Protos 3400 - Sysmatec\" \/>\n<meta property=\"og:description\" content=\"Erweiterbares pH-Meter mit verschiedenen optionalen Modulen wie pH-Regler, Leitf\u00e4higkeitsmessung.\" \/>\n<meta property=\"og:url\" content=\"https:\/\/sysmatec.ch\/de\/produit\/ph-meter-und-ph-regler-protos-3400\/\" \/>\n<meta property=\"og:site_name\" content=\"Sysmatec\" \/>\n<meta property=\"article:modified_time\" content=\"2022-01-03T13:32:04+00:00\" \/>\n<meta property=\"og:image\" content=\"https:\/\/sysmatec.ch\/wp-content\/uploads\/2019\/06\/pH_KnickProtos1.jpg\" \/>\n\t<meta property=\"og:image:width\" content=\"178\" \/>\n\t<meta property=\"og:image:height\" content=\"183\" \/>\n\t<meta property=\"og:image:type\" content=\"image\/jpeg\" \/>\n<meta name=\"twitter:card\" content=\"summary_large_image\" \/>\n<meta name=\"twitter:label1\" content=\"Gesch\u00e4tzte Lesezeit\" \/>\n\t<meta name=\"twitter:data1\" content=\"1\u00a0Minute\" \/>\n<script type=\"application\/ld+json\" class=\"yoast-schema-graph\">{\"@context\":\"https:\\\/\\\/schema.org\",\"@graph\":[{\"@type\":\"WebPage\",\"@id\":\"https:\\\/\\\/sysmatec.ch\\\/de\\\/produit\\\/ph-meter-und-ph-regler-protos-3400\\\/\",\"url\":\"https:\\\/\\\/sysmatec.ch\\\/de\\\/produit\\\/ph-meter-und-ph-regler-protos-3400\\\/\",\"name\":\"pH-Meter und pH-Regler Protos 3400 - Sysmatec\",\"isPartOf\":{\"@id\":\"https:\\\/\\\/sysmatec.ch\\\/de\\\/#website\"},\"primaryImageOfPage\":{\"@id\":\"https:\\\/\\\/sysmatec.ch\\\/de\\\/produit\\\/ph-meter-und-ph-regler-protos-3400\\\/#primaryimage\"},\"image\":{\"@id\":\"https:\\\/\\\/sysmatec.ch\\\/de\\\/produit\\\/ph-meter-und-ph-regler-protos-3400\\\/#primaryimage\"},\"thumbnailUrl\":\"https:\\\/\\\/sysmatec.ch\\\/wp-content\\\/uploads\\\/2019\\\/06\\\/pH_KnickProtos1.jpg\",\"datePublished\":\"2019-06-18T17:16:13+00:00\",\"dateModified\":\"2022-01-03T13:32:04+00:00\",\"description\":\"Erweiterbares pH-Meter mit verschiedenen optionalen Modulen wie pH-Regler, Leitf\u00e4higkeitsmessung.\",\"breadcrumb\":{\"@id\":\"https:\\\/\\\/sysmatec.ch\\\/de\\\/produit\\\/ph-meter-und-ph-regler-protos-3400\\\/#breadcrumb\"},\"inLanguage\":\"de\",\"potentialAction\":[{\"@type\":\"ReadAction\",\"target\":[\"https:\\\/\\\/sysmatec.ch\\\/de\\\/produit\\\/ph-meter-und-ph-regler-protos-3400\\\/\"]}]},{\"@type\":\"ImageObject\",\"inLanguage\":\"de\",\"@id\":\"https:\\\/\\\/sysmatec.ch\\\/de\\\/produit\\\/ph-meter-und-ph-regler-protos-3400\\\/#primaryimage\",\"url\":\"https:\\\/\\\/sysmatec.ch\\\/wp-content\\\/uploads\\\/2019\\\/06\\\/pH_KnickProtos1.jpg\",\"contentUrl\":\"https:\\\/\\\/sysmatec.ch\\\/wp-content\\\/uploads\\\/2019\\\/06\\\/pH_KnickProtos1.jpg\",\"width\":178,\"height\":183},{\"@type\":\"BreadcrumbList\",\"@id\":\"https:\\\/\\\/sysmatec.ch\\\/de\\\/produit\\\/ph-meter-und-ph-regler-protos-3400\\\/#breadcrumb\",\"itemListElement\":[{\"@type\":\"ListItem\",\"position\":1,\"name\":\"Accueil\",\"item\":\"https:\\\/\\\/sysmatec.ch\\\/de\\\/\"},{\"@type\":\"ListItem\",\"position\":2,\"name\":\"Die Aktivit\u00e4t von Sysmatec\",\"item\":\"https:\\\/\\\/sysmatec.ch\\\/de\\\/\"},{\"@type\":\"ListItem\",\"position\":3,\"name\":\"pH-Meter und pH-Regler Protos 3400\"}]},{\"@type\":\"WebSite\",\"@id\":\"https:\\\/\\\/sysmatec.ch\\\/de\\\/#website\",\"url\":\"https:\\\/\\\/sysmatec.ch\\\/de\\\/\",\"name\":\"Sysmatec\",\"description\":\"Equipement de laboratoire et logiciels\",\"publisher\":{\"@id\":\"https:\\\/\\\/sysmatec.ch\\\/de\\\/#organization\"},\"potentialAction\":[{\"@type\":\"SearchAction\",\"target\":{\"@type\":\"EntryPoint\",\"urlTemplate\":\"https:\\\/\\\/sysmatec.ch\\\/de\\\/?s={search_term_string}\"},\"query-input\":{\"@type\":\"PropertyValueSpecification\",\"valueRequired\":true,\"valueName\":\"search_term_string\"}}],\"inLanguage\":\"de\"},{\"@type\":\"Organization\",\"@id\":\"https:\\\/\\\/sysmatec.ch\\\/de\\\/#organization\",\"name\":\"Sysmatec\",\"url\":\"https:\\\/\\\/sysmatec.ch\\\/de\\\/\",\"logo\":{\"@type\":\"ImageObject\",\"inLanguage\":\"de\",\"@id\":\"https:\\\/\\\/sysmatec.ch\\\/de\\\/#\\\/schema\\\/logo\\\/image\\\/\",\"url\":\"https:\\\/\\\/sysmatec.ch\\\/wp-content\\\/uploads\\\/2018\\\/11\\\/LogoSysmatec.jpg\",\"contentUrl\":\"https:\\\/\\\/sysmatec.ch\\\/wp-content\\\/uploads\\\/2018\\\/11\\\/LogoSysmatec.jpg\",\"width\":301,\"height\":297,\"caption\":\"Sysmatec\"},\"image\":{\"@id\":\"https:\\\/\\\/sysmatec.ch\\\/de\\\/#\\\/schema\\\/logo\\\/image\\\/\"}}]}<\/script>\n<!-- \/ Yoast SEO plugin. -->","yoast_head_json":{"title":"pH-Meter und pH-Regler Protos 3400 - Sysmatec","description":"Erweiterbares pH-Meter mit verschiedenen optionalen Modulen wie pH-Regler, Leitf\u00e4higkeitsmessung.","robots":{"index":"index","follow":"follow","max-snippet":"max-snippet:-1","max-image-preview":"max-image-preview:large","max-video-preview":"max-video-preview:-1"},"canonical":"https:\/\/sysmatec.ch\/de\/produit\/ph-meter-und-ph-regler-protos-3400\/","og_locale":"de_DE","og_type":"article","og_title":"pH-Meter und pH-Regler Protos 3400 - Sysmatec","og_description":"Erweiterbares pH-Meter mit verschiedenen optionalen Modulen wie pH-Regler, Leitf\u00e4higkeitsmessung.","og_url":"https:\/\/sysmatec.ch\/de\/produit\/ph-meter-und-ph-regler-protos-3400\/","og_site_name":"Sysmatec","article_modified_time":"2022-01-03T13:32:04+00:00","og_image":[{"width":178,"height":183,"url":"https:\/\/sysmatec.ch\/wp-content\/uploads\/2019\/06\/pH_KnickProtos1.jpg","type":"image\/jpeg"}],"twitter_card":"summary_large_image","twitter_misc":{"Gesch\u00e4tzte Lesezeit":"1\u00a0Minute"},"schema":{"@context":"https:\/\/schema.org","@graph":[{"@type":"WebPage","@id":"https:\/\/sysmatec.ch\/de\/produit\/ph-meter-und-ph-regler-protos-3400\/","url":"https:\/\/sysmatec.ch\/de\/produit\/ph-meter-und-ph-regler-protos-3400\/","name":"pH-Meter und pH-Regler Protos 3400 - Sysmatec","isPartOf":{"@id":"https:\/\/sysmatec.ch\/de\/#website"},"primaryImageOfPage":{"@id":"https:\/\/sysmatec.ch\/de\/produit\/ph-meter-und-ph-regler-protos-3400\/#primaryimage"},"image":{"@id":"https:\/\/sysmatec.ch\/de\/produit\/ph-meter-und-ph-regler-protos-3400\/#primaryimage"},"thumbnailUrl":"https:\/\/sysmatec.ch\/wp-content\/uploads\/2019\/06\/pH_KnickProtos1.jpg","datePublished":"2019-06-18T17:16:13+00:00","dateModified":"2022-01-03T13:32:04+00:00","description":"Erweiterbares pH-Meter mit verschiedenen optionalen Modulen wie pH-Regler, Leitf\u00e4higkeitsmessung.","breadcrumb":{"@id":"https:\/\/sysmatec.ch\/de\/produit\/ph-meter-und-ph-regler-protos-3400\/#breadcrumb"},"inLanguage":"de","potentialAction":[{"@type":"ReadAction","target":["https:\/\/sysmatec.ch\/de\/produit\/ph-meter-und-ph-regler-protos-3400\/"]}]},{"@type":"ImageObject","inLanguage":"de","@id":"https:\/\/sysmatec.ch\/de\/produit\/ph-meter-und-ph-regler-protos-3400\/#primaryimage","url":"https:\/\/sysmatec.ch\/wp-content\/uploads\/2019\/06\/pH_KnickProtos1.jpg","contentUrl":"https:\/\/sysmatec.ch\/wp-content\/uploads\/2019\/06\/pH_KnickProtos1.jpg","width":178,"height":183},{"@type":"BreadcrumbList","@id":"https:\/\/sysmatec.ch\/de\/produit\/ph-meter-und-ph-regler-protos-3400\/#breadcrumb","itemListElement":[{"@type":"ListItem","position":1,"name":"Accueil","item":"https:\/\/sysmatec.ch\/de\/"},{"@type":"ListItem","position":2,"name":"Die Aktivit\u00e4t von Sysmatec","item":"https:\/\/sysmatec.ch\/de\/"},{"@type":"ListItem","position":3,"name":"pH-Meter und pH-Regler Protos 3400"}]},{"@type":"WebSite","@id":"https:\/\/sysmatec.ch\/de\/#website","url":"https:\/\/sysmatec.ch\/de\/","name":"Sysmatec","description":"Equipement de laboratoire et logiciels","publisher":{"@id":"https:\/\/sysmatec.ch\/de\/#organization"},"potentialAction":[{"@type":"SearchAction","target":{"@type":"EntryPoint","urlTemplate":"https:\/\/sysmatec.ch\/de\/?s={search_term_string}"},"query-input":{"@type":"PropertyValueSpecification","valueRequired":true,"valueName":"search_term_string"}}],"inLanguage":"de"},{"@type":"Organization","@id":"https:\/\/sysmatec.ch\/de\/#organization","name":"Sysmatec","url":"https:\/\/sysmatec.ch\/de\/","logo":{"@type":"ImageObject","inLanguage":"de","@id":"https:\/\/sysmatec.ch\/de\/#\/schema\/logo\/image\/","url":"https:\/\/sysmatec.ch\/wp-content\/uploads\/2018\/11\/LogoSysmatec.jpg","contentUrl":"https:\/\/sysmatec.ch\/wp-content\/uploads\/2018\/11\/LogoSysmatec.jpg","width":301,"height":297,"caption":"Sysmatec"},"image":{"@id":"https:\/\/sysmatec.ch\/de\/#\/schema\/logo\/image\/"}}]}},"_links":{"self":[{"href":"https:\/\/sysmatec.ch\/de\/wp-json\/wp\/v2\/product\/6989","targetHints":{"allow":["GET"]}}],"collection":[{"href":"https:\/\/sysmatec.ch\/de\/wp-json\/wp\/v2\/product"}],"about":[{"href":"https:\/\/sysmatec.ch\/de\/wp-json\/wp\/v2\/types\/product"}],"wp:featuredmedia":[{"embeddable":true,"href":"https:\/\/sysmatec.ch\/de\/wp-json\/wp\/v2\/media\/6984"}],"wp:attachment":[{"href":"https:\/\/sysmatec.ch\/de\/wp-json\/wp\/v2\/media?parent=6989"}],"wp:term":[{"taxonomy":"product_brand","embeddable":true,"href":"https:\/\/sysmatec.ch\/de\/wp-json\/wp\/v2\/product_brand?post=6989"},{"taxonomy":"product_cat","embeddable":true,"href":"https:\/\/sysmatec.ch\/de\/wp-json\/wp\/v2\/product_cat?post=6989"},{"taxonomy":"product_tag","embeddable":true,"href":"https:\/\/sysmatec.ch\/de\/wp-json\/wp\/v2\/product_tag?post=6989"}],"curies":[{"name":"wp","href":"https:\/\/api.w.org\/{rel}","templated":true}]}}