{"id":6986,"date":"2019-06-18T19:04:33","date_gmt":"2019-06-18T17:04:33","guid":{"rendered":"https:\/\/sysmatec.ch\/produit\/ph-metre-knick-portavo-907\/"},"modified":"2022-01-03T15:56:05","modified_gmt":"2022-01-03T14:56:05","slug":"knick-portavo-907-ph-meter","status":"publish","type":"product","link":"https:\/\/sysmatec.ch\/de\/Produkt\/knick-portavo-907-ph-meter\/","title":{"rendered":"Knick Portavo 907 pH Meter"},"content":{"rendered":"<h2>pH Meter Beschreibung<\/h2>\n<ul>\n<li>Multiparameter tragbaren Messger\u00e4t mit zus\u00e4tzlichen analogen pH-Messung F\u00e4higkeit.<\/li>\n<li>F\u00fcr alle digitalen Memosens pH, Leitf\u00e4higkeit und Sauerstoff-Sensoren (galvanische und optische Verfahren) und f\u00fcr analoge pH-Elektroden geeignet.<\/li>\n<li>Hochaufl\u00f6sende Farb-Grafikdisplay.<\/li>\n<li>Li-Ionen-Akku.<\/li>\n<li>Micro USB-Anschluss und Paraly SW 112 Software.<\/li>\n<li>Ein Sensork\u00f6cher sch\u00fctzt den Sensor vor Besch\u00e4digung und Austrocknung.<\/li>\n<li>Intelligente Datenlogger mit 10 000 Eintr\u00e4gen und grafische Darstellung.<\/li>\n<li>Memosens Sensoren und analogen pH-Sensoren k\u00f6nnen auf einem Ger\u00e4t (zB Flachbild-Membran-Sensoren) verwendet werden.<\/li>\n<li>IP 67 \/ IP 66 Schutz<\/li>\n<\/ul>\n","protected":false},"excerpt":{"rendered":"<p>Tragbares pH-Meter<\/p>\n","protected":false},"featured_media":6981,"template":"","meta":{"_crdt_document":""},"product_brand":[],"product_cat":[241],"product_tag":[],"class_list":{"0":"post-6986","1":"product","2":"type-product","3":"status-publish","4":"has-post-thumbnail","6":"product_cat-ph-de","8":"first","9":"instock","10":"taxable","11":"shipping-taxable","12":"product-type-simple"},"yoast_head":"<!-- This site is optimized with the Yoast SEO plugin v27.3 - https:\/\/yoast.com\/product\/yoast-seo-wordpress\/ -->\n<title>Knick Portavo 907 pH Meter - Sysmatec<\/title>\n<meta name=\"description\" content=\"Tragbares pH-Meter. Es k\u00f6nnen klassische Glassonden oder digitale Sonden mit Memosens-Anschluss verwendet werden. Er kann auch O2- und Leitf\u00e4higkeitssensoren verwenden.\" \/>\n<meta name=\"robots\" content=\"index, follow, max-snippet:-1, max-image-preview:large, max-video-preview:-1\" \/>\n<link rel=\"canonical\" href=\"https:\/\/sysmatec.ch\/de\/produit\/knick-portavo-907-ph-meter\/\" \/>\n<meta property=\"og:locale\" content=\"de_DE\" \/>\n<meta property=\"og:type\" content=\"article\" \/>\n<meta property=\"og:title\" content=\"Knick Portavo 907 pH Meter - Sysmatec\" \/>\n<meta property=\"og:description\" content=\"Tragbares pH-Meter. Es k\u00f6nnen klassische Glassonden oder digitale Sonden mit Memosens-Anschluss verwendet werden. Er kann auch O2- und Leitf\u00e4higkeitssensoren verwenden.\" \/>\n<meta property=\"og:url\" content=\"https:\/\/sysmatec.ch\/de\/produit\/knick-portavo-907-ph-meter\/\" \/>\n<meta property=\"og:site_name\" content=\"Sysmatec\" \/>\n<meta property=\"article:modified_time\" content=\"2022-01-03T14:56:05+00:00\" \/>\n<meta property=\"og:image\" content=\"https:\/\/sysmatec.ch\/wp-content\/uploads\/2019\/06\/pH_KnickPortavo1.jpg\" \/>\n\t<meta property=\"og:image:width\" content=\"190\" \/>\n\t<meta property=\"og:image:height\" content=\"242\" \/>\n\t<meta property=\"og:image:type\" content=\"image\/jpeg\" \/>\n<meta name=\"twitter:card\" content=\"summary_large_image\" \/>\n<meta name=\"twitter:label1\" content=\"Gesch\u00e4tzte Lesezeit\" \/>\n\t<meta name=\"twitter:data1\" content=\"1\u00a0Minute\" \/>\n<script type=\"application\/ld+json\" class=\"yoast-schema-graph\">{\"@context\":\"https:\\\/\\\/schema.org\",\"@graph\":[{\"@type\":\"WebPage\",\"@id\":\"https:\\\/\\\/sysmatec.ch\\\/de\\\/produit\\\/knick-portavo-907-ph-meter\\\/\",\"url\":\"https:\\\/\\\/sysmatec.ch\\\/de\\\/produit\\\/knick-portavo-907-ph-meter\\\/\",\"name\":\"Knick Portavo 907 pH Meter - Sysmatec\",\"isPartOf\":{\"@id\":\"https:\\\/\\\/sysmatec.ch\\\/de\\\/#website\"},\"primaryImageOfPage\":{\"@id\":\"https:\\\/\\\/sysmatec.ch\\\/de\\\/produit\\\/knick-portavo-907-ph-meter\\\/#primaryimage\"},\"image\":{\"@id\":\"https:\\\/\\\/sysmatec.ch\\\/de\\\/produit\\\/knick-portavo-907-ph-meter\\\/#primaryimage\"},\"thumbnailUrl\":\"https:\\\/\\\/sysmatec.ch\\\/wp-content\\\/uploads\\\/2019\\\/06\\\/pH_KnickPortavo1.jpg\",\"datePublished\":\"2019-06-18T17:04:33+00:00\",\"dateModified\":\"2022-01-03T14:56:05+00:00\",\"description\":\"Tragbares pH-Meter. Es k\u00f6nnen klassische Glassonden oder digitale Sonden mit Memosens-Anschluss verwendet werden. Er kann auch O2- und Leitf\u00e4higkeitssensoren verwenden.\",\"breadcrumb\":{\"@id\":\"https:\\\/\\\/sysmatec.ch\\\/de\\\/produit\\\/knick-portavo-907-ph-meter\\\/#breadcrumb\"},\"inLanguage\":\"de\",\"potentialAction\":[{\"@type\":\"ReadAction\",\"target\":[\"https:\\\/\\\/sysmatec.ch\\\/de\\\/produit\\\/knick-portavo-907-ph-meter\\\/\"]}]},{\"@type\":\"ImageObject\",\"inLanguage\":\"de\",\"@id\":\"https:\\\/\\\/sysmatec.ch\\\/de\\\/produit\\\/knick-portavo-907-ph-meter\\\/#primaryimage\",\"url\":\"https:\\\/\\\/sysmatec.ch\\\/wp-content\\\/uploads\\\/2019\\\/06\\\/pH_KnickPortavo1.jpg\",\"contentUrl\":\"https:\\\/\\\/sysmatec.ch\\\/wp-content\\\/uploads\\\/2019\\\/06\\\/pH_KnickPortavo1.jpg\",\"width\":190,\"height\":242},{\"@type\":\"BreadcrumbList\",\"@id\":\"https:\\\/\\\/sysmatec.ch\\\/de\\\/produit\\\/knick-portavo-907-ph-meter\\\/#breadcrumb\",\"itemListElement\":[{\"@type\":\"ListItem\",\"position\":1,\"name\":\"Accueil\",\"item\":\"https:\\\/\\\/sysmatec.ch\\\/de\\\/\"},{\"@type\":\"ListItem\",\"position\":2,\"name\":\"Die Aktivit\u00e4t von Sysmatec\",\"item\":\"https:\\\/\\\/sysmatec.ch\\\/de\\\/\"},{\"@type\":\"ListItem\",\"position\":3,\"name\":\"Knick Portavo 907 pH Meter\"}]},{\"@type\":\"WebSite\",\"@id\":\"https:\\\/\\\/sysmatec.ch\\\/de\\\/#website\",\"url\":\"https:\\\/\\\/sysmatec.ch\\\/de\\\/\",\"name\":\"Sysmatec\",\"description\":\"Equipement de laboratoire et logiciels\",\"publisher\":{\"@id\":\"https:\\\/\\\/sysmatec.ch\\\/de\\\/#organization\"},\"potentialAction\":[{\"@type\":\"SearchAction\",\"target\":{\"@type\":\"EntryPoint\",\"urlTemplate\":\"https:\\\/\\\/sysmatec.ch\\\/de\\\/?s={search_term_string}\"},\"query-input\":{\"@type\":\"PropertyValueSpecification\",\"valueRequired\":true,\"valueName\":\"search_term_string\"}}],\"inLanguage\":\"de\"},{\"@type\":\"Organization\",\"@id\":\"https:\\\/\\\/sysmatec.ch\\\/de\\\/#organization\",\"name\":\"Sysmatec\",\"url\":\"https:\\\/\\\/sysmatec.ch\\\/de\\\/\",\"logo\":{\"@type\":\"ImageObject\",\"inLanguage\":\"de\",\"@id\":\"https:\\\/\\\/sysmatec.ch\\\/de\\\/#\\\/schema\\\/logo\\\/image\\\/\",\"url\":\"https:\\\/\\\/sysmatec.ch\\\/wp-content\\\/uploads\\\/2018\\\/11\\\/LogoSysmatec.jpg\",\"contentUrl\":\"https:\\\/\\\/sysmatec.ch\\\/wp-content\\\/uploads\\\/2018\\\/11\\\/LogoSysmatec.jpg\",\"width\":301,\"height\":297,\"caption\":\"Sysmatec\"},\"image\":{\"@id\":\"https:\\\/\\\/sysmatec.ch\\\/de\\\/#\\\/schema\\\/logo\\\/image\\\/\"}}]}<\/script>\n<!-- \/ Yoast SEO plugin. -->","yoast_head_json":{"title":"Knick Portavo 907 pH Meter - Sysmatec","description":"Tragbares pH-Meter. Es k\u00f6nnen klassische Glassonden oder digitale Sonden mit Memosens-Anschluss verwendet werden. Er kann auch O2- und Leitf\u00e4higkeitssensoren verwenden.","robots":{"index":"index","follow":"follow","max-snippet":"max-snippet:-1","max-image-preview":"max-image-preview:large","max-video-preview":"max-video-preview:-1"},"canonical":"https:\/\/sysmatec.ch\/de\/produit\/knick-portavo-907-ph-meter\/","og_locale":"de_DE","og_type":"article","og_title":"Knick Portavo 907 pH Meter - Sysmatec","og_description":"Tragbares pH-Meter. Es k\u00f6nnen klassische Glassonden oder digitale Sonden mit Memosens-Anschluss verwendet werden. Er kann auch O2- und Leitf\u00e4higkeitssensoren verwenden.","og_url":"https:\/\/sysmatec.ch\/de\/produit\/knick-portavo-907-ph-meter\/","og_site_name":"Sysmatec","article_modified_time":"2022-01-03T14:56:05+00:00","og_image":[{"width":190,"height":242,"url":"https:\/\/sysmatec.ch\/wp-content\/uploads\/2019\/06\/pH_KnickPortavo1.jpg","type":"image\/jpeg"}],"twitter_card":"summary_large_image","twitter_misc":{"Gesch\u00e4tzte Lesezeit":"1\u00a0Minute"},"schema":{"@context":"https:\/\/schema.org","@graph":[{"@type":"WebPage","@id":"https:\/\/sysmatec.ch\/de\/produit\/knick-portavo-907-ph-meter\/","url":"https:\/\/sysmatec.ch\/de\/produit\/knick-portavo-907-ph-meter\/","name":"Knick Portavo 907 pH Meter - Sysmatec","isPartOf":{"@id":"https:\/\/sysmatec.ch\/de\/#website"},"primaryImageOfPage":{"@id":"https:\/\/sysmatec.ch\/de\/produit\/knick-portavo-907-ph-meter\/#primaryimage"},"image":{"@id":"https:\/\/sysmatec.ch\/de\/produit\/knick-portavo-907-ph-meter\/#primaryimage"},"thumbnailUrl":"https:\/\/sysmatec.ch\/wp-content\/uploads\/2019\/06\/pH_KnickPortavo1.jpg","datePublished":"2019-06-18T17:04:33+00:00","dateModified":"2022-01-03T14:56:05+00:00","description":"Tragbares pH-Meter. Es k\u00f6nnen klassische Glassonden oder digitale Sonden mit Memosens-Anschluss verwendet werden. Er kann auch O2- und Leitf\u00e4higkeitssensoren verwenden.","breadcrumb":{"@id":"https:\/\/sysmatec.ch\/de\/produit\/knick-portavo-907-ph-meter\/#breadcrumb"},"inLanguage":"de","potentialAction":[{"@type":"ReadAction","target":["https:\/\/sysmatec.ch\/de\/produit\/knick-portavo-907-ph-meter\/"]}]},{"@type":"ImageObject","inLanguage":"de","@id":"https:\/\/sysmatec.ch\/de\/produit\/knick-portavo-907-ph-meter\/#primaryimage","url":"https:\/\/sysmatec.ch\/wp-content\/uploads\/2019\/06\/pH_KnickPortavo1.jpg","contentUrl":"https:\/\/sysmatec.ch\/wp-content\/uploads\/2019\/06\/pH_KnickPortavo1.jpg","width":190,"height":242},{"@type":"BreadcrumbList","@id":"https:\/\/sysmatec.ch\/de\/produit\/knick-portavo-907-ph-meter\/#breadcrumb","itemListElement":[{"@type":"ListItem","position":1,"name":"Accueil","item":"https:\/\/sysmatec.ch\/de\/"},{"@type":"ListItem","position":2,"name":"Die Aktivit\u00e4t von Sysmatec","item":"https:\/\/sysmatec.ch\/de\/"},{"@type":"ListItem","position":3,"name":"Knick Portavo 907 pH Meter"}]},{"@type":"WebSite","@id":"https:\/\/sysmatec.ch\/de\/#website","url":"https:\/\/sysmatec.ch\/de\/","name":"Sysmatec","description":"Equipement de laboratoire et logiciels","publisher":{"@id":"https:\/\/sysmatec.ch\/de\/#organization"},"potentialAction":[{"@type":"SearchAction","target":{"@type":"EntryPoint","urlTemplate":"https:\/\/sysmatec.ch\/de\/?s={search_term_string}"},"query-input":{"@type":"PropertyValueSpecification","valueRequired":true,"valueName":"search_term_string"}}],"inLanguage":"de"},{"@type":"Organization","@id":"https:\/\/sysmatec.ch\/de\/#organization","name":"Sysmatec","url":"https:\/\/sysmatec.ch\/de\/","logo":{"@type":"ImageObject","inLanguage":"de","@id":"https:\/\/sysmatec.ch\/de\/#\/schema\/logo\/image\/","url":"https:\/\/sysmatec.ch\/wp-content\/uploads\/2018\/11\/LogoSysmatec.jpg","contentUrl":"https:\/\/sysmatec.ch\/wp-content\/uploads\/2018\/11\/LogoSysmatec.jpg","width":301,"height":297,"caption":"Sysmatec"},"image":{"@id":"https:\/\/sysmatec.ch\/de\/#\/schema\/logo\/image\/"}}]}},"_links":{"self":[{"href":"https:\/\/sysmatec.ch\/de\/wp-json\/wp\/v2\/product\/6986","targetHints":{"allow":["GET"]}}],"collection":[{"href":"https:\/\/sysmatec.ch\/de\/wp-json\/wp\/v2\/product"}],"about":[{"href":"https:\/\/sysmatec.ch\/de\/wp-json\/wp\/v2\/types\/product"}],"wp:featuredmedia":[{"embeddable":true,"href":"https:\/\/sysmatec.ch\/de\/wp-json\/wp\/v2\/media\/6981"}],"wp:attachment":[{"href":"https:\/\/sysmatec.ch\/de\/wp-json\/wp\/v2\/media?parent=6986"}],"wp:term":[{"taxonomy":"product_brand","embeddable":true,"href":"https:\/\/sysmatec.ch\/de\/wp-json\/wp\/v2\/product_brand?post=6986"},{"taxonomy":"product_cat","embeddable":true,"href":"https:\/\/sysmatec.ch\/de\/wp-json\/wp\/v2\/product_cat?post=6986"},{"taxonomy":"product_tag","embeddable":true,"href":"https:\/\/sysmatec.ch\/de\/wp-json\/wp\/v2\/product_tag?post=6986"}],"curies":[{"name":"wp","href":"https:\/\/api.w.org\/{rel}","templated":true}]}}