{"id":6975,"date":"2019-06-18T18:55:22","date_gmt":"2019-06-18T16:55:22","guid":{"rendered":"https:\/\/sysmatec.ch\/produit\/ph-marker-ph-metre-isfet-portatif-de-precision\/"},"modified":"2022-08-07T13:36:30","modified_gmt":"2022-08-07T11:36:30","slug":"drahtloser-isfet-ph-meter","status":"publish","type":"product","link":"https:\/\/sysmatec.ch\/de\/Produkt\/drahtloser-isfet-ph-meter\/","title":{"rendered":"Drahtloser ISFET pH-Meter"},"content":{"rendered":"<p><span class=\"JLqJ4b ChMk0b\" data-language-for-alternatives=\"de\" data-language-to-translate-into=\"fr\" data-phrase-index=\"0\" data-number-of-phrases=\"4\"><span class=\"Q4iAWc\">Sentron hat ein umfassendes Sortiment an drahtlosen hochwertigen Sonden f\u00fcr glasfreie pH-Messungen entwickelt.<\/span><\/span> <span class=\"JLqJ4b ChMk0b\" data-language-for-alternatives=\"de\" data-language-to-translate-into=\"fr\" data-phrase-index=\"2\" data-number-of-phrases=\"4\"><span class=\"Q4iAWc\">Alle pH-Sonden enthalten ein austauschbares und austauschbares Teil f\u00fcr zus\u00e4tzliche Haltbarkeit.<\/span><\/span> <span class=\"JLqJ4b ChMk0b\" data-language-for-alternatives=\"de\" data-language-to-translate-into=\"fr\" data-phrase-index=\"3\" data-number-of-phrases=\"4\"><span class=\"Q4iAWc\">Es ist drahtlos \u00fcber Bluetooth mit einer App verbunden, um Konfigurationen vorzunehmen und alle Ihre Messdaten zu erfassen, zu speichern und zu exportieren.<\/span><\/span><\/p>\n<h2>pH Meter Beschreibung<\/h2>\n<ul>\n<li><span class=\"JLqJ4b ChMk0b\" data-language-for-alternatives=\"de\" data-language-to-translate-into=\"fr\" data-phrase-index=\"0\" data-number-of-phrases=\"35\"><span class=\"Q4iAWc\">Kabellos (Bluetooth)<\/span><\/span><\/li>\n<li><span class=\"JLqJ4b ChMk0b\" data-language-for-alternatives=\"de\" data-language-to-translate-into=\"fr\" data-phrase-index=\"2\" data-number-of-phrases=\"35\"><span class=\"Q4iAWc\">Glasfrei<\/span><\/span><\/li>\n<li><span class=\"JLqJ4b ChMk0b\" data-language-for-alternatives=\"de\" data-language-to-translate-into=\"fr\" data-phrase-index=\"4\" data-number-of-phrases=\"35\"><span class=\"Q4iAWc\">Robust<\/span><\/span><\/li>\n<li><span class=\"JLqJ4b ChMk0b\" data-language-for-alternatives=\"de\" data-language-to-translate-into=\"fr\" data-phrase-index=\"6\" data-number-of-phrases=\"35\"><span class=\"Q4iAWc\">Trocken Lagerung<\/span><\/span><\/li>\n<li><span class=\"JLqJ4b ChMk0b\" data-language-for-alternatives=\"de\" data-language-to-translate-into=\"fr\" data-phrase-index=\"8\" data-number-of-phrases=\"35\"><span class=\"Q4iAWc\">Cloudbasierte kostenlose, einfache und intuitive Anwendung, kompatibel mit Android und iOS.<\/span><\/span><\/li>\n<li><span class=\"JLqJ4b ChMk0b\" data-language-for-alternatives=\"de\" data-language-to-translate-into=\"fr\" data-phrase-index=\"9\" data-number-of-phrases=\"35\"><span class=\"Q4iAWc\">Kostenloser Download f\u00fcr Apple und Android.<\/span><\/span> <span class=\"JLqJ4b ChMk0b\" data-language-for-alternatives=\"de\" data-language-to-translate-into=\"fr\" data-phrase-index=\"10\" data-number-of-phrases=\"35\"><span class=\"Q4iAWc\">Auf Englisch.<\/span><\/span><\/li>\n<li><span class=\"JLqJ4b ChMk0b\" data-language-for-alternatives=\"de\" data-language-to-translate-into=\"fr\" data-phrase-index=\"12\" data-number-of-phrases=\"35\"><span class=\"Q4iAWc\">GPS-basierte Lokalisierung<\/span><\/span><\/li>\n<li><span class=\"JLqJ4b ChMk0b\" data-language-for-alternatives=\"de\" data-language-to-translate-into=\"fr\" data-phrase-index=\"14\" data-number-of-phrases=\"35\"><span class=\"Q4iAWc\">Sensor: glasfreier ionenempfindlicher Feldeffekttransistor (ISFET)-Halbleiter<\/span><\/span><\/li>\n<li><span class=\"JLqJ4b ChMk0b\" data-language-for-alternatives=\"de\" data-language-to-translate-into=\"fr\" data-phrase-index=\"16\" data-number-of-phrases=\"35\"><span class=\"Q4iAWc\">pH-Bereich: 0 bis 14<\/span><\/span><\/li>\n<li><span class=\"JLqJ4b ChMk0b\" data-language-for-alternatives=\"de\" data-language-to-translate-into=\"fr\" data-phrase-index=\"18\" data-number-of-phrases=\"35\"><span class=\"Q4iAWc\">Genauigkeit: +\/- 0.02<\/span><\/span><\/li>\n<li><span class=\"JLqJ4b ChMk0b\" data-language-for-alternatives=\"de\" data-language-to-translate-into=\"fr\" data-phrase-index=\"18\" data-number-of-phrases=\"35\"><span class=\"Q4iAWc\">pH<\/span><\/span> <span class=\"JLqJ4b ChMk0b\" data-language-for-alternatives=\"de\" data-language-to-translate-into=\"fr\" data-phrase-index=\"20\" data-number-of-phrases=\"35\"><span class=\"Q4iAWc\">Aufl\u00f6sung: 0.02<\/span><\/span><\/li>\n<li><span class=\"JLqJ4b ChMk0b\" data-language-for-alternatives=\"de\" data-language-to-translate-into=\"fr\" data-phrase-index=\"20\" data-number-of-phrases=\"35\"><span class=\"Q4iAWc\">pH<\/span><\/span> <span class=\"JLqJ4b ChMk0b\" data-language-for-alternatives=\"de\" data-language-to-translate-into=\"fr\" data-phrase-index=\"22\" data-number-of-phrases=\"35\"><span class=\"Q4iAWc\">Drift: weniger als 0.14 in 24 h<\/span><\/span><\/li>\n<li><span class=\"JLqJ4b ChMk0b\" data-language-for-alternatives=\"de\" data-language-to-translate-into=\"fr\" data-phrase-index=\"24\" data-number-of-phrases=\"35\"><span class=\"Q4iAWc\">Automatische Temperaturkompensation<\/span><\/span><\/li>\n<li><span class=\"JLqJ4b ChMk0b\" data-language-for-alternatives=\"de\" data-language-to-translate-into=\"fr\" data-phrase-index=\"26\" data-number-of-phrases=\"35\"><span class=\"Q4iAWc\">Temperaturbereich: 0 bis 80 \u00b0C<\/span><\/span><\/li>\n<li><span class=\"JLqJ4b ChMk0b\" data-language-for-alternatives=\"de\" data-language-to-translate-into=\"fr\" data-phrase-index=\"28\" data-number-of-phrases=\"35\"><span class=\"Q4iAWc\">Genauigkeit: +\/- 5 \u00b0C<\/span><\/span><\/li>\n<li><span class=\"JLqJ4b ChMk0b\" data-language-for-alternatives=\"de\" data-language-to-translate-into=\"fr\" data-phrase-index=\"30\" data-number-of-phrases=\"35\"><span class=\"Q4iAWc\">Referenzl\u00f6sung: geliertes KCl<\/span><\/span><\/li>\n<li><span class=\"JLqJ4b ChMk0b\" data-language-for-alternatives=\"de\" data-language-to-translate-into=\"fr\" data-phrase-index=\"32\" data-number-of-phrases=\"35\"><span class=\"Q4iAWc\">Membran: Keramik f\u00fcr MicroFET, por\u00f6ses PTFE f\u00fcr andere<\/span><\/span><\/li>\n<li><span class=\"JLqJ4b ChMk0b\" data-language-for-alternatives=\"de\" data-language-to-translate-into=\"fr\" data-phrase-index=\"34\" data-number-of-phrases=\"35\"><span class=\"Q4iAWc\">Kabellos aufladbarer Akku<\/span><\/span><\/li>\n<\/ul>\n<h2>Elektrode Beschreibung<\/h2>\n<table width=\"480\">\n<tbody>\n<tr>\n<td width=\"80\"><\/td>\n<td width=\"80\">ConeFET<\/td>\n<td width=\"80\">CupFET<\/td>\n<td width=\"80\">LanceFET<\/td>\n<td width=\"80\">LanceFET+<\/td>\n<td width=\"80\">MicroFET<\/td>\n<\/tr>\n<tr>\n<td><\/td>\n<td width=\"80\">universelle Sonde<\/td>\n<td width=\"80\">f\u00fcr Messungen kleiner Volumina (~ 20 \u00b5l)<\/td>\n<td>Sonde mit Stahlspitze f\u00fcr leichtes Eindringen in feste Proben<\/td>\n<td width=\"80\">wie LanceFET, jedoch mit Handgriff f\u00fcr zus\u00e4tzlichen Halt<\/td>\n<td width=\"80\"><span class=\"JLqJ4b ChMk0b\" data-language-for-alternatives=\"de\" data-language-to-translate-into=\"fr\" data-phrase-index=\"0\" data-number-of-phrases=\"3\"><span class=\"Q4iAWc\">Laborsonde von 3 mm Durchmesser, die<\/span><\/span> <span class=\"JLqJ4b ChMk0b\" data-language-for-alternatives=\"de\" data-language-to-translate-into=\"fr\" data-phrase-index=\"2\" data-number-of-phrases=\"3\"><span class=\"Q4iAWc\">passend f\u00fcr R\u00f6hrchen und Minik\u00fcvetten<\/span><\/span><\/td>\n<\/tr>\n<tr>\n<td><\/td>\n<td><img loading=\"lazy\" decoding=\"async\" class=\"alignnone size-full wp-image-27996\" src=\"https:\/\/sysmatec.ch\/wp-content\/uploads\/2019\/06\/SondepH_ConeFET.png\" alt=\"\" width=\"133\" height=\"58\" \/><\/td>\n<td><img loading=\"lazy\" decoding=\"async\" class=\"alignnone size-full wp-image-27999\" src=\"https:\/\/sysmatec.ch\/wp-content\/uploads\/2019\/06\/SondepH_CupFET.png\" alt=\"\" width=\"133\" height=\"65\" \/><\/td>\n<td><img loading=\"lazy\" decoding=\"async\" class=\"alignnone size-full wp-image-28002\" src=\"https:\/\/sysmatec.ch\/wp-content\/uploads\/2019\/06\/SondepH_LanceFET.png\" alt=\"\" width=\"133\" height=\"58\" \/><\/td>\n<td><img loading=\"lazy\" decoding=\"async\" class=\"alignnone size-full wp-image-28002\" src=\"https:\/\/sysmatec.ch\/wp-content\/uploads\/2019\/06\/SondepH_LanceFET.png\" alt=\"\" width=\"133\" height=\"58\" \/><\/td>\n<td><img loading=\"lazy\" decoding=\"async\" class=\"alignnone size-full wp-image-28005\" src=\"https:\/\/sysmatec.ch\/wp-content\/uploads\/2019\/06\/SondepH_MicroFET.png\" alt=\"\" width=\"136\" height=\"49\" \/><\/td>\n<\/tr>\n<tr>\n<td>Sondenl\u00e4nge (mm)<\/td>\n<td>224<\/td>\n<td>224<\/td>\n<td>227<\/td>\n<td>227<\/td>\n<td>252<\/td>\n<\/tr>\n<tr>\n<td>Durchmesser (mm)<\/td>\n<td>10<\/td>\n<td>10<\/td>\n<td>10<\/td>\n<td>10<\/td>\n<td>3<\/td>\n<\/tr>\n<tr>\n<td>Spitze und Halter Material<\/td>\n<td>PEEK \/ ABS<\/td>\n<td>PEEK \/ ABS<\/td>\n<td>Edelstahl\/PEEK\/ABS<\/td>\n<td>Edelstahl\/PEEK\/ABS<\/td>\n<td>PEEK\/PEEK<\/td>\n<\/tr>\n<\/tbody>\n<\/table>\n<p>&nbsp;<\/p>\n","protected":false},"excerpt":{"rendered":"<p>Pr\u00e4zisions-ISFET-pH-Meter mit drahtloser Kommunikation.<\/p>\n","protected":false},"featured_media":28008,"template":"","meta":{"_crdt_document":""},"product_brand":[],"product_cat":[241],"product_tag":[],"class_list":{"0":"post-6975","1":"product","2":"type-product","3":"status-publish","4":"has-post-thumbnail","6":"product_cat-ph-de","8":"first","9":"instock","10":"taxable","11":"shipping-taxable","12":"product-type-simple"},"yoast_head":"<!-- This site is optimized with the Yoast SEO plugin v27.4 - https:\/\/yoast.com\/product\/yoast-seo-wordpress\/ -->\n<title>Drahtloser ISFET pH-Meter - Sysmatec<\/title>\n<meta name=\"description\" content=\"Tragbares ISFET-pH-Meter. Kompakt, robust, ohne Glas, hat es eine drahtlose Kommunikation. Austauschbare Sonden. Messbereich 0 bis 14.\" \/>\n<meta name=\"robots\" content=\"index, follow, max-snippet:-1, max-image-preview:large, max-video-preview:-1\" \/>\n<link rel=\"canonical\" href=\"https:\/\/sysmatec.ch\/de\/produit\/drahtloser-isfet-ph-meter\/\" \/>\n<meta property=\"og:locale\" content=\"de_DE\" \/>\n<meta property=\"og:type\" content=\"article\" \/>\n<meta property=\"og:title\" content=\"Drahtloser ISFET pH-Meter - Sysmatec\" \/>\n<meta property=\"og:description\" content=\"Tragbares ISFET-pH-Meter. Kompakt, robust, ohne Glas, hat es eine drahtlose Kommunikation. Austauschbare Sonden. Messbereich 0 bis 14.\" \/>\n<meta property=\"og:url\" content=\"https:\/\/sysmatec.ch\/de\/produit\/drahtloser-isfet-ph-meter\/\" \/>\n<meta property=\"og:site_name\" content=\"Sysmatec\" \/>\n<meta property=\"article:modified_time\" content=\"2022-08-07T11:36:30+00:00\" \/>\n<meta property=\"og:image\" content=\"https:\/\/sysmatec.ch\/wp-content\/uploads\/2019\/06\/pHMeter_SentronWireless.png\" \/>\n\t<meta property=\"og:image:width\" content=\"607\" \/>\n\t<meta property=\"og:image:height\" content=\"541\" \/>\n\t<meta property=\"og:image:type\" content=\"image\/png\" \/>\n<meta name=\"twitter:card\" content=\"summary_large_image\" \/>\n<meta name=\"twitter:label1\" content=\"Gesch\u00e4tzte Lesezeit\" \/>\n\t<meta name=\"twitter:data1\" content=\"3\u00a0Minuten\" \/>\n<script type=\"application\/ld+json\" class=\"yoast-schema-graph\">{\"@context\":\"https:\\\/\\\/schema.org\",\"@graph\":[{\"@type\":\"WebPage\",\"@id\":\"https:\\\/\\\/sysmatec.ch\\\/de\\\/produit\\\/drahtloser-isfet-ph-meter\\\/\",\"url\":\"https:\\\/\\\/sysmatec.ch\\\/de\\\/produit\\\/drahtloser-isfet-ph-meter\\\/\",\"name\":\"Drahtloser ISFET pH-Meter - Sysmatec\",\"isPartOf\":{\"@id\":\"https:\\\/\\\/sysmatec.ch\\\/de\\\/#website\"},\"primaryImageOfPage\":{\"@id\":\"https:\\\/\\\/sysmatec.ch\\\/de\\\/produit\\\/drahtloser-isfet-ph-meter\\\/#primaryimage\"},\"image\":{\"@id\":\"https:\\\/\\\/sysmatec.ch\\\/de\\\/produit\\\/drahtloser-isfet-ph-meter\\\/#primaryimage\"},\"thumbnailUrl\":\"https:\\\/\\\/sysmatec.ch\\\/wp-content\\\/uploads\\\/2019\\\/06\\\/pHMeter_SentronWireless.png\",\"datePublished\":\"2019-06-18T16:55:22+00:00\",\"dateModified\":\"2022-08-07T11:36:30+00:00\",\"description\":\"Tragbares ISFET-pH-Meter. Kompakt, robust, ohne Glas, hat es eine drahtlose Kommunikation. Austauschbare Sonden. Messbereich 0 bis 14.\",\"breadcrumb\":{\"@id\":\"https:\\\/\\\/sysmatec.ch\\\/de\\\/produit\\\/drahtloser-isfet-ph-meter\\\/#breadcrumb\"},\"inLanguage\":\"de\",\"potentialAction\":[{\"@type\":\"ReadAction\",\"target\":[\"https:\\\/\\\/sysmatec.ch\\\/de\\\/produit\\\/drahtloser-isfet-ph-meter\\\/\"]}]},{\"@type\":\"ImageObject\",\"inLanguage\":\"de\",\"@id\":\"https:\\\/\\\/sysmatec.ch\\\/de\\\/produit\\\/drahtloser-isfet-ph-meter\\\/#primaryimage\",\"url\":\"https:\\\/\\\/sysmatec.ch\\\/wp-content\\\/uploads\\\/2019\\\/06\\\/pHMeter_SentronWireless.png\",\"contentUrl\":\"https:\\\/\\\/sysmatec.ch\\\/wp-content\\\/uploads\\\/2019\\\/06\\\/pHMeter_SentronWireless.png\",\"width\":607,\"height\":541},{\"@type\":\"BreadcrumbList\",\"@id\":\"https:\\\/\\\/sysmatec.ch\\\/de\\\/produit\\\/drahtloser-isfet-ph-meter\\\/#breadcrumb\",\"itemListElement\":[{\"@type\":\"ListItem\",\"position\":1,\"name\":\"Accueil\",\"item\":\"https:\\\/\\\/sysmatec.ch\\\/de\\\/\"},{\"@type\":\"ListItem\",\"position\":2,\"name\":\"Die Aktivit\u00e4t von Sysmatec\",\"item\":\"https:\\\/\\\/sysmatec.ch\\\/de\\\/\"},{\"@type\":\"ListItem\",\"position\":3,\"name\":\"Drahtloser ISFET pH-Meter\"}]},{\"@type\":\"WebSite\",\"@id\":\"https:\\\/\\\/sysmatec.ch\\\/de\\\/#website\",\"url\":\"https:\\\/\\\/sysmatec.ch\\\/de\\\/\",\"name\":\"Sysmatec\",\"description\":\"Equipement de laboratoire et logiciels\",\"publisher\":{\"@id\":\"https:\\\/\\\/sysmatec.ch\\\/de\\\/#organization\"},\"potentialAction\":[{\"@type\":\"SearchAction\",\"target\":{\"@type\":\"EntryPoint\",\"urlTemplate\":\"https:\\\/\\\/sysmatec.ch\\\/de\\\/?s={search_term_string}\"},\"query-input\":{\"@type\":\"PropertyValueSpecification\",\"valueRequired\":true,\"valueName\":\"search_term_string\"}}],\"inLanguage\":\"de\"},{\"@type\":\"Organization\",\"@id\":\"https:\\\/\\\/sysmatec.ch\\\/de\\\/#organization\",\"name\":\"Sysmatec\",\"url\":\"https:\\\/\\\/sysmatec.ch\\\/de\\\/\",\"logo\":{\"@type\":\"ImageObject\",\"inLanguage\":\"de\",\"@id\":\"https:\\\/\\\/sysmatec.ch\\\/de\\\/#\\\/schema\\\/logo\\\/image\\\/\",\"url\":\"https:\\\/\\\/sysmatec.ch\\\/wp-content\\\/uploads\\\/2018\\\/11\\\/LogoSysmatec.jpg\",\"contentUrl\":\"https:\\\/\\\/sysmatec.ch\\\/wp-content\\\/uploads\\\/2018\\\/11\\\/LogoSysmatec.jpg\",\"width\":301,\"height\":297,\"caption\":\"Sysmatec\"},\"image\":{\"@id\":\"https:\\\/\\\/sysmatec.ch\\\/de\\\/#\\\/schema\\\/logo\\\/image\\\/\"}}]}<\/script>\n<!-- \/ Yoast SEO plugin. -->","yoast_head_json":{"title":"Drahtloser ISFET pH-Meter - Sysmatec","description":"Tragbares ISFET-pH-Meter. Kompakt, robust, ohne Glas, hat es eine drahtlose Kommunikation. Austauschbare Sonden. Messbereich 0 bis 14.","robots":{"index":"index","follow":"follow","max-snippet":"max-snippet:-1","max-image-preview":"max-image-preview:large","max-video-preview":"max-video-preview:-1"},"canonical":"https:\/\/sysmatec.ch\/de\/produit\/drahtloser-isfet-ph-meter\/","og_locale":"de_DE","og_type":"article","og_title":"Drahtloser ISFET pH-Meter - Sysmatec","og_description":"Tragbares ISFET-pH-Meter. Kompakt, robust, ohne Glas, hat es eine drahtlose Kommunikation. Austauschbare Sonden. Messbereich 0 bis 14.","og_url":"https:\/\/sysmatec.ch\/de\/produit\/drahtloser-isfet-ph-meter\/","og_site_name":"Sysmatec","article_modified_time":"2022-08-07T11:36:30+00:00","og_image":[{"width":607,"height":541,"url":"https:\/\/sysmatec.ch\/wp-content\/uploads\/2019\/06\/pHMeter_SentronWireless.png","type":"image\/png"}],"twitter_card":"summary_large_image","twitter_misc":{"Gesch\u00e4tzte Lesezeit":"3\u00a0Minuten"},"schema":{"@context":"https:\/\/schema.org","@graph":[{"@type":"WebPage","@id":"https:\/\/sysmatec.ch\/de\/produit\/drahtloser-isfet-ph-meter\/","url":"https:\/\/sysmatec.ch\/de\/produit\/drahtloser-isfet-ph-meter\/","name":"Drahtloser ISFET pH-Meter - Sysmatec","isPartOf":{"@id":"https:\/\/sysmatec.ch\/de\/#website"},"primaryImageOfPage":{"@id":"https:\/\/sysmatec.ch\/de\/produit\/drahtloser-isfet-ph-meter\/#primaryimage"},"image":{"@id":"https:\/\/sysmatec.ch\/de\/produit\/drahtloser-isfet-ph-meter\/#primaryimage"},"thumbnailUrl":"https:\/\/sysmatec.ch\/wp-content\/uploads\/2019\/06\/pHMeter_SentronWireless.png","datePublished":"2019-06-18T16:55:22+00:00","dateModified":"2022-08-07T11:36:30+00:00","description":"Tragbares ISFET-pH-Meter. Kompakt, robust, ohne Glas, hat es eine drahtlose Kommunikation. Austauschbare Sonden. Messbereich 0 bis 14.","breadcrumb":{"@id":"https:\/\/sysmatec.ch\/de\/produit\/drahtloser-isfet-ph-meter\/#breadcrumb"},"inLanguage":"de","potentialAction":[{"@type":"ReadAction","target":["https:\/\/sysmatec.ch\/de\/produit\/drahtloser-isfet-ph-meter\/"]}]},{"@type":"ImageObject","inLanguage":"de","@id":"https:\/\/sysmatec.ch\/de\/produit\/drahtloser-isfet-ph-meter\/#primaryimage","url":"https:\/\/sysmatec.ch\/wp-content\/uploads\/2019\/06\/pHMeter_SentronWireless.png","contentUrl":"https:\/\/sysmatec.ch\/wp-content\/uploads\/2019\/06\/pHMeter_SentronWireless.png","width":607,"height":541},{"@type":"BreadcrumbList","@id":"https:\/\/sysmatec.ch\/de\/produit\/drahtloser-isfet-ph-meter\/#breadcrumb","itemListElement":[{"@type":"ListItem","position":1,"name":"Accueil","item":"https:\/\/sysmatec.ch\/de\/"},{"@type":"ListItem","position":2,"name":"Die Aktivit\u00e4t von Sysmatec","item":"https:\/\/sysmatec.ch\/de\/"},{"@type":"ListItem","position":3,"name":"Drahtloser ISFET pH-Meter"}]},{"@type":"WebSite","@id":"https:\/\/sysmatec.ch\/de\/#website","url":"https:\/\/sysmatec.ch\/de\/","name":"Sysmatec","description":"Equipement de laboratoire et logiciels","publisher":{"@id":"https:\/\/sysmatec.ch\/de\/#organization"},"potentialAction":[{"@type":"SearchAction","target":{"@type":"EntryPoint","urlTemplate":"https:\/\/sysmatec.ch\/de\/?s={search_term_string}"},"query-input":{"@type":"PropertyValueSpecification","valueRequired":true,"valueName":"search_term_string"}}],"inLanguage":"de"},{"@type":"Organization","@id":"https:\/\/sysmatec.ch\/de\/#organization","name":"Sysmatec","url":"https:\/\/sysmatec.ch\/de\/","logo":{"@type":"ImageObject","inLanguage":"de","@id":"https:\/\/sysmatec.ch\/de\/#\/schema\/logo\/image\/","url":"https:\/\/sysmatec.ch\/wp-content\/uploads\/2018\/11\/LogoSysmatec.jpg","contentUrl":"https:\/\/sysmatec.ch\/wp-content\/uploads\/2018\/11\/LogoSysmatec.jpg","width":301,"height":297,"caption":"Sysmatec"},"image":{"@id":"https:\/\/sysmatec.ch\/de\/#\/schema\/logo\/image\/"}}]}},"_links":{"self":[{"href":"https:\/\/sysmatec.ch\/de\/wp-json\/wp\/v2\/product\/6975","targetHints":{"allow":["GET"]}}],"collection":[{"href":"https:\/\/sysmatec.ch\/de\/wp-json\/wp\/v2\/product"}],"about":[{"href":"https:\/\/sysmatec.ch\/de\/wp-json\/wp\/v2\/types\/product"}],"wp:featuredmedia":[{"embeddable":true,"href":"https:\/\/sysmatec.ch\/de\/wp-json\/wp\/v2\/media\/28008"}],"wp:attachment":[{"href":"https:\/\/sysmatec.ch\/de\/wp-json\/wp\/v2\/media?parent=6975"}],"wp:term":[{"taxonomy":"product_brand","embeddable":true,"href":"https:\/\/sysmatec.ch\/de\/wp-json\/wp\/v2\/product_brand?post=6975"},{"taxonomy":"product_cat","embeddable":true,"href":"https:\/\/sysmatec.ch\/de\/wp-json\/wp\/v2\/product_cat?post=6975"},{"taxonomy":"product_tag","embeddable":true,"href":"https:\/\/sysmatec.ch\/de\/wp-json\/wp\/v2\/product_tag?post=6975"}],"curies":[{"name":"wp","href":"https:\/\/api.w.org\/{rel}","templated":true}]}}