{"id":6964,"date":"2019-06-18T17:48:27","date_gmt":"2019-06-18T15:48:27","guid":{"rendered":"https:\/\/sysmatec.ch\/produit\/ph-metre-isfet-sentron-si400\/"},"modified":"2022-01-03T16:18:32","modified_gmt":"2022-01-03T15:18:32","slug":"isfet-ph-meter-sentron-si400","status":"publish","type":"product","link":"https:\/\/sysmatec.ch\/de\/Produkt\/isfet-ph-meter-sentron-si400\/","title":{"rendered":"ISFET pH Meter Sentron SI400"},"content":{"rendered":"<p>Sentron pH-Meter verf\u00fcgen \u00fcber eine moderne, intuitive und benutzerfreundliche Schnittstelle. W\u00e4hrend der Men\u00fcf\u00fchrung bleiben pH-und Temperatur-Daten sichtbar. Die gro\u00dfe 3.2 &#8220;x LCD-Farbdisplay zeigt die f\u00fcr Messwerte an und Men\u00fcoptionen sind leicht zu lesen.<\/p>\n<p>Das Ger\u00e4t ist staub-und spritzwassergesch\u00fctzt und verf\u00fcgt \u00fcber eine Gummi-H\u00fclle, um Schocks zu absorbieren. Der USB-Anschluss ist auch durch eine dicht schlie\u00dfende Deckel bedekt und das Geh\u00e4use und Batteriefach sind mit Gummidichtungen gesch\u00fctzt. Die Position des ISFET und Referenzelektrode wurde entwickelt, um Verschmutzung und Verstopfung zu verringern sein. Wenn Schmutz auf dem Sensor sich angesammelt hat, kann er leicht mit Wasser und einer B\u00fcrste gereinigt werden.<\/p>\n<p><a href=\"https:\/\/sysmatec.ch\/German\/dE9_1pHRedoxSonde.html\">weitere Details \u00fcber Sonde hier<\/a><\/p>\n<h2>pH Meter technische Beschreibung<\/h2>\n<ul>\n<li>pH-Bereich: 0-14<\/li>\n<li>pH Genauigkeit: + \/ &#8211; 0.01<\/li>\n<li>pH Aufl\u00f6sung: 0.01<\/li>\n<li>Temperatur-Bereich: -5 bis 120 \u00b0C<\/li>\n<li>Temperatur Aufl\u00f6sung: 0.5 \u00b0C<\/li>\n<li>Temperatur temp\u00e9rature: 0.1 \u00b0C<\/li>\n<li>Kalibrierung: 1 oder 2 Punkte<\/li>\n<li>Offset: 0 bis 9.99<\/li>\n<li>Speicher f\u00fcr aktuelle Werte (durch Knopf dr\u00fccken): 10 Werte<\/li>\n<li>Betrieb auf Akkus: 8 h (kann auch st\u00e4ndig am Stromnetzmit dem Ladeger\u00e4t verbunden werden).<\/li>\n<li>IP 65<\/li>\n<li>Sprache: Englisch, Niederl\u00e4ndisch, Franz\u00f6sisch, Deutsch<\/li>\n<\/ul>\n","protected":false},"excerpt":{"rendered":"<p>Tragbares ISFET pH Meter<\/p>\n","protected":false},"featured_media":6962,"template":"","meta":{"_crdt_document":""},"product_brand":[],"product_cat":[241],"product_tag":[],"class_list":{"0":"post-6964","1":"product","2":"type-product","3":"status-publish","4":"has-post-thumbnail","6":"product_cat-ph-de","8":"first","9":"instock","10":"taxable","11":"shipping-taxable","12":"product-type-simple"},"yoast_head":"<!-- This site is optimized with the Yoast SEO plugin v27.3 - https:\/\/yoast.com\/product\/yoast-seo-wordpress\/ -->\n<title>ISFET pH Meter Sentron SI400 - Sysmatec<\/title>\n<meta name=\"description\" content=\"Tragbares pH-Meter f\u00fcr Sentron ISFET-Elektroden. PH-Messbereich von 0 bis 14 und Temperatur von -5 bis 120 \u00b0C.\" \/>\n<meta name=\"robots\" content=\"index, follow, max-snippet:-1, max-image-preview:large, max-video-preview:-1\" \/>\n<link rel=\"canonical\" href=\"https:\/\/sysmatec.ch\/de\/produit\/isfet-ph-meter-sentron-si400\/\" \/>\n<meta property=\"og:locale\" content=\"de_DE\" \/>\n<meta property=\"og:type\" content=\"article\" \/>\n<meta property=\"og:title\" content=\"ISFET pH Meter Sentron SI400 - Sysmatec\" \/>\n<meta property=\"og:description\" content=\"Tragbares pH-Meter f\u00fcr Sentron ISFET-Elektroden. PH-Messbereich von 0 bis 14 und Temperatur von -5 bis 120 \u00b0C.\" \/>\n<meta property=\"og:url\" content=\"https:\/\/sysmatec.ch\/de\/produit\/isfet-ph-meter-sentron-si400\/\" \/>\n<meta property=\"og:site_name\" content=\"Sysmatec\" \/>\n<meta property=\"article:modified_time\" content=\"2022-01-03T15:18:32+00:00\" \/>\n<meta property=\"og:image\" content=\"https:\/\/sysmatec.ch\/wp-content\/uploads\/2019\/06\/pH_SentronSI400.jpg\" \/>\n\t<meta property=\"og:image:width\" content=\"129\" \/>\n\t<meta property=\"og:image:height\" content=\"259\" \/>\n\t<meta property=\"og:image:type\" content=\"image\/jpeg\" \/>\n<meta name=\"twitter:card\" content=\"summary_large_image\" \/>\n<meta name=\"twitter:label1\" content=\"Gesch\u00e4tzte Lesezeit\" \/>\n\t<meta name=\"twitter:data1\" content=\"1\u00a0Minute\" \/>\n<script type=\"application\/ld+json\" class=\"yoast-schema-graph\">{\"@context\":\"https:\\\/\\\/schema.org\",\"@graph\":[{\"@type\":\"WebPage\",\"@id\":\"https:\\\/\\\/sysmatec.ch\\\/de\\\/produit\\\/isfet-ph-meter-sentron-si400\\\/\",\"url\":\"https:\\\/\\\/sysmatec.ch\\\/de\\\/produit\\\/isfet-ph-meter-sentron-si400\\\/\",\"name\":\"ISFET pH Meter Sentron SI400 - Sysmatec\",\"isPartOf\":{\"@id\":\"https:\\\/\\\/sysmatec.ch\\\/de\\\/#website\"},\"primaryImageOfPage\":{\"@id\":\"https:\\\/\\\/sysmatec.ch\\\/de\\\/produit\\\/isfet-ph-meter-sentron-si400\\\/#primaryimage\"},\"image\":{\"@id\":\"https:\\\/\\\/sysmatec.ch\\\/de\\\/produit\\\/isfet-ph-meter-sentron-si400\\\/#primaryimage\"},\"thumbnailUrl\":\"https:\\\/\\\/sysmatec.ch\\\/wp-content\\\/uploads\\\/2019\\\/06\\\/pH_SentronSI400.jpg\",\"datePublished\":\"2019-06-18T15:48:27+00:00\",\"dateModified\":\"2022-01-03T15:18:32+00:00\",\"description\":\"Tragbares pH-Meter f\u00fcr Sentron ISFET-Elektroden. PH-Messbereich von 0 bis 14 und Temperatur von -5 bis 120 \u00b0C.\",\"breadcrumb\":{\"@id\":\"https:\\\/\\\/sysmatec.ch\\\/de\\\/produit\\\/isfet-ph-meter-sentron-si400\\\/#breadcrumb\"},\"inLanguage\":\"de\",\"potentialAction\":[{\"@type\":\"ReadAction\",\"target\":[\"https:\\\/\\\/sysmatec.ch\\\/de\\\/produit\\\/isfet-ph-meter-sentron-si400\\\/\"]}]},{\"@type\":\"ImageObject\",\"inLanguage\":\"de\",\"@id\":\"https:\\\/\\\/sysmatec.ch\\\/de\\\/produit\\\/isfet-ph-meter-sentron-si400\\\/#primaryimage\",\"url\":\"https:\\\/\\\/sysmatec.ch\\\/wp-content\\\/uploads\\\/2019\\\/06\\\/pH_SentronSI400.jpg\",\"contentUrl\":\"https:\\\/\\\/sysmatec.ch\\\/wp-content\\\/uploads\\\/2019\\\/06\\\/pH_SentronSI400.jpg\",\"width\":129,\"height\":259},{\"@type\":\"BreadcrumbList\",\"@id\":\"https:\\\/\\\/sysmatec.ch\\\/de\\\/produit\\\/isfet-ph-meter-sentron-si400\\\/#breadcrumb\",\"itemListElement\":[{\"@type\":\"ListItem\",\"position\":1,\"name\":\"Accueil\",\"item\":\"https:\\\/\\\/sysmatec.ch\\\/de\\\/\"},{\"@type\":\"ListItem\",\"position\":2,\"name\":\"Die Aktivit\u00e4t von Sysmatec\",\"item\":\"https:\\\/\\\/sysmatec.ch\\\/de\\\/\"},{\"@type\":\"ListItem\",\"position\":3,\"name\":\"ISFET pH Meter Sentron SI400\"}]},{\"@type\":\"WebSite\",\"@id\":\"https:\\\/\\\/sysmatec.ch\\\/de\\\/#website\",\"url\":\"https:\\\/\\\/sysmatec.ch\\\/de\\\/\",\"name\":\"Sysmatec\",\"description\":\"Equipement de laboratoire et logiciels\",\"publisher\":{\"@id\":\"https:\\\/\\\/sysmatec.ch\\\/de\\\/#organization\"},\"potentialAction\":[{\"@type\":\"SearchAction\",\"target\":{\"@type\":\"EntryPoint\",\"urlTemplate\":\"https:\\\/\\\/sysmatec.ch\\\/de\\\/?s={search_term_string}\"},\"query-input\":{\"@type\":\"PropertyValueSpecification\",\"valueRequired\":true,\"valueName\":\"search_term_string\"}}],\"inLanguage\":\"de\"},{\"@type\":\"Organization\",\"@id\":\"https:\\\/\\\/sysmatec.ch\\\/de\\\/#organization\",\"name\":\"Sysmatec\",\"url\":\"https:\\\/\\\/sysmatec.ch\\\/de\\\/\",\"logo\":{\"@type\":\"ImageObject\",\"inLanguage\":\"de\",\"@id\":\"https:\\\/\\\/sysmatec.ch\\\/de\\\/#\\\/schema\\\/logo\\\/image\\\/\",\"url\":\"https:\\\/\\\/sysmatec.ch\\\/wp-content\\\/uploads\\\/2018\\\/11\\\/LogoSysmatec.jpg\",\"contentUrl\":\"https:\\\/\\\/sysmatec.ch\\\/wp-content\\\/uploads\\\/2018\\\/11\\\/LogoSysmatec.jpg\",\"width\":301,\"height\":297,\"caption\":\"Sysmatec\"},\"image\":{\"@id\":\"https:\\\/\\\/sysmatec.ch\\\/de\\\/#\\\/schema\\\/logo\\\/image\\\/\"}}]}<\/script>\n<!-- \/ Yoast SEO plugin. -->","yoast_head_json":{"title":"ISFET pH Meter Sentron SI400 - Sysmatec","description":"Tragbares pH-Meter f\u00fcr Sentron ISFET-Elektroden. PH-Messbereich von 0 bis 14 und Temperatur von -5 bis 120 \u00b0C.","robots":{"index":"index","follow":"follow","max-snippet":"max-snippet:-1","max-image-preview":"max-image-preview:large","max-video-preview":"max-video-preview:-1"},"canonical":"https:\/\/sysmatec.ch\/de\/produit\/isfet-ph-meter-sentron-si400\/","og_locale":"de_DE","og_type":"article","og_title":"ISFET pH Meter Sentron SI400 - Sysmatec","og_description":"Tragbares pH-Meter f\u00fcr Sentron ISFET-Elektroden. PH-Messbereich von 0 bis 14 und Temperatur von -5 bis 120 \u00b0C.","og_url":"https:\/\/sysmatec.ch\/de\/produit\/isfet-ph-meter-sentron-si400\/","og_site_name":"Sysmatec","article_modified_time":"2022-01-03T15:18:32+00:00","og_image":[{"width":129,"height":259,"url":"https:\/\/sysmatec.ch\/wp-content\/uploads\/2019\/06\/pH_SentronSI400.jpg","type":"image\/jpeg"}],"twitter_card":"summary_large_image","twitter_misc":{"Gesch\u00e4tzte Lesezeit":"1\u00a0Minute"},"schema":{"@context":"https:\/\/schema.org","@graph":[{"@type":"WebPage","@id":"https:\/\/sysmatec.ch\/de\/produit\/isfet-ph-meter-sentron-si400\/","url":"https:\/\/sysmatec.ch\/de\/produit\/isfet-ph-meter-sentron-si400\/","name":"ISFET pH Meter Sentron SI400 - Sysmatec","isPartOf":{"@id":"https:\/\/sysmatec.ch\/de\/#website"},"primaryImageOfPage":{"@id":"https:\/\/sysmatec.ch\/de\/produit\/isfet-ph-meter-sentron-si400\/#primaryimage"},"image":{"@id":"https:\/\/sysmatec.ch\/de\/produit\/isfet-ph-meter-sentron-si400\/#primaryimage"},"thumbnailUrl":"https:\/\/sysmatec.ch\/wp-content\/uploads\/2019\/06\/pH_SentronSI400.jpg","datePublished":"2019-06-18T15:48:27+00:00","dateModified":"2022-01-03T15:18:32+00:00","description":"Tragbares pH-Meter f\u00fcr Sentron ISFET-Elektroden. PH-Messbereich von 0 bis 14 und Temperatur von -5 bis 120 \u00b0C.","breadcrumb":{"@id":"https:\/\/sysmatec.ch\/de\/produit\/isfet-ph-meter-sentron-si400\/#breadcrumb"},"inLanguage":"de","potentialAction":[{"@type":"ReadAction","target":["https:\/\/sysmatec.ch\/de\/produit\/isfet-ph-meter-sentron-si400\/"]}]},{"@type":"ImageObject","inLanguage":"de","@id":"https:\/\/sysmatec.ch\/de\/produit\/isfet-ph-meter-sentron-si400\/#primaryimage","url":"https:\/\/sysmatec.ch\/wp-content\/uploads\/2019\/06\/pH_SentronSI400.jpg","contentUrl":"https:\/\/sysmatec.ch\/wp-content\/uploads\/2019\/06\/pH_SentronSI400.jpg","width":129,"height":259},{"@type":"BreadcrumbList","@id":"https:\/\/sysmatec.ch\/de\/produit\/isfet-ph-meter-sentron-si400\/#breadcrumb","itemListElement":[{"@type":"ListItem","position":1,"name":"Accueil","item":"https:\/\/sysmatec.ch\/de\/"},{"@type":"ListItem","position":2,"name":"Die Aktivit\u00e4t von Sysmatec","item":"https:\/\/sysmatec.ch\/de\/"},{"@type":"ListItem","position":3,"name":"ISFET pH Meter Sentron SI400"}]},{"@type":"WebSite","@id":"https:\/\/sysmatec.ch\/de\/#website","url":"https:\/\/sysmatec.ch\/de\/","name":"Sysmatec","description":"Equipement de laboratoire et logiciels","publisher":{"@id":"https:\/\/sysmatec.ch\/de\/#organization"},"potentialAction":[{"@type":"SearchAction","target":{"@type":"EntryPoint","urlTemplate":"https:\/\/sysmatec.ch\/de\/?s={search_term_string}"},"query-input":{"@type":"PropertyValueSpecification","valueRequired":true,"valueName":"search_term_string"}}],"inLanguage":"de"},{"@type":"Organization","@id":"https:\/\/sysmatec.ch\/de\/#organization","name":"Sysmatec","url":"https:\/\/sysmatec.ch\/de\/","logo":{"@type":"ImageObject","inLanguage":"de","@id":"https:\/\/sysmatec.ch\/de\/#\/schema\/logo\/image\/","url":"https:\/\/sysmatec.ch\/wp-content\/uploads\/2018\/11\/LogoSysmatec.jpg","contentUrl":"https:\/\/sysmatec.ch\/wp-content\/uploads\/2018\/11\/LogoSysmatec.jpg","width":301,"height":297,"caption":"Sysmatec"},"image":{"@id":"https:\/\/sysmatec.ch\/de\/#\/schema\/logo\/image\/"}}]}},"_links":{"self":[{"href":"https:\/\/sysmatec.ch\/de\/wp-json\/wp\/v2\/product\/6964","targetHints":{"allow":["GET"]}}],"collection":[{"href":"https:\/\/sysmatec.ch\/de\/wp-json\/wp\/v2\/product"}],"about":[{"href":"https:\/\/sysmatec.ch\/de\/wp-json\/wp\/v2\/types\/product"}],"wp:featuredmedia":[{"embeddable":true,"href":"https:\/\/sysmatec.ch\/de\/wp-json\/wp\/v2\/media\/6962"}],"wp:attachment":[{"href":"https:\/\/sysmatec.ch\/de\/wp-json\/wp\/v2\/media?parent=6964"}],"wp:term":[{"taxonomy":"product_brand","embeddable":true,"href":"https:\/\/sysmatec.ch\/de\/wp-json\/wp\/v2\/product_brand?post=6964"},{"taxonomy":"product_cat","embeddable":true,"href":"https:\/\/sysmatec.ch\/de\/wp-json\/wp\/v2\/product_cat?post=6964"},{"taxonomy":"product_tag","embeddable":true,"href":"https:\/\/sysmatec.ch\/de\/wp-json\/wp\/v2\/product_tag?post=6964"}],"curies":[{"name":"wp","href":"https:\/\/api.w.org\/{rel}","templated":true}]}}