{"id":6921,"date":"2019-06-18T15:48:46","date_gmt":"2019-06-18T13:48:46","guid":{"rendered":"https:\/\/sysmatec.ch\/produit\/ph-metre-conductimetre-heitolab-mpc-350\/"},"modified":"2022-01-03T18:25:17","modified_gmt":"2022-01-03T17:25:17","slug":"ph-messung-leitfaehigkeit-messung-heitolab-mpc-350","status":"publish","type":"product","link":"https:\/\/sysmatec.ch\/de\/Produkt\/ph-messung-leitfaehigkeit-messung-heitolab-mpc-350\/","title":{"rendered":"pH-Messung\/Leitf\u00e4higkeit-Messung Heitolab MPC 350"},"content":{"rendered":"<ul>\n<li>pH\/mV\/Konduktivit\u00e4t und Temperatur werden gleichzeitig angezeigt<\/li>\n<li>pH Messbereich: von 0 bis 14<\/li>\n<li>Redox Potential Messbereich: von -2000 bis 2000 mV<\/li>\n<li>Konduktivit\u00e4t Messbereich: 2000 nS, 20 uS, 200 uS, 2000 uS, 20 mS, 200 mS<\/li>\n<li>automatische oder manuelle Umschaltung des Messbereiches f\u00fcr die Konduktivit\u00e4tsmessung<\/li>\n<li>Temperatur Messbereich: 0- 150 \u00b0C<\/li>\n<li>Aufl\u00f6sung bei pH Messung: 0,01 Einheit<\/li>\n<li>Aufl\u00f6sung bei Redox Messung: 1 mV<\/li>\n<li>Aufl\u00f6sung bei Temperatur Messung: 0,1 \u00b0C<\/li>\n<li>automatische oder manuelle Kalibration mit einer oder zwei Pufferl\u00f6sung f\u00fcr den pH<\/li>\n<li>manuelle Kalibration mit einer L\u00f6sung f\u00fcr den Redox Potenzial<\/li>\n<li>automatische Korrektur mit der Temperatur (manuelle Korrektur wenn keine Pt100 angeschlossen ist)<\/li>\n<li>Messzelle Koeffizient Einstellung<\/li>\n<li>Eing\u00e4nge:\n<ul>\n<li>BNC und Banane Stecker f\u00fcr die Elektrode<\/li>\n<li>5 Pin Eingang f\u00fcr die Temperaturmessung<\/li>\n<\/ul>\n<\/li>\n<li>Ausg\u00e4nge: RS232 Schnittstelle und 0-5 V standardm\u00e4ssig (oder sortie 0-2 V als Option)<\/li>\n<li>Netzadapter 220 V \/ 9 V inklusiv<\/li>\n<li>Abmessung: 275 x 208 x 51 mm<\/li>\n<\/ul>\n","protected":false},"excerpt":{"rendered":"<p>pH-Messung\/Leitf\u00e4higkeit-Messung. Bereich pH 0-14 und Leitf\u00e4higkeit 0 bis 200 mS.<\/p>\n","protected":false},"featured_media":6919,"template":"","meta":{"_crdt_document":""},"product_brand":[],"product_cat":[194,241],"product_tag":[],"class_list":{"0":"post-6921","1":"product","2":"type-product","3":"status-publish","4":"has-post-thumbnail","6":"product_cat-leitfaehigkeit","7":"product_cat-ph-de","9":"first","10":"instock","11":"taxable","12":"shipping-taxable","13":"product-type-simple"},"yoast_head":"<!-- This site is optimized with the Yoast SEO plugin v27.3 - https:\/\/yoast.com\/product\/yoast-seo-wordpress\/ -->\n<title>pH-Messung\/Leitf\u00e4higkeit-Messung Heitolab MPC 350 - Sysmatec<\/title>\n<meta name=\"description\" content=\"pH-Meter \/ Leitf\u00e4higkeitsmesser zur Messung von pH und Leitf\u00e4higkeit am gleichen Ger\u00e4t. Bereich pH 0-14 und Leitf\u00e4higkeit 0 bis 200 mS.\" \/>\n<meta name=\"robots\" content=\"index, follow, max-snippet:-1, max-image-preview:large, max-video-preview:-1\" \/>\n<link rel=\"canonical\" href=\"https:\/\/sysmatec.ch\/de\/produit\/ph-messung-leitfaehigkeit-messung-heitolab-mpc-350\/\" \/>\n<meta property=\"og:locale\" content=\"de_DE\" \/>\n<meta property=\"og:type\" content=\"article\" \/>\n<meta property=\"og:title\" content=\"pH-Messung\/Leitf\u00e4higkeit-Messung Heitolab MPC 350 - Sysmatec\" \/>\n<meta property=\"og:description\" content=\"pH-Meter \/ Leitf\u00e4higkeitsmesser zur Messung von pH und Leitf\u00e4higkeit am gleichen Ger\u00e4t. Bereich pH 0-14 und Leitf\u00e4higkeit 0 bis 200 mS.\" \/>\n<meta property=\"og:url\" content=\"https:\/\/sysmatec.ch\/de\/produit\/ph-messung-leitfaehigkeit-messung-heitolab-mpc-350\/\" \/>\n<meta property=\"og:site_name\" content=\"Sysmatec\" \/>\n<meta property=\"article:modified_time\" content=\"2022-01-03T17:25:17+00:00\" \/>\n<meta property=\"og:image\" content=\"https:\/\/sysmatec.ch\/wp-content\/uploads\/2019\/06\/pH_HEITOHeitolabMPC350.gif\" \/>\n\t<meta property=\"og:image:width\" content=\"119\" \/>\n\t<meta property=\"og:image:height\" content=\"89\" \/>\n\t<meta property=\"og:image:type\" content=\"image\/gif\" \/>\n<meta name=\"twitter:card\" content=\"summary_large_image\" \/>\n<meta name=\"twitter:label1\" content=\"Gesch\u00e4tzte Lesezeit\" \/>\n\t<meta name=\"twitter:data1\" content=\"1\u00a0Minute\" \/>\n<script type=\"application\/ld+json\" class=\"yoast-schema-graph\">{\"@context\":\"https:\\\/\\\/schema.org\",\"@graph\":[{\"@type\":\"WebPage\",\"@id\":\"https:\\\/\\\/sysmatec.ch\\\/de\\\/produit\\\/ph-messung-leitfaehigkeit-messung-heitolab-mpc-350\\\/\",\"url\":\"https:\\\/\\\/sysmatec.ch\\\/de\\\/produit\\\/ph-messung-leitfaehigkeit-messung-heitolab-mpc-350\\\/\",\"name\":\"pH-Messung\\\/Leitf\u00e4higkeit-Messung Heitolab MPC 350 - Sysmatec\",\"isPartOf\":{\"@id\":\"https:\\\/\\\/sysmatec.ch\\\/de\\\/#website\"},\"primaryImageOfPage\":{\"@id\":\"https:\\\/\\\/sysmatec.ch\\\/de\\\/produit\\\/ph-messung-leitfaehigkeit-messung-heitolab-mpc-350\\\/#primaryimage\"},\"image\":{\"@id\":\"https:\\\/\\\/sysmatec.ch\\\/de\\\/produit\\\/ph-messung-leitfaehigkeit-messung-heitolab-mpc-350\\\/#primaryimage\"},\"thumbnailUrl\":\"https:\\\/\\\/sysmatec.ch\\\/wp-content\\\/uploads\\\/2019\\\/06\\\/pH_HEITOHeitolabMPC350.gif\",\"datePublished\":\"2019-06-18T13:48:46+00:00\",\"dateModified\":\"2022-01-03T17:25:17+00:00\",\"description\":\"pH-Meter \\\/ Leitf\u00e4higkeitsmesser zur Messung von pH und Leitf\u00e4higkeit am gleichen Ger\u00e4t. Bereich pH 0-14 und Leitf\u00e4higkeit 0 bis 200 mS.\",\"breadcrumb\":{\"@id\":\"https:\\\/\\\/sysmatec.ch\\\/de\\\/produit\\\/ph-messung-leitfaehigkeit-messung-heitolab-mpc-350\\\/#breadcrumb\"},\"inLanguage\":\"de\",\"potentialAction\":[{\"@type\":\"ReadAction\",\"target\":[\"https:\\\/\\\/sysmatec.ch\\\/de\\\/produit\\\/ph-messung-leitfaehigkeit-messung-heitolab-mpc-350\\\/\"]}]},{\"@type\":\"ImageObject\",\"inLanguage\":\"de\",\"@id\":\"https:\\\/\\\/sysmatec.ch\\\/de\\\/produit\\\/ph-messung-leitfaehigkeit-messung-heitolab-mpc-350\\\/#primaryimage\",\"url\":\"https:\\\/\\\/sysmatec.ch\\\/wp-content\\\/uploads\\\/2019\\\/06\\\/pH_HEITOHeitolabMPC350.gif\",\"contentUrl\":\"https:\\\/\\\/sysmatec.ch\\\/wp-content\\\/uploads\\\/2019\\\/06\\\/pH_HEITOHeitolabMPC350.gif\",\"width\":119,\"height\":89},{\"@type\":\"BreadcrumbList\",\"@id\":\"https:\\\/\\\/sysmatec.ch\\\/de\\\/produit\\\/ph-messung-leitfaehigkeit-messung-heitolab-mpc-350\\\/#breadcrumb\",\"itemListElement\":[{\"@type\":\"ListItem\",\"position\":1,\"name\":\"Accueil\",\"item\":\"https:\\\/\\\/sysmatec.ch\\\/de\\\/\"},{\"@type\":\"ListItem\",\"position\":2,\"name\":\"Die Aktivit\u00e4t von Sysmatec\",\"item\":\"https:\\\/\\\/sysmatec.ch\\\/de\\\/\"},{\"@type\":\"ListItem\",\"position\":3,\"name\":\"pH-Messung\\\/Leitf\u00e4higkeit-Messung Heitolab MPC 350\"}]},{\"@type\":\"WebSite\",\"@id\":\"https:\\\/\\\/sysmatec.ch\\\/de\\\/#website\",\"url\":\"https:\\\/\\\/sysmatec.ch\\\/de\\\/\",\"name\":\"Sysmatec\",\"description\":\"Equipement de laboratoire et logiciels\",\"publisher\":{\"@id\":\"https:\\\/\\\/sysmatec.ch\\\/de\\\/#organization\"},\"potentialAction\":[{\"@type\":\"SearchAction\",\"target\":{\"@type\":\"EntryPoint\",\"urlTemplate\":\"https:\\\/\\\/sysmatec.ch\\\/de\\\/?s={search_term_string}\"},\"query-input\":{\"@type\":\"PropertyValueSpecification\",\"valueRequired\":true,\"valueName\":\"search_term_string\"}}],\"inLanguage\":\"de\"},{\"@type\":\"Organization\",\"@id\":\"https:\\\/\\\/sysmatec.ch\\\/de\\\/#organization\",\"name\":\"Sysmatec\",\"url\":\"https:\\\/\\\/sysmatec.ch\\\/de\\\/\",\"logo\":{\"@type\":\"ImageObject\",\"inLanguage\":\"de\",\"@id\":\"https:\\\/\\\/sysmatec.ch\\\/de\\\/#\\\/schema\\\/logo\\\/image\\\/\",\"url\":\"https:\\\/\\\/sysmatec.ch\\\/wp-content\\\/uploads\\\/2018\\\/11\\\/LogoSysmatec.jpg\",\"contentUrl\":\"https:\\\/\\\/sysmatec.ch\\\/wp-content\\\/uploads\\\/2018\\\/11\\\/LogoSysmatec.jpg\",\"width\":301,\"height\":297,\"caption\":\"Sysmatec\"},\"image\":{\"@id\":\"https:\\\/\\\/sysmatec.ch\\\/de\\\/#\\\/schema\\\/logo\\\/image\\\/\"}}]}<\/script>\n<!-- \/ Yoast SEO plugin. -->","yoast_head_json":{"title":"pH-Messung\/Leitf\u00e4higkeit-Messung Heitolab MPC 350 - Sysmatec","description":"pH-Meter \/ Leitf\u00e4higkeitsmesser zur Messung von pH und Leitf\u00e4higkeit am gleichen Ger\u00e4t. Bereich pH 0-14 und Leitf\u00e4higkeit 0 bis 200 mS.","robots":{"index":"index","follow":"follow","max-snippet":"max-snippet:-1","max-image-preview":"max-image-preview:large","max-video-preview":"max-video-preview:-1"},"canonical":"https:\/\/sysmatec.ch\/de\/produit\/ph-messung-leitfaehigkeit-messung-heitolab-mpc-350\/","og_locale":"de_DE","og_type":"article","og_title":"pH-Messung\/Leitf\u00e4higkeit-Messung Heitolab MPC 350 - Sysmatec","og_description":"pH-Meter \/ Leitf\u00e4higkeitsmesser zur Messung von pH und Leitf\u00e4higkeit am gleichen Ger\u00e4t. Bereich pH 0-14 und Leitf\u00e4higkeit 0 bis 200 mS.","og_url":"https:\/\/sysmatec.ch\/de\/produit\/ph-messung-leitfaehigkeit-messung-heitolab-mpc-350\/","og_site_name":"Sysmatec","article_modified_time":"2022-01-03T17:25:17+00:00","og_image":[{"width":119,"height":89,"url":"https:\/\/sysmatec.ch\/wp-content\/uploads\/2019\/06\/pH_HEITOHeitolabMPC350.gif","type":"image\/gif"}],"twitter_card":"summary_large_image","twitter_misc":{"Gesch\u00e4tzte Lesezeit":"1\u00a0Minute"},"schema":{"@context":"https:\/\/schema.org","@graph":[{"@type":"WebPage","@id":"https:\/\/sysmatec.ch\/de\/produit\/ph-messung-leitfaehigkeit-messung-heitolab-mpc-350\/","url":"https:\/\/sysmatec.ch\/de\/produit\/ph-messung-leitfaehigkeit-messung-heitolab-mpc-350\/","name":"pH-Messung\/Leitf\u00e4higkeit-Messung Heitolab MPC 350 - Sysmatec","isPartOf":{"@id":"https:\/\/sysmatec.ch\/de\/#website"},"primaryImageOfPage":{"@id":"https:\/\/sysmatec.ch\/de\/produit\/ph-messung-leitfaehigkeit-messung-heitolab-mpc-350\/#primaryimage"},"image":{"@id":"https:\/\/sysmatec.ch\/de\/produit\/ph-messung-leitfaehigkeit-messung-heitolab-mpc-350\/#primaryimage"},"thumbnailUrl":"https:\/\/sysmatec.ch\/wp-content\/uploads\/2019\/06\/pH_HEITOHeitolabMPC350.gif","datePublished":"2019-06-18T13:48:46+00:00","dateModified":"2022-01-03T17:25:17+00:00","description":"pH-Meter \/ Leitf\u00e4higkeitsmesser zur Messung von pH und Leitf\u00e4higkeit am gleichen Ger\u00e4t. Bereich pH 0-14 und Leitf\u00e4higkeit 0 bis 200 mS.","breadcrumb":{"@id":"https:\/\/sysmatec.ch\/de\/produit\/ph-messung-leitfaehigkeit-messung-heitolab-mpc-350\/#breadcrumb"},"inLanguage":"de","potentialAction":[{"@type":"ReadAction","target":["https:\/\/sysmatec.ch\/de\/produit\/ph-messung-leitfaehigkeit-messung-heitolab-mpc-350\/"]}]},{"@type":"ImageObject","inLanguage":"de","@id":"https:\/\/sysmatec.ch\/de\/produit\/ph-messung-leitfaehigkeit-messung-heitolab-mpc-350\/#primaryimage","url":"https:\/\/sysmatec.ch\/wp-content\/uploads\/2019\/06\/pH_HEITOHeitolabMPC350.gif","contentUrl":"https:\/\/sysmatec.ch\/wp-content\/uploads\/2019\/06\/pH_HEITOHeitolabMPC350.gif","width":119,"height":89},{"@type":"BreadcrumbList","@id":"https:\/\/sysmatec.ch\/de\/produit\/ph-messung-leitfaehigkeit-messung-heitolab-mpc-350\/#breadcrumb","itemListElement":[{"@type":"ListItem","position":1,"name":"Accueil","item":"https:\/\/sysmatec.ch\/de\/"},{"@type":"ListItem","position":2,"name":"Die Aktivit\u00e4t von Sysmatec","item":"https:\/\/sysmatec.ch\/de\/"},{"@type":"ListItem","position":3,"name":"pH-Messung\/Leitf\u00e4higkeit-Messung Heitolab MPC 350"}]},{"@type":"WebSite","@id":"https:\/\/sysmatec.ch\/de\/#website","url":"https:\/\/sysmatec.ch\/de\/","name":"Sysmatec","description":"Equipement de laboratoire et logiciels","publisher":{"@id":"https:\/\/sysmatec.ch\/de\/#organization"},"potentialAction":[{"@type":"SearchAction","target":{"@type":"EntryPoint","urlTemplate":"https:\/\/sysmatec.ch\/de\/?s={search_term_string}"},"query-input":{"@type":"PropertyValueSpecification","valueRequired":true,"valueName":"search_term_string"}}],"inLanguage":"de"},{"@type":"Organization","@id":"https:\/\/sysmatec.ch\/de\/#organization","name":"Sysmatec","url":"https:\/\/sysmatec.ch\/de\/","logo":{"@type":"ImageObject","inLanguage":"de","@id":"https:\/\/sysmatec.ch\/de\/#\/schema\/logo\/image\/","url":"https:\/\/sysmatec.ch\/wp-content\/uploads\/2018\/11\/LogoSysmatec.jpg","contentUrl":"https:\/\/sysmatec.ch\/wp-content\/uploads\/2018\/11\/LogoSysmatec.jpg","width":301,"height":297,"caption":"Sysmatec"},"image":{"@id":"https:\/\/sysmatec.ch\/de\/#\/schema\/logo\/image\/"}}]}},"_links":{"self":[{"href":"https:\/\/sysmatec.ch\/de\/wp-json\/wp\/v2\/product\/6921","targetHints":{"allow":["GET"]}}],"collection":[{"href":"https:\/\/sysmatec.ch\/de\/wp-json\/wp\/v2\/product"}],"about":[{"href":"https:\/\/sysmatec.ch\/de\/wp-json\/wp\/v2\/types\/product"}],"wp:featuredmedia":[{"embeddable":true,"href":"https:\/\/sysmatec.ch\/de\/wp-json\/wp\/v2\/media\/6919"}],"wp:attachment":[{"href":"https:\/\/sysmatec.ch\/de\/wp-json\/wp\/v2\/media?parent=6921"}],"wp:term":[{"taxonomy":"product_brand","embeddable":true,"href":"https:\/\/sysmatec.ch\/de\/wp-json\/wp\/v2\/product_brand?post=6921"},{"taxonomy":"product_cat","embeddable":true,"href":"https:\/\/sysmatec.ch\/de\/wp-json\/wp\/v2\/product_cat?post=6921"},{"taxonomy":"product_tag","embeddable":true,"href":"https:\/\/sysmatec.ch\/de\/wp-json\/wp\/v2\/product_tag?post=6921"}],"curies":[{"name":"wp","href":"https:\/\/api.w.org\/{rel}","templated":true}]}}