{"id":6881,"date":"2019-06-18T14:10:02","date_gmt":"2019-06-18T12:10:02","guid":{"rendered":"https:\/\/sysmatec.ch\/produit\/microdirect-ph-redox\/"},"modified":"2022-01-03T19:44:41","modified_gmt":"2022-01-03T18:44:41","slug":"microdirect-ph-redox","status":"publish","type":"product","link":"https:\/\/sysmatec.ch\/de\/Produkt\/microdirect-ph-redox\/","title":{"rendered":"MicroDirect pH\/Redox"},"content":{"rendered":"<p>wasserdicht<\/p>\n<p>Die CHECKIT\u00aemicro Serie WP zur Bestimmung von pH und Redox, bietet dem Anwender ein wasser- und staubdichtes (IP67) System. Das kompakte und robuste Geh\u00e4use, sowie die M\u00f6glichkeit die Elektrode auszutauschen, erf\u00fcllen die hohen Anspr\u00fcche heutiger Technologie.<\/p>\n<p>Alle Ger\u00e4te bieten eine automatische Abschaltung und die Hold Funktion, die auf Tastendruck ein &#8218;Einfrieren&#8216; des Messwertes im Displays erm\u00f6glicht. Die unterschiedlichen Versionen gibt es bezogen auf die Anwendung in unterschiedlichen Messbereichen und Genauigkeiten.<\/p>\n<p>Arbeitstemperatur: 0-50 \u00b0C<\/p>\n<p>Batteriekapazit\u00e4t: &gt; 150 h<\/p>\n<p>MicroDirect pH2<\/p>\n<ul>\n<li>Messbereich: 0 bis14<\/li>\n<li>Aufl\u00f6sung: 0.1<\/li>\n<li>Genauigkeit: +\/-0.1<\/li>\n<li>Kalibrierung: 3 Punkt<\/li>\n<li>mit Temperatur Kompensation<\/li>\n<\/ul>\n<p>MicroDirect pH30<\/p>\n<ul>\n<li>Messbereich: 0 bis 14<\/li>\n<li>Aufl\u00f6sung: 0.01<\/li>\n<li>Genauigkeit: 0.01<\/li>\n<li>Kalibrierung:\u00a03 Punkt<\/li>\n<li>mit Temperatur Kompensation<\/li>\n<\/ul>\n<p>MicroDirect OP\/Redox<\/p>\n<ul>\n<li>Messbereich: -999 bis +1000 mV<\/li>\n<li>Aufl\u00f6sung: 1 mV<\/li>\n<li>Genauigkeit: 1 % Full Scale<\/li>\n<li>Kalibrierung: ja<\/li>\n<\/ul>\n","protected":false},"excerpt":{"rendered":"<p>pH \/ Redox Messung<\/p>\n","protected":false},"featured_media":6879,"template":"","meta":{"_crdt_document":""},"product_brand":[],"product_cat":[241,242],"product_tag":[],"class_list":{"0":"post-6881","1":"product","2":"type-product","3":"status-publish","4":"has-post-thumbnail","6":"product_cat-ph-de","7":"product_cat-redox-de","9":"first","10":"instock","11":"taxable","12":"shipping-taxable","13":"product-type-simple"},"yoast_head":"<!-- This site is optimized with the Yoast SEO plugin v27.6 - https:\/\/yoast.com\/product\/yoast-seo-wordpress\/ -->\n<title>MicroDirect pH\/Redox - Sysmatec<\/title>\n<meta name=\"description\" content=\"Kompaktes, wasserdichtes pH-Meter. PH-Messbereich von 0 bis 14. Optionale Redoxpotentialmessung, Bereich von -999 mV bis 1000 mV.\" \/>\n<meta name=\"robots\" content=\"index, follow, max-snippet:-1, max-image-preview:large, max-video-preview:-1\" \/>\n<link rel=\"canonical\" href=\"https:\/\/sysmatec.ch\/de\/produit\/microdirect-ph-redox\/\" \/>\n<meta property=\"og:locale\" content=\"de_DE\" \/>\n<meta property=\"og:type\" content=\"article\" \/>\n<meta property=\"og:title\" content=\"MicroDirect pH\/Redox - Sysmatec\" \/>\n<meta property=\"og:description\" content=\"Kompaktes, wasserdichtes pH-Meter. PH-Messbereich von 0 bis 14. Optionale Redoxpotentialmessung, Bereich von -999 mV bis 1000 mV.\" \/>\n<meta property=\"og:url\" content=\"https:\/\/sysmatec.ch\/de\/produit\/microdirect-ph-redox\/\" \/>\n<meta property=\"og:site_name\" content=\"Sysmatec\" \/>\n<meta property=\"article:modified_time\" content=\"2022-01-03T18:44:41+00:00\" \/>\n<meta property=\"og:image\" content=\"https:\/\/sysmatec.ch\/wp-content\/uploads\/2019\/06\/Niveau_TintometerCheckitMicroWP.gif\" \/>\n\t<meta property=\"og:image:width\" content=\"152\" \/>\n\t<meta property=\"og:image:height\" content=\"157\" \/>\n\t<meta property=\"og:image:type\" content=\"image\/gif\" \/>\n<meta name=\"twitter:card\" content=\"summary_large_image\" \/>\n<meta name=\"twitter:label1\" content=\"Gesch\u00e4tzte Lesezeit\" \/>\n\t<meta name=\"twitter:data1\" content=\"1\u00a0Minute\" \/>\n<script type=\"application\/ld+json\" class=\"yoast-schema-graph\">{\"@context\":\"https:\\\/\\\/schema.org\",\"@graph\":[{\"@type\":\"WebPage\",\"@id\":\"https:\\\/\\\/sysmatec.ch\\\/de\\\/produit\\\/microdirect-ph-redox\\\/\",\"url\":\"https:\\\/\\\/sysmatec.ch\\\/de\\\/produit\\\/microdirect-ph-redox\\\/\",\"name\":\"MicroDirect pH\\\/Redox - Sysmatec\",\"isPartOf\":{\"@id\":\"https:\\\/\\\/sysmatec.ch\\\/de\\\/#website\"},\"primaryImageOfPage\":{\"@id\":\"https:\\\/\\\/sysmatec.ch\\\/de\\\/produit\\\/microdirect-ph-redox\\\/#primaryimage\"},\"image\":{\"@id\":\"https:\\\/\\\/sysmatec.ch\\\/de\\\/produit\\\/microdirect-ph-redox\\\/#primaryimage\"},\"thumbnailUrl\":\"https:\\\/\\\/sysmatec.ch\\\/wp-content\\\/uploads\\\/2019\\\/06\\\/Niveau_TintometerCheckitMicroWP.gif\",\"datePublished\":\"2019-06-18T12:10:02+00:00\",\"dateModified\":\"2022-01-03T18:44:41+00:00\",\"description\":\"Kompaktes, wasserdichtes pH-Meter. PH-Messbereich von 0 bis 14. Optionale Redoxpotentialmessung, Bereich von -999 mV bis 1000 mV.\",\"breadcrumb\":{\"@id\":\"https:\\\/\\\/sysmatec.ch\\\/de\\\/produit\\\/microdirect-ph-redox\\\/#breadcrumb\"},\"inLanguage\":\"de\",\"potentialAction\":[{\"@type\":\"ReadAction\",\"target\":[\"https:\\\/\\\/sysmatec.ch\\\/de\\\/produit\\\/microdirect-ph-redox\\\/\"]}]},{\"@type\":\"ImageObject\",\"inLanguage\":\"de\",\"@id\":\"https:\\\/\\\/sysmatec.ch\\\/de\\\/produit\\\/microdirect-ph-redox\\\/#primaryimage\",\"url\":\"https:\\\/\\\/sysmatec.ch\\\/wp-content\\\/uploads\\\/2019\\\/06\\\/Niveau_TintometerCheckitMicroWP.gif\",\"contentUrl\":\"https:\\\/\\\/sysmatec.ch\\\/wp-content\\\/uploads\\\/2019\\\/06\\\/Niveau_TintometerCheckitMicroWP.gif\",\"width\":152,\"height\":157},{\"@type\":\"BreadcrumbList\",\"@id\":\"https:\\\/\\\/sysmatec.ch\\\/de\\\/produit\\\/microdirect-ph-redox\\\/#breadcrumb\",\"itemListElement\":[{\"@type\":\"ListItem\",\"position\":1,\"name\":\"Accueil\",\"item\":\"https:\\\/\\\/sysmatec.ch\\\/de\\\/\"},{\"@type\":\"ListItem\",\"position\":2,\"name\":\"Die Aktivit\u00e4t von Sysmatec\",\"item\":\"https:\\\/\\\/sysmatec.ch\\\/de\\\/\"},{\"@type\":\"ListItem\",\"position\":3,\"name\":\"MicroDirect pH\\\/Redox\"}]},{\"@type\":\"WebSite\",\"@id\":\"https:\\\/\\\/sysmatec.ch\\\/de\\\/#website\",\"url\":\"https:\\\/\\\/sysmatec.ch\\\/de\\\/\",\"name\":\"Sysmatec\",\"description\":\"Equipement de laboratoire et logiciels\",\"publisher\":{\"@id\":\"https:\\\/\\\/sysmatec.ch\\\/de\\\/#organization\"},\"potentialAction\":[{\"@type\":\"SearchAction\",\"target\":{\"@type\":\"EntryPoint\",\"urlTemplate\":\"https:\\\/\\\/sysmatec.ch\\\/de\\\/?s={search_term_string}\"},\"query-input\":{\"@type\":\"PropertyValueSpecification\",\"valueRequired\":true,\"valueName\":\"search_term_string\"}}],\"inLanguage\":\"de\"},{\"@type\":\"Organization\",\"@id\":\"https:\\\/\\\/sysmatec.ch\\\/de\\\/#organization\",\"name\":\"Sysmatec\",\"url\":\"https:\\\/\\\/sysmatec.ch\\\/de\\\/\",\"logo\":{\"@type\":\"ImageObject\",\"inLanguage\":\"de\",\"@id\":\"https:\\\/\\\/sysmatec.ch\\\/de\\\/#\\\/schema\\\/logo\\\/image\\\/\",\"url\":\"https:\\\/\\\/sysmatec.ch\\\/wp-content\\\/uploads\\\/2018\\\/11\\\/LogoSysmatec.jpg\",\"contentUrl\":\"https:\\\/\\\/sysmatec.ch\\\/wp-content\\\/uploads\\\/2018\\\/11\\\/LogoSysmatec.jpg\",\"width\":301,\"height\":297,\"caption\":\"Sysmatec\"},\"image\":{\"@id\":\"https:\\\/\\\/sysmatec.ch\\\/de\\\/#\\\/schema\\\/logo\\\/image\\\/\"}}]}<\/script>\n<!-- \/ Yoast SEO plugin. -->","yoast_head_json":{"title":"MicroDirect pH\/Redox - Sysmatec","description":"Kompaktes, wasserdichtes pH-Meter. PH-Messbereich von 0 bis 14. Optionale Redoxpotentialmessung, Bereich von -999 mV bis 1000 mV.","robots":{"index":"index","follow":"follow","max-snippet":"max-snippet:-1","max-image-preview":"max-image-preview:large","max-video-preview":"max-video-preview:-1"},"canonical":"https:\/\/sysmatec.ch\/de\/produit\/microdirect-ph-redox\/","og_locale":"de_DE","og_type":"article","og_title":"MicroDirect pH\/Redox - Sysmatec","og_description":"Kompaktes, wasserdichtes pH-Meter. PH-Messbereich von 0 bis 14. Optionale Redoxpotentialmessung, Bereich von -999 mV bis 1000 mV.","og_url":"https:\/\/sysmatec.ch\/de\/produit\/microdirect-ph-redox\/","og_site_name":"Sysmatec","article_modified_time":"2022-01-03T18:44:41+00:00","og_image":[{"width":152,"height":157,"url":"https:\/\/sysmatec.ch\/wp-content\/uploads\/2019\/06\/Niveau_TintometerCheckitMicroWP.gif","type":"image\/gif"}],"twitter_card":"summary_large_image","twitter_misc":{"Gesch\u00e4tzte Lesezeit":"1\u00a0Minute"},"schema":{"@context":"https:\/\/schema.org","@graph":[{"@type":"WebPage","@id":"https:\/\/sysmatec.ch\/de\/produit\/microdirect-ph-redox\/","url":"https:\/\/sysmatec.ch\/de\/produit\/microdirect-ph-redox\/","name":"MicroDirect pH\/Redox - Sysmatec","isPartOf":{"@id":"https:\/\/sysmatec.ch\/de\/#website"},"primaryImageOfPage":{"@id":"https:\/\/sysmatec.ch\/de\/produit\/microdirect-ph-redox\/#primaryimage"},"image":{"@id":"https:\/\/sysmatec.ch\/de\/produit\/microdirect-ph-redox\/#primaryimage"},"thumbnailUrl":"https:\/\/sysmatec.ch\/wp-content\/uploads\/2019\/06\/Niveau_TintometerCheckitMicroWP.gif","datePublished":"2019-06-18T12:10:02+00:00","dateModified":"2022-01-03T18:44:41+00:00","description":"Kompaktes, wasserdichtes pH-Meter. PH-Messbereich von 0 bis 14. Optionale Redoxpotentialmessung, Bereich von -999 mV bis 1000 mV.","breadcrumb":{"@id":"https:\/\/sysmatec.ch\/de\/produit\/microdirect-ph-redox\/#breadcrumb"},"inLanguage":"de","potentialAction":[{"@type":"ReadAction","target":["https:\/\/sysmatec.ch\/de\/produit\/microdirect-ph-redox\/"]}]},{"@type":"ImageObject","inLanguage":"de","@id":"https:\/\/sysmatec.ch\/de\/produit\/microdirect-ph-redox\/#primaryimage","url":"https:\/\/sysmatec.ch\/wp-content\/uploads\/2019\/06\/Niveau_TintometerCheckitMicroWP.gif","contentUrl":"https:\/\/sysmatec.ch\/wp-content\/uploads\/2019\/06\/Niveau_TintometerCheckitMicroWP.gif","width":152,"height":157},{"@type":"BreadcrumbList","@id":"https:\/\/sysmatec.ch\/de\/produit\/microdirect-ph-redox\/#breadcrumb","itemListElement":[{"@type":"ListItem","position":1,"name":"Accueil","item":"https:\/\/sysmatec.ch\/de\/"},{"@type":"ListItem","position":2,"name":"Die Aktivit\u00e4t von Sysmatec","item":"https:\/\/sysmatec.ch\/de\/"},{"@type":"ListItem","position":3,"name":"MicroDirect pH\/Redox"}]},{"@type":"WebSite","@id":"https:\/\/sysmatec.ch\/de\/#website","url":"https:\/\/sysmatec.ch\/de\/","name":"Sysmatec","description":"Equipement de laboratoire et logiciels","publisher":{"@id":"https:\/\/sysmatec.ch\/de\/#organization"},"potentialAction":[{"@type":"SearchAction","target":{"@type":"EntryPoint","urlTemplate":"https:\/\/sysmatec.ch\/de\/?s={search_term_string}"},"query-input":{"@type":"PropertyValueSpecification","valueRequired":true,"valueName":"search_term_string"}}],"inLanguage":"de"},{"@type":"Organization","@id":"https:\/\/sysmatec.ch\/de\/#organization","name":"Sysmatec","url":"https:\/\/sysmatec.ch\/de\/","logo":{"@type":"ImageObject","inLanguage":"de","@id":"https:\/\/sysmatec.ch\/de\/#\/schema\/logo\/image\/","url":"https:\/\/sysmatec.ch\/wp-content\/uploads\/2018\/11\/LogoSysmatec.jpg","contentUrl":"https:\/\/sysmatec.ch\/wp-content\/uploads\/2018\/11\/LogoSysmatec.jpg","width":301,"height":297,"caption":"Sysmatec"},"image":{"@id":"https:\/\/sysmatec.ch\/de\/#\/schema\/logo\/image\/"}}]}},"_links":{"self":[{"href":"https:\/\/sysmatec.ch\/de\/wp-json\/wp\/v2\/product\/6881","targetHints":{"allow":["GET"]}}],"collection":[{"href":"https:\/\/sysmatec.ch\/de\/wp-json\/wp\/v2\/product"}],"about":[{"href":"https:\/\/sysmatec.ch\/de\/wp-json\/wp\/v2\/types\/product"}],"wp:featuredmedia":[{"embeddable":true,"href":"https:\/\/sysmatec.ch\/de\/wp-json\/wp\/v2\/media\/6879"}],"wp:attachment":[{"href":"https:\/\/sysmatec.ch\/de\/wp-json\/wp\/v2\/media?parent=6881"}],"wp:term":[{"taxonomy":"product_brand","embeddable":true,"href":"https:\/\/sysmatec.ch\/de\/wp-json\/wp\/v2\/product_brand?post=6881"},{"taxonomy":"product_cat","embeddable":true,"href":"https:\/\/sysmatec.ch\/de\/wp-json\/wp\/v2\/product_cat?post=6881"},{"taxonomy":"product_tag","embeddable":true,"href":"https:\/\/sysmatec.ch\/de\/wp-json\/wp\/v2\/product_tag?post=6881"}],"curies":[{"name":"wp","href":"https:\/\/api.w.org\/{rel}","templated":true}]}}