{"id":6868,"date":"2019-06-17T21:19:57","date_gmt":"2019-06-17T19:19:57","guid":{"rendered":"https:\/\/sysmatec.ch\/produit\/sonde-de-niveau-piezoresistive-serie-26-y\/"},"modified":"2022-01-03T21:11:35","modified_gmt":"2022-01-03T20:11:35","slug":"niveautransmitter-serie-26-y","status":"publish","type":"product","link":"https:\/\/sysmatec.ch\/de\/Produkt\/niveautransmitter-serie-26-y\/","title":{"rendered":"Niveautransmitter Serie 26 Y"},"content":{"rendered":"<p>Die Drucktransmitter der Serie 26 Y finden Anwendung in Pegelstandsmessungen.<\/p>\n<p>Bei der Serie 26 Y ist die monokristalline Silizium-Messzelle durch eine rostfreie Stahlmembrane zuverl\u00e4ssig vor dem Messmedium gesch\u00fctzt. Die Stahlmembrane ist ihrerseits vor mechanischer Einwirkung durch eine Kunststoffkappe gesch\u00fctzt und erm\u00f6glicht durch ihren grossen Durchmesser von 17 mm die hohen Leistungsmerkmale in Sachen Genauigkeit und Stabilit\u00e4t.<\/p>\n<p>Die Version PR (relativer Druck) besitzt einen Druckausgleichsr\u00f6hrchen im Kabel.<\/p>\n<p>Messbereich der Version PR26Y (bar, relativer Druck): 0.1, 0.2, 0.5, 1, 2, 5, 10<\/p>\n<p>Messbereich der Version PA26Y (bar, absolute Druck, Nullpunkt auf 1 bar abs): 0.8 bis 1.8, 0.8 bis 2.3, 0,8 bis 3, von 0.8 bis 6, 0.8 bis 11<\/p>\n<p>Ausgang: 0 \/ 4-20 mA, 0-10 V<\/p>\n<p>Genauigkeit: 0.25% FS<\/p>\n<p>Lagertemperatur \/ Arbeitstemperatur: -20 bis 100 \u00b0 C<\/p>\n<p>Kabell\u00e4nge: 5 m (Standard)<\/p>\n","protected":false},"excerpt":{"rendered":"<p>Niveautransmitter mit Druckmessung<\/p>\n","protected":false},"featured_media":6866,"template":"","meta":{"_crdt_document":""},"product_brand":[],"product_cat":[236],"product_tag":[],"class_list":{"0":"post-6868","1":"product","2":"type-product","3":"status-publish","4":"has-post-thumbnail","6":"product_cat-fuellstand","8":"first","9":"instock","10":"taxable","11":"shipping-taxable","12":"product-type-simple"},"yoast_head":"<!-- This site is optimized with the Yoast SEO plugin v27.4 - https:\/\/yoast.com\/product\/yoast-seo-wordpress\/ -->\n<title>Niveautransmitter Serie 26 Y - Sysmatec<\/title>\n<meta name=\"description\" content=\"Drucksonde zur F\u00fcllstandsmessung in einer Fl\u00fcssigkeit. Die Sonde wird in die Fl\u00fcssigkeit eingetaucht. Erh\u00e4ltlich als Relativ- oder Absolutdruckversion.\" \/>\n<meta name=\"robots\" content=\"index, follow, max-snippet:-1, max-image-preview:large, max-video-preview:-1\" \/>\n<link rel=\"canonical\" href=\"https:\/\/sysmatec.ch\/de\/produit\/niveautransmitter-serie-26-y\/\" \/>\n<meta property=\"og:locale\" content=\"de_DE\" \/>\n<meta property=\"og:type\" content=\"article\" \/>\n<meta property=\"og:title\" content=\"Niveautransmitter Serie 26 Y - Sysmatec\" \/>\n<meta property=\"og:description\" content=\"Drucksonde zur F\u00fcllstandsmessung in einer Fl\u00fcssigkeit. Die Sonde wird in die Fl\u00fcssigkeit eingetaucht. Erh\u00e4ltlich als Relativ- oder Absolutdruckversion.\" \/>\n<meta property=\"og:url\" content=\"https:\/\/sysmatec.ch\/de\/produit\/niveautransmitter-serie-26-y\/\" \/>\n<meta property=\"og:site_name\" content=\"Sysmatec\" \/>\n<meta property=\"article:modified_time\" content=\"2022-01-03T20:11:35+00:00\" \/>\n<meta property=\"og:image\" content=\"https:\/\/sysmatec.ch\/wp-content\/uploads\/2019\/06\/Niveau_KellerDruck26Y.jpg\" \/>\n\t<meta property=\"og:image:width\" content=\"136\" \/>\n\t<meta property=\"og:image:height\" content=\"231\" \/>\n\t<meta property=\"og:image:type\" content=\"image\/jpeg\" \/>\n<meta name=\"twitter:card\" content=\"summary_large_image\" \/>\n<meta name=\"twitter:label1\" content=\"Gesch\u00e4tzte Lesezeit\" \/>\n\t<meta name=\"twitter:data1\" content=\"1\u00a0Minute\" \/>\n<script type=\"application\/ld+json\" class=\"yoast-schema-graph\">{\"@context\":\"https:\\\/\\\/schema.org\",\"@graph\":[{\"@type\":\"WebPage\",\"@id\":\"https:\\\/\\\/sysmatec.ch\\\/de\\\/produit\\\/niveautransmitter-serie-26-y\\\/\",\"url\":\"https:\\\/\\\/sysmatec.ch\\\/de\\\/produit\\\/niveautransmitter-serie-26-y\\\/\",\"name\":\"Niveautransmitter Serie 26 Y - Sysmatec\",\"isPartOf\":{\"@id\":\"https:\\\/\\\/sysmatec.ch\\\/de\\\/#website\"},\"primaryImageOfPage\":{\"@id\":\"https:\\\/\\\/sysmatec.ch\\\/de\\\/produit\\\/niveautransmitter-serie-26-y\\\/#primaryimage\"},\"image\":{\"@id\":\"https:\\\/\\\/sysmatec.ch\\\/de\\\/produit\\\/niveautransmitter-serie-26-y\\\/#primaryimage\"},\"thumbnailUrl\":\"https:\\\/\\\/sysmatec.ch\\\/wp-content\\\/uploads\\\/2019\\\/06\\\/Niveau_KellerDruck26Y.jpg\",\"datePublished\":\"2019-06-17T19:19:57+00:00\",\"dateModified\":\"2022-01-03T20:11:35+00:00\",\"description\":\"Drucksonde zur F\u00fcllstandsmessung in einer Fl\u00fcssigkeit. Die Sonde wird in die Fl\u00fcssigkeit eingetaucht. Erh\u00e4ltlich als Relativ- oder Absolutdruckversion.\",\"breadcrumb\":{\"@id\":\"https:\\\/\\\/sysmatec.ch\\\/de\\\/produit\\\/niveautransmitter-serie-26-y\\\/#breadcrumb\"},\"inLanguage\":\"de\",\"potentialAction\":[{\"@type\":\"ReadAction\",\"target\":[\"https:\\\/\\\/sysmatec.ch\\\/de\\\/produit\\\/niveautransmitter-serie-26-y\\\/\"]}]},{\"@type\":\"ImageObject\",\"inLanguage\":\"de\",\"@id\":\"https:\\\/\\\/sysmatec.ch\\\/de\\\/produit\\\/niveautransmitter-serie-26-y\\\/#primaryimage\",\"url\":\"https:\\\/\\\/sysmatec.ch\\\/wp-content\\\/uploads\\\/2019\\\/06\\\/Niveau_KellerDruck26Y.jpg\",\"contentUrl\":\"https:\\\/\\\/sysmatec.ch\\\/wp-content\\\/uploads\\\/2019\\\/06\\\/Niveau_KellerDruck26Y.jpg\",\"width\":136,\"height\":231},{\"@type\":\"BreadcrumbList\",\"@id\":\"https:\\\/\\\/sysmatec.ch\\\/de\\\/produit\\\/niveautransmitter-serie-26-y\\\/#breadcrumb\",\"itemListElement\":[{\"@type\":\"ListItem\",\"position\":1,\"name\":\"Accueil\",\"item\":\"https:\\\/\\\/sysmatec.ch\\\/de\\\/\"},{\"@type\":\"ListItem\",\"position\":2,\"name\":\"Die Aktivit\u00e4t von Sysmatec\",\"item\":\"https:\\\/\\\/sysmatec.ch\\\/de\\\/\"},{\"@type\":\"ListItem\",\"position\":3,\"name\":\"Niveautransmitter Serie 26 Y\"}]},{\"@type\":\"WebSite\",\"@id\":\"https:\\\/\\\/sysmatec.ch\\\/de\\\/#website\",\"url\":\"https:\\\/\\\/sysmatec.ch\\\/de\\\/\",\"name\":\"Sysmatec\",\"description\":\"Equipement de laboratoire et logiciels\",\"publisher\":{\"@id\":\"https:\\\/\\\/sysmatec.ch\\\/de\\\/#organization\"},\"potentialAction\":[{\"@type\":\"SearchAction\",\"target\":{\"@type\":\"EntryPoint\",\"urlTemplate\":\"https:\\\/\\\/sysmatec.ch\\\/de\\\/?s={search_term_string}\"},\"query-input\":{\"@type\":\"PropertyValueSpecification\",\"valueRequired\":true,\"valueName\":\"search_term_string\"}}],\"inLanguage\":\"de\"},{\"@type\":\"Organization\",\"@id\":\"https:\\\/\\\/sysmatec.ch\\\/de\\\/#organization\",\"name\":\"Sysmatec\",\"url\":\"https:\\\/\\\/sysmatec.ch\\\/de\\\/\",\"logo\":{\"@type\":\"ImageObject\",\"inLanguage\":\"de\",\"@id\":\"https:\\\/\\\/sysmatec.ch\\\/de\\\/#\\\/schema\\\/logo\\\/image\\\/\",\"url\":\"https:\\\/\\\/sysmatec.ch\\\/wp-content\\\/uploads\\\/2018\\\/11\\\/LogoSysmatec.jpg\",\"contentUrl\":\"https:\\\/\\\/sysmatec.ch\\\/wp-content\\\/uploads\\\/2018\\\/11\\\/LogoSysmatec.jpg\",\"width\":301,\"height\":297,\"caption\":\"Sysmatec\"},\"image\":{\"@id\":\"https:\\\/\\\/sysmatec.ch\\\/de\\\/#\\\/schema\\\/logo\\\/image\\\/\"}}]}<\/script>\n<!-- \/ Yoast SEO plugin. -->","yoast_head_json":{"title":"Niveautransmitter Serie 26 Y - Sysmatec","description":"Drucksonde zur F\u00fcllstandsmessung in einer Fl\u00fcssigkeit. Die Sonde wird in die Fl\u00fcssigkeit eingetaucht. Erh\u00e4ltlich als Relativ- oder Absolutdruckversion.","robots":{"index":"index","follow":"follow","max-snippet":"max-snippet:-1","max-image-preview":"max-image-preview:large","max-video-preview":"max-video-preview:-1"},"canonical":"https:\/\/sysmatec.ch\/de\/produit\/niveautransmitter-serie-26-y\/","og_locale":"de_DE","og_type":"article","og_title":"Niveautransmitter Serie 26 Y - Sysmatec","og_description":"Drucksonde zur F\u00fcllstandsmessung in einer Fl\u00fcssigkeit. Die Sonde wird in die Fl\u00fcssigkeit eingetaucht. Erh\u00e4ltlich als Relativ- oder Absolutdruckversion.","og_url":"https:\/\/sysmatec.ch\/de\/produit\/niveautransmitter-serie-26-y\/","og_site_name":"Sysmatec","article_modified_time":"2022-01-03T20:11:35+00:00","og_image":[{"width":136,"height":231,"url":"https:\/\/sysmatec.ch\/wp-content\/uploads\/2019\/06\/Niveau_KellerDruck26Y.jpg","type":"image\/jpeg"}],"twitter_card":"summary_large_image","twitter_misc":{"Gesch\u00e4tzte Lesezeit":"1\u00a0Minute"},"schema":{"@context":"https:\/\/schema.org","@graph":[{"@type":"WebPage","@id":"https:\/\/sysmatec.ch\/de\/produit\/niveautransmitter-serie-26-y\/","url":"https:\/\/sysmatec.ch\/de\/produit\/niveautransmitter-serie-26-y\/","name":"Niveautransmitter Serie 26 Y - Sysmatec","isPartOf":{"@id":"https:\/\/sysmatec.ch\/de\/#website"},"primaryImageOfPage":{"@id":"https:\/\/sysmatec.ch\/de\/produit\/niveautransmitter-serie-26-y\/#primaryimage"},"image":{"@id":"https:\/\/sysmatec.ch\/de\/produit\/niveautransmitter-serie-26-y\/#primaryimage"},"thumbnailUrl":"https:\/\/sysmatec.ch\/wp-content\/uploads\/2019\/06\/Niveau_KellerDruck26Y.jpg","datePublished":"2019-06-17T19:19:57+00:00","dateModified":"2022-01-03T20:11:35+00:00","description":"Drucksonde zur F\u00fcllstandsmessung in einer Fl\u00fcssigkeit. Die Sonde wird in die Fl\u00fcssigkeit eingetaucht. Erh\u00e4ltlich als Relativ- oder Absolutdruckversion.","breadcrumb":{"@id":"https:\/\/sysmatec.ch\/de\/produit\/niveautransmitter-serie-26-y\/#breadcrumb"},"inLanguage":"de","potentialAction":[{"@type":"ReadAction","target":["https:\/\/sysmatec.ch\/de\/produit\/niveautransmitter-serie-26-y\/"]}]},{"@type":"ImageObject","inLanguage":"de","@id":"https:\/\/sysmatec.ch\/de\/produit\/niveautransmitter-serie-26-y\/#primaryimage","url":"https:\/\/sysmatec.ch\/wp-content\/uploads\/2019\/06\/Niveau_KellerDruck26Y.jpg","contentUrl":"https:\/\/sysmatec.ch\/wp-content\/uploads\/2019\/06\/Niveau_KellerDruck26Y.jpg","width":136,"height":231},{"@type":"BreadcrumbList","@id":"https:\/\/sysmatec.ch\/de\/produit\/niveautransmitter-serie-26-y\/#breadcrumb","itemListElement":[{"@type":"ListItem","position":1,"name":"Accueil","item":"https:\/\/sysmatec.ch\/de\/"},{"@type":"ListItem","position":2,"name":"Die Aktivit\u00e4t von Sysmatec","item":"https:\/\/sysmatec.ch\/de\/"},{"@type":"ListItem","position":3,"name":"Niveautransmitter Serie 26 Y"}]},{"@type":"WebSite","@id":"https:\/\/sysmatec.ch\/de\/#website","url":"https:\/\/sysmatec.ch\/de\/","name":"Sysmatec","description":"Equipement de laboratoire et logiciels","publisher":{"@id":"https:\/\/sysmatec.ch\/de\/#organization"},"potentialAction":[{"@type":"SearchAction","target":{"@type":"EntryPoint","urlTemplate":"https:\/\/sysmatec.ch\/de\/?s={search_term_string}"},"query-input":{"@type":"PropertyValueSpecification","valueRequired":true,"valueName":"search_term_string"}}],"inLanguage":"de"},{"@type":"Organization","@id":"https:\/\/sysmatec.ch\/de\/#organization","name":"Sysmatec","url":"https:\/\/sysmatec.ch\/de\/","logo":{"@type":"ImageObject","inLanguage":"de","@id":"https:\/\/sysmatec.ch\/de\/#\/schema\/logo\/image\/","url":"https:\/\/sysmatec.ch\/wp-content\/uploads\/2018\/11\/LogoSysmatec.jpg","contentUrl":"https:\/\/sysmatec.ch\/wp-content\/uploads\/2018\/11\/LogoSysmatec.jpg","width":301,"height":297,"caption":"Sysmatec"},"image":{"@id":"https:\/\/sysmatec.ch\/de\/#\/schema\/logo\/image\/"}}]}},"_links":{"self":[{"href":"https:\/\/sysmatec.ch\/de\/wp-json\/wp\/v2\/product\/6868","targetHints":{"allow":["GET"]}}],"collection":[{"href":"https:\/\/sysmatec.ch\/de\/wp-json\/wp\/v2\/product"}],"about":[{"href":"https:\/\/sysmatec.ch\/de\/wp-json\/wp\/v2\/types\/product"}],"wp:featuredmedia":[{"embeddable":true,"href":"https:\/\/sysmatec.ch\/de\/wp-json\/wp\/v2\/media\/6866"}],"wp:attachment":[{"href":"https:\/\/sysmatec.ch\/de\/wp-json\/wp\/v2\/media?parent=6868"}],"wp:term":[{"taxonomy":"product_brand","embeddable":true,"href":"https:\/\/sysmatec.ch\/de\/wp-json\/wp\/v2\/product_brand?post=6868"},{"taxonomy":"product_cat","embeddable":true,"href":"https:\/\/sysmatec.ch\/de\/wp-json\/wp\/v2\/product_cat?post=6868"},{"taxonomy":"product_tag","embeddable":true,"href":"https:\/\/sysmatec.ch\/de\/wp-json\/wp\/v2\/product_tag?post=6868"}],"curies":[{"name":"wp","href":"https:\/\/api.w.org\/{rel}","templated":true}]}}