{"id":6857,"date":"2019-06-17T20:44:56","date_gmt":"2019-06-17T18:44:56","guid":{"rendered":"https:\/\/sysmatec.ch\/produit\/sonde-de-niveau-de-boue-mudsens-bamo\/"},"modified":"2022-01-03T21:54:14","modified_gmt":"2022-01-03T20:54:14","slug":"schlammstandsonde-mudsens-bamo","status":"publish","type":"product","link":"https:\/\/sysmatec.ch\/de\/Produkt\/schlammstandsonde-mudsens-bamo\/","title":{"rendered":"Schlammstandsonde Mudsens BAMO"},"content":{"rendered":"<p>Der Niveausensor dient zur Messung und Kontrolle des Schlammniveaus in Sedimentationsbecken bis zu einer Tiefe von 12 m. Das System kombiniert die Ultraschall-F\u00fcllstandssensortechnologie mit einem hochentwickelten Algorithmus, um den F\u00fcllstand der Wasser-Schlamm-Grenzfl\u00e4che zu erfassen, ohne durch Schwebstoffe oder andere St\u00f6rungen wie elektrisches Rauschen oder St\u00f6rungen gest\u00f6rt zu werden.<\/p>\n<ul>\n<li>Ultraschallsensor<\/li>\n<li>Schlammgehalt in den Dekantern<\/li>\n<li>Hochleistungsalgorithmus<\/li>\n<li>4-20 mA Ausgang (Bild des Schlammpegels)<\/li>\n<li>Luftinjektionsreinigung<\/li>\n<li>Benutzerfreundliches Men\u00fc<\/li>\n<\/ul>\n","protected":false},"excerpt":{"rendered":"<p>Ultraschall-Schlammspiegelsonde f\u00fcr Dekanter.<\/p>\n","protected":false},"featured_media":6852,"template":"","meta":{"_crdt_document":""},"product_brand":[],"product_cat":[236],"product_tag":[],"class_list":{"0":"post-6857","1":"product","2":"type-product","3":"status-publish","4":"has-post-thumbnail","6":"product_cat-fuellstand","8":"first","9":"instock","10":"taxable","11":"shipping-taxable","12":"product-type-simple"},"yoast_head":"<!-- This site is optimized with the Yoast SEO plugin v27.4 - https:\/\/yoast.com\/product\/yoast-seo-wordpress\/ -->\n<title>Schlammstandsonde Mudsens BAMO - Sysmatec<\/title>\n<meta name=\"description\" content=\"Schlammspiegelsonde f\u00fcr Absetzbecken und Absetzbecken. Ultraschallsensor mit 4-20 mA Ausgang.\" \/>\n<meta name=\"robots\" content=\"index, follow, max-snippet:-1, max-image-preview:large, max-video-preview:-1\" \/>\n<link rel=\"canonical\" href=\"https:\/\/sysmatec.ch\/de\/produit\/schlammstandsonde-mudsens-bamo\/\" \/>\n<meta property=\"og:locale\" content=\"de_DE\" \/>\n<meta property=\"og:type\" content=\"article\" \/>\n<meta property=\"og:title\" content=\"Schlammstandsonde Mudsens BAMO - Sysmatec\" \/>\n<meta property=\"og:description\" content=\"Schlammspiegelsonde f\u00fcr Absetzbecken und Absetzbecken. Ultraschallsensor mit 4-20 mA Ausgang.\" \/>\n<meta property=\"og:url\" content=\"https:\/\/sysmatec.ch\/de\/produit\/schlammstandsonde-mudsens-bamo\/\" \/>\n<meta property=\"og:site_name\" content=\"Sysmatec\" \/>\n<meta property=\"article:modified_time\" content=\"2022-01-03T20:54:14+00:00\" \/>\n<meta property=\"og:image\" content=\"https:\/\/sysmatec.ch\/wp-content\/uploads\/2019\/06\/Niveau_BamoMudsens1.jpg\" \/>\n\t<meta property=\"og:image:width\" content=\"141\" \/>\n\t<meta property=\"og:image:height\" content=\"242\" \/>\n\t<meta property=\"og:image:type\" content=\"image\/jpeg\" \/>\n<meta name=\"twitter:card\" content=\"summary_large_image\" \/>\n<script type=\"application\/ld+json\" class=\"yoast-schema-graph\">{\"@context\":\"https:\\\/\\\/schema.org\",\"@graph\":[{\"@type\":\"WebPage\",\"@id\":\"https:\\\/\\\/sysmatec.ch\\\/de\\\/produit\\\/schlammstandsonde-mudsens-bamo\\\/\",\"url\":\"https:\\\/\\\/sysmatec.ch\\\/de\\\/produit\\\/schlammstandsonde-mudsens-bamo\\\/\",\"name\":\"Schlammstandsonde Mudsens BAMO - Sysmatec\",\"isPartOf\":{\"@id\":\"https:\\\/\\\/sysmatec.ch\\\/de\\\/#website\"},\"primaryImageOfPage\":{\"@id\":\"https:\\\/\\\/sysmatec.ch\\\/de\\\/produit\\\/schlammstandsonde-mudsens-bamo\\\/#primaryimage\"},\"image\":{\"@id\":\"https:\\\/\\\/sysmatec.ch\\\/de\\\/produit\\\/schlammstandsonde-mudsens-bamo\\\/#primaryimage\"},\"thumbnailUrl\":\"https:\\\/\\\/sysmatec.ch\\\/wp-content\\\/uploads\\\/2019\\\/06\\\/Niveau_BamoMudsens1.jpg\",\"datePublished\":\"2019-06-17T18:44:56+00:00\",\"dateModified\":\"2022-01-03T20:54:14+00:00\",\"description\":\"Schlammspiegelsonde f\u00fcr Absetzbecken und Absetzbecken. Ultraschallsensor mit 4-20 mA Ausgang.\",\"breadcrumb\":{\"@id\":\"https:\\\/\\\/sysmatec.ch\\\/de\\\/produit\\\/schlammstandsonde-mudsens-bamo\\\/#breadcrumb\"},\"inLanguage\":\"de\",\"potentialAction\":[{\"@type\":\"ReadAction\",\"target\":[\"https:\\\/\\\/sysmatec.ch\\\/de\\\/produit\\\/schlammstandsonde-mudsens-bamo\\\/\"]}]},{\"@type\":\"ImageObject\",\"inLanguage\":\"de\",\"@id\":\"https:\\\/\\\/sysmatec.ch\\\/de\\\/produit\\\/schlammstandsonde-mudsens-bamo\\\/#primaryimage\",\"url\":\"https:\\\/\\\/sysmatec.ch\\\/wp-content\\\/uploads\\\/2019\\\/06\\\/Niveau_BamoMudsens1.jpg\",\"contentUrl\":\"https:\\\/\\\/sysmatec.ch\\\/wp-content\\\/uploads\\\/2019\\\/06\\\/Niveau_BamoMudsens1.jpg\",\"width\":141,\"height\":242},{\"@type\":\"BreadcrumbList\",\"@id\":\"https:\\\/\\\/sysmatec.ch\\\/de\\\/produit\\\/schlammstandsonde-mudsens-bamo\\\/#breadcrumb\",\"itemListElement\":[{\"@type\":\"ListItem\",\"position\":1,\"name\":\"Accueil\",\"item\":\"https:\\\/\\\/sysmatec.ch\\\/de\\\/\"},{\"@type\":\"ListItem\",\"position\":2,\"name\":\"Die Aktivit\u00e4t von Sysmatec\",\"item\":\"https:\\\/\\\/sysmatec.ch\\\/de\\\/\"},{\"@type\":\"ListItem\",\"position\":3,\"name\":\"Schlammstandsonde Mudsens BAMO\"}]},{\"@type\":\"WebSite\",\"@id\":\"https:\\\/\\\/sysmatec.ch\\\/de\\\/#website\",\"url\":\"https:\\\/\\\/sysmatec.ch\\\/de\\\/\",\"name\":\"Sysmatec\",\"description\":\"Equipement de laboratoire et logiciels\",\"publisher\":{\"@id\":\"https:\\\/\\\/sysmatec.ch\\\/de\\\/#organization\"},\"potentialAction\":[{\"@type\":\"SearchAction\",\"target\":{\"@type\":\"EntryPoint\",\"urlTemplate\":\"https:\\\/\\\/sysmatec.ch\\\/de\\\/?s={search_term_string}\"},\"query-input\":{\"@type\":\"PropertyValueSpecification\",\"valueRequired\":true,\"valueName\":\"search_term_string\"}}],\"inLanguage\":\"de\"},{\"@type\":\"Organization\",\"@id\":\"https:\\\/\\\/sysmatec.ch\\\/de\\\/#organization\",\"name\":\"Sysmatec\",\"url\":\"https:\\\/\\\/sysmatec.ch\\\/de\\\/\",\"logo\":{\"@type\":\"ImageObject\",\"inLanguage\":\"de\",\"@id\":\"https:\\\/\\\/sysmatec.ch\\\/de\\\/#\\\/schema\\\/logo\\\/image\\\/\",\"url\":\"https:\\\/\\\/sysmatec.ch\\\/wp-content\\\/uploads\\\/2018\\\/11\\\/LogoSysmatec.jpg\",\"contentUrl\":\"https:\\\/\\\/sysmatec.ch\\\/wp-content\\\/uploads\\\/2018\\\/11\\\/LogoSysmatec.jpg\",\"width\":301,\"height\":297,\"caption\":\"Sysmatec\"},\"image\":{\"@id\":\"https:\\\/\\\/sysmatec.ch\\\/de\\\/#\\\/schema\\\/logo\\\/image\\\/\"}}]}<\/script>\n<!-- \/ Yoast SEO plugin. -->","yoast_head_json":{"title":"Schlammstandsonde Mudsens BAMO - Sysmatec","description":"Schlammspiegelsonde f\u00fcr Absetzbecken und Absetzbecken. Ultraschallsensor mit 4-20 mA Ausgang.","robots":{"index":"index","follow":"follow","max-snippet":"max-snippet:-1","max-image-preview":"max-image-preview:large","max-video-preview":"max-video-preview:-1"},"canonical":"https:\/\/sysmatec.ch\/de\/produit\/schlammstandsonde-mudsens-bamo\/","og_locale":"de_DE","og_type":"article","og_title":"Schlammstandsonde Mudsens BAMO - Sysmatec","og_description":"Schlammspiegelsonde f\u00fcr Absetzbecken und Absetzbecken. Ultraschallsensor mit 4-20 mA Ausgang.","og_url":"https:\/\/sysmatec.ch\/de\/produit\/schlammstandsonde-mudsens-bamo\/","og_site_name":"Sysmatec","article_modified_time":"2022-01-03T20:54:14+00:00","og_image":[{"width":141,"height":242,"url":"https:\/\/sysmatec.ch\/wp-content\/uploads\/2019\/06\/Niveau_BamoMudsens1.jpg","type":"image\/jpeg"}],"twitter_card":"summary_large_image","schema":{"@context":"https:\/\/schema.org","@graph":[{"@type":"WebPage","@id":"https:\/\/sysmatec.ch\/de\/produit\/schlammstandsonde-mudsens-bamo\/","url":"https:\/\/sysmatec.ch\/de\/produit\/schlammstandsonde-mudsens-bamo\/","name":"Schlammstandsonde Mudsens BAMO - Sysmatec","isPartOf":{"@id":"https:\/\/sysmatec.ch\/de\/#website"},"primaryImageOfPage":{"@id":"https:\/\/sysmatec.ch\/de\/produit\/schlammstandsonde-mudsens-bamo\/#primaryimage"},"image":{"@id":"https:\/\/sysmatec.ch\/de\/produit\/schlammstandsonde-mudsens-bamo\/#primaryimage"},"thumbnailUrl":"https:\/\/sysmatec.ch\/wp-content\/uploads\/2019\/06\/Niveau_BamoMudsens1.jpg","datePublished":"2019-06-17T18:44:56+00:00","dateModified":"2022-01-03T20:54:14+00:00","description":"Schlammspiegelsonde f\u00fcr Absetzbecken und Absetzbecken. Ultraschallsensor mit 4-20 mA Ausgang.","breadcrumb":{"@id":"https:\/\/sysmatec.ch\/de\/produit\/schlammstandsonde-mudsens-bamo\/#breadcrumb"},"inLanguage":"de","potentialAction":[{"@type":"ReadAction","target":["https:\/\/sysmatec.ch\/de\/produit\/schlammstandsonde-mudsens-bamo\/"]}]},{"@type":"ImageObject","inLanguage":"de","@id":"https:\/\/sysmatec.ch\/de\/produit\/schlammstandsonde-mudsens-bamo\/#primaryimage","url":"https:\/\/sysmatec.ch\/wp-content\/uploads\/2019\/06\/Niveau_BamoMudsens1.jpg","contentUrl":"https:\/\/sysmatec.ch\/wp-content\/uploads\/2019\/06\/Niveau_BamoMudsens1.jpg","width":141,"height":242},{"@type":"BreadcrumbList","@id":"https:\/\/sysmatec.ch\/de\/produit\/schlammstandsonde-mudsens-bamo\/#breadcrumb","itemListElement":[{"@type":"ListItem","position":1,"name":"Accueil","item":"https:\/\/sysmatec.ch\/de\/"},{"@type":"ListItem","position":2,"name":"Die Aktivit\u00e4t von Sysmatec","item":"https:\/\/sysmatec.ch\/de\/"},{"@type":"ListItem","position":3,"name":"Schlammstandsonde Mudsens BAMO"}]},{"@type":"WebSite","@id":"https:\/\/sysmatec.ch\/de\/#website","url":"https:\/\/sysmatec.ch\/de\/","name":"Sysmatec","description":"Equipement de laboratoire et logiciels","publisher":{"@id":"https:\/\/sysmatec.ch\/de\/#organization"},"potentialAction":[{"@type":"SearchAction","target":{"@type":"EntryPoint","urlTemplate":"https:\/\/sysmatec.ch\/de\/?s={search_term_string}"},"query-input":{"@type":"PropertyValueSpecification","valueRequired":true,"valueName":"search_term_string"}}],"inLanguage":"de"},{"@type":"Organization","@id":"https:\/\/sysmatec.ch\/de\/#organization","name":"Sysmatec","url":"https:\/\/sysmatec.ch\/de\/","logo":{"@type":"ImageObject","inLanguage":"de","@id":"https:\/\/sysmatec.ch\/de\/#\/schema\/logo\/image\/","url":"https:\/\/sysmatec.ch\/wp-content\/uploads\/2018\/11\/LogoSysmatec.jpg","contentUrl":"https:\/\/sysmatec.ch\/wp-content\/uploads\/2018\/11\/LogoSysmatec.jpg","width":301,"height":297,"caption":"Sysmatec"},"image":{"@id":"https:\/\/sysmatec.ch\/de\/#\/schema\/logo\/image\/"}}]}},"_links":{"self":[{"href":"https:\/\/sysmatec.ch\/de\/wp-json\/wp\/v2\/product\/6857","targetHints":{"allow":["GET"]}}],"collection":[{"href":"https:\/\/sysmatec.ch\/de\/wp-json\/wp\/v2\/product"}],"about":[{"href":"https:\/\/sysmatec.ch\/de\/wp-json\/wp\/v2\/types\/product"}],"wp:featuredmedia":[{"embeddable":true,"href":"https:\/\/sysmatec.ch\/de\/wp-json\/wp\/v2\/media\/6852"}],"wp:attachment":[{"href":"https:\/\/sysmatec.ch\/de\/wp-json\/wp\/v2\/media?parent=6857"}],"wp:term":[{"taxonomy":"product_brand","embeddable":true,"href":"https:\/\/sysmatec.ch\/de\/wp-json\/wp\/v2\/product_brand?post=6857"},{"taxonomy":"product_cat","embeddable":true,"href":"https:\/\/sysmatec.ch\/de\/wp-json\/wp\/v2\/product_cat?post=6857"},{"taxonomy":"product_tag","embeddable":true,"href":"https:\/\/sysmatec.ch\/de\/wp-json\/wp\/v2\/product_tag?post=6857"}],"curies":[{"name":"wp","href":"https:\/\/api.w.org\/{rel}","templated":true}]}}