{"id":6848,"date":"2019-06-17T20:33:58","date_gmt":"2019-06-17T18:33:58","guid":{"rendered":"https:\/\/sysmatec.ch\/produit\/indicateur-controleur-de-niveau-gnr6\/"},"modified":"2022-01-03T22:02:41","modified_gmt":"2022-01-03T21:02:41","slug":"niveauanzeiger-und-kontroller-gnr6","status":"publish","type":"product","link":"https:\/\/sysmatec.ch\/de\/Produkt\/niveauanzeiger-und-kontroller-gnr6\/","title":{"rendered":"Niveauanzeiger und Kontroller GNR6"},"content":{"rendered":"<p>Indikator und Kontroller zum Lesen einer Ebene in einem Tank. Er erm\u00f6glicht auch durch Kontakte die Ansteuerung von Pumpen, Ventilen, hoch und tief Alarmsignale.<\/p>\n<p>Alle Teile in Kontakt mit der Fl\u00fcssigkeit sind aus PVC, EPDM oder FPM (Dichtungen). Dieser Anzeige ist standardm\u00e4\u00dfig mit zwei Absperrventilen geliefert. Das Anzeigeteil besteht aus einem transparenten PVC-Rohr (Durchmesser = 63 mm) der einen Schwimmer enth\u00e4lt. Angesichts dessen Gewicht, kann es keine Kleben Ph\u00e4nomen durch Kapillarwirkung sein. Das Messrohr ist zur Reinigung abnehmbar, die Absperrventile bleiben mit dem Tank verbunden. Der Boden hat eine PVC-Ablassschraube auf einem Gewindeanschluss. Standard wird er mit Befestigungsflanschen geleiefert. Auf Anfrage sind auch andere Anschlussarten m\u00f6glich. Das Messrohr kann mit einem Messlineal aus wei\u00dfen PVC ausgestattet werden. Er kann dann in cm oder in % der Kapazit\u00e4t (L oder m3) beschrifete werden. Die Befestigung des Indikatorstreifens durch PE Kragen vorgesehen. Die Rohrl\u00e4nge kann spezifisch f\u00fcr Ihre Anwendung gefertigt werden.<\/p>\n<p>Separat zu bestellen:<\/p>\n<p>Schwimmer<\/p>\n<ul>\n<li type=\"disc\">Material: PPH<\/li>\n<li type=\"disc\">Durchmesser: 50 mm<\/li>\n<li type=\"disc\">H\u00f6he: 127 mm<\/li>\n<li type=\"disc\">Magnetkern f\u00fcr Standard-Kontakt<\/li>\n<\/ul>\n<p>KONTAKT BSM 501\/63<\/p>\n<ul>\n<li type=\"disc\">bistabile Mikroschalter<\/li>\n<li type=\"disc\">Nennspannung \/ 4 V bis 250 V AC, 4 V bis 30 V DC<\/li>\n<li type=\"disc\">Bemessungsstrom \/ 1 mA bis 3 A (AC oder DC)<\/li>\n<li type=\"disc\">Polycarbonatgeh\u00e4use, durchsichtig<\/li>\n<li type=\"disc\">IP 65 nach EN 60 529<\/li>\n<li type=\"disc\">2 Befestigungspunkte mit 63 mm Durchmesser<\/li>\n<li type=\"disc\">funktioniert mit dem GNR Schwimmer 62<\/li>\n<\/ul>\n<p>KONTAKT BRK 60 \/ SFA<\/p>\n<ul>\n<li type=\"disc\">freier Wechsler<\/li>\n<li type=\"disc\">P. C .: 60 VA \/ 220 V \/ 1 A<\/li>\n<li type=\"disc\">Makrolon Geh\u00e4use IP 55<\/li>\n<li type=\"disc\">2 Befestigungspunkte mit 63 mm Durchmesser<\/li>\n<li type=\"disc\">funktioniert mit dem GNR Schwimmer 62<\/li>\n<\/ul>\n","protected":false},"excerpt":{"rendered":"<p>Niveauanzeiger und Kontroller f\u00fcr Tanks<\/p>\n","protected":false},"featured_media":6846,"template":"","meta":{"_crdt_document":""},"product_brand":[],"product_cat":[236],"product_tag":[],"class_list":{"0":"post-6848","1":"product","2":"type-product","3":"status-publish","4":"has-post-thumbnail","6":"product_cat-fuellstand","8":"first","9":"instock","10":"taxable","11":"shipping-taxable","12":"product-type-simple"},"yoast_head":"<!-- This site is optimized with the Yoast SEO plugin v27.4 - https:\/\/yoast.com\/product\/yoast-seo-wordpress\/ -->\n<title>Niveauanzeiger und Kontroller GNR6 - Sysmatec<\/title>\n<meta name=\"description\" content=\"F\u00fcllstandsmelder f\u00fcr Tank. Niveaukontakte werden verwendet, um Pumpen zu starten oder zu stoppen.\" \/>\n<meta name=\"robots\" content=\"index, follow, max-snippet:-1, max-image-preview:large, max-video-preview:-1\" \/>\n<link rel=\"canonical\" href=\"https:\/\/sysmatec.ch\/de\/produit\/niveauanzeiger-und-kontroller-gnr6\/\" \/>\n<meta property=\"og:locale\" content=\"de_DE\" \/>\n<meta property=\"og:type\" content=\"article\" \/>\n<meta property=\"og:title\" content=\"Niveauanzeiger und Kontroller GNR6 - Sysmatec\" \/>\n<meta property=\"og:description\" content=\"F\u00fcllstandsmelder f\u00fcr Tank. Niveaukontakte werden verwendet, um Pumpen zu starten oder zu stoppen.\" \/>\n<meta property=\"og:url\" content=\"https:\/\/sysmatec.ch\/de\/produit\/niveauanzeiger-und-kontroller-gnr6\/\" \/>\n<meta property=\"og:site_name\" content=\"Sysmatec\" \/>\n<meta property=\"article:modified_time\" content=\"2022-01-03T21:02:41+00:00\" \/>\n<meta property=\"og:image\" content=\"https:\/\/sysmatec.ch\/wp-content\/uploads\/2019\/06\/Niveau_BamoGNR6.jpg\" \/>\n\t<meta property=\"og:image:width\" content=\"184\" \/>\n\t<meta property=\"og:image:height\" content=\"529\" \/>\n\t<meta property=\"og:image:type\" content=\"image\/jpeg\" \/>\n<meta name=\"twitter:card\" content=\"summary_large_image\" \/>\n<meta name=\"twitter:label1\" content=\"Gesch\u00e4tzte Lesezeit\" \/>\n\t<meta name=\"twitter:data1\" content=\"1\u00a0Minute\" \/>\n<script type=\"application\/ld+json\" class=\"yoast-schema-graph\">{\"@context\":\"https:\\\/\\\/schema.org\",\"@graph\":[{\"@type\":\"WebPage\",\"@id\":\"https:\\\/\\\/sysmatec.ch\\\/de\\\/produit\\\/niveauanzeiger-und-kontroller-gnr6\\\/\",\"url\":\"https:\\\/\\\/sysmatec.ch\\\/de\\\/produit\\\/niveauanzeiger-und-kontroller-gnr6\\\/\",\"name\":\"Niveauanzeiger und Kontroller GNR6 - Sysmatec\",\"isPartOf\":{\"@id\":\"https:\\\/\\\/sysmatec.ch\\\/de\\\/#website\"},\"primaryImageOfPage\":{\"@id\":\"https:\\\/\\\/sysmatec.ch\\\/de\\\/produit\\\/niveauanzeiger-und-kontroller-gnr6\\\/#primaryimage\"},\"image\":{\"@id\":\"https:\\\/\\\/sysmatec.ch\\\/de\\\/produit\\\/niveauanzeiger-und-kontroller-gnr6\\\/#primaryimage\"},\"thumbnailUrl\":\"https:\\\/\\\/sysmatec.ch\\\/wp-content\\\/uploads\\\/2019\\\/06\\\/Niveau_BamoGNR6.jpg\",\"datePublished\":\"2019-06-17T18:33:58+00:00\",\"dateModified\":\"2022-01-03T21:02:41+00:00\",\"description\":\"F\u00fcllstandsmelder f\u00fcr Tank. Niveaukontakte werden verwendet, um Pumpen zu starten oder zu stoppen.\",\"breadcrumb\":{\"@id\":\"https:\\\/\\\/sysmatec.ch\\\/de\\\/produit\\\/niveauanzeiger-und-kontroller-gnr6\\\/#breadcrumb\"},\"inLanguage\":\"de\",\"potentialAction\":[{\"@type\":\"ReadAction\",\"target\":[\"https:\\\/\\\/sysmatec.ch\\\/de\\\/produit\\\/niveauanzeiger-und-kontroller-gnr6\\\/\"]}]},{\"@type\":\"ImageObject\",\"inLanguage\":\"de\",\"@id\":\"https:\\\/\\\/sysmatec.ch\\\/de\\\/produit\\\/niveauanzeiger-und-kontroller-gnr6\\\/#primaryimage\",\"url\":\"https:\\\/\\\/sysmatec.ch\\\/wp-content\\\/uploads\\\/2019\\\/06\\\/Niveau_BamoGNR6.jpg\",\"contentUrl\":\"https:\\\/\\\/sysmatec.ch\\\/wp-content\\\/uploads\\\/2019\\\/06\\\/Niveau_BamoGNR6.jpg\",\"width\":184,\"height\":529},{\"@type\":\"BreadcrumbList\",\"@id\":\"https:\\\/\\\/sysmatec.ch\\\/de\\\/produit\\\/niveauanzeiger-und-kontroller-gnr6\\\/#breadcrumb\",\"itemListElement\":[{\"@type\":\"ListItem\",\"position\":1,\"name\":\"Accueil\",\"item\":\"https:\\\/\\\/sysmatec.ch\\\/de\\\/\"},{\"@type\":\"ListItem\",\"position\":2,\"name\":\"Die Aktivit\u00e4t von Sysmatec\",\"item\":\"https:\\\/\\\/sysmatec.ch\\\/de\\\/\"},{\"@type\":\"ListItem\",\"position\":3,\"name\":\"Niveauanzeiger und Kontroller GNR6\"}]},{\"@type\":\"WebSite\",\"@id\":\"https:\\\/\\\/sysmatec.ch\\\/de\\\/#website\",\"url\":\"https:\\\/\\\/sysmatec.ch\\\/de\\\/\",\"name\":\"Sysmatec\",\"description\":\"Equipement de laboratoire et logiciels\",\"publisher\":{\"@id\":\"https:\\\/\\\/sysmatec.ch\\\/de\\\/#organization\"},\"potentialAction\":[{\"@type\":\"SearchAction\",\"target\":{\"@type\":\"EntryPoint\",\"urlTemplate\":\"https:\\\/\\\/sysmatec.ch\\\/de\\\/?s={search_term_string}\"},\"query-input\":{\"@type\":\"PropertyValueSpecification\",\"valueRequired\":true,\"valueName\":\"search_term_string\"}}],\"inLanguage\":\"de\"},{\"@type\":\"Organization\",\"@id\":\"https:\\\/\\\/sysmatec.ch\\\/de\\\/#organization\",\"name\":\"Sysmatec\",\"url\":\"https:\\\/\\\/sysmatec.ch\\\/de\\\/\",\"logo\":{\"@type\":\"ImageObject\",\"inLanguage\":\"de\",\"@id\":\"https:\\\/\\\/sysmatec.ch\\\/de\\\/#\\\/schema\\\/logo\\\/image\\\/\",\"url\":\"https:\\\/\\\/sysmatec.ch\\\/wp-content\\\/uploads\\\/2018\\\/11\\\/LogoSysmatec.jpg\",\"contentUrl\":\"https:\\\/\\\/sysmatec.ch\\\/wp-content\\\/uploads\\\/2018\\\/11\\\/LogoSysmatec.jpg\",\"width\":301,\"height\":297,\"caption\":\"Sysmatec\"},\"image\":{\"@id\":\"https:\\\/\\\/sysmatec.ch\\\/de\\\/#\\\/schema\\\/logo\\\/image\\\/\"}}]}<\/script>\n<!-- \/ Yoast SEO plugin. -->","yoast_head_json":{"title":"Niveauanzeiger und Kontroller GNR6 - Sysmatec","description":"F\u00fcllstandsmelder f\u00fcr Tank. Niveaukontakte werden verwendet, um Pumpen zu starten oder zu stoppen.","robots":{"index":"index","follow":"follow","max-snippet":"max-snippet:-1","max-image-preview":"max-image-preview:large","max-video-preview":"max-video-preview:-1"},"canonical":"https:\/\/sysmatec.ch\/de\/produit\/niveauanzeiger-und-kontroller-gnr6\/","og_locale":"de_DE","og_type":"article","og_title":"Niveauanzeiger und Kontroller GNR6 - Sysmatec","og_description":"F\u00fcllstandsmelder f\u00fcr Tank. Niveaukontakte werden verwendet, um Pumpen zu starten oder zu stoppen.","og_url":"https:\/\/sysmatec.ch\/de\/produit\/niveauanzeiger-und-kontroller-gnr6\/","og_site_name":"Sysmatec","article_modified_time":"2022-01-03T21:02:41+00:00","og_image":[{"width":184,"height":529,"url":"https:\/\/sysmatec.ch\/wp-content\/uploads\/2019\/06\/Niveau_BamoGNR6.jpg","type":"image\/jpeg"}],"twitter_card":"summary_large_image","twitter_misc":{"Gesch\u00e4tzte Lesezeit":"1\u00a0Minute"},"schema":{"@context":"https:\/\/schema.org","@graph":[{"@type":"WebPage","@id":"https:\/\/sysmatec.ch\/de\/produit\/niveauanzeiger-und-kontroller-gnr6\/","url":"https:\/\/sysmatec.ch\/de\/produit\/niveauanzeiger-und-kontroller-gnr6\/","name":"Niveauanzeiger und Kontroller GNR6 - Sysmatec","isPartOf":{"@id":"https:\/\/sysmatec.ch\/de\/#website"},"primaryImageOfPage":{"@id":"https:\/\/sysmatec.ch\/de\/produit\/niveauanzeiger-und-kontroller-gnr6\/#primaryimage"},"image":{"@id":"https:\/\/sysmatec.ch\/de\/produit\/niveauanzeiger-und-kontroller-gnr6\/#primaryimage"},"thumbnailUrl":"https:\/\/sysmatec.ch\/wp-content\/uploads\/2019\/06\/Niveau_BamoGNR6.jpg","datePublished":"2019-06-17T18:33:58+00:00","dateModified":"2022-01-03T21:02:41+00:00","description":"F\u00fcllstandsmelder f\u00fcr Tank. Niveaukontakte werden verwendet, um Pumpen zu starten oder zu stoppen.","breadcrumb":{"@id":"https:\/\/sysmatec.ch\/de\/produit\/niveauanzeiger-und-kontroller-gnr6\/#breadcrumb"},"inLanguage":"de","potentialAction":[{"@type":"ReadAction","target":["https:\/\/sysmatec.ch\/de\/produit\/niveauanzeiger-und-kontroller-gnr6\/"]}]},{"@type":"ImageObject","inLanguage":"de","@id":"https:\/\/sysmatec.ch\/de\/produit\/niveauanzeiger-und-kontroller-gnr6\/#primaryimage","url":"https:\/\/sysmatec.ch\/wp-content\/uploads\/2019\/06\/Niveau_BamoGNR6.jpg","contentUrl":"https:\/\/sysmatec.ch\/wp-content\/uploads\/2019\/06\/Niveau_BamoGNR6.jpg","width":184,"height":529},{"@type":"BreadcrumbList","@id":"https:\/\/sysmatec.ch\/de\/produit\/niveauanzeiger-und-kontroller-gnr6\/#breadcrumb","itemListElement":[{"@type":"ListItem","position":1,"name":"Accueil","item":"https:\/\/sysmatec.ch\/de\/"},{"@type":"ListItem","position":2,"name":"Die Aktivit\u00e4t von Sysmatec","item":"https:\/\/sysmatec.ch\/de\/"},{"@type":"ListItem","position":3,"name":"Niveauanzeiger und Kontroller GNR6"}]},{"@type":"WebSite","@id":"https:\/\/sysmatec.ch\/de\/#website","url":"https:\/\/sysmatec.ch\/de\/","name":"Sysmatec","description":"Equipement de laboratoire et logiciels","publisher":{"@id":"https:\/\/sysmatec.ch\/de\/#organization"},"potentialAction":[{"@type":"SearchAction","target":{"@type":"EntryPoint","urlTemplate":"https:\/\/sysmatec.ch\/de\/?s={search_term_string}"},"query-input":{"@type":"PropertyValueSpecification","valueRequired":true,"valueName":"search_term_string"}}],"inLanguage":"de"},{"@type":"Organization","@id":"https:\/\/sysmatec.ch\/de\/#organization","name":"Sysmatec","url":"https:\/\/sysmatec.ch\/de\/","logo":{"@type":"ImageObject","inLanguage":"de","@id":"https:\/\/sysmatec.ch\/de\/#\/schema\/logo\/image\/","url":"https:\/\/sysmatec.ch\/wp-content\/uploads\/2018\/11\/LogoSysmatec.jpg","contentUrl":"https:\/\/sysmatec.ch\/wp-content\/uploads\/2018\/11\/LogoSysmatec.jpg","width":301,"height":297,"caption":"Sysmatec"},"image":{"@id":"https:\/\/sysmatec.ch\/de\/#\/schema\/logo\/image\/"}}]}},"_links":{"self":[{"href":"https:\/\/sysmatec.ch\/de\/wp-json\/wp\/v2\/product\/6848","targetHints":{"allow":["GET"]}}],"collection":[{"href":"https:\/\/sysmatec.ch\/de\/wp-json\/wp\/v2\/product"}],"about":[{"href":"https:\/\/sysmatec.ch\/de\/wp-json\/wp\/v2\/types\/product"}],"wp:featuredmedia":[{"embeddable":true,"href":"https:\/\/sysmatec.ch\/de\/wp-json\/wp\/v2\/media\/6846"}],"wp:attachment":[{"href":"https:\/\/sysmatec.ch\/de\/wp-json\/wp\/v2\/media?parent=6848"}],"wp:term":[{"taxonomy":"product_brand","embeddable":true,"href":"https:\/\/sysmatec.ch\/de\/wp-json\/wp\/v2\/product_brand?post=6848"},{"taxonomy":"product_cat","embeddable":true,"href":"https:\/\/sysmatec.ch\/de\/wp-json\/wp\/v2\/product_cat?post=6848"},{"taxonomy":"product_tag","embeddable":true,"href":"https:\/\/sysmatec.ch\/de\/wp-json\/wp\/v2\/product_tag?post=6848"}],"curies":[{"name":"wp","href":"https:\/\/api.w.org\/{rel}","templated":true}]}}