{"id":6841,"date":"2019-06-17T20:22:23","date_gmt":"2019-06-17T18:22:23","guid":{"rendered":"https:\/\/sysmatec.ch\/produit\/controleur-de-niveau-nivostop-ss2-kw-w-wh-bamo\/"},"modified":"2022-01-03T22:39:08","modified_gmt":"2022-01-03T21:39:08","slug":"fuellstand-detektor-bamo-nivostop-ss2-kw-ss2-w","status":"publish","type":"product","link":"https:\/\/sysmatec.ch\/de\/Produkt\/fuellstand-detektor-bamo-nivostop-ss2-kw-ss2-w\/","title":{"rendered":"F\u00fcllstand Detektor BAMO NIVOSTOP\u00ae \/ SS2 \/ KW &#8211; SS2 \/ W"},"content":{"rendered":"<p>Grenzwertgeber oder Niveauregulierungen in:<\/p>\n<ul>\n<li type=\"disc\">Abwasser- und F\u00e4kalien-Hebeanlagen<\/li>\n<li type=\"disc\">Pumpensch\u00e4chte<\/li>\n<li type=\"disc\">Sickergruben<\/li>\n<\/ul>\n<p>Der Schwimmschalter mit integriertem Kippgewicht wird am Anschlu\u00dfkabel freih\u00e4ngend auf das gew\u00fcnschte Niveau montiert. Bei Anstieg oder Absenken des Fl\u00fcssigkeitsstandes ver\u00e4ndert sich die Lage des Schwimmers. Durch das eingebaute Kippgewicht wird ein Auftauchen verhindert. Der Schwimmk\u00f6rper kippt bei steigendem Fl\u00fcssigkeitsstand nach oben (siehe Bild links unten) und bet\u00e4tigt dabei den eingebauten Mikroschalter.<\/p>\n<p>Dazu ist keine Befestigungskonsole oder ein separates Einstellgewicht notwendig.<\/p>\n<p>Durch das integrierte Kippgewicht ist der Schwimmschalter au\u00dferdem weniger empfindlich gegen Turbulenzen.<\/p>\n<h2>Niveau Detektor Bechreibung<\/h2>\n<ul>\n<li type=\"disc\">Schaltspannung: 4V &#8211; 250V AC; 4 &#8211; 30V DC<\/li>\n<li type=\"disc\">Hinweis! bei Spannungen &gt;50V (kein SELV) muss der Beh\u00e4lter bzw. die Fl\u00fcssigkeit geerdet werden.<\/li>\n<li type=\"disc\">Schaltleistung: 1mA &#8211; 3A<\/li>\n<li type=\"disc\">Bitte beachten!<\/li>\n<li type=\"disc\">Der Schwimmschalter ist f\u00fcr eine Anwendung mit 1mA &#8211; 3A bei 4 &#8211; 250V ausgelegt. Allerdings darf der Schalter w\u00e4hrend seiner gesamten Verwendungsdauer nur in ein und demselben Schaltkreistyp eingesetzt werden!<\/li>\n<li type=\"disc\">Schaltelement: Mikroschalter, Kombi-Goldkontakt, Wechsler potentialfrei<\/li>\n<li type=\"disc\">Temperaturbereich: +1 bis +60\u00b0C<\/li>\n<li type=\"disc\">Eintauchtiefe: max. 5m<\/li>\n<li type=\"disc\">Mediendichte: 0.9 g\/cm3 (WH), 1 g\/cm3 (W et KW)<\/li>\n<\/ul>\n<h2>Niveau Detektor Werkstoffe<\/h2>\n<ul>\n<li type=\"disc\">Schwimmk\u00f6rper und Verschraubung: Polyethylen (PE-HD)<\/li>\n<li type=\"disc\">Dichtung in der Kabelverschraubung: TPR<\/li>\n<li type=\"disc\">Anschlusskabel: PVC; TPK<\/li>\n<li type=\"disc\">Schutzart: IP68<\/li>\n<li type=\"disc\">chem. Best\u00e4ndigkeit der Kabel: PVC= Wasser, Laugen, TPK= Wasser, Laugen, schwache S\u00e4uren<\/li>\n<\/ul>\n","protected":false},"excerpt":{"rendered":"<p>F\u00fcllstand Detektor mit Schwimmer<\/p>\n","protected":false},"featured_media":6833,"template":"","meta":{"_crdt_document":""},"product_brand":[],"product_cat":[236],"product_tag":[],"class_list":{"0":"post-6841","1":"product","2":"type-product","3":"status-publish","4":"has-post-thumbnail","6":"product_cat-fuellstand","8":"first","9":"instock","10":"taxable","11":"shipping-taxable","12":"product-type-simple"},"yoast_head":"<!-- This site is optimized with the Yoast SEO plugin v27.4 - https:\/\/yoast.com\/product\/yoast-seo-wordpress\/ -->\n<title>F\u00fcllstand Detektor BAMO NIVOSTOP\u00ae \/ SS2 \/ KW - SS2 \/ W - Sysmatec<\/title>\n<meta name=\"description\" content=\"Diese Niveaumelder bestehen aus Polyethylen Schwimmern. Verschiedene Formen je nach umgebender Fl\u00fcssigkeit.\" \/>\n<meta name=\"robots\" content=\"index, follow, max-snippet:-1, max-image-preview:large, max-video-preview:-1\" \/>\n<link rel=\"canonical\" href=\"https:\/\/sysmatec.ch\/de\/produit\/fuellstand-detektor-bamo-nivostop-ss2-kw-ss2-w\/\" \/>\n<meta property=\"og:locale\" content=\"de_DE\" \/>\n<meta property=\"og:type\" content=\"article\" \/>\n<meta property=\"og:title\" content=\"F\u00fcllstand Detektor BAMO NIVOSTOP\u00ae \/ SS2 \/ KW - SS2 \/ W - Sysmatec\" \/>\n<meta property=\"og:description\" content=\"Diese Niveaumelder bestehen aus Polyethylen Schwimmern. Verschiedene Formen je nach umgebender Fl\u00fcssigkeit.\" \/>\n<meta property=\"og:url\" content=\"https:\/\/sysmatec.ch\/de\/produit\/fuellstand-detektor-bamo-nivostop-ss2-kw-ss2-w\/\" \/>\n<meta property=\"og:site_name\" content=\"Sysmatec\" \/>\n<meta property=\"article:modified_time\" content=\"2022-01-03T21:39:08+00:00\" \/>\n<meta property=\"og:image\" content=\"https:\/\/sysmatec.ch\/wp-content\/uploads\/2019\/06\/Niveau_BamoNivsostopSS2.jpg\" \/>\n\t<meta property=\"og:image:width\" content=\"180\" \/>\n\t<meta property=\"og:image:height\" content=\"261\" \/>\n\t<meta property=\"og:image:type\" content=\"image\/jpeg\" \/>\n<meta name=\"twitter:card\" content=\"summary_large_image\" \/>\n<meta name=\"twitter:label1\" content=\"Gesch\u00e4tzte Lesezeit\" \/>\n\t<meta name=\"twitter:data1\" content=\"1\u00a0Minute\" \/>\n<script type=\"application\/ld+json\" class=\"yoast-schema-graph\">{\"@context\":\"https:\\\/\\\/schema.org\",\"@graph\":[{\"@type\":\"WebPage\",\"@id\":\"https:\\\/\\\/sysmatec.ch\\\/de\\\/produit\\\/fuellstand-detektor-bamo-nivostop-ss2-kw-ss2-w\\\/\",\"url\":\"https:\\\/\\\/sysmatec.ch\\\/de\\\/produit\\\/fuellstand-detektor-bamo-nivostop-ss2-kw-ss2-w\\\/\",\"name\":\"F\u00fcllstand Detektor BAMO NIVOSTOP\u00ae \\\/ SS2 \\\/ KW - SS2 \\\/ W - Sysmatec\",\"isPartOf\":{\"@id\":\"https:\\\/\\\/sysmatec.ch\\\/de\\\/#website\"},\"primaryImageOfPage\":{\"@id\":\"https:\\\/\\\/sysmatec.ch\\\/de\\\/produit\\\/fuellstand-detektor-bamo-nivostop-ss2-kw-ss2-w\\\/#primaryimage\"},\"image\":{\"@id\":\"https:\\\/\\\/sysmatec.ch\\\/de\\\/produit\\\/fuellstand-detektor-bamo-nivostop-ss2-kw-ss2-w\\\/#primaryimage\"},\"thumbnailUrl\":\"https:\\\/\\\/sysmatec.ch\\\/wp-content\\\/uploads\\\/2019\\\/06\\\/Niveau_BamoNivsostopSS2.jpg\",\"datePublished\":\"2019-06-17T18:22:23+00:00\",\"dateModified\":\"2022-01-03T21:39:08+00:00\",\"description\":\"Diese Niveaumelder bestehen aus Polyethylen Schwimmern. Verschiedene Formen je nach umgebender Fl\u00fcssigkeit.\",\"breadcrumb\":{\"@id\":\"https:\\\/\\\/sysmatec.ch\\\/de\\\/produit\\\/fuellstand-detektor-bamo-nivostop-ss2-kw-ss2-w\\\/#breadcrumb\"},\"inLanguage\":\"de\",\"potentialAction\":[{\"@type\":\"ReadAction\",\"target\":[\"https:\\\/\\\/sysmatec.ch\\\/de\\\/produit\\\/fuellstand-detektor-bamo-nivostop-ss2-kw-ss2-w\\\/\"]}]},{\"@type\":\"ImageObject\",\"inLanguage\":\"de\",\"@id\":\"https:\\\/\\\/sysmatec.ch\\\/de\\\/produit\\\/fuellstand-detektor-bamo-nivostop-ss2-kw-ss2-w\\\/#primaryimage\",\"url\":\"https:\\\/\\\/sysmatec.ch\\\/wp-content\\\/uploads\\\/2019\\\/06\\\/Niveau_BamoNivsostopSS2.jpg\",\"contentUrl\":\"https:\\\/\\\/sysmatec.ch\\\/wp-content\\\/uploads\\\/2019\\\/06\\\/Niveau_BamoNivsostopSS2.jpg\",\"width\":180,\"height\":261},{\"@type\":\"BreadcrumbList\",\"@id\":\"https:\\\/\\\/sysmatec.ch\\\/de\\\/produit\\\/fuellstand-detektor-bamo-nivostop-ss2-kw-ss2-w\\\/#breadcrumb\",\"itemListElement\":[{\"@type\":\"ListItem\",\"position\":1,\"name\":\"Accueil\",\"item\":\"https:\\\/\\\/sysmatec.ch\\\/de\\\/\"},{\"@type\":\"ListItem\",\"position\":2,\"name\":\"Die Aktivit\u00e4t von Sysmatec\",\"item\":\"https:\\\/\\\/sysmatec.ch\\\/de\\\/\"},{\"@type\":\"ListItem\",\"position\":3,\"name\":\"F\u00fcllstand Detektor BAMO NIVOSTOP\u00ae \\\/ SS2 \\\/ KW &#8211; SS2 \\\/ W\"}]},{\"@type\":\"WebSite\",\"@id\":\"https:\\\/\\\/sysmatec.ch\\\/de\\\/#website\",\"url\":\"https:\\\/\\\/sysmatec.ch\\\/de\\\/\",\"name\":\"Sysmatec\",\"description\":\"Equipement de laboratoire et logiciels\",\"publisher\":{\"@id\":\"https:\\\/\\\/sysmatec.ch\\\/de\\\/#organization\"},\"potentialAction\":[{\"@type\":\"SearchAction\",\"target\":{\"@type\":\"EntryPoint\",\"urlTemplate\":\"https:\\\/\\\/sysmatec.ch\\\/de\\\/?s={search_term_string}\"},\"query-input\":{\"@type\":\"PropertyValueSpecification\",\"valueRequired\":true,\"valueName\":\"search_term_string\"}}],\"inLanguage\":\"de\"},{\"@type\":\"Organization\",\"@id\":\"https:\\\/\\\/sysmatec.ch\\\/de\\\/#organization\",\"name\":\"Sysmatec\",\"url\":\"https:\\\/\\\/sysmatec.ch\\\/de\\\/\",\"logo\":{\"@type\":\"ImageObject\",\"inLanguage\":\"de\",\"@id\":\"https:\\\/\\\/sysmatec.ch\\\/de\\\/#\\\/schema\\\/logo\\\/image\\\/\",\"url\":\"https:\\\/\\\/sysmatec.ch\\\/wp-content\\\/uploads\\\/2018\\\/11\\\/LogoSysmatec.jpg\",\"contentUrl\":\"https:\\\/\\\/sysmatec.ch\\\/wp-content\\\/uploads\\\/2018\\\/11\\\/LogoSysmatec.jpg\",\"width\":301,\"height\":297,\"caption\":\"Sysmatec\"},\"image\":{\"@id\":\"https:\\\/\\\/sysmatec.ch\\\/de\\\/#\\\/schema\\\/logo\\\/image\\\/\"}}]}<\/script>\n<!-- \/ Yoast SEO plugin. -->","yoast_head_json":{"title":"F\u00fcllstand Detektor BAMO NIVOSTOP\u00ae \/ SS2 \/ KW - SS2 \/ W - Sysmatec","description":"Diese Niveaumelder bestehen aus Polyethylen Schwimmern. Verschiedene Formen je nach umgebender Fl\u00fcssigkeit.","robots":{"index":"index","follow":"follow","max-snippet":"max-snippet:-1","max-image-preview":"max-image-preview:large","max-video-preview":"max-video-preview:-1"},"canonical":"https:\/\/sysmatec.ch\/de\/produit\/fuellstand-detektor-bamo-nivostop-ss2-kw-ss2-w\/","og_locale":"de_DE","og_type":"article","og_title":"F\u00fcllstand Detektor BAMO NIVOSTOP\u00ae \/ SS2 \/ KW - SS2 \/ W - Sysmatec","og_description":"Diese Niveaumelder bestehen aus Polyethylen Schwimmern. Verschiedene Formen je nach umgebender Fl\u00fcssigkeit.","og_url":"https:\/\/sysmatec.ch\/de\/produit\/fuellstand-detektor-bamo-nivostop-ss2-kw-ss2-w\/","og_site_name":"Sysmatec","article_modified_time":"2022-01-03T21:39:08+00:00","og_image":[{"width":180,"height":261,"url":"https:\/\/sysmatec.ch\/wp-content\/uploads\/2019\/06\/Niveau_BamoNivsostopSS2.jpg","type":"image\/jpeg"}],"twitter_card":"summary_large_image","twitter_misc":{"Gesch\u00e4tzte Lesezeit":"1\u00a0Minute"},"schema":{"@context":"https:\/\/schema.org","@graph":[{"@type":"WebPage","@id":"https:\/\/sysmatec.ch\/de\/produit\/fuellstand-detektor-bamo-nivostop-ss2-kw-ss2-w\/","url":"https:\/\/sysmatec.ch\/de\/produit\/fuellstand-detektor-bamo-nivostop-ss2-kw-ss2-w\/","name":"F\u00fcllstand Detektor BAMO NIVOSTOP\u00ae \/ SS2 \/ KW - SS2 \/ W - Sysmatec","isPartOf":{"@id":"https:\/\/sysmatec.ch\/de\/#website"},"primaryImageOfPage":{"@id":"https:\/\/sysmatec.ch\/de\/produit\/fuellstand-detektor-bamo-nivostop-ss2-kw-ss2-w\/#primaryimage"},"image":{"@id":"https:\/\/sysmatec.ch\/de\/produit\/fuellstand-detektor-bamo-nivostop-ss2-kw-ss2-w\/#primaryimage"},"thumbnailUrl":"https:\/\/sysmatec.ch\/wp-content\/uploads\/2019\/06\/Niveau_BamoNivsostopSS2.jpg","datePublished":"2019-06-17T18:22:23+00:00","dateModified":"2022-01-03T21:39:08+00:00","description":"Diese Niveaumelder bestehen aus Polyethylen Schwimmern. Verschiedene Formen je nach umgebender Fl\u00fcssigkeit.","breadcrumb":{"@id":"https:\/\/sysmatec.ch\/de\/produit\/fuellstand-detektor-bamo-nivostop-ss2-kw-ss2-w\/#breadcrumb"},"inLanguage":"de","potentialAction":[{"@type":"ReadAction","target":["https:\/\/sysmatec.ch\/de\/produit\/fuellstand-detektor-bamo-nivostop-ss2-kw-ss2-w\/"]}]},{"@type":"ImageObject","inLanguage":"de","@id":"https:\/\/sysmatec.ch\/de\/produit\/fuellstand-detektor-bamo-nivostop-ss2-kw-ss2-w\/#primaryimage","url":"https:\/\/sysmatec.ch\/wp-content\/uploads\/2019\/06\/Niveau_BamoNivsostopSS2.jpg","contentUrl":"https:\/\/sysmatec.ch\/wp-content\/uploads\/2019\/06\/Niveau_BamoNivsostopSS2.jpg","width":180,"height":261},{"@type":"BreadcrumbList","@id":"https:\/\/sysmatec.ch\/de\/produit\/fuellstand-detektor-bamo-nivostop-ss2-kw-ss2-w\/#breadcrumb","itemListElement":[{"@type":"ListItem","position":1,"name":"Accueil","item":"https:\/\/sysmatec.ch\/de\/"},{"@type":"ListItem","position":2,"name":"Die Aktivit\u00e4t von Sysmatec","item":"https:\/\/sysmatec.ch\/de\/"},{"@type":"ListItem","position":3,"name":"F\u00fcllstand Detektor BAMO NIVOSTOP\u00ae \/ SS2 \/ KW &#8211; SS2 \/ W"}]},{"@type":"WebSite","@id":"https:\/\/sysmatec.ch\/de\/#website","url":"https:\/\/sysmatec.ch\/de\/","name":"Sysmatec","description":"Equipement de laboratoire et logiciels","publisher":{"@id":"https:\/\/sysmatec.ch\/de\/#organization"},"potentialAction":[{"@type":"SearchAction","target":{"@type":"EntryPoint","urlTemplate":"https:\/\/sysmatec.ch\/de\/?s={search_term_string}"},"query-input":{"@type":"PropertyValueSpecification","valueRequired":true,"valueName":"search_term_string"}}],"inLanguage":"de"},{"@type":"Organization","@id":"https:\/\/sysmatec.ch\/de\/#organization","name":"Sysmatec","url":"https:\/\/sysmatec.ch\/de\/","logo":{"@type":"ImageObject","inLanguage":"de","@id":"https:\/\/sysmatec.ch\/de\/#\/schema\/logo\/image\/","url":"https:\/\/sysmatec.ch\/wp-content\/uploads\/2018\/11\/LogoSysmatec.jpg","contentUrl":"https:\/\/sysmatec.ch\/wp-content\/uploads\/2018\/11\/LogoSysmatec.jpg","width":301,"height":297,"caption":"Sysmatec"},"image":{"@id":"https:\/\/sysmatec.ch\/de\/#\/schema\/logo\/image\/"}}]}},"_links":{"self":[{"href":"https:\/\/sysmatec.ch\/de\/wp-json\/wp\/v2\/product\/6841","targetHints":{"allow":["GET"]}}],"collection":[{"href":"https:\/\/sysmatec.ch\/de\/wp-json\/wp\/v2\/product"}],"about":[{"href":"https:\/\/sysmatec.ch\/de\/wp-json\/wp\/v2\/types\/product"}],"wp:featuredmedia":[{"embeddable":true,"href":"https:\/\/sysmatec.ch\/de\/wp-json\/wp\/v2\/media\/6833"}],"wp:attachment":[{"href":"https:\/\/sysmatec.ch\/de\/wp-json\/wp\/v2\/media?parent=6841"}],"wp:term":[{"taxonomy":"product_brand","embeddable":true,"href":"https:\/\/sysmatec.ch\/de\/wp-json\/wp\/v2\/product_brand?post=6841"},{"taxonomy":"product_cat","embeddable":true,"href":"https:\/\/sysmatec.ch\/de\/wp-json\/wp\/v2\/product_cat?post=6841"},{"taxonomy":"product_tag","embeddable":true,"href":"https:\/\/sysmatec.ch\/de\/wp-json\/wp\/v2\/product_tag?post=6841"}],"curies":[{"name":"wp","href":"https:\/\/api.w.org\/{rel}","templated":true}]}}