{"id":6838,"date":"2019-06-17T19:22:16","date_gmt":"2019-06-17T17:22:16","guid":{"rendered":"https:\/\/sysmatec.ch\/produit\/detecteur-de-niveau-nivostop-c-bamo\/"},"modified":"2022-01-03T22:37:34","modified_gmt":"2022-01-03T21:37:34","slug":"fuellstand-detektor-bamo-nivostop-c","status":"publish","type":"product","link":"https:\/\/sysmatec.ch\/de\/Produkt\/fuellstand-detektor-bamo-nivostop-c\/","title":{"rendered":"F\u00fcllstand Detektor BAMO NIVOSTOP \u00ae \/ C"},"content":{"rendered":"<p>Der Schwimmer-Controller NIVOSTOP \u00ae \/ C ist f\u00fcr den Einsatz in aggressiven Medien (wie S\u00e4uren, basischen L\u00f6sungen, etc.) konzipiert.<\/p>\n<h2>Niveau Detektor Prinzip<\/h2>\n<ul>\n<li type=\"disc\">Der Schwimmschalter mit integriertem Kippgewicht wird am Anschlu\u00dfkabel freih\u00e4ngend auf das gew\u00fcnschte Niveau montiert. Bei Anstieg oder Absenken des Fl\u00fcssigkeitsstandes ver\u00e4ndert sich die Lage des Schwimmers. Durch das eingebaute Kippgewicht wird ein Auftauchen verhindert. Der Schwimmk\u00f6rper kippt bei steigendem Fl\u00fcssigkeitsstand nach oben und bet\u00e4tigt dabei den eingebauten Mikroschalter.<\/li>\n<li type=\"disc\">Dazu ist keine Befestigungskonsole oder ein separates Einstellgewicht notwendig.<\/li>\n<li type=\"disc\">Durch das integrierte Kippgewicht ist der Schwimmschalter au\u00dferdem weniger empfindlich gegen Turbulenzen.<\/li>\n<\/ul>\n<h2>Niveau Detektor Beschreibung<\/h2>\n<ul>\n<li type=\"disc\">Maximaler Druck: 2 bar<\/li>\n<li type=\"disc\">Operation: Mehrwege<\/li>\n<li type=\"disc\">Schutzart: IP68<\/li>\n<li type=\"disc\">Temperatur: 100 \u00b0 C als maximale<\/li>\n<li type=\"disc\">Einsatzbereich: Spezifisches Gewicht von 0,95 bis 1,05 kg \/ L<\/li>\n<li type=\"disc\">Umschalten: 10 \u00b0<\/li>\n<li type=\"disc\">Switch: Wechsler, vergoldet<\/li>\n<li type=\"disc\">Swiching Grenzen: 1 mA \/ 4 V bis 5 A \/ 250 V<\/li>\n<li type=\"disc\">Kabel: 4 x 0,5 mm2<\/li>\n<li type=\"disc\">Kabell\u00e4nge: 5 m oder 10 m (andere auf Anfrage)<\/li>\n<li type=\"disc\">Float [mm]: 180 H\u00f6he, Durchmesser 100<\/li>\n<li type=\"disc\">K\u00f6rper: PP<\/li>\n<li type=\"disc\">Kabel: FEP<\/li>\n<li type=\"disc\">Dichtung: FPM<\/li>\n<\/ul>\n","protected":false},"excerpt":{"rendered":"<p>F\u00fcllstand Detektor mit Schwimmer<\/p>\n","protected":false},"featured_media":6830,"template":"","meta":{"_crdt_document":""},"product_brand":[],"product_cat":[236],"product_tag":[],"class_list":{"0":"post-6838","1":"product","2":"type-product","3":"status-publish","4":"has-post-thumbnail","6":"product_cat-fuellstand","8":"first","9":"instock","10":"taxable","11":"shipping-taxable","12":"product-type-simple"},"yoast_head":"<!-- This site is optimized with the Yoast SEO plugin v27.3 - https:\/\/yoast.com\/product\/yoast-seo-wordpress\/ -->\n<title>F\u00fcllstand Detektor BAMO NIVOSTOP \u00ae \/ C - Sysmatec<\/title>\n<meta name=\"description\" content=\"Diese Niveaudetektoren bestehen aus Schwimmk\u00f6rpern aus Polyethylen. Verschiedene Formen je nach umgebender Fl\u00fcssigkeit.\" \/>\n<meta name=\"robots\" content=\"index, follow, max-snippet:-1, max-image-preview:large, max-video-preview:-1\" \/>\n<link rel=\"canonical\" href=\"https:\/\/sysmatec.ch\/de\/produit\/fuellstand-detektor-bamo-nivostop-c\/\" \/>\n<meta property=\"og:locale\" content=\"de_DE\" \/>\n<meta property=\"og:type\" content=\"article\" \/>\n<meta property=\"og:title\" content=\"F\u00fcllstand Detektor BAMO NIVOSTOP \u00ae \/ C - Sysmatec\" \/>\n<meta property=\"og:description\" content=\"Diese Niveaudetektoren bestehen aus Schwimmk\u00f6rpern aus Polyethylen. Verschiedene Formen je nach umgebender Fl\u00fcssigkeit.\" \/>\n<meta property=\"og:url\" content=\"https:\/\/sysmatec.ch\/de\/produit\/fuellstand-detektor-bamo-nivostop-c\/\" \/>\n<meta property=\"og:site_name\" content=\"Sysmatec\" \/>\n<meta property=\"article:modified_time\" content=\"2022-01-03T21:37:34+00:00\" \/>\n<meta property=\"og:image\" content=\"https:\/\/sysmatec.ch\/wp-content\/uploads\/2019\/06\/Niveau_BamoNivostopC.jpg\" \/>\n\t<meta property=\"og:image:width\" content=\"136\" \/>\n\t<meta property=\"og:image:height\" content=\"396\" \/>\n\t<meta property=\"og:image:type\" content=\"image\/jpeg\" \/>\n<meta name=\"twitter:card\" content=\"summary_large_image\" \/>\n<meta name=\"twitter:label1\" content=\"Gesch\u00e4tzte Lesezeit\" \/>\n\t<meta name=\"twitter:data1\" content=\"1\u00a0Minute\" \/>\n<script type=\"application\/ld+json\" class=\"yoast-schema-graph\">{\"@context\":\"https:\\\/\\\/schema.org\",\"@graph\":[{\"@type\":\"WebPage\",\"@id\":\"https:\\\/\\\/sysmatec.ch\\\/de\\\/produit\\\/fuellstand-detektor-bamo-nivostop-c\\\/\",\"url\":\"https:\\\/\\\/sysmatec.ch\\\/de\\\/produit\\\/fuellstand-detektor-bamo-nivostop-c\\\/\",\"name\":\"F\u00fcllstand Detektor BAMO NIVOSTOP \u00ae \\\/ C - Sysmatec\",\"isPartOf\":{\"@id\":\"https:\\\/\\\/sysmatec.ch\\\/de\\\/#website\"},\"primaryImageOfPage\":{\"@id\":\"https:\\\/\\\/sysmatec.ch\\\/de\\\/produit\\\/fuellstand-detektor-bamo-nivostop-c\\\/#primaryimage\"},\"image\":{\"@id\":\"https:\\\/\\\/sysmatec.ch\\\/de\\\/produit\\\/fuellstand-detektor-bamo-nivostop-c\\\/#primaryimage\"},\"thumbnailUrl\":\"https:\\\/\\\/sysmatec.ch\\\/wp-content\\\/uploads\\\/2019\\\/06\\\/Niveau_BamoNivostopC.jpg\",\"datePublished\":\"2019-06-17T17:22:16+00:00\",\"dateModified\":\"2022-01-03T21:37:34+00:00\",\"description\":\"Diese Niveaudetektoren bestehen aus Schwimmk\u00f6rpern aus Polyethylen. Verschiedene Formen je nach umgebender Fl\u00fcssigkeit.\",\"breadcrumb\":{\"@id\":\"https:\\\/\\\/sysmatec.ch\\\/de\\\/produit\\\/fuellstand-detektor-bamo-nivostop-c\\\/#breadcrumb\"},\"inLanguage\":\"de\",\"potentialAction\":[{\"@type\":\"ReadAction\",\"target\":[\"https:\\\/\\\/sysmatec.ch\\\/de\\\/produit\\\/fuellstand-detektor-bamo-nivostop-c\\\/\"]}]},{\"@type\":\"ImageObject\",\"inLanguage\":\"de\",\"@id\":\"https:\\\/\\\/sysmatec.ch\\\/de\\\/produit\\\/fuellstand-detektor-bamo-nivostop-c\\\/#primaryimage\",\"url\":\"https:\\\/\\\/sysmatec.ch\\\/wp-content\\\/uploads\\\/2019\\\/06\\\/Niveau_BamoNivostopC.jpg\",\"contentUrl\":\"https:\\\/\\\/sysmatec.ch\\\/wp-content\\\/uploads\\\/2019\\\/06\\\/Niveau_BamoNivostopC.jpg\",\"width\":136,\"height\":396},{\"@type\":\"BreadcrumbList\",\"@id\":\"https:\\\/\\\/sysmatec.ch\\\/de\\\/produit\\\/fuellstand-detektor-bamo-nivostop-c\\\/#breadcrumb\",\"itemListElement\":[{\"@type\":\"ListItem\",\"position\":1,\"name\":\"Accueil\",\"item\":\"https:\\\/\\\/sysmatec.ch\\\/de\\\/\"},{\"@type\":\"ListItem\",\"position\":2,\"name\":\"Die Aktivit\u00e4t von Sysmatec\",\"item\":\"https:\\\/\\\/sysmatec.ch\\\/de\\\/\"},{\"@type\":\"ListItem\",\"position\":3,\"name\":\"F\u00fcllstand Detektor BAMO NIVOSTOP \u00ae \\\/ C\"}]},{\"@type\":\"WebSite\",\"@id\":\"https:\\\/\\\/sysmatec.ch\\\/de\\\/#website\",\"url\":\"https:\\\/\\\/sysmatec.ch\\\/de\\\/\",\"name\":\"Sysmatec\",\"description\":\"Equipement de laboratoire et logiciels\",\"publisher\":{\"@id\":\"https:\\\/\\\/sysmatec.ch\\\/de\\\/#organization\"},\"potentialAction\":[{\"@type\":\"SearchAction\",\"target\":{\"@type\":\"EntryPoint\",\"urlTemplate\":\"https:\\\/\\\/sysmatec.ch\\\/de\\\/?s={search_term_string}\"},\"query-input\":{\"@type\":\"PropertyValueSpecification\",\"valueRequired\":true,\"valueName\":\"search_term_string\"}}],\"inLanguage\":\"de\"},{\"@type\":\"Organization\",\"@id\":\"https:\\\/\\\/sysmatec.ch\\\/de\\\/#organization\",\"name\":\"Sysmatec\",\"url\":\"https:\\\/\\\/sysmatec.ch\\\/de\\\/\",\"logo\":{\"@type\":\"ImageObject\",\"inLanguage\":\"de\",\"@id\":\"https:\\\/\\\/sysmatec.ch\\\/de\\\/#\\\/schema\\\/logo\\\/image\\\/\",\"url\":\"https:\\\/\\\/sysmatec.ch\\\/wp-content\\\/uploads\\\/2018\\\/11\\\/LogoSysmatec.jpg\",\"contentUrl\":\"https:\\\/\\\/sysmatec.ch\\\/wp-content\\\/uploads\\\/2018\\\/11\\\/LogoSysmatec.jpg\",\"width\":301,\"height\":297,\"caption\":\"Sysmatec\"},\"image\":{\"@id\":\"https:\\\/\\\/sysmatec.ch\\\/de\\\/#\\\/schema\\\/logo\\\/image\\\/\"}}]}<\/script>\n<!-- \/ Yoast SEO plugin. -->","yoast_head_json":{"title":"F\u00fcllstand Detektor BAMO NIVOSTOP \u00ae \/ C - Sysmatec","description":"Diese Niveaudetektoren bestehen aus Schwimmk\u00f6rpern aus Polyethylen. Verschiedene Formen je nach umgebender Fl\u00fcssigkeit.","robots":{"index":"index","follow":"follow","max-snippet":"max-snippet:-1","max-image-preview":"max-image-preview:large","max-video-preview":"max-video-preview:-1"},"canonical":"https:\/\/sysmatec.ch\/de\/produit\/fuellstand-detektor-bamo-nivostop-c\/","og_locale":"de_DE","og_type":"article","og_title":"F\u00fcllstand Detektor BAMO NIVOSTOP \u00ae \/ C - Sysmatec","og_description":"Diese Niveaudetektoren bestehen aus Schwimmk\u00f6rpern aus Polyethylen. Verschiedene Formen je nach umgebender Fl\u00fcssigkeit.","og_url":"https:\/\/sysmatec.ch\/de\/produit\/fuellstand-detektor-bamo-nivostop-c\/","og_site_name":"Sysmatec","article_modified_time":"2022-01-03T21:37:34+00:00","og_image":[{"width":136,"height":396,"url":"https:\/\/sysmatec.ch\/wp-content\/uploads\/2019\/06\/Niveau_BamoNivostopC.jpg","type":"image\/jpeg"}],"twitter_card":"summary_large_image","twitter_misc":{"Gesch\u00e4tzte Lesezeit":"1\u00a0Minute"},"schema":{"@context":"https:\/\/schema.org","@graph":[{"@type":"WebPage","@id":"https:\/\/sysmatec.ch\/de\/produit\/fuellstand-detektor-bamo-nivostop-c\/","url":"https:\/\/sysmatec.ch\/de\/produit\/fuellstand-detektor-bamo-nivostop-c\/","name":"F\u00fcllstand Detektor BAMO NIVOSTOP \u00ae \/ C - Sysmatec","isPartOf":{"@id":"https:\/\/sysmatec.ch\/de\/#website"},"primaryImageOfPage":{"@id":"https:\/\/sysmatec.ch\/de\/produit\/fuellstand-detektor-bamo-nivostop-c\/#primaryimage"},"image":{"@id":"https:\/\/sysmatec.ch\/de\/produit\/fuellstand-detektor-bamo-nivostop-c\/#primaryimage"},"thumbnailUrl":"https:\/\/sysmatec.ch\/wp-content\/uploads\/2019\/06\/Niveau_BamoNivostopC.jpg","datePublished":"2019-06-17T17:22:16+00:00","dateModified":"2022-01-03T21:37:34+00:00","description":"Diese Niveaudetektoren bestehen aus Schwimmk\u00f6rpern aus Polyethylen. Verschiedene Formen je nach umgebender Fl\u00fcssigkeit.","breadcrumb":{"@id":"https:\/\/sysmatec.ch\/de\/produit\/fuellstand-detektor-bamo-nivostop-c\/#breadcrumb"},"inLanguage":"de","potentialAction":[{"@type":"ReadAction","target":["https:\/\/sysmatec.ch\/de\/produit\/fuellstand-detektor-bamo-nivostop-c\/"]}]},{"@type":"ImageObject","inLanguage":"de","@id":"https:\/\/sysmatec.ch\/de\/produit\/fuellstand-detektor-bamo-nivostop-c\/#primaryimage","url":"https:\/\/sysmatec.ch\/wp-content\/uploads\/2019\/06\/Niveau_BamoNivostopC.jpg","contentUrl":"https:\/\/sysmatec.ch\/wp-content\/uploads\/2019\/06\/Niveau_BamoNivostopC.jpg","width":136,"height":396},{"@type":"BreadcrumbList","@id":"https:\/\/sysmatec.ch\/de\/produit\/fuellstand-detektor-bamo-nivostop-c\/#breadcrumb","itemListElement":[{"@type":"ListItem","position":1,"name":"Accueil","item":"https:\/\/sysmatec.ch\/de\/"},{"@type":"ListItem","position":2,"name":"Die Aktivit\u00e4t von Sysmatec","item":"https:\/\/sysmatec.ch\/de\/"},{"@type":"ListItem","position":3,"name":"F\u00fcllstand Detektor BAMO NIVOSTOP \u00ae \/ C"}]},{"@type":"WebSite","@id":"https:\/\/sysmatec.ch\/de\/#website","url":"https:\/\/sysmatec.ch\/de\/","name":"Sysmatec","description":"Equipement de laboratoire et logiciels","publisher":{"@id":"https:\/\/sysmatec.ch\/de\/#organization"},"potentialAction":[{"@type":"SearchAction","target":{"@type":"EntryPoint","urlTemplate":"https:\/\/sysmatec.ch\/de\/?s={search_term_string}"},"query-input":{"@type":"PropertyValueSpecification","valueRequired":true,"valueName":"search_term_string"}}],"inLanguage":"de"},{"@type":"Organization","@id":"https:\/\/sysmatec.ch\/de\/#organization","name":"Sysmatec","url":"https:\/\/sysmatec.ch\/de\/","logo":{"@type":"ImageObject","inLanguage":"de","@id":"https:\/\/sysmatec.ch\/de\/#\/schema\/logo\/image\/","url":"https:\/\/sysmatec.ch\/wp-content\/uploads\/2018\/11\/LogoSysmatec.jpg","contentUrl":"https:\/\/sysmatec.ch\/wp-content\/uploads\/2018\/11\/LogoSysmatec.jpg","width":301,"height":297,"caption":"Sysmatec"},"image":{"@id":"https:\/\/sysmatec.ch\/de\/#\/schema\/logo\/image\/"}}]}},"_links":{"self":[{"href":"https:\/\/sysmatec.ch\/de\/wp-json\/wp\/v2\/product\/6838","targetHints":{"allow":["GET"]}}],"collection":[{"href":"https:\/\/sysmatec.ch\/de\/wp-json\/wp\/v2\/product"}],"about":[{"href":"https:\/\/sysmatec.ch\/de\/wp-json\/wp\/v2\/types\/product"}],"wp:featuredmedia":[{"embeddable":true,"href":"https:\/\/sysmatec.ch\/de\/wp-json\/wp\/v2\/media\/6830"}],"wp:attachment":[{"href":"https:\/\/sysmatec.ch\/de\/wp-json\/wp\/v2\/media?parent=6838"}],"wp:term":[{"taxonomy":"product_brand","embeddable":true,"href":"https:\/\/sysmatec.ch\/de\/wp-json\/wp\/v2\/product_brand?post=6838"},{"taxonomy":"product_cat","embeddable":true,"href":"https:\/\/sysmatec.ch\/de\/wp-json\/wp\/v2\/product_cat?post=6838"},{"taxonomy":"product_tag","embeddable":true,"href":"https:\/\/sysmatec.ch\/de\/wp-json\/wp\/v2\/product_tag?post=6838"}],"curies":[{"name":"wp","href":"https:\/\/api.w.org\/{rel}","templated":true}]}}