{"id":6835,"date":"2019-06-17T19:16:45","date_gmt":"2019-06-17T17:16:45","guid":{"rendered":"https:\/\/sysmatec.ch\/produit\/detecteur-de-niveau-nivostop-acs-bamo\/"},"modified":"2022-01-03T22:46:58","modified_gmt":"2022-01-03T21:46:58","slug":"fuellstand-detektor-bamo-nivostop-acs","status":"publish","type":"product","link":"https:\/\/sysmatec.ch\/de\/Produkt\/fuellstand-detektor-bamo-nivostop-acs\/","title":{"rendered":"F\u00fcllstand Detektor BAMO NIVOSTOP \u00ae \/ ACS"},"content":{"rendered":"<p>konzipiert f\u00fcr den Einsatz mit Trinkwasser und sanit\u00e4re Anwendungen (Wassertanks, Abf\u00fcllung, Brunnen).<\/p>\n<h2>Niveau Detektor Prinzip<\/h2>\n<ul>\n<li type=\"disc\">Der Schwimmschalter mit integriertem Kippgewicht wird am Anschlu\u00dfkabel freih\u00e4ngend auf das gew\u00fcnschte Niveau montiert. Bei Anstieg oder Absenken des Fl\u00fcssigkeitsstandes ver\u00e4ndert sich die Lage des Schwimmers. Durch das eingebaute Kippgewicht wird ein Auftauchen verhindert. Der Schwimmk\u00f6rper kippt bei steigendem Fl\u00fcssigkeitsstand nach oben und bet\u00e4tigt dabei den eingebauten Mikroschalter.<\/li>\n<li type=\"disc\">Dazu ist keine Befestigungskonsole oder ein separates Einstellgewicht notwendig.<\/li>\n<li type=\"disc\">Durch das integrierte Kippgewicht ist der Schwimmschalter au\u00dferdem weniger empfindlich gegen Turbulenzen.<\/li>\n<\/ul>\n<h2>Niveau Detektor Beschreibung<\/h2>\n<ul>\n<li type=\"disc\">Betriebsart: Omni direktionale<\/li>\n<li type=\"disc\">Druck: 2 bar maximal<\/li>\n<li type=\"disc\">Schutzart: IP 68<\/li>\n<li type=\"disc\">Temperatur: 70 \u00b0 C maximal<\/li>\n<li type=\"disc\">S.G.: 0.95 bis 1.05 kg \/ L<\/li>\n<li type=\"disc\">Umschaltwinkel: 10 \u00b0<\/li>\n<li type=\"disc\">Schalter-Art: Micro-Schalter, vergoldete Kontakte<\/li>\n<li type=\"disc\">Schaltleistung: 1 mA \/ 4 V bis 5 A \/ 250 V<\/li>\n<li type=\"disc\">Schwimmer Abmessungen H\u00f6he: 180 mm Durchmesser: 100 mm<\/li>\n<li type=\"disc\">Kabel: 3 x 0.75 mm2<\/li>\n<li type=\"disc\">Kabell\u00e4nge: 5 m, 10 m, 20 m (andere auf Anfrage)<\/li>\n<\/ul>\n","protected":false},"excerpt":{"rendered":"<p>F\u00fcllstandsmelder f\u00fcr Trinkwasser.<\/p>\n","protected":false},"featured_media":6827,"template":"","meta":{"_crdt_document":""},"product_brand":[],"product_cat":[236],"product_tag":[],"class_list":{"0":"post-6835","1":"product","2":"type-product","3":"status-publish","4":"has-post-thumbnail","6":"product_cat-fuellstand","8":"first","9":"instock","10":"taxable","11":"shipping-taxable","12":"product-type-simple"},"yoast_head":"<!-- This site is optimized with the Yoast SEO plugin v27.4 - https:\/\/yoast.com\/product\/yoast-seo-wordpress\/ -->\n<title>F\u00fcllstand Detektor BAMO NIVOSTOP \u00ae \/ ACS - Sysmatec<\/title>\n<meta name=\"description\" content=\"Diese Niveaudetektoren bestehen aus Schwimmern, die einen Mikroschalter enthalten. Sie sind f\u00fcr Trinkwasseranwendungen ausgelegt.\" \/>\n<meta name=\"robots\" content=\"index, follow, max-snippet:-1, max-image-preview:large, max-video-preview:-1\" \/>\n<link rel=\"canonical\" href=\"https:\/\/sysmatec.ch\/de\/produit\/fuellstand-detektor-bamo-nivostop-acs\/\" \/>\n<meta property=\"og:locale\" content=\"de_DE\" \/>\n<meta property=\"og:type\" content=\"article\" \/>\n<meta property=\"og:title\" content=\"F\u00fcllstand Detektor BAMO NIVOSTOP \u00ae \/ ACS - Sysmatec\" \/>\n<meta property=\"og:description\" content=\"Diese Niveaudetektoren bestehen aus Schwimmern, die einen Mikroschalter enthalten. Sie sind f\u00fcr Trinkwasseranwendungen ausgelegt.\" \/>\n<meta property=\"og:url\" content=\"https:\/\/sysmatec.ch\/de\/produit\/fuellstand-detektor-bamo-nivostop-acs\/\" \/>\n<meta property=\"og:site_name\" content=\"Sysmatec\" \/>\n<meta property=\"article:modified_time\" content=\"2022-01-03T21:46:58+00:00\" \/>\n<meta property=\"og:image\" content=\"https:\/\/sysmatec.ch\/wp-content\/uploads\/2019\/06\/Niveau_BamoNivostopACS.jpg\" \/>\n\t<meta property=\"og:image:width\" content=\"139\" \/>\n\t<meta property=\"og:image:height\" content=\"408\" \/>\n\t<meta property=\"og:image:type\" content=\"image\/jpeg\" \/>\n<meta name=\"twitter:card\" content=\"summary_large_image\" \/>\n<meta name=\"twitter:label1\" content=\"Gesch\u00e4tzte Lesezeit\" \/>\n\t<meta name=\"twitter:data1\" content=\"1\u00a0Minute\" \/>\n<script type=\"application\/ld+json\" class=\"yoast-schema-graph\">{\"@context\":\"https:\\\/\\\/schema.org\",\"@graph\":[{\"@type\":\"WebPage\",\"@id\":\"https:\\\/\\\/sysmatec.ch\\\/de\\\/produit\\\/fuellstand-detektor-bamo-nivostop-acs\\\/\",\"url\":\"https:\\\/\\\/sysmatec.ch\\\/de\\\/produit\\\/fuellstand-detektor-bamo-nivostop-acs\\\/\",\"name\":\"F\u00fcllstand Detektor BAMO NIVOSTOP \u00ae \\\/ ACS - Sysmatec\",\"isPartOf\":{\"@id\":\"https:\\\/\\\/sysmatec.ch\\\/de\\\/#website\"},\"primaryImageOfPage\":{\"@id\":\"https:\\\/\\\/sysmatec.ch\\\/de\\\/produit\\\/fuellstand-detektor-bamo-nivostop-acs\\\/#primaryimage\"},\"image\":{\"@id\":\"https:\\\/\\\/sysmatec.ch\\\/de\\\/produit\\\/fuellstand-detektor-bamo-nivostop-acs\\\/#primaryimage\"},\"thumbnailUrl\":\"https:\\\/\\\/sysmatec.ch\\\/wp-content\\\/uploads\\\/2019\\\/06\\\/Niveau_BamoNivostopACS.jpg\",\"datePublished\":\"2019-06-17T17:16:45+00:00\",\"dateModified\":\"2022-01-03T21:46:58+00:00\",\"description\":\"Diese Niveaudetektoren bestehen aus Schwimmern, die einen Mikroschalter enthalten. Sie sind f\u00fcr Trinkwasseranwendungen ausgelegt.\",\"breadcrumb\":{\"@id\":\"https:\\\/\\\/sysmatec.ch\\\/de\\\/produit\\\/fuellstand-detektor-bamo-nivostop-acs\\\/#breadcrumb\"},\"inLanguage\":\"de\",\"potentialAction\":[{\"@type\":\"ReadAction\",\"target\":[\"https:\\\/\\\/sysmatec.ch\\\/de\\\/produit\\\/fuellstand-detektor-bamo-nivostop-acs\\\/\"]}]},{\"@type\":\"ImageObject\",\"inLanguage\":\"de\",\"@id\":\"https:\\\/\\\/sysmatec.ch\\\/de\\\/produit\\\/fuellstand-detektor-bamo-nivostop-acs\\\/#primaryimage\",\"url\":\"https:\\\/\\\/sysmatec.ch\\\/wp-content\\\/uploads\\\/2019\\\/06\\\/Niveau_BamoNivostopACS.jpg\",\"contentUrl\":\"https:\\\/\\\/sysmatec.ch\\\/wp-content\\\/uploads\\\/2019\\\/06\\\/Niveau_BamoNivostopACS.jpg\",\"width\":139,\"height\":408},{\"@type\":\"BreadcrumbList\",\"@id\":\"https:\\\/\\\/sysmatec.ch\\\/de\\\/produit\\\/fuellstand-detektor-bamo-nivostop-acs\\\/#breadcrumb\",\"itemListElement\":[{\"@type\":\"ListItem\",\"position\":1,\"name\":\"Accueil\",\"item\":\"https:\\\/\\\/sysmatec.ch\\\/de\\\/\"},{\"@type\":\"ListItem\",\"position\":2,\"name\":\"Die Aktivit\u00e4t von Sysmatec\",\"item\":\"https:\\\/\\\/sysmatec.ch\\\/de\\\/\"},{\"@type\":\"ListItem\",\"position\":3,\"name\":\"F\u00fcllstand Detektor BAMO NIVOSTOP \u00ae \\\/ ACS\"}]},{\"@type\":\"WebSite\",\"@id\":\"https:\\\/\\\/sysmatec.ch\\\/de\\\/#website\",\"url\":\"https:\\\/\\\/sysmatec.ch\\\/de\\\/\",\"name\":\"Sysmatec\",\"description\":\"Equipement de laboratoire et logiciels\",\"publisher\":{\"@id\":\"https:\\\/\\\/sysmatec.ch\\\/de\\\/#organization\"},\"potentialAction\":[{\"@type\":\"SearchAction\",\"target\":{\"@type\":\"EntryPoint\",\"urlTemplate\":\"https:\\\/\\\/sysmatec.ch\\\/de\\\/?s={search_term_string}\"},\"query-input\":{\"@type\":\"PropertyValueSpecification\",\"valueRequired\":true,\"valueName\":\"search_term_string\"}}],\"inLanguage\":\"de\"},{\"@type\":\"Organization\",\"@id\":\"https:\\\/\\\/sysmatec.ch\\\/de\\\/#organization\",\"name\":\"Sysmatec\",\"url\":\"https:\\\/\\\/sysmatec.ch\\\/de\\\/\",\"logo\":{\"@type\":\"ImageObject\",\"inLanguage\":\"de\",\"@id\":\"https:\\\/\\\/sysmatec.ch\\\/de\\\/#\\\/schema\\\/logo\\\/image\\\/\",\"url\":\"https:\\\/\\\/sysmatec.ch\\\/wp-content\\\/uploads\\\/2018\\\/11\\\/LogoSysmatec.jpg\",\"contentUrl\":\"https:\\\/\\\/sysmatec.ch\\\/wp-content\\\/uploads\\\/2018\\\/11\\\/LogoSysmatec.jpg\",\"width\":301,\"height\":297,\"caption\":\"Sysmatec\"},\"image\":{\"@id\":\"https:\\\/\\\/sysmatec.ch\\\/de\\\/#\\\/schema\\\/logo\\\/image\\\/\"}}]}<\/script>\n<!-- \/ Yoast SEO plugin. -->","yoast_head_json":{"title":"F\u00fcllstand Detektor BAMO NIVOSTOP \u00ae \/ ACS - Sysmatec","description":"Diese Niveaudetektoren bestehen aus Schwimmern, die einen Mikroschalter enthalten. Sie sind f\u00fcr Trinkwasseranwendungen ausgelegt.","robots":{"index":"index","follow":"follow","max-snippet":"max-snippet:-1","max-image-preview":"max-image-preview:large","max-video-preview":"max-video-preview:-1"},"canonical":"https:\/\/sysmatec.ch\/de\/produit\/fuellstand-detektor-bamo-nivostop-acs\/","og_locale":"de_DE","og_type":"article","og_title":"F\u00fcllstand Detektor BAMO NIVOSTOP \u00ae \/ ACS - Sysmatec","og_description":"Diese Niveaudetektoren bestehen aus Schwimmern, die einen Mikroschalter enthalten. Sie sind f\u00fcr Trinkwasseranwendungen ausgelegt.","og_url":"https:\/\/sysmatec.ch\/de\/produit\/fuellstand-detektor-bamo-nivostop-acs\/","og_site_name":"Sysmatec","article_modified_time":"2022-01-03T21:46:58+00:00","og_image":[{"width":139,"height":408,"url":"https:\/\/sysmatec.ch\/wp-content\/uploads\/2019\/06\/Niveau_BamoNivostopACS.jpg","type":"image\/jpeg"}],"twitter_card":"summary_large_image","twitter_misc":{"Gesch\u00e4tzte Lesezeit":"1\u00a0Minute"},"schema":{"@context":"https:\/\/schema.org","@graph":[{"@type":"WebPage","@id":"https:\/\/sysmatec.ch\/de\/produit\/fuellstand-detektor-bamo-nivostop-acs\/","url":"https:\/\/sysmatec.ch\/de\/produit\/fuellstand-detektor-bamo-nivostop-acs\/","name":"F\u00fcllstand Detektor BAMO NIVOSTOP \u00ae \/ ACS - Sysmatec","isPartOf":{"@id":"https:\/\/sysmatec.ch\/de\/#website"},"primaryImageOfPage":{"@id":"https:\/\/sysmatec.ch\/de\/produit\/fuellstand-detektor-bamo-nivostop-acs\/#primaryimage"},"image":{"@id":"https:\/\/sysmatec.ch\/de\/produit\/fuellstand-detektor-bamo-nivostop-acs\/#primaryimage"},"thumbnailUrl":"https:\/\/sysmatec.ch\/wp-content\/uploads\/2019\/06\/Niveau_BamoNivostopACS.jpg","datePublished":"2019-06-17T17:16:45+00:00","dateModified":"2022-01-03T21:46:58+00:00","description":"Diese Niveaudetektoren bestehen aus Schwimmern, die einen Mikroschalter enthalten. Sie sind f\u00fcr Trinkwasseranwendungen ausgelegt.","breadcrumb":{"@id":"https:\/\/sysmatec.ch\/de\/produit\/fuellstand-detektor-bamo-nivostop-acs\/#breadcrumb"},"inLanguage":"de","potentialAction":[{"@type":"ReadAction","target":["https:\/\/sysmatec.ch\/de\/produit\/fuellstand-detektor-bamo-nivostop-acs\/"]}]},{"@type":"ImageObject","inLanguage":"de","@id":"https:\/\/sysmatec.ch\/de\/produit\/fuellstand-detektor-bamo-nivostop-acs\/#primaryimage","url":"https:\/\/sysmatec.ch\/wp-content\/uploads\/2019\/06\/Niveau_BamoNivostopACS.jpg","contentUrl":"https:\/\/sysmatec.ch\/wp-content\/uploads\/2019\/06\/Niveau_BamoNivostopACS.jpg","width":139,"height":408},{"@type":"BreadcrumbList","@id":"https:\/\/sysmatec.ch\/de\/produit\/fuellstand-detektor-bamo-nivostop-acs\/#breadcrumb","itemListElement":[{"@type":"ListItem","position":1,"name":"Accueil","item":"https:\/\/sysmatec.ch\/de\/"},{"@type":"ListItem","position":2,"name":"Die Aktivit\u00e4t von Sysmatec","item":"https:\/\/sysmatec.ch\/de\/"},{"@type":"ListItem","position":3,"name":"F\u00fcllstand Detektor BAMO NIVOSTOP \u00ae \/ ACS"}]},{"@type":"WebSite","@id":"https:\/\/sysmatec.ch\/de\/#website","url":"https:\/\/sysmatec.ch\/de\/","name":"Sysmatec","description":"Equipement de laboratoire et logiciels","publisher":{"@id":"https:\/\/sysmatec.ch\/de\/#organization"},"potentialAction":[{"@type":"SearchAction","target":{"@type":"EntryPoint","urlTemplate":"https:\/\/sysmatec.ch\/de\/?s={search_term_string}"},"query-input":{"@type":"PropertyValueSpecification","valueRequired":true,"valueName":"search_term_string"}}],"inLanguage":"de"},{"@type":"Organization","@id":"https:\/\/sysmatec.ch\/de\/#organization","name":"Sysmatec","url":"https:\/\/sysmatec.ch\/de\/","logo":{"@type":"ImageObject","inLanguage":"de","@id":"https:\/\/sysmatec.ch\/de\/#\/schema\/logo\/image\/","url":"https:\/\/sysmatec.ch\/wp-content\/uploads\/2018\/11\/LogoSysmatec.jpg","contentUrl":"https:\/\/sysmatec.ch\/wp-content\/uploads\/2018\/11\/LogoSysmatec.jpg","width":301,"height":297,"caption":"Sysmatec"},"image":{"@id":"https:\/\/sysmatec.ch\/de\/#\/schema\/logo\/image\/"}}]}},"_links":{"self":[{"href":"https:\/\/sysmatec.ch\/de\/wp-json\/wp\/v2\/product\/6835","targetHints":{"allow":["GET"]}}],"collection":[{"href":"https:\/\/sysmatec.ch\/de\/wp-json\/wp\/v2\/product"}],"about":[{"href":"https:\/\/sysmatec.ch\/de\/wp-json\/wp\/v2\/types\/product"}],"wp:featuredmedia":[{"embeddable":true,"href":"https:\/\/sysmatec.ch\/de\/wp-json\/wp\/v2\/media\/6827"}],"wp:attachment":[{"href":"https:\/\/sysmatec.ch\/de\/wp-json\/wp\/v2\/media?parent=6835"}],"wp:term":[{"taxonomy":"product_brand","embeddable":true,"href":"https:\/\/sysmatec.ch\/de\/wp-json\/wp\/v2\/product_brand?post=6835"},{"taxonomy":"product_cat","embeddable":true,"href":"https:\/\/sysmatec.ch\/de\/wp-json\/wp\/v2\/product_cat?post=6835"},{"taxonomy":"product_tag","embeddable":true,"href":"https:\/\/sysmatec.ch\/de\/wp-json\/wp\/v2\/product_tag?post=6835"}],"curies":[{"name":"wp","href":"https:\/\/api.w.org\/{rel}","templated":true}]}}