{"id":6823,"date":"2019-06-17T18:57:43","date_gmt":"2019-06-17T16:57:43","guid":{"rendered":"https:\/\/sysmatec.ch\/produit\/controleurs-magnetiques-de-niveau\/"},"modified":"2022-01-04T10:00:49","modified_gmt":"2022-01-04T09:00:49","slug":"fuellstandsschalter-bamo-mnr6","status":"publish","type":"product","link":"https:\/\/sysmatec.ch\/de\/Produkt\/fuellstandsschalter-bamo-mnr6\/","title":{"rendered":"F\u00fcllstandsschalter BAMO MNR6"},"content":{"rendered":"<p>Der im inneren durch ein Rohr gef\u00fchrte Schwimmer steigt beziehungsweise sinkt mit dem F\u00fcllstand des ihn umgebenden Medium. Die in dem F\u00fchrungsrohr montierten Schalter werden durch den im Schwimmer eingebauten Magneten angesteuert. Die MNR6 Serie eignet sich f\u00fcr nicht viskose und nicht klebrige Fl\u00fcssigkeiten, ohne magnetische oder Feststoff-Partikeln. Die Fl\u00fcssigkeiten d\u00fcrfen nicht kristallisieren.<\/p>\n<ul>\n<li type=\"disc\">Erh\u00e4ltlich in PVC-PPH, PPH, PVDF und Edelstahl 316 L<\/li>\n<li type=\"disc\">Max Druck (bei 20 \u00b0 C): 3 bar f\u00fcr Verbundwerkstoff, 20 bar f\u00fcr Edelstahl<\/li>\n<li type=\"disc\">Temperaturgrenzen PVC: +5 bis +50 \u00b0 C; PPH: -5 bis + 105 \u00b0 C; PVDF: -10 bis + 110 \u00b0 C; 316L: -20 bis + 110 \u00b0 C<\/li>\n<li type=\"disc\">Schaltleistung: 60 VA<\/li>\n<li type=\"disc\">Mindestabst\u00e4nde: 100 mm zwischen 2 Kontakte<\/li>\n<li type=\"disc\">Ober tote Zone = 60 mm, Nieder tote Zone = 50 mm<\/li>\n<li type=\"disc\">Genauigkeit: \u00b1 2 mm<\/li>\n<li type=\"disc\">Hysterese: 8 mm<\/li>\n<li type=\"disc\">Die Rohrl\u00e4nge kann an f\u00fcr spezifisch f\u00fcr Ihre Anwendung gefertigt werden<\/li>\n<\/ul>\n","protected":false},"excerpt":{"rendered":"<p>F\u00fcllstandsschalter<\/p>\n","protected":false},"featured_media":6818,"template":"","meta":{"_crdt_document":""},"product_brand":[],"product_cat":[236],"product_tag":[],"class_list":{"0":"post-6823","1":"product","2":"type-product","3":"status-publish","4":"has-post-thumbnail","6":"product_cat-fuellstand","8":"first","9":"instock","10":"taxable","11":"shipping-taxable","12":"product-type-simple"},"yoast_head":"<!-- This site is optimized with the Yoast SEO plugin v27.4 - https:\/\/yoast.com\/product\/yoast-seo-wordpress\/ -->\n<title>F\u00fcllstandsschalter BAMO MNR6 - Sysmatec<\/title>\n<meta name=\"description\" content=\"Schwimmerschalter. PVC-, PPH-, PVDF- oder Edelstahlrohr. Ein oder zwei Reedkontakte erm\u00f6glichen die Steuerung von Pumpen.\" \/>\n<meta name=\"robots\" content=\"index, follow, max-snippet:-1, max-image-preview:large, max-video-preview:-1\" \/>\n<link rel=\"canonical\" href=\"https:\/\/sysmatec.ch\/de\/produit\/fuellstandsschalter-bamo-mnr6\/\" \/>\n<meta property=\"og:locale\" content=\"de_DE\" \/>\n<meta property=\"og:type\" content=\"article\" \/>\n<meta property=\"og:title\" content=\"F\u00fcllstandsschalter BAMO MNR6 - Sysmatec\" \/>\n<meta property=\"og:description\" content=\"Schwimmerschalter. PVC-, PPH-, PVDF- oder Edelstahlrohr. Ein oder zwei Reedkontakte erm\u00f6glichen die Steuerung von Pumpen.\" \/>\n<meta property=\"og:url\" content=\"https:\/\/sysmatec.ch\/de\/produit\/fuellstandsschalter-bamo-mnr6\/\" \/>\n<meta property=\"og:site_name\" content=\"Sysmatec\" \/>\n<meta property=\"article:modified_time\" content=\"2022-01-04T09:00:49+00:00\" \/>\n<meta property=\"og:image\" content=\"https:\/\/sysmatec.ch\/wp-content\/uploads\/2019\/06\/Niveau_BamoMNR6.jpg\" \/>\n\t<meta property=\"og:image:width\" content=\"149\" \/>\n\t<meta property=\"og:image:height\" content=\"405\" \/>\n\t<meta property=\"og:image:type\" content=\"image\/jpeg\" \/>\n<meta name=\"twitter:card\" content=\"summary_large_image\" \/>\n<meta name=\"twitter:label1\" content=\"Gesch\u00e4tzte Lesezeit\" \/>\n\t<meta name=\"twitter:data1\" content=\"1\u00a0Minute\" \/>\n<script type=\"application\/ld+json\" class=\"yoast-schema-graph\">{\"@context\":\"https:\\\/\\\/schema.org\",\"@graph\":[{\"@type\":\"WebPage\",\"@id\":\"https:\\\/\\\/sysmatec.ch\\\/de\\\/produit\\\/fuellstandsschalter-bamo-mnr6\\\/\",\"url\":\"https:\\\/\\\/sysmatec.ch\\\/de\\\/produit\\\/fuellstandsschalter-bamo-mnr6\\\/\",\"name\":\"F\u00fcllstandsschalter BAMO MNR6 - Sysmatec\",\"isPartOf\":{\"@id\":\"https:\\\/\\\/sysmatec.ch\\\/de\\\/#website\"},\"primaryImageOfPage\":{\"@id\":\"https:\\\/\\\/sysmatec.ch\\\/de\\\/produit\\\/fuellstandsschalter-bamo-mnr6\\\/#primaryimage\"},\"image\":{\"@id\":\"https:\\\/\\\/sysmatec.ch\\\/de\\\/produit\\\/fuellstandsschalter-bamo-mnr6\\\/#primaryimage\"},\"thumbnailUrl\":\"https:\\\/\\\/sysmatec.ch\\\/wp-content\\\/uploads\\\/2019\\\/06\\\/Niveau_BamoMNR6.jpg\",\"datePublished\":\"2019-06-17T16:57:43+00:00\",\"dateModified\":\"2022-01-04T09:00:49+00:00\",\"description\":\"Schwimmerschalter. PVC-, PPH-, PVDF- oder Edelstahlrohr. Ein oder zwei Reedkontakte erm\u00f6glichen die Steuerung von Pumpen.\",\"breadcrumb\":{\"@id\":\"https:\\\/\\\/sysmatec.ch\\\/de\\\/produit\\\/fuellstandsschalter-bamo-mnr6\\\/#breadcrumb\"},\"inLanguage\":\"de\",\"potentialAction\":[{\"@type\":\"ReadAction\",\"target\":[\"https:\\\/\\\/sysmatec.ch\\\/de\\\/produit\\\/fuellstandsschalter-bamo-mnr6\\\/\"]}]},{\"@type\":\"ImageObject\",\"inLanguage\":\"de\",\"@id\":\"https:\\\/\\\/sysmatec.ch\\\/de\\\/produit\\\/fuellstandsschalter-bamo-mnr6\\\/#primaryimage\",\"url\":\"https:\\\/\\\/sysmatec.ch\\\/wp-content\\\/uploads\\\/2019\\\/06\\\/Niveau_BamoMNR6.jpg\",\"contentUrl\":\"https:\\\/\\\/sysmatec.ch\\\/wp-content\\\/uploads\\\/2019\\\/06\\\/Niveau_BamoMNR6.jpg\",\"width\":149,\"height\":405},{\"@type\":\"BreadcrumbList\",\"@id\":\"https:\\\/\\\/sysmatec.ch\\\/de\\\/produit\\\/fuellstandsschalter-bamo-mnr6\\\/#breadcrumb\",\"itemListElement\":[{\"@type\":\"ListItem\",\"position\":1,\"name\":\"Accueil\",\"item\":\"https:\\\/\\\/sysmatec.ch\\\/de\\\/\"},{\"@type\":\"ListItem\",\"position\":2,\"name\":\"Die Aktivit\u00e4t von Sysmatec\",\"item\":\"https:\\\/\\\/sysmatec.ch\\\/de\\\/\"},{\"@type\":\"ListItem\",\"position\":3,\"name\":\"F\u00fcllstandsschalter BAMO MNR6\"}]},{\"@type\":\"WebSite\",\"@id\":\"https:\\\/\\\/sysmatec.ch\\\/de\\\/#website\",\"url\":\"https:\\\/\\\/sysmatec.ch\\\/de\\\/\",\"name\":\"Sysmatec\",\"description\":\"Equipement de laboratoire et logiciels\",\"publisher\":{\"@id\":\"https:\\\/\\\/sysmatec.ch\\\/de\\\/#organization\"},\"potentialAction\":[{\"@type\":\"SearchAction\",\"target\":{\"@type\":\"EntryPoint\",\"urlTemplate\":\"https:\\\/\\\/sysmatec.ch\\\/de\\\/?s={search_term_string}\"},\"query-input\":{\"@type\":\"PropertyValueSpecification\",\"valueRequired\":true,\"valueName\":\"search_term_string\"}}],\"inLanguage\":\"de\"},{\"@type\":\"Organization\",\"@id\":\"https:\\\/\\\/sysmatec.ch\\\/de\\\/#organization\",\"name\":\"Sysmatec\",\"url\":\"https:\\\/\\\/sysmatec.ch\\\/de\\\/\",\"logo\":{\"@type\":\"ImageObject\",\"inLanguage\":\"de\",\"@id\":\"https:\\\/\\\/sysmatec.ch\\\/de\\\/#\\\/schema\\\/logo\\\/image\\\/\",\"url\":\"https:\\\/\\\/sysmatec.ch\\\/wp-content\\\/uploads\\\/2018\\\/11\\\/LogoSysmatec.jpg\",\"contentUrl\":\"https:\\\/\\\/sysmatec.ch\\\/wp-content\\\/uploads\\\/2018\\\/11\\\/LogoSysmatec.jpg\",\"width\":301,\"height\":297,\"caption\":\"Sysmatec\"},\"image\":{\"@id\":\"https:\\\/\\\/sysmatec.ch\\\/de\\\/#\\\/schema\\\/logo\\\/image\\\/\"}}]}<\/script>\n<!-- \/ Yoast SEO plugin. -->","yoast_head_json":{"title":"F\u00fcllstandsschalter BAMO MNR6 - Sysmatec","description":"Schwimmerschalter. PVC-, PPH-, PVDF- oder Edelstahlrohr. Ein oder zwei Reedkontakte erm\u00f6glichen die Steuerung von Pumpen.","robots":{"index":"index","follow":"follow","max-snippet":"max-snippet:-1","max-image-preview":"max-image-preview:large","max-video-preview":"max-video-preview:-1"},"canonical":"https:\/\/sysmatec.ch\/de\/produit\/fuellstandsschalter-bamo-mnr6\/","og_locale":"de_DE","og_type":"article","og_title":"F\u00fcllstandsschalter BAMO MNR6 - Sysmatec","og_description":"Schwimmerschalter. PVC-, PPH-, PVDF- oder Edelstahlrohr. Ein oder zwei Reedkontakte erm\u00f6glichen die Steuerung von Pumpen.","og_url":"https:\/\/sysmatec.ch\/de\/produit\/fuellstandsschalter-bamo-mnr6\/","og_site_name":"Sysmatec","article_modified_time":"2022-01-04T09:00:49+00:00","og_image":[{"width":149,"height":405,"url":"https:\/\/sysmatec.ch\/wp-content\/uploads\/2019\/06\/Niveau_BamoMNR6.jpg","type":"image\/jpeg"}],"twitter_card":"summary_large_image","twitter_misc":{"Gesch\u00e4tzte Lesezeit":"1\u00a0Minute"},"schema":{"@context":"https:\/\/schema.org","@graph":[{"@type":"WebPage","@id":"https:\/\/sysmatec.ch\/de\/produit\/fuellstandsschalter-bamo-mnr6\/","url":"https:\/\/sysmatec.ch\/de\/produit\/fuellstandsschalter-bamo-mnr6\/","name":"F\u00fcllstandsschalter BAMO MNR6 - Sysmatec","isPartOf":{"@id":"https:\/\/sysmatec.ch\/de\/#website"},"primaryImageOfPage":{"@id":"https:\/\/sysmatec.ch\/de\/produit\/fuellstandsschalter-bamo-mnr6\/#primaryimage"},"image":{"@id":"https:\/\/sysmatec.ch\/de\/produit\/fuellstandsschalter-bamo-mnr6\/#primaryimage"},"thumbnailUrl":"https:\/\/sysmatec.ch\/wp-content\/uploads\/2019\/06\/Niveau_BamoMNR6.jpg","datePublished":"2019-06-17T16:57:43+00:00","dateModified":"2022-01-04T09:00:49+00:00","description":"Schwimmerschalter. PVC-, PPH-, PVDF- oder Edelstahlrohr. Ein oder zwei Reedkontakte erm\u00f6glichen die Steuerung von Pumpen.","breadcrumb":{"@id":"https:\/\/sysmatec.ch\/de\/produit\/fuellstandsschalter-bamo-mnr6\/#breadcrumb"},"inLanguage":"de","potentialAction":[{"@type":"ReadAction","target":["https:\/\/sysmatec.ch\/de\/produit\/fuellstandsschalter-bamo-mnr6\/"]}]},{"@type":"ImageObject","inLanguage":"de","@id":"https:\/\/sysmatec.ch\/de\/produit\/fuellstandsschalter-bamo-mnr6\/#primaryimage","url":"https:\/\/sysmatec.ch\/wp-content\/uploads\/2019\/06\/Niveau_BamoMNR6.jpg","contentUrl":"https:\/\/sysmatec.ch\/wp-content\/uploads\/2019\/06\/Niveau_BamoMNR6.jpg","width":149,"height":405},{"@type":"BreadcrumbList","@id":"https:\/\/sysmatec.ch\/de\/produit\/fuellstandsschalter-bamo-mnr6\/#breadcrumb","itemListElement":[{"@type":"ListItem","position":1,"name":"Accueil","item":"https:\/\/sysmatec.ch\/de\/"},{"@type":"ListItem","position":2,"name":"Die Aktivit\u00e4t von Sysmatec","item":"https:\/\/sysmatec.ch\/de\/"},{"@type":"ListItem","position":3,"name":"F\u00fcllstandsschalter BAMO MNR6"}]},{"@type":"WebSite","@id":"https:\/\/sysmatec.ch\/de\/#website","url":"https:\/\/sysmatec.ch\/de\/","name":"Sysmatec","description":"Equipement de laboratoire et logiciels","publisher":{"@id":"https:\/\/sysmatec.ch\/de\/#organization"},"potentialAction":[{"@type":"SearchAction","target":{"@type":"EntryPoint","urlTemplate":"https:\/\/sysmatec.ch\/de\/?s={search_term_string}"},"query-input":{"@type":"PropertyValueSpecification","valueRequired":true,"valueName":"search_term_string"}}],"inLanguage":"de"},{"@type":"Organization","@id":"https:\/\/sysmatec.ch\/de\/#organization","name":"Sysmatec","url":"https:\/\/sysmatec.ch\/de\/","logo":{"@type":"ImageObject","inLanguage":"de","@id":"https:\/\/sysmatec.ch\/de\/#\/schema\/logo\/image\/","url":"https:\/\/sysmatec.ch\/wp-content\/uploads\/2018\/11\/LogoSysmatec.jpg","contentUrl":"https:\/\/sysmatec.ch\/wp-content\/uploads\/2018\/11\/LogoSysmatec.jpg","width":301,"height":297,"caption":"Sysmatec"},"image":{"@id":"https:\/\/sysmatec.ch\/de\/#\/schema\/logo\/image\/"}}]}},"_links":{"self":[{"href":"https:\/\/sysmatec.ch\/de\/wp-json\/wp\/v2\/product\/6823","targetHints":{"allow":["GET"]}}],"collection":[{"href":"https:\/\/sysmatec.ch\/de\/wp-json\/wp\/v2\/product"}],"about":[{"href":"https:\/\/sysmatec.ch\/de\/wp-json\/wp\/v2\/types\/product"}],"wp:featuredmedia":[{"embeddable":true,"href":"https:\/\/sysmatec.ch\/de\/wp-json\/wp\/v2\/media\/6818"}],"wp:attachment":[{"href":"https:\/\/sysmatec.ch\/de\/wp-json\/wp\/v2\/media?parent=6823"}],"wp:term":[{"taxonomy":"product_brand","embeddable":true,"href":"https:\/\/sysmatec.ch\/de\/wp-json\/wp\/v2\/product_brand?post=6823"},{"taxonomy":"product_cat","embeddable":true,"href":"https:\/\/sysmatec.ch\/de\/wp-json\/wp\/v2\/product_cat?post=6823"},{"taxonomy":"product_tag","embeddable":true,"href":"https:\/\/sysmatec.ch\/de\/wp-json\/wp\/v2\/product_tag?post=6823"}],"curies":[{"name":"wp","href":"https:\/\/api.w.org\/{rel}","templated":true}]}}