{"id":6776,"date":"2019-06-17T17:18:57","date_gmt":"2019-06-17T15:18:57","guid":{"rendered":"https:\/\/sysmatec.ch\/produit\/detecteur-de-niveau-lbfs\/"},"modified":"2022-01-04T15:53:55","modified_gmt":"2022-01-04T14:53:55","slug":"fuellstand-switch-lbfs","status":"publish","type":"product","link":"https:\/\/sysmatec.ch\/de\/Produkt\/fuellstand-switch-lbfs\/","title":{"rendered":"F\u00fcllstand Switch LBFS"},"content":{"rendered":"<ul>\n<li type=\"disc\">Genauer Schaltpunkt ohne Kalibrierung<\/li>\n<li type=\"disc\">Prozesstemperatur: -40 bis 115 \u00b0C<\/li>\n<li type=\"disc\">F\u00fcr die Messung von Medien mit Dielektrizit\u00e4tskonstante (DK) &gt;1.5<\/li>\n<li type=\"disc\">LED-\u00dcberwachung<\/li>\n<li type=\"disc\">Wartungsfrei<\/li>\n<li type=\"disc\">Geeignet zur Medienseparation<\/li>\n<li type=\"disc\">Konfigurierbar mittels FlexProgrammer 9701<\/li>\n<li type=\"disc\">ATEX-Zulassung f\u00fcr Gas und Staub<\/li>\n<li type=\"disc\">Abgestrahltes Signal: 100 bis 180 MHz<\/li>\n<li type=\"disc\">Ausgang (aktiv): Max. 20 mA, kurzschlussfest und hochtemperaturfest<\/li>\n<li type=\"disc\">Ausgangsart: PNP oder NPN<\/li>\n<li type=\"disc\">Ausgangspolarit\u00e4t: Schliesser und \u00d6ffner<\/li>\n<li type=\"disc\">Stromversorgung 12 bis 30 VDC, max. 35 mA<\/li>\n<li type=\"disc\">Reaktionszeit 0.1 Sek. (100 mS).<\/li>\n<li type=\"disc\">Hysterese: \u00b1 1 mm<\/li>\n<li type=\"disc\">Wiederholbarkeit: \u00b1 1 mm<\/li>\n<\/ul>\n","protected":false},"excerpt":{"rendered":"<p>F\u00fcllstand Switch and Leck Detektor.<\/p>\n","protected":false},"featured_media":6774,"template":"","meta":{"_crdt_document":""},"product_brand":[],"product_cat":[236],"product_tag":[],"class_list":{"0":"post-6776","1":"product","2":"type-product","3":"status-publish","4":"has-post-thumbnail","6":"product_cat-fuellstand","8":"first","9":"instock","10":"taxable","11":"shipping-taxable","12":"product-type-simple"},"yoast_head":"<!-- This site is optimized with the Yoast SEO plugin v27.4 - https:\/\/yoast.com\/product\/yoast-seo-wordpress\/ -->\n<title>F\u00fcllstand Switch LBFS - Sysmatec<\/title>\n<meta name=\"description\" content=\"Leck- und Niveaudetektor. Funktioniert mit einer gro\u00dfen Anzahl von Fl\u00fcssigkeiten. Kapazitiver Sensor mit einstellbarer Empfindlichkeit.\" \/>\n<meta name=\"robots\" content=\"index, follow, max-snippet:-1, max-image-preview:large, max-video-preview:-1\" \/>\n<link rel=\"canonical\" href=\"https:\/\/sysmatec.ch\/de\/produit\/fuellstand-switch-lbfs\/\" \/>\n<meta property=\"og:locale\" content=\"de_DE\" \/>\n<meta property=\"og:type\" content=\"article\" \/>\n<meta property=\"og:title\" content=\"F\u00fcllstand Switch LBFS - Sysmatec\" \/>\n<meta property=\"og:description\" content=\"Leck- und Niveaudetektor. Funktioniert mit einer gro\u00dfen Anzahl von Fl\u00fcssigkeiten. Kapazitiver Sensor mit einstellbarer Empfindlichkeit.\" \/>\n<meta property=\"og:url\" content=\"https:\/\/sysmatec.ch\/de\/produit\/fuellstand-switch-lbfs\/\" \/>\n<meta property=\"og:site_name\" content=\"Sysmatec\" \/>\n<meta property=\"article:modified_time\" content=\"2022-01-04T14:53:55+00:00\" \/>\n<meta property=\"og:image\" content=\"https:\/\/sysmatec.ch\/wp-content\/uploads\/2019\/06\/Niveau_BaumerLBFS.jpg\" \/>\n\t<meta property=\"og:image:width\" content=\"188\" \/>\n\t<meta property=\"og:image:height\" content=\"191\" \/>\n\t<meta property=\"og:image:type\" content=\"image\/jpeg\" \/>\n<meta name=\"twitter:card\" content=\"summary_large_image\" \/>\n<script type=\"application\/ld+json\" class=\"yoast-schema-graph\">{\"@context\":\"https:\\\/\\\/schema.org\",\"@graph\":[{\"@type\":\"WebPage\",\"@id\":\"https:\\\/\\\/sysmatec.ch\\\/de\\\/produit\\\/fuellstand-switch-lbfs\\\/\",\"url\":\"https:\\\/\\\/sysmatec.ch\\\/de\\\/produit\\\/fuellstand-switch-lbfs\\\/\",\"name\":\"F\u00fcllstand Switch LBFS - Sysmatec\",\"isPartOf\":{\"@id\":\"https:\\\/\\\/sysmatec.ch\\\/de\\\/#website\"},\"primaryImageOfPage\":{\"@id\":\"https:\\\/\\\/sysmatec.ch\\\/de\\\/produit\\\/fuellstand-switch-lbfs\\\/#primaryimage\"},\"image\":{\"@id\":\"https:\\\/\\\/sysmatec.ch\\\/de\\\/produit\\\/fuellstand-switch-lbfs\\\/#primaryimage\"},\"thumbnailUrl\":\"https:\\\/\\\/sysmatec.ch\\\/wp-content\\\/uploads\\\/2019\\\/06\\\/Niveau_BaumerLBFS.jpg\",\"datePublished\":\"2019-06-17T15:18:57+00:00\",\"dateModified\":\"2022-01-04T14:53:55+00:00\",\"description\":\"Leck- und Niveaudetektor. Funktioniert mit einer gro\u00dfen Anzahl von Fl\u00fcssigkeiten. Kapazitiver Sensor mit einstellbarer Empfindlichkeit.\",\"breadcrumb\":{\"@id\":\"https:\\\/\\\/sysmatec.ch\\\/de\\\/produit\\\/fuellstand-switch-lbfs\\\/#breadcrumb\"},\"inLanguage\":\"de\",\"potentialAction\":[{\"@type\":\"ReadAction\",\"target\":[\"https:\\\/\\\/sysmatec.ch\\\/de\\\/produit\\\/fuellstand-switch-lbfs\\\/\"]}]},{\"@type\":\"ImageObject\",\"inLanguage\":\"de\",\"@id\":\"https:\\\/\\\/sysmatec.ch\\\/de\\\/produit\\\/fuellstand-switch-lbfs\\\/#primaryimage\",\"url\":\"https:\\\/\\\/sysmatec.ch\\\/wp-content\\\/uploads\\\/2019\\\/06\\\/Niveau_BaumerLBFS.jpg\",\"contentUrl\":\"https:\\\/\\\/sysmatec.ch\\\/wp-content\\\/uploads\\\/2019\\\/06\\\/Niveau_BaumerLBFS.jpg\",\"width\":188,\"height\":191},{\"@type\":\"BreadcrumbList\",\"@id\":\"https:\\\/\\\/sysmatec.ch\\\/de\\\/produit\\\/fuellstand-switch-lbfs\\\/#breadcrumb\",\"itemListElement\":[{\"@type\":\"ListItem\",\"position\":1,\"name\":\"Accueil\",\"item\":\"https:\\\/\\\/sysmatec.ch\\\/de\\\/\"},{\"@type\":\"ListItem\",\"position\":2,\"name\":\"Die Aktivit\u00e4t von Sysmatec\",\"item\":\"https:\\\/\\\/sysmatec.ch\\\/de\\\/\"},{\"@type\":\"ListItem\",\"position\":3,\"name\":\"F\u00fcllstand Switch LBFS\"}]},{\"@type\":\"WebSite\",\"@id\":\"https:\\\/\\\/sysmatec.ch\\\/de\\\/#website\",\"url\":\"https:\\\/\\\/sysmatec.ch\\\/de\\\/\",\"name\":\"Sysmatec\",\"description\":\"Equipement de laboratoire et logiciels\",\"publisher\":{\"@id\":\"https:\\\/\\\/sysmatec.ch\\\/de\\\/#organization\"},\"potentialAction\":[{\"@type\":\"SearchAction\",\"target\":{\"@type\":\"EntryPoint\",\"urlTemplate\":\"https:\\\/\\\/sysmatec.ch\\\/de\\\/?s={search_term_string}\"},\"query-input\":{\"@type\":\"PropertyValueSpecification\",\"valueRequired\":true,\"valueName\":\"search_term_string\"}}],\"inLanguage\":\"de\"},{\"@type\":\"Organization\",\"@id\":\"https:\\\/\\\/sysmatec.ch\\\/de\\\/#organization\",\"name\":\"Sysmatec\",\"url\":\"https:\\\/\\\/sysmatec.ch\\\/de\\\/\",\"logo\":{\"@type\":\"ImageObject\",\"inLanguage\":\"de\",\"@id\":\"https:\\\/\\\/sysmatec.ch\\\/de\\\/#\\\/schema\\\/logo\\\/image\\\/\",\"url\":\"https:\\\/\\\/sysmatec.ch\\\/wp-content\\\/uploads\\\/2018\\\/11\\\/LogoSysmatec.jpg\",\"contentUrl\":\"https:\\\/\\\/sysmatec.ch\\\/wp-content\\\/uploads\\\/2018\\\/11\\\/LogoSysmatec.jpg\",\"width\":301,\"height\":297,\"caption\":\"Sysmatec\"},\"image\":{\"@id\":\"https:\\\/\\\/sysmatec.ch\\\/de\\\/#\\\/schema\\\/logo\\\/image\\\/\"}}]}<\/script>\n<!-- \/ Yoast SEO plugin. -->","yoast_head_json":{"title":"F\u00fcllstand Switch LBFS - Sysmatec","description":"Leck- und Niveaudetektor. Funktioniert mit einer gro\u00dfen Anzahl von Fl\u00fcssigkeiten. Kapazitiver Sensor mit einstellbarer Empfindlichkeit.","robots":{"index":"index","follow":"follow","max-snippet":"max-snippet:-1","max-image-preview":"max-image-preview:large","max-video-preview":"max-video-preview:-1"},"canonical":"https:\/\/sysmatec.ch\/de\/produit\/fuellstand-switch-lbfs\/","og_locale":"de_DE","og_type":"article","og_title":"F\u00fcllstand Switch LBFS - Sysmatec","og_description":"Leck- und Niveaudetektor. Funktioniert mit einer gro\u00dfen Anzahl von Fl\u00fcssigkeiten. Kapazitiver Sensor mit einstellbarer Empfindlichkeit.","og_url":"https:\/\/sysmatec.ch\/de\/produit\/fuellstand-switch-lbfs\/","og_site_name":"Sysmatec","article_modified_time":"2022-01-04T14:53:55+00:00","og_image":[{"width":188,"height":191,"url":"https:\/\/sysmatec.ch\/wp-content\/uploads\/2019\/06\/Niveau_BaumerLBFS.jpg","type":"image\/jpeg"}],"twitter_card":"summary_large_image","schema":{"@context":"https:\/\/schema.org","@graph":[{"@type":"WebPage","@id":"https:\/\/sysmatec.ch\/de\/produit\/fuellstand-switch-lbfs\/","url":"https:\/\/sysmatec.ch\/de\/produit\/fuellstand-switch-lbfs\/","name":"F\u00fcllstand Switch LBFS - Sysmatec","isPartOf":{"@id":"https:\/\/sysmatec.ch\/de\/#website"},"primaryImageOfPage":{"@id":"https:\/\/sysmatec.ch\/de\/produit\/fuellstand-switch-lbfs\/#primaryimage"},"image":{"@id":"https:\/\/sysmatec.ch\/de\/produit\/fuellstand-switch-lbfs\/#primaryimage"},"thumbnailUrl":"https:\/\/sysmatec.ch\/wp-content\/uploads\/2019\/06\/Niveau_BaumerLBFS.jpg","datePublished":"2019-06-17T15:18:57+00:00","dateModified":"2022-01-04T14:53:55+00:00","description":"Leck- und Niveaudetektor. Funktioniert mit einer gro\u00dfen Anzahl von Fl\u00fcssigkeiten. Kapazitiver Sensor mit einstellbarer Empfindlichkeit.","breadcrumb":{"@id":"https:\/\/sysmatec.ch\/de\/produit\/fuellstand-switch-lbfs\/#breadcrumb"},"inLanguage":"de","potentialAction":[{"@type":"ReadAction","target":["https:\/\/sysmatec.ch\/de\/produit\/fuellstand-switch-lbfs\/"]}]},{"@type":"ImageObject","inLanguage":"de","@id":"https:\/\/sysmatec.ch\/de\/produit\/fuellstand-switch-lbfs\/#primaryimage","url":"https:\/\/sysmatec.ch\/wp-content\/uploads\/2019\/06\/Niveau_BaumerLBFS.jpg","contentUrl":"https:\/\/sysmatec.ch\/wp-content\/uploads\/2019\/06\/Niveau_BaumerLBFS.jpg","width":188,"height":191},{"@type":"BreadcrumbList","@id":"https:\/\/sysmatec.ch\/de\/produit\/fuellstand-switch-lbfs\/#breadcrumb","itemListElement":[{"@type":"ListItem","position":1,"name":"Accueil","item":"https:\/\/sysmatec.ch\/de\/"},{"@type":"ListItem","position":2,"name":"Die Aktivit\u00e4t von Sysmatec","item":"https:\/\/sysmatec.ch\/de\/"},{"@type":"ListItem","position":3,"name":"F\u00fcllstand Switch LBFS"}]},{"@type":"WebSite","@id":"https:\/\/sysmatec.ch\/de\/#website","url":"https:\/\/sysmatec.ch\/de\/","name":"Sysmatec","description":"Equipement de laboratoire et logiciels","publisher":{"@id":"https:\/\/sysmatec.ch\/de\/#organization"},"potentialAction":[{"@type":"SearchAction","target":{"@type":"EntryPoint","urlTemplate":"https:\/\/sysmatec.ch\/de\/?s={search_term_string}"},"query-input":{"@type":"PropertyValueSpecification","valueRequired":true,"valueName":"search_term_string"}}],"inLanguage":"de"},{"@type":"Organization","@id":"https:\/\/sysmatec.ch\/de\/#organization","name":"Sysmatec","url":"https:\/\/sysmatec.ch\/de\/","logo":{"@type":"ImageObject","inLanguage":"de","@id":"https:\/\/sysmatec.ch\/de\/#\/schema\/logo\/image\/","url":"https:\/\/sysmatec.ch\/wp-content\/uploads\/2018\/11\/LogoSysmatec.jpg","contentUrl":"https:\/\/sysmatec.ch\/wp-content\/uploads\/2018\/11\/LogoSysmatec.jpg","width":301,"height":297,"caption":"Sysmatec"},"image":{"@id":"https:\/\/sysmatec.ch\/de\/#\/schema\/logo\/image\/"}}]}},"_links":{"self":[{"href":"https:\/\/sysmatec.ch\/de\/wp-json\/wp\/v2\/product\/6776","targetHints":{"allow":["GET"]}}],"collection":[{"href":"https:\/\/sysmatec.ch\/de\/wp-json\/wp\/v2\/product"}],"about":[{"href":"https:\/\/sysmatec.ch\/de\/wp-json\/wp\/v2\/types\/product"}],"wp:featuredmedia":[{"embeddable":true,"href":"https:\/\/sysmatec.ch\/de\/wp-json\/wp\/v2\/media\/6774"}],"wp:attachment":[{"href":"https:\/\/sysmatec.ch\/de\/wp-json\/wp\/v2\/media?parent=6776"}],"wp:term":[{"taxonomy":"product_brand","embeddable":true,"href":"https:\/\/sysmatec.ch\/de\/wp-json\/wp\/v2\/product_brand?post=6776"},{"taxonomy":"product_cat","embeddable":true,"href":"https:\/\/sysmatec.ch\/de\/wp-json\/wp\/v2\/product_cat?post=6776"},{"taxonomy":"product_tag","embeddable":true,"href":"https:\/\/sysmatec.ch\/de\/wp-json\/wp\/v2\/product_tag?post=6776"}],"curies":[{"name":"wp","href":"https:\/\/api.w.org\/{rel}","templated":true}]}}