{"id":6770,"date":"2019-06-17T16:51:56","date_gmt":"2019-06-17T14:51:56","guid":{"rendered":"https:\/\/sysmatec.ch\/produit\/detecteurs-de-niveau-a-ultrasons-us\/"},"modified":"2022-01-04T19:11:39","modified_gmt":"2022-01-04T18:11:39","slug":"ultraschall-fuellstandssensor-us","status":"publish","type":"product","link":"https:\/\/sysmatec.ch\/de\/Produkt\/ultraschall-fuellstandssensor-us\/","title":{"rendered":"Ultraschall F\u00fcllstandssensor US"},"content":{"rendered":"<p>Einfach (h\u00e4ngende Kabel oder mit Befestigung) zu installieren, die F\u00fcllstandssensor US-PARATRONIC Parametrierung wird mit einem einfach Programmierungsger\u00e4t durchgef\u00fchrt. Sie haben eine Reichweite bis zu 10 m mit einem reduzierten Emissionskegel. Sie k\u00f6nnen auf autonome Erfassungssysteme dank ihrer geringen Heizzeit angeschlossen werden. OPUS-Version erm\u00f6glicht auch die Verwaltung von Pumpen mit einer integrierten Display-Elektronik.<\/p>\n<ul>\n<li type=\"disc\">Messung ohne Kontakt mit der Fl\u00fcssigkeit<\/li>\n<li type=\"disc\">perfekt in aggressiven oder geladen Umgebungen, oder Einschr\u00e4nkungen f\u00fcr Lebensmittel<\/li>\n<li type=\"disc\">IP 68<\/li>\n<li type=\"disc\">integriertem Temperatursensor<\/li>\n<li type=\"disc\">automatische Filterung von Echo, erlaubt die ben\u00fctzun in R\u00f6hren (min. \u00d8 67 mm) oder entlang einer senkrechten Wand ohne Unebenheit zu arbeiten.<\/li>\n<li type=\"disc\">Signal 4 &#8211; 20 mA 2 Draht<\/li>\n<li type=\"disc\">Stromspeisung 10-40 V<\/li>\n<li type=\"disc\">Aufl\u00f6sung: 1 mm bis 3 m, 0.03% der Gesamtskala f\u00fcr Abst\u00e4nde&gt; 3 m<\/li>\n<li type=\"disc\">Ausfallsignal: 22 mA<\/li>\n<li type=\"disc\">2-adrige Kabel mit einer elektrischen Abschirmung<\/li>\n<li type=\"disc\">keine besondere Wartung erforderlich<\/li>\n<\/ul>\n","protected":false},"excerpt":{"rendered":"<p>Ultraschall F\u00fcllstandssensoren ohne Kontakt mit der Fl\u00fcssigkeit.<\/p>\n","protected":false},"featured_media":6768,"template":"","meta":{"_crdt_document":""},"product_brand":[],"product_cat":[236],"product_tag":[],"class_list":{"0":"post-6770","1":"product","2":"type-product","3":"status-publish","4":"has-post-thumbnail","6":"product_cat-fuellstand","8":"first","9":"instock","10":"taxable","11":"shipping-taxable","12":"product-type-simple"},"yoast_head":"<!-- This site is optimized with the Yoast SEO plugin v27.4 - https:\/\/yoast.com\/product\/yoast-seo-wordpress\/ -->\n<title>Ultraschall F\u00fcllstandssensor US - Sysmatec<\/title>\n<meta name=\"description\" content=\"Ultraschall-F\u00fcllstandssensor, ohne Kontakt mit Fl\u00fcssigkeit. Messbereiche bis 10 m. Es hat einen 4-20 mA Ausgang.\" \/>\n<meta name=\"robots\" content=\"index, follow, max-snippet:-1, max-image-preview:large, max-video-preview:-1\" \/>\n<link rel=\"canonical\" href=\"https:\/\/sysmatec.ch\/de\/produit\/ultraschall-fuellstandssensor-us\/\" \/>\n<meta property=\"og:locale\" content=\"de_DE\" \/>\n<meta property=\"og:type\" content=\"article\" \/>\n<meta property=\"og:title\" content=\"Ultraschall F\u00fcllstandssensor US - Sysmatec\" \/>\n<meta property=\"og:description\" content=\"Ultraschall-F\u00fcllstandssensor, ohne Kontakt mit Fl\u00fcssigkeit. Messbereiche bis 10 m. Es hat einen 4-20 mA Ausgang.\" \/>\n<meta property=\"og:url\" content=\"https:\/\/sysmatec.ch\/de\/produit\/ultraschall-fuellstandssensor-us\/\" \/>\n<meta property=\"og:site_name\" content=\"Sysmatec\" \/>\n<meta property=\"article:modified_time\" content=\"2022-01-04T18:11:39+00:00\" \/>\n<meta property=\"og:image\" content=\"https:\/\/sysmatec.ch\/wp-content\/uploads\/2019\/06\/Niveau_ParatronicUltrason420.jpg\" \/>\n\t<meta property=\"og:image:width\" content=\"186\" \/>\n\t<meta property=\"og:image:height\" content=\"292\" \/>\n\t<meta property=\"og:image:type\" content=\"image\/jpeg\" \/>\n<meta name=\"twitter:card\" content=\"summary_large_image\" \/>\n<meta name=\"twitter:label1\" content=\"Gesch\u00e4tzte Lesezeit\" \/>\n\t<meta name=\"twitter:data1\" content=\"1\u00a0Minute\" \/>\n<script type=\"application\/ld+json\" class=\"yoast-schema-graph\">{\"@context\":\"https:\\\/\\\/schema.org\",\"@graph\":[{\"@type\":\"WebPage\",\"@id\":\"https:\\\/\\\/sysmatec.ch\\\/de\\\/produit\\\/ultraschall-fuellstandssensor-us\\\/\",\"url\":\"https:\\\/\\\/sysmatec.ch\\\/de\\\/produit\\\/ultraschall-fuellstandssensor-us\\\/\",\"name\":\"Ultraschall F\u00fcllstandssensor US - Sysmatec\",\"isPartOf\":{\"@id\":\"https:\\\/\\\/sysmatec.ch\\\/de\\\/#website\"},\"primaryImageOfPage\":{\"@id\":\"https:\\\/\\\/sysmatec.ch\\\/de\\\/produit\\\/ultraschall-fuellstandssensor-us\\\/#primaryimage\"},\"image\":{\"@id\":\"https:\\\/\\\/sysmatec.ch\\\/de\\\/produit\\\/ultraschall-fuellstandssensor-us\\\/#primaryimage\"},\"thumbnailUrl\":\"https:\\\/\\\/sysmatec.ch\\\/wp-content\\\/uploads\\\/2019\\\/06\\\/Niveau_ParatronicUltrason420.jpg\",\"datePublished\":\"2019-06-17T14:51:56+00:00\",\"dateModified\":\"2022-01-04T18:11:39+00:00\",\"description\":\"Ultraschall-F\u00fcllstandssensor, ohne Kontakt mit Fl\u00fcssigkeit. Messbereiche bis 10 m. Es hat einen 4-20 mA Ausgang.\",\"breadcrumb\":{\"@id\":\"https:\\\/\\\/sysmatec.ch\\\/de\\\/produit\\\/ultraschall-fuellstandssensor-us\\\/#breadcrumb\"},\"inLanguage\":\"de\",\"potentialAction\":[{\"@type\":\"ReadAction\",\"target\":[\"https:\\\/\\\/sysmatec.ch\\\/de\\\/produit\\\/ultraschall-fuellstandssensor-us\\\/\"]}]},{\"@type\":\"ImageObject\",\"inLanguage\":\"de\",\"@id\":\"https:\\\/\\\/sysmatec.ch\\\/de\\\/produit\\\/ultraschall-fuellstandssensor-us\\\/#primaryimage\",\"url\":\"https:\\\/\\\/sysmatec.ch\\\/wp-content\\\/uploads\\\/2019\\\/06\\\/Niveau_ParatronicUltrason420.jpg\",\"contentUrl\":\"https:\\\/\\\/sysmatec.ch\\\/wp-content\\\/uploads\\\/2019\\\/06\\\/Niveau_ParatronicUltrason420.jpg\",\"width\":186,\"height\":292},{\"@type\":\"BreadcrumbList\",\"@id\":\"https:\\\/\\\/sysmatec.ch\\\/de\\\/produit\\\/ultraschall-fuellstandssensor-us\\\/#breadcrumb\",\"itemListElement\":[{\"@type\":\"ListItem\",\"position\":1,\"name\":\"Accueil\",\"item\":\"https:\\\/\\\/sysmatec.ch\\\/de\\\/\"},{\"@type\":\"ListItem\",\"position\":2,\"name\":\"Die Aktivit\u00e4t von Sysmatec\",\"item\":\"https:\\\/\\\/sysmatec.ch\\\/de\\\/\"},{\"@type\":\"ListItem\",\"position\":3,\"name\":\"Ultraschall F\u00fcllstandssensor US\"}]},{\"@type\":\"WebSite\",\"@id\":\"https:\\\/\\\/sysmatec.ch\\\/de\\\/#website\",\"url\":\"https:\\\/\\\/sysmatec.ch\\\/de\\\/\",\"name\":\"Sysmatec\",\"description\":\"Equipement de laboratoire et logiciels\",\"publisher\":{\"@id\":\"https:\\\/\\\/sysmatec.ch\\\/de\\\/#organization\"},\"potentialAction\":[{\"@type\":\"SearchAction\",\"target\":{\"@type\":\"EntryPoint\",\"urlTemplate\":\"https:\\\/\\\/sysmatec.ch\\\/de\\\/?s={search_term_string}\"},\"query-input\":{\"@type\":\"PropertyValueSpecification\",\"valueRequired\":true,\"valueName\":\"search_term_string\"}}],\"inLanguage\":\"de\"},{\"@type\":\"Organization\",\"@id\":\"https:\\\/\\\/sysmatec.ch\\\/de\\\/#organization\",\"name\":\"Sysmatec\",\"url\":\"https:\\\/\\\/sysmatec.ch\\\/de\\\/\",\"logo\":{\"@type\":\"ImageObject\",\"inLanguage\":\"de\",\"@id\":\"https:\\\/\\\/sysmatec.ch\\\/de\\\/#\\\/schema\\\/logo\\\/image\\\/\",\"url\":\"https:\\\/\\\/sysmatec.ch\\\/wp-content\\\/uploads\\\/2018\\\/11\\\/LogoSysmatec.jpg\",\"contentUrl\":\"https:\\\/\\\/sysmatec.ch\\\/wp-content\\\/uploads\\\/2018\\\/11\\\/LogoSysmatec.jpg\",\"width\":301,\"height\":297,\"caption\":\"Sysmatec\"},\"image\":{\"@id\":\"https:\\\/\\\/sysmatec.ch\\\/de\\\/#\\\/schema\\\/logo\\\/image\\\/\"}}]}<\/script>\n<!-- \/ Yoast SEO plugin. -->","yoast_head_json":{"title":"Ultraschall F\u00fcllstandssensor US - Sysmatec","description":"Ultraschall-F\u00fcllstandssensor, ohne Kontakt mit Fl\u00fcssigkeit. Messbereiche bis 10 m. Es hat einen 4-20 mA Ausgang.","robots":{"index":"index","follow":"follow","max-snippet":"max-snippet:-1","max-image-preview":"max-image-preview:large","max-video-preview":"max-video-preview:-1"},"canonical":"https:\/\/sysmatec.ch\/de\/produit\/ultraschall-fuellstandssensor-us\/","og_locale":"de_DE","og_type":"article","og_title":"Ultraschall F\u00fcllstandssensor US - Sysmatec","og_description":"Ultraschall-F\u00fcllstandssensor, ohne Kontakt mit Fl\u00fcssigkeit. Messbereiche bis 10 m. Es hat einen 4-20 mA Ausgang.","og_url":"https:\/\/sysmatec.ch\/de\/produit\/ultraschall-fuellstandssensor-us\/","og_site_name":"Sysmatec","article_modified_time":"2022-01-04T18:11:39+00:00","og_image":[{"width":186,"height":292,"url":"https:\/\/sysmatec.ch\/wp-content\/uploads\/2019\/06\/Niveau_ParatronicUltrason420.jpg","type":"image\/jpeg"}],"twitter_card":"summary_large_image","twitter_misc":{"Gesch\u00e4tzte Lesezeit":"1\u00a0Minute"},"schema":{"@context":"https:\/\/schema.org","@graph":[{"@type":"WebPage","@id":"https:\/\/sysmatec.ch\/de\/produit\/ultraschall-fuellstandssensor-us\/","url":"https:\/\/sysmatec.ch\/de\/produit\/ultraschall-fuellstandssensor-us\/","name":"Ultraschall F\u00fcllstandssensor US - Sysmatec","isPartOf":{"@id":"https:\/\/sysmatec.ch\/de\/#website"},"primaryImageOfPage":{"@id":"https:\/\/sysmatec.ch\/de\/produit\/ultraschall-fuellstandssensor-us\/#primaryimage"},"image":{"@id":"https:\/\/sysmatec.ch\/de\/produit\/ultraschall-fuellstandssensor-us\/#primaryimage"},"thumbnailUrl":"https:\/\/sysmatec.ch\/wp-content\/uploads\/2019\/06\/Niveau_ParatronicUltrason420.jpg","datePublished":"2019-06-17T14:51:56+00:00","dateModified":"2022-01-04T18:11:39+00:00","description":"Ultraschall-F\u00fcllstandssensor, ohne Kontakt mit Fl\u00fcssigkeit. Messbereiche bis 10 m. Es hat einen 4-20 mA Ausgang.","breadcrumb":{"@id":"https:\/\/sysmatec.ch\/de\/produit\/ultraschall-fuellstandssensor-us\/#breadcrumb"},"inLanguage":"de","potentialAction":[{"@type":"ReadAction","target":["https:\/\/sysmatec.ch\/de\/produit\/ultraschall-fuellstandssensor-us\/"]}]},{"@type":"ImageObject","inLanguage":"de","@id":"https:\/\/sysmatec.ch\/de\/produit\/ultraschall-fuellstandssensor-us\/#primaryimage","url":"https:\/\/sysmatec.ch\/wp-content\/uploads\/2019\/06\/Niveau_ParatronicUltrason420.jpg","contentUrl":"https:\/\/sysmatec.ch\/wp-content\/uploads\/2019\/06\/Niveau_ParatronicUltrason420.jpg","width":186,"height":292},{"@type":"BreadcrumbList","@id":"https:\/\/sysmatec.ch\/de\/produit\/ultraschall-fuellstandssensor-us\/#breadcrumb","itemListElement":[{"@type":"ListItem","position":1,"name":"Accueil","item":"https:\/\/sysmatec.ch\/de\/"},{"@type":"ListItem","position":2,"name":"Die Aktivit\u00e4t von Sysmatec","item":"https:\/\/sysmatec.ch\/de\/"},{"@type":"ListItem","position":3,"name":"Ultraschall F\u00fcllstandssensor US"}]},{"@type":"WebSite","@id":"https:\/\/sysmatec.ch\/de\/#website","url":"https:\/\/sysmatec.ch\/de\/","name":"Sysmatec","description":"Equipement de laboratoire et logiciels","publisher":{"@id":"https:\/\/sysmatec.ch\/de\/#organization"},"potentialAction":[{"@type":"SearchAction","target":{"@type":"EntryPoint","urlTemplate":"https:\/\/sysmatec.ch\/de\/?s={search_term_string}"},"query-input":{"@type":"PropertyValueSpecification","valueRequired":true,"valueName":"search_term_string"}}],"inLanguage":"de"},{"@type":"Organization","@id":"https:\/\/sysmatec.ch\/de\/#organization","name":"Sysmatec","url":"https:\/\/sysmatec.ch\/de\/","logo":{"@type":"ImageObject","inLanguage":"de","@id":"https:\/\/sysmatec.ch\/de\/#\/schema\/logo\/image\/","url":"https:\/\/sysmatec.ch\/wp-content\/uploads\/2018\/11\/LogoSysmatec.jpg","contentUrl":"https:\/\/sysmatec.ch\/wp-content\/uploads\/2018\/11\/LogoSysmatec.jpg","width":301,"height":297,"caption":"Sysmatec"},"image":{"@id":"https:\/\/sysmatec.ch\/de\/#\/schema\/logo\/image\/"}}]}},"_links":{"self":[{"href":"https:\/\/sysmatec.ch\/de\/wp-json\/wp\/v2\/product\/6770","targetHints":{"allow":["GET"]}}],"collection":[{"href":"https:\/\/sysmatec.ch\/de\/wp-json\/wp\/v2\/product"}],"about":[{"href":"https:\/\/sysmatec.ch\/de\/wp-json\/wp\/v2\/types\/product"}],"wp:featuredmedia":[{"embeddable":true,"href":"https:\/\/sysmatec.ch\/de\/wp-json\/wp\/v2\/media\/6768"}],"wp:attachment":[{"href":"https:\/\/sysmatec.ch\/de\/wp-json\/wp\/v2\/media?parent=6770"}],"wp:term":[{"taxonomy":"product_brand","embeddable":true,"href":"https:\/\/sysmatec.ch\/de\/wp-json\/wp\/v2\/product_brand?post=6770"},{"taxonomy":"product_cat","embeddable":true,"href":"https:\/\/sysmatec.ch\/de\/wp-json\/wp\/v2\/product_cat?post=6770"},{"taxonomy":"product_tag","embeddable":true,"href":"https:\/\/sysmatec.ch\/de\/wp-json\/wp\/v2\/product_tag?post=6770"}],"curies":[{"name":"wp","href":"https:\/\/api.w.org\/{rel}","templated":true}]}}