{"id":6718,"date":"2019-06-16T20:21:28","date_gmt":"2019-06-16T18:21:28","guid":{"rendered":"https:\/\/sysmatec.ch\/produit\/sonde-de-precipitations-laser-distrometer\/"},"modified":"2022-01-04T22:52:58","modified_gmt":"2022-01-04T21:52:58","slug":"laser-niederschlags-monitor-distrometer","status":"publish","type":"product","link":"https:\/\/sysmatec.ch\/de\/Produkt\/laser-niederschlags-monitor-distrometer\/","title":{"rendered":"Laser Niederschlags-Monitor (Distrometer)"},"content":{"rendered":"<p>Die neue hochwertige Sensorgeneration zur zuverl\u00e4ssigen Messung der Niederschlagseigenschaften.<\/p>\n<p>Mit seiner zuverl\u00e4ssigen, wartungsfreien Laser-Optik erfasst und unterscheidet der Sensor die verschiedenen Niederschlagsarten wie Niesel, Regen, Hagel, Schnee, Schnee-Griesel, Graupel und Eisk\u00f6rner. Das System errechnet Intensit\u00e4t, Volumen (Wasser\u00e4quivalent) und das Niederschlags- Spektrum (Durchmesser und Geschwindigkeit) sowie die Meteorologische Sichtweite (MOR) im Regen und die Radarreflektivit\u00e4t (Z). Modernste DSP Technologie und hochwertige optische Komponenten gew\u00e4hrleisten zuverl\u00e4ssige, pr\u00e4zise Messungen und Ergebnisse in Echtzeit. Alle Daten werden \u00fcber eine galvanisch-getrennte RS485-Schnittstelle zur Weiterverarbeitung \u00fcbertragen.<\/p>\n","protected":false},"excerpt":{"rendered":"<p>Laser Niederschlags-Monitor (Distrometer)<\/p>\n","protected":false},"featured_media":6687,"template":"","meta":{"_crdt_document":""},"product_brand":[],"product_cat":[233],"product_tag":[],"class_list":{"0":"post-6718","1":"product","2":"type-product","3":"status-publish","4":"has-post-thumbnail","6":"product_cat-wetter","8":"first","9":"instock","10":"taxable","11":"shipping-taxable","12":"product-type-simple"},"yoast_head":"<!-- This site is optimized with the Yoast SEO plugin v27.4 - https:\/\/yoast.com\/product\/yoast-seo-wordpress\/ -->\n<title>Laser Niederschlags-Monitor (Distrometer) - Sysmatec<\/title>\n<meta name=\"description\" content=\"Laserniederschlagssensor oder Distrometer. Er erlaubt, die Intensit\u00e4t, den Durchmesser, die Geschwindigkeit der Niederschl\u00e4ge und ihre Art zu kennen.\" \/>\n<meta name=\"robots\" content=\"index, follow, max-snippet:-1, max-image-preview:large, max-video-preview:-1\" \/>\n<link rel=\"canonical\" href=\"https:\/\/sysmatec.ch\/de\/produit\/laser-niederschlags-monitor-distrometer\/\" \/>\n<meta property=\"og:locale\" content=\"de_DE\" \/>\n<meta property=\"og:type\" content=\"article\" \/>\n<meta property=\"og:title\" content=\"Laser Niederschlags-Monitor (Distrometer) - Sysmatec\" \/>\n<meta property=\"og:description\" content=\"Laserniederschlagssensor oder Distrometer. Er erlaubt, die Intensit\u00e4t, den Durchmesser, die Geschwindigkeit der Niederschl\u00e4ge und ihre Art zu kennen.\" \/>\n<meta property=\"og:url\" content=\"https:\/\/sysmatec.ch\/de\/produit\/laser-niederschlags-monitor-distrometer\/\" \/>\n<meta property=\"og:site_name\" content=\"Sysmatec\" \/>\n<meta property=\"article:modified_time\" content=\"2022-01-04T21:52:58+00:00\" \/>\n<meta property=\"og:image\" content=\"https:\/\/sysmatec.ch\/wp-content\/uploads\/2019\/06\/Meteo_ThiesDistrometer.jpg\" \/>\n\t<meta property=\"og:image:width\" content=\"158\" \/>\n\t<meta property=\"og:image:height\" content=\"106\" \/>\n\t<meta property=\"og:image:type\" content=\"image\/jpeg\" \/>\n<meta name=\"twitter:card\" content=\"summary_large_image\" \/>\n<script type=\"application\/ld+json\" class=\"yoast-schema-graph\">{\"@context\":\"https:\\\/\\\/schema.org\",\"@graph\":[{\"@type\":\"WebPage\",\"@id\":\"https:\\\/\\\/sysmatec.ch\\\/de\\\/produit\\\/laser-niederschlags-monitor-distrometer\\\/\",\"url\":\"https:\\\/\\\/sysmatec.ch\\\/de\\\/produit\\\/laser-niederschlags-monitor-distrometer\\\/\",\"name\":\"Laser Niederschlags-Monitor (Distrometer) - Sysmatec\",\"isPartOf\":{\"@id\":\"https:\\\/\\\/sysmatec.ch\\\/de\\\/#website\"},\"primaryImageOfPage\":{\"@id\":\"https:\\\/\\\/sysmatec.ch\\\/de\\\/produit\\\/laser-niederschlags-monitor-distrometer\\\/#primaryimage\"},\"image\":{\"@id\":\"https:\\\/\\\/sysmatec.ch\\\/de\\\/produit\\\/laser-niederschlags-monitor-distrometer\\\/#primaryimage\"},\"thumbnailUrl\":\"https:\\\/\\\/sysmatec.ch\\\/wp-content\\\/uploads\\\/2019\\\/06\\\/Meteo_ThiesDistrometer.jpg\",\"datePublished\":\"2019-06-16T18:21:28+00:00\",\"dateModified\":\"2022-01-04T21:52:58+00:00\",\"description\":\"Laserniederschlagssensor oder Distrometer. Er erlaubt, die Intensit\u00e4t, den Durchmesser, die Geschwindigkeit der Niederschl\u00e4ge und ihre Art zu kennen.\",\"breadcrumb\":{\"@id\":\"https:\\\/\\\/sysmatec.ch\\\/de\\\/produit\\\/laser-niederschlags-monitor-distrometer\\\/#breadcrumb\"},\"inLanguage\":\"de\",\"potentialAction\":[{\"@type\":\"ReadAction\",\"target\":[\"https:\\\/\\\/sysmatec.ch\\\/de\\\/produit\\\/laser-niederschlags-monitor-distrometer\\\/\"]}]},{\"@type\":\"ImageObject\",\"inLanguage\":\"de\",\"@id\":\"https:\\\/\\\/sysmatec.ch\\\/de\\\/produit\\\/laser-niederschlags-monitor-distrometer\\\/#primaryimage\",\"url\":\"https:\\\/\\\/sysmatec.ch\\\/wp-content\\\/uploads\\\/2019\\\/06\\\/Meteo_ThiesDistrometer.jpg\",\"contentUrl\":\"https:\\\/\\\/sysmatec.ch\\\/wp-content\\\/uploads\\\/2019\\\/06\\\/Meteo_ThiesDistrometer.jpg\",\"width\":158,\"height\":106},{\"@type\":\"BreadcrumbList\",\"@id\":\"https:\\\/\\\/sysmatec.ch\\\/de\\\/produit\\\/laser-niederschlags-monitor-distrometer\\\/#breadcrumb\",\"itemListElement\":[{\"@type\":\"ListItem\",\"position\":1,\"name\":\"Accueil\",\"item\":\"https:\\\/\\\/sysmatec.ch\\\/de\\\/\"},{\"@type\":\"ListItem\",\"position\":2,\"name\":\"Die Aktivit\u00e4t von Sysmatec\",\"item\":\"https:\\\/\\\/sysmatec.ch\\\/de\\\/\"},{\"@type\":\"ListItem\",\"position\":3,\"name\":\"Laser Niederschlags-Monitor (Distrometer)\"}]},{\"@type\":\"WebSite\",\"@id\":\"https:\\\/\\\/sysmatec.ch\\\/de\\\/#website\",\"url\":\"https:\\\/\\\/sysmatec.ch\\\/de\\\/\",\"name\":\"Sysmatec\",\"description\":\"Equipement de laboratoire et logiciels\",\"publisher\":{\"@id\":\"https:\\\/\\\/sysmatec.ch\\\/de\\\/#organization\"},\"potentialAction\":[{\"@type\":\"SearchAction\",\"target\":{\"@type\":\"EntryPoint\",\"urlTemplate\":\"https:\\\/\\\/sysmatec.ch\\\/de\\\/?s={search_term_string}\"},\"query-input\":{\"@type\":\"PropertyValueSpecification\",\"valueRequired\":true,\"valueName\":\"search_term_string\"}}],\"inLanguage\":\"de\"},{\"@type\":\"Organization\",\"@id\":\"https:\\\/\\\/sysmatec.ch\\\/de\\\/#organization\",\"name\":\"Sysmatec\",\"url\":\"https:\\\/\\\/sysmatec.ch\\\/de\\\/\",\"logo\":{\"@type\":\"ImageObject\",\"inLanguage\":\"de\",\"@id\":\"https:\\\/\\\/sysmatec.ch\\\/de\\\/#\\\/schema\\\/logo\\\/image\\\/\",\"url\":\"https:\\\/\\\/sysmatec.ch\\\/wp-content\\\/uploads\\\/2018\\\/11\\\/LogoSysmatec.jpg\",\"contentUrl\":\"https:\\\/\\\/sysmatec.ch\\\/wp-content\\\/uploads\\\/2018\\\/11\\\/LogoSysmatec.jpg\",\"width\":301,\"height\":297,\"caption\":\"Sysmatec\"},\"image\":{\"@id\":\"https:\\\/\\\/sysmatec.ch\\\/de\\\/#\\\/schema\\\/logo\\\/image\\\/\"}}]}<\/script>\n<!-- \/ Yoast SEO plugin. -->","yoast_head_json":{"title":"Laser Niederschlags-Monitor (Distrometer) - Sysmatec","description":"Laserniederschlagssensor oder Distrometer. Er erlaubt, die Intensit\u00e4t, den Durchmesser, die Geschwindigkeit der Niederschl\u00e4ge und ihre Art zu kennen.","robots":{"index":"index","follow":"follow","max-snippet":"max-snippet:-1","max-image-preview":"max-image-preview:large","max-video-preview":"max-video-preview:-1"},"canonical":"https:\/\/sysmatec.ch\/de\/produit\/laser-niederschlags-monitor-distrometer\/","og_locale":"de_DE","og_type":"article","og_title":"Laser Niederschlags-Monitor (Distrometer) - Sysmatec","og_description":"Laserniederschlagssensor oder Distrometer. Er erlaubt, die Intensit\u00e4t, den Durchmesser, die Geschwindigkeit der Niederschl\u00e4ge und ihre Art zu kennen.","og_url":"https:\/\/sysmatec.ch\/de\/produit\/laser-niederschlags-monitor-distrometer\/","og_site_name":"Sysmatec","article_modified_time":"2022-01-04T21:52:58+00:00","og_image":[{"width":158,"height":106,"url":"https:\/\/sysmatec.ch\/wp-content\/uploads\/2019\/06\/Meteo_ThiesDistrometer.jpg","type":"image\/jpeg"}],"twitter_card":"summary_large_image","schema":{"@context":"https:\/\/schema.org","@graph":[{"@type":"WebPage","@id":"https:\/\/sysmatec.ch\/de\/produit\/laser-niederschlags-monitor-distrometer\/","url":"https:\/\/sysmatec.ch\/de\/produit\/laser-niederschlags-monitor-distrometer\/","name":"Laser Niederschlags-Monitor (Distrometer) - Sysmatec","isPartOf":{"@id":"https:\/\/sysmatec.ch\/de\/#website"},"primaryImageOfPage":{"@id":"https:\/\/sysmatec.ch\/de\/produit\/laser-niederschlags-monitor-distrometer\/#primaryimage"},"image":{"@id":"https:\/\/sysmatec.ch\/de\/produit\/laser-niederschlags-monitor-distrometer\/#primaryimage"},"thumbnailUrl":"https:\/\/sysmatec.ch\/wp-content\/uploads\/2019\/06\/Meteo_ThiesDistrometer.jpg","datePublished":"2019-06-16T18:21:28+00:00","dateModified":"2022-01-04T21:52:58+00:00","description":"Laserniederschlagssensor oder Distrometer. Er erlaubt, die Intensit\u00e4t, den Durchmesser, die Geschwindigkeit der Niederschl\u00e4ge und ihre Art zu kennen.","breadcrumb":{"@id":"https:\/\/sysmatec.ch\/de\/produit\/laser-niederschlags-monitor-distrometer\/#breadcrumb"},"inLanguage":"de","potentialAction":[{"@type":"ReadAction","target":["https:\/\/sysmatec.ch\/de\/produit\/laser-niederschlags-monitor-distrometer\/"]}]},{"@type":"ImageObject","inLanguage":"de","@id":"https:\/\/sysmatec.ch\/de\/produit\/laser-niederschlags-monitor-distrometer\/#primaryimage","url":"https:\/\/sysmatec.ch\/wp-content\/uploads\/2019\/06\/Meteo_ThiesDistrometer.jpg","contentUrl":"https:\/\/sysmatec.ch\/wp-content\/uploads\/2019\/06\/Meteo_ThiesDistrometer.jpg","width":158,"height":106},{"@type":"BreadcrumbList","@id":"https:\/\/sysmatec.ch\/de\/produit\/laser-niederschlags-monitor-distrometer\/#breadcrumb","itemListElement":[{"@type":"ListItem","position":1,"name":"Accueil","item":"https:\/\/sysmatec.ch\/de\/"},{"@type":"ListItem","position":2,"name":"Die Aktivit\u00e4t von Sysmatec","item":"https:\/\/sysmatec.ch\/de\/"},{"@type":"ListItem","position":3,"name":"Laser Niederschlags-Monitor (Distrometer)"}]},{"@type":"WebSite","@id":"https:\/\/sysmatec.ch\/de\/#website","url":"https:\/\/sysmatec.ch\/de\/","name":"Sysmatec","description":"Equipement de laboratoire et logiciels","publisher":{"@id":"https:\/\/sysmatec.ch\/de\/#organization"},"potentialAction":[{"@type":"SearchAction","target":{"@type":"EntryPoint","urlTemplate":"https:\/\/sysmatec.ch\/de\/?s={search_term_string}"},"query-input":{"@type":"PropertyValueSpecification","valueRequired":true,"valueName":"search_term_string"}}],"inLanguage":"de"},{"@type":"Organization","@id":"https:\/\/sysmatec.ch\/de\/#organization","name":"Sysmatec","url":"https:\/\/sysmatec.ch\/de\/","logo":{"@type":"ImageObject","inLanguage":"de","@id":"https:\/\/sysmatec.ch\/de\/#\/schema\/logo\/image\/","url":"https:\/\/sysmatec.ch\/wp-content\/uploads\/2018\/11\/LogoSysmatec.jpg","contentUrl":"https:\/\/sysmatec.ch\/wp-content\/uploads\/2018\/11\/LogoSysmatec.jpg","width":301,"height":297,"caption":"Sysmatec"},"image":{"@id":"https:\/\/sysmatec.ch\/de\/#\/schema\/logo\/image\/"}}]}},"_links":{"self":[{"href":"https:\/\/sysmatec.ch\/de\/wp-json\/wp\/v2\/product\/6718","targetHints":{"allow":["GET"]}}],"collection":[{"href":"https:\/\/sysmatec.ch\/de\/wp-json\/wp\/v2\/product"}],"about":[{"href":"https:\/\/sysmatec.ch\/de\/wp-json\/wp\/v2\/types\/product"}],"wp:featuredmedia":[{"embeddable":true,"href":"https:\/\/sysmatec.ch\/de\/wp-json\/wp\/v2\/media\/6687"}],"wp:attachment":[{"href":"https:\/\/sysmatec.ch\/de\/wp-json\/wp\/v2\/media?parent=6718"}],"wp:term":[{"taxonomy":"product_brand","embeddable":true,"href":"https:\/\/sysmatec.ch\/de\/wp-json\/wp\/v2\/product_brand?post=6718"},{"taxonomy":"product_cat","embeddable":true,"href":"https:\/\/sysmatec.ch\/de\/wp-json\/wp\/v2\/product_cat?post=6718"},{"taxonomy":"product_tag","embeddable":true,"href":"https:\/\/sysmatec.ch\/de\/wp-json\/wp\/v2\/product_tag?post=6718"}],"curies":[{"name":"wp","href":"https:\/\/api.w.org\/{rel}","templated":true}]}}