{"id":6637,"date":"2019-06-11T20:53:46","date_gmt":"2019-06-11T18:53:46","guid":{"rendered":"https:\/\/sysmatec.ch\/produit\/appareil-de-mesure-de-lepaisseur-des-boues-et-640\/"},"modified":"2022-01-07T17:53:45","modified_gmt":"2022-01-07T16:53:45","slug":"schlammschichtmessgeraet-et-640","status":"publish","type":"product","link":"https:\/\/sysmatec.ch\/de\/Produkt\/schlammschichtmessgeraet-et-640\/","title":{"rendered":"Schlammschichtmessger\u00e4t ET 640"},"content":{"rendered":"<p>Bestimmung des Sedimentationsverhaltens und der Trennschicht in schlammhaltigen W\u00e4ssern<\/p>\n<p>Dichte-Ablesung \u00fcber die LED-Anzeige<\/p>\n<p>Akustische Warnmeldung<\/p>\n<p>Robuste Messsonde<\/p>\n<p>Universell einsetzbar durch Akkubetrieb<\/p>\n<p>Ein-Tasten-Bedienung<\/p>\n<p>Das ET 640 ist ein tragbares Ger\u00e4t zur Bestimmung von Feststoffanteilen sowie des Sedimentationsverhaltens von Abw\u00e4ssern in Becken und Beh\u00e4ltern.<\/p>\n<p>Die Sonde wird in das zu untersuchende Becken abgelassen, die LED-Anzeige ver\u00e4ndert sich je nach Feststoffgehalt. Wird die Trennschicht zum Schlammsediment erreicht, wechselt die LED-Anzeige in den roten Bereich. Dies wird zus\u00e4tzlich durch ein akustisches Signal angezeigt.<\/p>\n<p>Die Tiefe der verschiedenen Schichten (klare Bereiche, bzw. Sediment-Schicht) kann direkt am Kabel in Schritten von 0,5 m Abst\u00e4nden abgelesen werden.<\/p>\n<p>Die Sonde besteht aus einem schlagfesten Kunststoffgeh\u00e4use und ist mit einer LED-Lichtquelle ausgestattet, deren Licht von einer gegen\u00fcberliegenden Fotodiode empfangen und ausgewertet wird.<\/p>\n<p>Das Schlammschichtmessger\u00e4t ET 640 wird in einer praktischen Umh\u00e4ngetasche geliefert, so dass es f\u00fcr den mobilen Einsatz geeignet ist.<\/p>\n<p>Dem Bediener stehen somit schnell Informationen \u00fcber die Schlammschicht-Dicke eines Sedimentationsbeckens zur Verf\u00fcgung.<\/p>\n<p>Lieferumfang: Schlammschichtmessger\u00e4t in Bereitschaftstasche, einschlie\u00dflich Sonde, 10 m Kabel (wahlweise bis 50 m) und Akku-Lader, Betriebsanleitung.<\/p>\n","protected":false},"excerpt":{"rendered":"<p>Schlammschichtmessger\u00e4t<\/p>\n","protected":false},"featured_media":6635,"template":"","meta":{"_crdt_document":""},"product_brand":[],"product_cat":[227],"product_tag":[],"class_list":{"0":"post-6637","1":"product","2":"type-product","3":"status-publish","4":"has-post-thumbnail","6":"product_cat-truebungsmessung","8":"first","9":"instock","10":"taxable","11":"shipping-taxable","12":"product-type-simple"},"yoast_head":"<!-- This site is optimized with the Yoast SEO plugin v27.3 - https:\/\/yoast.com\/product\/yoast-seo-wordpress\/ -->\n<title>Schlammschichtmessger\u00e4t ET 640 - Sysmatec<\/title>\n<meta name=\"description\" content=\"Ger\u00e4t zur Messung der Schlammdicke in Absetzbecken. Messung basierend auf der Absorption eines Lichtstrahls.\" \/>\n<meta name=\"robots\" content=\"index, follow, max-snippet:-1, max-image-preview:large, max-video-preview:-1\" \/>\n<link rel=\"canonical\" href=\"https:\/\/sysmatec.ch\/de\/produit\/schlammschichtmessgeraet-et-640\/\" \/>\n<meta property=\"og:locale\" content=\"de_DE\" \/>\n<meta property=\"og:type\" content=\"article\" \/>\n<meta property=\"og:title\" content=\"Schlammschichtmessger\u00e4t ET 640 - Sysmatec\" \/>\n<meta property=\"og:description\" content=\"Ger\u00e4t zur Messung der Schlammdicke in Absetzbecken. Messung basierend auf der Absorption eines Lichtstrahls.\" \/>\n<meta property=\"og:url\" content=\"https:\/\/sysmatec.ch\/de\/produit\/schlammschichtmessgeraet-et-640\/\" \/>\n<meta property=\"og:site_name\" content=\"Sysmatec\" \/>\n<meta property=\"article:modified_time\" content=\"2022-01-07T16:53:45+00:00\" \/>\n<meta property=\"og:image\" content=\"https:\/\/sysmatec.ch\/wp-content\/uploads\/2019\/06\/Turbidimetre_TintometerET640.gif\" \/>\n\t<meta property=\"og:image:width\" content=\"127\" \/>\n\t<meta property=\"og:image:height\" content=\"130\" \/>\n\t<meta property=\"og:image:type\" content=\"image\/gif\" \/>\n<meta name=\"twitter:card\" content=\"summary_large_image\" \/>\n<meta name=\"twitter:label1\" content=\"Gesch\u00e4tzte Lesezeit\" \/>\n\t<meta name=\"twitter:data1\" content=\"1\u00a0Minute\" \/>\n<script type=\"application\/ld+json\" class=\"yoast-schema-graph\">{\"@context\":\"https:\\\/\\\/schema.org\",\"@graph\":[{\"@type\":\"WebPage\",\"@id\":\"https:\\\/\\\/sysmatec.ch\\\/de\\\/produit\\\/schlammschichtmessgeraet-et-640\\\/\",\"url\":\"https:\\\/\\\/sysmatec.ch\\\/de\\\/produit\\\/schlammschichtmessgeraet-et-640\\\/\",\"name\":\"Schlammschichtmessger\u00e4t ET 640 - Sysmatec\",\"isPartOf\":{\"@id\":\"https:\\\/\\\/sysmatec.ch\\\/de\\\/#website\"},\"primaryImageOfPage\":{\"@id\":\"https:\\\/\\\/sysmatec.ch\\\/de\\\/produit\\\/schlammschichtmessgeraet-et-640\\\/#primaryimage\"},\"image\":{\"@id\":\"https:\\\/\\\/sysmatec.ch\\\/de\\\/produit\\\/schlammschichtmessgeraet-et-640\\\/#primaryimage\"},\"thumbnailUrl\":\"https:\\\/\\\/sysmatec.ch\\\/wp-content\\\/uploads\\\/2019\\\/06\\\/Turbidimetre_TintometerET640.gif\",\"datePublished\":\"2019-06-11T18:53:46+00:00\",\"dateModified\":\"2022-01-07T16:53:45+00:00\",\"description\":\"Ger\u00e4t zur Messung der Schlammdicke in Absetzbecken. Messung basierend auf der Absorption eines Lichtstrahls.\",\"breadcrumb\":{\"@id\":\"https:\\\/\\\/sysmatec.ch\\\/de\\\/produit\\\/schlammschichtmessgeraet-et-640\\\/#breadcrumb\"},\"inLanguage\":\"de\",\"potentialAction\":[{\"@type\":\"ReadAction\",\"target\":[\"https:\\\/\\\/sysmatec.ch\\\/de\\\/produit\\\/schlammschichtmessgeraet-et-640\\\/\"]}]},{\"@type\":\"ImageObject\",\"inLanguage\":\"de\",\"@id\":\"https:\\\/\\\/sysmatec.ch\\\/de\\\/produit\\\/schlammschichtmessgeraet-et-640\\\/#primaryimage\",\"url\":\"https:\\\/\\\/sysmatec.ch\\\/wp-content\\\/uploads\\\/2019\\\/06\\\/Turbidimetre_TintometerET640.gif\",\"contentUrl\":\"https:\\\/\\\/sysmatec.ch\\\/wp-content\\\/uploads\\\/2019\\\/06\\\/Turbidimetre_TintometerET640.gif\",\"width\":127,\"height\":130},{\"@type\":\"BreadcrumbList\",\"@id\":\"https:\\\/\\\/sysmatec.ch\\\/de\\\/produit\\\/schlammschichtmessgeraet-et-640\\\/#breadcrumb\",\"itemListElement\":[{\"@type\":\"ListItem\",\"position\":1,\"name\":\"Accueil\",\"item\":\"https:\\\/\\\/sysmatec.ch\\\/de\\\/\"},{\"@type\":\"ListItem\",\"position\":2,\"name\":\"Die Aktivit\u00e4t von Sysmatec\",\"item\":\"https:\\\/\\\/sysmatec.ch\\\/de\\\/\"},{\"@type\":\"ListItem\",\"position\":3,\"name\":\"Schlammschichtmessger\u00e4t ET 640\"}]},{\"@type\":\"WebSite\",\"@id\":\"https:\\\/\\\/sysmatec.ch\\\/de\\\/#website\",\"url\":\"https:\\\/\\\/sysmatec.ch\\\/de\\\/\",\"name\":\"Sysmatec\",\"description\":\"Equipement de laboratoire et logiciels\",\"publisher\":{\"@id\":\"https:\\\/\\\/sysmatec.ch\\\/de\\\/#organization\"},\"potentialAction\":[{\"@type\":\"SearchAction\",\"target\":{\"@type\":\"EntryPoint\",\"urlTemplate\":\"https:\\\/\\\/sysmatec.ch\\\/de\\\/?s={search_term_string}\"},\"query-input\":{\"@type\":\"PropertyValueSpecification\",\"valueRequired\":true,\"valueName\":\"search_term_string\"}}],\"inLanguage\":\"de\"},{\"@type\":\"Organization\",\"@id\":\"https:\\\/\\\/sysmatec.ch\\\/de\\\/#organization\",\"name\":\"Sysmatec\",\"url\":\"https:\\\/\\\/sysmatec.ch\\\/de\\\/\",\"logo\":{\"@type\":\"ImageObject\",\"inLanguage\":\"de\",\"@id\":\"https:\\\/\\\/sysmatec.ch\\\/de\\\/#\\\/schema\\\/logo\\\/image\\\/\",\"url\":\"https:\\\/\\\/sysmatec.ch\\\/wp-content\\\/uploads\\\/2018\\\/11\\\/LogoSysmatec.jpg\",\"contentUrl\":\"https:\\\/\\\/sysmatec.ch\\\/wp-content\\\/uploads\\\/2018\\\/11\\\/LogoSysmatec.jpg\",\"width\":301,\"height\":297,\"caption\":\"Sysmatec\"},\"image\":{\"@id\":\"https:\\\/\\\/sysmatec.ch\\\/de\\\/#\\\/schema\\\/logo\\\/image\\\/\"}}]}<\/script>\n<!-- \/ Yoast SEO plugin. -->","yoast_head_json":{"title":"Schlammschichtmessger\u00e4t ET 640 - Sysmatec","description":"Ger\u00e4t zur Messung der Schlammdicke in Absetzbecken. Messung basierend auf der Absorption eines Lichtstrahls.","robots":{"index":"index","follow":"follow","max-snippet":"max-snippet:-1","max-image-preview":"max-image-preview:large","max-video-preview":"max-video-preview:-1"},"canonical":"https:\/\/sysmatec.ch\/de\/produit\/schlammschichtmessgeraet-et-640\/","og_locale":"de_DE","og_type":"article","og_title":"Schlammschichtmessger\u00e4t ET 640 - Sysmatec","og_description":"Ger\u00e4t zur Messung der Schlammdicke in Absetzbecken. Messung basierend auf der Absorption eines Lichtstrahls.","og_url":"https:\/\/sysmatec.ch\/de\/produit\/schlammschichtmessgeraet-et-640\/","og_site_name":"Sysmatec","article_modified_time":"2022-01-07T16:53:45+00:00","og_image":[{"width":127,"height":130,"url":"https:\/\/sysmatec.ch\/wp-content\/uploads\/2019\/06\/Turbidimetre_TintometerET640.gif","type":"image\/gif"}],"twitter_card":"summary_large_image","twitter_misc":{"Gesch\u00e4tzte Lesezeit":"1\u00a0Minute"},"schema":{"@context":"https:\/\/schema.org","@graph":[{"@type":"WebPage","@id":"https:\/\/sysmatec.ch\/de\/produit\/schlammschichtmessgeraet-et-640\/","url":"https:\/\/sysmatec.ch\/de\/produit\/schlammschichtmessgeraet-et-640\/","name":"Schlammschichtmessger\u00e4t ET 640 - Sysmatec","isPartOf":{"@id":"https:\/\/sysmatec.ch\/de\/#website"},"primaryImageOfPage":{"@id":"https:\/\/sysmatec.ch\/de\/produit\/schlammschichtmessgeraet-et-640\/#primaryimage"},"image":{"@id":"https:\/\/sysmatec.ch\/de\/produit\/schlammschichtmessgeraet-et-640\/#primaryimage"},"thumbnailUrl":"https:\/\/sysmatec.ch\/wp-content\/uploads\/2019\/06\/Turbidimetre_TintometerET640.gif","datePublished":"2019-06-11T18:53:46+00:00","dateModified":"2022-01-07T16:53:45+00:00","description":"Ger\u00e4t zur Messung der Schlammdicke in Absetzbecken. Messung basierend auf der Absorption eines Lichtstrahls.","breadcrumb":{"@id":"https:\/\/sysmatec.ch\/de\/produit\/schlammschichtmessgeraet-et-640\/#breadcrumb"},"inLanguage":"de","potentialAction":[{"@type":"ReadAction","target":["https:\/\/sysmatec.ch\/de\/produit\/schlammschichtmessgeraet-et-640\/"]}]},{"@type":"ImageObject","inLanguage":"de","@id":"https:\/\/sysmatec.ch\/de\/produit\/schlammschichtmessgeraet-et-640\/#primaryimage","url":"https:\/\/sysmatec.ch\/wp-content\/uploads\/2019\/06\/Turbidimetre_TintometerET640.gif","contentUrl":"https:\/\/sysmatec.ch\/wp-content\/uploads\/2019\/06\/Turbidimetre_TintometerET640.gif","width":127,"height":130},{"@type":"BreadcrumbList","@id":"https:\/\/sysmatec.ch\/de\/produit\/schlammschichtmessgeraet-et-640\/#breadcrumb","itemListElement":[{"@type":"ListItem","position":1,"name":"Accueil","item":"https:\/\/sysmatec.ch\/de\/"},{"@type":"ListItem","position":2,"name":"Die Aktivit\u00e4t von Sysmatec","item":"https:\/\/sysmatec.ch\/de\/"},{"@type":"ListItem","position":3,"name":"Schlammschichtmessger\u00e4t ET 640"}]},{"@type":"WebSite","@id":"https:\/\/sysmatec.ch\/de\/#website","url":"https:\/\/sysmatec.ch\/de\/","name":"Sysmatec","description":"Equipement de laboratoire et logiciels","publisher":{"@id":"https:\/\/sysmatec.ch\/de\/#organization"},"potentialAction":[{"@type":"SearchAction","target":{"@type":"EntryPoint","urlTemplate":"https:\/\/sysmatec.ch\/de\/?s={search_term_string}"},"query-input":{"@type":"PropertyValueSpecification","valueRequired":true,"valueName":"search_term_string"}}],"inLanguage":"de"},{"@type":"Organization","@id":"https:\/\/sysmatec.ch\/de\/#organization","name":"Sysmatec","url":"https:\/\/sysmatec.ch\/de\/","logo":{"@type":"ImageObject","inLanguage":"de","@id":"https:\/\/sysmatec.ch\/de\/#\/schema\/logo\/image\/","url":"https:\/\/sysmatec.ch\/wp-content\/uploads\/2018\/11\/LogoSysmatec.jpg","contentUrl":"https:\/\/sysmatec.ch\/wp-content\/uploads\/2018\/11\/LogoSysmatec.jpg","width":301,"height":297,"caption":"Sysmatec"},"image":{"@id":"https:\/\/sysmatec.ch\/de\/#\/schema\/logo\/image\/"}}]}},"_links":{"self":[{"href":"https:\/\/sysmatec.ch\/de\/wp-json\/wp\/v2\/product\/6637","targetHints":{"allow":["GET"]}}],"collection":[{"href":"https:\/\/sysmatec.ch\/de\/wp-json\/wp\/v2\/product"}],"about":[{"href":"https:\/\/sysmatec.ch\/de\/wp-json\/wp\/v2\/types\/product"}],"wp:featuredmedia":[{"embeddable":true,"href":"https:\/\/sysmatec.ch\/de\/wp-json\/wp\/v2\/media\/6635"}],"wp:attachment":[{"href":"https:\/\/sysmatec.ch\/de\/wp-json\/wp\/v2\/media?parent=6637"}],"wp:term":[{"taxonomy":"product_brand","embeddable":true,"href":"https:\/\/sysmatec.ch\/de\/wp-json\/wp\/v2\/product_brand?post=6637"},{"taxonomy":"product_cat","embeddable":true,"href":"https:\/\/sysmatec.ch\/de\/wp-json\/wp\/v2\/product_cat?post=6637"},{"taxonomy":"product_tag","embeddable":true,"href":"https:\/\/sysmatec.ch\/de\/wp-json\/wp\/v2\/product_tag?post=6637"}],"curies":[{"name":"wp","href":"https:\/\/api.w.org\/{rel}","templated":true}]}}