{"id":6630,"date":"2019-06-11T20:43:18","date_gmt":"2019-06-11T18:43:18","guid":{"rendered":"https:\/\/sysmatec.ch\/produit\/turbidimetre-portable-micro-ir\/"},"modified":"2022-01-07T18:03:33","modified_gmt":"2022-01-07T17:03:33","slug":"mobiles-truebungsmessgeraet-micro-ir","status":"publish","type":"product","link":"https:\/\/sysmatec.ch\/de\/Produkt\/mobiles-truebungsmessgeraet-micro-ir\/","title":{"rendered":"Mobiles Tr\u00fcbungsmessger\u00e4t MICRO IR"},"content":{"rendered":"<p>Das tragbare wasserdichte Tr\u00fcbungsmessger\u00e4t MICRO IR mit Infrarot-Lichtquelle (860 nm) ist konzipiert f\u00fcr Tr\u00fcbungsmessungen im Messbereich von 0 bis 1100 NTU (Nephelometric Turbidity Unit) bei einer Nachweisgrenze von 0,01 NTU gem\u00e4\u00df ISO 7027 \/ DIN\/EN 27 027.<\/p>\n<p>Die automatische 3-Punkt-Kalibrierung macht es dem Anwender einfach das Ger\u00e4t zu kalibrieren. Hierzu dr\u00fcckt man die CAL-Taste um anschlie\u00dfend die 3 Tr\u00fcbungs-Standards zu vermessen. Im Lieferumfang sind die Tr\u00fcbungs-Standards (0,02 \/ 100 und 1000 NTU) sowie 4 AAA-Alkali-Mangan-Batterien und eine 25 mm Messk\u00fcvette enthalten.<\/p>\n<ul>\n<li>Messprinzip: Nephelometrisch (90\u00b0 Streulicht)<\/li>\n<li>Lichtquelle: IR-LED (860 nm)<\/li>\n<li>Messbereich: 0-1100 NTU, Auto Range<\/li>\n<li>Aufl\u00f6sung:0,01 NTU von 0 &#8211; 9,99; 0,1 NTU von 10 &#8211; 99,9; 1 NTU von 100 &#8211; 1100<\/li>\n<li>Genauigkeit: \u00b1 2 % vom Messwert oder \u00b1 0,01<\/li>\n<li>Reproduzierbarkeit: &lt; \u00b1 1 % vom Messwert oder \u00b1 0,01 NTU<\/li>\n<li>Kalibrierung: autom. 3-Punkt-Kalibrierung<\/li>\n<li>Ansprechzeit: 6 &#8211; 16 Sekunden<\/li>\n<li>Schutzart: IP67<\/li>\n<li>Arbeitstemperatur: 0 &#8211; 50 \u00b0C<\/li>\n<li>Stromversorgung: 4 Alkali-Mangan-Batterien (AAA) f\u00fcr \u00fcber 1000 Messungen<\/li>\n<li>Gewicht: 0,325 kg mit Batterien, 1,25 kg mit Koffer<\/li>\n<li>Abmessungen: (B x H x T mm) Ger\u00e4t: 70 x 165 x 35, Koffer: 310 x 225 x 80<\/li>\n<li>Pr\u00fcfzeichen: CE \/ T\u00dcV\/GS<\/li>\n<\/ul>\n","protected":false},"excerpt":{"rendered":"<p>Mobiles Tr\u00fcbungsmessger\u00e4t f\u00fcr den Bereich 0 bis 1100 NTU.<\/p>\n","protected":false},"featured_media":6628,"template":"","meta":{"_crdt_document":""},"product_brand":[],"product_cat":[227],"product_tag":[],"class_list":{"0":"post-6630","1":"product","2":"type-product","3":"status-publish","4":"has-post-thumbnail","6":"product_cat-truebungsmessung","8":"first","9":"instock","10":"taxable","11":"shipping-taxable","12":"product-type-simple"},"yoast_head":"<!-- This site is optimized with the Yoast SEO plugin v27.3 - https:\/\/yoast.com\/product\/yoast-seo-wordpress\/ -->\n<title>Mobiles Tr\u00fcbungsmessger\u00e4t MICRO IR - Sysmatec<\/title>\n<meta name=\"description\" content=\"Tragbares Tr\u00fcbungsmessger\u00e4t mit Infrarotlichtquelle zur Messung der Tr\u00fcbung in einem Bereich von 0 bis 1100 NTU.\" \/>\n<meta name=\"robots\" content=\"index, follow, max-snippet:-1, max-image-preview:large, max-video-preview:-1\" \/>\n<link rel=\"canonical\" href=\"https:\/\/sysmatec.ch\/de\/produit\/mobiles-truebungsmessgeraet-micro-ir\/\" \/>\n<meta property=\"og:locale\" content=\"de_DE\" \/>\n<meta property=\"og:type\" content=\"article\" \/>\n<meta property=\"og:title\" content=\"Mobiles Tr\u00fcbungsmessger\u00e4t MICRO IR - Sysmatec\" \/>\n<meta property=\"og:description\" content=\"Tragbares Tr\u00fcbungsmessger\u00e4t mit Infrarotlichtquelle zur Messung der Tr\u00fcbung in einem Bereich von 0 bis 1100 NTU.\" \/>\n<meta property=\"og:url\" content=\"https:\/\/sysmatec.ch\/de\/produit\/mobiles-truebungsmessgeraet-micro-ir\/\" \/>\n<meta property=\"og:site_name\" content=\"Sysmatec\" \/>\n<meta property=\"article:modified_time\" content=\"2022-01-07T17:03:33+00:00\" \/>\n<meta property=\"og:image\" content=\"https:\/\/sysmatec.ch\/wp-content\/uploads\/2019\/06\/Turbidimetre_TintometerMicroIR.gif\" \/>\n\t<meta property=\"og:image:width\" content=\"114\" \/>\n\t<meta property=\"og:image:height\" content=\"114\" \/>\n\t<meta property=\"og:image:type\" content=\"image\/gif\" \/>\n<meta name=\"twitter:card\" content=\"summary_large_image\" \/>\n<meta name=\"twitter:label1\" content=\"Gesch\u00e4tzte Lesezeit\" \/>\n\t<meta name=\"twitter:data1\" content=\"1\u00a0Minute\" \/>\n<script type=\"application\/ld+json\" class=\"yoast-schema-graph\">{\"@context\":\"https:\\\/\\\/schema.org\",\"@graph\":[{\"@type\":\"WebPage\",\"@id\":\"https:\\\/\\\/sysmatec.ch\\\/de\\\/produit\\\/mobiles-truebungsmessgeraet-micro-ir\\\/\",\"url\":\"https:\\\/\\\/sysmatec.ch\\\/de\\\/produit\\\/mobiles-truebungsmessgeraet-micro-ir\\\/\",\"name\":\"Mobiles Tr\u00fcbungsmessger\u00e4t MICRO IR - Sysmatec\",\"isPartOf\":{\"@id\":\"https:\\\/\\\/sysmatec.ch\\\/de\\\/#website\"},\"primaryImageOfPage\":{\"@id\":\"https:\\\/\\\/sysmatec.ch\\\/de\\\/produit\\\/mobiles-truebungsmessgeraet-micro-ir\\\/#primaryimage\"},\"image\":{\"@id\":\"https:\\\/\\\/sysmatec.ch\\\/de\\\/produit\\\/mobiles-truebungsmessgeraet-micro-ir\\\/#primaryimage\"},\"thumbnailUrl\":\"https:\\\/\\\/sysmatec.ch\\\/wp-content\\\/uploads\\\/2019\\\/06\\\/Turbidimetre_TintometerMicroIR.gif\",\"datePublished\":\"2019-06-11T18:43:18+00:00\",\"dateModified\":\"2022-01-07T17:03:33+00:00\",\"description\":\"Tragbares Tr\u00fcbungsmessger\u00e4t mit Infrarotlichtquelle zur Messung der Tr\u00fcbung in einem Bereich von 0 bis 1100 NTU.\",\"breadcrumb\":{\"@id\":\"https:\\\/\\\/sysmatec.ch\\\/de\\\/produit\\\/mobiles-truebungsmessgeraet-micro-ir\\\/#breadcrumb\"},\"inLanguage\":\"de\",\"potentialAction\":[{\"@type\":\"ReadAction\",\"target\":[\"https:\\\/\\\/sysmatec.ch\\\/de\\\/produit\\\/mobiles-truebungsmessgeraet-micro-ir\\\/\"]}]},{\"@type\":\"ImageObject\",\"inLanguage\":\"de\",\"@id\":\"https:\\\/\\\/sysmatec.ch\\\/de\\\/produit\\\/mobiles-truebungsmessgeraet-micro-ir\\\/#primaryimage\",\"url\":\"https:\\\/\\\/sysmatec.ch\\\/wp-content\\\/uploads\\\/2019\\\/06\\\/Turbidimetre_TintometerMicroIR.gif\",\"contentUrl\":\"https:\\\/\\\/sysmatec.ch\\\/wp-content\\\/uploads\\\/2019\\\/06\\\/Turbidimetre_TintometerMicroIR.gif\",\"width\":114,\"height\":114},{\"@type\":\"BreadcrumbList\",\"@id\":\"https:\\\/\\\/sysmatec.ch\\\/de\\\/produit\\\/mobiles-truebungsmessgeraet-micro-ir\\\/#breadcrumb\",\"itemListElement\":[{\"@type\":\"ListItem\",\"position\":1,\"name\":\"Accueil\",\"item\":\"https:\\\/\\\/sysmatec.ch\\\/de\\\/\"},{\"@type\":\"ListItem\",\"position\":2,\"name\":\"Die Aktivit\u00e4t von Sysmatec\",\"item\":\"https:\\\/\\\/sysmatec.ch\\\/de\\\/\"},{\"@type\":\"ListItem\",\"position\":3,\"name\":\"Mobiles Tr\u00fcbungsmessger\u00e4t MICRO IR\"}]},{\"@type\":\"WebSite\",\"@id\":\"https:\\\/\\\/sysmatec.ch\\\/de\\\/#website\",\"url\":\"https:\\\/\\\/sysmatec.ch\\\/de\\\/\",\"name\":\"Sysmatec\",\"description\":\"Equipement de laboratoire et logiciels\",\"publisher\":{\"@id\":\"https:\\\/\\\/sysmatec.ch\\\/de\\\/#organization\"},\"potentialAction\":[{\"@type\":\"SearchAction\",\"target\":{\"@type\":\"EntryPoint\",\"urlTemplate\":\"https:\\\/\\\/sysmatec.ch\\\/de\\\/?s={search_term_string}\"},\"query-input\":{\"@type\":\"PropertyValueSpecification\",\"valueRequired\":true,\"valueName\":\"search_term_string\"}}],\"inLanguage\":\"de\"},{\"@type\":\"Organization\",\"@id\":\"https:\\\/\\\/sysmatec.ch\\\/de\\\/#organization\",\"name\":\"Sysmatec\",\"url\":\"https:\\\/\\\/sysmatec.ch\\\/de\\\/\",\"logo\":{\"@type\":\"ImageObject\",\"inLanguage\":\"de\",\"@id\":\"https:\\\/\\\/sysmatec.ch\\\/de\\\/#\\\/schema\\\/logo\\\/image\\\/\",\"url\":\"https:\\\/\\\/sysmatec.ch\\\/wp-content\\\/uploads\\\/2018\\\/11\\\/LogoSysmatec.jpg\",\"contentUrl\":\"https:\\\/\\\/sysmatec.ch\\\/wp-content\\\/uploads\\\/2018\\\/11\\\/LogoSysmatec.jpg\",\"width\":301,\"height\":297,\"caption\":\"Sysmatec\"},\"image\":{\"@id\":\"https:\\\/\\\/sysmatec.ch\\\/de\\\/#\\\/schema\\\/logo\\\/image\\\/\"}}]}<\/script>\n<!-- \/ Yoast SEO plugin. -->","yoast_head_json":{"title":"Mobiles Tr\u00fcbungsmessger\u00e4t MICRO IR - Sysmatec","description":"Tragbares Tr\u00fcbungsmessger\u00e4t mit Infrarotlichtquelle zur Messung der Tr\u00fcbung in einem Bereich von 0 bis 1100 NTU.","robots":{"index":"index","follow":"follow","max-snippet":"max-snippet:-1","max-image-preview":"max-image-preview:large","max-video-preview":"max-video-preview:-1"},"canonical":"https:\/\/sysmatec.ch\/de\/produit\/mobiles-truebungsmessgeraet-micro-ir\/","og_locale":"de_DE","og_type":"article","og_title":"Mobiles Tr\u00fcbungsmessger\u00e4t MICRO IR - Sysmatec","og_description":"Tragbares Tr\u00fcbungsmessger\u00e4t mit Infrarotlichtquelle zur Messung der Tr\u00fcbung in einem Bereich von 0 bis 1100 NTU.","og_url":"https:\/\/sysmatec.ch\/de\/produit\/mobiles-truebungsmessgeraet-micro-ir\/","og_site_name":"Sysmatec","article_modified_time":"2022-01-07T17:03:33+00:00","og_image":[{"width":114,"height":114,"url":"https:\/\/sysmatec.ch\/wp-content\/uploads\/2019\/06\/Turbidimetre_TintometerMicroIR.gif","type":"image\/gif"}],"twitter_card":"summary_large_image","twitter_misc":{"Gesch\u00e4tzte Lesezeit":"1\u00a0Minute"},"schema":{"@context":"https:\/\/schema.org","@graph":[{"@type":"WebPage","@id":"https:\/\/sysmatec.ch\/de\/produit\/mobiles-truebungsmessgeraet-micro-ir\/","url":"https:\/\/sysmatec.ch\/de\/produit\/mobiles-truebungsmessgeraet-micro-ir\/","name":"Mobiles Tr\u00fcbungsmessger\u00e4t MICRO IR - Sysmatec","isPartOf":{"@id":"https:\/\/sysmatec.ch\/de\/#website"},"primaryImageOfPage":{"@id":"https:\/\/sysmatec.ch\/de\/produit\/mobiles-truebungsmessgeraet-micro-ir\/#primaryimage"},"image":{"@id":"https:\/\/sysmatec.ch\/de\/produit\/mobiles-truebungsmessgeraet-micro-ir\/#primaryimage"},"thumbnailUrl":"https:\/\/sysmatec.ch\/wp-content\/uploads\/2019\/06\/Turbidimetre_TintometerMicroIR.gif","datePublished":"2019-06-11T18:43:18+00:00","dateModified":"2022-01-07T17:03:33+00:00","description":"Tragbares Tr\u00fcbungsmessger\u00e4t mit Infrarotlichtquelle zur Messung der Tr\u00fcbung in einem Bereich von 0 bis 1100 NTU.","breadcrumb":{"@id":"https:\/\/sysmatec.ch\/de\/produit\/mobiles-truebungsmessgeraet-micro-ir\/#breadcrumb"},"inLanguage":"de","potentialAction":[{"@type":"ReadAction","target":["https:\/\/sysmatec.ch\/de\/produit\/mobiles-truebungsmessgeraet-micro-ir\/"]}]},{"@type":"ImageObject","inLanguage":"de","@id":"https:\/\/sysmatec.ch\/de\/produit\/mobiles-truebungsmessgeraet-micro-ir\/#primaryimage","url":"https:\/\/sysmatec.ch\/wp-content\/uploads\/2019\/06\/Turbidimetre_TintometerMicroIR.gif","contentUrl":"https:\/\/sysmatec.ch\/wp-content\/uploads\/2019\/06\/Turbidimetre_TintometerMicroIR.gif","width":114,"height":114},{"@type":"BreadcrumbList","@id":"https:\/\/sysmatec.ch\/de\/produit\/mobiles-truebungsmessgeraet-micro-ir\/#breadcrumb","itemListElement":[{"@type":"ListItem","position":1,"name":"Accueil","item":"https:\/\/sysmatec.ch\/de\/"},{"@type":"ListItem","position":2,"name":"Die Aktivit\u00e4t von Sysmatec","item":"https:\/\/sysmatec.ch\/de\/"},{"@type":"ListItem","position":3,"name":"Mobiles Tr\u00fcbungsmessger\u00e4t MICRO IR"}]},{"@type":"WebSite","@id":"https:\/\/sysmatec.ch\/de\/#website","url":"https:\/\/sysmatec.ch\/de\/","name":"Sysmatec","description":"Equipement de laboratoire et logiciels","publisher":{"@id":"https:\/\/sysmatec.ch\/de\/#organization"},"potentialAction":[{"@type":"SearchAction","target":{"@type":"EntryPoint","urlTemplate":"https:\/\/sysmatec.ch\/de\/?s={search_term_string}"},"query-input":{"@type":"PropertyValueSpecification","valueRequired":true,"valueName":"search_term_string"}}],"inLanguage":"de"},{"@type":"Organization","@id":"https:\/\/sysmatec.ch\/de\/#organization","name":"Sysmatec","url":"https:\/\/sysmatec.ch\/de\/","logo":{"@type":"ImageObject","inLanguage":"de","@id":"https:\/\/sysmatec.ch\/de\/#\/schema\/logo\/image\/","url":"https:\/\/sysmatec.ch\/wp-content\/uploads\/2018\/11\/LogoSysmatec.jpg","contentUrl":"https:\/\/sysmatec.ch\/wp-content\/uploads\/2018\/11\/LogoSysmatec.jpg","width":301,"height":297,"caption":"Sysmatec"},"image":{"@id":"https:\/\/sysmatec.ch\/de\/#\/schema\/logo\/image\/"}}]}},"_links":{"self":[{"href":"https:\/\/sysmatec.ch\/de\/wp-json\/wp\/v2\/product\/6630","targetHints":{"allow":["GET"]}}],"collection":[{"href":"https:\/\/sysmatec.ch\/de\/wp-json\/wp\/v2\/product"}],"about":[{"href":"https:\/\/sysmatec.ch\/de\/wp-json\/wp\/v2\/types\/product"}],"wp:featuredmedia":[{"embeddable":true,"href":"https:\/\/sysmatec.ch\/de\/wp-json\/wp\/v2\/media\/6628"}],"wp:attachment":[{"href":"https:\/\/sysmatec.ch\/de\/wp-json\/wp\/v2\/media?parent=6630"}],"wp:term":[{"taxonomy":"product_brand","embeddable":true,"href":"https:\/\/sysmatec.ch\/de\/wp-json\/wp\/v2\/product_brand?post=6630"},{"taxonomy":"product_cat","embeddable":true,"href":"https:\/\/sysmatec.ch\/de\/wp-json\/wp\/v2\/product_cat?post=6630"},{"taxonomy":"product_tag","embeddable":true,"href":"https:\/\/sysmatec.ch\/de\/wp-json\/wp\/v2\/product_tag?post=6630"}],"curies":[{"name":"wp","href":"https:\/\/api.w.org\/{rel}","templated":true}]}}