{"id":6624,"date":"2019-06-11T20:35:08","date_gmt":"2019-06-11T18:35:08","guid":{"rendered":"https:\/\/sysmatec.ch\/produit\/systeme-de-turbidimetrie-a-fibre-optique-as82-af46-s\/"},"modified":"2022-01-07T18:08:45","modified_gmt":"2022-01-07T17:08:45","slug":"lichtleiter-truebungsmesssystem-as82-af46-s","status":"publish","type":"product","link":"https:\/\/sysmatec.ch\/de\/Produkt\/lichtleiter-truebungsmesssystem-as82-af46-s\/","title":{"rendered":"Lichtleiter-Tr\u00fcbungsmesssystem AS82 \/ AF46 S"},"content":{"rendered":"<ul>\n<li>Streulichtmessung<\/li>\n<li>Fremdlichtkompensation<\/li>\n<li>Infrarotmesssystem<\/li>\n<li>Hochpr\u00e4zise Glasfaseroptik<\/li>\n<li>Breiter linearer Messbereich<\/li>\n<li>Hohe Messempfindlichkeit<\/li>\n<li>F\u00fcr Online-Messungen ausgelegt<\/li>\n<li>Messsonde sterilisierbar bzw. autoklavierbar<\/li>\n<li>Biologisch inert<\/li>\n<li>Reproduzierbare Ergebnisse<\/li>\n<li>Sensor: Normausf\u00fchrung 25 mm Stutzen, Stabausf\u00fchrung 19 mm Stutzen<\/li>\n<li>Einfache Eichung<\/li>\n<li>Digitalanzeige 0 &#8211; 100 %<\/li>\n<li>Analogausgang 0\/4 &#8211; 20 mA<\/li>\n<li>Anwendung: Zelldichte-Wachstumskurven in Fermenter oder Bioreaktor, Flockung, Tr\u00fcbung, Kristallisations\u00fcberwachung, Filter\u00fcberwachung, Feststoffbestimmung<\/li>\n<li>Messprinzip: Die von einem geregelten IR-Sender in den Sendelichtleiter(1) eingekoppelte Infrarotstrahlung wird durch die Sonde von zwei Seiten ins Medium abgestrahlt. Mit einer hochpr\u00e4zisen Empfangsoptik (2) wird das r\u00fcckw\u00e4rtsgestreute IR durch den Empf\u00e4ngerlichtleiter (3) gemessen.<\/li>\n<\/ul>\n","protected":false},"excerpt":{"rendered":"<p>Lichtleiter-Tr\u00fcbungsmesssystem f\u00fcr fermenter.<\/p>\n","protected":false},"featured_media":6619,"template":"","meta":{"_crdt_document":""},"product_brand":[],"product_cat":[227],"product_tag":[],"class_list":{"0":"post-6624","1":"product","2":"type-product","3":"status-publish","4":"has-post-thumbnail","6":"product_cat-truebungsmessung","8":"first","9":"instock","10":"taxable","11":"shipping-taxable","12":"product-type-simple"},"yoast_head":"<!-- This site is optimized with the Yoast SEO plugin v27.3 - https:\/\/yoast.com\/product\/yoast-seo-wordpress\/ -->\n<title>Lichtleiter-Tr\u00fcbungsmesssystem AS82 \/ AF46 S - Sysmatec<\/title>\n<meta name=\"description\" content=\"Tr\u00fcbungsmessung mit einer Sonde. Verwendbar f\u00fcr Fermentationen f\u00fcr Online-Messungen, da sterilisierbar.\" \/>\n<meta name=\"robots\" content=\"index, follow, max-snippet:-1, max-image-preview:large, max-video-preview:-1\" \/>\n<link rel=\"canonical\" href=\"https:\/\/sysmatec.ch\/de\/produit\/lichtleiter-truebungsmesssystem-as82-af46-s\/\" \/>\n<meta property=\"og:locale\" content=\"de_DE\" \/>\n<meta property=\"og:type\" content=\"article\" \/>\n<meta property=\"og:title\" content=\"Lichtleiter-Tr\u00fcbungsmesssystem AS82 \/ AF46 S - Sysmatec\" \/>\n<meta property=\"og:description\" content=\"Tr\u00fcbungsmessung mit einer Sonde. Verwendbar f\u00fcr Fermentationen f\u00fcr Online-Messungen, da sterilisierbar.\" \/>\n<meta property=\"og:url\" content=\"https:\/\/sysmatec.ch\/de\/produit\/lichtleiter-truebungsmesssystem-as82-af46-s\/\" \/>\n<meta property=\"og:site_name\" content=\"Sysmatec\" \/>\n<meta property=\"article:modified_time\" content=\"2022-01-07T17:08:45+00:00\" \/>\n<meta property=\"og:image\" content=\"https:\/\/sysmatec.ch\/wp-content\/uploads\/2019\/06\/Turbidimetre_Aquasant1.jpg\" \/>\n\t<meta property=\"og:image:width\" content=\"187\" \/>\n\t<meta property=\"og:image:height\" content=\"133\" \/>\n\t<meta property=\"og:image:type\" content=\"image\/jpeg\" \/>\n<meta name=\"twitter:card\" content=\"summary_large_image\" \/>\n<script type=\"application\/ld+json\" class=\"yoast-schema-graph\">{\"@context\":\"https:\\\/\\\/schema.org\",\"@graph\":[{\"@type\":\"WebPage\",\"@id\":\"https:\\\/\\\/sysmatec.ch\\\/de\\\/produit\\\/lichtleiter-truebungsmesssystem-as82-af46-s\\\/\",\"url\":\"https:\\\/\\\/sysmatec.ch\\\/de\\\/produit\\\/lichtleiter-truebungsmesssystem-as82-af46-s\\\/\",\"name\":\"Lichtleiter-Tr\u00fcbungsmesssystem AS82 \\\/ AF46 S - Sysmatec\",\"isPartOf\":{\"@id\":\"https:\\\/\\\/sysmatec.ch\\\/de\\\/#website\"},\"primaryImageOfPage\":{\"@id\":\"https:\\\/\\\/sysmatec.ch\\\/de\\\/produit\\\/lichtleiter-truebungsmesssystem-as82-af46-s\\\/#primaryimage\"},\"image\":{\"@id\":\"https:\\\/\\\/sysmatec.ch\\\/de\\\/produit\\\/lichtleiter-truebungsmesssystem-as82-af46-s\\\/#primaryimage\"},\"thumbnailUrl\":\"https:\\\/\\\/sysmatec.ch\\\/wp-content\\\/uploads\\\/2019\\\/06\\\/Turbidimetre_Aquasant1.jpg\",\"datePublished\":\"2019-06-11T18:35:08+00:00\",\"dateModified\":\"2022-01-07T17:08:45+00:00\",\"description\":\"Tr\u00fcbungsmessung mit einer Sonde. Verwendbar f\u00fcr Fermentationen f\u00fcr Online-Messungen, da sterilisierbar.\",\"breadcrumb\":{\"@id\":\"https:\\\/\\\/sysmatec.ch\\\/de\\\/produit\\\/lichtleiter-truebungsmesssystem-as82-af46-s\\\/#breadcrumb\"},\"inLanguage\":\"de\",\"potentialAction\":[{\"@type\":\"ReadAction\",\"target\":[\"https:\\\/\\\/sysmatec.ch\\\/de\\\/produit\\\/lichtleiter-truebungsmesssystem-as82-af46-s\\\/\"]}]},{\"@type\":\"ImageObject\",\"inLanguage\":\"de\",\"@id\":\"https:\\\/\\\/sysmatec.ch\\\/de\\\/produit\\\/lichtleiter-truebungsmesssystem-as82-af46-s\\\/#primaryimage\",\"url\":\"https:\\\/\\\/sysmatec.ch\\\/wp-content\\\/uploads\\\/2019\\\/06\\\/Turbidimetre_Aquasant1.jpg\",\"contentUrl\":\"https:\\\/\\\/sysmatec.ch\\\/wp-content\\\/uploads\\\/2019\\\/06\\\/Turbidimetre_Aquasant1.jpg\",\"width\":187,\"height\":133},{\"@type\":\"BreadcrumbList\",\"@id\":\"https:\\\/\\\/sysmatec.ch\\\/de\\\/produit\\\/lichtleiter-truebungsmesssystem-as82-af46-s\\\/#breadcrumb\",\"itemListElement\":[{\"@type\":\"ListItem\",\"position\":1,\"name\":\"Accueil\",\"item\":\"https:\\\/\\\/sysmatec.ch\\\/de\\\/\"},{\"@type\":\"ListItem\",\"position\":2,\"name\":\"Die Aktivit\u00e4t von Sysmatec\",\"item\":\"https:\\\/\\\/sysmatec.ch\\\/de\\\/\"},{\"@type\":\"ListItem\",\"position\":3,\"name\":\"Lichtleiter-Tr\u00fcbungsmesssystem AS82 \\\/ AF46 S\"}]},{\"@type\":\"WebSite\",\"@id\":\"https:\\\/\\\/sysmatec.ch\\\/de\\\/#website\",\"url\":\"https:\\\/\\\/sysmatec.ch\\\/de\\\/\",\"name\":\"Sysmatec\",\"description\":\"Equipement de laboratoire et logiciels\",\"publisher\":{\"@id\":\"https:\\\/\\\/sysmatec.ch\\\/de\\\/#organization\"},\"potentialAction\":[{\"@type\":\"SearchAction\",\"target\":{\"@type\":\"EntryPoint\",\"urlTemplate\":\"https:\\\/\\\/sysmatec.ch\\\/de\\\/?s={search_term_string}\"},\"query-input\":{\"@type\":\"PropertyValueSpecification\",\"valueRequired\":true,\"valueName\":\"search_term_string\"}}],\"inLanguage\":\"de\"},{\"@type\":\"Organization\",\"@id\":\"https:\\\/\\\/sysmatec.ch\\\/de\\\/#organization\",\"name\":\"Sysmatec\",\"url\":\"https:\\\/\\\/sysmatec.ch\\\/de\\\/\",\"logo\":{\"@type\":\"ImageObject\",\"inLanguage\":\"de\",\"@id\":\"https:\\\/\\\/sysmatec.ch\\\/de\\\/#\\\/schema\\\/logo\\\/image\\\/\",\"url\":\"https:\\\/\\\/sysmatec.ch\\\/wp-content\\\/uploads\\\/2018\\\/11\\\/LogoSysmatec.jpg\",\"contentUrl\":\"https:\\\/\\\/sysmatec.ch\\\/wp-content\\\/uploads\\\/2018\\\/11\\\/LogoSysmatec.jpg\",\"width\":301,\"height\":297,\"caption\":\"Sysmatec\"},\"image\":{\"@id\":\"https:\\\/\\\/sysmatec.ch\\\/de\\\/#\\\/schema\\\/logo\\\/image\\\/\"}}]}<\/script>\n<!-- \/ Yoast SEO plugin. -->","yoast_head_json":{"title":"Lichtleiter-Tr\u00fcbungsmesssystem AS82 \/ AF46 S - Sysmatec","description":"Tr\u00fcbungsmessung mit einer Sonde. Verwendbar f\u00fcr Fermentationen f\u00fcr Online-Messungen, da sterilisierbar.","robots":{"index":"index","follow":"follow","max-snippet":"max-snippet:-1","max-image-preview":"max-image-preview:large","max-video-preview":"max-video-preview:-1"},"canonical":"https:\/\/sysmatec.ch\/de\/produit\/lichtleiter-truebungsmesssystem-as82-af46-s\/","og_locale":"de_DE","og_type":"article","og_title":"Lichtleiter-Tr\u00fcbungsmesssystem AS82 \/ AF46 S - Sysmatec","og_description":"Tr\u00fcbungsmessung mit einer Sonde. Verwendbar f\u00fcr Fermentationen f\u00fcr Online-Messungen, da sterilisierbar.","og_url":"https:\/\/sysmatec.ch\/de\/produit\/lichtleiter-truebungsmesssystem-as82-af46-s\/","og_site_name":"Sysmatec","article_modified_time":"2022-01-07T17:08:45+00:00","og_image":[{"width":187,"height":133,"url":"https:\/\/sysmatec.ch\/wp-content\/uploads\/2019\/06\/Turbidimetre_Aquasant1.jpg","type":"image\/jpeg"}],"twitter_card":"summary_large_image","schema":{"@context":"https:\/\/schema.org","@graph":[{"@type":"WebPage","@id":"https:\/\/sysmatec.ch\/de\/produit\/lichtleiter-truebungsmesssystem-as82-af46-s\/","url":"https:\/\/sysmatec.ch\/de\/produit\/lichtleiter-truebungsmesssystem-as82-af46-s\/","name":"Lichtleiter-Tr\u00fcbungsmesssystem AS82 \/ AF46 S - Sysmatec","isPartOf":{"@id":"https:\/\/sysmatec.ch\/de\/#website"},"primaryImageOfPage":{"@id":"https:\/\/sysmatec.ch\/de\/produit\/lichtleiter-truebungsmesssystem-as82-af46-s\/#primaryimage"},"image":{"@id":"https:\/\/sysmatec.ch\/de\/produit\/lichtleiter-truebungsmesssystem-as82-af46-s\/#primaryimage"},"thumbnailUrl":"https:\/\/sysmatec.ch\/wp-content\/uploads\/2019\/06\/Turbidimetre_Aquasant1.jpg","datePublished":"2019-06-11T18:35:08+00:00","dateModified":"2022-01-07T17:08:45+00:00","description":"Tr\u00fcbungsmessung mit einer Sonde. Verwendbar f\u00fcr Fermentationen f\u00fcr Online-Messungen, da sterilisierbar.","breadcrumb":{"@id":"https:\/\/sysmatec.ch\/de\/produit\/lichtleiter-truebungsmesssystem-as82-af46-s\/#breadcrumb"},"inLanguage":"de","potentialAction":[{"@type":"ReadAction","target":["https:\/\/sysmatec.ch\/de\/produit\/lichtleiter-truebungsmesssystem-as82-af46-s\/"]}]},{"@type":"ImageObject","inLanguage":"de","@id":"https:\/\/sysmatec.ch\/de\/produit\/lichtleiter-truebungsmesssystem-as82-af46-s\/#primaryimage","url":"https:\/\/sysmatec.ch\/wp-content\/uploads\/2019\/06\/Turbidimetre_Aquasant1.jpg","contentUrl":"https:\/\/sysmatec.ch\/wp-content\/uploads\/2019\/06\/Turbidimetre_Aquasant1.jpg","width":187,"height":133},{"@type":"BreadcrumbList","@id":"https:\/\/sysmatec.ch\/de\/produit\/lichtleiter-truebungsmesssystem-as82-af46-s\/#breadcrumb","itemListElement":[{"@type":"ListItem","position":1,"name":"Accueil","item":"https:\/\/sysmatec.ch\/de\/"},{"@type":"ListItem","position":2,"name":"Die Aktivit\u00e4t von Sysmatec","item":"https:\/\/sysmatec.ch\/de\/"},{"@type":"ListItem","position":3,"name":"Lichtleiter-Tr\u00fcbungsmesssystem AS82 \/ AF46 S"}]},{"@type":"WebSite","@id":"https:\/\/sysmatec.ch\/de\/#website","url":"https:\/\/sysmatec.ch\/de\/","name":"Sysmatec","description":"Equipement de laboratoire et logiciels","publisher":{"@id":"https:\/\/sysmatec.ch\/de\/#organization"},"potentialAction":[{"@type":"SearchAction","target":{"@type":"EntryPoint","urlTemplate":"https:\/\/sysmatec.ch\/de\/?s={search_term_string}"},"query-input":{"@type":"PropertyValueSpecification","valueRequired":true,"valueName":"search_term_string"}}],"inLanguage":"de"},{"@type":"Organization","@id":"https:\/\/sysmatec.ch\/de\/#organization","name":"Sysmatec","url":"https:\/\/sysmatec.ch\/de\/","logo":{"@type":"ImageObject","inLanguage":"de","@id":"https:\/\/sysmatec.ch\/de\/#\/schema\/logo\/image\/","url":"https:\/\/sysmatec.ch\/wp-content\/uploads\/2018\/11\/LogoSysmatec.jpg","contentUrl":"https:\/\/sysmatec.ch\/wp-content\/uploads\/2018\/11\/LogoSysmatec.jpg","width":301,"height":297,"caption":"Sysmatec"},"image":{"@id":"https:\/\/sysmatec.ch\/de\/#\/schema\/logo\/image\/"}}]}},"_links":{"self":[{"href":"https:\/\/sysmatec.ch\/de\/wp-json\/wp\/v2\/product\/6624","targetHints":{"allow":["GET"]}}],"collection":[{"href":"https:\/\/sysmatec.ch\/de\/wp-json\/wp\/v2\/product"}],"about":[{"href":"https:\/\/sysmatec.ch\/de\/wp-json\/wp\/v2\/types\/product"}],"wp:featuredmedia":[{"embeddable":true,"href":"https:\/\/sysmatec.ch\/de\/wp-json\/wp\/v2\/media\/6619"}],"wp:attachment":[{"href":"https:\/\/sysmatec.ch\/de\/wp-json\/wp\/v2\/media?parent=6624"}],"wp:term":[{"taxonomy":"product_brand","embeddable":true,"href":"https:\/\/sysmatec.ch\/de\/wp-json\/wp\/v2\/product_brand?post=6624"},{"taxonomy":"product_cat","embeddable":true,"href":"https:\/\/sysmatec.ch\/de\/wp-json\/wp\/v2\/product_cat?post=6624"},{"taxonomy":"product_tag","embeddable":true,"href":"https:\/\/sysmatec.ch\/de\/wp-json\/wp\/v2\/product_tag?post=6624"}],"curies":[{"name":"wp","href":"https:\/\/api.w.org\/{rel}","templated":true}]}}