{"id":6597,"date":"2019-06-04T21:29:10","date_gmt":"2019-06-04T19:29:10","guid":{"rendered":"https:\/\/sysmatec.ch\/produit\/source-lumineuse-xenon-pulse-px2\/"},"modified":"2022-01-07T18:42:03","modified_gmt":"2022-01-07T17:42:03","slug":"gepulste-xenon-lichtquelle-px2","status":"publish","type":"product","link":"https:\/\/sysmatec.ch\/de\/Produkt\/gepulste-xenon-lichtquelle-px2\/","title":{"rendered":"Gepulste Xenon-Lichtquelle PX2"},"content":{"rendered":"<p>hohe Blitzrate, Xenon-Lampe f\u00fcr den UV (220-750 nm)<\/p>\n<p>Der PX-2 arbeitet mit einer Geschwindigkeiten bis zu 220 Hz, bietet eine hervorragende Impuls- Stabilit\u00e4t und hat zwei Trigger-Modi f\u00fcr die Software-Steuerung der Blitzrate.<\/p>\n<p>Die Blinkfrequenz wird durch Ver\u00e4nderung der Integrationszeit ge\u00e4ndert. Weil es ein gepulstes Signal erzeugt, das PX-2 ist weniger empfindlich zu Solarisation in Glasfaser, die auftreten, wenn Fasern mit Signal &lt;300 nm beleuchtet werden.<\/p>\n<h2>Spezifikation der Lichtquelle<\/h2>\n<ul>\n<li>Spektralbereich: 220-750 nm<\/li>\n<li>Ungef\u00e4hre Abmessungen: 140 mm x 105 mm x 40 mm (LBH)<\/li>\n<li>Leistungsaufnahme: 1,3 A bei 11V und 220 Hz, 100 mA bei 12 V und 10 Hz<\/li>\n<li>Triggereingang: externe TTL positive Impuls \u00fcber 15-poligen Stecker<\/li>\n<li>Leistung: 45 Mikrojoule pro Puls maximal, 9.9 Watt mittlerer Leistung von Gl\u00fchlampen, 220 Hz Pulsfrequenz maximal<\/li>\n<li>Impulsdauer: 5 Mikrosekunden (bei 1 \/ 3 H\u00f6he des Pulses)<\/li>\n<li>Lebensdauer: ca 230 Tage Dauerbetrieb bei 50 Hz Pulsfrequenz<\/li>\n<li>Oeffnung: 3 mm<\/li>\n<li>Anschluss: SMA 905<\/li>\n<li>Timing-Signale zur Verf\u00fcgung: Multiple-Modus: bis zu 220 Hz (je nach A \/ D Abtastfrequenz); Single-Modus: je nach Abtastrate<\/li>\n<\/ul>\n","protected":false},"excerpt":{"rendered":"<p>Gepulste Xenon-Lichtquelle f\u00fcr den Bereich 220-750 nm.<\/p>\n","protected":false},"featured_media":6595,"template":"","meta":{"_crdt_document":""},"product_brand":[],"product_cat":[224],"product_tag":[],"class_list":{"0":"post-6597","1":"product","2":"type-product","3":"status-publish","4":"has-post-thumbnail","6":"product_cat-spektrophotometer","8":"first","9":"instock","10":"taxable","11":"shipping-taxable","12":"product-type-simple"},"yoast_head":"<!-- This site is optimized with the Yoast SEO plugin v27.4 - https:\/\/yoast.com\/product\/yoast-seo-wordpress\/ -->\n<title>Gepulste Xenon-Lichtquelle PX2 - Sysmatec<\/title>\n<meta name=\"description\" content=\"Lichtquelle f\u00fcr Spektralphotometer. Es besteht aus einer Xenonlampe. Es erm\u00f6glicht Wellenl\u00e4ngen im Bereich von 220-750 nm zu erhalten.\" \/>\n<meta name=\"robots\" content=\"index, follow, max-snippet:-1, max-image-preview:large, max-video-preview:-1\" \/>\n<link rel=\"canonical\" href=\"https:\/\/sysmatec.ch\/de\/produit\/gepulste-xenon-lichtquelle-px2\/\" \/>\n<meta property=\"og:locale\" content=\"de_DE\" \/>\n<meta property=\"og:type\" content=\"article\" \/>\n<meta property=\"og:title\" content=\"Gepulste Xenon-Lichtquelle PX2 - Sysmatec\" \/>\n<meta property=\"og:description\" content=\"Lichtquelle f\u00fcr Spektralphotometer. Es besteht aus einer Xenonlampe. Es erm\u00f6glicht Wellenl\u00e4ngen im Bereich von 220-750 nm zu erhalten.\" \/>\n<meta property=\"og:url\" content=\"https:\/\/sysmatec.ch\/de\/produit\/gepulste-xenon-lichtquelle-px2\/\" \/>\n<meta property=\"og:site_name\" content=\"Sysmatec\" \/>\n<meta property=\"article:modified_time\" content=\"2022-01-07T17:42:03+00:00\" \/>\n<meta property=\"og:image\" content=\"https:\/\/sysmatec.ch\/wp-content\/uploads\/2019\/06\/Spectrophotometre_OceanOpticsPX2.jpg\" \/>\n\t<meta property=\"og:image:width\" content=\"201\" \/>\n\t<meta property=\"og:image:height\" content=\"157\" \/>\n\t<meta property=\"og:image:type\" content=\"image\/jpeg\" \/>\n<meta name=\"twitter:card\" content=\"summary_large_image\" \/>\n<meta name=\"twitter:label1\" content=\"Gesch\u00e4tzte Lesezeit\" \/>\n\t<meta name=\"twitter:data1\" content=\"1\u00a0Minute\" \/>\n<script type=\"application\/ld+json\" class=\"yoast-schema-graph\">{\"@context\":\"https:\\\/\\\/schema.org\",\"@graph\":[{\"@type\":\"WebPage\",\"@id\":\"https:\\\/\\\/sysmatec.ch\\\/de\\\/produit\\\/gepulste-xenon-lichtquelle-px2\\\/\",\"url\":\"https:\\\/\\\/sysmatec.ch\\\/de\\\/produit\\\/gepulste-xenon-lichtquelle-px2\\\/\",\"name\":\"Gepulste Xenon-Lichtquelle PX2 - Sysmatec\",\"isPartOf\":{\"@id\":\"https:\\\/\\\/sysmatec.ch\\\/de\\\/#website\"},\"primaryImageOfPage\":{\"@id\":\"https:\\\/\\\/sysmatec.ch\\\/de\\\/produit\\\/gepulste-xenon-lichtquelle-px2\\\/#primaryimage\"},\"image\":{\"@id\":\"https:\\\/\\\/sysmatec.ch\\\/de\\\/produit\\\/gepulste-xenon-lichtquelle-px2\\\/#primaryimage\"},\"thumbnailUrl\":\"https:\\\/\\\/sysmatec.ch\\\/wp-content\\\/uploads\\\/2019\\\/06\\\/Spectrophotometre_OceanOpticsPX2.jpg\",\"datePublished\":\"2019-06-04T19:29:10+00:00\",\"dateModified\":\"2022-01-07T17:42:03+00:00\",\"description\":\"Lichtquelle f\u00fcr Spektralphotometer. Es besteht aus einer Xenonlampe. Es erm\u00f6glicht Wellenl\u00e4ngen im Bereich von 220-750 nm zu erhalten.\",\"breadcrumb\":{\"@id\":\"https:\\\/\\\/sysmatec.ch\\\/de\\\/produit\\\/gepulste-xenon-lichtquelle-px2\\\/#breadcrumb\"},\"inLanguage\":\"de\",\"potentialAction\":[{\"@type\":\"ReadAction\",\"target\":[\"https:\\\/\\\/sysmatec.ch\\\/de\\\/produit\\\/gepulste-xenon-lichtquelle-px2\\\/\"]}]},{\"@type\":\"ImageObject\",\"inLanguage\":\"de\",\"@id\":\"https:\\\/\\\/sysmatec.ch\\\/de\\\/produit\\\/gepulste-xenon-lichtquelle-px2\\\/#primaryimage\",\"url\":\"https:\\\/\\\/sysmatec.ch\\\/wp-content\\\/uploads\\\/2019\\\/06\\\/Spectrophotometre_OceanOpticsPX2.jpg\",\"contentUrl\":\"https:\\\/\\\/sysmatec.ch\\\/wp-content\\\/uploads\\\/2019\\\/06\\\/Spectrophotometre_OceanOpticsPX2.jpg\",\"width\":201,\"height\":157},{\"@type\":\"BreadcrumbList\",\"@id\":\"https:\\\/\\\/sysmatec.ch\\\/de\\\/produit\\\/gepulste-xenon-lichtquelle-px2\\\/#breadcrumb\",\"itemListElement\":[{\"@type\":\"ListItem\",\"position\":1,\"name\":\"Accueil\",\"item\":\"https:\\\/\\\/sysmatec.ch\\\/de\\\/\"},{\"@type\":\"ListItem\",\"position\":2,\"name\":\"Die Aktivit\u00e4t von Sysmatec\",\"item\":\"https:\\\/\\\/sysmatec.ch\\\/de\\\/\"},{\"@type\":\"ListItem\",\"position\":3,\"name\":\"Gepulste Xenon-Lichtquelle PX2\"}]},{\"@type\":\"WebSite\",\"@id\":\"https:\\\/\\\/sysmatec.ch\\\/de\\\/#website\",\"url\":\"https:\\\/\\\/sysmatec.ch\\\/de\\\/\",\"name\":\"Sysmatec\",\"description\":\"Equipement de laboratoire et logiciels\",\"publisher\":{\"@id\":\"https:\\\/\\\/sysmatec.ch\\\/de\\\/#organization\"},\"potentialAction\":[{\"@type\":\"SearchAction\",\"target\":{\"@type\":\"EntryPoint\",\"urlTemplate\":\"https:\\\/\\\/sysmatec.ch\\\/de\\\/?s={search_term_string}\"},\"query-input\":{\"@type\":\"PropertyValueSpecification\",\"valueRequired\":true,\"valueName\":\"search_term_string\"}}],\"inLanguage\":\"de\"},{\"@type\":\"Organization\",\"@id\":\"https:\\\/\\\/sysmatec.ch\\\/de\\\/#organization\",\"name\":\"Sysmatec\",\"url\":\"https:\\\/\\\/sysmatec.ch\\\/de\\\/\",\"logo\":{\"@type\":\"ImageObject\",\"inLanguage\":\"de\",\"@id\":\"https:\\\/\\\/sysmatec.ch\\\/de\\\/#\\\/schema\\\/logo\\\/image\\\/\",\"url\":\"https:\\\/\\\/sysmatec.ch\\\/wp-content\\\/uploads\\\/2018\\\/11\\\/LogoSysmatec.jpg\",\"contentUrl\":\"https:\\\/\\\/sysmatec.ch\\\/wp-content\\\/uploads\\\/2018\\\/11\\\/LogoSysmatec.jpg\",\"width\":301,\"height\":297,\"caption\":\"Sysmatec\"},\"image\":{\"@id\":\"https:\\\/\\\/sysmatec.ch\\\/de\\\/#\\\/schema\\\/logo\\\/image\\\/\"}}]}<\/script>\n<!-- \/ Yoast SEO plugin. -->","yoast_head_json":{"title":"Gepulste Xenon-Lichtquelle PX2 - Sysmatec","description":"Lichtquelle f\u00fcr Spektralphotometer. Es besteht aus einer Xenonlampe. Es erm\u00f6glicht Wellenl\u00e4ngen im Bereich von 220-750 nm zu erhalten.","robots":{"index":"index","follow":"follow","max-snippet":"max-snippet:-1","max-image-preview":"max-image-preview:large","max-video-preview":"max-video-preview:-1"},"canonical":"https:\/\/sysmatec.ch\/de\/produit\/gepulste-xenon-lichtquelle-px2\/","og_locale":"de_DE","og_type":"article","og_title":"Gepulste Xenon-Lichtquelle PX2 - Sysmatec","og_description":"Lichtquelle f\u00fcr Spektralphotometer. Es besteht aus einer Xenonlampe. Es erm\u00f6glicht Wellenl\u00e4ngen im Bereich von 220-750 nm zu erhalten.","og_url":"https:\/\/sysmatec.ch\/de\/produit\/gepulste-xenon-lichtquelle-px2\/","og_site_name":"Sysmatec","article_modified_time":"2022-01-07T17:42:03+00:00","og_image":[{"width":201,"height":157,"url":"https:\/\/sysmatec.ch\/wp-content\/uploads\/2019\/06\/Spectrophotometre_OceanOpticsPX2.jpg","type":"image\/jpeg"}],"twitter_card":"summary_large_image","twitter_misc":{"Gesch\u00e4tzte Lesezeit":"1\u00a0Minute"},"schema":{"@context":"https:\/\/schema.org","@graph":[{"@type":"WebPage","@id":"https:\/\/sysmatec.ch\/de\/produit\/gepulste-xenon-lichtquelle-px2\/","url":"https:\/\/sysmatec.ch\/de\/produit\/gepulste-xenon-lichtquelle-px2\/","name":"Gepulste Xenon-Lichtquelle PX2 - Sysmatec","isPartOf":{"@id":"https:\/\/sysmatec.ch\/de\/#website"},"primaryImageOfPage":{"@id":"https:\/\/sysmatec.ch\/de\/produit\/gepulste-xenon-lichtquelle-px2\/#primaryimage"},"image":{"@id":"https:\/\/sysmatec.ch\/de\/produit\/gepulste-xenon-lichtquelle-px2\/#primaryimage"},"thumbnailUrl":"https:\/\/sysmatec.ch\/wp-content\/uploads\/2019\/06\/Spectrophotometre_OceanOpticsPX2.jpg","datePublished":"2019-06-04T19:29:10+00:00","dateModified":"2022-01-07T17:42:03+00:00","description":"Lichtquelle f\u00fcr Spektralphotometer. Es besteht aus einer Xenonlampe. Es erm\u00f6glicht Wellenl\u00e4ngen im Bereich von 220-750 nm zu erhalten.","breadcrumb":{"@id":"https:\/\/sysmatec.ch\/de\/produit\/gepulste-xenon-lichtquelle-px2\/#breadcrumb"},"inLanguage":"de","potentialAction":[{"@type":"ReadAction","target":["https:\/\/sysmatec.ch\/de\/produit\/gepulste-xenon-lichtquelle-px2\/"]}]},{"@type":"ImageObject","inLanguage":"de","@id":"https:\/\/sysmatec.ch\/de\/produit\/gepulste-xenon-lichtquelle-px2\/#primaryimage","url":"https:\/\/sysmatec.ch\/wp-content\/uploads\/2019\/06\/Spectrophotometre_OceanOpticsPX2.jpg","contentUrl":"https:\/\/sysmatec.ch\/wp-content\/uploads\/2019\/06\/Spectrophotometre_OceanOpticsPX2.jpg","width":201,"height":157},{"@type":"BreadcrumbList","@id":"https:\/\/sysmatec.ch\/de\/produit\/gepulste-xenon-lichtquelle-px2\/#breadcrumb","itemListElement":[{"@type":"ListItem","position":1,"name":"Accueil","item":"https:\/\/sysmatec.ch\/de\/"},{"@type":"ListItem","position":2,"name":"Die Aktivit\u00e4t von Sysmatec","item":"https:\/\/sysmatec.ch\/de\/"},{"@type":"ListItem","position":3,"name":"Gepulste Xenon-Lichtquelle PX2"}]},{"@type":"WebSite","@id":"https:\/\/sysmatec.ch\/de\/#website","url":"https:\/\/sysmatec.ch\/de\/","name":"Sysmatec","description":"Equipement de laboratoire et logiciels","publisher":{"@id":"https:\/\/sysmatec.ch\/de\/#organization"},"potentialAction":[{"@type":"SearchAction","target":{"@type":"EntryPoint","urlTemplate":"https:\/\/sysmatec.ch\/de\/?s={search_term_string}"},"query-input":{"@type":"PropertyValueSpecification","valueRequired":true,"valueName":"search_term_string"}}],"inLanguage":"de"},{"@type":"Organization","@id":"https:\/\/sysmatec.ch\/de\/#organization","name":"Sysmatec","url":"https:\/\/sysmatec.ch\/de\/","logo":{"@type":"ImageObject","inLanguage":"de","@id":"https:\/\/sysmatec.ch\/de\/#\/schema\/logo\/image\/","url":"https:\/\/sysmatec.ch\/wp-content\/uploads\/2018\/11\/LogoSysmatec.jpg","contentUrl":"https:\/\/sysmatec.ch\/wp-content\/uploads\/2018\/11\/LogoSysmatec.jpg","width":301,"height":297,"caption":"Sysmatec"},"image":{"@id":"https:\/\/sysmatec.ch\/de\/#\/schema\/logo\/image\/"}}]}},"_links":{"self":[{"href":"https:\/\/sysmatec.ch\/de\/wp-json\/wp\/v2\/product\/6597","targetHints":{"allow":["GET"]}}],"collection":[{"href":"https:\/\/sysmatec.ch\/de\/wp-json\/wp\/v2\/product"}],"about":[{"href":"https:\/\/sysmatec.ch\/de\/wp-json\/wp\/v2\/types\/product"}],"wp:featuredmedia":[{"embeddable":true,"href":"https:\/\/sysmatec.ch\/de\/wp-json\/wp\/v2\/media\/6595"}],"wp:attachment":[{"href":"https:\/\/sysmatec.ch\/de\/wp-json\/wp\/v2\/media?parent=6597"}],"wp:term":[{"taxonomy":"product_brand","embeddable":true,"href":"https:\/\/sysmatec.ch\/de\/wp-json\/wp\/v2\/product_brand?post=6597"},{"taxonomy":"product_cat","embeddable":true,"href":"https:\/\/sysmatec.ch\/de\/wp-json\/wp\/v2\/product_cat?post=6597"},{"taxonomy":"product_tag","embeddable":true,"href":"https:\/\/sysmatec.ch\/de\/wp-json\/wp\/v2\/product_tag?post=6597"}],"curies":[{"name":"wp","href":"https:\/\/api.w.org\/{rel}","templated":true}]}}