{"id":6587,"date":"2019-06-01T10:36:06","date_gmt":"2019-06-01T08:36:06","guid":{"rendered":"https:\/\/sysmatec.ch\/produit\/general-purpose-transmission-dip-probes-t300-rt-and-t200-rt\/"},"modified":"2022-01-07T18:54:09","modified_gmt":"2022-01-07T17:54:09","slug":"mehrzweck-transmission-dip-probe-t300-rt-und-t200-rt","status":"publish","type":"product","link":"https:\/\/sysmatec.ch\/de\/Produkt\/mehrzweck-transmission-dip-probe-t300-rt-und-t200-rt\/","title":{"rendered":"Mehrzweck Transmission Dip Probe T300-RT und T200-RT"},"content":{"rendered":"<p>Diese Sonden sind besonders n\u00fctzlich f\u00fcr den Einsatz in Prozessstr\u00f6men und in situ f\u00fcr Echtzeit-\u00dcberwachung.<\/p>\n<p>Sie sind besser f\u00fcr fl\u00fcssige L\u00f6sungen geeignet.<\/p>\n<p>Die Sonde hat zwei Fasern. Das Licht kommt durch eine gemeinsame Linse aus und ist auf einen Spiegel auf die Probe L\u00fccke konzentriert. Das Licht kommt zur\u00fcck durch Linse auf die Lese-Faser, die das Licht in das Spektrometer bringt.<\/p>\n<h2>Optische Sonde Spezifikation<\/h2>\n<ul>\n<li>Fasertyp T300: 300 um Solarisation-resistenten UV-VIS oder VIS-NIR<\/li>\n<li>Faser T200: 200 um VIS-NIR<\/li>\n<li>Au\u00dfendurchmesser: 6,35 mm<\/li>\n<li>Sondenl\u00e4nge: 127 mm<\/li>\n<li>Fiber L\u00e4nge: 2 m<\/li>\n<li>Verteilung: 1,0 Meter vom Ende der Sonde<\/li>\n<li>Optik: Fused Silica<\/li>\n<li>Probe Materialien: Edelstahl, Quarzglas, Epotek 353ND<\/li>\n<li>Wegl\u00e4nge: 2, 5 oder 10 mm<\/li>\n<li>Interne Materialien: Zweiter Oberfl\u00e4che Aluminium-Spiegel<\/li>\n<li>Druck: 100 psi<\/li>\n<li>Fiber Ummantelung: PVC Monocoil &#8211; PVDF zip Rohr<\/li>\n<li>Probe H\u00fclse: Edelstahl (300 Serie)<\/li>\n<li>Anschluss: SMA 905<\/li>\n<li>Betriebstemperatur: Bis zu 100 \u00ba C<\/li>\n<\/ul>\n","protected":false},"excerpt":{"rendered":"<p>Mehrzweck Transmission Dip Probe<\/p>\n","protected":false},"featured_media":6585,"template":"","meta":{"_crdt_document":""},"product_brand":[],"product_cat":[224],"product_tag":[],"class_list":{"0":"post-6587","1":"product","2":"type-product","3":"status-publish","4":"has-post-thumbnail","6":"product_cat-spektrophotometer","8":"first","9":"instock","10":"taxable","11":"shipping-taxable","12":"product-type-simple"},"yoast_head":"<!-- This site is optimized with the Yoast SEO plugin v27.4 - https:\/\/yoast.com\/product\/yoast-seo-wordpress\/ -->\n<title>Mehrzweck Transmission Dip Probe T300-RT und T200-RT - Sysmatec<\/title>\n<meta name=\"description\" content=\"Optische Sonde bestehend aus 2 Lichtwellenleitern. der von einer der Fasern kommende Lichtstrahl wird von einem Spiegel in Richtung einer anderen Faser reflektiert.\" \/>\n<meta name=\"robots\" content=\"index, follow, max-snippet:-1, max-image-preview:large, max-video-preview:-1\" \/>\n<link rel=\"canonical\" href=\"https:\/\/sysmatec.ch\/de\/produit\/mehrzweck-transmission-dip-probe-t300-rt-und-t200-rt\/\" \/>\n<meta property=\"og:locale\" content=\"de_DE\" \/>\n<meta property=\"og:type\" content=\"article\" \/>\n<meta property=\"og:title\" content=\"Mehrzweck Transmission Dip Probe T300-RT und T200-RT - Sysmatec\" \/>\n<meta property=\"og:description\" content=\"Optische Sonde bestehend aus 2 Lichtwellenleitern. der von einer der Fasern kommende Lichtstrahl wird von einem Spiegel in Richtung einer anderen Faser reflektiert.\" \/>\n<meta property=\"og:url\" content=\"https:\/\/sysmatec.ch\/de\/produit\/mehrzweck-transmission-dip-probe-t300-rt-und-t200-rt\/\" \/>\n<meta property=\"og:site_name\" content=\"Sysmatec\" \/>\n<meta property=\"article:modified_time\" content=\"2022-01-07T17:54:09+00:00\" \/>\n<meta property=\"og:image\" content=\"https:\/\/sysmatec.ch\/wp-content\/uploads\/2019\/06\/Spectrophotometer_OceanOpticsT200.jpg\" \/>\n\t<meta property=\"og:image:width\" content=\"163\" \/>\n\t<meta property=\"og:image:height\" content=\"117\" \/>\n\t<meta property=\"og:image:type\" content=\"image\/jpeg\" \/>\n<meta name=\"twitter:card\" content=\"summary_large_image\" \/>\n<meta name=\"twitter:label1\" content=\"Gesch\u00e4tzte Lesezeit\" \/>\n\t<meta name=\"twitter:data1\" content=\"1\u00a0Minute\" \/>\n<script type=\"application\/ld+json\" class=\"yoast-schema-graph\">{\"@context\":\"https:\\\/\\\/schema.org\",\"@graph\":[{\"@type\":\"WebPage\",\"@id\":\"https:\\\/\\\/sysmatec.ch\\\/de\\\/produit\\\/mehrzweck-transmission-dip-probe-t300-rt-und-t200-rt\\\/\",\"url\":\"https:\\\/\\\/sysmatec.ch\\\/de\\\/produit\\\/mehrzweck-transmission-dip-probe-t300-rt-und-t200-rt\\\/\",\"name\":\"Mehrzweck Transmission Dip Probe T300-RT und T200-RT - Sysmatec\",\"isPartOf\":{\"@id\":\"https:\\\/\\\/sysmatec.ch\\\/de\\\/#website\"},\"primaryImageOfPage\":{\"@id\":\"https:\\\/\\\/sysmatec.ch\\\/de\\\/produit\\\/mehrzweck-transmission-dip-probe-t300-rt-und-t200-rt\\\/#primaryimage\"},\"image\":{\"@id\":\"https:\\\/\\\/sysmatec.ch\\\/de\\\/produit\\\/mehrzweck-transmission-dip-probe-t300-rt-und-t200-rt\\\/#primaryimage\"},\"thumbnailUrl\":\"https:\\\/\\\/sysmatec.ch\\\/wp-content\\\/uploads\\\/2019\\\/06\\\/Spectrophotometer_OceanOpticsT200.jpg\",\"datePublished\":\"2019-06-01T08:36:06+00:00\",\"dateModified\":\"2022-01-07T17:54:09+00:00\",\"description\":\"Optische Sonde bestehend aus 2 Lichtwellenleitern. der von einer der Fasern kommende Lichtstrahl wird von einem Spiegel in Richtung einer anderen Faser reflektiert.\",\"breadcrumb\":{\"@id\":\"https:\\\/\\\/sysmatec.ch\\\/de\\\/produit\\\/mehrzweck-transmission-dip-probe-t300-rt-und-t200-rt\\\/#breadcrumb\"},\"inLanguage\":\"de\",\"potentialAction\":[{\"@type\":\"ReadAction\",\"target\":[\"https:\\\/\\\/sysmatec.ch\\\/de\\\/produit\\\/mehrzweck-transmission-dip-probe-t300-rt-und-t200-rt\\\/\"]}]},{\"@type\":\"ImageObject\",\"inLanguage\":\"de\",\"@id\":\"https:\\\/\\\/sysmatec.ch\\\/de\\\/produit\\\/mehrzweck-transmission-dip-probe-t300-rt-und-t200-rt\\\/#primaryimage\",\"url\":\"https:\\\/\\\/sysmatec.ch\\\/wp-content\\\/uploads\\\/2019\\\/06\\\/Spectrophotometer_OceanOpticsT200.jpg\",\"contentUrl\":\"https:\\\/\\\/sysmatec.ch\\\/wp-content\\\/uploads\\\/2019\\\/06\\\/Spectrophotometer_OceanOpticsT200.jpg\",\"width\":163,\"height\":117},{\"@type\":\"BreadcrumbList\",\"@id\":\"https:\\\/\\\/sysmatec.ch\\\/de\\\/produit\\\/mehrzweck-transmission-dip-probe-t300-rt-und-t200-rt\\\/#breadcrumb\",\"itemListElement\":[{\"@type\":\"ListItem\",\"position\":1,\"name\":\"Accueil\",\"item\":\"https:\\\/\\\/sysmatec.ch\\\/de\\\/\"},{\"@type\":\"ListItem\",\"position\":2,\"name\":\"Die Aktivit\u00e4t von Sysmatec\",\"item\":\"https:\\\/\\\/sysmatec.ch\\\/de\\\/\"},{\"@type\":\"ListItem\",\"position\":3,\"name\":\"Mehrzweck Transmission Dip Probe T300-RT und T200-RT\"}]},{\"@type\":\"WebSite\",\"@id\":\"https:\\\/\\\/sysmatec.ch\\\/de\\\/#website\",\"url\":\"https:\\\/\\\/sysmatec.ch\\\/de\\\/\",\"name\":\"Sysmatec\",\"description\":\"Equipement de laboratoire et logiciels\",\"publisher\":{\"@id\":\"https:\\\/\\\/sysmatec.ch\\\/de\\\/#organization\"},\"potentialAction\":[{\"@type\":\"SearchAction\",\"target\":{\"@type\":\"EntryPoint\",\"urlTemplate\":\"https:\\\/\\\/sysmatec.ch\\\/de\\\/?s={search_term_string}\"},\"query-input\":{\"@type\":\"PropertyValueSpecification\",\"valueRequired\":true,\"valueName\":\"search_term_string\"}}],\"inLanguage\":\"de\"},{\"@type\":\"Organization\",\"@id\":\"https:\\\/\\\/sysmatec.ch\\\/de\\\/#organization\",\"name\":\"Sysmatec\",\"url\":\"https:\\\/\\\/sysmatec.ch\\\/de\\\/\",\"logo\":{\"@type\":\"ImageObject\",\"inLanguage\":\"de\",\"@id\":\"https:\\\/\\\/sysmatec.ch\\\/de\\\/#\\\/schema\\\/logo\\\/image\\\/\",\"url\":\"https:\\\/\\\/sysmatec.ch\\\/wp-content\\\/uploads\\\/2018\\\/11\\\/LogoSysmatec.jpg\",\"contentUrl\":\"https:\\\/\\\/sysmatec.ch\\\/wp-content\\\/uploads\\\/2018\\\/11\\\/LogoSysmatec.jpg\",\"width\":301,\"height\":297,\"caption\":\"Sysmatec\"},\"image\":{\"@id\":\"https:\\\/\\\/sysmatec.ch\\\/de\\\/#\\\/schema\\\/logo\\\/image\\\/\"}}]}<\/script>\n<!-- \/ Yoast SEO plugin. -->","yoast_head_json":{"title":"Mehrzweck Transmission Dip Probe T300-RT und T200-RT - Sysmatec","description":"Optische Sonde bestehend aus 2 Lichtwellenleitern. der von einer der Fasern kommende Lichtstrahl wird von einem Spiegel in Richtung einer anderen Faser reflektiert.","robots":{"index":"index","follow":"follow","max-snippet":"max-snippet:-1","max-image-preview":"max-image-preview:large","max-video-preview":"max-video-preview:-1"},"canonical":"https:\/\/sysmatec.ch\/de\/produit\/mehrzweck-transmission-dip-probe-t300-rt-und-t200-rt\/","og_locale":"de_DE","og_type":"article","og_title":"Mehrzweck Transmission Dip Probe T300-RT und T200-RT - Sysmatec","og_description":"Optische Sonde bestehend aus 2 Lichtwellenleitern. der von einer der Fasern kommende Lichtstrahl wird von einem Spiegel in Richtung einer anderen Faser reflektiert.","og_url":"https:\/\/sysmatec.ch\/de\/produit\/mehrzweck-transmission-dip-probe-t300-rt-und-t200-rt\/","og_site_name":"Sysmatec","article_modified_time":"2022-01-07T17:54:09+00:00","og_image":[{"width":163,"height":117,"url":"https:\/\/sysmatec.ch\/wp-content\/uploads\/2019\/06\/Spectrophotometer_OceanOpticsT200.jpg","type":"image\/jpeg"}],"twitter_card":"summary_large_image","twitter_misc":{"Gesch\u00e4tzte Lesezeit":"1\u00a0Minute"},"schema":{"@context":"https:\/\/schema.org","@graph":[{"@type":"WebPage","@id":"https:\/\/sysmatec.ch\/de\/produit\/mehrzweck-transmission-dip-probe-t300-rt-und-t200-rt\/","url":"https:\/\/sysmatec.ch\/de\/produit\/mehrzweck-transmission-dip-probe-t300-rt-und-t200-rt\/","name":"Mehrzweck Transmission Dip Probe T300-RT und T200-RT - Sysmatec","isPartOf":{"@id":"https:\/\/sysmatec.ch\/de\/#website"},"primaryImageOfPage":{"@id":"https:\/\/sysmatec.ch\/de\/produit\/mehrzweck-transmission-dip-probe-t300-rt-und-t200-rt\/#primaryimage"},"image":{"@id":"https:\/\/sysmatec.ch\/de\/produit\/mehrzweck-transmission-dip-probe-t300-rt-und-t200-rt\/#primaryimage"},"thumbnailUrl":"https:\/\/sysmatec.ch\/wp-content\/uploads\/2019\/06\/Spectrophotometer_OceanOpticsT200.jpg","datePublished":"2019-06-01T08:36:06+00:00","dateModified":"2022-01-07T17:54:09+00:00","description":"Optische Sonde bestehend aus 2 Lichtwellenleitern. der von einer der Fasern kommende Lichtstrahl wird von einem Spiegel in Richtung einer anderen Faser reflektiert.","breadcrumb":{"@id":"https:\/\/sysmatec.ch\/de\/produit\/mehrzweck-transmission-dip-probe-t300-rt-und-t200-rt\/#breadcrumb"},"inLanguage":"de","potentialAction":[{"@type":"ReadAction","target":["https:\/\/sysmatec.ch\/de\/produit\/mehrzweck-transmission-dip-probe-t300-rt-und-t200-rt\/"]}]},{"@type":"ImageObject","inLanguage":"de","@id":"https:\/\/sysmatec.ch\/de\/produit\/mehrzweck-transmission-dip-probe-t300-rt-und-t200-rt\/#primaryimage","url":"https:\/\/sysmatec.ch\/wp-content\/uploads\/2019\/06\/Spectrophotometer_OceanOpticsT200.jpg","contentUrl":"https:\/\/sysmatec.ch\/wp-content\/uploads\/2019\/06\/Spectrophotometer_OceanOpticsT200.jpg","width":163,"height":117},{"@type":"BreadcrumbList","@id":"https:\/\/sysmatec.ch\/de\/produit\/mehrzweck-transmission-dip-probe-t300-rt-und-t200-rt\/#breadcrumb","itemListElement":[{"@type":"ListItem","position":1,"name":"Accueil","item":"https:\/\/sysmatec.ch\/de\/"},{"@type":"ListItem","position":2,"name":"Die Aktivit\u00e4t von Sysmatec","item":"https:\/\/sysmatec.ch\/de\/"},{"@type":"ListItem","position":3,"name":"Mehrzweck Transmission Dip Probe T300-RT und T200-RT"}]},{"@type":"WebSite","@id":"https:\/\/sysmatec.ch\/de\/#website","url":"https:\/\/sysmatec.ch\/de\/","name":"Sysmatec","description":"Equipement de laboratoire et logiciels","publisher":{"@id":"https:\/\/sysmatec.ch\/de\/#organization"},"potentialAction":[{"@type":"SearchAction","target":{"@type":"EntryPoint","urlTemplate":"https:\/\/sysmatec.ch\/de\/?s={search_term_string}"},"query-input":{"@type":"PropertyValueSpecification","valueRequired":true,"valueName":"search_term_string"}}],"inLanguage":"de"},{"@type":"Organization","@id":"https:\/\/sysmatec.ch\/de\/#organization","name":"Sysmatec","url":"https:\/\/sysmatec.ch\/de\/","logo":{"@type":"ImageObject","inLanguage":"de","@id":"https:\/\/sysmatec.ch\/de\/#\/schema\/logo\/image\/","url":"https:\/\/sysmatec.ch\/wp-content\/uploads\/2018\/11\/LogoSysmatec.jpg","contentUrl":"https:\/\/sysmatec.ch\/wp-content\/uploads\/2018\/11\/LogoSysmatec.jpg","width":301,"height":297,"caption":"Sysmatec"},"image":{"@id":"https:\/\/sysmatec.ch\/de\/#\/schema\/logo\/image\/"}}]}},"_links":{"self":[{"href":"https:\/\/sysmatec.ch\/de\/wp-json\/wp\/v2\/product\/6587","targetHints":{"allow":["GET"]}}],"collection":[{"href":"https:\/\/sysmatec.ch\/de\/wp-json\/wp\/v2\/product"}],"about":[{"href":"https:\/\/sysmatec.ch\/de\/wp-json\/wp\/v2\/types\/product"}],"wp:featuredmedia":[{"embeddable":true,"href":"https:\/\/sysmatec.ch\/de\/wp-json\/wp\/v2\/media\/6585"}],"wp:attachment":[{"href":"https:\/\/sysmatec.ch\/de\/wp-json\/wp\/v2\/media?parent=6587"}],"wp:term":[{"taxonomy":"product_brand","embeddable":true,"href":"https:\/\/sysmatec.ch\/de\/wp-json\/wp\/v2\/product_brand?post=6587"},{"taxonomy":"product_cat","embeddable":true,"href":"https:\/\/sysmatec.ch\/de\/wp-json\/wp\/v2\/product_cat?post=6587"},{"taxonomy":"product_tag","embeddable":true,"href":"https:\/\/sysmatec.ch\/de\/wp-json\/wp\/v2\/product_tag?post=6587"}],"curies":[{"name":"wp","href":"https:\/\/api.w.org\/{rel}","templated":true}]}}