{"id":6580,"date":"2019-06-01T10:22:26","date_gmt":"2019-06-01T08:22:26","guid":{"rendered":"https:\/\/sysmatec.ch\/produit\/spectrophotometre-a-fibre-optique-detecteur-usb4000\/"},"modified":"2022-01-07T19:06:36","modified_gmt":"2022-01-07T18:06:36","slug":"miniature-glasfaser-spectrophotometer-usb4000-detektor","status":"publish","type":"product","link":"https:\/\/sysmatec.ch\/de\/Produkt\/miniature-glasfaser-spectrophotometer-usb4000-detektor\/","title":{"rendered":"Miniature Glasfaser Spectrophotometer USB4000 (Detektor)"},"content":{"rendered":"<ul>\n<li>Der USB4000 ist einen Spectrophotometer der letzten Generation mit einem 3648-Elemente Toshiba linear CCD Array f\u00fcr einen verbesserten Signa\/L\u00e4rm Ratio.<\/li>\n<li>Die Integrationszeit kann der Ben\u00fctzer mit der Software selber konfigurieren. Diese Zeit ist \u00e4hnlich zu einen Schlitzverschluss einer Kamera. So kann man de Licht\u00fcbers\u00e4tigung vermeiden.<\/li>\n<li>Mit dem 22 Pin Stecker gibt es sehr viele M\u00f6glichkeiten externe Ger\u00e4te anzuschliessen, wie PC oder Laborger\u00e4te.<\/li>\n<li>Das Ger\u00e4t ist modular aufgebaut. Deswegen muss noch einen passenden Detektor gew\u00e4hlt werden:<br \/>\n<table border=\"0\" width=\"286\" cellspacing=\"2\" cellpadding=\"0\">\n<tbody>\n<tr>\n<td>DET4-200-850<\/td>\n<td>mit Filter 200-850 nm<\/td>\n<\/tr>\n<tr>\n<td>DET4-350-1000<\/td>\n<td>mit Filter 300-1000 nm<\/td>\n<\/tr>\n<tr>\n<td>DET4-UV<\/td>\n<td>UV<\/td>\n<\/tr>\n<tr>\n<td>DET4-VIS<\/td>\n<td>VIS<\/td>\n<\/tr>\n<\/tbody>\n<\/table>\n<\/li>\n<li>Der USB4000 wird an PC oder andere system durch USB 2.0 oder RS-232 angeschlossen. Die Daten werden lokal im Ger\u00e4t gespeichert und k\u00f6nnen abgefragt werden. Die RS232 Schnittstelle braucht einen 5 V Adapter. Die Software Spectrasuite unterst\u00fctzt diese Schnistelle nicht mehr. Es besteht aber immer noch die M\u00f6glichkeit seine eigene Software zu entwickeln, und die Daten \u00fcber diese Schnittstelle abzufragen.<\/li>\n<\/ul>\n<p>Spezifikation<\/p>\n<ul>\n<li>Masse: 89.1 mm x 63.3 mm x 34.4 mm<\/li>\n<li>Gewicht: 190 gr<\/li>\n<li>Toshiba TCD1304AP Linear CCD array<\/li>\n<li>Detektorbereich: 200-1100 nm<\/li>\n<li>Pixels: 3648 pixels<\/li>\n<li>Pixelgr\u00f6sse: 8 um x 200 um<\/li>\n<li>Pixel well depth: 100,000 electrons<\/li>\n<li>Signal\/L\u00e4rm Ratio: 300:1 (bei vollem Signal)<\/li>\n<li>A\/D Aufl\u00f6sung: 16 bit<\/li>\n<li>Dark noise: 12 RMS counts<\/li>\n<li>Corrected linearity: &gt;99.8%<\/li>\n<li>Sensibilit\u00e4t: 130 Photonen\/count bei 400 nm; 60 Photonen\/count bei 600 nm<\/li>\n<li>Optical Bench Design: f\/4, Asymmetrical crossed Czerny-Turner<\/li>\n<li>Focal length: 42 mm input; 68 mm output<\/li>\n<li>Eingang\u00f6ffnung: 5, 10, 25, 50, 100 or 200 \u00b5m wide slits oder Fiber (no slit)<\/li>\n<li>Grating Optionen: 14 verschiedene, von UV bis NIR<\/li>\n<li>Detektor Lens Option: L4<\/li>\n<li>OFLV Filter Option: OFLV-200-850; OFLV-350-1000<\/li>\n<li>Andere Filter Option: Longpass OF-1 filters<\/li>\n<li>Spiegel Option: Standard oder SAG+UPG<\/li>\n<li>UV Fenster: UV4<\/li>\n<li>Optische Fiber Stecker: SMA 905<\/li>\n<li>Optische Aufl\u00f6sung: ~0.3-10.0 nm FWHM<\/li>\n<li>Integrationszeit: 10 \u00b5s bis 65 Sec<\/li>\n<li>Stromverbrauch: 250 mA bei 5 VDC<\/li>\n<li>Datentransfer: ein ganzes Spektrum von dem Speicher in 4 ms mit USB 2.0, in 18 ms mit USB 1.1 Schnitstelle<\/li>\n<li>Eing\u00e4nge\/Ausg\u00e4nge: 8 digitale<\/li>\n<li>Auto nulling: Yes<\/li>\n<li>Breakout box compatible: Yes, USB4-BREAKOUT<\/li>\n<li>22-Pin Stecker<\/li>\n<li>Computer Schnittstelle: USB 2.0 mit 480 Mbps (USB1.1 compatible); RS-232 (2-wire) mit 115.2 K baud<\/li>\n<\/ul>\n","protected":false},"excerpt":{"rendered":"<p>Miniature Glasfaser Spectrophotometer (Detektor)<\/p>\n","protected":false},"featured_media":6574,"template":"","meta":{"_crdt_document":""},"product_brand":[],"product_cat":[224],"product_tag":[],"class_list":{"0":"post-6580","1":"product","2":"type-product","3":"status-publish","4":"has-post-thumbnail","6":"product_cat-spektrophotometer","8":"first","9":"instock","10":"taxable","11":"shipping-taxable","12":"product-type-simple"},"yoast_head":"<!-- This site is optimized with the Yoast SEO plugin v27.4 - https:\/\/yoast.com\/product\/yoast-seo-wordpress\/ -->\n<title>Miniature Glasfaser Spectrophotometer USB4000 (Detektor) - Sysmatec<\/title>\n<meta name=\"description\" content=\"Faseroptisches Spektrophotometer. Diese Detektoren sind sehr kompakt und k\u00f6nnen in einem Bereich von 200 bis 1100 nm messen.\" \/>\n<meta name=\"robots\" content=\"index, follow, max-snippet:-1, max-image-preview:large, max-video-preview:-1\" \/>\n<link rel=\"canonical\" href=\"https:\/\/sysmatec.ch\/de\/produit\/miniature-glasfaser-spectrophotometer-usb4000-detektor\/\" \/>\n<meta property=\"og:locale\" content=\"de_DE\" \/>\n<meta property=\"og:type\" content=\"article\" \/>\n<meta property=\"og:title\" content=\"Miniature Glasfaser Spectrophotometer USB4000 (Detektor) - Sysmatec\" \/>\n<meta property=\"og:description\" content=\"Faseroptisches Spektrophotometer. Diese Detektoren sind sehr kompakt und k\u00f6nnen in einem Bereich von 200 bis 1100 nm messen.\" \/>\n<meta property=\"og:url\" content=\"https:\/\/sysmatec.ch\/de\/produit\/miniature-glasfaser-spectrophotometer-usb4000-detektor\/\" \/>\n<meta property=\"og:site_name\" content=\"Sysmatec\" \/>\n<meta property=\"article:modified_time\" content=\"2022-01-07T18:06:36+00:00\" \/>\n<meta property=\"og:image\" content=\"https:\/\/sysmatec.ch\/wp-content\/uploads\/2019\/06\/Spectrophotometre_OceanOpticsUSB4000.gif\" \/>\n\t<meta property=\"og:image:width\" content=\"135\" \/>\n\t<meta property=\"og:image:height\" content=\"109\" \/>\n\t<meta property=\"og:image:type\" content=\"image\/gif\" \/>\n<meta name=\"twitter:card\" content=\"summary_large_image\" \/>\n<meta name=\"twitter:label1\" content=\"Gesch\u00e4tzte Lesezeit\" \/>\n\t<meta name=\"twitter:data1\" content=\"2\u00a0Minuten\" \/>\n<script type=\"application\/ld+json\" class=\"yoast-schema-graph\">{\"@context\":\"https:\\\/\\\/schema.org\",\"@graph\":[{\"@type\":\"WebPage\",\"@id\":\"https:\\\/\\\/sysmatec.ch\\\/de\\\/produit\\\/miniature-glasfaser-spectrophotometer-usb4000-detektor\\\/\",\"url\":\"https:\\\/\\\/sysmatec.ch\\\/de\\\/produit\\\/miniature-glasfaser-spectrophotometer-usb4000-detektor\\\/\",\"name\":\"Miniature Glasfaser Spectrophotometer USB4000 (Detektor) - Sysmatec\",\"isPartOf\":{\"@id\":\"https:\\\/\\\/sysmatec.ch\\\/de\\\/#website\"},\"primaryImageOfPage\":{\"@id\":\"https:\\\/\\\/sysmatec.ch\\\/de\\\/produit\\\/miniature-glasfaser-spectrophotometer-usb4000-detektor\\\/#primaryimage\"},\"image\":{\"@id\":\"https:\\\/\\\/sysmatec.ch\\\/de\\\/produit\\\/miniature-glasfaser-spectrophotometer-usb4000-detektor\\\/#primaryimage\"},\"thumbnailUrl\":\"https:\\\/\\\/sysmatec.ch\\\/wp-content\\\/uploads\\\/2019\\\/06\\\/Spectrophotometre_OceanOpticsUSB4000.gif\",\"datePublished\":\"2019-06-01T08:22:26+00:00\",\"dateModified\":\"2022-01-07T18:06:36+00:00\",\"description\":\"Faseroptisches Spektrophotometer. Diese Detektoren sind sehr kompakt und k\u00f6nnen in einem Bereich von 200 bis 1100 nm messen.\",\"breadcrumb\":{\"@id\":\"https:\\\/\\\/sysmatec.ch\\\/de\\\/produit\\\/miniature-glasfaser-spectrophotometer-usb4000-detektor\\\/#breadcrumb\"},\"inLanguage\":\"de\",\"potentialAction\":[{\"@type\":\"ReadAction\",\"target\":[\"https:\\\/\\\/sysmatec.ch\\\/de\\\/produit\\\/miniature-glasfaser-spectrophotometer-usb4000-detektor\\\/\"]}]},{\"@type\":\"ImageObject\",\"inLanguage\":\"de\",\"@id\":\"https:\\\/\\\/sysmatec.ch\\\/de\\\/produit\\\/miniature-glasfaser-spectrophotometer-usb4000-detektor\\\/#primaryimage\",\"url\":\"https:\\\/\\\/sysmatec.ch\\\/wp-content\\\/uploads\\\/2019\\\/06\\\/Spectrophotometre_OceanOpticsUSB4000.gif\",\"contentUrl\":\"https:\\\/\\\/sysmatec.ch\\\/wp-content\\\/uploads\\\/2019\\\/06\\\/Spectrophotometre_OceanOpticsUSB4000.gif\",\"width\":135,\"height\":109},{\"@type\":\"BreadcrumbList\",\"@id\":\"https:\\\/\\\/sysmatec.ch\\\/de\\\/produit\\\/miniature-glasfaser-spectrophotometer-usb4000-detektor\\\/#breadcrumb\",\"itemListElement\":[{\"@type\":\"ListItem\",\"position\":1,\"name\":\"Accueil\",\"item\":\"https:\\\/\\\/sysmatec.ch\\\/de\\\/\"},{\"@type\":\"ListItem\",\"position\":2,\"name\":\"Die Aktivit\u00e4t von Sysmatec\",\"item\":\"https:\\\/\\\/sysmatec.ch\\\/de\\\/\"},{\"@type\":\"ListItem\",\"position\":3,\"name\":\"Miniature Glasfaser Spectrophotometer USB4000 (Detektor)\"}]},{\"@type\":\"WebSite\",\"@id\":\"https:\\\/\\\/sysmatec.ch\\\/de\\\/#website\",\"url\":\"https:\\\/\\\/sysmatec.ch\\\/de\\\/\",\"name\":\"Sysmatec\",\"description\":\"Equipement de laboratoire et logiciels\",\"publisher\":{\"@id\":\"https:\\\/\\\/sysmatec.ch\\\/de\\\/#organization\"},\"potentialAction\":[{\"@type\":\"SearchAction\",\"target\":{\"@type\":\"EntryPoint\",\"urlTemplate\":\"https:\\\/\\\/sysmatec.ch\\\/de\\\/?s={search_term_string}\"},\"query-input\":{\"@type\":\"PropertyValueSpecification\",\"valueRequired\":true,\"valueName\":\"search_term_string\"}}],\"inLanguage\":\"de\"},{\"@type\":\"Organization\",\"@id\":\"https:\\\/\\\/sysmatec.ch\\\/de\\\/#organization\",\"name\":\"Sysmatec\",\"url\":\"https:\\\/\\\/sysmatec.ch\\\/de\\\/\",\"logo\":{\"@type\":\"ImageObject\",\"inLanguage\":\"de\",\"@id\":\"https:\\\/\\\/sysmatec.ch\\\/de\\\/#\\\/schema\\\/logo\\\/image\\\/\",\"url\":\"https:\\\/\\\/sysmatec.ch\\\/wp-content\\\/uploads\\\/2018\\\/11\\\/LogoSysmatec.jpg\",\"contentUrl\":\"https:\\\/\\\/sysmatec.ch\\\/wp-content\\\/uploads\\\/2018\\\/11\\\/LogoSysmatec.jpg\",\"width\":301,\"height\":297,\"caption\":\"Sysmatec\"},\"image\":{\"@id\":\"https:\\\/\\\/sysmatec.ch\\\/de\\\/#\\\/schema\\\/logo\\\/image\\\/\"}}]}<\/script>\n<!-- \/ Yoast SEO plugin. -->","yoast_head_json":{"title":"Miniature Glasfaser Spectrophotometer USB4000 (Detektor) - Sysmatec","description":"Faseroptisches Spektrophotometer. Diese Detektoren sind sehr kompakt und k\u00f6nnen in einem Bereich von 200 bis 1100 nm messen.","robots":{"index":"index","follow":"follow","max-snippet":"max-snippet:-1","max-image-preview":"max-image-preview:large","max-video-preview":"max-video-preview:-1"},"canonical":"https:\/\/sysmatec.ch\/de\/produit\/miniature-glasfaser-spectrophotometer-usb4000-detektor\/","og_locale":"de_DE","og_type":"article","og_title":"Miniature Glasfaser Spectrophotometer USB4000 (Detektor) - Sysmatec","og_description":"Faseroptisches Spektrophotometer. Diese Detektoren sind sehr kompakt und k\u00f6nnen in einem Bereich von 200 bis 1100 nm messen.","og_url":"https:\/\/sysmatec.ch\/de\/produit\/miniature-glasfaser-spectrophotometer-usb4000-detektor\/","og_site_name":"Sysmatec","article_modified_time":"2022-01-07T18:06:36+00:00","og_image":[{"width":135,"height":109,"url":"https:\/\/sysmatec.ch\/wp-content\/uploads\/2019\/06\/Spectrophotometre_OceanOpticsUSB4000.gif","type":"image\/gif"}],"twitter_card":"summary_large_image","twitter_misc":{"Gesch\u00e4tzte Lesezeit":"2\u00a0Minuten"},"schema":{"@context":"https:\/\/schema.org","@graph":[{"@type":"WebPage","@id":"https:\/\/sysmatec.ch\/de\/produit\/miniature-glasfaser-spectrophotometer-usb4000-detektor\/","url":"https:\/\/sysmatec.ch\/de\/produit\/miniature-glasfaser-spectrophotometer-usb4000-detektor\/","name":"Miniature Glasfaser Spectrophotometer USB4000 (Detektor) - Sysmatec","isPartOf":{"@id":"https:\/\/sysmatec.ch\/de\/#website"},"primaryImageOfPage":{"@id":"https:\/\/sysmatec.ch\/de\/produit\/miniature-glasfaser-spectrophotometer-usb4000-detektor\/#primaryimage"},"image":{"@id":"https:\/\/sysmatec.ch\/de\/produit\/miniature-glasfaser-spectrophotometer-usb4000-detektor\/#primaryimage"},"thumbnailUrl":"https:\/\/sysmatec.ch\/wp-content\/uploads\/2019\/06\/Spectrophotometre_OceanOpticsUSB4000.gif","datePublished":"2019-06-01T08:22:26+00:00","dateModified":"2022-01-07T18:06:36+00:00","description":"Faseroptisches Spektrophotometer. Diese Detektoren sind sehr kompakt und k\u00f6nnen in einem Bereich von 200 bis 1100 nm messen.","breadcrumb":{"@id":"https:\/\/sysmatec.ch\/de\/produit\/miniature-glasfaser-spectrophotometer-usb4000-detektor\/#breadcrumb"},"inLanguage":"de","potentialAction":[{"@type":"ReadAction","target":["https:\/\/sysmatec.ch\/de\/produit\/miniature-glasfaser-spectrophotometer-usb4000-detektor\/"]}]},{"@type":"ImageObject","inLanguage":"de","@id":"https:\/\/sysmatec.ch\/de\/produit\/miniature-glasfaser-spectrophotometer-usb4000-detektor\/#primaryimage","url":"https:\/\/sysmatec.ch\/wp-content\/uploads\/2019\/06\/Spectrophotometre_OceanOpticsUSB4000.gif","contentUrl":"https:\/\/sysmatec.ch\/wp-content\/uploads\/2019\/06\/Spectrophotometre_OceanOpticsUSB4000.gif","width":135,"height":109},{"@type":"BreadcrumbList","@id":"https:\/\/sysmatec.ch\/de\/produit\/miniature-glasfaser-spectrophotometer-usb4000-detektor\/#breadcrumb","itemListElement":[{"@type":"ListItem","position":1,"name":"Accueil","item":"https:\/\/sysmatec.ch\/de\/"},{"@type":"ListItem","position":2,"name":"Die Aktivit\u00e4t von Sysmatec","item":"https:\/\/sysmatec.ch\/de\/"},{"@type":"ListItem","position":3,"name":"Miniature Glasfaser Spectrophotometer USB4000 (Detektor)"}]},{"@type":"WebSite","@id":"https:\/\/sysmatec.ch\/de\/#website","url":"https:\/\/sysmatec.ch\/de\/","name":"Sysmatec","description":"Equipement de laboratoire et logiciels","publisher":{"@id":"https:\/\/sysmatec.ch\/de\/#organization"},"potentialAction":[{"@type":"SearchAction","target":{"@type":"EntryPoint","urlTemplate":"https:\/\/sysmatec.ch\/de\/?s={search_term_string}"},"query-input":{"@type":"PropertyValueSpecification","valueRequired":true,"valueName":"search_term_string"}}],"inLanguage":"de"},{"@type":"Organization","@id":"https:\/\/sysmatec.ch\/de\/#organization","name":"Sysmatec","url":"https:\/\/sysmatec.ch\/de\/","logo":{"@type":"ImageObject","inLanguage":"de","@id":"https:\/\/sysmatec.ch\/de\/#\/schema\/logo\/image\/","url":"https:\/\/sysmatec.ch\/wp-content\/uploads\/2018\/11\/LogoSysmatec.jpg","contentUrl":"https:\/\/sysmatec.ch\/wp-content\/uploads\/2018\/11\/LogoSysmatec.jpg","width":301,"height":297,"caption":"Sysmatec"},"image":{"@id":"https:\/\/sysmatec.ch\/de\/#\/schema\/logo\/image\/"}}]}},"_links":{"self":[{"href":"https:\/\/sysmatec.ch\/de\/wp-json\/wp\/v2\/product\/6580","targetHints":{"allow":["GET"]}}],"collection":[{"href":"https:\/\/sysmatec.ch\/de\/wp-json\/wp\/v2\/product"}],"about":[{"href":"https:\/\/sysmatec.ch\/de\/wp-json\/wp\/v2\/types\/product"}],"wp:featuredmedia":[{"embeddable":true,"href":"https:\/\/sysmatec.ch\/de\/wp-json\/wp\/v2\/media\/6574"}],"wp:attachment":[{"href":"https:\/\/sysmatec.ch\/de\/wp-json\/wp\/v2\/media?parent=6580"}],"wp:term":[{"taxonomy":"product_brand","embeddable":true,"href":"https:\/\/sysmatec.ch\/de\/wp-json\/wp\/v2\/product_brand?post=6580"},{"taxonomy":"product_cat","embeddable":true,"href":"https:\/\/sysmatec.ch\/de\/wp-json\/wp\/v2\/product_cat?post=6580"},{"taxonomy":"product_tag","embeddable":true,"href":"https:\/\/sysmatec.ch\/de\/wp-json\/wp\/v2\/product_tag?post=6580"}],"curies":[{"name":"wp","href":"https:\/\/api.w.org\/{rel}","templated":true}]}}