{"id":6576,"date":"2019-06-01T10:12:33","date_gmt":"2019-06-01T08:12:33","guid":{"rendered":"https:\/\/sysmatec.ch\/produit\/spectrophotometre-a-fibre-optique-miniature-torus-detecteur\/"},"modified":"2022-01-07T21:44:43","modified_gmt":"2022-01-07T20:44:43","slug":"torus-miniature-fiber-optic-spectrophotometer-detektor","status":"publish","type":"product","link":"https:\/\/sysmatec.ch\/de\/Produkt\/torus-miniature-fiber-optic-spectrophotometer-detektor\/","title":{"rendered":"Torus Miniature Fiber Optic Spectrophotometer (Detektor)"},"content":{"rendered":"<p>Der Torus Miniature Spectrophotometer von Ocean Optics arbeitet im sichtbaren Bereich (360-825 nm), er hat ein geringes Streulicht (0,015% bei 400 nm) und einen hohen Durchsatz.<\/p>\n<p>Torus ist ideal f\u00fcr die Farbmessung von LEDs und Absorptionsmessungen bis 3.0 OD.<\/p>\n<p>3 Versionen<\/p>\n<p>TORUS-25<\/p>\n<ul>\n<li>Concave Grating Spectrometer<\/li>\n<li>Vorkonfigurierte mit 25 um Slit<\/li>\n<\/ul>\n<p>TORUS-25-OSF<\/p>\n<ul>\n<li>Concave Grating Spectrometer<\/li>\n<li>Mit 25 um Spalt und Order-Sorting Filter Vorkonfigurierte<\/li>\n<\/ul>\n<p>TORUS-50<\/p>\n<ul>\n<li>Concave Grating Spectrometer<\/li>\n<li>Mit 50 mm Schlitz Vorkonfigurierte<\/li>\n<\/ul>\n<p>Technische Daten<\/p>\n<ul>\n<li>Abmessungen: 149,9 mm x 119,4 mm x 63,5 mm<\/li>\n<li>Gewicht: 954 g<\/li>\n<\/ul>\n<p>Detektor<\/p>\n<ul>\n<li>Typ: Sony ILX511B<\/li>\n<li>Bereich: 200-1100 nm<\/li>\n<li>Pixel \/ Gr\u00f6\u00dfe: 2048<\/li>\n<\/ul>\n<p>Spektroskopische Daten<\/p>\n<ul>\n<li>Wellenl\u00e4ngenbereich: 360-825 nm<\/li>\n<li>Optische Aufl\u00f6sung: &lt;1,6 nm FWHM \u00fcber den Spektralbereich<\/li>\n<li>Signal-Rausch-Verh\u00e4ltnis: 250:1 bei voller Signal<\/li>\n<li>A \/ D-Aufl\u00f6sung: 16 bits<\/li>\n<li>Dunkle L\u00e4rm: 50 RMS z\u00e4hlt, 300 z\u00e4hlt peak to peak<\/li>\n<li>Dynamikbereich: 8.5&#215;107 (System); 1300:1 (Einzel-Akquisition)<\/li>\n<li>Integrationszeit: 1 ms &#8211; 65 s<\/li>\n<li>Streulicht: 0,015% SRPR @ 400 nm<\/li>\n<li>Wavelength thermische Stabilit\u00e4t: 0,0056 nm \/ \u00ba C<\/li>\n<li>Korrigierte Linearit\u00e4t:&gt; 99%<\/li>\n<li>Zertifizierung: CE Mark, RoHS<\/li>\n<\/ul>\n","protected":false},"excerpt":{"rendered":"<p>Miniature Fiber Optic Spectrophotometer (Detektor)<\/p>\n","protected":false},"featured_media":6571,"template":"","meta":{"_crdt_document":""},"product_brand":[],"product_cat":[224],"product_tag":[],"class_list":{"0":"post-6576","1":"product","2":"type-product","3":"status-publish","4":"has-post-thumbnail","6":"product_cat-spektrophotometer","8":"first","9":"instock","10":"taxable","11":"shipping-taxable","12":"product-type-simple"},"yoast_head":"<!-- This site is optimized with the Yoast SEO plugin v27.4 - https:\/\/yoast.com\/product\/yoast-seo-wordpress\/ -->\n<title>Torus Miniature Fiber Optic Spectrophotometer (Detektor) - Sysmatec<\/title>\n<meta name=\"description\" content=\"Faseroptisches Spektrophotometer. Diese Detektoren sind sehr kompakt und k\u00f6nnen \u00fcber einen Bereich von 360 bis 825 nm messen.\" \/>\n<meta name=\"robots\" content=\"index, follow, max-snippet:-1, max-image-preview:large, max-video-preview:-1\" \/>\n<link rel=\"canonical\" href=\"https:\/\/sysmatec.ch\/de\/produit\/torus-miniature-fiber-optic-spectrophotometer-detektor\/\" \/>\n<meta property=\"og:locale\" content=\"de_DE\" \/>\n<meta property=\"og:type\" content=\"article\" \/>\n<meta property=\"og:title\" content=\"Torus Miniature Fiber Optic Spectrophotometer (Detektor) - Sysmatec\" \/>\n<meta property=\"og:description\" content=\"Faseroptisches Spektrophotometer. Diese Detektoren sind sehr kompakt und k\u00f6nnen \u00fcber einen Bereich von 360 bis 825 nm messen.\" \/>\n<meta property=\"og:url\" content=\"https:\/\/sysmatec.ch\/de\/produit\/torus-miniature-fiber-optic-spectrophotometer-detektor\/\" \/>\n<meta property=\"og:site_name\" content=\"Sysmatec\" \/>\n<meta property=\"article:modified_time\" content=\"2022-01-07T20:44:43+00:00\" \/>\n<meta property=\"og:image\" content=\"https:\/\/sysmatec.ch\/wp-content\/uploads\/2019\/06\/Spectrophotometre_OceanOpticsTorus.jpg\" \/>\n\t<meta property=\"og:image:width\" content=\"171\" \/>\n\t<meta property=\"og:image:height\" content=\"141\" \/>\n\t<meta property=\"og:image:type\" content=\"image\/jpeg\" \/>\n<meta name=\"twitter:card\" content=\"summary_large_image\" \/>\n<meta name=\"twitter:label1\" content=\"Gesch\u00e4tzte Lesezeit\" \/>\n\t<meta name=\"twitter:data1\" content=\"1\u00a0Minute\" \/>\n<script type=\"application\/ld+json\" class=\"yoast-schema-graph\">{\"@context\":\"https:\\\/\\\/schema.org\",\"@graph\":[{\"@type\":\"WebPage\",\"@id\":\"https:\\\/\\\/sysmatec.ch\\\/de\\\/produit\\\/torus-miniature-fiber-optic-spectrophotometer-detektor\\\/\",\"url\":\"https:\\\/\\\/sysmatec.ch\\\/de\\\/produit\\\/torus-miniature-fiber-optic-spectrophotometer-detektor\\\/\",\"name\":\"Torus Miniature Fiber Optic Spectrophotometer (Detektor) - Sysmatec\",\"isPartOf\":{\"@id\":\"https:\\\/\\\/sysmatec.ch\\\/de\\\/#website\"},\"primaryImageOfPage\":{\"@id\":\"https:\\\/\\\/sysmatec.ch\\\/de\\\/produit\\\/torus-miniature-fiber-optic-spectrophotometer-detektor\\\/#primaryimage\"},\"image\":{\"@id\":\"https:\\\/\\\/sysmatec.ch\\\/de\\\/produit\\\/torus-miniature-fiber-optic-spectrophotometer-detektor\\\/#primaryimage\"},\"thumbnailUrl\":\"https:\\\/\\\/sysmatec.ch\\\/wp-content\\\/uploads\\\/2019\\\/06\\\/Spectrophotometre_OceanOpticsTorus.jpg\",\"datePublished\":\"2019-06-01T08:12:33+00:00\",\"dateModified\":\"2022-01-07T20:44:43+00:00\",\"description\":\"Faseroptisches Spektrophotometer. Diese Detektoren sind sehr kompakt und k\u00f6nnen \u00fcber einen Bereich von 360 bis 825 nm messen.\",\"breadcrumb\":{\"@id\":\"https:\\\/\\\/sysmatec.ch\\\/de\\\/produit\\\/torus-miniature-fiber-optic-spectrophotometer-detektor\\\/#breadcrumb\"},\"inLanguage\":\"de\",\"potentialAction\":[{\"@type\":\"ReadAction\",\"target\":[\"https:\\\/\\\/sysmatec.ch\\\/de\\\/produit\\\/torus-miniature-fiber-optic-spectrophotometer-detektor\\\/\"]}]},{\"@type\":\"ImageObject\",\"inLanguage\":\"de\",\"@id\":\"https:\\\/\\\/sysmatec.ch\\\/de\\\/produit\\\/torus-miniature-fiber-optic-spectrophotometer-detektor\\\/#primaryimage\",\"url\":\"https:\\\/\\\/sysmatec.ch\\\/wp-content\\\/uploads\\\/2019\\\/06\\\/Spectrophotometre_OceanOpticsTorus.jpg\",\"contentUrl\":\"https:\\\/\\\/sysmatec.ch\\\/wp-content\\\/uploads\\\/2019\\\/06\\\/Spectrophotometre_OceanOpticsTorus.jpg\",\"width\":171,\"height\":141},{\"@type\":\"BreadcrumbList\",\"@id\":\"https:\\\/\\\/sysmatec.ch\\\/de\\\/produit\\\/torus-miniature-fiber-optic-spectrophotometer-detektor\\\/#breadcrumb\",\"itemListElement\":[{\"@type\":\"ListItem\",\"position\":1,\"name\":\"Accueil\",\"item\":\"https:\\\/\\\/sysmatec.ch\\\/de\\\/\"},{\"@type\":\"ListItem\",\"position\":2,\"name\":\"Die Aktivit\u00e4t von Sysmatec\",\"item\":\"https:\\\/\\\/sysmatec.ch\\\/de\\\/\"},{\"@type\":\"ListItem\",\"position\":3,\"name\":\"Torus Miniature Fiber Optic Spectrophotometer (Detektor)\"}]},{\"@type\":\"WebSite\",\"@id\":\"https:\\\/\\\/sysmatec.ch\\\/de\\\/#website\",\"url\":\"https:\\\/\\\/sysmatec.ch\\\/de\\\/\",\"name\":\"Sysmatec\",\"description\":\"Equipement de laboratoire et logiciels\",\"publisher\":{\"@id\":\"https:\\\/\\\/sysmatec.ch\\\/de\\\/#organization\"},\"potentialAction\":[{\"@type\":\"SearchAction\",\"target\":{\"@type\":\"EntryPoint\",\"urlTemplate\":\"https:\\\/\\\/sysmatec.ch\\\/de\\\/?s={search_term_string}\"},\"query-input\":{\"@type\":\"PropertyValueSpecification\",\"valueRequired\":true,\"valueName\":\"search_term_string\"}}],\"inLanguage\":\"de\"},{\"@type\":\"Organization\",\"@id\":\"https:\\\/\\\/sysmatec.ch\\\/de\\\/#organization\",\"name\":\"Sysmatec\",\"url\":\"https:\\\/\\\/sysmatec.ch\\\/de\\\/\",\"logo\":{\"@type\":\"ImageObject\",\"inLanguage\":\"de\",\"@id\":\"https:\\\/\\\/sysmatec.ch\\\/de\\\/#\\\/schema\\\/logo\\\/image\\\/\",\"url\":\"https:\\\/\\\/sysmatec.ch\\\/wp-content\\\/uploads\\\/2018\\\/11\\\/LogoSysmatec.jpg\",\"contentUrl\":\"https:\\\/\\\/sysmatec.ch\\\/wp-content\\\/uploads\\\/2018\\\/11\\\/LogoSysmatec.jpg\",\"width\":301,\"height\":297,\"caption\":\"Sysmatec\"},\"image\":{\"@id\":\"https:\\\/\\\/sysmatec.ch\\\/de\\\/#\\\/schema\\\/logo\\\/image\\\/\"}}]}<\/script>\n<!-- \/ Yoast SEO plugin. -->","yoast_head_json":{"title":"Torus Miniature Fiber Optic Spectrophotometer (Detektor) - Sysmatec","description":"Faseroptisches Spektrophotometer. Diese Detektoren sind sehr kompakt und k\u00f6nnen \u00fcber einen Bereich von 360 bis 825 nm messen.","robots":{"index":"index","follow":"follow","max-snippet":"max-snippet:-1","max-image-preview":"max-image-preview:large","max-video-preview":"max-video-preview:-1"},"canonical":"https:\/\/sysmatec.ch\/de\/produit\/torus-miniature-fiber-optic-spectrophotometer-detektor\/","og_locale":"de_DE","og_type":"article","og_title":"Torus Miniature Fiber Optic Spectrophotometer (Detektor) - Sysmatec","og_description":"Faseroptisches Spektrophotometer. Diese Detektoren sind sehr kompakt und k\u00f6nnen \u00fcber einen Bereich von 360 bis 825 nm messen.","og_url":"https:\/\/sysmatec.ch\/de\/produit\/torus-miniature-fiber-optic-spectrophotometer-detektor\/","og_site_name":"Sysmatec","article_modified_time":"2022-01-07T20:44:43+00:00","og_image":[{"width":171,"height":141,"url":"https:\/\/sysmatec.ch\/wp-content\/uploads\/2019\/06\/Spectrophotometre_OceanOpticsTorus.jpg","type":"image\/jpeg"}],"twitter_card":"summary_large_image","twitter_misc":{"Gesch\u00e4tzte Lesezeit":"1\u00a0Minute"},"schema":{"@context":"https:\/\/schema.org","@graph":[{"@type":"WebPage","@id":"https:\/\/sysmatec.ch\/de\/produit\/torus-miniature-fiber-optic-spectrophotometer-detektor\/","url":"https:\/\/sysmatec.ch\/de\/produit\/torus-miniature-fiber-optic-spectrophotometer-detektor\/","name":"Torus Miniature Fiber Optic Spectrophotometer (Detektor) - Sysmatec","isPartOf":{"@id":"https:\/\/sysmatec.ch\/de\/#website"},"primaryImageOfPage":{"@id":"https:\/\/sysmatec.ch\/de\/produit\/torus-miniature-fiber-optic-spectrophotometer-detektor\/#primaryimage"},"image":{"@id":"https:\/\/sysmatec.ch\/de\/produit\/torus-miniature-fiber-optic-spectrophotometer-detektor\/#primaryimage"},"thumbnailUrl":"https:\/\/sysmatec.ch\/wp-content\/uploads\/2019\/06\/Spectrophotometre_OceanOpticsTorus.jpg","datePublished":"2019-06-01T08:12:33+00:00","dateModified":"2022-01-07T20:44:43+00:00","description":"Faseroptisches Spektrophotometer. Diese Detektoren sind sehr kompakt und k\u00f6nnen \u00fcber einen Bereich von 360 bis 825 nm messen.","breadcrumb":{"@id":"https:\/\/sysmatec.ch\/de\/produit\/torus-miniature-fiber-optic-spectrophotometer-detektor\/#breadcrumb"},"inLanguage":"de","potentialAction":[{"@type":"ReadAction","target":["https:\/\/sysmatec.ch\/de\/produit\/torus-miniature-fiber-optic-spectrophotometer-detektor\/"]}]},{"@type":"ImageObject","inLanguage":"de","@id":"https:\/\/sysmatec.ch\/de\/produit\/torus-miniature-fiber-optic-spectrophotometer-detektor\/#primaryimage","url":"https:\/\/sysmatec.ch\/wp-content\/uploads\/2019\/06\/Spectrophotometre_OceanOpticsTorus.jpg","contentUrl":"https:\/\/sysmatec.ch\/wp-content\/uploads\/2019\/06\/Spectrophotometre_OceanOpticsTorus.jpg","width":171,"height":141},{"@type":"BreadcrumbList","@id":"https:\/\/sysmatec.ch\/de\/produit\/torus-miniature-fiber-optic-spectrophotometer-detektor\/#breadcrumb","itemListElement":[{"@type":"ListItem","position":1,"name":"Accueil","item":"https:\/\/sysmatec.ch\/de\/"},{"@type":"ListItem","position":2,"name":"Die Aktivit\u00e4t von Sysmatec","item":"https:\/\/sysmatec.ch\/de\/"},{"@type":"ListItem","position":3,"name":"Torus Miniature Fiber Optic Spectrophotometer (Detektor)"}]},{"@type":"WebSite","@id":"https:\/\/sysmatec.ch\/de\/#website","url":"https:\/\/sysmatec.ch\/de\/","name":"Sysmatec","description":"Equipement de laboratoire et logiciels","publisher":{"@id":"https:\/\/sysmatec.ch\/de\/#organization"},"potentialAction":[{"@type":"SearchAction","target":{"@type":"EntryPoint","urlTemplate":"https:\/\/sysmatec.ch\/de\/?s={search_term_string}"},"query-input":{"@type":"PropertyValueSpecification","valueRequired":true,"valueName":"search_term_string"}}],"inLanguage":"de"},{"@type":"Organization","@id":"https:\/\/sysmatec.ch\/de\/#organization","name":"Sysmatec","url":"https:\/\/sysmatec.ch\/de\/","logo":{"@type":"ImageObject","inLanguage":"de","@id":"https:\/\/sysmatec.ch\/de\/#\/schema\/logo\/image\/","url":"https:\/\/sysmatec.ch\/wp-content\/uploads\/2018\/11\/LogoSysmatec.jpg","contentUrl":"https:\/\/sysmatec.ch\/wp-content\/uploads\/2018\/11\/LogoSysmatec.jpg","width":301,"height":297,"caption":"Sysmatec"},"image":{"@id":"https:\/\/sysmatec.ch\/de\/#\/schema\/logo\/image\/"}}]}},"_links":{"self":[{"href":"https:\/\/sysmatec.ch\/de\/wp-json\/wp\/v2\/product\/6576","targetHints":{"allow":["GET"]}}],"collection":[{"href":"https:\/\/sysmatec.ch\/de\/wp-json\/wp\/v2\/product"}],"about":[{"href":"https:\/\/sysmatec.ch\/de\/wp-json\/wp\/v2\/types\/product"}],"wp:featuredmedia":[{"embeddable":true,"href":"https:\/\/sysmatec.ch\/de\/wp-json\/wp\/v2\/media\/6571"}],"wp:attachment":[{"href":"https:\/\/sysmatec.ch\/de\/wp-json\/wp\/v2\/media?parent=6576"}],"wp:term":[{"taxonomy":"product_brand","embeddable":true,"href":"https:\/\/sysmatec.ch\/de\/wp-json\/wp\/v2\/product_brand?post=6576"},{"taxonomy":"product_cat","embeddable":true,"href":"https:\/\/sysmatec.ch\/de\/wp-json\/wp\/v2\/product_cat?post=6576"},{"taxonomy":"product_tag","embeddable":true,"href":"https:\/\/sysmatec.ch\/de\/wp-json\/wp\/v2\/product_tag?post=6576"}],"curies":[{"name":"wp","href":"https:\/\/api.w.org\/{rel}","templated":true}]}}