{"id":6564,"date":"2019-05-31T13:50:05","date_gmt":"2019-05-31T11:50:05","guid":{"rendered":"https:\/\/sysmatec.ch\/produit\/accessoires-pour-spectrophotometre-aes\/"},"modified":"2022-01-07T21:54:28","modified_gmt":"2022-01-07T20:54:28","slug":"zubehoer-fuer-for-spektrophotometer-aes","status":"publish","type":"product","link":"https:\/\/sysmatec.ch\/de\/Produkt\/zubehoer-fuer-for-spektrophotometer-aes\/","title":{"rendered":"Zubeh\u00f6r f\u00fcr for Spektrophotometer AES"},"content":{"rendered":"<p>4 Zellen K\u00fcvettenhalter, f\u00fcr 10 mm K\u00fcvette<\/p>\n<p>4 Zellen K\u00fcvettenhalter, f\u00fcr 50 mm K\u00fcvette<\/p>\n<p>4 Zellen K\u00fcvettenhalter, f\u00fcr 100 mm K\u00fcvette<\/p>\n<p>8 Zellen K\u00fcvettenhalter, f\u00fcr 10 mm K\u00fcvette<\/p>\n<p>10mm Kuvettehalter mit Doppelmantel f\u00fcr Wassertemperierung<\/p>\n<p>Integrating Sphere<\/p>\n<p>Reagenzglashalter<\/p>\n","protected":false},"excerpt":{"rendered":"<p>Zubeh\u00f6r f\u00fcr for Spektrophotometer wie K\u00fcvettenhalter.<\/p>\n","protected":false},"featured_media":6561,"template":"","meta":{"_crdt_document":""},"product_brand":[],"product_cat":[224],"product_tag":[],"class_list":{"0":"post-6564","1":"product","2":"type-product","3":"status-publish","4":"has-post-thumbnail","6":"product_cat-spektrophotometer","8":"first","9":"instock","10":"taxable","11":"shipping-taxable","12":"product-type-simple"},"yoast_head":"<!-- This site is optimized with the Yoast SEO plugin v27.3 - https:\/\/yoast.com\/product\/yoast-seo-wordpress\/ -->\n<title>Zubeh\u00f6r f\u00fcr for Spektrophotometer AES - Sysmatec<\/title>\n<meta name=\"description\" content=\"Zubeh\u00f6r f\u00fcr Spektrophotometer, K\u00fcvettenhalter mit mehreren Positionen, f\u00fcr K\u00fcvetten unterschiedlicher Gr\u00f6\u00dfe.\" \/>\n<meta name=\"robots\" content=\"index, follow, max-snippet:-1, max-image-preview:large, max-video-preview:-1\" \/>\n<link rel=\"canonical\" href=\"https:\/\/sysmatec.ch\/de\/produit\/zubehoer-fuer-for-spektrophotometer-aes\/\" \/>\n<meta property=\"og:locale\" content=\"de_DE\" \/>\n<meta property=\"og:type\" content=\"article\" \/>\n<meta property=\"og:title\" content=\"Zubeh\u00f6r f\u00fcr for Spektrophotometer AES - Sysmatec\" \/>\n<meta property=\"og:description\" content=\"Zubeh\u00f6r f\u00fcr Spektrophotometer, K\u00fcvettenhalter mit mehreren Positionen, f\u00fcr K\u00fcvetten unterschiedlicher Gr\u00f6\u00dfe.\" \/>\n<meta property=\"og:url\" content=\"https:\/\/sysmatec.ch\/de\/produit\/zubehoer-fuer-for-spektrophotometer-aes\/\" \/>\n<meta property=\"og:site_name\" content=\"Sysmatec\" \/>\n<meta property=\"article:modified_time\" content=\"2022-01-07T20:54:28+00:00\" \/>\n<meta property=\"og:image\" content=\"https:\/\/sysmatec.ch\/wp-content\/uploads\/2019\/05\/Spectrophotometre_AELab4CellsHolder.jpg\" \/>\n\t<meta property=\"og:image:width\" content=\"186\" \/>\n\t<meta property=\"og:image:height\" content=\"116\" \/>\n\t<meta property=\"og:image:type\" content=\"image\/jpeg\" \/>\n<meta name=\"twitter:card\" content=\"summary_large_image\" \/>\n<script type=\"application\/ld+json\" class=\"yoast-schema-graph\">{\"@context\":\"https:\\\/\\\/schema.org\",\"@graph\":[{\"@type\":\"WebPage\",\"@id\":\"https:\\\/\\\/sysmatec.ch\\\/de\\\/produit\\\/zubehoer-fuer-for-spektrophotometer-aes\\\/\",\"url\":\"https:\\\/\\\/sysmatec.ch\\\/de\\\/produit\\\/zubehoer-fuer-for-spektrophotometer-aes\\\/\",\"name\":\"Zubeh\u00f6r f\u00fcr for Spektrophotometer AES - Sysmatec\",\"isPartOf\":{\"@id\":\"https:\\\/\\\/sysmatec.ch\\\/de\\\/#website\"},\"primaryImageOfPage\":{\"@id\":\"https:\\\/\\\/sysmatec.ch\\\/de\\\/produit\\\/zubehoer-fuer-for-spektrophotometer-aes\\\/#primaryimage\"},\"image\":{\"@id\":\"https:\\\/\\\/sysmatec.ch\\\/de\\\/produit\\\/zubehoer-fuer-for-spektrophotometer-aes\\\/#primaryimage\"},\"thumbnailUrl\":\"https:\\\/\\\/sysmatec.ch\\\/wp-content\\\/uploads\\\/2019\\\/05\\\/Spectrophotometre_AELab4CellsHolder.jpg\",\"datePublished\":\"2019-05-31T11:50:05+00:00\",\"dateModified\":\"2022-01-07T20:54:28+00:00\",\"description\":\"Zubeh\u00f6r f\u00fcr Spektrophotometer, K\u00fcvettenhalter mit mehreren Positionen, f\u00fcr K\u00fcvetten unterschiedlicher Gr\u00f6\u00dfe.\",\"breadcrumb\":{\"@id\":\"https:\\\/\\\/sysmatec.ch\\\/de\\\/produit\\\/zubehoer-fuer-for-spektrophotometer-aes\\\/#breadcrumb\"},\"inLanguage\":\"de\",\"potentialAction\":[{\"@type\":\"ReadAction\",\"target\":[\"https:\\\/\\\/sysmatec.ch\\\/de\\\/produit\\\/zubehoer-fuer-for-spektrophotometer-aes\\\/\"]}]},{\"@type\":\"ImageObject\",\"inLanguage\":\"de\",\"@id\":\"https:\\\/\\\/sysmatec.ch\\\/de\\\/produit\\\/zubehoer-fuer-for-spektrophotometer-aes\\\/#primaryimage\",\"url\":\"https:\\\/\\\/sysmatec.ch\\\/wp-content\\\/uploads\\\/2019\\\/05\\\/Spectrophotometre_AELab4CellsHolder.jpg\",\"contentUrl\":\"https:\\\/\\\/sysmatec.ch\\\/wp-content\\\/uploads\\\/2019\\\/05\\\/Spectrophotometre_AELab4CellsHolder.jpg\",\"width\":186,\"height\":116},{\"@type\":\"BreadcrumbList\",\"@id\":\"https:\\\/\\\/sysmatec.ch\\\/de\\\/produit\\\/zubehoer-fuer-for-spektrophotometer-aes\\\/#breadcrumb\",\"itemListElement\":[{\"@type\":\"ListItem\",\"position\":1,\"name\":\"Accueil\",\"item\":\"https:\\\/\\\/sysmatec.ch\\\/de\\\/\"},{\"@type\":\"ListItem\",\"position\":2,\"name\":\"Die Aktivit\u00e4t von Sysmatec\",\"item\":\"https:\\\/\\\/sysmatec.ch\\\/de\\\/\"},{\"@type\":\"ListItem\",\"position\":3,\"name\":\"Zubeh\u00f6r f\u00fcr for Spektrophotometer AES\"}]},{\"@type\":\"WebSite\",\"@id\":\"https:\\\/\\\/sysmatec.ch\\\/de\\\/#website\",\"url\":\"https:\\\/\\\/sysmatec.ch\\\/de\\\/\",\"name\":\"Sysmatec\",\"description\":\"Equipement de laboratoire et logiciels\",\"publisher\":{\"@id\":\"https:\\\/\\\/sysmatec.ch\\\/de\\\/#organization\"},\"potentialAction\":[{\"@type\":\"SearchAction\",\"target\":{\"@type\":\"EntryPoint\",\"urlTemplate\":\"https:\\\/\\\/sysmatec.ch\\\/de\\\/?s={search_term_string}\"},\"query-input\":{\"@type\":\"PropertyValueSpecification\",\"valueRequired\":true,\"valueName\":\"search_term_string\"}}],\"inLanguage\":\"de\"},{\"@type\":\"Organization\",\"@id\":\"https:\\\/\\\/sysmatec.ch\\\/de\\\/#organization\",\"name\":\"Sysmatec\",\"url\":\"https:\\\/\\\/sysmatec.ch\\\/de\\\/\",\"logo\":{\"@type\":\"ImageObject\",\"inLanguage\":\"de\",\"@id\":\"https:\\\/\\\/sysmatec.ch\\\/de\\\/#\\\/schema\\\/logo\\\/image\\\/\",\"url\":\"https:\\\/\\\/sysmatec.ch\\\/wp-content\\\/uploads\\\/2018\\\/11\\\/LogoSysmatec.jpg\",\"contentUrl\":\"https:\\\/\\\/sysmatec.ch\\\/wp-content\\\/uploads\\\/2018\\\/11\\\/LogoSysmatec.jpg\",\"width\":301,\"height\":297,\"caption\":\"Sysmatec\"},\"image\":{\"@id\":\"https:\\\/\\\/sysmatec.ch\\\/de\\\/#\\\/schema\\\/logo\\\/image\\\/\"}}]}<\/script>\n<!-- \/ Yoast SEO plugin. -->","yoast_head_json":{"title":"Zubeh\u00f6r f\u00fcr for Spektrophotometer AES - Sysmatec","description":"Zubeh\u00f6r f\u00fcr Spektrophotometer, K\u00fcvettenhalter mit mehreren Positionen, f\u00fcr K\u00fcvetten unterschiedlicher Gr\u00f6\u00dfe.","robots":{"index":"index","follow":"follow","max-snippet":"max-snippet:-1","max-image-preview":"max-image-preview:large","max-video-preview":"max-video-preview:-1"},"canonical":"https:\/\/sysmatec.ch\/de\/produit\/zubehoer-fuer-for-spektrophotometer-aes\/","og_locale":"de_DE","og_type":"article","og_title":"Zubeh\u00f6r f\u00fcr for Spektrophotometer AES - Sysmatec","og_description":"Zubeh\u00f6r f\u00fcr Spektrophotometer, K\u00fcvettenhalter mit mehreren Positionen, f\u00fcr K\u00fcvetten unterschiedlicher Gr\u00f6\u00dfe.","og_url":"https:\/\/sysmatec.ch\/de\/produit\/zubehoer-fuer-for-spektrophotometer-aes\/","og_site_name":"Sysmatec","article_modified_time":"2022-01-07T20:54:28+00:00","og_image":[{"width":186,"height":116,"url":"https:\/\/sysmatec.ch\/wp-content\/uploads\/2019\/05\/Spectrophotometre_AELab4CellsHolder.jpg","type":"image\/jpeg"}],"twitter_card":"summary_large_image","schema":{"@context":"https:\/\/schema.org","@graph":[{"@type":"WebPage","@id":"https:\/\/sysmatec.ch\/de\/produit\/zubehoer-fuer-for-spektrophotometer-aes\/","url":"https:\/\/sysmatec.ch\/de\/produit\/zubehoer-fuer-for-spektrophotometer-aes\/","name":"Zubeh\u00f6r f\u00fcr for Spektrophotometer AES - Sysmatec","isPartOf":{"@id":"https:\/\/sysmatec.ch\/de\/#website"},"primaryImageOfPage":{"@id":"https:\/\/sysmatec.ch\/de\/produit\/zubehoer-fuer-for-spektrophotometer-aes\/#primaryimage"},"image":{"@id":"https:\/\/sysmatec.ch\/de\/produit\/zubehoer-fuer-for-spektrophotometer-aes\/#primaryimage"},"thumbnailUrl":"https:\/\/sysmatec.ch\/wp-content\/uploads\/2019\/05\/Spectrophotometre_AELab4CellsHolder.jpg","datePublished":"2019-05-31T11:50:05+00:00","dateModified":"2022-01-07T20:54:28+00:00","description":"Zubeh\u00f6r f\u00fcr Spektrophotometer, K\u00fcvettenhalter mit mehreren Positionen, f\u00fcr K\u00fcvetten unterschiedlicher Gr\u00f6\u00dfe.","breadcrumb":{"@id":"https:\/\/sysmatec.ch\/de\/produit\/zubehoer-fuer-for-spektrophotometer-aes\/#breadcrumb"},"inLanguage":"de","potentialAction":[{"@type":"ReadAction","target":["https:\/\/sysmatec.ch\/de\/produit\/zubehoer-fuer-for-spektrophotometer-aes\/"]}]},{"@type":"ImageObject","inLanguage":"de","@id":"https:\/\/sysmatec.ch\/de\/produit\/zubehoer-fuer-for-spektrophotometer-aes\/#primaryimage","url":"https:\/\/sysmatec.ch\/wp-content\/uploads\/2019\/05\/Spectrophotometre_AELab4CellsHolder.jpg","contentUrl":"https:\/\/sysmatec.ch\/wp-content\/uploads\/2019\/05\/Spectrophotometre_AELab4CellsHolder.jpg","width":186,"height":116},{"@type":"BreadcrumbList","@id":"https:\/\/sysmatec.ch\/de\/produit\/zubehoer-fuer-for-spektrophotometer-aes\/#breadcrumb","itemListElement":[{"@type":"ListItem","position":1,"name":"Accueil","item":"https:\/\/sysmatec.ch\/de\/"},{"@type":"ListItem","position":2,"name":"Die Aktivit\u00e4t von Sysmatec","item":"https:\/\/sysmatec.ch\/de\/"},{"@type":"ListItem","position":3,"name":"Zubeh\u00f6r f\u00fcr for Spektrophotometer AES"}]},{"@type":"WebSite","@id":"https:\/\/sysmatec.ch\/de\/#website","url":"https:\/\/sysmatec.ch\/de\/","name":"Sysmatec","description":"Equipement de laboratoire et logiciels","publisher":{"@id":"https:\/\/sysmatec.ch\/de\/#organization"},"potentialAction":[{"@type":"SearchAction","target":{"@type":"EntryPoint","urlTemplate":"https:\/\/sysmatec.ch\/de\/?s={search_term_string}"},"query-input":{"@type":"PropertyValueSpecification","valueRequired":true,"valueName":"search_term_string"}}],"inLanguage":"de"},{"@type":"Organization","@id":"https:\/\/sysmatec.ch\/de\/#organization","name":"Sysmatec","url":"https:\/\/sysmatec.ch\/de\/","logo":{"@type":"ImageObject","inLanguage":"de","@id":"https:\/\/sysmatec.ch\/de\/#\/schema\/logo\/image\/","url":"https:\/\/sysmatec.ch\/wp-content\/uploads\/2018\/11\/LogoSysmatec.jpg","contentUrl":"https:\/\/sysmatec.ch\/wp-content\/uploads\/2018\/11\/LogoSysmatec.jpg","width":301,"height":297,"caption":"Sysmatec"},"image":{"@id":"https:\/\/sysmatec.ch\/de\/#\/schema\/logo\/image\/"}}]}},"_links":{"self":[{"href":"https:\/\/sysmatec.ch\/de\/wp-json\/wp\/v2\/product\/6564","targetHints":{"allow":["GET"]}}],"collection":[{"href":"https:\/\/sysmatec.ch\/de\/wp-json\/wp\/v2\/product"}],"about":[{"href":"https:\/\/sysmatec.ch\/de\/wp-json\/wp\/v2\/types\/product"}],"wp:featuredmedia":[{"embeddable":true,"href":"https:\/\/sysmatec.ch\/de\/wp-json\/wp\/v2\/media\/6561"}],"wp:attachment":[{"href":"https:\/\/sysmatec.ch\/de\/wp-json\/wp\/v2\/media?parent=6564"}],"wp:term":[{"taxonomy":"product_brand","embeddable":true,"href":"https:\/\/sysmatec.ch\/de\/wp-json\/wp\/v2\/product_brand?post=6564"},{"taxonomy":"product_cat","embeddable":true,"href":"https:\/\/sysmatec.ch\/de\/wp-json\/wp\/v2\/product_cat?post=6564"},{"taxonomy":"product_tag","embeddable":true,"href":"https:\/\/sysmatec.ch\/de\/wp-json\/wp\/v2\/product_tag?post=6564"}],"curies":[{"name":"wp","href":"https:\/\/api.w.org\/{rel}","templated":true}]}}