{"id":6531,"date":"2019-05-31T11:25:54","date_gmt":"2019-05-31T09:25:54","guid":{"rendered":"https:\/\/sysmatec.ch\/produit\/spectrophotometre-visible-ae-s50\/"},"modified":"2022-01-08T07:52:25","modified_gmt":"2022-01-08T06:52:25","slug":"vis-spektrophotometer-ae-s50","status":"publish","type":"product","link":"https:\/\/sysmatec.ch\/de\/Produkt\/vis-spektrophotometer-ae-s50\/","title":{"rendered":"VIS-Spektrophotometer AE-S50"},"content":{"rendered":"<p>Einstrahl-Spektralphotometer mit hochstabilen Optik.<\/p>\n<p>USB-Anschluss f\u00fcr die Datenspeicherung.<\/p>\n<p>PC-Software zur Verf\u00fcgung.<\/p>\n<p>Umfangreiches Zubeh\u00f6r erh\u00e4ltlich.<\/p>\n<p>Optisches System: Einstrahl-, Gitter 1200 Linien\/mm<\/p>\n<p>Vier Anzeigemodus: Absorption, Transmission, Konzentration und Koeffizienten<\/p>\n<h2>Spektrophotometer Technische Daten<\/h2>\n<ul>\n<li style=\"list-style-type: none;\">\n<ul>\n<li type=\"disc\">Wellenl\u00e4ngenbereich 325-1000 nm<\/li>\n<li type=\"disc\">Bandbreite 4 nm<\/li>\n<li type=\"disc\">Wellenl\u00e4ngengenauigkeit \u00b1 2 nm<\/li>\n<li type=\"disc\">Wellenl\u00e4nge Wiederholbarkeit 1 nm<\/li>\n<li type=\"disc\">Photometrische Genauigkeit \u00b1 0.5% T<\/li>\n<li type=\"disc\">Photometrische Reproduzierbarkeit 0.3% T<\/li>\n<li type=\"disc\">Stabilit\u00e4t 0.002A \/ h @ 500 nm<\/li>\n<li type=\"disc\">Streulicht x0.3% T @ 220nm, 360nm<\/li>\n<li type=\"disc\">Printer Port Parallel Port<\/li>\n<li type=\"disc\">Anzeige LED-Anzeige<\/li>\n<li type=\"disc\">Lampe Halogen<\/li>\n<li type=\"disc\">Detector Silizium-Photodiode<\/li>\n<li type=\"disc\">Verpackungs-Gr\u00f6\u00dfe &amp; Gewicht 550 \u00d7 420 \u00d7 280 mm und 8 kg<\/li>\n<\/ul>\n<\/li>\n<\/ul>\n<p>&nbsp;<\/p>\n","protected":false},"excerpt":{"rendered":"<p>Einstrahl-Spektralphotometer<\/p>\n","protected":false},"featured_media":6529,"template":"","meta":{"_crdt_document":""},"product_brand":[],"product_cat":[224],"product_tag":[],"class_list":{"0":"post-6531","1":"product","2":"type-product","3":"status-publish","4":"has-post-thumbnail","6":"product_cat-spektrophotometer","8":"first","9":"instock","10":"taxable","11":"shipping-taxable","12":"product-type-simple"},"yoast_head":"<!-- This site is optimized with the Yoast SEO plugin v27.3 - https:\/\/yoast.com\/product\/yoast-seo-wordpress\/ -->\n<title>VIS-Spektrophotometer AE-S50 - Sysmatec<\/title>\n<meta name=\"description\" content=\"Einstrahl-Spektrophotometer, Wellenl\u00e4ngenbereich 325 bis 1000 nm, mit Wolframlampen, 1200 Linien \/ mm Gitter.\" \/>\n<meta name=\"robots\" content=\"index, follow, max-snippet:-1, max-image-preview:large, max-video-preview:-1\" \/>\n<link rel=\"canonical\" href=\"https:\/\/sysmatec.ch\/de\/produit\/vis-spektrophotometer-ae-s50\/\" \/>\n<meta property=\"og:locale\" content=\"de_DE\" \/>\n<meta property=\"og:type\" content=\"article\" \/>\n<meta property=\"og:title\" content=\"VIS-Spektrophotometer AE-S50 - Sysmatec\" \/>\n<meta property=\"og:description\" content=\"Einstrahl-Spektrophotometer, Wellenl\u00e4ngenbereich 325 bis 1000 nm, mit Wolframlampen, 1200 Linien \/ mm Gitter.\" \/>\n<meta property=\"og:url\" content=\"https:\/\/sysmatec.ch\/de\/produit\/vis-spektrophotometer-ae-s50\/\" \/>\n<meta property=\"og:site_name\" content=\"Sysmatec\" \/>\n<meta property=\"article:modified_time\" content=\"2022-01-08T06:52:25+00:00\" \/>\n<meta property=\"og:image\" content=\"https:\/\/sysmatec.ch\/wp-content\/uploads\/2019\/05\/Spectrophotometre_AELabAES50.jpg\" \/>\n\t<meta property=\"og:image:width\" content=\"185\" \/>\n\t<meta property=\"og:image:height\" content=\"94\" \/>\n\t<meta property=\"og:image:type\" content=\"image\/jpeg\" \/>\n<meta name=\"twitter:card\" content=\"summary_large_image\" \/>\n<meta name=\"twitter:label1\" content=\"Gesch\u00e4tzte Lesezeit\" \/>\n\t<meta name=\"twitter:data1\" content=\"1\u00a0Minute\" \/>\n<script type=\"application\/ld+json\" class=\"yoast-schema-graph\">{\"@context\":\"https:\\\/\\\/schema.org\",\"@graph\":[{\"@type\":\"WebPage\",\"@id\":\"https:\\\/\\\/sysmatec.ch\\\/de\\\/produit\\\/vis-spektrophotometer-ae-s50\\\/\",\"url\":\"https:\\\/\\\/sysmatec.ch\\\/de\\\/produit\\\/vis-spektrophotometer-ae-s50\\\/\",\"name\":\"VIS-Spektrophotometer AE-S50 - Sysmatec\",\"isPartOf\":{\"@id\":\"https:\\\/\\\/sysmatec.ch\\\/de\\\/#website\"},\"primaryImageOfPage\":{\"@id\":\"https:\\\/\\\/sysmatec.ch\\\/de\\\/produit\\\/vis-spektrophotometer-ae-s50\\\/#primaryimage\"},\"image\":{\"@id\":\"https:\\\/\\\/sysmatec.ch\\\/de\\\/produit\\\/vis-spektrophotometer-ae-s50\\\/#primaryimage\"},\"thumbnailUrl\":\"https:\\\/\\\/sysmatec.ch\\\/wp-content\\\/uploads\\\/2019\\\/05\\\/Spectrophotometre_AELabAES50.jpg\",\"datePublished\":\"2019-05-31T09:25:54+00:00\",\"dateModified\":\"2022-01-08T06:52:25+00:00\",\"description\":\"Einstrahl-Spektrophotometer, Wellenl\u00e4ngenbereich 325 bis 1000 nm, mit Wolframlampen, 1200 Linien \\\/ mm Gitter.\",\"breadcrumb\":{\"@id\":\"https:\\\/\\\/sysmatec.ch\\\/de\\\/produit\\\/vis-spektrophotometer-ae-s50\\\/#breadcrumb\"},\"inLanguage\":\"de\",\"potentialAction\":[{\"@type\":\"ReadAction\",\"target\":[\"https:\\\/\\\/sysmatec.ch\\\/de\\\/produit\\\/vis-spektrophotometer-ae-s50\\\/\"]}]},{\"@type\":\"ImageObject\",\"inLanguage\":\"de\",\"@id\":\"https:\\\/\\\/sysmatec.ch\\\/de\\\/produit\\\/vis-spektrophotometer-ae-s50\\\/#primaryimage\",\"url\":\"https:\\\/\\\/sysmatec.ch\\\/wp-content\\\/uploads\\\/2019\\\/05\\\/Spectrophotometre_AELabAES50.jpg\",\"contentUrl\":\"https:\\\/\\\/sysmatec.ch\\\/wp-content\\\/uploads\\\/2019\\\/05\\\/Spectrophotometre_AELabAES50.jpg\",\"width\":185,\"height\":94},{\"@type\":\"BreadcrumbList\",\"@id\":\"https:\\\/\\\/sysmatec.ch\\\/de\\\/produit\\\/vis-spektrophotometer-ae-s50\\\/#breadcrumb\",\"itemListElement\":[{\"@type\":\"ListItem\",\"position\":1,\"name\":\"Accueil\",\"item\":\"https:\\\/\\\/sysmatec.ch\\\/de\\\/\"},{\"@type\":\"ListItem\",\"position\":2,\"name\":\"Die Aktivit\u00e4t von Sysmatec\",\"item\":\"https:\\\/\\\/sysmatec.ch\\\/de\\\/\"},{\"@type\":\"ListItem\",\"position\":3,\"name\":\"VIS-Spektrophotometer AE-S50\"}]},{\"@type\":\"WebSite\",\"@id\":\"https:\\\/\\\/sysmatec.ch\\\/de\\\/#website\",\"url\":\"https:\\\/\\\/sysmatec.ch\\\/de\\\/\",\"name\":\"Sysmatec\",\"description\":\"Equipement de laboratoire et logiciels\",\"publisher\":{\"@id\":\"https:\\\/\\\/sysmatec.ch\\\/de\\\/#organization\"},\"potentialAction\":[{\"@type\":\"SearchAction\",\"target\":{\"@type\":\"EntryPoint\",\"urlTemplate\":\"https:\\\/\\\/sysmatec.ch\\\/de\\\/?s={search_term_string}\"},\"query-input\":{\"@type\":\"PropertyValueSpecification\",\"valueRequired\":true,\"valueName\":\"search_term_string\"}}],\"inLanguage\":\"de\"},{\"@type\":\"Organization\",\"@id\":\"https:\\\/\\\/sysmatec.ch\\\/de\\\/#organization\",\"name\":\"Sysmatec\",\"url\":\"https:\\\/\\\/sysmatec.ch\\\/de\\\/\",\"logo\":{\"@type\":\"ImageObject\",\"inLanguage\":\"de\",\"@id\":\"https:\\\/\\\/sysmatec.ch\\\/de\\\/#\\\/schema\\\/logo\\\/image\\\/\",\"url\":\"https:\\\/\\\/sysmatec.ch\\\/wp-content\\\/uploads\\\/2018\\\/11\\\/LogoSysmatec.jpg\",\"contentUrl\":\"https:\\\/\\\/sysmatec.ch\\\/wp-content\\\/uploads\\\/2018\\\/11\\\/LogoSysmatec.jpg\",\"width\":301,\"height\":297,\"caption\":\"Sysmatec\"},\"image\":{\"@id\":\"https:\\\/\\\/sysmatec.ch\\\/de\\\/#\\\/schema\\\/logo\\\/image\\\/\"}}]}<\/script>\n<!-- \/ Yoast SEO plugin. -->","yoast_head_json":{"title":"VIS-Spektrophotometer AE-S50 - Sysmatec","description":"Einstrahl-Spektrophotometer, Wellenl\u00e4ngenbereich 325 bis 1000 nm, mit Wolframlampen, 1200 Linien \/ mm Gitter.","robots":{"index":"index","follow":"follow","max-snippet":"max-snippet:-1","max-image-preview":"max-image-preview:large","max-video-preview":"max-video-preview:-1"},"canonical":"https:\/\/sysmatec.ch\/de\/produit\/vis-spektrophotometer-ae-s50\/","og_locale":"de_DE","og_type":"article","og_title":"VIS-Spektrophotometer AE-S50 - Sysmatec","og_description":"Einstrahl-Spektrophotometer, Wellenl\u00e4ngenbereich 325 bis 1000 nm, mit Wolframlampen, 1200 Linien \/ mm Gitter.","og_url":"https:\/\/sysmatec.ch\/de\/produit\/vis-spektrophotometer-ae-s50\/","og_site_name":"Sysmatec","article_modified_time":"2022-01-08T06:52:25+00:00","og_image":[{"width":185,"height":94,"url":"https:\/\/sysmatec.ch\/wp-content\/uploads\/2019\/05\/Spectrophotometre_AELabAES50.jpg","type":"image\/jpeg"}],"twitter_card":"summary_large_image","twitter_misc":{"Gesch\u00e4tzte Lesezeit":"1\u00a0Minute"},"schema":{"@context":"https:\/\/schema.org","@graph":[{"@type":"WebPage","@id":"https:\/\/sysmatec.ch\/de\/produit\/vis-spektrophotometer-ae-s50\/","url":"https:\/\/sysmatec.ch\/de\/produit\/vis-spektrophotometer-ae-s50\/","name":"VIS-Spektrophotometer AE-S50 - Sysmatec","isPartOf":{"@id":"https:\/\/sysmatec.ch\/de\/#website"},"primaryImageOfPage":{"@id":"https:\/\/sysmatec.ch\/de\/produit\/vis-spektrophotometer-ae-s50\/#primaryimage"},"image":{"@id":"https:\/\/sysmatec.ch\/de\/produit\/vis-spektrophotometer-ae-s50\/#primaryimage"},"thumbnailUrl":"https:\/\/sysmatec.ch\/wp-content\/uploads\/2019\/05\/Spectrophotometre_AELabAES50.jpg","datePublished":"2019-05-31T09:25:54+00:00","dateModified":"2022-01-08T06:52:25+00:00","description":"Einstrahl-Spektrophotometer, Wellenl\u00e4ngenbereich 325 bis 1000 nm, mit Wolframlampen, 1200 Linien \/ mm Gitter.","breadcrumb":{"@id":"https:\/\/sysmatec.ch\/de\/produit\/vis-spektrophotometer-ae-s50\/#breadcrumb"},"inLanguage":"de","potentialAction":[{"@type":"ReadAction","target":["https:\/\/sysmatec.ch\/de\/produit\/vis-spektrophotometer-ae-s50\/"]}]},{"@type":"ImageObject","inLanguage":"de","@id":"https:\/\/sysmatec.ch\/de\/produit\/vis-spektrophotometer-ae-s50\/#primaryimage","url":"https:\/\/sysmatec.ch\/wp-content\/uploads\/2019\/05\/Spectrophotometre_AELabAES50.jpg","contentUrl":"https:\/\/sysmatec.ch\/wp-content\/uploads\/2019\/05\/Spectrophotometre_AELabAES50.jpg","width":185,"height":94},{"@type":"BreadcrumbList","@id":"https:\/\/sysmatec.ch\/de\/produit\/vis-spektrophotometer-ae-s50\/#breadcrumb","itemListElement":[{"@type":"ListItem","position":1,"name":"Accueil","item":"https:\/\/sysmatec.ch\/de\/"},{"@type":"ListItem","position":2,"name":"Die Aktivit\u00e4t von Sysmatec","item":"https:\/\/sysmatec.ch\/de\/"},{"@type":"ListItem","position":3,"name":"VIS-Spektrophotometer AE-S50"}]},{"@type":"WebSite","@id":"https:\/\/sysmatec.ch\/de\/#website","url":"https:\/\/sysmatec.ch\/de\/","name":"Sysmatec","description":"Equipement de laboratoire et logiciels","publisher":{"@id":"https:\/\/sysmatec.ch\/de\/#organization"},"potentialAction":[{"@type":"SearchAction","target":{"@type":"EntryPoint","urlTemplate":"https:\/\/sysmatec.ch\/de\/?s={search_term_string}"},"query-input":{"@type":"PropertyValueSpecification","valueRequired":true,"valueName":"search_term_string"}}],"inLanguage":"de"},{"@type":"Organization","@id":"https:\/\/sysmatec.ch\/de\/#organization","name":"Sysmatec","url":"https:\/\/sysmatec.ch\/de\/","logo":{"@type":"ImageObject","inLanguage":"de","@id":"https:\/\/sysmatec.ch\/de\/#\/schema\/logo\/image\/","url":"https:\/\/sysmatec.ch\/wp-content\/uploads\/2018\/11\/LogoSysmatec.jpg","contentUrl":"https:\/\/sysmatec.ch\/wp-content\/uploads\/2018\/11\/LogoSysmatec.jpg","width":301,"height":297,"caption":"Sysmatec"},"image":{"@id":"https:\/\/sysmatec.ch\/de\/#\/schema\/logo\/image\/"}}]}},"_links":{"self":[{"href":"https:\/\/sysmatec.ch\/de\/wp-json\/wp\/v2\/product\/6531","targetHints":{"allow":["GET"]}}],"collection":[{"href":"https:\/\/sysmatec.ch\/de\/wp-json\/wp\/v2\/product"}],"about":[{"href":"https:\/\/sysmatec.ch\/de\/wp-json\/wp\/v2\/types\/product"}],"wp:featuredmedia":[{"embeddable":true,"href":"https:\/\/sysmatec.ch\/de\/wp-json\/wp\/v2\/media\/6529"}],"wp:attachment":[{"href":"https:\/\/sysmatec.ch\/de\/wp-json\/wp\/v2\/media?parent=6531"}],"wp:term":[{"taxonomy":"product_brand","embeddable":true,"href":"https:\/\/sysmatec.ch\/de\/wp-json\/wp\/v2\/product_brand?post=6531"},{"taxonomy":"product_cat","embeddable":true,"href":"https:\/\/sysmatec.ch\/de\/wp-json\/wp\/v2\/product_cat?post=6531"},{"taxonomy":"product_tag","embeddable":true,"href":"https:\/\/sysmatec.ch\/de\/wp-json\/wp\/v2\/product_tag?post=6531"}],"curies":[{"name":"wp","href":"https:\/\/api.w.org\/{rel}","templated":true}]}}