{"id":6507,"date":"2019-05-30T10:41:05","date_gmt":"2019-05-30T08:41:05","guid":{"rendered":"https:\/\/sysmatec.ch\/produit\/mesure-de-brix-par-mesure-de-la-densite-ou-la-vitesse-du-son\/"},"modified":"2022-01-08T08:47:53","modified_gmt":"2022-01-08T07:47:53","slug":"brixmessung-durch-dichte-oder-schallgeschwindigkeit","status":"publish","type":"product","link":"https:\/\/sysmatec.ch\/de\/Produkt\/brixmessung-durch-dichte-oder-schallgeschwindigkeit\/","title":{"rendered":"Brixmessung durch Dichte oder Schallgeschwindigkeit"},"content":{"rendered":"<p>Der BRIX MONITOR ist eine Variante von RHOTEC oder SONATEC und erm\u00f6glicht, den Zuckergehalt in Fl\u00fcssigkeiten zu messen, der keinen Alkohol ent-halten, z. B. in Sirup und Softdrinks. Das Instrument nutzt die Funktionalit\u00e4t von entweder RHOTEC (Dichtemessung) oder SONATEC (Schallgeschwindig-keitsmessung) und ist f\u00fcr Anwendungen ausgelegt, die maximale Empfindlichkeit und h\u00f6chste Ge-nauigkeit erfordern. Es ist einfach zu bedienen und wartungsfrei. Die Dichtemessung basiert auf dem Biegeschwingerprinzip. Zur Schallgeschwindigkeits-messung wird ein Schallpuls durch einen Ultraschallsender erzeugt und durch einen Ultraschallempf\u00e4nger detektiert. Als spezifische Eigenschaft jeder Fl\u00fcssigkeit kann der Zusammenhang zwischen Konzentration und Dichte bzw. Schallgeschwindig-keit durch ein mathematisches Polynom beschrieben werden. Mit Jahrzehnten Erfahrung sind jetzt die Polynome f\u00fcr eine gro\u00dfe Anzahl von Produkten bekannt. Temperaturdrifts des Messsignals werden automatisch kompensiert.<\/p>\n<table border=\"1\" width=\"499\" cellspacing=\"2\" cellpadding=\"0\">\n<tbody>\n<tr>\n<td>Messbereich<\/td>\n<td>0 &#8211; 80 \u00b0Brix<\/td>\n<\/tr>\n<tr>\n<td>Genauigkeit<\/td>\n<td>\u00b1 0.03 \u00b0Brix (RHOTEC), \u00b1 0.07 \u00b0Brix (SONATEC)<\/td>\n<\/tr>\n<tr>\n<td>Produkttemperatur<\/td>\n<td>-5 bis + 80 \u00b0C<\/td>\n<\/tr>\n<tr>\n<td>Ansprechzeit<\/td>\n<td>&lt;= 1 s<\/td>\n<\/tr>\n<tr>\n<td>Betriebsdruck<\/td>\n<td>max. 16 Bar<\/td>\n<\/tr>\n<tr>\n<td>Material<\/td>\n<td>1.4404\/1.4435\/AISI 316L; Hastelloy; Tantalum; etc.<\/td>\n<\/tr>\n<tr>\n<td>Eingang<\/td>\n<td>6 x digital (24 VDC)<\/td>\n<\/tr>\n<tr>\n<td>Ausgang<\/td>\n<td>3 x digital (24 VDC) &amp; 2 x analog (4 &#8211; 20 mA)<\/td>\n<\/tr>\n<tr>\n<td>Profibus DP<\/td>\n<td>Option<\/td>\n<\/tr>\n<tr>\n<td>Schutzart<\/td>\n<td>IP65<\/td>\n<\/tr>\n<tr>\n<td>Spannungsversorgung<\/td>\n<td>24 VDC<\/td>\n<\/tr>\n<\/tbody>\n<\/table>\n","protected":false},"excerpt":{"rendered":"<p>Brixmessung durch Dichte oder Schallgeschwindigkeit<\/p>\n","protected":false},"featured_media":6505,"template":"","meta":{"_crdt_document":""},"product_brand":[],"product_cat":[221],"product_tag":[],"class_list":{"0":"post-6507","1":"product","2":"type-product","3":"status-publish","4":"has-post-thumbnail","6":"product_cat-refraktometer","8":"first","9":"instock","10":"taxable","11":"shipping-taxable","12":"product-type-simple"},"yoast_head":"<!-- This site is optimized with the Yoast SEO plugin v27.3 - https:\/\/yoast.com\/product\/yoast-seo-wordpress\/ -->\n<title>Brixmessung durch Dichte oder Schallgeschwindigkeit - Sysmatec<\/title>\n<meta name=\"description\" content=\"Messung des Zuckergehalts indirekt durch Messung der Dichte oder Schallgeschwindigkeit. Auf Getr\u00e4nke anwendbares Verfahren.\" \/>\n<meta name=\"robots\" content=\"index, follow, max-snippet:-1, max-image-preview:large, max-video-preview:-1\" \/>\n<link rel=\"canonical\" href=\"https:\/\/sysmatec.ch\/de\/produit\/brixmessung-durch-dichte-oder-schallgeschwindigkeit\/\" \/>\n<meta property=\"og:locale\" content=\"de_DE\" \/>\n<meta property=\"og:type\" content=\"article\" \/>\n<meta property=\"og:title\" content=\"Brixmessung durch Dichte oder Schallgeschwindigkeit - Sysmatec\" \/>\n<meta property=\"og:description\" content=\"Messung des Zuckergehalts indirekt durch Messung der Dichte oder Schallgeschwindigkeit. Auf Getr\u00e4nke anwendbares Verfahren.\" \/>\n<meta property=\"og:url\" content=\"https:\/\/sysmatec.ch\/de\/produit\/brixmessung-durch-dichte-oder-schallgeschwindigkeit\/\" \/>\n<meta property=\"og:site_name\" content=\"Sysmatec\" \/>\n<meta property=\"article:modified_time\" content=\"2022-01-08T07:47:53+00:00\" \/>\n<meta property=\"og:image\" content=\"https:\/\/sysmatec.ch\/wp-content\/uploads\/2019\/05\/Refractometre_CentecBrix.jpg\" \/>\n\t<meta property=\"og:image:width\" content=\"186\" \/>\n\t<meta property=\"og:image:height\" content=\"92\" \/>\n\t<meta property=\"og:image:type\" content=\"image\/jpeg\" \/>\n<meta name=\"twitter:card\" content=\"summary_large_image\" \/>\n<meta name=\"twitter:label1\" content=\"Gesch\u00e4tzte Lesezeit\" \/>\n\t<meta name=\"twitter:data1\" content=\"1\u00a0Minute\" \/>\n<script type=\"application\/ld+json\" class=\"yoast-schema-graph\">{\"@context\":\"https:\\\/\\\/schema.org\",\"@graph\":[{\"@type\":\"WebPage\",\"@id\":\"https:\\\/\\\/sysmatec.ch\\\/de\\\/produit\\\/brixmessung-durch-dichte-oder-schallgeschwindigkeit\\\/\",\"url\":\"https:\\\/\\\/sysmatec.ch\\\/de\\\/produit\\\/brixmessung-durch-dichte-oder-schallgeschwindigkeit\\\/\",\"name\":\"Brixmessung durch Dichte oder Schallgeschwindigkeit - Sysmatec\",\"isPartOf\":{\"@id\":\"https:\\\/\\\/sysmatec.ch\\\/de\\\/#website\"},\"primaryImageOfPage\":{\"@id\":\"https:\\\/\\\/sysmatec.ch\\\/de\\\/produit\\\/brixmessung-durch-dichte-oder-schallgeschwindigkeit\\\/#primaryimage\"},\"image\":{\"@id\":\"https:\\\/\\\/sysmatec.ch\\\/de\\\/produit\\\/brixmessung-durch-dichte-oder-schallgeschwindigkeit\\\/#primaryimage\"},\"thumbnailUrl\":\"https:\\\/\\\/sysmatec.ch\\\/wp-content\\\/uploads\\\/2019\\\/05\\\/Refractometre_CentecBrix.jpg\",\"datePublished\":\"2019-05-30T08:41:05+00:00\",\"dateModified\":\"2022-01-08T07:47:53+00:00\",\"description\":\"Messung des Zuckergehalts indirekt durch Messung der Dichte oder Schallgeschwindigkeit. Auf Getr\u00e4nke anwendbares Verfahren.\",\"breadcrumb\":{\"@id\":\"https:\\\/\\\/sysmatec.ch\\\/de\\\/produit\\\/brixmessung-durch-dichte-oder-schallgeschwindigkeit\\\/#breadcrumb\"},\"inLanguage\":\"de\",\"potentialAction\":[{\"@type\":\"ReadAction\",\"target\":[\"https:\\\/\\\/sysmatec.ch\\\/de\\\/produit\\\/brixmessung-durch-dichte-oder-schallgeschwindigkeit\\\/\"]}]},{\"@type\":\"ImageObject\",\"inLanguage\":\"de\",\"@id\":\"https:\\\/\\\/sysmatec.ch\\\/de\\\/produit\\\/brixmessung-durch-dichte-oder-schallgeschwindigkeit\\\/#primaryimage\",\"url\":\"https:\\\/\\\/sysmatec.ch\\\/wp-content\\\/uploads\\\/2019\\\/05\\\/Refractometre_CentecBrix.jpg\",\"contentUrl\":\"https:\\\/\\\/sysmatec.ch\\\/wp-content\\\/uploads\\\/2019\\\/05\\\/Refractometre_CentecBrix.jpg\",\"width\":186,\"height\":92},{\"@type\":\"BreadcrumbList\",\"@id\":\"https:\\\/\\\/sysmatec.ch\\\/de\\\/produit\\\/brixmessung-durch-dichte-oder-schallgeschwindigkeit\\\/#breadcrumb\",\"itemListElement\":[{\"@type\":\"ListItem\",\"position\":1,\"name\":\"Accueil\",\"item\":\"https:\\\/\\\/sysmatec.ch\\\/de\\\/\"},{\"@type\":\"ListItem\",\"position\":2,\"name\":\"Die Aktivit\u00e4t von Sysmatec\",\"item\":\"https:\\\/\\\/sysmatec.ch\\\/de\\\/\"},{\"@type\":\"ListItem\",\"position\":3,\"name\":\"Brixmessung durch Dichte oder Schallgeschwindigkeit\"}]},{\"@type\":\"WebSite\",\"@id\":\"https:\\\/\\\/sysmatec.ch\\\/de\\\/#website\",\"url\":\"https:\\\/\\\/sysmatec.ch\\\/de\\\/\",\"name\":\"Sysmatec\",\"description\":\"Equipement de laboratoire et logiciels\",\"publisher\":{\"@id\":\"https:\\\/\\\/sysmatec.ch\\\/de\\\/#organization\"},\"potentialAction\":[{\"@type\":\"SearchAction\",\"target\":{\"@type\":\"EntryPoint\",\"urlTemplate\":\"https:\\\/\\\/sysmatec.ch\\\/de\\\/?s={search_term_string}\"},\"query-input\":{\"@type\":\"PropertyValueSpecification\",\"valueRequired\":true,\"valueName\":\"search_term_string\"}}],\"inLanguage\":\"de\"},{\"@type\":\"Organization\",\"@id\":\"https:\\\/\\\/sysmatec.ch\\\/de\\\/#organization\",\"name\":\"Sysmatec\",\"url\":\"https:\\\/\\\/sysmatec.ch\\\/de\\\/\",\"logo\":{\"@type\":\"ImageObject\",\"inLanguage\":\"de\",\"@id\":\"https:\\\/\\\/sysmatec.ch\\\/de\\\/#\\\/schema\\\/logo\\\/image\\\/\",\"url\":\"https:\\\/\\\/sysmatec.ch\\\/wp-content\\\/uploads\\\/2018\\\/11\\\/LogoSysmatec.jpg\",\"contentUrl\":\"https:\\\/\\\/sysmatec.ch\\\/wp-content\\\/uploads\\\/2018\\\/11\\\/LogoSysmatec.jpg\",\"width\":301,\"height\":297,\"caption\":\"Sysmatec\"},\"image\":{\"@id\":\"https:\\\/\\\/sysmatec.ch\\\/de\\\/#\\\/schema\\\/logo\\\/image\\\/\"}}]}<\/script>\n<!-- \/ Yoast SEO plugin. -->","yoast_head_json":{"title":"Brixmessung durch Dichte oder Schallgeschwindigkeit - Sysmatec","description":"Messung des Zuckergehalts indirekt durch Messung der Dichte oder Schallgeschwindigkeit. Auf Getr\u00e4nke anwendbares Verfahren.","robots":{"index":"index","follow":"follow","max-snippet":"max-snippet:-1","max-image-preview":"max-image-preview:large","max-video-preview":"max-video-preview:-1"},"canonical":"https:\/\/sysmatec.ch\/de\/produit\/brixmessung-durch-dichte-oder-schallgeschwindigkeit\/","og_locale":"de_DE","og_type":"article","og_title":"Brixmessung durch Dichte oder Schallgeschwindigkeit - Sysmatec","og_description":"Messung des Zuckergehalts indirekt durch Messung der Dichte oder Schallgeschwindigkeit. Auf Getr\u00e4nke anwendbares Verfahren.","og_url":"https:\/\/sysmatec.ch\/de\/produit\/brixmessung-durch-dichte-oder-schallgeschwindigkeit\/","og_site_name":"Sysmatec","article_modified_time":"2022-01-08T07:47:53+00:00","og_image":[{"width":186,"height":92,"url":"https:\/\/sysmatec.ch\/wp-content\/uploads\/2019\/05\/Refractometre_CentecBrix.jpg","type":"image\/jpeg"}],"twitter_card":"summary_large_image","twitter_misc":{"Gesch\u00e4tzte Lesezeit":"1\u00a0Minute"},"schema":{"@context":"https:\/\/schema.org","@graph":[{"@type":"WebPage","@id":"https:\/\/sysmatec.ch\/de\/produit\/brixmessung-durch-dichte-oder-schallgeschwindigkeit\/","url":"https:\/\/sysmatec.ch\/de\/produit\/brixmessung-durch-dichte-oder-schallgeschwindigkeit\/","name":"Brixmessung durch Dichte oder Schallgeschwindigkeit - Sysmatec","isPartOf":{"@id":"https:\/\/sysmatec.ch\/de\/#website"},"primaryImageOfPage":{"@id":"https:\/\/sysmatec.ch\/de\/produit\/brixmessung-durch-dichte-oder-schallgeschwindigkeit\/#primaryimage"},"image":{"@id":"https:\/\/sysmatec.ch\/de\/produit\/brixmessung-durch-dichte-oder-schallgeschwindigkeit\/#primaryimage"},"thumbnailUrl":"https:\/\/sysmatec.ch\/wp-content\/uploads\/2019\/05\/Refractometre_CentecBrix.jpg","datePublished":"2019-05-30T08:41:05+00:00","dateModified":"2022-01-08T07:47:53+00:00","description":"Messung des Zuckergehalts indirekt durch Messung der Dichte oder Schallgeschwindigkeit. Auf Getr\u00e4nke anwendbares Verfahren.","breadcrumb":{"@id":"https:\/\/sysmatec.ch\/de\/produit\/brixmessung-durch-dichte-oder-schallgeschwindigkeit\/#breadcrumb"},"inLanguage":"de","potentialAction":[{"@type":"ReadAction","target":["https:\/\/sysmatec.ch\/de\/produit\/brixmessung-durch-dichte-oder-schallgeschwindigkeit\/"]}]},{"@type":"ImageObject","inLanguage":"de","@id":"https:\/\/sysmatec.ch\/de\/produit\/brixmessung-durch-dichte-oder-schallgeschwindigkeit\/#primaryimage","url":"https:\/\/sysmatec.ch\/wp-content\/uploads\/2019\/05\/Refractometre_CentecBrix.jpg","contentUrl":"https:\/\/sysmatec.ch\/wp-content\/uploads\/2019\/05\/Refractometre_CentecBrix.jpg","width":186,"height":92},{"@type":"BreadcrumbList","@id":"https:\/\/sysmatec.ch\/de\/produit\/brixmessung-durch-dichte-oder-schallgeschwindigkeit\/#breadcrumb","itemListElement":[{"@type":"ListItem","position":1,"name":"Accueil","item":"https:\/\/sysmatec.ch\/de\/"},{"@type":"ListItem","position":2,"name":"Die Aktivit\u00e4t von Sysmatec","item":"https:\/\/sysmatec.ch\/de\/"},{"@type":"ListItem","position":3,"name":"Brixmessung durch Dichte oder Schallgeschwindigkeit"}]},{"@type":"WebSite","@id":"https:\/\/sysmatec.ch\/de\/#website","url":"https:\/\/sysmatec.ch\/de\/","name":"Sysmatec","description":"Equipement de laboratoire et logiciels","publisher":{"@id":"https:\/\/sysmatec.ch\/de\/#organization"},"potentialAction":[{"@type":"SearchAction","target":{"@type":"EntryPoint","urlTemplate":"https:\/\/sysmatec.ch\/de\/?s={search_term_string}"},"query-input":{"@type":"PropertyValueSpecification","valueRequired":true,"valueName":"search_term_string"}}],"inLanguage":"de"},{"@type":"Organization","@id":"https:\/\/sysmatec.ch\/de\/#organization","name":"Sysmatec","url":"https:\/\/sysmatec.ch\/de\/","logo":{"@type":"ImageObject","inLanguage":"de","@id":"https:\/\/sysmatec.ch\/de\/#\/schema\/logo\/image\/","url":"https:\/\/sysmatec.ch\/wp-content\/uploads\/2018\/11\/LogoSysmatec.jpg","contentUrl":"https:\/\/sysmatec.ch\/wp-content\/uploads\/2018\/11\/LogoSysmatec.jpg","width":301,"height":297,"caption":"Sysmatec"},"image":{"@id":"https:\/\/sysmatec.ch\/de\/#\/schema\/logo\/image\/"}}]}},"_links":{"self":[{"href":"https:\/\/sysmatec.ch\/de\/wp-json\/wp\/v2\/product\/6507","targetHints":{"allow":["GET"]}}],"collection":[{"href":"https:\/\/sysmatec.ch\/de\/wp-json\/wp\/v2\/product"}],"about":[{"href":"https:\/\/sysmatec.ch\/de\/wp-json\/wp\/v2\/types\/product"}],"wp:featuredmedia":[{"embeddable":true,"href":"https:\/\/sysmatec.ch\/de\/wp-json\/wp\/v2\/media\/6505"}],"wp:attachment":[{"href":"https:\/\/sysmatec.ch\/de\/wp-json\/wp\/v2\/media?parent=6507"}],"wp:term":[{"taxonomy":"product_brand","embeddable":true,"href":"https:\/\/sysmatec.ch\/de\/wp-json\/wp\/v2\/product_brand?post=6507"},{"taxonomy":"product_cat","embeddable":true,"href":"https:\/\/sysmatec.ch\/de\/wp-json\/wp\/v2\/product_cat?post=6507"},{"taxonomy":"product_tag","embeddable":true,"href":"https:\/\/sysmatec.ch\/de\/wp-json\/wp\/v2\/product_tag?post=6507"}],"curies":[{"name":"wp","href":"https:\/\/api.w.org\/{rel}","templated":true}]}}