{"id":6490,"date":"2019-05-29T16:32:39","date_gmt":"2019-05-29T14:32:39","guid":{"rendered":"https:\/\/sysmatec.ch\/produit\/refractometre-manuel\/"},"modified":"2024-05-13T08:51:30","modified_gmt":"2024-05-13T06:51:30","slug":"manueller-refraktometer","status":"publish","type":"product","link":"https:\/\/sysmatec.ch\/de\/Produkt\/manueller-refraktometer\/","title":{"rendered":"Manueller Refraktometer"},"content":{"rendered":"<p>Es ist ein Ger\u00e4t zur Messung des Brechungsindex (Refraktometrie). Dieser Index h\u00e4ngt von der Konzentration des gel\u00f6sten Stoffes in einer L\u00f6sung ab. Durch Messung des Brechungsindex ist es m\u00f6glich, die Konzentration einer Substanz in einer L\u00f6sung zu bestimmen.<\/p>\n<p>Es ist m\u00f6glich, die Konzentration von Produkten wie Alkohol, Zucker, \u00d6lqualit\u00e4t, Salz, Milch, &#8230; zu messen.<\/p>\n<p>&nbsp;<\/p>\n<table border=\"1\" width=\"666\" cellspacing=\"2\" cellpadding=\"0\">\n<tbody>\n<tr>\n<td>Serie<\/td>\n<td>Modell<\/td>\n<td>Bereich<\/td>\n<td>Genauigkeit<\/td>\n<\/tr>\n<tr>\n<td>Brix\/ATC<\/td>\n<td>VBR10T<\/td>\n<td>0 bis 10%<\/td>\n<td>0.1%<\/td>\n<\/tr>\n<tr>\n<td><\/td>\n<td>VBR18T<\/td>\n<td>0 bis 18%<\/td>\n<td>0.1%<\/td>\n<\/tr>\n<tr>\n<td><\/td>\n<td>VBR20T<\/td>\n<td>0~20%<\/td>\n<td>0.1%<\/td>\n<\/tr>\n<tr>\n<td><\/td>\n<td>VBR32T<\/td>\n<td>0 bis 32%<\/td>\n<td>0.2%<\/td>\n<\/tr>\n<tr>\n<td><\/td>\n<td>VBR50T<\/td>\n<td>0 bis 50%<\/td>\n<td>0.5%<\/td>\n<\/tr>\n<tr>\n<td><\/td>\n<td>VBR62T<\/td>\n<td>28 bis 62%<\/td>\n<td>0.2%<\/td>\n<\/tr>\n<tr>\n<td><\/td>\n<td>VBR82T<\/td>\n<td>45 bis 82%<\/td>\n<td>0.5%<\/td>\n<\/tr>\n<tr>\n<td><\/td>\n<td>VBR92T<\/td>\n<td>58 bis 92%<\/td>\n<td>0.2%<\/td>\n<\/tr>\n<tr>\n<td><\/td>\n<td>VBR80<\/td>\n<td>0 bis 80%<\/td>\n<td>0.5%<\/td>\n<\/tr>\n<tr>\n<td><\/td>\n<td>VBR90A<\/td>\n<td>0 bis 90%<\/td>\n<td>0.5%<\/td>\n<\/tr>\n<tr>\n<td>Alkohol\/ATC<\/td>\n<td>Alcohol\/ATC<\/td>\n<td>0 bis 60%, 60 bis 80% V\/V<\/td>\n<td>1%, 2%<\/td>\n<\/tr>\n<tr>\n<td>AddBlue\/ ATC<\/td>\n<td>RHA601ATC<\/td>\n<td>0 bis 40 %<\/td>\n<td>0.2%<\/td>\n<\/tr>\n<tr>\n<td>Ethylen glycol\/ ATC<\/td>\n<td>RHA501ATC<\/td>\n<td>-50 bis 0 \u00b0C<\/td>\n<td>5 \u00b0C<\/td>\n<\/tr>\n<tr>\n<td>Propylen Glycol \/ ATC<\/td>\n<td>&#8222;<\/td>\n<td>-50 bis 0 \u00b0C<\/td>\n<td>5 \u00b0C<\/td>\n<\/tr>\n<tr>\n<td>Batteriefl\u00fcssigkeit\/ ATC<\/td>\n<td>&#8222;<\/td>\n<td>1.00 bis 1.30 sg<\/td>\n<td>0.01 sg<\/td>\n<\/tr>\n<tr>\n<td>Frostschutzmittel E\/ ATC<\/td>\n<td>RHA400ATC<\/td>\n<td>-50 bis 0\u00b0C<\/td>\n<td>1\u00b0C<\/td>\n<\/tr>\n<tr>\n<td>Frostschutzmittel P\/ ATC<\/td>\n<td>&#8222;<\/td>\n<td>-50 bis 0\u00b0C<\/td>\n<td>1\u00b0C<\/td>\n<\/tr>\n<\/tbody>\n<\/table>\n","protected":false},"excerpt":{"rendered":"<p>Manueller Refraktometer<\/p>\n","protected":false},"featured_media":6485,"template":"","meta":{"_crdt_document":""},"product_brand":[],"product_cat":[221],"product_tag":[],"class_list":{"0":"post-6490","1":"product","2":"type-product","3":"status-publish","4":"has-post-thumbnail","6":"product_cat-refraktometer","8":"first","9":"instock","10":"taxable","11":"shipping-taxable","12":"product-type-simple"},"yoast_head":"<!-- This site is optimized with the Yoast SEO plugin v27.3 - https:\/\/yoast.com\/product\/yoast-seo-wordpress\/ -->\n<title>Manueller Refraktometer - Sysmatec<\/title>\n<meta name=\"description\" content=\"Manuelles Refraktometer. Verschiedene Bereiche und Einheiten, Brechungsindex, Brix, Alkohol% je nach Modell.\" \/>\n<meta name=\"robots\" content=\"index, follow, max-snippet:-1, max-image-preview:large, max-video-preview:-1\" \/>\n<link rel=\"canonical\" href=\"https:\/\/sysmatec.ch\/de\/Produkt\/manueller-refraktometer\/\" \/>\n<meta property=\"og:locale\" content=\"de_DE\" \/>\n<meta property=\"og:type\" content=\"article\" \/>\n<meta property=\"og:title\" content=\"Manueller Refraktometer - Sysmatec\" \/>\n<meta property=\"og:description\" content=\"Manuelles Refraktometer. Verschiedene Bereiche und Einheiten, Brechungsindex, Brix, Alkohol% je nach Modell.\" \/>\n<meta property=\"og:url\" content=\"https:\/\/sysmatec.ch\/de\/Produkt\/manueller-refraktometer\/\" \/>\n<meta property=\"og:site_name\" content=\"Sysmatec\" \/>\n<meta property=\"article:modified_time\" content=\"2024-05-13T06:51:30+00:00\" \/>\n<meta property=\"og:image\" content=\"https:\/\/sysmatec.ch\/wp-content\/uploads\/2019\/05\/Refractometre_Huixia1.jpg\" \/>\n\t<meta property=\"og:image:width\" content=\"190\" \/>\n\t<meta property=\"og:image:height\" content=\"105\" \/>\n\t<meta property=\"og:image:type\" content=\"image\/jpeg\" \/>\n<meta name=\"twitter:card\" content=\"summary_large_image\" \/>\n<meta name=\"twitter:label1\" content=\"Gesch\u00e4tzte Lesezeit\" \/>\n\t<meta name=\"twitter:data1\" content=\"2\u00a0Minuten\" \/>\n<script type=\"application\/ld+json\" class=\"yoast-schema-graph\">{\"@context\":\"https:\\\/\\\/schema.org\",\"@graph\":[{\"@type\":\"WebPage\",\"@id\":\"https:\\\/\\\/sysmatec.ch\\\/de\\\/Produkt\\\/manueller-refraktometer\\\/\",\"url\":\"https:\\\/\\\/sysmatec.ch\\\/de\\\/Produkt\\\/manueller-refraktometer\\\/\",\"name\":\"Manueller Refraktometer - Sysmatec\",\"isPartOf\":{\"@id\":\"https:\\\/\\\/sysmatec.ch\\\/de\\\/#website\"},\"primaryImageOfPage\":{\"@id\":\"https:\\\/\\\/sysmatec.ch\\\/de\\\/Produkt\\\/manueller-refraktometer\\\/#primaryimage\"},\"image\":{\"@id\":\"https:\\\/\\\/sysmatec.ch\\\/de\\\/Produkt\\\/manueller-refraktometer\\\/#primaryimage\"},\"thumbnailUrl\":\"https:\\\/\\\/sysmatec.ch\\\/wp-content\\\/uploads\\\/2019\\\/05\\\/Refractometre_Huixia1.jpg\",\"datePublished\":\"2019-05-29T14:32:39+00:00\",\"dateModified\":\"2024-05-13T06:51:30+00:00\",\"description\":\"Manuelles Refraktometer. Verschiedene Bereiche und Einheiten, Brechungsindex, Brix, Alkohol% je nach Modell.\",\"breadcrumb\":{\"@id\":\"https:\\\/\\\/sysmatec.ch\\\/de\\\/Produkt\\\/manueller-refraktometer\\\/#breadcrumb\"},\"inLanguage\":\"de\",\"potentialAction\":[{\"@type\":\"ReadAction\",\"target\":[\"https:\\\/\\\/sysmatec.ch\\\/de\\\/Produkt\\\/manueller-refraktometer\\\/\"]}]},{\"@type\":\"ImageObject\",\"inLanguage\":\"de\",\"@id\":\"https:\\\/\\\/sysmatec.ch\\\/de\\\/Produkt\\\/manueller-refraktometer\\\/#primaryimage\",\"url\":\"https:\\\/\\\/sysmatec.ch\\\/wp-content\\\/uploads\\\/2019\\\/05\\\/Refractometre_Huixia1.jpg\",\"contentUrl\":\"https:\\\/\\\/sysmatec.ch\\\/wp-content\\\/uploads\\\/2019\\\/05\\\/Refractometre_Huixia1.jpg\",\"width\":190,\"height\":105},{\"@type\":\"BreadcrumbList\",\"@id\":\"https:\\\/\\\/sysmatec.ch\\\/de\\\/Produkt\\\/manueller-refraktometer\\\/#breadcrumb\",\"itemListElement\":[{\"@type\":\"ListItem\",\"position\":1,\"name\":\"Accueil\",\"item\":\"https:\\\/\\\/sysmatec.ch\\\/de\\\/\"},{\"@type\":\"ListItem\",\"position\":2,\"name\":\"Die Aktivit\u00e4t von Sysmatec\",\"item\":\"https:\\\/\\\/sysmatec.ch\\\/de\\\/\"},{\"@type\":\"ListItem\",\"position\":3,\"name\":\"Manueller Refraktometer\"}]},{\"@type\":\"WebSite\",\"@id\":\"https:\\\/\\\/sysmatec.ch\\\/de\\\/#website\",\"url\":\"https:\\\/\\\/sysmatec.ch\\\/de\\\/\",\"name\":\"Sysmatec\",\"description\":\"Equipement de laboratoire et logiciels\",\"publisher\":{\"@id\":\"https:\\\/\\\/sysmatec.ch\\\/de\\\/#organization\"},\"potentialAction\":[{\"@type\":\"SearchAction\",\"target\":{\"@type\":\"EntryPoint\",\"urlTemplate\":\"https:\\\/\\\/sysmatec.ch\\\/de\\\/?s={search_term_string}\"},\"query-input\":{\"@type\":\"PropertyValueSpecification\",\"valueRequired\":true,\"valueName\":\"search_term_string\"}}],\"inLanguage\":\"de\"},{\"@type\":\"Organization\",\"@id\":\"https:\\\/\\\/sysmatec.ch\\\/de\\\/#organization\",\"name\":\"Sysmatec\",\"url\":\"https:\\\/\\\/sysmatec.ch\\\/de\\\/\",\"logo\":{\"@type\":\"ImageObject\",\"inLanguage\":\"de\",\"@id\":\"https:\\\/\\\/sysmatec.ch\\\/de\\\/#\\\/schema\\\/logo\\\/image\\\/\",\"url\":\"https:\\\/\\\/sysmatec.ch\\\/wp-content\\\/uploads\\\/2018\\\/11\\\/LogoSysmatec.jpg\",\"contentUrl\":\"https:\\\/\\\/sysmatec.ch\\\/wp-content\\\/uploads\\\/2018\\\/11\\\/LogoSysmatec.jpg\",\"width\":301,\"height\":297,\"caption\":\"Sysmatec\"},\"image\":{\"@id\":\"https:\\\/\\\/sysmatec.ch\\\/de\\\/#\\\/schema\\\/logo\\\/image\\\/\"}}]}<\/script>\n<!-- \/ Yoast SEO plugin. -->","yoast_head_json":{"title":"Manueller Refraktometer - Sysmatec","description":"Manuelles Refraktometer. Verschiedene Bereiche und Einheiten, Brechungsindex, Brix, Alkohol% je nach Modell.","robots":{"index":"index","follow":"follow","max-snippet":"max-snippet:-1","max-image-preview":"max-image-preview:large","max-video-preview":"max-video-preview:-1"},"canonical":"https:\/\/sysmatec.ch\/de\/Produkt\/manueller-refraktometer\/","og_locale":"de_DE","og_type":"article","og_title":"Manueller Refraktometer - Sysmatec","og_description":"Manuelles Refraktometer. Verschiedene Bereiche und Einheiten, Brechungsindex, Brix, Alkohol% je nach Modell.","og_url":"https:\/\/sysmatec.ch\/de\/Produkt\/manueller-refraktometer\/","og_site_name":"Sysmatec","article_modified_time":"2024-05-13T06:51:30+00:00","og_image":[{"width":190,"height":105,"url":"https:\/\/sysmatec.ch\/wp-content\/uploads\/2019\/05\/Refractometre_Huixia1.jpg","type":"image\/jpeg"}],"twitter_card":"summary_large_image","twitter_misc":{"Gesch\u00e4tzte Lesezeit":"2\u00a0Minuten"},"schema":{"@context":"https:\/\/schema.org","@graph":[{"@type":"WebPage","@id":"https:\/\/sysmatec.ch\/de\/Produkt\/manueller-refraktometer\/","url":"https:\/\/sysmatec.ch\/de\/Produkt\/manueller-refraktometer\/","name":"Manueller Refraktometer - Sysmatec","isPartOf":{"@id":"https:\/\/sysmatec.ch\/de\/#website"},"primaryImageOfPage":{"@id":"https:\/\/sysmatec.ch\/de\/Produkt\/manueller-refraktometer\/#primaryimage"},"image":{"@id":"https:\/\/sysmatec.ch\/de\/Produkt\/manueller-refraktometer\/#primaryimage"},"thumbnailUrl":"https:\/\/sysmatec.ch\/wp-content\/uploads\/2019\/05\/Refractometre_Huixia1.jpg","datePublished":"2019-05-29T14:32:39+00:00","dateModified":"2024-05-13T06:51:30+00:00","description":"Manuelles Refraktometer. Verschiedene Bereiche und Einheiten, Brechungsindex, Brix, Alkohol% je nach Modell.","breadcrumb":{"@id":"https:\/\/sysmatec.ch\/de\/Produkt\/manueller-refraktometer\/#breadcrumb"},"inLanguage":"de","potentialAction":[{"@type":"ReadAction","target":["https:\/\/sysmatec.ch\/de\/Produkt\/manueller-refraktometer\/"]}]},{"@type":"ImageObject","inLanguage":"de","@id":"https:\/\/sysmatec.ch\/de\/Produkt\/manueller-refraktometer\/#primaryimage","url":"https:\/\/sysmatec.ch\/wp-content\/uploads\/2019\/05\/Refractometre_Huixia1.jpg","contentUrl":"https:\/\/sysmatec.ch\/wp-content\/uploads\/2019\/05\/Refractometre_Huixia1.jpg","width":190,"height":105},{"@type":"BreadcrumbList","@id":"https:\/\/sysmatec.ch\/de\/Produkt\/manueller-refraktometer\/#breadcrumb","itemListElement":[{"@type":"ListItem","position":1,"name":"Accueil","item":"https:\/\/sysmatec.ch\/de\/"},{"@type":"ListItem","position":2,"name":"Die Aktivit\u00e4t von Sysmatec","item":"https:\/\/sysmatec.ch\/de\/"},{"@type":"ListItem","position":3,"name":"Manueller Refraktometer"}]},{"@type":"WebSite","@id":"https:\/\/sysmatec.ch\/de\/#website","url":"https:\/\/sysmatec.ch\/de\/","name":"Sysmatec","description":"Equipement de laboratoire et logiciels","publisher":{"@id":"https:\/\/sysmatec.ch\/de\/#organization"},"potentialAction":[{"@type":"SearchAction","target":{"@type":"EntryPoint","urlTemplate":"https:\/\/sysmatec.ch\/de\/?s={search_term_string}"},"query-input":{"@type":"PropertyValueSpecification","valueRequired":true,"valueName":"search_term_string"}}],"inLanguage":"de"},{"@type":"Organization","@id":"https:\/\/sysmatec.ch\/de\/#organization","name":"Sysmatec","url":"https:\/\/sysmatec.ch\/de\/","logo":{"@type":"ImageObject","inLanguage":"de","@id":"https:\/\/sysmatec.ch\/de\/#\/schema\/logo\/image\/","url":"https:\/\/sysmatec.ch\/wp-content\/uploads\/2018\/11\/LogoSysmatec.jpg","contentUrl":"https:\/\/sysmatec.ch\/wp-content\/uploads\/2018\/11\/LogoSysmatec.jpg","width":301,"height":297,"caption":"Sysmatec"},"image":{"@id":"https:\/\/sysmatec.ch\/de\/#\/schema\/logo\/image\/"}}]}},"_links":{"self":[{"href":"https:\/\/sysmatec.ch\/de\/wp-json\/wp\/v2\/product\/6490","targetHints":{"allow":["GET"]}}],"collection":[{"href":"https:\/\/sysmatec.ch\/de\/wp-json\/wp\/v2\/product"}],"about":[{"href":"https:\/\/sysmatec.ch\/de\/wp-json\/wp\/v2\/types\/product"}],"wp:featuredmedia":[{"embeddable":true,"href":"https:\/\/sysmatec.ch\/de\/wp-json\/wp\/v2\/media\/6485"}],"wp:attachment":[{"href":"https:\/\/sysmatec.ch\/de\/wp-json\/wp\/v2\/media?parent=6490"}],"wp:term":[{"taxonomy":"product_brand","embeddable":true,"href":"https:\/\/sysmatec.ch\/de\/wp-json\/wp\/v2\/product_brand?post=6490"},{"taxonomy":"product_cat","embeddable":true,"href":"https:\/\/sysmatec.ch\/de\/wp-json\/wp\/v2\/product_cat?post=6490"},{"taxonomy":"product_tag","embeddable":true,"href":"https:\/\/sysmatec.ch\/de\/wp-json\/wp\/v2\/product_tag?post=6490"}],"curies":[{"name":"wp","href":"https:\/\/api.w.org\/{rel}","templated":true}]}}