{"id":6464,"date":"2019-05-29T09:43:02","date_gmt":"2019-05-29T07:43:02","guid":{"rendered":"https:\/\/sysmatec.ch\/produit\/module-de-lavage-cappwash-pour-microplaques\/"},"modified":"2022-01-08T10:39:12","modified_gmt":"2022-01-08T09:39:12","slug":"microplate-reiniger-cappwash","status":"publish","type":"product","link":"https:\/\/sysmatec.ch\/de\/Produkt\/microplate-reiniger-cappwash\/","title":{"rendered":"Microplate Reiniger CappWash"},"content":{"rendered":"<ul>\n<li>Einfach zu bedienen: stellen Sie die Rohre in den Vertiefungen ein, dr\u00fccken Sie den Knopf, und gehen Sie an der n\u00e4chsten Zeile.<\/li>\n<li>Sehr robust und zuverl\u00e4ssig<\/li>\n<li>Weniger Waschl\u00f6sung bleibt in den Vertiefungen<\/li>\n<li>F\u00fcr 96-Vertiefungen- und 384-Vertiefungen-Platten (8 Kan\u00e4le, 12 Kan\u00e4le und 16 Kan\u00e4le)<\/li>\n<li>Autoklavierbar<\/li>\n<li>Budget freundlich<\/li>\n<li>Geliefert mit Vakuumpumpe, Flasche f\u00fcr Reinigungsl\u00f6sung, M\u00fcllabfuhr Flasche<\/li>\n<\/ul>\n","protected":false},"excerpt":{"rendered":"<p>Microplate Reiniger<\/p>\n","protected":false},"featured_media":6462,"template":"","meta":{"_crdt_document":""},"product_brand":[],"product_cat":[364,215],"product_tag":[],"class_list":{"0":"post-6464","1":"product","2":"type-product","3":"status-publish","4":"has-post-thumbnail","6":"product_cat-leser","7":"product_cat-mikroplatte","9":"first","10":"instock","11":"taxable","12":"shipping-taxable","13":"product-type-simple"},"yoast_head":"<!-- This site is optimized with the Yoast SEO plugin v27.4 - https:\/\/yoast.com\/product\/yoast-seo-wordpress\/ -->\n<title>Microplate Reiniger CappWash - Sysmatec<\/title>\n<meta name=\"description\" content=\"Waschmodul f\u00fcr Mikrotiterplatten. Verschiedene Konfigurationen 8-Kanal-, 12-Kanal- oder 16-Kanal-. Autoklavierbar.\" \/>\n<meta name=\"robots\" content=\"index, follow, max-snippet:-1, max-image-preview:large, max-video-preview:-1\" \/>\n<link rel=\"canonical\" href=\"https:\/\/sysmatec.ch\/de\/produit\/microplate-reiniger-cappwash\/\" \/>\n<meta property=\"og:locale\" content=\"de_DE\" \/>\n<meta property=\"og:type\" content=\"article\" \/>\n<meta property=\"og:title\" content=\"Microplate Reiniger CappWash - Sysmatec\" \/>\n<meta property=\"og:description\" content=\"Waschmodul f\u00fcr Mikrotiterplatten. Verschiedene Konfigurationen 8-Kanal-, 12-Kanal- oder 16-Kanal-. Autoklavierbar.\" \/>\n<meta property=\"og:url\" content=\"https:\/\/sysmatec.ch\/de\/produit\/microplate-reiniger-cappwash\/\" \/>\n<meta property=\"og:site_name\" content=\"Sysmatec\" \/>\n<meta property=\"article:modified_time\" content=\"2022-01-08T09:39:12+00:00\" \/>\n<meta property=\"og:image\" content=\"https:\/\/sysmatec.ch\/wp-content\/uploads\/2019\/05\/Microplaque_CappWash.jpg\" \/>\n\t<meta property=\"og:image:width\" content=\"150\" \/>\n\t<meta property=\"og:image:height\" content=\"125\" \/>\n\t<meta property=\"og:image:type\" content=\"image\/jpeg\" \/>\n<meta name=\"twitter:card\" content=\"summary_large_image\" \/>\n<script type=\"application\/ld+json\" class=\"yoast-schema-graph\">{\"@context\":\"https:\\\/\\\/schema.org\",\"@graph\":[{\"@type\":\"WebPage\",\"@id\":\"https:\\\/\\\/sysmatec.ch\\\/de\\\/produit\\\/microplate-reiniger-cappwash\\\/\",\"url\":\"https:\\\/\\\/sysmatec.ch\\\/de\\\/produit\\\/microplate-reiniger-cappwash\\\/\",\"name\":\"Microplate Reiniger CappWash - Sysmatec\",\"isPartOf\":{\"@id\":\"https:\\\/\\\/sysmatec.ch\\\/de\\\/#website\"},\"primaryImageOfPage\":{\"@id\":\"https:\\\/\\\/sysmatec.ch\\\/de\\\/produit\\\/microplate-reiniger-cappwash\\\/#primaryimage\"},\"image\":{\"@id\":\"https:\\\/\\\/sysmatec.ch\\\/de\\\/produit\\\/microplate-reiniger-cappwash\\\/#primaryimage\"},\"thumbnailUrl\":\"https:\\\/\\\/sysmatec.ch\\\/wp-content\\\/uploads\\\/2019\\\/05\\\/Microplaque_CappWash.jpg\",\"datePublished\":\"2019-05-29T07:43:02+00:00\",\"dateModified\":\"2022-01-08T09:39:12+00:00\",\"description\":\"Waschmodul f\u00fcr Mikrotiterplatten. Verschiedene Konfigurationen 8-Kanal-, 12-Kanal- oder 16-Kanal-. Autoklavierbar.\",\"breadcrumb\":{\"@id\":\"https:\\\/\\\/sysmatec.ch\\\/de\\\/produit\\\/microplate-reiniger-cappwash\\\/#breadcrumb\"},\"inLanguage\":\"de\",\"potentialAction\":[{\"@type\":\"ReadAction\",\"target\":[\"https:\\\/\\\/sysmatec.ch\\\/de\\\/produit\\\/microplate-reiniger-cappwash\\\/\"]}]},{\"@type\":\"ImageObject\",\"inLanguage\":\"de\",\"@id\":\"https:\\\/\\\/sysmatec.ch\\\/de\\\/produit\\\/microplate-reiniger-cappwash\\\/#primaryimage\",\"url\":\"https:\\\/\\\/sysmatec.ch\\\/wp-content\\\/uploads\\\/2019\\\/05\\\/Microplaque_CappWash.jpg\",\"contentUrl\":\"https:\\\/\\\/sysmatec.ch\\\/wp-content\\\/uploads\\\/2019\\\/05\\\/Microplaque_CappWash.jpg\",\"width\":150,\"height\":125},{\"@type\":\"BreadcrumbList\",\"@id\":\"https:\\\/\\\/sysmatec.ch\\\/de\\\/produit\\\/microplate-reiniger-cappwash\\\/#breadcrumb\",\"itemListElement\":[{\"@type\":\"ListItem\",\"position\":1,\"name\":\"Accueil\",\"item\":\"https:\\\/\\\/sysmatec.ch\\\/de\\\/\"},{\"@type\":\"ListItem\",\"position\":2,\"name\":\"Die Aktivit\u00e4t von Sysmatec\",\"item\":\"https:\\\/\\\/sysmatec.ch\\\/de\\\/\"},{\"@type\":\"ListItem\",\"position\":3,\"name\":\"Microplate Reiniger CappWash\"}]},{\"@type\":\"WebSite\",\"@id\":\"https:\\\/\\\/sysmatec.ch\\\/de\\\/#website\",\"url\":\"https:\\\/\\\/sysmatec.ch\\\/de\\\/\",\"name\":\"Sysmatec\",\"description\":\"Equipement de laboratoire et logiciels\",\"publisher\":{\"@id\":\"https:\\\/\\\/sysmatec.ch\\\/de\\\/#organization\"},\"potentialAction\":[{\"@type\":\"SearchAction\",\"target\":{\"@type\":\"EntryPoint\",\"urlTemplate\":\"https:\\\/\\\/sysmatec.ch\\\/de\\\/?s={search_term_string}\"},\"query-input\":{\"@type\":\"PropertyValueSpecification\",\"valueRequired\":true,\"valueName\":\"search_term_string\"}}],\"inLanguage\":\"de\"},{\"@type\":\"Organization\",\"@id\":\"https:\\\/\\\/sysmatec.ch\\\/de\\\/#organization\",\"name\":\"Sysmatec\",\"url\":\"https:\\\/\\\/sysmatec.ch\\\/de\\\/\",\"logo\":{\"@type\":\"ImageObject\",\"inLanguage\":\"de\",\"@id\":\"https:\\\/\\\/sysmatec.ch\\\/de\\\/#\\\/schema\\\/logo\\\/image\\\/\",\"url\":\"https:\\\/\\\/sysmatec.ch\\\/wp-content\\\/uploads\\\/2018\\\/11\\\/LogoSysmatec.jpg\",\"contentUrl\":\"https:\\\/\\\/sysmatec.ch\\\/wp-content\\\/uploads\\\/2018\\\/11\\\/LogoSysmatec.jpg\",\"width\":301,\"height\":297,\"caption\":\"Sysmatec\"},\"image\":{\"@id\":\"https:\\\/\\\/sysmatec.ch\\\/de\\\/#\\\/schema\\\/logo\\\/image\\\/\"}}]}<\/script>\n<!-- \/ Yoast SEO plugin. -->","yoast_head_json":{"title":"Microplate Reiniger CappWash - Sysmatec","description":"Waschmodul f\u00fcr Mikrotiterplatten. Verschiedene Konfigurationen 8-Kanal-, 12-Kanal- oder 16-Kanal-. Autoklavierbar.","robots":{"index":"index","follow":"follow","max-snippet":"max-snippet:-1","max-image-preview":"max-image-preview:large","max-video-preview":"max-video-preview:-1"},"canonical":"https:\/\/sysmatec.ch\/de\/produit\/microplate-reiniger-cappwash\/","og_locale":"de_DE","og_type":"article","og_title":"Microplate Reiniger CappWash - Sysmatec","og_description":"Waschmodul f\u00fcr Mikrotiterplatten. Verschiedene Konfigurationen 8-Kanal-, 12-Kanal- oder 16-Kanal-. Autoklavierbar.","og_url":"https:\/\/sysmatec.ch\/de\/produit\/microplate-reiniger-cappwash\/","og_site_name":"Sysmatec","article_modified_time":"2022-01-08T09:39:12+00:00","og_image":[{"width":150,"height":125,"url":"https:\/\/sysmatec.ch\/wp-content\/uploads\/2019\/05\/Microplaque_CappWash.jpg","type":"image\/jpeg"}],"twitter_card":"summary_large_image","schema":{"@context":"https:\/\/schema.org","@graph":[{"@type":"WebPage","@id":"https:\/\/sysmatec.ch\/de\/produit\/microplate-reiniger-cappwash\/","url":"https:\/\/sysmatec.ch\/de\/produit\/microplate-reiniger-cappwash\/","name":"Microplate Reiniger CappWash - Sysmatec","isPartOf":{"@id":"https:\/\/sysmatec.ch\/de\/#website"},"primaryImageOfPage":{"@id":"https:\/\/sysmatec.ch\/de\/produit\/microplate-reiniger-cappwash\/#primaryimage"},"image":{"@id":"https:\/\/sysmatec.ch\/de\/produit\/microplate-reiniger-cappwash\/#primaryimage"},"thumbnailUrl":"https:\/\/sysmatec.ch\/wp-content\/uploads\/2019\/05\/Microplaque_CappWash.jpg","datePublished":"2019-05-29T07:43:02+00:00","dateModified":"2022-01-08T09:39:12+00:00","description":"Waschmodul f\u00fcr Mikrotiterplatten. Verschiedene Konfigurationen 8-Kanal-, 12-Kanal- oder 16-Kanal-. Autoklavierbar.","breadcrumb":{"@id":"https:\/\/sysmatec.ch\/de\/produit\/microplate-reiniger-cappwash\/#breadcrumb"},"inLanguage":"de","potentialAction":[{"@type":"ReadAction","target":["https:\/\/sysmatec.ch\/de\/produit\/microplate-reiniger-cappwash\/"]}]},{"@type":"ImageObject","inLanguage":"de","@id":"https:\/\/sysmatec.ch\/de\/produit\/microplate-reiniger-cappwash\/#primaryimage","url":"https:\/\/sysmatec.ch\/wp-content\/uploads\/2019\/05\/Microplaque_CappWash.jpg","contentUrl":"https:\/\/sysmatec.ch\/wp-content\/uploads\/2019\/05\/Microplaque_CappWash.jpg","width":150,"height":125},{"@type":"BreadcrumbList","@id":"https:\/\/sysmatec.ch\/de\/produit\/microplate-reiniger-cappwash\/#breadcrumb","itemListElement":[{"@type":"ListItem","position":1,"name":"Accueil","item":"https:\/\/sysmatec.ch\/de\/"},{"@type":"ListItem","position":2,"name":"Die Aktivit\u00e4t von Sysmatec","item":"https:\/\/sysmatec.ch\/de\/"},{"@type":"ListItem","position":3,"name":"Microplate Reiniger CappWash"}]},{"@type":"WebSite","@id":"https:\/\/sysmatec.ch\/de\/#website","url":"https:\/\/sysmatec.ch\/de\/","name":"Sysmatec","description":"Equipement de laboratoire et logiciels","publisher":{"@id":"https:\/\/sysmatec.ch\/de\/#organization"},"potentialAction":[{"@type":"SearchAction","target":{"@type":"EntryPoint","urlTemplate":"https:\/\/sysmatec.ch\/de\/?s={search_term_string}"},"query-input":{"@type":"PropertyValueSpecification","valueRequired":true,"valueName":"search_term_string"}}],"inLanguage":"de"},{"@type":"Organization","@id":"https:\/\/sysmatec.ch\/de\/#organization","name":"Sysmatec","url":"https:\/\/sysmatec.ch\/de\/","logo":{"@type":"ImageObject","inLanguage":"de","@id":"https:\/\/sysmatec.ch\/de\/#\/schema\/logo\/image\/","url":"https:\/\/sysmatec.ch\/wp-content\/uploads\/2018\/11\/LogoSysmatec.jpg","contentUrl":"https:\/\/sysmatec.ch\/wp-content\/uploads\/2018\/11\/LogoSysmatec.jpg","width":301,"height":297,"caption":"Sysmatec"},"image":{"@id":"https:\/\/sysmatec.ch\/de\/#\/schema\/logo\/image\/"}}]}},"_links":{"self":[{"href":"https:\/\/sysmatec.ch\/de\/wp-json\/wp\/v2\/product\/6464","targetHints":{"allow":["GET"]}}],"collection":[{"href":"https:\/\/sysmatec.ch\/de\/wp-json\/wp\/v2\/product"}],"about":[{"href":"https:\/\/sysmatec.ch\/de\/wp-json\/wp\/v2\/types\/product"}],"wp:featuredmedia":[{"embeddable":true,"href":"https:\/\/sysmatec.ch\/de\/wp-json\/wp\/v2\/media\/6462"}],"wp:attachment":[{"href":"https:\/\/sysmatec.ch\/de\/wp-json\/wp\/v2\/media?parent=6464"}],"wp:term":[{"taxonomy":"product_brand","embeddable":true,"href":"https:\/\/sysmatec.ch\/de\/wp-json\/wp\/v2\/product_brand?post=6464"},{"taxonomy":"product_cat","embeddable":true,"href":"https:\/\/sysmatec.ch\/de\/wp-json\/wp\/v2\/product_cat?post=6464"},{"taxonomy":"product_tag","embeddable":true,"href":"https:\/\/sysmatec.ch\/de\/wp-json\/wp\/v2\/product_tag?post=6464"}],"curies":[{"name":"wp","href":"https:\/\/api.w.org\/{rel}","templated":true}]}}