{"id":6447,"date":"2019-05-28T21:52:26","date_gmt":"2019-05-28T19:52:26","guid":{"rendered":"https:\/\/sysmatec.ch\/produit\/analyseur-de-microplaques-elisa-micro-read-1000\/"},"modified":"2022-01-08T10:53:53","modified_gmt":"2022-01-08T09:53:53","slug":"elisa-mikroplatte-leser-micro-read-1000","status":"publish","type":"product","link":"https:\/\/sysmatec.ch\/de\/Produkt\/elisa-mikroplatte-leser-micro-read-1000\/","title":{"rendered":"ELISA Mikroplatte Leser MICRO READ 1000"},"content":{"rendered":"<p>Liest Mikroplatten genau.<\/p>\n<ul>\n<li type=\"disc\">Speziell f\u00fcr ELISA Test<\/li>\n<li type=\"disc\">Kann am 2 Wellenl\u00e4nge gleichzeitig messen<\/li>\n<li type=\"disc\">Eingebauter Drucker<\/li>\n<li type=\"disc\">Lesung aus dem Boden<\/li>\n<li type=\"disc\">Platte Sch\u00fcttler Einrichtung mit variabler Geschwindigkeit (200-290 rpm) und Dauer<\/li>\n<li type=\"disc\">Liest eine Platte innerhalb ein paar Sekunden<\/li>\n<li type=\"disc\">Digitale Lichtsteuerung f\u00fcr eine lange Lampenlebensdauer<\/li>\n<li type=\"disc\">Ergebnisse k\u00f6nnen im Matrix-Modus ausgedr\u00fcckt werden<\/li>\n<li type=\"disc\">Intelligent Cut-off-Programm<\/li>\n<li type=\"disc\">Speicherung von Kalibrierungskurven<\/li>\n<li type=\"disc\">Speicherung von Platte-Ergebnissen<\/li>\n<li type=\"disc\">Verschiedene Kurve Anpassungen wie : Linear, Punkt zu Punkt und 4 Parameter.<\/li>\n<li type=\"disc\">Lineare Messbereich: 0.000-3.000 Absorptionseinheiten (A)<\/li>\n<li type=\"disc\">Photometrische Genauigkeit: \u00b1 2% oder 0.007 (h\u00f6chster Wert) im Bereich bis 1.5 A, \u00b1 3% von 1.5 A bis 3.0 A<\/li>\n<li type=\"disc\">Drift: &lt;0.005 A\/h<\/li>\n<li type=\"disc\">Optische Messungen: 8 Kan\u00e4le<\/li>\n<li type=\"disc\">Filtertyp: Qualit\u00e4ts-Schmalbandinterferenz<\/li>\n<li type=\"disc\">Wellenl\u00e4nge: 405 nm, 450 nm, 492 nm, 630 nm, 560 nm und drei optionale<\/li>\n<li type=\"disc\">Halbbandbreite: 10 nm \u00b1 2 nm<\/li>\n<li type=\"disc\">Einstellung: Automatisch durch Schrittmotor<\/li>\n<li type=\"disc\">Anzeige: 6&#8220; LCD Display, Negative Blau, STN<\/li>\n<li type=\"disc\">Kurvendarstellung: Grafische Darstellung auf dem Drucker<\/li>\n<li type=\"disc\">Plattentr\u00e4ger Bewegung: Genau durch Schrittmotor<\/li>\n<li type=\"disc\">Drucker: Eingebauter Thermodrucker 52 Spalten<\/li>\n<li type=\"disc\">Speicher: Batterie-Backup f\u00fcr 250 Tests und mehr als 2500 Ergebnisse.<\/li>\n<li type=\"disc\">Analysemodus: Absorption (Normal &amp; Differential), Cut &#8211; off Multi &#8211; Standard, Single Standard % Absorptions, Aufnahme Kinetic<\/li>\n<li type=\"disc\">RS232 Serial Port \/ USB: 9600 Baud, 8 Daten, 1 Stoppbit, keine Parity-Bits \/ USB<\/li>\n<li type=\"disc\">Stromspeisung: 75 Watt \/ 115-230 V \u00b1 10%, 50 \/ 60Hz.<\/li>\n<li type=\"disc\">Gewicht: 10 kg (ca.)<\/li>\n<\/ul>\n","protected":false},"excerpt":{"rendered":"<p>ELISA Mikroplatte Leser<\/p>\n","protected":false},"featured_media":6442,"template":"","meta":{"_crdt_document":""},"product_brand":[],"product_cat":[364,215],"product_tag":[],"class_list":{"0":"post-6447","1":"product","2":"type-product","3":"status-publish","4":"has-post-thumbnail","6":"product_cat-leser","7":"product_cat-mikroplatte","9":"first","10":"instock","11":"taxable","12":"shipping-taxable","13":"product-type-simple"},"yoast_head":"<!-- This site is optimized with the Yoast SEO plugin v27.4 - https:\/\/yoast.com\/product\/yoast-seo-wordpress\/ -->\n<title>ELISA Mikroplatte Leser MICRO READ 1000 - Sysmatec<\/title>\n<meta name=\"description\" content=\"Mikroplatten-Leser. System mit optischen Filtern. F\u00fcr 96-Well-Platten. Mit R\u00fchrfunktion f\u00fcr die Mikroplatten.\" \/>\n<meta name=\"robots\" content=\"index, follow, max-snippet:-1, max-image-preview:large, max-video-preview:-1\" \/>\n<link rel=\"canonical\" href=\"https:\/\/sysmatec.ch\/de\/produit\/elisa-mikroplatte-leser-micro-read-1000\/\" \/>\n<meta property=\"og:locale\" content=\"de_DE\" \/>\n<meta property=\"og:type\" content=\"article\" \/>\n<meta property=\"og:title\" content=\"ELISA Mikroplatte Leser MICRO READ 1000 - Sysmatec\" \/>\n<meta property=\"og:description\" content=\"Mikroplatten-Leser. System mit optischen Filtern. F\u00fcr 96-Well-Platten. Mit R\u00fchrfunktion f\u00fcr die Mikroplatten.\" \/>\n<meta property=\"og:url\" content=\"https:\/\/sysmatec.ch\/de\/produit\/elisa-mikroplatte-leser-micro-read-1000\/\" \/>\n<meta property=\"og:site_name\" content=\"Sysmatec\" \/>\n<meta property=\"article:modified_time\" content=\"2022-01-08T09:53:53+00:00\" \/>\n<meta property=\"og:image\" content=\"https:\/\/sysmatec.ch\/wp-content\/uploads\/2019\/05\/Microplaque_GlobalDiagnostic1.jpg\" \/>\n\t<meta property=\"og:image:width\" content=\"189\" \/>\n\t<meta property=\"og:image:height\" content=\"133\" \/>\n\t<meta property=\"og:image:type\" content=\"image\/jpeg\" \/>\n<meta name=\"twitter:card\" content=\"summary_large_image\" \/>\n<meta name=\"twitter:label1\" content=\"Gesch\u00e4tzte Lesezeit\" \/>\n\t<meta name=\"twitter:data1\" content=\"1\u00a0Minute\" \/>\n<script type=\"application\/ld+json\" class=\"yoast-schema-graph\">{\"@context\":\"https:\\\/\\\/schema.org\",\"@graph\":[{\"@type\":\"WebPage\",\"@id\":\"https:\\\/\\\/sysmatec.ch\\\/de\\\/produit\\\/elisa-mikroplatte-leser-micro-read-1000\\\/\",\"url\":\"https:\\\/\\\/sysmatec.ch\\\/de\\\/produit\\\/elisa-mikroplatte-leser-micro-read-1000\\\/\",\"name\":\"ELISA Mikroplatte Leser MICRO READ 1000 - Sysmatec\",\"isPartOf\":{\"@id\":\"https:\\\/\\\/sysmatec.ch\\\/de\\\/#website\"},\"primaryImageOfPage\":{\"@id\":\"https:\\\/\\\/sysmatec.ch\\\/de\\\/produit\\\/elisa-mikroplatte-leser-micro-read-1000\\\/#primaryimage\"},\"image\":{\"@id\":\"https:\\\/\\\/sysmatec.ch\\\/de\\\/produit\\\/elisa-mikroplatte-leser-micro-read-1000\\\/#primaryimage\"},\"thumbnailUrl\":\"https:\\\/\\\/sysmatec.ch\\\/wp-content\\\/uploads\\\/2019\\\/05\\\/Microplaque_GlobalDiagnostic1.jpg\",\"datePublished\":\"2019-05-28T19:52:26+00:00\",\"dateModified\":\"2022-01-08T09:53:53+00:00\",\"description\":\"Mikroplatten-Leser. System mit optischen Filtern. F\u00fcr 96-Well-Platten. Mit R\u00fchrfunktion f\u00fcr die Mikroplatten.\",\"breadcrumb\":{\"@id\":\"https:\\\/\\\/sysmatec.ch\\\/de\\\/produit\\\/elisa-mikroplatte-leser-micro-read-1000\\\/#breadcrumb\"},\"inLanguage\":\"de\",\"potentialAction\":[{\"@type\":\"ReadAction\",\"target\":[\"https:\\\/\\\/sysmatec.ch\\\/de\\\/produit\\\/elisa-mikroplatte-leser-micro-read-1000\\\/\"]}]},{\"@type\":\"ImageObject\",\"inLanguage\":\"de\",\"@id\":\"https:\\\/\\\/sysmatec.ch\\\/de\\\/produit\\\/elisa-mikroplatte-leser-micro-read-1000\\\/#primaryimage\",\"url\":\"https:\\\/\\\/sysmatec.ch\\\/wp-content\\\/uploads\\\/2019\\\/05\\\/Microplaque_GlobalDiagnostic1.jpg\",\"contentUrl\":\"https:\\\/\\\/sysmatec.ch\\\/wp-content\\\/uploads\\\/2019\\\/05\\\/Microplaque_GlobalDiagnostic1.jpg\",\"width\":189,\"height\":133},{\"@type\":\"BreadcrumbList\",\"@id\":\"https:\\\/\\\/sysmatec.ch\\\/de\\\/produit\\\/elisa-mikroplatte-leser-micro-read-1000\\\/#breadcrumb\",\"itemListElement\":[{\"@type\":\"ListItem\",\"position\":1,\"name\":\"Accueil\",\"item\":\"https:\\\/\\\/sysmatec.ch\\\/de\\\/\"},{\"@type\":\"ListItem\",\"position\":2,\"name\":\"Die Aktivit\u00e4t von Sysmatec\",\"item\":\"https:\\\/\\\/sysmatec.ch\\\/de\\\/\"},{\"@type\":\"ListItem\",\"position\":3,\"name\":\"ELISA Mikroplatte Leser MICRO READ 1000\"}]},{\"@type\":\"WebSite\",\"@id\":\"https:\\\/\\\/sysmatec.ch\\\/de\\\/#website\",\"url\":\"https:\\\/\\\/sysmatec.ch\\\/de\\\/\",\"name\":\"Sysmatec\",\"description\":\"Equipement de laboratoire et logiciels\",\"publisher\":{\"@id\":\"https:\\\/\\\/sysmatec.ch\\\/de\\\/#organization\"},\"potentialAction\":[{\"@type\":\"SearchAction\",\"target\":{\"@type\":\"EntryPoint\",\"urlTemplate\":\"https:\\\/\\\/sysmatec.ch\\\/de\\\/?s={search_term_string}\"},\"query-input\":{\"@type\":\"PropertyValueSpecification\",\"valueRequired\":true,\"valueName\":\"search_term_string\"}}],\"inLanguage\":\"de\"},{\"@type\":\"Organization\",\"@id\":\"https:\\\/\\\/sysmatec.ch\\\/de\\\/#organization\",\"name\":\"Sysmatec\",\"url\":\"https:\\\/\\\/sysmatec.ch\\\/de\\\/\",\"logo\":{\"@type\":\"ImageObject\",\"inLanguage\":\"de\",\"@id\":\"https:\\\/\\\/sysmatec.ch\\\/de\\\/#\\\/schema\\\/logo\\\/image\\\/\",\"url\":\"https:\\\/\\\/sysmatec.ch\\\/wp-content\\\/uploads\\\/2018\\\/11\\\/LogoSysmatec.jpg\",\"contentUrl\":\"https:\\\/\\\/sysmatec.ch\\\/wp-content\\\/uploads\\\/2018\\\/11\\\/LogoSysmatec.jpg\",\"width\":301,\"height\":297,\"caption\":\"Sysmatec\"},\"image\":{\"@id\":\"https:\\\/\\\/sysmatec.ch\\\/de\\\/#\\\/schema\\\/logo\\\/image\\\/\"}}]}<\/script>\n<!-- \/ Yoast SEO plugin. -->","yoast_head_json":{"title":"ELISA Mikroplatte Leser MICRO READ 1000 - Sysmatec","description":"Mikroplatten-Leser. System mit optischen Filtern. F\u00fcr 96-Well-Platten. Mit R\u00fchrfunktion f\u00fcr die Mikroplatten.","robots":{"index":"index","follow":"follow","max-snippet":"max-snippet:-1","max-image-preview":"max-image-preview:large","max-video-preview":"max-video-preview:-1"},"canonical":"https:\/\/sysmatec.ch\/de\/produit\/elisa-mikroplatte-leser-micro-read-1000\/","og_locale":"de_DE","og_type":"article","og_title":"ELISA Mikroplatte Leser MICRO READ 1000 - Sysmatec","og_description":"Mikroplatten-Leser. System mit optischen Filtern. F\u00fcr 96-Well-Platten. Mit R\u00fchrfunktion f\u00fcr die Mikroplatten.","og_url":"https:\/\/sysmatec.ch\/de\/produit\/elisa-mikroplatte-leser-micro-read-1000\/","og_site_name":"Sysmatec","article_modified_time":"2022-01-08T09:53:53+00:00","og_image":[{"width":189,"height":133,"url":"https:\/\/sysmatec.ch\/wp-content\/uploads\/2019\/05\/Microplaque_GlobalDiagnostic1.jpg","type":"image\/jpeg"}],"twitter_card":"summary_large_image","twitter_misc":{"Gesch\u00e4tzte Lesezeit":"1\u00a0Minute"},"schema":{"@context":"https:\/\/schema.org","@graph":[{"@type":"WebPage","@id":"https:\/\/sysmatec.ch\/de\/produit\/elisa-mikroplatte-leser-micro-read-1000\/","url":"https:\/\/sysmatec.ch\/de\/produit\/elisa-mikroplatte-leser-micro-read-1000\/","name":"ELISA Mikroplatte Leser MICRO READ 1000 - Sysmatec","isPartOf":{"@id":"https:\/\/sysmatec.ch\/de\/#website"},"primaryImageOfPage":{"@id":"https:\/\/sysmatec.ch\/de\/produit\/elisa-mikroplatte-leser-micro-read-1000\/#primaryimage"},"image":{"@id":"https:\/\/sysmatec.ch\/de\/produit\/elisa-mikroplatte-leser-micro-read-1000\/#primaryimage"},"thumbnailUrl":"https:\/\/sysmatec.ch\/wp-content\/uploads\/2019\/05\/Microplaque_GlobalDiagnostic1.jpg","datePublished":"2019-05-28T19:52:26+00:00","dateModified":"2022-01-08T09:53:53+00:00","description":"Mikroplatten-Leser. System mit optischen Filtern. F\u00fcr 96-Well-Platten. Mit R\u00fchrfunktion f\u00fcr die Mikroplatten.","breadcrumb":{"@id":"https:\/\/sysmatec.ch\/de\/produit\/elisa-mikroplatte-leser-micro-read-1000\/#breadcrumb"},"inLanguage":"de","potentialAction":[{"@type":"ReadAction","target":["https:\/\/sysmatec.ch\/de\/produit\/elisa-mikroplatte-leser-micro-read-1000\/"]}]},{"@type":"ImageObject","inLanguage":"de","@id":"https:\/\/sysmatec.ch\/de\/produit\/elisa-mikroplatte-leser-micro-read-1000\/#primaryimage","url":"https:\/\/sysmatec.ch\/wp-content\/uploads\/2019\/05\/Microplaque_GlobalDiagnostic1.jpg","contentUrl":"https:\/\/sysmatec.ch\/wp-content\/uploads\/2019\/05\/Microplaque_GlobalDiagnostic1.jpg","width":189,"height":133},{"@type":"BreadcrumbList","@id":"https:\/\/sysmatec.ch\/de\/produit\/elisa-mikroplatte-leser-micro-read-1000\/#breadcrumb","itemListElement":[{"@type":"ListItem","position":1,"name":"Accueil","item":"https:\/\/sysmatec.ch\/de\/"},{"@type":"ListItem","position":2,"name":"Die Aktivit\u00e4t von Sysmatec","item":"https:\/\/sysmatec.ch\/de\/"},{"@type":"ListItem","position":3,"name":"ELISA Mikroplatte Leser MICRO READ 1000"}]},{"@type":"WebSite","@id":"https:\/\/sysmatec.ch\/de\/#website","url":"https:\/\/sysmatec.ch\/de\/","name":"Sysmatec","description":"Equipement de laboratoire et logiciels","publisher":{"@id":"https:\/\/sysmatec.ch\/de\/#organization"},"potentialAction":[{"@type":"SearchAction","target":{"@type":"EntryPoint","urlTemplate":"https:\/\/sysmatec.ch\/de\/?s={search_term_string}"},"query-input":{"@type":"PropertyValueSpecification","valueRequired":true,"valueName":"search_term_string"}}],"inLanguage":"de"},{"@type":"Organization","@id":"https:\/\/sysmatec.ch\/de\/#organization","name":"Sysmatec","url":"https:\/\/sysmatec.ch\/de\/","logo":{"@type":"ImageObject","inLanguage":"de","@id":"https:\/\/sysmatec.ch\/de\/#\/schema\/logo\/image\/","url":"https:\/\/sysmatec.ch\/wp-content\/uploads\/2018\/11\/LogoSysmatec.jpg","contentUrl":"https:\/\/sysmatec.ch\/wp-content\/uploads\/2018\/11\/LogoSysmatec.jpg","width":301,"height":297,"caption":"Sysmatec"},"image":{"@id":"https:\/\/sysmatec.ch\/de\/#\/schema\/logo\/image\/"}}]}},"_links":{"self":[{"href":"https:\/\/sysmatec.ch\/de\/wp-json\/wp\/v2\/product\/6447","targetHints":{"allow":["GET"]}}],"collection":[{"href":"https:\/\/sysmatec.ch\/de\/wp-json\/wp\/v2\/product"}],"about":[{"href":"https:\/\/sysmatec.ch\/de\/wp-json\/wp\/v2\/types\/product"}],"wp:featuredmedia":[{"embeddable":true,"href":"https:\/\/sysmatec.ch\/de\/wp-json\/wp\/v2\/media\/6442"}],"wp:attachment":[{"href":"https:\/\/sysmatec.ch\/de\/wp-json\/wp\/v2\/media?parent=6447"}],"wp:term":[{"taxonomy":"product_brand","embeddable":true,"href":"https:\/\/sysmatec.ch\/de\/wp-json\/wp\/v2\/product_brand?post=6447"},{"taxonomy":"product_cat","embeddable":true,"href":"https:\/\/sysmatec.ch\/de\/wp-json\/wp\/v2\/product_cat?post=6447"},{"taxonomy":"product_tag","embeddable":true,"href":"https:\/\/sysmatec.ch\/de\/wp-json\/wp\/v2\/product_tag?post=6447"}],"curies":[{"name":"wp","href":"https:\/\/api.w.org\/{rel}","templated":true}]}}