{"id":6418,"date":"2019-05-28T16:32:13","date_gmt":"2019-05-28T14:32:13","guid":{"rendered":"https:\/\/sysmatec.ch\/produit\/controleur-de-tension-sans-contact-testo-745\/"},"modified":"2022-01-08T12:57:01","modified_gmt":"2022-01-08T11:57:01","slug":"kontaktloser-spannungspruefer-testo-745","status":"publish","type":"product","link":"https:\/\/sysmatec.ch\/de\/Produkt\/kontaktloser-spannungspruefer-testo-745\/","title":{"rendered":"Kontaktloser Spannungspr\u00fcfer Testo 745"},"content":{"rendered":"<p>Mit dem kontaktlosen Spannungspr\u00fcfer stellen Sie Spannung bzw. Spannungsfreiheit schnell und einfach fest. Im Gegensatz zu den meisten anderen Modellen auf dem Markt verf\u00fcgt er \u00fcber einen Filter f\u00fcr hochfrequente St\u00f6rsignale und erm\u00f6glicht dadurch eine zuverl\u00e4ssigere Spannungsindikation. Wird Spannung festgestellt, warnt das Ger\u00e4t mit einem deutlichen optischen sowie akustischen Signal.<\/p>\n<p>Die Empfindlichkeit des Ger\u00e4ts l\u00e4sst sich in zwei Stufen einstellen: Stufe 1 f\u00fcr Phasenfindung, Stufe 2 f\u00fcr Spannungsindikation. Mit der integrierten Taschenlampe k\u00f6nnen sie auch in dunklen Umgebungen sicher arbeiten. Zudem ist der Spannungspr\u00fcfer testo 745 wasser- und staubdicht nach IP 67.<\/p>\n<ul>\n<li type=\"disc\">Garantie: 2 Jahre<\/li>\n<li type=\"disc\">Lagertemperatur:-15 bis +60 \u00b0C<\/li>\n<li type=\"disc\">Gewicht: 63 g<\/li>\n<li type=\"disc\">Messkategorie: CAT III 1000 V; CAT IV 600 V<\/li>\n<li type=\"disc\">Zulassungen: CSA; CE<\/li>\n<li type=\"disc\">Abmessungen: 155 x 25 x 23 mm<\/li>\n<li type=\"disc\">Betriebstemperatur: -10 bis +50 \u00b0C<\/li>\n<\/ul>\n","protected":false},"excerpt":{"rendered":"<p>Kontaktloser Spannungspr\u00fcfer<\/p>\n","protected":false},"featured_media":6403,"template":"","meta":{"_crdt_document":""},"product_brand":[],"product_cat":[209],"product_tag":[],"class_list":{"0":"post-6418","1":"product","2":"type-product","3":"status-publish","4":"has-post-thumbnail","6":"product_cat-elektrisch","8":"first","9":"instock","10":"taxable","11":"shipping-taxable","12":"product-type-simple"},"yoast_head":"<!-- This site is optimized with the Yoast SEO plugin v27.3 - https:\/\/yoast.com\/product\/yoast-seo-wordpress\/ -->\n<title>Kontaktloser Spannungspr\u00fcfer Testo 745 - Sysmatec<\/title>\n<meta name=\"description\" content=\"Ber\u00fchrungsloser Spannungspr\u00fcfer. Das Vorhandensein von Spannung wird durch optische und akustische Signale visualisiert.\" \/>\n<meta name=\"robots\" content=\"index, follow, max-snippet:-1, max-image-preview:large, max-video-preview:-1\" \/>\n<link rel=\"canonical\" href=\"https:\/\/sysmatec.ch\/de\/produit\/kontaktloser-spannungspruefer-testo-745\/\" \/>\n<meta property=\"og:locale\" content=\"de_DE\" \/>\n<meta property=\"og:type\" content=\"article\" \/>\n<meta property=\"og:title\" content=\"Kontaktloser Spannungspr\u00fcfer Testo 745 - Sysmatec\" \/>\n<meta property=\"og:description\" content=\"Ber\u00fchrungsloser Spannungspr\u00fcfer. Das Vorhandensein von Spannung wird durch optische und akustische Signale visualisiert.\" \/>\n<meta property=\"og:url\" content=\"https:\/\/sysmatec.ch\/de\/produit\/kontaktloser-spannungspruefer-testo-745\/\" \/>\n<meta property=\"og:site_name\" content=\"Sysmatec\" \/>\n<meta property=\"article:modified_time\" content=\"2022-01-08T11:57:01+00:00\" \/>\n<meta property=\"og:image\" content=\"https:\/\/sysmatec.ch\/wp-content\/uploads\/2019\/05\/Electricite_Testo745.jpg\" \/>\n\t<meta property=\"og:image:width\" content=\"177\" \/>\n\t<meta property=\"og:image:height\" content=\"225\" \/>\n\t<meta property=\"og:image:type\" content=\"image\/jpeg\" \/>\n<meta name=\"twitter:card\" content=\"summary_large_image\" \/>\n<meta name=\"twitter:label1\" content=\"Gesch\u00e4tzte Lesezeit\" \/>\n\t<meta name=\"twitter:data1\" content=\"1\u00a0Minute\" \/>\n<script type=\"application\/ld+json\" class=\"yoast-schema-graph\">{\"@context\":\"https:\\\/\\\/schema.org\",\"@graph\":[{\"@type\":\"WebPage\",\"@id\":\"https:\\\/\\\/sysmatec.ch\\\/de\\\/produit\\\/kontaktloser-spannungspruefer-testo-745\\\/\",\"url\":\"https:\\\/\\\/sysmatec.ch\\\/de\\\/produit\\\/kontaktloser-spannungspruefer-testo-745\\\/\",\"name\":\"Kontaktloser Spannungspr\u00fcfer Testo 745 - Sysmatec\",\"isPartOf\":{\"@id\":\"https:\\\/\\\/sysmatec.ch\\\/de\\\/#website\"},\"primaryImageOfPage\":{\"@id\":\"https:\\\/\\\/sysmatec.ch\\\/de\\\/produit\\\/kontaktloser-spannungspruefer-testo-745\\\/#primaryimage\"},\"image\":{\"@id\":\"https:\\\/\\\/sysmatec.ch\\\/de\\\/produit\\\/kontaktloser-spannungspruefer-testo-745\\\/#primaryimage\"},\"thumbnailUrl\":\"https:\\\/\\\/sysmatec.ch\\\/wp-content\\\/uploads\\\/2019\\\/05\\\/Electricite_Testo745.jpg\",\"datePublished\":\"2019-05-28T14:32:13+00:00\",\"dateModified\":\"2022-01-08T11:57:01+00:00\",\"description\":\"Ber\u00fchrungsloser Spannungspr\u00fcfer. Das Vorhandensein von Spannung wird durch optische und akustische Signale visualisiert.\",\"breadcrumb\":{\"@id\":\"https:\\\/\\\/sysmatec.ch\\\/de\\\/produit\\\/kontaktloser-spannungspruefer-testo-745\\\/#breadcrumb\"},\"inLanguage\":\"de\",\"potentialAction\":[{\"@type\":\"ReadAction\",\"target\":[\"https:\\\/\\\/sysmatec.ch\\\/de\\\/produit\\\/kontaktloser-spannungspruefer-testo-745\\\/\"]}]},{\"@type\":\"ImageObject\",\"inLanguage\":\"de\",\"@id\":\"https:\\\/\\\/sysmatec.ch\\\/de\\\/produit\\\/kontaktloser-spannungspruefer-testo-745\\\/#primaryimage\",\"url\":\"https:\\\/\\\/sysmatec.ch\\\/wp-content\\\/uploads\\\/2019\\\/05\\\/Electricite_Testo745.jpg\",\"contentUrl\":\"https:\\\/\\\/sysmatec.ch\\\/wp-content\\\/uploads\\\/2019\\\/05\\\/Electricite_Testo745.jpg\",\"width\":177,\"height\":225},{\"@type\":\"BreadcrumbList\",\"@id\":\"https:\\\/\\\/sysmatec.ch\\\/de\\\/produit\\\/kontaktloser-spannungspruefer-testo-745\\\/#breadcrumb\",\"itemListElement\":[{\"@type\":\"ListItem\",\"position\":1,\"name\":\"Accueil\",\"item\":\"https:\\\/\\\/sysmatec.ch\\\/de\\\/\"},{\"@type\":\"ListItem\",\"position\":2,\"name\":\"Die Aktivit\u00e4t von Sysmatec\",\"item\":\"https:\\\/\\\/sysmatec.ch\\\/de\\\/\"},{\"@type\":\"ListItem\",\"position\":3,\"name\":\"Kontaktloser Spannungspr\u00fcfer Testo 745\"}]},{\"@type\":\"WebSite\",\"@id\":\"https:\\\/\\\/sysmatec.ch\\\/de\\\/#website\",\"url\":\"https:\\\/\\\/sysmatec.ch\\\/de\\\/\",\"name\":\"Sysmatec\",\"description\":\"Equipement de laboratoire et logiciels\",\"publisher\":{\"@id\":\"https:\\\/\\\/sysmatec.ch\\\/de\\\/#organization\"},\"potentialAction\":[{\"@type\":\"SearchAction\",\"target\":{\"@type\":\"EntryPoint\",\"urlTemplate\":\"https:\\\/\\\/sysmatec.ch\\\/de\\\/?s={search_term_string}\"},\"query-input\":{\"@type\":\"PropertyValueSpecification\",\"valueRequired\":true,\"valueName\":\"search_term_string\"}}],\"inLanguage\":\"de\"},{\"@type\":\"Organization\",\"@id\":\"https:\\\/\\\/sysmatec.ch\\\/de\\\/#organization\",\"name\":\"Sysmatec\",\"url\":\"https:\\\/\\\/sysmatec.ch\\\/de\\\/\",\"logo\":{\"@type\":\"ImageObject\",\"inLanguage\":\"de\",\"@id\":\"https:\\\/\\\/sysmatec.ch\\\/de\\\/#\\\/schema\\\/logo\\\/image\\\/\",\"url\":\"https:\\\/\\\/sysmatec.ch\\\/wp-content\\\/uploads\\\/2018\\\/11\\\/LogoSysmatec.jpg\",\"contentUrl\":\"https:\\\/\\\/sysmatec.ch\\\/wp-content\\\/uploads\\\/2018\\\/11\\\/LogoSysmatec.jpg\",\"width\":301,\"height\":297,\"caption\":\"Sysmatec\"},\"image\":{\"@id\":\"https:\\\/\\\/sysmatec.ch\\\/de\\\/#\\\/schema\\\/logo\\\/image\\\/\"}}]}<\/script>\n<!-- \/ Yoast SEO plugin. -->","yoast_head_json":{"title":"Kontaktloser Spannungspr\u00fcfer Testo 745 - Sysmatec","description":"Ber\u00fchrungsloser Spannungspr\u00fcfer. Das Vorhandensein von Spannung wird durch optische und akustische Signale visualisiert.","robots":{"index":"index","follow":"follow","max-snippet":"max-snippet:-1","max-image-preview":"max-image-preview:large","max-video-preview":"max-video-preview:-1"},"canonical":"https:\/\/sysmatec.ch\/de\/produit\/kontaktloser-spannungspruefer-testo-745\/","og_locale":"de_DE","og_type":"article","og_title":"Kontaktloser Spannungspr\u00fcfer Testo 745 - Sysmatec","og_description":"Ber\u00fchrungsloser Spannungspr\u00fcfer. Das Vorhandensein von Spannung wird durch optische und akustische Signale visualisiert.","og_url":"https:\/\/sysmatec.ch\/de\/produit\/kontaktloser-spannungspruefer-testo-745\/","og_site_name":"Sysmatec","article_modified_time":"2022-01-08T11:57:01+00:00","og_image":[{"width":177,"height":225,"url":"https:\/\/sysmatec.ch\/wp-content\/uploads\/2019\/05\/Electricite_Testo745.jpg","type":"image\/jpeg"}],"twitter_card":"summary_large_image","twitter_misc":{"Gesch\u00e4tzte Lesezeit":"1\u00a0Minute"},"schema":{"@context":"https:\/\/schema.org","@graph":[{"@type":"WebPage","@id":"https:\/\/sysmatec.ch\/de\/produit\/kontaktloser-spannungspruefer-testo-745\/","url":"https:\/\/sysmatec.ch\/de\/produit\/kontaktloser-spannungspruefer-testo-745\/","name":"Kontaktloser Spannungspr\u00fcfer Testo 745 - Sysmatec","isPartOf":{"@id":"https:\/\/sysmatec.ch\/de\/#website"},"primaryImageOfPage":{"@id":"https:\/\/sysmatec.ch\/de\/produit\/kontaktloser-spannungspruefer-testo-745\/#primaryimage"},"image":{"@id":"https:\/\/sysmatec.ch\/de\/produit\/kontaktloser-spannungspruefer-testo-745\/#primaryimage"},"thumbnailUrl":"https:\/\/sysmatec.ch\/wp-content\/uploads\/2019\/05\/Electricite_Testo745.jpg","datePublished":"2019-05-28T14:32:13+00:00","dateModified":"2022-01-08T11:57:01+00:00","description":"Ber\u00fchrungsloser Spannungspr\u00fcfer. Das Vorhandensein von Spannung wird durch optische und akustische Signale visualisiert.","breadcrumb":{"@id":"https:\/\/sysmatec.ch\/de\/produit\/kontaktloser-spannungspruefer-testo-745\/#breadcrumb"},"inLanguage":"de","potentialAction":[{"@type":"ReadAction","target":["https:\/\/sysmatec.ch\/de\/produit\/kontaktloser-spannungspruefer-testo-745\/"]}]},{"@type":"ImageObject","inLanguage":"de","@id":"https:\/\/sysmatec.ch\/de\/produit\/kontaktloser-spannungspruefer-testo-745\/#primaryimage","url":"https:\/\/sysmatec.ch\/wp-content\/uploads\/2019\/05\/Electricite_Testo745.jpg","contentUrl":"https:\/\/sysmatec.ch\/wp-content\/uploads\/2019\/05\/Electricite_Testo745.jpg","width":177,"height":225},{"@type":"BreadcrumbList","@id":"https:\/\/sysmatec.ch\/de\/produit\/kontaktloser-spannungspruefer-testo-745\/#breadcrumb","itemListElement":[{"@type":"ListItem","position":1,"name":"Accueil","item":"https:\/\/sysmatec.ch\/de\/"},{"@type":"ListItem","position":2,"name":"Die Aktivit\u00e4t von Sysmatec","item":"https:\/\/sysmatec.ch\/de\/"},{"@type":"ListItem","position":3,"name":"Kontaktloser Spannungspr\u00fcfer Testo 745"}]},{"@type":"WebSite","@id":"https:\/\/sysmatec.ch\/de\/#website","url":"https:\/\/sysmatec.ch\/de\/","name":"Sysmatec","description":"Equipement de laboratoire et logiciels","publisher":{"@id":"https:\/\/sysmatec.ch\/de\/#organization"},"potentialAction":[{"@type":"SearchAction","target":{"@type":"EntryPoint","urlTemplate":"https:\/\/sysmatec.ch\/de\/?s={search_term_string}"},"query-input":{"@type":"PropertyValueSpecification","valueRequired":true,"valueName":"search_term_string"}}],"inLanguage":"de"},{"@type":"Organization","@id":"https:\/\/sysmatec.ch\/de\/#organization","name":"Sysmatec","url":"https:\/\/sysmatec.ch\/de\/","logo":{"@type":"ImageObject","inLanguage":"de","@id":"https:\/\/sysmatec.ch\/de\/#\/schema\/logo\/image\/","url":"https:\/\/sysmatec.ch\/wp-content\/uploads\/2018\/11\/LogoSysmatec.jpg","contentUrl":"https:\/\/sysmatec.ch\/wp-content\/uploads\/2018\/11\/LogoSysmatec.jpg","width":301,"height":297,"caption":"Sysmatec"},"image":{"@id":"https:\/\/sysmatec.ch\/de\/#\/schema\/logo\/image\/"}}]}},"_links":{"self":[{"href":"https:\/\/sysmatec.ch\/de\/wp-json\/wp\/v2\/product\/6418","targetHints":{"allow":["GET"]}}],"collection":[{"href":"https:\/\/sysmatec.ch\/de\/wp-json\/wp\/v2\/product"}],"about":[{"href":"https:\/\/sysmatec.ch\/de\/wp-json\/wp\/v2\/types\/product"}],"wp:featuredmedia":[{"embeddable":true,"href":"https:\/\/sysmatec.ch\/de\/wp-json\/wp\/v2\/media\/6403"}],"wp:attachment":[{"href":"https:\/\/sysmatec.ch\/de\/wp-json\/wp\/v2\/media?parent=6418"}],"wp:term":[{"taxonomy":"product_brand","embeddable":true,"href":"https:\/\/sysmatec.ch\/de\/wp-json\/wp\/v2\/product_brand?post=6418"},{"taxonomy":"product_cat","embeddable":true,"href":"https:\/\/sysmatec.ch\/de\/wp-json\/wp\/v2\/product_cat?post=6418"},{"taxonomy":"product_tag","embeddable":true,"href":"https:\/\/sysmatec.ch\/de\/wp-json\/wp\/v2\/product_tag?post=6418"}],"curies":[{"name":"wp","href":"https:\/\/api.w.org\/{rel}","templated":true}]}}