{"id":6414,"date":"2019-05-28T14:33:19","date_gmt":"2019-05-28T12:33:19","guid":{"rendered":"https:\/\/sysmatec.ch\/produit\/pince-amperemetrique-testo-770-3\/"},"modified":"2022-01-08T14:21:10","modified_gmt":"2022-01-08T13:21:10","slug":"stromzange-testo-770-3","status":"publish","type":"product","link":"https:\/\/sysmatec.ch\/de\/Produkt\/stromzange-testo-770-3\/","title":{"rendered":"Stromzange Testo 770-3"},"content":{"rendered":"<p>Es ist das ideale Zangenamperemeter f\u00fcr anspruchsvolle Messaufgaben in engen Anwendungsumfeldern. Der bewegliche Zangenschenkel kann vollst\u00e4ndig in das Ger\u00e4t eingefahren werden. Dadurch erm\u00f6glicht das Ger\u00e4t ein besonders pr\u00e4zises Greifen von engliegenden Leitern.<\/p>\n<p>Dar\u00fcber hinaus lassen sich mit der Stromzange auch speziellere Anwendungen wie Anlaufstrom-, Leistungs- und \u00b5A-Messungen durchf\u00fchren. Mit dem mitgelieferten Temperaturadapter f\u00fcr Thermoelement-F\u00fchler lassen sich neben elektrischen Parametern auch Temperaturen messen (passender Thermoelement-F\u00fchler Typ K separat bestellbar).<\/p>\n<p>Das Zangenamperemeter erkennt und w\u00e4hlt AC\/DC und weitere Parameter wie Widerstand, Durchgang, Diode und Kapazit\u00e4t automatisch. Das macht die Bedienung einfach und sicher wie nie. Auf dem zweizeiligen Display werden Ihre Messwerte \u00fcbersichtlich und deutlich dargestellt. Die testo 770-3 bietet dar\u00fcber hinaus eine Leistungsmessungs-Funktion und kann per Bluetooth mit der testo Smart Probes App verbunden werden. In der App k\u00f6nnen Sie sich auf Ihrem Smartphone\/Tablet den Messverlauf als Grafik anzeigen lassen und direkt im Protokoll dokumentieren.<\/p>\n<ul>\n<li type=\"disc\">Gleichspannung DC Messbereich \/ Aufl\u00f6sung: 6.000 V \/ 1 mV, 60.00 V \/ 10 mV, 600.0 V \/ 100 mV<\/li>\n<li type=\"disc\">Genauigkeit Gleichspannung: \u00b1 (0.8 % v. Mw. + 3 Digit)<\/li>\n<li type=\"disc\">Wechselspannung AC Messbereich \/ Aufl\u00f6sung: 6.000 V \/ 1 mV, 60.00 V \/ 10 mV, 600.0 V \/ 100 mV<\/li>\n<li type=\"disc\">Genauigkeit Wechselspannung : \u00b1 (0.8 %v. Mw. + 3 Digit)<\/li>\n<li type=\"disc\">Gleichstrom DC Messbereich \/ Aufl\u00f6sung: 600 A \/ 0.1 A<\/li>\n<li type=\"disc\">GenauigkeitGleichstrom : \u00b1 (2 % v. Mw. + 5 Digit)<\/li>\n<li type=\"disc\">Wechselstrom AC Messbereich \/ Aufl\u00f6sung: 600 A \/ 0.1 A<\/li>\n<li type=\"disc\">Genauigkeit Wechselstrom : \u00b1 (2 % v. Mw. + 5 Digit)<\/li>\n<li type=\"disc\">Widerstand Messbereich \/ Aufl\u00f6sung: 60.0 Ohm \/ 0.01 Ohm, 600.0 Ohm \/ 0.1 Ohm, 6.000 kOhm \/ 1 Ohm, 60.00 kOhm \/ 10 Ohm, 600.0 kOhm \/ 100 Ohm, 6.000 MOhm \/ 1 kOhm, 60.00 MOhm \/ 10 kOhm<\/li>\n<li type=\"disc\">Genauigkeit Widerstand: \u00b1 (1.5 % v. Mw. + 3 Digit)<\/li>\n<li type=\"disc\">Kapazit\u00e4t Messbereich\/ Aufl\u00f6sung: 6.000 nF \/ 0.001 nF, 60.00 nF \/ 0.01 nF, 600.0 nF \/ 0.1 nF, 6.000 uF \/ 0.001 uF, 60.00 uF \/ 0.01 uF, 600.0 uF \/ 0.1 uF, 6.000 mF \/ 1 uF, 60.00 mF \/ 10 uF<\/li>\n<li type=\"disc\">Genauigkeit Kapazit\u00e4t: \u00b1 (1.5 %v. Mw. + 3 Digit)<\/li>\n<li type=\"disc\">Frequenz Messbereich\/ Aufl\u00f6sung:99.99 Hz \/ 0.01 Hz, 999.9 Hz \/ 0.1 Hz, 9.999 Hz \/ 1 Hz<\/li>\n<li type=\"disc\">Genauigkeit Frequenz \u00b1 (0.1 % v. Mw. + 1 Digit)<\/li>\n<li type=\"disc\">Indice de protection: IP 64<\/li>\n<li type=\"disc\">Temperatur Messbereich, Thermoelement Typ K \/ Aufl\u00f6sung: -20 bis 500 \u00b0C \/ 0.1 \u00b0C<\/li>\n<li type=\"disc\">Genauigkeit Temperatur : \u00b11 \u00b0C (0 bis +100 \u00b0C)<\/li>\n<li type=\"disc\">Diodentest<\/li>\n<li type=\"disc\">Garantie: 2 Jahre<\/li>\n<li type=\"disc\">Lagertemperatur:-15 bis +60 \u00b0C<\/li>\n<li type=\"disc\">Gewicht: 378 g<\/li>\n<li type=\"disc\">Messkategorie: CAT III 1000 V; CAT IV 600 V<\/li>\n<li type=\"disc\">Zulassungen: CSA; T\u00dcV; CE<\/li>\n<li type=\"disc\">Abmessungen: 243 x 96 x 43 mm<\/li>\n<li type=\"disc\">Betriebstemperatur: -10 bis +50 \u00b0C<\/li>\n<\/ul>\n","protected":false},"excerpt":{"rendered":"<p>Multimeter mit Stromzange<\/p>\n","protected":false},"featured_media":6400,"template":"","meta":{"_crdt_document":""},"product_brand":[],"product_cat":[209],"product_tag":[],"class_list":{"0":"post-6414","1":"product","2":"type-product","3":"status-publish","4":"has-post-thumbnail","6":"product_cat-elektrisch","8":"first","9":"instock","10":"taxable","11":"shipping-taxable","12":"product-type-simple"},"yoast_head":"<!-- This site is optimized with the Yoast SEO plugin v27.3 - https:\/\/yoast.com\/product\/yoast-seo-wordpress\/ -->\n<title>Stromzange Testo 770-3 - Sysmatec<\/title>\n<meta name=\"description\" content=\"Stromzange, zum ber\u00fchrungslosen Messen der Stromst\u00e4rke. Das Ger\u00e4t kann auch Spannungen, Kondensatoren, Frequenzen und Widerst\u00e4nde messen.\" \/>\n<meta name=\"robots\" content=\"index, follow, max-snippet:-1, max-image-preview:large, max-video-preview:-1\" \/>\n<link rel=\"canonical\" href=\"https:\/\/sysmatec.ch\/de\/produit\/stromzange-testo-770-3\/\" \/>\n<meta property=\"og:locale\" content=\"de_DE\" \/>\n<meta property=\"og:type\" content=\"article\" \/>\n<meta property=\"og:title\" content=\"Stromzange Testo 770-3 - Sysmatec\" \/>\n<meta property=\"og:description\" content=\"Stromzange, zum ber\u00fchrungslosen Messen der Stromst\u00e4rke. Das Ger\u00e4t kann auch Spannungen, Kondensatoren, Frequenzen und Widerst\u00e4nde messen.\" \/>\n<meta property=\"og:url\" content=\"https:\/\/sysmatec.ch\/de\/produit\/stromzange-testo-770-3\/\" \/>\n<meta property=\"og:site_name\" content=\"Sysmatec\" \/>\n<meta property=\"article:modified_time\" content=\"2022-01-08T13:21:10+00:00\" \/>\n<meta property=\"og:image\" content=\"https:\/\/sysmatec.ch\/wp-content\/uploads\/2019\/05\/Electricite_Testo770.jpg\" \/>\n\t<meta property=\"og:image:width\" content=\"182\" \/>\n\t<meta property=\"og:image:height\" content=\"244\" \/>\n\t<meta property=\"og:image:type\" content=\"image\/jpeg\" \/>\n<meta name=\"twitter:card\" content=\"summary_large_image\" \/>\n<meta name=\"twitter:label1\" content=\"Gesch\u00e4tzte Lesezeit\" \/>\n\t<meta name=\"twitter:data1\" content=\"2\u00a0Minuten\" \/>\n<script type=\"application\/ld+json\" class=\"yoast-schema-graph\">{\"@context\":\"https:\\\/\\\/schema.org\",\"@graph\":[{\"@type\":\"WebPage\",\"@id\":\"https:\\\/\\\/sysmatec.ch\\\/de\\\/produit\\\/stromzange-testo-770-3\\\/\",\"url\":\"https:\\\/\\\/sysmatec.ch\\\/de\\\/produit\\\/stromzange-testo-770-3\\\/\",\"name\":\"Stromzange Testo 770-3 - Sysmatec\",\"isPartOf\":{\"@id\":\"https:\\\/\\\/sysmatec.ch\\\/de\\\/#website\"},\"primaryImageOfPage\":{\"@id\":\"https:\\\/\\\/sysmatec.ch\\\/de\\\/produit\\\/stromzange-testo-770-3\\\/#primaryimage\"},\"image\":{\"@id\":\"https:\\\/\\\/sysmatec.ch\\\/de\\\/produit\\\/stromzange-testo-770-3\\\/#primaryimage\"},\"thumbnailUrl\":\"https:\\\/\\\/sysmatec.ch\\\/wp-content\\\/uploads\\\/2019\\\/05\\\/Electricite_Testo770.jpg\",\"datePublished\":\"2019-05-28T12:33:19+00:00\",\"dateModified\":\"2022-01-08T13:21:10+00:00\",\"description\":\"Stromzange, zum ber\u00fchrungslosen Messen der Stromst\u00e4rke. Das Ger\u00e4t kann auch Spannungen, Kondensatoren, Frequenzen und Widerst\u00e4nde messen.\",\"breadcrumb\":{\"@id\":\"https:\\\/\\\/sysmatec.ch\\\/de\\\/produit\\\/stromzange-testo-770-3\\\/#breadcrumb\"},\"inLanguage\":\"de\",\"potentialAction\":[{\"@type\":\"ReadAction\",\"target\":[\"https:\\\/\\\/sysmatec.ch\\\/de\\\/produit\\\/stromzange-testo-770-3\\\/\"]}]},{\"@type\":\"ImageObject\",\"inLanguage\":\"de\",\"@id\":\"https:\\\/\\\/sysmatec.ch\\\/de\\\/produit\\\/stromzange-testo-770-3\\\/#primaryimage\",\"url\":\"https:\\\/\\\/sysmatec.ch\\\/wp-content\\\/uploads\\\/2019\\\/05\\\/Electricite_Testo770.jpg\",\"contentUrl\":\"https:\\\/\\\/sysmatec.ch\\\/wp-content\\\/uploads\\\/2019\\\/05\\\/Electricite_Testo770.jpg\",\"width\":182,\"height\":244},{\"@type\":\"BreadcrumbList\",\"@id\":\"https:\\\/\\\/sysmatec.ch\\\/de\\\/produit\\\/stromzange-testo-770-3\\\/#breadcrumb\",\"itemListElement\":[{\"@type\":\"ListItem\",\"position\":1,\"name\":\"Accueil\",\"item\":\"https:\\\/\\\/sysmatec.ch\\\/de\\\/\"},{\"@type\":\"ListItem\",\"position\":2,\"name\":\"Die Aktivit\u00e4t von Sysmatec\",\"item\":\"https:\\\/\\\/sysmatec.ch\\\/de\\\/\"},{\"@type\":\"ListItem\",\"position\":3,\"name\":\"Stromzange Testo 770-3\"}]},{\"@type\":\"WebSite\",\"@id\":\"https:\\\/\\\/sysmatec.ch\\\/de\\\/#website\",\"url\":\"https:\\\/\\\/sysmatec.ch\\\/de\\\/\",\"name\":\"Sysmatec\",\"description\":\"Equipement de laboratoire et logiciels\",\"publisher\":{\"@id\":\"https:\\\/\\\/sysmatec.ch\\\/de\\\/#organization\"},\"potentialAction\":[{\"@type\":\"SearchAction\",\"target\":{\"@type\":\"EntryPoint\",\"urlTemplate\":\"https:\\\/\\\/sysmatec.ch\\\/de\\\/?s={search_term_string}\"},\"query-input\":{\"@type\":\"PropertyValueSpecification\",\"valueRequired\":true,\"valueName\":\"search_term_string\"}}],\"inLanguage\":\"de\"},{\"@type\":\"Organization\",\"@id\":\"https:\\\/\\\/sysmatec.ch\\\/de\\\/#organization\",\"name\":\"Sysmatec\",\"url\":\"https:\\\/\\\/sysmatec.ch\\\/de\\\/\",\"logo\":{\"@type\":\"ImageObject\",\"inLanguage\":\"de\",\"@id\":\"https:\\\/\\\/sysmatec.ch\\\/de\\\/#\\\/schema\\\/logo\\\/image\\\/\",\"url\":\"https:\\\/\\\/sysmatec.ch\\\/wp-content\\\/uploads\\\/2018\\\/11\\\/LogoSysmatec.jpg\",\"contentUrl\":\"https:\\\/\\\/sysmatec.ch\\\/wp-content\\\/uploads\\\/2018\\\/11\\\/LogoSysmatec.jpg\",\"width\":301,\"height\":297,\"caption\":\"Sysmatec\"},\"image\":{\"@id\":\"https:\\\/\\\/sysmatec.ch\\\/de\\\/#\\\/schema\\\/logo\\\/image\\\/\"}}]}<\/script>\n<!-- \/ Yoast SEO plugin. -->","yoast_head_json":{"title":"Stromzange Testo 770-3 - Sysmatec","description":"Stromzange, zum ber\u00fchrungslosen Messen der Stromst\u00e4rke. Das Ger\u00e4t kann auch Spannungen, Kondensatoren, Frequenzen und Widerst\u00e4nde messen.","robots":{"index":"index","follow":"follow","max-snippet":"max-snippet:-1","max-image-preview":"max-image-preview:large","max-video-preview":"max-video-preview:-1"},"canonical":"https:\/\/sysmatec.ch\/de\/produit\/stromzange-testo-770-3\/","og_locale":"de_DE","og_type":"article","og_title":"Stromzange Testo 770-3 - Sysmatec","og_description":"Stromzange, zum ber\u00fchrungslosen Messen der Stromst\u00e4rke. Das Ger\u00e4t kann auch Spannungen, Kondensatoren, Frequenzen und Widerst\u00e4nde messen.","og_url":"https:\/\/sysmatec.ch\/de\/produit\/stromzange-testo-770-3\/","og_site_name":"Sysmatec","article_modified_time":"2022-01-08T13:21:10+00:00","og_image":[{"width":182,"height":244,"url":"https:\/\/sysmatec.ch\/wp-content\/uploads\/2019\/05\/Electricite_Testo770.jpg","type":"image\/jpeg"}],"twitter_card":"summary_large_image","twitter_misc":{"Gesch\u00e4tzte Lesezeit":"2\u00a0Minuten"},"schema":{"@context":"https:\/\/schema.org","@graph":[{"@type":"WebPage","@id":"https:\/\/sysmatec.ch\/de\/produit\/stromzange-testo-770-3\/","url":"https:\/\/sysmatec.ch\/de\/produit\/stromzange-testo-770-3\/","name":"Stromzange Testo 770-3 - Sysmatec","isPartOf":{"@id":"https:\/\/sysmatec.ch\/de\/#website"},"primaryImageOfPage":{"@id":"https:\/\/sysmatec.ch\/de\/produit\/stromzange-testo-770-3\/#primaryimage"},"image":{"@id":"https:\/\/sysmatec.ch\/de\/produit\/stromzange-testo-770-3\/#primaryimage"},"thumbnailUrl":"https:\/\/sysmatec.ch\/wp-content\/uploads\/2019\/05\/Electricite_Testo770.jpg","datePublished":"2019-05-28T12:33:19+00:00","dateModified":"2022-01-08T13:21:10+00:00","description":"Stromzange, zum ber\u00fchrungslosen Messen der Stromst\u00e4rke. Das Ger\u00e4t kann auch Spannungen, Kondensatoren, Frequenzen und Widerst\u00e4nde messen.","breadcrumb":{"@id":"https:\/\/sysmatec.ch\/de\/produit\/stromzange-testo-770-3\/#breadcrumb"},"inLanguage":"de","potentialAction":[{"@type":"ReadAction","target":["https:\/\/sysmatec.ch\/de\/produit\/stromzange-testo-770-3\/"]}]},{"@type":"ImageObject","inLanguage":"de","@id":"https:\/\/sysmatec.ch\/de\/produit\/stromzange-testo-770-3\/#primaryimage","url":"https:\/\/sysmatec.ch\/wp-content\/uploads\/2019\/05\/Electricite_Testo770.jpg","contentUrl":"https:\/\/sysmatec.ch\/wp-content\/uploads\/2019\/05\/Electricite_Testo770.jpg","width":182,"height":244},{"@type":"BreadcrumbList","@id":"https:\/\/sysmatec.ch\/de\/produit\/stromzange-testo-770-3\/#breadcrumb","itemListElement":[{"@type":"ListItem","position":1,"name":"Accueil","item":"https:\/\/sysmatec.ch\/de\/"},{"@type":"ListItem","position":2,"name":"Die Aktivit\u00e4t von Sysmatec","item":"https:\/\/sysmatec.ch\/de\/"},{"@type":"ListItem","position":3,"name":"Stromzange Testo 770-3"}]},{"@type":"WebSite","@id":"https:\/\/sysmatec.ch\/de\/#website","url":"https:\/\/sysmatec.ch\/de\/","name":"Sysmatec","description":"Equipement de laboratoire et logiciels","publisher":{"@id":"https:\/\/sysmatec.ch\/de\/#organization"},"potentialAction":[{"@type":"SearchAction","target":{"@type":"EntryPoint","urlTemplate":"https:\/\/sysmatec.ch\/de\/?s={search_term_string}"},"query-input":{"@type":"PropertyValueSpecification","valueRequired":true,"valueName":"search_term_string"}}],"inLanguage":"de"},{"@type":"Organization","@id":"https:\/\/sysmatec.ch\/de\/#organization","name":"Sysmatec","url":"https:\/\/sysmatec.ch\/de\/","logo":{"@type":"ImageObject","inLanguage":"de","@id":"https:\/\/sysmatec.ch\/de\/#\/schema\/logo\/image\/","url":"https:\/\/sysmatec.ch\/wp-content\/uploads\/2018\/11\/LogoSysmatec.jpg","contentUrl":"https:\/\/sysmatec.ch\/wp-content\/uploads\/2018\/11\/LogoSysmatec.jpg","width":301,"height":297,"caption":"Sysmatec"},"image":{"@id":"https:\/\/sysmatec.ch\/de\/#\/schema\/logo\/image\/"}}]}},"_links":{"self":[{"href":"https:\/\/sysmatec.ch\/de\/wp-json\/wp\/v2\/product\/6414","targetHints":{"allow":["GET"]}}],"collection":[{"href":"https:\/\/sysmatec.ch\/de\/wp-json\/wp\/v2\/product"}],"about":[{"href":"https:\/\/sysmatec.ch\/de\/wp-json\/wp\/v2\/types\/product"}],"wp:featuredmedia":[{"embeddable":true,"href":"https:\/\/sysmatec.ch\/de\/wp-json\/wp\/v2\/media\/6400"}],"wp:attachment":[{"href":"https:\/\/sysmatec.ch\/de\/wp-json\/wp\/v2\/media?parent=6414"}],"wp:term":[{"taxonomy":"product_brand","embeddable":true,"href":"https:\/\/sysmatec.ch\/de\/wp-json\/wp\/v2\/product_brand?post=6414"},{"taxonomy":"product_cat","embeddable":true,"href":"https:\/\/sysmatec.ch\/de\/wp-json\/wp\/v2\/product_cat?post=6414"},{"taxonomy":"product_tag","embeddable":true,"href":"https:\/\/sysmatec.ch\/de\/wp-json\/wp\/v2\/product_tag?post=6414"}],"curies":[{"name":"wp","href":"https:\/\/api.w.org\/{rel}","templated":true}]}}