{"id":6409,"date":"2019-05-28T14:22:28","date_gmt":"2019-05-28T12:22:28","guid":{"rendered":"https:\/\/sysmatec.ch\/produit\/multimetre-digital-trms-testo-760-2\/"},"modified":"2022-01-08T14:25:55","modified_gmt":"2022-01-08T13:25:55","slug":"digital-multimeter-trms-testo-760-2","status":"publish","type":"product","link":"https:\/\/sysmatec.ch\/de\/Produkt\/digital-multimeter-trms-testo-760-2\/","title":{"rendered":"Digital-Multimeter TRMS Testo 760-2"},"content":{"rendered":"<p>Das Digital-Multimeter testo 760-2 verf\u00fcgt \u00fcber die wichtigsten Funktionen zum Messen von Strom, Spannung und Widerstand. Dank des gr\u00f6\u00dferen Messbereichs ist die Messung der Stromst\u00e4rke auch im \u00b5A-Bereich m\u00f6glich. Und der integrierte Tiefpassfilter erzielt bei Frequenzumrichter-gesteuerten Motoren exaktere Messergebnisse. Neben elektrischen Parametern lassen sich mit diesem Multimeter auch Temperaturen messen.<\/p>\n<ul>\n<li type=\"disc\">Gleichspannung DC Messbereich \/ Aufl\u00f6sung: 600 mV \/ 0.1 mV, 6.000 V \/ 1 mV, 60.00 V \/ 10 mV, 600.0 V \/ 100 mV<\/li>\n<li type=\"disc\">Genauigkeit Gleichspannung: \u00b1 (0.8 % v. Mw. + 3 Digit)<\/li>\n<li type=\"disc\">Wechselspannung AC Messbereich \/ Aufl\u00f6sung: 600 mV \/ 0.1 mV, 6.000 V \/ 1 mV, 60.00 V \/ 10 mV, 600.0 V \/ 100 mV<\/li>\n<li type=\"disc\">Genauigkeit Wechselspannung: \u00b1 (0.8 % v. Mw. + 3 Digit)<\/li>\n<li type=\"disc\">Gleichstrom DC Messbereich\/ Aufl\u00f6sung: 600 uA \/ 0.1 uA, 6000 uA \/ 1 uA, 60.00 mA \/ 10 uA, 600.0 mA \/ 100 uA, 6 A \/ 1 mA, 10 A \/ 10 mA<\/li>\n<li type=\"disc\">Genauigkeit Gleichstrom : \u00b1 (1.5 % v. Mw. + 5 Digit)<\/li>\n<li type=\"disc\">Wechselstrom AC Messbereich \/ Aufl\u00f6sung: 600 uA \/ 0.1 uA, 6000 uA \/ 1 uA, 60.00 mA \/ 10 uA, 600.0 mA \/ 100 uA, 6 A \/ 1 mA, 10 A \/ 10 mA<\/li>\n<li type=\"disc\">Genauigkeit Wechselstrom : \u00b1 (1.5 % v. Mw. + 5 Digit)<\/li>\n<li type=\"disc\">Widerstand Messbereich \/ Aufl\u00f6sung: 6.000 Ohm \/ 0.001 Ohm, 60.0 Ohm \/ 0.01 Ohm, 600.0 Ohm \/ 0.1 Ohm, 6.000 kOhm \/ 1 Ohm, 60.00 kOhm \/ 10 Ohm, 600.0 kOhm \/ 100 Ohm, 6.000 MOhm \/ 1 kOhm, 60.00 MOhm \/ 10 kOhm<\/li>\n<li type=\"disc\">Genauigkeit Widerstand: \u00b1 (0.5 % v. Mw. + 3 Digit)<\/li>\n<li type=\"disc\">Kapazit\u00e4t Messbereich\/ Aufl\u00f6sung: 6.000 nF \/ 0.001 nF, 60.00 nF \/ 0.01 nF, 600.0 nF \/ 0.1 nF, 6.000 uF \/ 0.001 uF, 60.00 uF \/ 0.01 uF, 600.0 uF \/ 0.1 uF, 6.000 mF \/ 1 uF, 30.00 mF \/ 10 uF<\/li>\n<li type=\"disc\">Genauigkeit Kapazit\u00e4t: \u00b1 (0.5 % v. Mw. + 3 Digit)<\/li>\n<li type=\"disc\">Frequenz Messbereich\/ Aufl\u00f6sung: 600.0 Hz \/ 0.1 Hz, 6.000 kHz \/ 1 Hz, 60.00 kHz \/ 10 Hz, 600.0 kHz \/ 100 Hz, 6.000 MHz \/ 1 kHz, 30.00 MHz \/ k10 Hz<\/li>\n<li type=\"disc\">Genauigkeit Frequenz \u00b1 (0.1 % v. Mw. + 1 Digit)<\/li>\n<li type=\"disc\">Schutzklasse: IP 64<\/li>\n<li type=\"disc\">Temperaturmessbereich, Thermoelement Typ K \/ Aufl\u00f6sung: -20 bis 500 \u00b0C \/ 0.1 \u00b0C<\/li>\n<li type=\"disc\">Genauigkeit der Temperatumessung : \u00b11 \u00b0C (0 bis +100 \u00b0C)<\/li>\n<li type=\"disc\">Diodentest<\/li>\n<li type=\"disc\">Stromzangenmessung mit Adapter (Option)<\/li>\n<li type=\"disc\">Garantie: 2 Jahre<\/li>\n<li type=\"disc\">Lagertemperatur: -15 bis +60 \u00b0C<\/li>\n<li type=\"disc\">Gewicht: 340 g<\/li>\n<li type=\"disc\">Messkategorie: CAT III 1000 V; CAT IV 600 V<\/li>\n<li type=\"disc\">Zulassungen: CSA; T\u00dcV; CE<\/li>\n<li type=\"disc\">Abmessungen: 167 x 85 x 45 mm<\/li>\n<li type=\"disc\">Betriebstemperatur: -10 \u00e0 +50 \u00b0C<\/li>\n<\/ul>\n","protected":false},"excerpt":{"rendered":"<p>Digital-Multimeter<\/p>\n","protected":false},"featured_media":6397,"template":"","meta":{"_crdt_document":""},"product_brand":[],"product_cat":[209],"product_tag":[],"class_list":{"0":"post-6409","1":"product","2":"type-product","3":"status-publish","4":"has-post-thumbnail","6":"product_cat-elektrisch","8":"first","9":"instock","10":"taxable","11":"shipping-taxable","12":"product-type-simple"},"yoast_head":"<!-- This site is optimized with the Yoast SEO plugin v27.4 - https:\/\/yoast.com\/product\/yoast-seo-wordpress\/ -->\n<title>Digital-Multimeter TRMS Testo 760-2 - Sysmatec<\/title>\n<meta name=\"description\" content=\"Digitalmultimeter zum Messen von Str\u00f6men, Spannungen, Kondensatoren, Frequenzen, Widerst\u00e4nden und Temperaturen.\" \/>\n<meta name=\"robots\" content=\"index, follow, max-snippet:-1, max-image-preview:large, max-video-preview:-1\" \/>\n<link rel=\"canonical\" href=\"https:\/\/sysmatec.ch\/de\/produit\/digital-multimeter-trms-testo-760-2\/\" \/>\n<meta property=\"og:locale\" content=\"de_DE\" \/>\n<meta property=\"og:type\" content=\"article\" \/>\n<meta property=\"og:title\" content=\"Digital-Multimeter TRMS Testo 760-2 - Sysmatec\" \/>\n<meta property=\"og:description\" content=\"Digitalmultimeter zum Messen von Str\u00f6men, Spannungen, Kondensatoren, Frequenzen, Widerst\u00e4nden und Temperaturen.\" \/>\n<meta property=\"og:url\" content=\"https:\/\/sysmatec.ch\/de\/produit\/digital-multimeter-trms-testo-760-2\/\" \/>\n<meta property=\"og:site_name\" content=\"Sysmatec\" \/>\n<meta property=\"article:modified_time\" content=\"2022-01-08T13:25:55+00:00\" \/>\n<meta property=\"og:image\" content=\"https:\/\/sysmatec.ch\/wp-content\/uploads\/2019\/05\/Electricite_Testo760.jpg\" \/>\n\t<meta property=\"og:image:width\" content=\"192\" \/>\n\t<meta property=\"og:image:height\" content=\"261\" \/>\n\t<meta property=\"og:image:type\" content=\"image\/jpeg\" \/>\n<meta name=\"twitter:card\" content=\"summary_large_image\" \/>\n<meta name=\"twitter:label1\" content=\"Gesch\u00e4tzte Lesezeit\" \/>\n\t<meta name=\"twitter:data1\" content=\"1\u00a0Minute\" \/>\n<script type=\"application\/ld+json\" class=\"yoast-schema-graph\">{\"@context\":\"https:\\\/\\\/schema.org\",\"@graph\":[{\"@type\":\"WebPage\",\"@id\":\"https:\\\/\\\/sysmatec.ch\\\/de\\\/produit\\\/digital-multimeter-trms-testo-760-2\\\/\",\"url\":\"https:\\\/\\\/sysmatec.ch\\\/de\\\/produit\\\/digital-multimeter-trms-testo-760-2\\\/\",\"name\":\"Digital-Multimeter TRMS Testo 760-2 - Sysmatec\",\"isPartOf\":{\"@id\":\"https:\\\/\\\/sysmatec.ch\\\/de\\\/#website\"},\"primaryImageOfPage\":{\"@id\":\"https:\\\/\\\/sysmatec.ch\\\/de\\\/produit\\\/digital-multimeter-trms-testo-760-2\\\/#primaryimage\"},\"image\":{\"@id\":\"https:\\\/\\\/sysmatec.ch\\\/de\\\/produit\\\/digital-multimeter-trms-testo-760-2\\\/#primaryimage\"},\"thumbnailUrl\":\"https:\\\/\\\/sysmatec.ch\\\/wp-content\\\/uploads\\\/2019\\\/05\\\/Electricite_Testo760.jpg\",\"datePublished\":\"2019-05-28T12:22:28+00:00\",\"dateModified\":\"2022-01-08T13:25:55+00:00\",\"description\":\"Digitalmultimeter zum Messen von Str\u00f6men, Spannungen, Kondensatoren, Frequenzen, Widerst\u00e4nden und Temperaturen.\",\"breadcrumb\":{\"@id\":\"https:\\\/\\\/sysmatec.ch\\\/de\\\/produit\\\/digital-multimeter-trms-testo-760-2\\\/#breadcrumb\"},\"inLanguage\":\"de\",\"potentialAction\":[{\"@type\":\"ReadAction\",\"target\":[\"https:\\\/\\\/sysmatec.ch\\\/de\\\/produit\\\/digital-multimeter-trms-testo-760-2\\\/\"]}]},{\"@type\":\"ImageObject\",\"inLanguage\":\"de\",\"@id\":\"https:\\\/\\\/sysmatec.ch\\\/de\\\/produit\\\/digital-multimeter-trms-testo-760-2\\\/#primaryimage\",\"url\":\"https:\\\/\\\/sysmatec.ch\\\/wp-content\\\/uploads\\\/2019\\\/05\\\/Electricite_Testo760.jpg\",\"contentUrl\":\"https:\\\/\\\/sysmatec.ch\\\/wp-content\\\/uploads\\\/2019\\\/05\\\/Electricite_Testo760.jpg\",\"width\":192,\"height\":261},{\"@type\":\"BreadcrumbList\",\"@id\":\"https:\\\/\\\/sysmatec.ch\\\/de\\\/produit\\\/digital-multimeter-trms-testo-760-2\\\/#breadcrumb\",\"itemListElement\":[{\"@type\":\"ListItem\",\"position\":1,\"name\":\"Accueil\",\"item\":\"https:\\\/\\\/sysmatec.ch\\\/de\\\/\"},{\"@type\":\"ListItem\",\"position\":2,\"name\":\"Die Aktivit\u00e4t von Sysmatec\",\"item\":\"https:\\\/\\\/sysmatec.ch\\\/de\\\/\"},{\"@type\":\"ListItem\",\"position\":3,\"name\":\"Digital-Multimeter TRMS Testo 760-2\"}]},{\"@type\":\"WebSite\",\"@id\":\"https:\\\/\\\/sysmatec.ch\\\/de\\\/#website\",\"url\":\"https:\\\/\\\/sysmatec.ch\\\/de\\\/\",\"name\":\"Sysmatec\",\"description\":\"Equipement de laboratoire et logiciels\",\"publisher\":{\"@id\":\"https:\\\/\\\/sysmatec.ch\\\/de\\\/#organization\"},\"potentialAction\":[{\"@type\":\"SearchAction\",\"target\":{\"@type\":\"EntryPoint\",\"urlTemplate\":\"https:\\\/\\\/sysmatec.ch\\\/de\\\/?s={search_term_string}\"},\"query-input\":{\"@type\":\"PropertyValueSpecification\",\"valueRequired\":true,\"valueName\":\"search_term_string\"}}],\"inLanguage\":\"de\"},{\"@type\":\"Organization\",\"@id\":\"https:\\\/\\\/sysmatec.ch\\\/de\\\/#organization\",\"name\":\"Sysmatec\",\"url\":\"https:\\\/\\\/sysmatec.ch\\\/de\\\/\",\"logo\":{\"@type\":\"ImageObject\",\"inLanguage\":\"de\",\"@id\":\"https:\\\/\\\/sysmatec.ch\\\/de\\\/#\\\/schema\\\/logo\\\/image\\\/\",\"url\":\"https:\\\/\\\/sysmatec.ch\\\/wp-content\\\/uploads\\\/2018\\\/11\\\/LogoSysmatec.jpg\",\"contentUrl\":\"https:\\\/\\\/sysmatec.ch\\\/wp-content\\\/uploads\\\/2018\\\/11\\\/LogoSysmatec.jpg\",\"width\":301,\"height\":297,\"caption\":\"Sysmatec\"},\"image\":{\"@id\":\"https:\\\/\\\/sysmatec.ch\\\/de\\\/#\\\/schema\\\/logo\\\/image\\\/\"}}]}<\/script>\n<!-- \/ Yoast SEO plugin. -->","yoast_head_json":{"title":"Digital-Multimeter TRMS Testo 760-2 - Sysmatec","description":"Digitalmultimeter zum Messen von Str\u00f6men, Spannungen, Kondensatoren, Frequenzen, Widerst\u00e4nden und Temperaturen.","robots":{"index":"index","follow":"follow","max-snippet":"max-snippet:-1","max-image-preview":"max-image-preview:large","max-video-preview":"max-video-preview:-1"},"canonical":"https:\/\/sysmatec.ch\/de\/produit\/digital-multimeter-trms-testo-760-2\/","og_locale":"de_DE","og_type":"article","og_title":"Digital-Multimeter TRMS Testo 760-2 - Sysmatec","og_description":"Digitalmultimeter zum Messen von Str\u00f6men, Spannungen, Kondensatoren, Frequenzen, Widerst\u00e4nden und Temperaturen.","og_url":"https:\/\/sysmatec.ch\/de\/produit\/digital-multimeter-trms-testo-760-2\/","og_site_name":"Sysmatec","article_modified_time":"2022-01-08T13:25:55+00:00","og_image":[{"width":192,"height":261,"url":"https:\/\/sysmatec.ch\/wp-content\/uploads\/2019\/05\/Electricite_Testo760.jpg","type":"image\/jpeg"}],"twitter_card":"summary_large_image","twitter_misc":{"Gesch\u00e4tzte Lesezeit":"1\u00a0Minute"},"schema":{"@context":"https:\/\/schema.org","@graph":[{"@type":"WebPage","@id":"https:\/\/sysmatec.ch\/de\/produit\/digital-multimeter-trms-testo-760-2\/","url":"https:\/\/sysmatec.ch\/de\/produit\/digital-multimeter-trms-testo-760-2\/","name":"Digital-Multimeter TRMS Testo 760-2 - Sysmatec","isPartOf":{"@id":"https:\/\/sysmatec.ch\/de\/#website"},"primaryImageOfPage":{"@id":"https:\/\/sysmatec.ch\/de\/produit\/digital-multimeter-trms-testo-760-2\/#primaryimage"},"image":{"@id":"https:\/\/sysmatec.ch\/de\/produit\/digital-multimeter-trms-testo-760-2\/#primaryimage"},"thumbnailUrl":"https:\/\/sysmatec.ch\/wp-content\/uploads\/2019\/05\/Electricite_Testo760.jpg","datePublished":"2019-05-28T12:22:28+00:00","dateModified":"2022-01-08T13:25:55+00:00","description":"Digitalmultimeter zum Messen von Str\u00f6men, Spannungen, Kondensatoren, Frequenzen, Widerst\u00e4nden und Temperaturen.","breadcrumb":{"@id":"https:\/\/sysmatec.ch\/de\/produit\/digital-multimeter-trms-testo-760-2\/#breadcrumb"},"inLanguage":"de","potentialAction":[{"@type":"ReadAction","target":["https:\/\/sysmatec.ch\/de\/produit\/digital-multimeter-trms-testo-760-2\/"]}]},{"@type":"ImageObject","inLanguage":"de","@id":"https:\/\/sysmatec.ch\/de\/produit\/digital-multimeter-trms-testo-760-2\/#primaryimage","url":"https:\/\/sysmatec.ch\/wp-content\/uploads\/2019\/05\/Electricite_Testo760.jpg","contentUrl":"https:\/\/sysmatec.ch\/wp-content\/uploads\/2019\/05\/Electricite_Testo760.jpg","width":192,"height":261},{"@type":"BreadcrumbList","@id":"https:\/\/sysmatec.ch\/de\/produit\/digital-multimeter-trms-testo-760-2\/#breadcrumb","itemListElement":[{"@type":"ListItem","position":1,"name":"Accueil","item":"https:\/\/sysmatec.ch\/de\/"},{"@type":"ListItem","position":2,"name":"Die Aktivit\u00e4t von Sysmatec","item":"https:\/\/sysmatec.ch\/de\/"},{"@type":"ListItem","position":3,"name":"Digital-Multimeter TRMS Testo 760-2"}]},{"@type":"WebSite","@id":"https:\/\/sysmatec.ch\/de\/#website","url":"https:\/\/sysmatec.ch\/de\/","name":"Sysmatec","description":"Equipement de laboratoire et logiciels","publisher":{"@id":"https:\/\/sysmatec.ch\/de\/#organization"},"potentialAction":[{"@type":"SearchAction","target":{"@type":"EntryPoint","urlTemplate":"https:\/\/sysmatec.ch\/de\/?s={search_term_string}"},"query-input":{"@type":"PropertyValueSpecification","valueRequired":true,"valueName":"search_term_string"}}],"inLanguage":"de"},{"@type":"Organization","@id":"https:\/\/sysmatec.ch\/de\/#organization","name":"Sysmatec","url":"https:\/\/sysmatec.ch\/de\/","logo":{"@type":"ImageObject","inLanguage":"de","@id":"https:\/\/sysmatec.ch\/de\/#\/schema\/logo\/image\/","url":"https:\/\/sysmatec.ch\/wp-content\/uploads\/2018\/11\/LogoSysmatec.jpg","contentUrl":"https:\/\/sysmatec.ch\/wp-content\/uploads\/2018\/11\/LogoSysmatec.jpg","width":301,"height":297,"caption":"Sysmatec"},"image":{"@id":"https:\/\/sysmatec.ch\/de\/#\/schema\/logo\/image\/"}}]}},"_links":{"self":[{"href":"https:\/\/sysmatec.ch\/de\/wp-json\/wp\/v2\/product\/6409","targetHints":{"allow":["GET"]}}],"collection":[{"href":"https:\/\/sysmatec.ch\/de\/wp-json\/wp\/v2\/product"}],"about":[{"href":"https:\/\/sysmatec.ch\/de\/wp-json\/wp\/v2\/types\/product"}],"wp:featuredmedia":[{"embeddable":true,"href":"https:\/\/sysmatec.ch\/de\/wp-json\/wp\/v2\/media\/6397"}],"wp:attachment":[{"href":"https:\/\/sysmatec.ch\/de\/wp-json\/wp\/v2\/media?parent=6409"}],"wp:term":[{"taxonomy":"product_brand","embeddable":true,"href":"https:\/\/sysmatec.ch\/de\/wp-json\/wp\/v2\/product_brand?post=6409"},{"taxonomy":"product_cat","embeddable":true,"href":"https:\/\/sysmatec.ch\/de\/wp-json\/wp\/v2\/product_cat?post=6409"},{"taxonomy":"product_tag","embeddable":true,"href":"https:\/\/sysmatec.ch\/de\/wp-json\/wp\/v2\/product_tag?post=6409"}],"curies":[{"name":"wp","href":"https:\/\/api.w.org\/{rel}","templated":true}]}}