{"id":6405,"date":"2019-05-27T22:12:58","date_gmt":"2019-05-27T20:12:58","guid":{"rendered":"https:\/\/sysmatec.ch\/produit\/multimetre-digital-testo-760-1\/"},"modified":"2022-01-08T14:28:53","modified_gmt":"2022-01-08T13:28:53","slug":"digitaler-multimeter-testo-760-1","status":"publish","type":"product","link":"https:\/\/sysmatec.ch\/de\/Produkt\/digitaler-multimeter-testo-760-1\/","title":{"rendered":"Digitaler Multimeter Testo 760-1"},"content":{"rendered":"<p>Im Vergleich zu markt\u00fcblichen Multimetern m\u00fcssen Sie beim testo 760-1 nicht erst die Messbuchsen und anschlie\u00dfend die Messfunktion w\u00e4hlen. Das Ger\u00e4t erkennt die passende Messgr\u00f6\u00dfe anhand der Buchsenbelegung von ganz allein \u2013 und schlie\u00dft dadurch gef\u00e4hrliche Fehleinstellungen aus.<\/p>\n<ul>\n<li type=\"disc\">Gleichspannung DC Messbereich \/ Aufl\u00f6sung: 400 mV \/ 0.1 mV, 4.000 V \/ 1 mV, 40.00 V \/ 10 mV, 400.0 V \/ 100 mV, 600 V \/ 1 V<\/li>\n<li type=\"disc\">Genauigkeit Gleichspannung: \u00b1 (0.8 % v. Mw. + 3 Digit)<\/li>\n<li type=\"disc\">Wechselspannung AC Messbereich\/ Aufl\u00f6sung: 400 mV \/ 0.1 mV, 4.000 V \/ 1 mV, 40.00 V \/ 10 mV, 400.0 V \/ 100 mV, 600 V \/ 1 V<\/li>\n<li type=\"disc\">Genauigkeit Wechselspannung: \u00b1 (1 % v. Mw. + 3 Digit)<\/li>\n<li type=\"disc\">Gleichstrom DC Messbereich \/ Aufl\u00f6sung: 4 A \/ 1 mA, 10 A \/ 10 mA<\/li>\n<li type=\"disc\">Genauigkeit Gleichstrom: \u00b1 (1.5 % v. Mw. + 5 Digit)<\/li>\n<li type=\"disc\">Wechselstrom AC Messbereich \/ Aufl\u00f6sung: 4 A \/ 1 mA, 10 A \/ 10 mA<\/li>\n<li type=\"disc\">Genauigkeit Wechselstrom: \u00b1 (1.5 % v. Mw. + 5 Digit)<\/li>\n<li type=\"disc\">Widerstand Messbereich \/ Aufl\u00f6sung: 400.0 Ohm \/ 0.1 Ohm, 4.000 kOhm \/ 1 Ohm, 40.00 kOhm \/ 10 Ohm, 400.0 kOhm \/ 100 Ohm, 4.000 MOhm \/ 1 kOhm, 40.00 MOhm \/ 10 kOhm<\/li>\n<li type=\"disc\">Genauigkeit Widerstand: \u00b1 (1.5 % v. Mw. + 3 Digit)<\/li>\n<li type=\"disc\">Kapazit\u00e4t Messbereich\/ Aufl\u00f6sung: 51.20 nF \/ 0.01 nF, 512.0 nF \/ 0.1 nF, 5.120 uF \/ 0.001 uF, 51.20 uF \/ 0.01 uF, 100.0 uF \/ 0.1 uF<\/li>\n<li type=\"disc\">Genauigkeit Kapazit\u00e4t: \u00b1 (1.5 % v. Mw. + 5 Digit)<\/li>\n<li type=\"disc\">Frequenz Messbereich \/ Aufl\u00f6sung: 5.120 Hz \/ 0.001 Hz, 51.20 Hz \/ 0.01 Hz, 512.0 Hz \/ 0.1 Hz, 5.120 kHz \/ 1 Hz, 51.20 kHz \/ 10 Hz, 512.0 kHz \/ 100 Hz<\/li>\n<li type=\"disc\">Genauigkeit Frequenz \u00b1 (0.1 % v. Mw. + 1 Digit)<\/li>\n<li type=\"disc\">Schutzklasse: IP 64<\/li>\n<li type=\"disc\">Garantie: 2 Jahre<\/li>\n<li type=\"disc\">Lagertemperatur:-15 bis +60 \u00b0C<\/li>\n<li type=\"disc\">Gewicht: 340 g<\/li>\n<li type=\"disc\">Messkategorie: CAT III 600 V; CAT IV 300 V<\/li>\n<li type=\"disc\">Zulassungen: CSA; T\u00dcV; CE<\/li>\n<li type=\"disc\">Abmessungen: 167 x 85 x 45 mm<\/li>\n<li type=\"disc\">Betriebstemperatur: -10 \u00e0 +50 \u00b0C<\/li>\n<\/ul>\n","protected":false},"excerpt":{"rendered":"<p>Digitaler Multimeter<\/p>\n","protected":false},"featured_media":6397,"template":"","meta":{"_crdt_document":""},"product_brand":[],"product_cat":[209],"product_tag":[],"class_list":{"0":"post-6405","1":"product","2":"type-product","3":"status-publish","4":"has-post-thumbnail","6":"product_cat-elektrisch","8":"first","9":"instock","10":"taxable","11":"shipping-taxable","12":"product-type-simple"},"yoast_head":"<!-- This site is optimized with the Yoast SEO plugin v27.3 - https:\/\/yoast.com\/product\/yoast-seo-wordpress\/ -->\n<title>Digitaler Multimeter Testo 760-1 - Sysmatec<\/title>\n<meta name=\"description\" content=\"Digitalmultimeter zum Messen von Str\u00f6men, Spannungen, Kondensatoren, Frequenzen und Widerst\u00e4nden.\" \/>\n<meta name=\"robots\" content=\"index, follow, max-snippet:-1, max-image-preview:large, max-video-preview:-1\" \/>\n<link rel=\"canonical\" href=\"https:\/\/sysmatec.ch\/de\/produit\/digitaler-multimeter-testo-760-1\/\" \/>\n<meta property=\"og:locale\" content=\"de_DE\" \/>\n<meta property=\"og:type\" content=\"article\" \/>\n<meta property=\"og:title\" content=\"Digitaler Multimeter Testo 760-1 - Sysmatec\" \/>\n<meta property=\"og:description\" content=\"Digitalmultimeter zum Messen von Str\u00f6men, Spannungen, Kondensatoren, Frequenzen und Widerst\u00e4nden.\" \/>\n<meta property=\"og:url\" content=\"https:\/\/sysmatec.ch\/de\/produit\/digitaler-multimeter-testo-760-1\/\" \/>\n<meta property=\"og:site_name\" content=\"Sysmatec\" \/>\n<meta property=\"article:modified_time\" content=\"2022-01-08T13:28:53+00:00\" \/>\n<meta property=\"og:image\" content=\"https:\/\/sysmatec.ch\/wp-content\/uploads\/2019\/05\/Electricite_Testo760.jpg\" \/>\n\t<meta property=\"og:image:width\" content=\"192\" \/>\n\t<meta property=\"og:image:height\" content=\"261\" \/>\n\t<meta property=\"og:image:type\" content=\"image\/jpeg\" \/>\n<meta name=\"twitter:card\" content=\"summary_large_image\" \/>\n<meta name=\"twitter:label1\" content=\"Gesch\u00e4tzte Lesezeit\" \/>\n\t<meta name=\"twitter:data1\" content=\"1\u00a0Minute\" \/>\n<script type=\"application\/ld+json\" class=\"yoast-schema-graph\">{\"@context\":\"https:\\\/\\\/schema.org\",\"@graph\":[{\"@type\":\"WebPage\",\"@id\":\"https:\\\/\\\/sysmatec.ch\\\/de\\\/produit\\\/digitaler-multimeter-testo-760-1\\\/\",\"url\":\"https:\\\/\\\/sysmatec.ch\\\/de\\\/produit\\\/digitaler-multimeter-testo-760-1\\\/\",\"name\":\"Digitaler Multimeter Testo 760-1 - Sysmatec\",\"isPartOf\":{\"@id\":\"https:\\\/\\\/sysmatec.ch\\\/de\\\/#website\"},\"primaryImageOfPage\":{\"@id\":\"https:\\\/\\\/sysmatec.ch\\\/de\\\/produit\\\/digitaler-multimeter-testo-760-1\\\/#primaryimage\"},\"image\":{\"@id\":\"https:\\\/\\\/sysmatec.ch\\\/de\\\/produit\\\/digitaler-multimeter-testo-760-1\\\/#primaryimage\"},\"thumbnailUrl\":\"https:\\\/\\\/sysmatec.ch\\\/wp-content\\\/uploads\\\/2019\\\/05\\\/Electricite_Testo760.jpg\",\"datePublished\":\"2019-05-27T20:12:58+00:00\",\"dateModified\":\"2022-01-08T13:28:53+00:00\",\"description\":\"Digitalmultimeter zum Messen von Str\u00f6men, Spannungen, Kondensatoren, Frequenzen und Widerst\u00e4nden.\",\"breadcrumb\":{\"@id\":\"https:\\\/\\\/sysmatec.ch\\\/de\\\/produit\\\/digitaler-multimeter-testo-760-1\\\/#breadcrumb\"},\"inLanguage\":\"de\",\"potentialAction\":[{\"@type\":\"ReadAction\",\"target\":[\"https:\\\/\\\/sysmatec.ch\\\/de\\\/produit\\\/digitaler-multimeter-testo-760-1\\\/\"]}]},{\"@type\":\"ImageObject\",\"inLanguage\":\"de\",\"@id\":\"https:\\\/\\\/sysmatec.ch\\\/de\\\/produit\\\/digitaler-multimeter-testo-760-1\\\/#primaryimage\",\"url\":\"https:\\\/\\\/sysmatec.ch\\\/wp-content\\\/uploads\\\/2019\\\/05\\\/Electricite_Testo760.jpg\",\"contentUrl\":\"https:\\\/\\\/sysmatec.ch\\\/wp-content\\\/uploads\\\/2019\\\/05\\\/Electricite_Testo760.jpg\",\"width\":192,\"height\":261},{\"@type\":\"BreadcrumbList\",\"@id\":\"https:\\\/\\\/sysmatec.ch\\\/de\\\/produit\\\/digitaler-multimeter-testo-760-1\\\/#breadcrumb\",\"itemListElement\":[{\"@type\":\"ListItem\",\"position\":1,\"name\":\"Accueil\",\"item\":\"https:\\\/\\\/sysmatec.ch\\\/de\\\/\"},{\"@type\":\"ListItem\",\"position\":2,\"name\":\"Die Aktivit\u00e4t von Sysmatec\",\"item\":\"https:\\\/\\\/sysmatec.ch\\\/de\\\/\"},{\"@type\":\"ListItem\",\"position\":3,\"name\":\"Digitaler Multimeter Testo 760-1\"}]},{\"@type\":\"WebSite\",\"@id\":\"https:\\\/\\\/sysmatec.ch\\\/de\\\/#website\",\"url\":\"https:\\\/\\\/sysmatec.ch\\\/de\\\/\",\"name\":\"Sysmatec\",\"description\":\"Equipement de laboratoire et logiciels\",\"publisher\":{\"@id\":\"https:\\\/\\\/sysmatec.ch\\\/de\\\/#organization\"},\"potentialAction\":[{\"@type\":\"SearchAction\",\"target\":{\"@type\":\"EntryPoint\",\"urlTemplate\":\"https:\\\/\\\/sysmatec.ch\\\/de\\\/?s={search_term_string}\"},\"query-input\":{\"@type\":\"PropertyValueSpecification\",\"valueRequired\":true,\"valueName\":\"search_term_string\"}}],\"inLanguage\":\"de\"},{\"@type\":\"Organization\",\"@id\":\"https:\\\/\\\/sysmatec.ch\\\/de\\\/#organization\",\"name\":\"Sysmatec\",\"url\":\"https:\\\/\\\/sysmatec.ch\\\/de\\\/\",\"logo\":{\"@type\":\"ImageObject\",\"inLanguage\":\"de\",\"@id\":\"https:\\\/\\\/sysmatec.ch\\\/de\\\/#\\\/schema\\\/logo\\\/image\\\/\",\"url\":\"https:\\\/\\\/sysmatec.ch\\\/wp-content\\\/uploads\\\/2018\\\/11\\\/LogoSysmatec.jpg\",\"contentUrl\":\"https:\\\/\\\/sysmatec.ch\\\/wp-content\\\/uploads\\\/2018\\\/11\\\/LogoSysmatec.jpg\",\"width\":301,\"height\":297,\"caption\":\"Sysmatec\"},\"image\":{\"@id\":\"https:\\\/\\\/sysmatec.ch\\\/de\\\/#\\\/schema\\\/logo\\\/image\\\/\"}}]}<\/script>\n<!-- \/ Yoast SEO plugin. -->","yoast_head_json":{"title":"Digitaler Multimeter Testo 760-1 - Sysmatec","description":"Digitalmultimeter zum Messen von Str\u00f6men, Spannungen, Kondensatoren, Frequenzen und Widerst\u00e4nden.","robots":{"index":"index","follow":"follow","max-snippet":"max-snippet:-1","max-image-preview":"max-image-preview:large","max-video-preview":"max-video-preview:-1"},"canonical":"https:\/\/sysmatec.ch\/de\/produit\/digitaler-multimeter-testo-760-1\/","og_locale":"de_DE","og_type":"article","og_title":"Digitaler Multimeter Testo 760-1 - Sysmatec","og_description":"Digitalmultimeter zum Messen von Str\u00f6men, Spannungen, Kondensatoren, Frequenzen und Widerst\u00e4nden.","og_url":"https:\/\/sysmatec.ch\/de\/produit\/digitaler-multimeter-testo-760-1\/","og_site_name":"Sysmatec","article_modified_time":"2022-01-08T13:28:53+00:00","og_image":[{"width":192,"height":261,"url":"https:\/\/sysmatec.ch\/wp-content\/uploads\/2019\/05\/Electricite_Testo760.jpg","type":"image\/jpeg"}],"twitter_card":"summary_large_image","twitter_misc":{"Gesch\u00e4tzte Lesezeit":"1\u00a0Minute"},"schema":{"@context":"https:\/\/schema.org","@graph":[{"@type":"WebPage","@id":"https:\/\/sysmatec.ch\/de\/produit\/digitaler-multimeter-testo-760-1\/","url":"https:\/\/sysmatec.ch\/de\/produit\/digitaler-multimeter-testo-760-1\/","name":"Digitaler Multimeter Testo 760-1 - Sysmatec","isPartOf":{"@id":"https:\/\/sysmatec.ch\/de\/#website"},"primaryImageOfPage":{"@id":"https:\/\/sysmatec.ch\/de\/produit\/digitaler-multimeter-testo-760-1\/#primaryimage"},"image":{"@id":"https:\/\/sysmatec.ch\/de\/produit\/digitaler-multimeter-testo-760-1\/#primaryimage"},"thumbnailUrl":"https:\/\/sysmatec.ch\/wp-content\/uploads\/2019\/05\/Electricite_Testo760.jpg","datePublished":"2019-05-27T20:12:58+00:00","dateModified":"2022-01-08T13:28:53+00:00","description":"Digitalmultimeter zum Messen von Str\u00f6men, Spannungen, Kondensatoren, Frequenzen und Widerst\u00e4nden.","breadcrumb":{"@id":"https:\/\/sysmatec.ch\/de\/produit\/digitaler-multimeter-testo-760-1\/#breadcrumb"},"inLanguage":"de","potentialAction":[{"@type":"ReadAction","target":["https:\/\/sysmatec.ch\/de\/produit\/digitaler-multimeter-testo-760-1\/"]}]},{"@type":"ImageObject","inLanguage":"de","@id":"https:\/\/sysmatec.ch\/de\/produit\/digitaler-multimeter-testo-760-1\/#primaryimage","url":"https:\/\/sysmatec.ch\/wp-content\/uploads\/2019\/05\/Electricite_Testo760.jpg","contentUrl":"https:\/\/sysmatec.ch\/wp-content\/uploads\/2019\/05\/Electricite_Testo760.jpg","width":192,"height":261},{"@type":"BreadcrumbList","@id":"https:\/\/sysmatec.ch\/de\/produit\/digitaler-multimeter-testo-760-1\/#breadcrumb","itemListElement":[{"@type":"ListItem","position":1,"name":"Accueil","item":"https:\/\/sysmatec.ch\/de\/"},{"@type":"ListItem","position":2,"name":"Die Aktivit\u00e4t von Sysmatec","item":"https:\/\/sysmatec.ch\/de\/"},{"@type":"ListItem","position":3,"name":"Digitaler Multimeter Testo 760-1"}]},{"@type":"WebSite","@id":"https:\/\/sysmatec.ch\/de\/#website","url":"https:\/\/sysmatec.ch\/de\/","name":"Sysmatec","description":"Equipement de laboratoire et logiciels","publisher":{"@id":"https:\/\/sysmatec.ch\/de\/#organization"},"potentialAction":[{"@type":"SearchAction","target":{"@type":"EntryPoint","urlTemplate":"https:\/\/sysmatec.ch\/de\/?s={search_term_string}"},"query-input":{"@type":"PropertyValueSpecification","valueRequired":true,"valueName":"search_term_string"}}],"inLanguage":"de"},{"@type":"Organization","@id":"https:\/\/sysmatec.ch\/de\/#organization","name":"Sysmatec","url":"https:\/\/sysmatec.ch\/de\/","logo":{"@type":"ImageObject","inLanguage":"de","@id":"https:\/\/sysmatec.ch\/de\/#\/schema\/logo\/image\/","url":"https:\/\/sysmatec.ch\/wp-content\/uploads\/2018\/11\/LogoSysmatec.jpg","contentUrl":"https:\/\/sysmatec.ch\/wp-content\/uploads\/2018\/11\/LogoSysmatec.jpg","width":301,"height":297,"caption":"Sysmatec"},"image":{"@id":"https:\/\/sysmatec.ch\/de\/#\/schema\/logo\/image\/"}}]}},"_links":{"self":[{"href":"https:\/\/sysmatec.ch\/de\/wp-json\/wp\/v2\/product\/6405","targetHints":{"allow":["GET"]}}],"collection":[{"href":"https:\/\/sysmatec.ch\/de\/wp-json\/wp\/v2\/product"}],"about":[{"href":"https:\/\/sysmatec.ch\/de\/wp-json\/wp\/v2\/types\/product"}],"wp:featuredmedia":[{"embeddable":true,"href":"https:\/\/sysmatec.ch\/de\/wp-json\/wp\/v2\/media\/6397"}],"wp:attachment":[{"href":"https:\/\/sysmatec.ch\/de\/wp-json\/wp\/v2\/media?parent=6405"}],"wp:term":[{"taxonomy":"product_brand","embeddable":true,"href":"https:\/\/sysmatec.ch\/de\/wp-json\/wp\/v2\/product_brand?post=6405"},{"taxonomy":"product_cat","embeddable":true,"href":"https:\/\/sysmatec.ch\/de\/wp-json\/wp\/v2\/product_cat?post=6405"},{"taxonomy":"product_tag","embeddable":true,"href":"https:\/\/sysmatec.ch\/de\/wp-json\/wp\/v2\/product_tag?post=6405"}],"curies":[{"name":"wp","href":"https:\/\/api.w.org\/{rel}","templated":true}]}}