{"id":6386,"date":"2019-05-27T21:50:19","date_gmt":"2019-05-27T19:50:19","guid":{"rendered":"https:\/\/sysmatec.ch\/produit\/compteur-denergie-ct-200a\/"},"modified":"2022-01-08T15:27:54","modified_gmt":"2022-01-08T14:27:54","slug":"energie-meter-ct-200a","status":"publish","type":"product","link":"https:\/\/sysmatec.ch\/de\/Produkt\/energie-meter-ct-200a\/","title":{"rendered":"Energie Meter CT 200A"},"content":{"rendered":"<p>Der Energiez\u00e4hler IDPCT16A ist ein Stromwandler zur Messung von elektrischen Str\u00f6men in Stromkreisen bis zu 16 Ampere.<\/p>\n<p>Die Snap-On-System reduziert deutlich die Installationszeit und erm\u00f6glicht die Befestigung ohne Unterbrechung der stromf\u00fchrenden Draht.<\/p>\n<p>Dieser Sensor wird mit dem <a href=\"https:\/\/sysmatec.ch\/German\/dE6_Automation.html\">M2M Gateway<\/a> ben\u00fctzt.<\/p>\n","protected":false},"excerpt":{"rendered":"<p>Energie Meter<\/p>\n","protected":false},"featured_media":6372,"template":"","meta":{"_crdt_document":""},"product_brand":[],"product_cat":[209],"product_tag":[],"class_list":{"0":"post-6386","1":"product","2":"type-product","3":"status-publish","4":"has-post-thumbnail","6":"product_cat-elektrisch","8":"first","9":"instock","10":"taxable","11":"shipping-taxable","12":"product-type-simple"},"yoast_head":"<!-- This site is optimized with the Yoast SEO plugin v27.3 - https:\/\/yoast.com\/product\/yoast-seo-wordpress\/ -->\n<title>Energie Meter CT 200A - Sysmatec<\/title>\n<meta name=\"description\" content=\"Diese Zange erm\u00f6glicht die ber\u00fchrungslose Strommessung bis 200 A. Sie erm\u00f6glicht auch den Aufbau eines Energiez\u00e4hlers.\" \/>\n<meta name=\"robots\" content=\"index, follow, max-snippet:-1, max-image-preview:large, max-video-preview:-1\" \/>\n<link rel=\"canonical\" href=\"https:\/\/sysmatec.ch\/de\/produit\/energie-meter-ct-200a\/\" \/>\n<meta property=\"og:locale\" content=\"de_DE\" \/>\n<meta property=\"og:type\" content=\"article\" \/>\n<meta property=\"og:title\" content=\"Energie Meter CT 200A - Sysmatec\" \/>\n<meta property=\"og:description\" content=\"Diese Zange erm\u00f6glicht die ber\u00fchrungslose Strommessung bis 200 A. Sie erm\u00f6glicht auch den Aufbau eines Energiez\u00e4hlers.\" \/>\n<meta property=\"og:url\" content=\"https:\/\/sysmatec.ch\/de\/produit\/energie-meter-ct-200a\/\" \/>\n<meta property=\"og:site_name\" content=\"Sysmatec\" \/>\n<meta property=\"article:modified_time\" content=\"2022-01-08T14:27:54+00:00\" \/>\n<meta property=\"og:image\" content=\"https:\/\/sysmatec.ch\/wp-content\/uploads\/2019\/05\/Electricite_DomaticaCT200A-.jpg\" \/>\n\t<meta property=\"og:image:width\" content=\"187\" \/>\n\t<meta property=\"og:image:height\" content=\"187\" \/>\n\t<meta property=\"og:image:type\" content=\"image\/jpeg\" \/>\n<meta name=\"twitter:card\" content=\"summary_large_image\" \/>\n<script type=\"application\/ld+json\" class=\"yoast-schema-graph\">{\"@context\":\"https:\\\/\\\/schema.org\",\"@graph\":[{\"@type\":\"WebPage\",\"@id\":\"https:\\\/\\\/sysmatec.ch\\\/de\\\/produit\\\/energie-meter-ct-200a\\\/\",\"url\":\"https:\\\/\\\/sysmatec.ch\\\/de\\\/produit\\\/energie-meter-ct-200a\\\/\",\"name\":\"Energie Meter CT 200A - Sysmatec\",\"isPartOf\":{\"@id\":\"https:\\\/\\\/sysmatec.ch\\\/de\\\/#website\"},\"primaryImageOfPage\":{\"@id\":\"https:\\\/\\\/sysmatec.ch\\\/de\\\/produit\\\/energie-meter-ct-200a\\\/#primaryimage\"},\"image\":{\"@id\":\"https:\\\/\\\/sysmatec.ch\\\/de\\\/produit\\\/energie-meter-ct-200a\\\/#primaryimage\"},\"thumbnailUrl\":\"https:\\\/\\\/sysmatec.ch\\\/wp-content\\\/uploads\\\/2019\\\/05\\\/Electricite_DomaticaCT200A-.jpg\",\"datePublished\":\"2019-05-27T19:50:19+00:00\",\"dateModified\":\"2022-01-08T14:27:54+00:00\",\"description\":\"Diese Zange erm\u00f6glicht die ber\u00fchrungslose Strommessung bis 200 A. Sie erm\u00f6glicht auch den Aufbau eines Energiez\u00e4hlers.\",\"breadcrumb\":{\"@id\":\"https:\\\/\\\/sysmatec.ch\\\/de\\\/produit\\\/energie-meter-ct-200a\\\/#breadcrumb\"},\"inLanguage\":\"de\",\"potentialAction\":[{\"@type\":\"ReadAction\",\"target\":[\"https:\\\/\\\/sysmatec.ch\\\/de\\\/produit\\\/energie-meter-ct-200a\\\/\"]}]},{\"@type\":\"ImageObject\",\"inLanguage\":\"de\",\"@id\":\"https:\\\/\\\/sysmatec.ch\\\/de\\\/produit\\\/energie-meter-ct-200a\\\/#primaryimage\",\"url\":\"https:\\\/\\\/sysmatec.ch\\\/wp-content\\\/uploads\\\/2019\\\/05\\\/Electricite_DomaticaCT200A-.jpg\",\"contentUrl\":\"https:\\\/\\\/sysmatec.ch\\\/wp-content\\\/uploads\\\/2019\\\/05\\\/Electricite_DomaticaCT200A-.jpg\",\"width\":187,\"height\":187},{\"@type\":\"BreadcrumbList\",\"@id\":\"https:\\\/\\\/sysmatec.ch\\\/de\\\/produit\\\/energie-meter-ct-200a\\\/#breadcrumb\",\"itemListElement\":[{\"@type\":\"ListItem\",\"position\":1,\"name\":\"Accueil\",\"item\":\"https:\\\/\\\/sysmatec.ch\\\/de\\\/\"},{\"@type\":\"ListItem\",\"position\":2,\"name\":\"Die Aktivit\u00e4t von Sysmatec\",\"item\":\"https:\\\/\\\/sysmatec.ch\\\/de\\\/\"},{\"@type\":\"ListItem\",\"position\":3,\"name\":\"Energie Meter CT 200A\"}]},{\"@type\":\"WebSite\",\"@id\":\"https:\\\/\\\/sysmatec.ch\\\/de\\\/#website\",\"url\":\"https:\\\/\\\/sysmatec.ch\\\/de\\\/\",\"name\":\"Sysmatec\",\"description\":\"Equipement de laboratoire et logiciels\",\"publisher\":{\"@id\":\"https:\\\/\\\/sysmatec.ch\\\/de\\\/#organization\"},\"potentialAction\":[{\"@type\":\"SearchAction\",\"target\":{\"@type\":\"EntryPoint\",\"urlTemplate\":\"https:\\\/\\\/sysmatec.ch\\\/de\\\/?s={search_term_string}\"},\"query-input\":{\"@type\":\"PropertyValueSpecification\",\"valueRequired\":true,\"valueName\":\"search_term_string\"}}],\"inLanguage\":\"de\"},{\"@type\":\"Organization\",\"@id\":\"https:\\\/\\\/sysmatec.ch\\\/de\\\/#organization\",\"name\":\"Sysmatec\",\"url\":\"https:\\\/\\\/sysmatec.ch\\\/de\\\/\",\"logo\":{\"@type\":\"ImageObject\",\"inLanguage\":\"de\",\"@id\":\"https:\\\/\\\/sysmatec.ch\\\/de\\\/#\\\/schema\\\/logo\\\/image\\\/\",\"url\":\"https:\\\/\\\/sysmatec.ch\\\/wp-content\\\/uploads\\\/2018\\\/11\\\/LogoSysmatec.jpg\",\"contentUrl\":\"https:\\\/\\\/sysmatec.ch\\\/wp-content\\\/uploads\\\/2018\\\/11\\\/LogoSysmatec.jpg\",\"width\":301,\"height\":297,\"caption\":\"Sysmatec\"},\"image\":{\"@id\":\"https:\\\/\\\/sysmatec.ch\\\/de\\\/#\\\/schema\\\/logo\\\/image\\\/\"}}]}<\/script>\n<!-- \/ Yoast SEO plugin. -->","yoast_head_json":{"title":"Energie Meter CT 200A - Sysmatec","description":"Diese Zange erm\u00f6glicht die ber\u00fchrungslose Strommessung bis 200 A. Sie erm\u00f6glicht auch den Aufbau eines Energiez\u00e4hlers.","robots":{"index":"index","follow":"follow","max-snippet":"max-snippet:-1","max-image-preview":"max-image-preview:large","max-video-preview":"max-video-preview:-1"},"canonical":"https:\/\/sysmatec.ch\/de\/produit\/energie-meter-ct-200a\/","og_locale":"de_DE","og_type":"article","og_title":"Energie Meter CT 200A - Sysmatec","og_description":"Diese Zange erm\u00f6glicht die ber\u00fchrungslose Strommessung bis 200 A. Sie erm\u00f6glicht auch den Aufbau eines Energiez\u00e4hlers.","og_url":"https:\/\/sysmatec.ch\/de\/produit\/energie-meter-ct-200a\/","og_site_name":"Sysmatec","article_modified_time":"2022-01-08T14:27:54+00:00","og_image":[{"width":187,"height":187,"url":"https:\/\/sysmatec.ch\/wp-content\/uploads\/2019\/05\/Electricite_DomaticaCT200A-.jpg","type":"image\/jpeg"}],"twitter_card":"summary_large_image","schema":{"@context":"https:\/\/schema.org","@graph":[{"@type":"WebPage","@id":"https:\/\/sysmatec.ch\/de\/produit\/energie-meter-ct-200a\/","url":"https:\/\/sysmatec.ch\/de\/produit\/energie-meter-ct-200a\/","name":"Energie Meter CT 200A - Sysmatec","isPartOf":{"@id":"https:\/\/sysmatec.ch\/de\/#website"},"primaryImageOfPage":{"@id":"https:\/\/sysmatec.ch\/de\/produit\/energie-meter-ct-200a\/#primaryimage"},"image":{"@id":"https:\/\/sysmatec.ch\/de\/produit\/energie-meter-ct-200a\/#primaryimage"},"thumbnailUrl":"https:\/\/sysmatec.ch\/wp-content\/uploads\/2019\/05\/Electricite_DomaticaCT200A-.jpg","datePublished":"2019-05-27T19:50:19+00:00","dateModified":"2022-01-08T14:27:54+00:00","description":"Diese Zange erm\u00f6glicht die ber\u00fchrungslose Strommessung bis 200 A. Sie erm\u00f6glicht auch den Aufbau eines Energiez\u00e4hlers.","breadcrumb":{"@id":"https:\/\/sysmatec.ch\/de\/produit\/energie-meter-ct-200a\/#breadcrumb"},"inLanguage":"de","potentialAction":[{"@type":"ReadAction","target":["https:\/\/sysmatec.ch\/de\/produit\/energie-meter-ct-200a\/"]}]},{"@type":"ImageObject","inLanguage":"de","@id":"https:\/\/sysmatec.ch\/de\/produit\/energie-meter-ct-200a\/#primaryimage","url":"https:\/\/sysmatec.ch\/wp-content\/uploads\/2019\/05\/Electricite_DomaticaCT200A-.jpg","contentUrl":"https:\/\/sysmatec.ch\/wp-content\/uploads\/2019\/05\/Electricite_DomaticaCT200A-.jpg","width":187,"height":187},{"@type":"BreadcrumbList","@id":"https:\/\/sysmatec.ch\/de\/produit\/energie-meter-ct-200a\/#breadcrumb","itemListElement":[{"@type":"ListItem","position":1,"name":"Accueil","item":"https:\/\/sysmatec.ch\/de\/"},{"@type":"ListItem","position":2,"name":"Die Aktivit\u00e4t von Sysmatec","item":"https:\/\/sysmatec.ch\/de\/"},{"@type":"ListItem","position":3,"name":"Energie Meter CT 200A"}]},{"@type":"WebSite","@id":"https:\/\/sysmatec.ch\/de\/#website","url":"https:\/\/sysmatec.ch\/de\/","name":"Sysmatec","description":"Equipement de laboratoire et logiciels","publisher":{"@id":"https:\/\/sysmatec.ch\/de\/#organization"},"potentialAction":[{"@type":"SearchAction","target":{"@type":"EntryPoint","urlTemplate":"https:\/\/sysmatec.ch\/de\/?s={search_term_string}"},"query-input":{"@type":"PropertyValueSpecification","valueRequired":true,"valueName":"search_term_string"}}],"inLanguage":"de"},{"@type":"Organization","@id":"https:\/\/sysmatec.ch\/de\/#organization","name":"Sysmatec","url":"https:\/\/sysmatec.ch\/de\/","logo":{"@type":"ImageObject","inLanguage":"de","@id":"https:\/\/sysmatec.ch\/de\/#\/schema\/logo\/image\/","url":"https:\/\/sysmatec.ch\/wp-content\/uploads\/2018\/11\/LogoSysmatec.jpg","contentUrl":"https:\/\/sysmatec.ch\/wp-content\/uploads\/2018\/11\/LogoSysmatec.jpg","width":301,"height":297,"caption":"Sysmatec"},"image":{"@id":"https:\/\/sysmatec.ch\/de\/#\/schema\/logo\/image\/"}}]}},"_links":{"self":[{"href":"https:\/\/sysmatec.ch\/de\/wp-json\/wp\/v2\/product\/6386","targetHints":{"allow":["GET"]}}],"collection":[{"href":"https:\/\/sysmatec.ch\/de\/wp-json\/wp\/v2\/product"}],"about":[{"href":"https:\/\/sysmatec.ch\/de\/wp-json\/wp\/v2\/types\/product"}],"wp:featuredmedia":[{"embeddable":true,"href":"https:\/\/sysmatec.ch\/de\/wp-json\/wp\/v2\/media\/6372"}],"wp:attachment":[{"href":"https:\/\/sysmatec.ch\/de\/wp-json\/wp\/v2\/media?parent=6386"}],"wp:term":[{"taxonomy":"product_brand","embeddable":true,"href":"https:\/\/sysmatec.ch\/de\/wp-json\/wp\/v2\/product_brand?post=6386"},{"taxonomy":"product_cat","embeddable":true,"href":"https:\/\/sysmatec.ch\/de\/wp-json\/wp\/v2\/product_cat?post=6386"},{"taxonomy":"product_tag","embeddable":true,"href":"https:\/\/sysmatec.ch\/de\/wp-json\/wp\/v2\/product_tag?post=6386"}],"curies":[{"name":"wp","href":"https:\/\/api.w.org\/{rel}","templated":true}]}}