{"id":6368,"date":"2019-05-26T20:48:30","date_gmt":"2019-05-26T18:48:30","guid":{"rendered":"https:\/\/sysmatec.ch\/produit\/enregistreur-de-luminosite-msr165\/"},"modified":"2022-05-15T20:50:54","modified_gmt":"2022-05-15T18:50:54","slug":"licht-datalogger-msr165","status":"publish","type":"product","link":"https:\/\/sysmatec.ch\/de\/Produkt\/licht-datalogger-msr165\/","title":{"rendered":"Beschleunigung und Schock Datalogger MSR165"},"content":{"rendered":"<p>Der MSR 165 ist eine miniaturiserter Datenlogger zur Messung und Speicherungvon vershiedene Parameter: Temperatur, Feuchte, Druck, Beschleunigung (X, Y und Z Achse) und Licht. Er ist von den meisten Luftverkehrsunternehmen wie Lufthansa erlaubt.<\/p>\n<p>Zudem kann optional mittels wechselbarer microSD-Karte (&gt;4 GB) die Speicherkapazit\u00e4t des Loggers insbesondere f\u00fcr Vibrationsmessungen markant erh\u00f6ht werden.<\/p>\n<ul>\n<li>Temperature Messbereich: -20 \u00b0C bis +60 \u00b0C<\/li>\n<li>Feuchte Messbereich: 0-100 % rH<\/li>\n<li>Druck: 0-2000 mbar absolut (optional: 0-14 000 mbar absolut)<\/li>\n<li>Beschleunigung: \u00b115 g and <span style=\"display: inline !important; float: none; background-color: #ffffff; color: #333333; cursor: text; font-family: Georgia,'Times New Roman','Bitstream Charter',Times,serif; font-size: 16px; font-style: normal; font-variant: normal; font-weight: 400; letter-spacing: normal; orphans: 2; text-align: left; text-decoration: none; text-indent: 0px; text-transform: none; -webkit-text-stroke-width: 0px; white-space: normal; word-spacing: 0px;\">\u00b1200 g<\/span><\/li>\n<li>Licht: 0 bis 65 000 Lux, max. Empfindlichkeit bei 580 nm<\/li>\n<li>Anwendung: Aufzeichnung von Schock w\u00e4hrend de Transport, Beschleunigung, oder Vibrationen auf Machine<\/li>\n<li>Erf\u00fcllt den RTCA DO-160G-Standard<\/li>\n<\/ul>\n<p>Sie k\u00f6nnen hier Ihrer Datenlogger zusammenstellen:<br \/>\n<iframe loading=\"lazy\" style=\"border: 0px; padding: 0; margin: 0;\" src=\"https:\/\/www.msr.ch\/de\/affiliate\/msr165.php?ver=Sysmatec\" width=\"695\" height=\"3100\" frameborder=\"0\" scrolling=\"no\"><span class=\"mce_SELRES_start\" style=\"width: 0px; line-height: 0; overflow: hidden; display: inline-block;\" data-mce-type=\"bookmark\">\ufeff<\/span><span class=\"mce_SELRES_start\" style=\"width: 0px; line-height: 0; overflow: hidden; display: inline-block;\" data-mce-type=\"bookmark\">\ufeff<\/span><span class=\"mce_SELRES_start\" style=\"width: 0px; line-height: 0; overflow: hidden; display: inline-block;\" data-mce-type=\"bookmark\">\ufeff<\/span><\/iframe><\/p>\n","protected":false},"excerpt":{"rendered":"<p><span title=\"\">Beschleunigungs- und Sto\u00dfschreiber.<\/span> <span title=\"\">M\u00f6glichkeit, folgende Sensoren hinzuzuf\u00fcgen: Temperatur, Luftfeuchtigkeit, Druck, Helligkeit.<\/span><\/p>\n","protected":false},"featured_media":6366,"template":"","meta":{"_crdt_document":""},"product_brand":[],"product_cat":[288,168,169,175,206,173,315],"product_tag":[],"class_list":{"0":"post-6368","1":"product","2":"type-product","3":"status-publish","4":"has-post-thumbnail","6":"product_cat-beschleunigung","7":"product_cat-datenlogger","8":"product_cat-druck","9":"product_cat-feuchte","10":"product_cat-licht","11":"product_cat-temperatur","12":"product_cat-universal-datenlogger","14":"first","15":"instock","16":"taxable","17":"shipping-taxable","18":"product-type-simple"},"yoast_head":"<!-- This site is optimized with the Yoast SEO plugin v27.4 - https:\/\/yoast.com\/product\/yoast-seo-wordpress\/ -->\n<title>Beschleunigung und Schock Datalogger MSR165 - Sysmatec<\/title>\n<meta name=\"description\" content=\"Multiparameter-Rekorder, St\u00f6\u00dfe, Beschleunigung, Temperatur, Feuchtigkeit, Druck, Helligkeit. Er kann um analoge Eing\u00e4nge erweitert werden.\" \/>\n<meta name=\"robots\" content=\"index, follow, max-snippet:-1, max-image-preview:large, max-video-preview:-1\" \/>\n<link rel=\"canonical\" href=\"https:\/\/sysmatec.ch\/de\/produit\/licht-datalogger-msr165\/\" \/>\n<meta property=\"og:locale\" content=\"de_DE\" \/>\n<meta property=\"og:type\" content=\"article\" \/>\n<meta property=\"og:title\" content=\"Beschleunigung und Schock Datalogger MSR165 - Sysmatec\" \/>\n<meta property=\"og:description\" content=\"Multiparameter-Rekorder, St\u00f6\u00dfe, Beschleunigung, Temperatur, Feuchtigkeit, Druck, Helligkeit. Er kann um analoge Eing\u00e4nge erweitert werden.\" \/>\n<meta property=\"og:url\" content=\"https:\/\/sysmatec.ch\/de\/produit\/licht-datalogger-msr165\/\" \/>\n<meta property=\"og:site_name\" content=\"Sysmatec\" \/>\n<meta property=\"article:modified_time\" content=\"2022-05-15T18:50:54+00:00\" \/>\n<meta property=\"og:image\" content=\"https:\/\/sysmatec.ch\/wp-content\/uploads\/2019\/05\/Enregistreur_MSR165A.jpg\" \/>\n\t<meta property=\"og:image:width\" content=\"175\" \/>\n\t<meta property=\"og:image:height\" content=\"147\" \/>\n\t<meta property=\"og:image:type\" content=\"image\/jpeg\" \/>\n<meta name=\"twitter:card\" content=\"summary_large_image\" \/>\n<meta name=\"twitter:label1\" content=\"Gesch\u00e4tzte Lesezeit\" \/>\n\t<meta name=\"twitter:data1\" content=\"1\u00a0Minute\" \/>\n<script type=\"application\/ld+json\" class=\"yoast-schema-graph\">{\"@context\":\"https:\\\/\\\/schema.org\",\"@graph\":[{\"@type\":\"WebPage\",\"@id\":\"https:\\\/\\\/sysmatec.ch\\\/de\\\/produit\\\/licht-datalogger-msr165\\\/\",\"url\":\"https:\\\/\\\/sysmatec.ch\\\/de\\\/produit\\\/licht-datalogger-msr165\\\/\",\"name\":\"Beschleunigung und Schock Datalogger MSR165 - Sysmatec\",\"isPartOf\":{\"@id\":\"https:\\\/\\\/sysmatec.ch\\\/de\\\/#website\"},\"primaryImageOfPage\":{\"@id\":\"https:\\\/\\\/sysmatec.ch\\\/de\\\/produit\\\/licht-datalogger-msr165\\\/#primaryimage\"},\"image\":{\"@id\":\"https:\\\/\\\/sysmatec.ch\\\/de\\\/produit\\\/licht-datalogger-msr165\\\/#primaryimage\"},\"thumbnailUrl\":\"https:\\\/\\\/sysmatec.ch\\\/wp-content\\\/uploads\\\/2019\\\/05\\\/Enregistreur_MSR165A.jpg\",\"datePublished\":\"2019-05-26T18:48:30+00:00\",\"dateModified\":\"2022-05-15T18:50:54+00:00\",\"description\":\"Multiparameter-Rekorder, St\u00f6\u00dfe, Beschleunigung, Temperatur, Feuchtigkeit, Druck, Helligkeit. Er kann um analoge Eing\u00e4nge erweitert werden.\",\"breadcrumb\":{\"@id\":\"https:\\\/\\\/sysmatec.ch\\\/de\\\/produit\\\/licht-datalogger-msr165\\\/#breadcrumb\"},\"inLanguage\":\"de\",\"potentialAction\":[{\"@type\":\"ReadAction\",\"target\":[\"https:\\\/\\\/sysmatec.ch\\\/de\\\/produit\\\/licht-datalogger-msr165\\\/\"]}]},{\"@type\":\"ImageObject\",\"inLanguage\":\"de\",\"@id\":\"https:\\\/\\\/sysmatec.ch\\\/de\\\/produit\\\/licht-datalogger-msr165\\\/#primaryimage\",\"url\":\"https:\\\/\\\/sysmatec.ch\\\/wp-content\\\/uploads\\\/2019\\\/05\\\/Enregistreur_MSR165A.jpg\",\"contentUrl\":\"https:\\\/\\\/sysmatec.ch\\\/wp-content\\\/uploads\\\/2019\\\/05\\\/Enregistreur_MSR165A.jpg\",\"width\":175,\"height\":147},{\"@type\":\"BreadcrumbList\",\"@id\":\"https:\\\/\\\/sysmatec.ch\\\/de\\\/produit\\\/licht-datalogger-msr165\\\/#breadcrumb\",\"itemListElement\":[{\"@type\":\"ListItem\",\"position\":1,\"name\":\"Accueil\",\"item\":\"https:\\\/\\\/sysmatec.ch\\\/de\\\/\"},{\"@type\":\"ListItem\",\"position\":2,\"name\":\"Die Aktivit\u00e4t von Sysmatec\",\"item\":\"https:\\\/\\\/sysmatec.ch\\\/de\\\/\"},{\"@type\":\"ListItem\",\"position\":3,\"name\":\"Beschleunigung und Schock Datalogger MSR165\"}]},{\"@type\":\"WebSite\",\"@id\":\"https:\\\/\\\/sysmatec.ch\\\/de\\\/#website\",\"url\":\"https:\\\/\\\/sysmatec.ch\\\/de\\\/\",\"name\":\"Sysmatec\",\"description\":\"Equipement de laboratoire et logiciels\",\"publisher\":{\"@id\":\"https:\\\/\\\/sysmatec.ch\\\/de\\\/#organization\"},\"potentialAction\":[{\"@type\":\"SearchAction\",\"target\":{\"@type\":\"EntryPoint\",\"urlTemplate\":\"https:\\\/\\\/sysmatec.ch\\\/de\\\/?s={search_term_string}\"},\"query-input\":{\"@type\":\"PropertyValueSpecification\",\"valueRequired\":true,\"valueName\":\"search_term_string\"}}],\"inLanguage\":\"de\"},{\"@type\":\"Organization\",\"@id\":\"https:\\\/\\\/sysmatec.ch\\\/de\\\/#organization\",\"name\":\"Sysmatec\",\"url\":\"https:\\\/\\\/sysmatec.ch\\\/de\\\/\",\"logo\":{\"@type\":\"ImageObject\",\"inLanguage\":\"de\",\"@id\":\"https:\\\/\\\/sysmatec.ch\\\/de\\\/#\\\/schema\\\/logo\\\/image\\\/\",\"url\":\"https:\\\/\\\/sysmatec.ch\\\/wp-content\\\/uploads\\\/2018\\\/11\\\/LogoSysmatec.jpg\",\"contentUrl\":\"https:\\\/\\\/sysmatec.ch\\\/wp-content\\\/uploads\\\/2018\\\/11\\\/LogoSysmatec.jpg\",\"width\":301,\"height\":297,\"caption\":\"Sysmatec\"},\"image\":{\"@id\":\"https:\\\/\\\/sysmatec.ch\\\/de\\\/#\\\/schema\\\/logo\\\/image\\\/\"}}]}<\/script>\n<!-- \/ Yoast SEO plugin. -->","yoast_head_json":{"title":"Beschleunigung und Schock Datalogger MSR165 - Sysmatec","description":"Multiparameter-Rekorder, St\u00f6\u00dfe, Beschleunigung, Temperatur, Feuchtigkeit, Druck, Helligkeit. Er kann um analoge Eing\u00e4nge erweitert werden.","robots":{"index":"index","follow":"follow","max-snippet":"max-snippet:-1","max-image-preview":"max-image-preview:large","max-video-preview":"max-video-preview:-1"},"canonical":"https:\/\/sysmatec.ch\/de\/produit\/licht-datalogger-msr165\/","og_locale":"de_DE","og_type":"article","og_title":"Beschleunigung und Schock Datalogger MSR165 - Sysmatec","og_description":"Multiparameter-Rekorder, St\u00f6\u00dfe, Beschleunigung, Temperatur, Feuchtigkeit, Druck, Helligkeit. Er kann um analoge Eing\u00e4nge erweitert werden.","og_url":"https:\/\/sysmatec.ch\/de\/produit\/licht-datalogger-msr165\/","og_site_name":"Sysmatec","article_modified_time":"2022-05-15T18:50:54+00:00","og_image":[{"width":175,"height":147,"url":"https:\/\/sysmatec.ch\/wp-content\/uploads\/2019\/05\/Enregistreur_MSR165A.jpg","type":"image\/jpeg"}],"twitter_card":"summary_large_image","twitter_misc":{"Gesch\u00e4tzte Lesezeit":"1\u00a0Minute"},"schema":{"@context":"https:\/\/schema.org","@graph":[{"@type":"WebPage","@id":"https:\/\/sysmatec.ch\/de\/produit\/licht-datalogger-msr165\/","url":"https:\/\/sysmatec.ch\/de\/produit\/licht-datalogger-msr165\/","name":"Beschleunigung und Schock Datalogger MSR165 - Sysmatec","isPartOf":{"@id":"https:\/\/sysmatec.ch\/de\/#website"},"primaryImageOfPage":{"@id":"https:\/\/sysmatec.ch\/de\/produit\/licht-datalogger-msr165\/#primaryimage"},"image":{"@id":"https:\/\/sysmatec.ch\/de\/produit\/licht-datalogger-msr165\/#primaryimage"},"thumbnailUrl":"https:\/\/sysmatec.ch\/wp-content\/uploads\/2019\/05\/Enregistreur_MSR165A.jpg","datePublished":"2019-05-26T18:48:30+00:00","dateModified":"2022-05-15T18:50:54+00:00","description":"Multiparameter-Rekorder, St\u00f6\u00dfe, Beschleunigung, Temperatur, Feuchtigkeit, Druck, Helligkeit. Er kann um analoge Eing\u00e4nge erweitert werden.","breadcrumb":{"@id":"https:\/\/sysmatec.ch\/de\/produit\/licht-datalogger-msr165\/#breadcrumb"},"inLanguage":"de","potentialAction":[{"@type":"ReadAction","target":["https:\/\/sysmatec.ch\/de\/produit\/licht-datalogger-msr165\/"]}]},{"@type":"ImageObject","inLanguage":"de","@id":"https:\/\/sysmatec.ch\/de\/produit\/licht-datalogger-msr165\/#primaryimage","url":"https:\/\/sysmatec.ch\/wp-content\/uploads\/2019\/05\/Enregistreur_MSR165A.jpg","contentUrl":"https:\/\/sysmatec.ch\/wp-content\/uploads\/2019\/05\/Enregistreur_MSR165A.jpg","width":175,"height":147},{"@type":"BreadcrumbList","@id":"https:\/\/sysmatec.ch\/de\/produit\/licht-datalogger-msr165\/#breadcrumb","itemListElement":[{"@type":"ListItem","position":1,"name":"Accueil","item":"https:\/\/sysmatec.ch\/de\/"},{"@type":"ListItem","position":2,"name":"Die Aktivit\u00e4t von Sysmatec","item":"https:\/\/sysmatec.ch\/de\/"},{"@type":"ListItem","position":3,"name":"Beschleunigung und Schock Datalogger MSR165"}]},{"@type":"WebSite","@id":"https:\/\/sysmatec.ch\/de\/#website","url":"https:\/\/sysmatec.ch\/de\/","name":"Sysmatec","description":"Equipement de laboratoire et logiciels","publisher":{"@id":"https:\/\/sysmatec.ch\/de\/#organization"},"potentialAction":[{"@type":"SearchAction","target":{"@type":"EntryPoint","urlTemplate":"https:\/\/sysmatec.ch\/de\/?s={search_term_string}"},"query-input":{"@type":"PropertyValueSpecification","valueRequired":true,"valueName":"search_term_string"}}],"inLanguage":"de"},{"@type":"Organization","@id":"https:\/\/sysmatec.ch\/de\/#organization","name":"Sysmatec","url":"https:\/\/sysmatec.ch\/de\/","logo":{"@type":"ImageObject","inLanguage":"de","@id":"https:\/\/sysmatec.ch\/de\/#\/schema\/logo\/image\/","url":"https:\/\/sysmatec.ch\/wp-content\/uploads\/2018\/11\/LogoSysmatec.jpg","contentUrl":"https:\/\/sysmatec.ch\/wp-content\/uploads\/2018\/11\/LogoSysmatec.jpg","width":301,"height":297,"caption":"Sysmatec"},"image":{"@id":"https:\/\/sysmatec.ch\/de\/#\/schema\/logo\/image\/"}}]}},"_links":{"self":[{"href":"https:\/\/sysmatec.ch\/de\/wp-json\/wp\/v2\/product\/6368","targetHints":{"allow":["GET"]}}],"collection":[{"href":"https:\/\/sysmatec.ch\/de\/wp-json\/wp\/v2\/product"}],"about":[{"href":"https:\/\/sysmatec.ch\/de\/wp-json\/wp\/v2\/types\/product"}],"wp:featuredmedia":[{"embeddable":true,"href":"https:\/\/sysmatec.ch\/de\/wp-json\/wp\/v2\/media\/6366"}],"wp:attachment":[{"href":"https:\/\/sysmatec.ch\/de\/wp-json\/wp\/v2\/media?parent=6368"}],"wp:term":[{"taxonomy":"product_brand","embeddable":true,"href":"https:\/\/sysmatec.ch\/de\/wp-json\/wp\/v2\/product_brand?post=6368"},{"taxonomy":"product_cat","embeddable":true,"href":"https:\/\/sysmatec.ch\/de\/wp-json\/wp\/v2\/product_cat?post=6368"},{"taxonomy":"product_tag","embeddable":true,"href":"https:\/\/sysmatec.ch\/de\/wp-json\/wp\/v2\/product_tag?post=6368"}],"curies":[{"name":"wp","href":"https:\/\/api.w.org\/{rel}","templated":true}]}}