{"id":6341,"date":"2019-05-26T18:58:51","date_gmt":"2019-05-26T16:58:51","guid":{"rendered":"https:\/\/sysmatec.ch\/produit\/mesure-de-lhumidite-dans-lhuile-oilport-30\/"},"modified":"2022-01-08T19:42:19","modified_gmt":"2022-01-08T18:42:19","slug":"handmessgeraet-fuer-feuchte-in-oel-oilport-30","status":"publish","type":"product","link":"https:\/\/sysmatec.ch\/de\/Produkt\/handmessgeraet-fuer-feuchte-in-oel-oilport-30\/","title":{"rendered":"Handmessger\u00e4t f\u00fcr Feuchte in \u00d6l OILPORT 30"},"content":{"rendered":"<p>Das Handmessger\u00e4t OILPORT 30 dient zur mobilen \u00dcberwachung des Feuchtegehalts und Temperatur in verschiedenen \u00d6len. Die einfache und intuitive Bedienung \u00fcber den TFT-Touchscreen und die integrierte Datenloggerfunktion machen das OILPORT 30 SET zum idealen Werkzeug f\u00fcr die schnelle und zuverl\u00e4ssige \u00d6ldiagnose.<\/p>\n<p>Messgr\u00f6\u00dfen<\/p>\n<p>Relativer Wassergehalt \/ Wasseraktivit\u00e4t [aw] (aktueller Wassergehalt in Relation zum Wassergehalt einer ges\u00e4ttigten Probe) Vollkommen wasserfreies \u00d6l hat einen aw-Wert von 0, vollst\u00e4ndig ges\u00e4ttigtes \u00d6l hat einen aw-Wert von 1.<\/p>\n<p>Absoluter Wassergehalt [ppm] (Masse Wasser \/ Masse \u00d6l)<\/p>\n<p>&nbsp;<\/p>\n<ul>\n<li type=\"disc\">Temperatur [\u00b0C \/ \u00b0F]Das Handmessger\u00e4t OILPORT 30 bestimmt immer die Wasseraktivit\u00e4t aw und die Temperatur T. Durch die Eingabe \u00f6lspezifischer Parameter kann das Handmessger\u00e4t den Wassergehalt in ppm berechnen und am Display anzeigen.<\/li>\n<\/ul>\n<p>&nbsp;<\/p>\n","protected":false},"excerpt":{"rendered":"<p>Handmessger\u00e4t f\u00fcr Wasseraktivit\u00e4t Messung in \u00d6l<\/p>\n","protected":false},"featured_media":6339,"template":"","meta":{"_crdt_document":""},"product_brand":[],"product_cat":[175,180],"product_tag":[],"class_list":{"0":"post-6341","1":"product","2":"type-product","3":"status-publish","4":"has-post-thumbnail","6":"product_cat-feuchte","7":"product_cat-messung","9":"first","10":"instock","11":"taxable","12":"shipping-taxable","13":"product-type-simple"},"yoast_head":"<!-- This site is optimized with the Yoast SEO plugin v27.3 - https:\/\/yoast.com\/product\/yoast-seo-wordpress\/ -->\n<title>Handmessger\u00e4t f\u00fcr Feuchte in \u00d6l OILPORT 30 - Sysmatec<\/title>\n<meta name=\"description\" content=\"\u00d6lfeuchtemesser. Dieses tragbares Ger\u00e4t misst das freies Wasser, also die Aktivit\u00e4t des Wassers.\" \/>\n<meta name=\"robots\" content=\"index, follow, max-snippet:-1, max-image-preview:large, max-video-preview:-1\" \/>\n<link rel=\"canonical\" href=\"https:\/\/sysmatec.ch\/de\/produit\/handmessgeraet-fuer-feuchte-in-oel-oilport-30\/\" \/>\n<meta property=\"og:locale\" content=\"de_DE\" \/>\n<meta property=\"og:type\" content=\"article\" \/>\n<meta property=\"og:title\" content=\"Handmessger\u00e4t f\u00fcr Feuchte in \u00d6l OILPORT 30 - Sysmatec\" \/>\n<meta property=\"og:description\" content=\"\u00d6lfeuchtemesser. Dieses tragbares Ger\u00e4t misst das freies Wasser, also die Aktivit\u00e4t des Wassers.\" \/>\n<meta property=\"og:url\" content=\"https:\/\/sysmatec.ch\/de\/produit\/handmessgeraet-fuer-feuchte-in-oel-oilport-30\/\" \/>\n<meta property=\"og:site_name\" content=\"Sysmatec\" \/>\n<meta property=\"article:modified_time\" content=\"2022-01-08T18:42:19+00:00\" \/>\n<meta property=\"og:image\" content=\"https:\/\/sysmatec.ch\/wp-content\/uploads\/2019\/05\/Humidite_EEOilPort30.jpg\" \/>\n\t<meta property=\"og:image:width\" content=\"186\" \/>\n\t<meta property=\"og:image:height\" content=\"139\" \/>\n\t<meta property=\"og:image:type\" content=\"image\/jpeg\" \/>\n<meta name=\"twitter:card\" content=\"summary_large_image\" \/>\n<meta name=\"twitter:label1\" content=\"Gesch\u00e4tzte Lesezeit\" \/>\n\t<meta name=\"twitter:data1\" content=\"1\u00a0Minute\" \/>\n<script type=\"application\/ld+json\" class=\"yoast-schema-graph\">{\"@context\":\"https:\\\/\\\/schema.org\",\"@graph\":[{\"@type\":\"WebPage\",\"@id\":\"https:\\\/\\\/sysmatec.ch\\\/de\\\/produit\\\/handmessgeraet-fuer-feuchte-in-oel-oilport-30\\\/\",\"url\":\"https:\\\/\\\/sysmatec.ch\\\/de\\\/produit\\\/handmessgeraet-fuer-feuchte-in-oel-oilport-30\\\/\",\"name\":\"Handmessger\u00e4t f\u00fcr Feuchte in \u00d6l OILPORT 30 - Sysmatec\",\"isPartOf\":{\"@id\":\"https:\\\/\\\/sysmatec.ch\\\/de\\\/#website\"},\"primaryImageOfPage\":{\"@id\":\"https:\\\/\\\/sysmatec.ch\\\/de\\\/produit\\\/handmessgeraet-fuer-feuchte-in-oel-oilport-30\\\/#primaryimage\"},\"image\":{\"@id\":\"https:\\\/\\\/sysmatec.ch\\\/de\\\/produit\\\/handmessgeraet-fuer-feuchte-in-oel-oilport-30\\\/#primaryimage\"},\"thumbnailUrl\":\"https:\\\/\\\/sysmatec.ch\\\/wp-content\\\/uploads\\\/2019\\\/05\\\/Humidite_EEOilPort30.jpg\",\"datePublished\":\"2019-05-26T16:58:51+00:00\",\"dateModified\":\"2022-01-08T18:42:19+00:00\",\"description\":\"\u00d6lfeuchtemesser. Dieses tragbares Ger\u00e4t misst das freies Wasser, also die Aktivit\u00e4t des Wassers.\",\"breadcrumb\":{\"@id\":\"https:\\\/\\\/sysmatec.ch\\\/de\\\/produit\\\/handmessgeraet-fuer-feuchte-in-oel-oilport-30\\\/#breadcrumb\"},\"inLanguage\":\"de\",\"potentialAction\":[{\"@type\":\"ReadAction\",\"target\":[\"https:\\\/\\\/sysmatec.ch\\\/de\\\/produit\\\/handmessgeraet-fuer-feuchte-in-oel-oilport-30\\\/\"]}]},{\"@type\":\"ImageObject\",\"inLanguage\":\"de\",\"@id\":\"https:\\\/\\\/sysmatec.ch\\\/de\\\/produit\\\/handmessgeraet-fuer-feuchte-in-oel-oilport-30\\\/#primaryimage\",\"url\":\"https:\\\/\\\/sysmatec.ch\\\/wp-content\\\/uploads\\\/2019\\\/05\\\/Humidite_EEOilPort30.jpg\",\"contentUrl\":\"https:\\\/\\\/sysmatec.ch\\\/wp-content\\\/uploads\\\/2019\\\/05\\\/Humidite_EEOilPort30.jpg\",\"width\":186,\"height\":139},{\"@type\":\"BreadcrumbList\",\"@id\":\"https:\\\/\\\/sysmatec.ch\\\/de\\\/produit\\\/handmessgeraet-fuer-feuchte-in-oel-oilport-30\\\/#breadcrumb\",\"itemListElement\":[{\"@type\":\"ListItem\",\"position\":1,\"name\":\"Accueil\",\"item\":\"https:\\\/\\\/sysmatec.ch\\\/de\\\/\"},{\"@type\":\"ListItem\",\"position\":2,\"name\":\"Die Aktivit\u00e4t von Sysmatec\",\"item\":\"https:\\\/\\\/sysmatec.ch\\\/de\\\/\"},{\"@type\":\"ListItem\",\"position\":3,\"name\":\"Handmessger\u00e4t f\u00fcr Feuchte in \u00d6l OILPORT 30\"}]},{\"@type\":\"WebSite\",\"@id\":\"https:\\\/\\\/sysmatec.ch\\\/de\\\/#website\",\"url\":\"https:\\\/\\\/sysmatec.ch\\\/de\\\/\",\"name\":\"Sysmatec\",\"description\":\"Equipement de laboratoire et logiciels\",\"publisher\":{\"@id\":\"https:\\\/\\\/sysmatec.ch\\\/de\\\/#organization\"},\"potentialAction\":[{\"@type\":\"SearchAction\",\"target\":{\"@type\":\"EntryPoint\",\"urlTemplate\":\"https:\\\/\\\/sysmatec.ch\\\/de\\\/?s={search_term_string}\"},\"query-input\":{\"@type\":\"PropertyValueSpecification\",\"valueRequired\":true,\"valueName\":\"search_term_string\"}}],\"inLanguage\":\"de\"},{\"@type\":\"Organization\",\"@id\":\"https:\\\/\\\/sysmatec.ch\\\/de\\\/#organization\",\"name\":\"Sysmatec\",\"url\":\"https:\\\/\\\/sysmatec.ch\\\/de\\\/\",\"logo\":{\"@type\":\"ImageObject\",\"inLanguage\":\"de\",\"@id\":\"https:\\\/\\\/sysmatec.ch\\\/de\\\/#\\\/schema\\\/logo\\\/image\\\/\",\"url\":\"https:\\\/\\\/sysmatec.ch\\\/wp-content\\\/uploads\\\/2018\\\/11\\\/LogoSysmatec.jpg\",\"contentUrl\":\"https:\\\/\\\/sysmatec.ch\\\/wp-content\\\/uploads\\\/2018\\\/11\\\/LogoSysmatec.jpg\",\"width\":301,\"height\":297,\"caption\":\"Sysmatec\"},\"image\":{\"@id\":\"https:\\\/\\\/sysmatec.ch\\\/de\\\/#\\\/schema\\\/logo\\\/image\\\/\"}}]}<\/script>\n<!-- \/ Yoast SEO plugin. -->","yoast_head_json":{"title":"Handmessger\u00e4t f\u00fcr Feuchte in \u00d6l OILPORT 30 - Sysmatec","description":"\u00d6lfeuchtemesser. Dieses tragbares Ger\u00e4t misst das freies Wasser, also die Aktivit\u00e4t des Wassers.","robots":{"index":"index","follow":"follow","max-snippet":"max-snippet:-1","max-image-preview":"max-image-preview:large","max-video-preview":"max-video-preview:-1"},"canonical":"https:\/\/sysmatec.ch\/de\/produit\/handmessgeraet-fuer-feuchte-in-oel-oilport-30\/","og_locale":"de_DE","og_type":"article","og_title":"Handmessger\u00e4t f\u00fcr Feuchte in \u00d6l OILPORT 30 - Sysmatec","og_description":"\u00d6lfeuchtemesser. Dieses tragbares Ger\u00e4t misst das freies Wasser, also die Aktivit\u00e4t des Wassers.","og_url":"https:\/\/sysmatec.ch\/de\/produit\/handmessgeraet-fuer-feuchte-in-oel-oilport-30\/","og_site_name":"Sysmatec","article_modified_time":"2022-01-08T18:42:19+00:00","og_image":[{"width":186,"height":139,"url":"https:\/\/sysmatec.ch\/wp-content\/uploads\/2019\/05\/Humidite_EEOilPort30.jpg","type":"image\/jpeg"}],"twitter_card":"summary_large_image","twitter_misc":{"Gesch\u00e4tzte Lesezeit":"1\u00a0Minute"},"schema":{"@context":"https:\/\/schema.org","@graph":[{"@type":"WebPage","@id":"https:\/\/sysmatec.ch\/de\/produit\/handmessgeraet-fuer-feuchte-in-oel-oilport-30\/","url":"https:\/\/sysmatec.ch\/de\/produit\/handmessgeraet-fuer-feuchte-in-oel-oilport-30\/","name":"Handmessger\u00e4t f\u00fcr Feuchte in \u00d6l OILPORT 30 - Sysmatec","isPartOf":{"@id":"https:\/\/sysmatec.ch\/de\/#website"},"primaryImageOfPage":{"@id":"https:\/\/sysmatec.ch\/de\/produit\/handmessgeraet-fuer-feuchte-in-oel-oilport-30\/#primaryimage"},"image":{"@id":"https:\/\/sysmatec.ch\/de\/produit\/handmessgeraet-fuer-feuchte-in-oel-oilport-30\/#primaryimage"},"thumbnailUrl":"https:\/\/sysmatec.ch\/wp-content\/uploads\/2019\/05\/Humidite_EEOilPort30.jpg","datePublished":"2019-05-26T16:58:51+00:00","dateModified":"2022-01-08T18:42:19+00:00","description":"\u00d6lfeuchtemesser. Dieses tragbares Ger\u00e4t misst das freies Wasser, also die Aktivit\u00e4t des Wassers.","breadcrumb":{"@id":"https:\/\/sysmatec.ch\/de\/produit\/handmessgeraet-fuer-feuchte-in-oel-oilport-30\/#breadcrumb"},"inLanguage":"de","potentialAction":[{"@type":"ReadAction","target":["https:\/\/sysmatec.ch\/de\/produit\/handmessgeraet-fuer-feuchte-in-oel-oilport-30\/"]}]},{"@type":"ImageObject","inLanguage":"de","@id":"https:\/\/sysmatec.ch\/de\/produit\/handmessgeraet-fuer-feuchte-in-oel-oilport-30\/#primaryimage","url":"https:\/\/sysmatec.ch\/wp-content\/uploads\/2019\/05\/Humidite_EEOilPort30.jpg","contentUrl":"https:\/\/sysmatec.ch\/wp-content\/uploads\/2019\/05\/Humidite_EEOilPort30.jpg","width":186,"height":139},{"@type":"BreadcrumbList","@id":"https:\/\/sysmatec.ch\/de\/produit\/handmessgeraet-fuer-feuchte-in-oel-oilport-30\/#breadcrumb","itemListElement":[{"@type":"ListItem","position":1,"name":"Accueil","item":"https:\/\/sysmatec.ch\/de\/"},{"@type":"ListItem","position":2,"name":"Die Aktivit\u00e4t von Sysmatec","item":"https:\/\/sysmatec.ch\/de\/"},{"@type":"ListItem","position":3,"name":"Handmessger\u00e4t f\u00fcr Feuchte in \u00d6l OILPORT 30"}]},{"@type":"WebSite","@id":"https:\/\/sysmatec.ch\/de\/#website","url":"https:\/\/sysmatec.ch\/de\/","name":"Sysmatec","description":"Equipement de laboratoire et logiciels","publisher":{"@id":"https:\/\/sysmatec.ch\/de\/#organization"},"potentialAction":[{"@type":"SearchAction","target":{"@type":"EntryPoint","urlTemplate":"https:\/\/sysmatec.ch\/de\/?s={search_term_string}"},"query-input":{"@type":"PropertyValueSpecification","valueRequired":true,"valueName":"search_term_string"}}],"inLanguage":"de"},{"@type":"Organization","@id":"https:\/\/sysmatec.ch\/de\/#organization","name":"Sysmatec","url":"https:\/\/sysmatec.ch\/de\/","logo":{"@type":"ImageObject","inLanguage":"de","@id":"https:\/\/sysmatec.ch\/de\/#\/schema\/logo\/image\/","url":"https:\/\/sysmatec.ch\/wp-content\/uploads\/2018\/11\/LogoSysmatec.jpg","contentUrl":"https:\/\/sysmatec.ch\/wp-content\/uploads\/2018\/11\/LogoSysmatec.jpg","width":301,"height":297,"caption":"Sysmatec"},"image":{"@id":"https:\/\/sysmatec.ch\/de\/#\/schema\/logo\/image\/"}}]}},"_links":{"self":[{"href":"https:\/\/sysmatec.ch\/de\/wp-json\/wp\/v2\/product\/6341","targetHints":{"allow":["GET"]}}],"collection":[{"href":"https:\/\/sysmatec.ch\/de\/wp-json\/wp\/v2\/product"}],"about":[{"href":"https:\/\/sysmatec.ch\/de\/wp-json\/wp\/v2\/types\/product"}],"wp:featuredmedia":[{"embeddable":true,"href":"https:\/\/sysmatec.ch\/de\/wp-json\/wp\/v2\/media\/6339"}],"wp:attachment":[{"href":"https:\/\/sysmatec.ch\/de\/wp-json\/wp\/v2\/media?parent=6341"}],"wp:term":[{"taxonomy":"product_brand","embeddable":true,"href":"https:\/\/sysmatec.ch\/de\/wp-json\/wp\/v2\/product_brand?post=6341"},{"taxonomy":"product_cat","embeddable":true,"href":"https:\/\/sysmatec.ch\/de\/wp-json\/wp\/v2\/product_cat?post=6341"},{"taxonomy":"product_tag","embeddable":true,"href":"https:\/\/sysmatec.ch\/de\/wp-json\/wp\/v2\/product_tag?post=6341"}],"curies":[{"name":"wp","href":"https:\/\/api.w.org\/{rel}","templated":true}]}}