{"id":6329,"date":"2019-05-26T18:44:13","date_gmt":"2019-05-26T16:44:13","guid":{"rendered":"https:\/\/sysmatec.ch\/produit\/aw-metre-activw500\/"},"modified":"2022-01-08T21:33:18","modified_gmt":"2022-01-08T20:33:18","slug":"aw-meter-activw500","status":"publish","type":"product","link":"https:\/\/sysmatec.ch\/de\/Produkt\/aw-meter-activw500\/","title":{"rendered":"Aw-Meter ActivW500"},"content":{"rendered":"<p>Gek\u00fchlten Spiegeltechnologie<\/p>\n<p>Die hier entwickelt Konstruktion erm\u00f6glicht eine Messung von Taupunkt sehr nah der Proben. Sie erm\u00f6glicht eine schnelle und genaue Feuchtemessung (Wasseraktivit\u00e4t) ohne ein internes Bel\u00fcftungssystem erfordern, was sehr Interessant f\u00fcr pulvrige Material ist. Das Ger\u00e4t hat keine bewegliche Teile und was eine \u00fcberlegene Langzeitzuverl\u00e4ssigkeit erm\u00f6glicht.<\/p>\n<p>Die Reinigung erfolgt durch direkten Zugriff auf den gek\u00fchlten Spiegel und die andere Elemente des Sensors. Die luftdichte Mikro-Kammer und die Probenaufnahmezelle sind komplett aus Edelstahl 316L gefertigt.<\/p>\n<ul>\n<li type=\"disc\">Ein Infrarotthermometer misst die Temperatur der Probe ohne Kontakt.<\/li>\n<li type=\"disc\">Messbereich Aw: 0.050-1000, Genauigkeit +\/- 0.003<\/li>\n<li type=\"disc\">Umgebungstemperatur Betriebsbereich: 0-50 \u00b0 C<\/li>\n<li type=\"disc\">Anschl\u00fcsse f\u00fcr externe Temperaturbad<\/li>\n<li type=\"disc\">Automatische Erkennung von Kondensation und Verschmutzung<\/li>\n<li type=\"disc\">Nichtfl\u00fcchtigen internen Speicher: 5000 Messungen 2000 Produkte bl\u00e4ttern<\/li>\n<li type=\"disc\">Stromversorgung: 100-240 V AC \/ 12 V DC<\/li>\n<li type=\"disc\">Ma\u00dfe: L 24 cm, T 36 cm, H 18 cm<\/li>\n<li type=\"disc\">Garantie 3 Jahre auf Teile und Arbeit<\/li>\n<\/ul>\n<p>Mit dem Ger\u00e4t geliefert:<\/p>\n<ul>\n<li type=\"disc\">50 Plastikbecher Batch<\/li>\n<li type=\"disc\">Kalibrierungszertifikat<\/li>\n<\/ul>\n","protected":false},"excerpt":{"rendered":"<p>Aw-Meter mit gek\u00fchltem Spiegel.<\/p>\n","protected":false},"featured_media":6327,"template":"","meta":{"_crdt_document":""},"product_brand":[],"product_cat":[175,180],"product_tag":[],"class_list":{"0":"post-6329","1":"product","2":"type-product","3":"status-publish","4":"has-post-thumbnail","6":"product_cat-feuchte","7":"product_cat-messung","9":"first","10":"instock","11":"taxable","12":"shipping-taxable","13":"product-type-simple"},"yoast_head":"<!-- This site is optimized with the Yoast SEO plugin v27.3 - https:\/\/yoast.com\/product\/yoast-seo-wordpress\/ -->\n<title>Aw-Meter ActivW500 - Sysmatec<\/title>\n<meta name=\"description\" content=\"Aw-Meter mit gek\u00fchltem Spiegel. Messung der Wasseraktivit\u00e4t durch Taupunktbestimmung. Messbereich 0,050 bis 1,000.\" \/>\n<meta name=\"robots\" content=\"index, follow, max-snippet:-1, max-image-preview:large, max-video-preview:-1\" \/>\n<link rel=\"canonical\" href=\"https:\/\/sysmatec.ch\/de\/produit\/aw-meter-activw500\/\" \/>\n<meta property=\"og:locale\" content=\"de_DE\" \/>\n<meta property=\"og:type\" content=\"article\" \/>\n<meta property=\"og:title\" content=\"Aw-Meter ActivW500 - Sysmatec\" \/>\n<meta property=\"og:description\" content=\"Aw-Meter mit gek\u00fchltem Spiegel. Messung der Wasseraktivit\u00e4t durch Taupunktbestimmung. Messbereich 0,050 bis 1,000.\" \/>\n<meta property=\"og:url\" content=\"https:\/\/sysmatec.ch\/de\/produit\/aw-meter-activw500\/\" \/>\n<meta property=\"og:site_name\" content=\"Sysmatec\" \/>\n<meta property=\"article:modified_time\" content=\"2022-01-08T20:33:18+00:00\" \/>\n<meta property=\"og:image\" content=\"https:\/\/sysmatec.ch\/wp-content\/uploads\/2019\/05\/Humidite_SyntilabActiW500.jpg\" \/>\n\t<meta property=\"og:image:width\" content=\"182\" \/>\n\t<meta property=\"og:image:height\" content=\"165\" \/>\n\t<meta property=\"og:image:type\" content=\"image\/jpeg\" \/>\n<meta name=\"twitter:card\" content=\"summary_large_image\" \/>\n<meta name=\"twitter:label1\" content=\"Gesch\u00e4tzte Lesezeit\" \/>\n\t<meta name=\"twitter:data1\" content=\"1\u00a0Minute\" \/>\n<script type=\"application\/ld+json\" class=\"yoast-schema-graph\">{\"@context\":\"https:\\\/\\\/schema.org\",\"@graph\":[{\"@type\":\"WebPage\",\"@id\":\"https:\\\/\\\/sysmatec.ch\\\/de\\\/produit\\\/aw-meter-activw500\\\/\",\"url\":\"https:\\\/\\\/sysmatec.ch\\\/de\\\/produit\\\/aw-meter-activw500\\\/\",\"name\":\"Aw-Meter ActivW500 - Sysmatec\",\"isPartOf\":{\"@id\":\"https:\\\/\\\/sysmatec.ch\\\/de\\\/#website\"},\"primaryImageOfPage\":{\"@id\":\"https:\\\/\\\/sysmatec.ch\\\/de\\\/produit\\\/aw-meter-activw500\\\/#primaryimage\"},\"image\":{\"@id\":\"https:\\\/\\\/sysmatec.ch\\\/de\\\/produit\\\/aw-meter-activw500\\\/#primaryimage\"},\"thumbnailUrl\":\"https:\\\/\\\/sysmatec.ch\\\/wp-content\\\/uploads\\\/2019\\\/05\\\/Humidite_SyntilabActiW500.jpg\",\"datePublished\":\"2019-05-26T16:44:13+00:00\",\"dateModified\":\"2022-01-08T20:33:18+00:00\",\"description\":\"Aw-Meter mit gek\u00fchltem Spiegel. Messung der Wasseraktivit\u00e4t durch Taupunktbestimmung. Messbereich 0,050 bis 1,000.\",\"breadcrumb\":{\"@id\":\"https:\\\/\\\/sysmatec.ch\\\/de\\\/produit\\\/aw-meter-activw500\\\/#breadcrumb\"},\"inLanguage\":\"de\",\"potentialAction\":[{\"@type\":\"ReadAction\",\"target\":[\"https:\\\/\\\/sysmatec.ch\\\/de\\\/produit\\\/aw-meter-activw500\\\/\"]}]},{\"@type\":\"ImageObject\",\"inLanguage\":\"de\",\"@id\":\"https:\\\/\\\/sysmatec.ch\\\/de\\\/produit\\\/aw-meter-activw500\\\/#primaryimage\",\"url\":\"https:\\\/\\\/sysmatec.ch\\\/wp-content\\\/uploads\\\/2019\\\/05\\\/Humidite_SyntilabActiW500.jpg\",\"contentUrl\":\"https:\\\/\\\/sysmatec.ch\\\/wp-content\\\/uploads\\\/2019\\\/05\\\/Humidite_SyntilabActiW500.jpg\",\"width\":182,\"height\":165},{\"@type\":\"BreadcrumbList\",\"@id\":\"https:\\\/\\\/sysmatec.ch\\\/de\\\/produit\\\/aw-meter-activw500\\\/#breadcrumb\",\"itemListElement\":[{\"@type\":\"ListItem\",\"position\":1,\"name\":\"Accueil\",\"item\":\"https:\\\/\\\/sysmatec.ch\\\/de\\\/\"},{\"@type\":\"ListItem\",\"position\":2,\"name\":\"Die Aktivit\u00e4t von Sysmatec\",\"item\":\"https:\\\/\\\/sysmatec.ch\\\/de\\\/\"},{\"@type\":\"ListItem\",\"position\":3,\"name\":\"Aw-Meter ActivW500\"}]},{\"@type\":\"WebSite\",\"@id\":\"https:\\\/\\\/sysmatec.ch\\\/de\\\/#website\",\"url\":\"https:\\\/\\\/sysmatec.ch\\\/de\\\/\",\"name\":\"Sysmatec\",\"description\":\"Equipement de laboratoire et logiciels\",\"publisher\":{\"@id\":\"https:\\\/\\\/sysmatec.ch\\\/de\\\/#organization\"},\"potentialAction\":[{\"@type\":\"SearchAction\",\"target\":{\"@type\":\"EntryPoint\",\"urlTemplate\":\"https:\\\/\\\/sysmatec.ch\\\/de\\\/?s={search_term_string}\"},\"query-input\":{\"@type\":\"PropertyValueSpecification\",\"valueRequired\":true,\"valueName\":\"search_term_string\"}}],\"inLanguage\":\"de\"},{\"@type\":\"Organization\",\"@id\":\"https:\\\/\\\/sysmatec.ch\\\/de\\\/#organization\",\"name\":\"Sysmatec\",\"url\":\"https:\\\/\\\/sysmatec.ch\\\/de\\\/\",\"logo\":{\"@type\":\"ImageObject\",\"inLanguage\":\"de\",\"@id\":\"https:\\\/\\\/sysmatec.ch\\\/de\\\/#\\\/schema\\\/logo\\\/image\\\/\",\"url\":\"https:\\\/\\\/sysmatec.ch\\\/wp-content\\\/uploads\\\/2018\\\/11\\\/LogoSysmatec.jpg\",\"contentUrl\":\"https:\\\/\\\/sysmatec.ch\\\/wp-content\\\/uploads\\\/2018\\\/11\\\/LogoSysmatec.jpg\",\"width\":301,\"height\":297,\"caption\":\"Sysmatec\"},\"image\":{\"@id\":\"https:\\\/\\\/sysmatec.ch\\\/de\\\/#\\\/schema\\\/logo\\\/image\\\/\"}}]}<\/script>\n<!-- \/ Yoast SEO plugin. -->","yoast_head_json":{"title":"Aw-Meter ActivW500 - Sysmatec","description":"Aw-Meter mit gek\u00fchltem Spiegel. Messung der Wasseraktivit\u00e4t durch Taupunktbestimmung. Messbereich 0,050 bis 1,000.","robots":{"index":"index","follow":"follow","max-snippet":"max-snippet:-1","max-image-preview":"max-image-preview:large","max-video-preview":"max-video-preview:-1"},"canonical":"https:\/\/sysmatec.ch\/de\/produit\/aw-meter-activw500\/","og_locale":"de_DE","og_type":"article","og_title":"Aw-Meter ActivW500 - Sysmatec","og_description":"Aw-Meter mit gek\u00fchltem Spiegel. Messung der Wasseraktivit\u00e4t durch Taupunktbestimmung. Messbereich 0,050 bis 1,000.","og_url":"https:\/\/sysmatec.ch\/de\/produit\/aw-meter-activw500\/","og_site_name":"Sysmatec","article_modified_time":"2022-01-08T20:33:18+00:00","og_image":[{"width":182,"height":165,"url":"https:\/\/sysmatec.ch\/wp-content\/uploads\/2019\/05\/Humidite_SyntilabActiW500.jpg","type":"image\/jpeg"}],"twitter_card":"summary_large_image","twitter_misc":{"Gesch\u00e4tzte Lesezeit":"1\u00a0Minute"},"schema":{"@context":"https:\/\/schema.org","@graph":[{"@type":"WebPage","@id":"https:\/\/sysmatec.ch\/de\/produit\/aw-meter-activw500\/","url":"https:\/\/sysmatec.ch\/de\/produit\/aw-meter-activw500\/","name":"Aw-Meter ActivW500 - Sysmatec","isPartOf":{"@id":"https:\/\/sysmatec.ch\/de\/#website"},"primaryImageOfPage":{"@id":"https:\/\/sysmatec.ch\/de\/produit\/aw-meter-activw500\/#primaryimage"},"image":{"@id":"https:\/\/sysmatec.ch\/de\/produit\/aw-meter-activw500\/#primaryimage"},"thumbnailUrl":"https:\/\/sysmatec.ch\/wp-content\/uploads\/2019\/05\/Humidite_SyntilabActiW500.jpg","datePublished":"2019-05-26T16:44:13+00:00","dateModified":"2022-01-08T20:33:18+00:00","description":"Aw-Meter mit gek\u00fchltem Spiegel. Messung der Wasseraktivit\u00e4t durch Taupunktbestimmung. Messbereich 0,050 bis 1,000.","breadcrumb":{"@id":"https:\/\/sysmatec.ch\/de\/produit\/aw-meter-activw500\/#breadcrumb"},"inLanguage":"de","potentialAction":[{"@type":"ReadAction","target":["https:\/\/sysmatec.ch\/de\/produit\/aw-meter-activw500\/"]}]},{"@type":"ImageObject","inLanguage":"de","@id":"https:\/\/sysmatec.ch\/de\/produit\/aw-meter-activw500\/#primaryimage","url":"https:\/\/sysmatec.ch\/wp-content\/uploads\/2019\/05\/Humidite_SyntilabActiW500.jpg","contentUrl":"https:\/\/sysmatec.ch\/wp-content\/uploads\/2019\/05\/Humidite_SyntilabActiW500.jpg","width":182,"height":165},{"@type":"BreadcrumbList","@id":"https:\/\/sysmatec.ch\/de\/produit\/aw-meter-activw500\/#breadcrumb","itemListElement":[{"@type":"ListItem","position":1,"name":"Accueil","item":"https:\/\/sysmatec.ch\/de\/"},{"@type":"ListItem","position":2,"name":"Die Aktivit\u00e4t von Sysmatec","item":"https:\/\/sysmatec.ch\/de\/"},{"@type":"ListItem","position":3,"name":"Aw-Meter ActivW500"}]},{"@type":"WebSite","@id":"https:\/\/sysmatec.ch\/de\/#website","url":"https:\/\/sysmatec.ch\/de\/","name":"Sysmatec","description":"Equipement de laboratoire et logiciels","publisher":{"@id":"https:\/\/sysmatec.ch\/de\/#organization"},"potentialAction":[{"@type":"SearchAction","target":{"@type":"EntryPoint","urlTemplate":"https:\/\/sysmatec.ch\/de\/?s={search_term_string}"},"query-input":{"@type":"PropertyValueSpecification","valueRequired":true,"valueName":"search_term_string"}}],"inLanguage":"de"},{"@type":"Organization","@id":"https:\/\/sysmatec.ch\/de\/#organization","name":"Sysmatec","url":"https:\/\/sysmatec.ch\/de\/","logo":{"@type":"ImageObject","inLanguage":"de","@id":"https:\/\/sysmatec.ch\/de\/#\/schema\/logo\/image\/","url":"https:\/\/sysmatec.ch\/wp-content\/uploads\/2018\/11\/LogoSysmatec.jpg","contentUrl":"https:\/\/sysmatec.ch\/wp-content\/uploads\/2018\/11\/LogoSysmatec.jpg","width":301,"height":297,"caption":"Sysmatec"},"image":{"@id":"https:\/\/sysmatec.ch\/de\/#\/schema\/logo\/image\/"}}]}},"_links":{"self":[{"href":"https:\/\/sysmatec.ch\/de\/wp-json\/wp\/v2\/product\/6329","targetHints":{"allow":["GET"]}}],"collection":[{"href":"https:\/\/sysmatec.ch\/de\/wp-json\/wp\/v2\/product"}],"about":[{"href":"https:\/\/sysmatec.ch\/de\/wp-json\/wp\/v2\/types\/product"}],"wp:featuredmedia":[{"embeddable":true,"href":"https:\/\/sysmatec.ch\/de\/wp-json\/wp\/v2\/media\/6327"}],"wp:attachment":[{"href":"https:\/\/sysmatec.ch\/de\/wp-json\/wp\/v2\/media?parent=6329"}],"wp:term":[{"taxonomy":"product_brand","embeddable":true,"href":"https:\/\/sysmatec.ch\/de\/wp-json\/wp\/v2\/product_brand?post=6329"},{"taxonomy":"product_cat","embeddable":true,"href":"https:\/\/sysmatec.ch\/de\/wp-json\/wp\/v2\/product_cat?post=6329"},{"taxonomy":"product_tag","embeddable":true,"href":"https:\/\/sysmatec.ch\/de\/wp-json\/wp\/v2\/product_tag?post=6329"}],"curies":[{"name":"wp","href":"https:\/\/api.w.org\/{rel}","templated":true}]}}