{"id":6318,"date":"2019-05-26T18:35:32","date_gmt":"2019-05-26T16:35:32","guid":{"rendered":"https:\/\/sysmatec.ch\/produit\/mesure-de-lactivite-de-leau-hc2-aw-usb-sw\/"},"modified":"2022-01-08T21:41:32","modified_gmt":"2022-01-08T20:41:32","slug":"messung-von-wasseraktivitaet-hc2-aw-usb-sw","status":"publish","type":"product","link":"https:\/\/sysmatec.ch\/de\/Produkt\/messung-von-wasseraktivitaet-hc2-aw-usb-sw\/","title":{"rendered":"Messung von Wasseraktivit\u00e4t HC2-AW-USB-SW"},"content":{"rendered":"<p>Das USB-Sensor kann direkt an den PC angeschlossen werden, um die Wasseraktivit\u00e4t mit HW4 Software zu messen. Schlie\u00dfen Sie bis zu 64 Messk\u00f6pfe direkt an einen PC. HC2-AW-USB ist das perfekte Ger\u00e4t f\u00fcr Mehrplatzanwendungen.<\/p>\n<ul>\n<li type=\"disc\">Software: HW4 HW4-P-QUICK-V3<\/li>\n<li type=\"disc\">Abmessungen des Messkopfes: \u00d8 68 x 60 mm<\/li>\n<li type=\"disc\">Gewicht 600 g<\/li>\n<li type=\"disc\">Bereich: -40 Bis 85 \u00b0 C \/ 0 bis 100% rF<\/li>\n<li type=\"disc\">Genauigkeit bei 23 \u00b1 5 \u00b0 C: \u00b1 0,008 aw \/ 0,8% rF \/ \u00b1 0,1 K<\/li>\n<li type=\"disc\">Stromversorgung: \u00fcber USB-Schnittstelle, 3 m Kabel<\/li>\n<li type=\"disc\">Langzeitstabilit\u00e4t des empfindlichen Elements: &lt;1% RH \/ Jahr<\/li>\n<li type=\"disc\">Feuchtesensor: HYGROMER\u00ae WA-1 \/ Pt-100, 1\/3 DIN Klasse B<\/li>\n<li type=\"disc\">Einflu\u00df der Temperatur: 0.001 \u00b0 C \/ K, 0.0002 W \/ K<\/li>\n<li type=\"disc\">Filtertyp: Drahtfilter, Porenweite von 20 auf 25 Mikrometer<\/li>\n<li type=\"disc\">Ansprechzeit t 63: &lt;20 sec.<\/li>\n<li type=\"disc\">Psychrometrische Berechnungen: Taupunkt oder Frost<\/li>\n<li type=\"disc\">Startzeit: 1.5 s<\/li>\n<li type=\"disc\">Intervallmessung: 1 s<\/li>\n<li type=\"disc\">Material Chromstahl, Aluminium<\/li>\n<li type=\"disc\">Schutzart IP IP20<\/li>\n<li type=\"disc\">FDA \/ GAMP FDA CFR 21 Part 11 \/ GAMP5<\/li>\n<li type=\"disc\">CE \/ EMC EMC 2008\/108 \/ EG<\/li>\n<\/ul>\n","protected":false},"excerpt":{"rendered":"<p>Messung von Wasseraktivit\u00e4t<\/p>\n","protected":false},"featured_media":6316,"template":"","meta":{"_crdt_document":""},"product_brand":[],"product_cat":[175,180],"product_tag":[],"class_list":{"0":"post-6318","1":"product","2":"type-product","3":"status-publish","4":"has-post-thumbnail","6":"product_cat-feuchte","7":"product_cat-messung","9":"first","10":"instock","11":"taxable","12":"shipping-taxable","13":"product-type-simple"},"yoast_head":"<!-- This site is optimized with the Yoast SEO plugin v27.4 - https:\/\/yoast.com\/product\/yoast-seo-wordpress\/ -->\n<title>Messung von Wasseraktivit\u00e4t HC2-AW-USB-SW - Sysmatec<\/title>\n<meta name=\"description\" content=\"Messung der Wasseraktivit\u00e4t durch einen Pr\u00e4zisions-Feuchtef\u00fchler in einer luftdichten Messzelle.\" \/>\n<meta name=\"robots\" content=\"index, follow, max-snippet:-1, max-image-preview:large, max-video-preview:-1\" \/>\n<link rel=\"canonical\" href=\"https:\/\/sysmatec.ch\/de\/produit\/messung-von-wasseraktivitaet-hc2-aw-usb-sw\/\" \/>\n<meta property=\"og:locale\" content=\"de_DE\" \/>\n<meta property=\"og:type\" content=\"article\" \/>\n<meta property=\"og:title\" content=\"Messung von Wasseraktivit\u00e4t HC2-AW-USB-SW - Sysmatec\" \/>\n<meta property=\"og:description\" content=\"Messung der Wasseraktivit\u00e4t durch einen Pr\u00e4zisions-Feuchtef\u00fchler in einer luftdichten Messzelle.\" \/>\n<meta property=\"og:url\" content=\"https:\/\/sysmatec.ch\/de\/produit\/messung-von-wasseraktivitaet-hc2-aw-usb-sw\/\" \/>\n<meta property=\"og:site_name\" content=\"Sysmatec\" \/>\n<meta property=\"article:modified_time\" content=\"2022-01-08T20:41:32+00:00\" \/>\n<meta property=\"og:image\" content=\"https:\/\/sysmatec.ch\/wp-content\/uploads\/2019\/05\/Humidite_RotronicHC2AWUSB.jpg\" \/>\n\t<meta property=\"og:image:width\" content=\"190\" \/>\n\t<meta property=\"og:image:height\" content=\"162\" \/>\n\t<meta property=\"og:image:type\" content=\"image\/jpeg\" \/>\n<meta name=\"twitter:card\" content=\"summary_large_image\" \/>\n<meta name=\"twitter:label1\" content=\"Gesch\u00e4tzte Lesezeit\" \/>\n\t<meta name=\"twitter:data1\" content=\"1\u00a0Minute\" \/>\n<script type=\"application\/ld+json\" class=\"yoast-schema-graph\">{\"@context\":\"https:\\\/\\\/schema.org\",\"@graph\":[{\"@type\":\"WebPage\",\"@id\":\"https:\\\/\\\/sysmatec.ch\\\/de\\\/produit\\\/messung-von-wasseraktivitaet-hc2-aw-usb-sw\\\/\",\"url\":\"https:\\\/\\\/sysmatec.ch\\\/de\\\/produit\\\/messung-von-wasseraktivitaet-hc2-aw-usb-sw\\\/\",\"name\":\"Messung von Wasseraktivit\u00e4t HC2-AW-USB-SW - Sysmatec\",\"isPartOf\":{\"@id\":\"https:\\\/\\\/sysmatec.ch\\\/de\\\/#website\"},\"primaryImageOfPage\":{\"@id\":\"https:\\\/\\\/sysmatec.ch\\\/de\\\/produit\\\/messung-von-wasseraktivitaet-hc2-aw-usb-sw\\\/#primaryimage\"},\"image\":{\"@id\":\"https:\\\/\\\/sysmatec.ch\\\/de\\\/produit\\\/messung-von-wasseraktivitaet-hc2-aw-usb-sw\\\/#primaryimage\"},\"thumbnailUrl\":\"https:\\\/\\\/sysmatec.ch\\\/wp-content\\\/uploads\\\/2019\\\/05\\\/Humidite_RotronicHC2AWUSB.jpg\",\"datePublished\":\"2019-05-26T16:35:32+00:00\",\"dateModified\":\"2022-01-08T20:41:32+00:00\",\"description\":\"Messung der Wasseraktivit\u00e4t durch einen Pr\u00e4zisions-Feuchtef\u00fchler in einer luftdichten Messzelle.\",\"breadcrumb\":{\"@id\":\"https:\\\/\\\/sysmatec.ch\\\/de\\\/produit\\\/messung-von-wasseraktivitaet-hc2-aw-usb-sw\\\/#breadcrumb\"},\"inLanguage\":\"de\",\"potentialAction\":[{\"@type\":\"ReadAction\",\"target\":[\"https:\\\/\\\/sysmatec.ch\\\/de\\\/produit\\\/messung-von-wasseraktivitaet-hc2-aw-usb-sw\\\/\"]}]},{\"@type\":\"ImageObject\",\"inLanguage\":\"de\",\"@id\":\"https:\\\/\\\/sysmatec.ch\\\/de\\\/produit\\\/messung-von-wasseraktivitaet-hc2-aw-usb-sw\\\/#primaryimage\",\"url\":\"https:\\\/\\\/sysmatec.ch\\\/wp-content\\\/uploads\\\/2019\\\/05\\\/Humidite_RotronicHC2AWUSB.jpg\",\"contentUrl\":\"https:\\\/\\\/sysmatec.ch\\\/wp-content\\\/uploads\\\/2019\\\/05\\\/Humidite_RotronicHC2AWUSB.jpg\",\"width\":190,\"height\":162},{\"@type\":\"BreadcrumbList\",\"@id\":\"https:\\\/\\\/sysmatec.ch\\\/de\\\/produit\\\/messung-von-wasseraktivitaet-hc2-aw-usb-sw\\\/#breadcrumb\",\"itemListElement\":[{\"@type\":\"ListItem\",\"position\":1,\"name\":\"Accueil\",\"item\":\"https:\\\/\\\/sysmatec.ch\\\/de\\\/\"},{\"@type\":\"ListItem\",\"position\":2,\"name\":\"Die Aktivit\u00e4t von Sysmatec\",\"item\":\"https:\\\/\\\/sysmatec.ch\\\/de\\\/\"},{\"@type\":\"ListItem\",\"position\":3,\"name\":\"Messung von Wasseraktivit\u00e4t HC2-AW-USB-SW\"}]},{\"@type\":\"WebSite\",\"@id\":\"https:\\\/\\\/sysmatec.ch\\\/de\\\/#website\",\"url\":\"https:\\\/\\\/sysmatec.ch\\\/de\\\/\",\"name\":\"Sysmatec\",\"description\":\"Equipement de laboratoire et logiciels\",\"publisher\":{\"@id\":\"https:\\\/\\\/sysmatec.ch\\\/de\\\/#organization\"},\"potentialAction\":[{\"@type\":\"SearchAction\",\"target\":{\"@type\":\"EntryPoint\",\"urlTemplate\":\"https:\\\/\\\/sysmatec.ch\\\/de\\\/?s={search_term_string}\"},\"query-input\":{\"@type\":\"PropertyValueSpecification\",\"valueRequired\":true,\"valueName\":\"search_term_string\"}}],\"inLanguage\":\"de\"},{\"@type\":\"Organization\",\"@id\":\"https:\\\/\\\/sysmatec.ch\\\/de\\\/#organization\",\"name\":\"Sysmatec\",\"url\":\"https:\\\/\\\/sysmatec.ch\\\/de\\\/\",\"logo\":{\"@type\":\"ImageObject\",\"inLanguage\":\"de\",\"@id\":\"https:\\\/\\\/sysmatec.ch\\\/de\\\/#\\\/schema\\\/logo\\\/image\\\/\",\"url\":\"https:\\\/\\\/sysmatec.ch\\\/wp-content\\\/uploads\\\/2018\\\/11\\\/LogoSysmatec.jpg\",\"contentUrl\":\"https:\\\/\\\/sysmatec.ch\\\/wp-content\\\/uploads\\\/2018\\\/11\\\/LogoSysmatec.jpg\",\"width\":301,\"height\":297,\"caption\":\"Sysmatec\"},\"image\":{\"@id\":\"https:\\\/\\\/sysmatec.ch\\\/de\\\/#\\\/schema\\\/logo\\\/image\\\/\"}}]}<\/script>\n<!-- \/ Yoast SEO plugin. -->","yoast_head_json":{"title":"Messung von Wasseraktivit\u00e4t HC2-AW-USB-SW - Sysmatec","description":"Messung der Wasseraktivit\u00e4t durch einen Pr\u00e4zisions-Feuchtef\u00fchler in einer luftdichten Messzelle.","robots":{"index":"index","follow":"follow","max-snippet":"max-snippet:-1","max-image-preview":"max-image-preview:large","max-video-preview":"max-video-preview:-1"},"canonical":"https:\/\/sysmatec.ch\/de\/produit\/messung-von-wasseraktivitaet-hc2-aw-usb-sw\/","og_locale":"de_DE","og_type":"article","og_title":"Messung von Wasseraktivit\u00e4t HC2-AW-USB-SW - Sysmatec","og_description":"Messung der Wasseraktivit\u00e4t durch einen Pr\u00e4zisions-Feuchtef\u00fchler in einer luftdichten Messzelle.","og_url":"https:\/\/sysmatec.ch\/de\/produit\/messung-von-wasseraktivitaet-hc2-aw-usb-sw\/","og_site_name":"Sysmatec","article_modified_time":"2022-01-08T20:41:32+00:00","og_image":[{"width":190,"height":162,"url":"https:\/\/sysmatec.ch\/wp-content\/uploads\/2019\/05\/Humidite_RotronicHC2AWUSB.jpg","type":"image\/jpeg"}],"twitter_card":"summary_large_image","twitter_misc":{"Gesch\u00e4tzte Lesezeit":"1\u00a0Minute"},"schema":{"@context":"https:\/\/schema.org","@graph":[{"@type":"WebPage","@id":"https:\/\/sysmatec.ch\/de\/produit\/messung-von-wasseraktivitaet-hc2-aw-usb-sw\/","url":"https:\/\/sysmatec.ch\/de\/produit\/messung-von-wasseraktivitaet-hc2-aw-usb-sw\/","name":"Messung von Wasseraktivit\u00e4t HC2-AW-USB-SW - Sysmatec","isPartOf":{"@id":"https:\/\/sysmatec.ch\/de\/#website"},"primaryImageOfPage":{"@id":"https:\/\/sysmatec.ch\/de\/produit\/messung-von-wasseraktivitaet-hc2-aw-usb-sw\/#primaryimage"},"image":{"@id":"https:\/\/sysmatec.ch\/de\/produit\/messung-von-wasseraktivitaet-hc2-aw-usb-sw\/#primaryimage"},"thumbnailUrl":"https:\/\/sysmatec.ch\/wp-content\/uploads\/2019\/05\/Humidite_RotronicHC2AWUSB.jpg","datePublished":"2019-05-26T16:35:32+00:00","dateModified":"2022-01-08T20:41:32+00:00","description":"Messung der Wasseraktivit\u00e4t durch einen Pr\u00e4zisions-Feuchtef\u00fchler in einer luftdichten Messzelle.","breadcrumb":{"@id":"https:\/\/sysmatec.ch\/de\/produit\/messung-von-wasseraktivitaet-hc2-aw-usb-sw\/#breadcrumb"},"inLanguage":"de","potentialAction":[{"@type":"ReadAction","target":["https:\/\/sysmatec.ch\/de\/produit\/messung-von-wasseraktivitaet-hc2-aw-usb-sw\/"]}]},{"@type":"ImageObject","inLanguage":"de","@id":"https:\/\/sysmatec.ch\/de\/produit\/messung-von-wasseraktivitaet-hc2-aw-usb-sw\/#primaryimage","url":"https:\/\/sysmatec.ch\/wp-content\/uploads\/2019\/05\/Humidite_RotronicHC2AWUSB.jpg","contentUrl":"https:\/\/sysmatec.ch\/wp-content\/uploads\/2019\/05\/Humidite_RotronicHC2AWUSB.jpg","width":190,"height":162},{"@type":"BreadcrumbList","@id":"https:\/\/sysmatec.ch\/de\/produit\/messung-von-wasseraktivitaet-hc2-aw-usb-sw\/#breadcrumb","itemListElement":[{"@type":"ListItem","position":1,"name":"Accueil","item":"https:\/\/sysmatec.ch\/de\/"},{"@type":"ListItem","position":2,"name":"Die Aktivit\u00e4t von Sysmatec","item":"https:\/\/sysmatec.ch\/de\/"},{"@type":"ListItem","position":3,"name":"Messung von Wasseraktivit\u00e4t HC2-AW-USB-SW"}]},{"@type":"WebSite","@id":"https:\/\/sysmatec.ch\/de\/#website","url":"https:\/\/sysmatec.ch\/de\/","name":"Sysmatec","description":"Equipement de laboratoire et logiciels","publisher":{"@id":"https:\/\/sysmatec.ch\/de\/#organization"},"potentialAction":[{"@type":"SearchAction","target":{"@type":"EntryPoint","urlTemplate":"https:\/\/sysmatec.ch\/de\/?s={search_term_string}"},"query-input":{"@type":"PropertyValueSpecification","valueRequired":true,"valueName":"search_term_string"}}],"inLanguage":"de"},{"@type":"Organization","@id":"https:\/\/sysmatec.ch\/de\/#organization","name":"Sysmatec","url":"https:\/\/sysmatec.ch\/de\/","logo":{"@type":"ImageObject","inLanguage":"de","@id":"https:\/\/sysmatec.ch\/de\/#\/schema\/logo\/image\/","url":"https:\/\/sysmatec.ch\/wp-content\/uploads\/2018\/11\/LogoSysmatec.jpg","contentUrl":"https:\/\/sysmatec.ch\/wp-content\/uploads\/2018\/11\/LogoSysmatec.jpg","width":301,"height":297,"caption":"Sysmatec"},"image":{"@id":"https:\/\/sysmatec.ch\/de\/#\/schema\/logo\/image\/"}}]}},"_links":{"self":[{"href":"https:\/\/sysmatec.ch\/de\/wp-json\/wp\/v2\/product\/6318","targetHints":{"allow":["GET"]}}],"collection":[{"href":"https:\/\/sysmatec.ch\/de\/wp-json\/wp\/v2\/product"}],"about":[{"href":"https:\/\/sysmatec.ch\/de\/wp-json\/wp\/v2\/types\/product"}],"wp:featuredmedia":[{"embeddable":true,"href":"https:\/\/sysmatec.ch\/de\/wp-json\/wp\/v2\/media\/6316"}],"wp:attachment":[{"href":"https:\/\/sysmatec.ch\/de\/wp-json\/wp\/v2\/media?parent=6318"}],"wp:term":[{"taxonomy":"product_brand","embeddable":true,"href":"https:\/\/sysmatec.ch\/de\/wp-json\/wp\/v2\/product_brand?post=6318"},{"taxonomy":"product_cat","embeddable":true,"href":"https:\/\/sysmatec.ch\/de\/wp-json\/wp\/v2\/product_cat?post=6318"},{"taxonomy":"product_tag","embeddable":true,"href":"https:\/\/sysmatec.ch\/de\/wp-json\/wp\/v2\/product_tag?post=6318"}],"curies":[{"name":"wp","href":"https:\/\/api.w.org\/{rel}","templated":true}]}}