{"id":6287,"date":"2019-05-26T11:45:49","date_gmt":"2019-05-26T09:45:49","guid":{"rendered":"https:\/\/sysmatec.ch\/produit\/analyseur-dhumidite-kern-dlt\/"},"modified":"2022-03-24T12:15:56","modified_gmt":"2022-03-24T11:15:56","slug":"tpe-sclauch-lez-sansoft","status":"publish","type":"product","link":"https:\/\/sysmatec.ch\/de\/Produkt\/tpe-sclauch-lez-sansoft\/","title":{"rendered":"TPE Sclauch LEZ-SANSOFT"},"content":{"rendered":"<p>Santoprene\u00ae*; 55 +\/-5 Shore A; Dichte= 0,96 g\/cm\u00b3; hellbeige; konform: FDA 21 CFR \u00a7177.2600, NSF51, globale Migration gem. EU 10\/2011 und EG 1935\/2004; sehr gute chemische Best\u00e4ndigkeit gegen w\u00e4ssrige Medien, S\u00e4uren, Basen und viele organische L\u00f6sungsmittel insbesondere Ketone, Ester, Ether und Aldehyde; Temperaturbereich -45 \u00b0C bis +135 \u00b0C, kurzfristig +150 \u00b0C; Erm\u00fcdungsfestigkeit: ca. 80 Millionen Flexionen (ma\u00df- und ger\u00e4teabh\u00e4ngig). 3000 Stunden Betriebsdauer gepr\u00fcft mit Schlauch 4,8\u00d71,6 mm (AD=8,0) in einer Schlauchpumpe mit 3 Rollen bei 150 U\/min.<\/p>\n<p>Besonders gut geeignet f\u00fcr peristaltische Pumpen mit niedriger Motorenleistung (St\u00e4rke) Schlauchpumpen im Labor und in der Pharmazie, Medizin, Chemie, Biologie, Abf\u00fclltechnik, in der Kosmetik-, Lebensmittel- und Getr\u00e4nkeindustrie, im Maschinen- und Ger\u00e4tebau<\/p>\n<p>metrische Gr\u00f6sse<\/p>\n<table width=\"468\">\n<tbody>\n<tr>\n<td width=\"100\">Referenz<\/td>\n<td width=\"121\">Interner Durchmesser<\/td>\n<td width=\"121\">Externer Durchmesser<\/td>\n<td width=\"126\">Wand<\/td>\n<\/tr>\n<tr>\n<td><\/td>\n<td>mm<\/td>\n<td>mm<\/td>\n<td>mm<\/td>\n<\/tr>\n<tr>\n<td>0104AC02010<\/td>\n<td>2<\/td>\n<td>4<\/td>\n<td>1<\/td>\n<\/tr>\n<tr>\n<td>0104AC02510<\/td>\n<td>2.5<\/td>\n<td>4.5<\/td>\n<td>1<\/td>\n<\/tr>\n<tr>\n<td>0104AC03010<\/td>\n<td>3<\/td>\n<td>5<\/td>\n<td>1<\/td>\n<\/tr>\n<tr>\n<td>0104AC04010<\/td>\n<td>4<\/td>\n<td>6<\/td>\n<td>1<\/td>\n<\/tr>\n<tr>\n<td>0104AC04020<\/td>\n<td>4<\/td>\n<td>8<\/td>\n<td>2<\/td>\n<\/tr>\n<tr>\n<td>0104AC05015<\/td>\n<td>5<\/td>\n<td>8<\/td>\n<td>1.5<\/td>\n<\/tr>\n<tr>\n<td>0104AC06015<\/td>\n<td>6<\/td>\n<td>9<\/td>\n<td>1.5<\/td>\n<\/tr>\n<tr>\n<td>0104AC06020<\/td>\n<td>6<\/td>\n<td>10<\/td>\n<td>2<\/td>\n<\/tr>\n<tr>\n<td>0104AC07020<\/td>\n<td>7<\/td>\n<td>11<\/td>\n<td>2<\/td>\n<\/tr>\n<tr>\n<td>0104AC08020<\/td>\n<td>8<\/td>\n<td>12<\/td>\n<td>2<\/td>\n<\/tr>\n<tr>\n<td>0104AC10020<\/td>\n<td>10<\/td>\n<td>14<\/td>\n<td>2<\/td>\n<\/tr>\n<tr>\n<td>0104AC12030<\/td>\n<td>12<\/td>\n<td>18<\/td>\n<td>3<\/td>\n<\/tr>\n<tr>\n<td>0104AC15030<\/td>\n<td>15<\/td>\n<td>21<\/td>\n<td>3<\/td>\n<\/tr>\n<tr>\n<td>0104AC18030<\/td>\n<td>18<\/td>\n<td>24<\/td>\n<td>3<\/td>\n<\/tr>\n<tr>\n<td>0104AC20050<\/td>\n<td>20<\/td>\n<td>30<\/td>\n<td>5<\/td>\n<\/tr>\n<tr>\n<td>0104AC25050<\/td>\n<td>25<\/td>\n<td>35<\/td>\n<td>5<\/td>\n<\/tr>\n<tr>\n<td>0104AC30050<\/td>\n<td>30<\/td>\n<td>40<\/td>\n<td>5<\/td>\n<\/tr>\n<\/tbody>\n<\/table>\n<p>englische Gr\u00f6sse<\/p>\n<table width=\"468\">\n<tbody>\n<tr>\n<td width=\"100\">Referenz<\/td>\n<td width=\"121\">Interner Durchmesser<\/td>\n<td width=\"121\">Externer Durchmesser<\/td>\n<td width=\"126\">Wand<\/td>\n<\/tr>\n<tr>\n<td><\/td>\n<td>mm<\/td>\n<td>mm<\/td>\n<td>mm<\/td>\n<\/tr>\n<tr>\n<td>0104AC00816<\/td>\n<td>0.8<\/td>\n<td>1.6<\/td>\n<td>4<\/td>\n<\/tr>\n<tr>\n<td>0104AC01616<\/td>\n<td>1.6<\/td>\n<td>1.6<\/td>\n<td>4.8<\/td>\n<\/tr>\n<tr>\n<td>0104AC02416<\/td>\n<td>2.4<\/td>\n<td>1.6<\/td>\n<td>5.6<\/td>\n<\/tr>\n<tr>\n<td>0104AC03216<\/td>\n<td>3.2<\/td>\n<td>1.6<\/td>\n<td>6.4<\/td>\n<\/tr>\n<tr>\n<td>0104AC03224<\/td>\n<td>3.2<\/td>\n<td>2.4<\/td>\n<td>8<\/td>\n<\/tr>\n<tr>\n<td>0104AC04016<\/td>\n<td>4<\/td>\n<td>1.6<\/td>\n<td>7.2<\/td>\n<\/tr>\n<tr>\n<td>0104AC04816<\/td>\n<td>4.8<\/td>\n<td>1.6<\/td>\n<td>8<\/td>\n<\/tr>\n<tr>\n<td>0104AC04824<\/td>\n<td>4.8<\/td>\n<td>2.4<\/td>\n<td>9.5<\/td>\n<\/tr>\n<tr>\n<td>0104AC06416<\/td>\n<td>6.4<\/td>\n<td>1.6<\/td>\n<td>9.5<\/td>\n<\/tr>\n<tr>\n<td>0104AC06424<\/td>\n<td>6.4<\/td>\n<td>2.4<\/td>\n<td>11.1<\/td>\n<\/tr>\n<tr>\n<td>0104AC08016<\/td>\n<td>8<\/td>\n<td>1.6<\/td>\n<td>11.1<\/td>\n<\/tr>\n<tr>\n<td>0104AC08024<\/td>\n<td>8<\/td>\n<td>2.4<\/td>\n<td>12.7<\/td>\n<\/tr>\n<tr>\n<td>0104AC09524<\/td>\n<td>9.5<\/td>\n<td>2.4<\/td>\n<td>14.3<\/td>\n<\/tr>\n<tr>\n<td>0104AC09532<\/td>\n<td>9.5<\/td>\n<td>3.2<\/td>\n<td>15.9<\/td>\n<\/tr>\n<tr>\n<td>0104AC12732<\/td>\n<td>12.7<\/td>\n<td>3.2<\/td>\n<td>19<\/td>\n<\/tr>\n<\/tbody>\n<\/table>\n<p>&nbsp;<\/p>\n","protected":false},"excerpt":{"rendered":"<p>TPE Schlauch, f\u00fcr peristaltische Pumpe.<\/p>\n","protected":false},"featured_media":27067,"template":"","meta":{"_crdt_document":""},"product_brand":[],"product_cat":[285,279],"product_tag":[],"class_list":{"0":"post-6287","1":"product","2":"type-product","3":"status-publish","4":"has-post-thumbnail","6":"product_cat-schlauch","7":"product_cat-verbrauchsmaterial","9":"first","10":"instock","11":"taxable","12":"shipping-taxable","13":"product-type-simple"},"yoast_head":"<!-- This site is optimized with the Yoast SEO plugin v27.4 - https:\/\/yoast.com\/product\/yoast-seo-wordpress\/ -->\n<title>TPE Sclauch LEZ-SANSOFT - Sysmatec<\/title>\n<meta name=\"description\" content=\"TPE-Schlauch f\u00fcr peristaltische Pumpe. Sehr gute chemische Best\u00e4ndigkeit gegen w\u00e4ssrige Medien, S\u00e4uren, Basen und viele organische L\u00f6sungsmittel.\" \/>\n<meta name=\"robots\" content=\"index, follow, max-snippet:-1, max-image-preview:large, max-video-preview:-1\" \/>\n<link rel=\"canonical\" href=\"https:\/\/sysmatec.ch\/de\/produit\/tpe-sclauch-lez-sansoft\/\" \/>\n<meta property=\"og:locale\" content=\"de_DE\" \/>\n<meta property=\"og:type\" content=\"article\" \/>\n<meta property=\"og:title\" content=\"TPE Sclauch LEZ-SANSOFT - Sysmatec\" \/>\n<meta property=\"og:description\" content=\"TPE-Schlauch f\u00fcr peristaltische Pumpe. Sehr gute chemische Best\u00e4ndigkeit gegen w\u00e4ssrige Medien, S\u00e4uren, Basen und viele organische L\u00f6sungsmittel.\" \/>\n<meta property=\"og:url\" content=\"https:\/\/sysmatec.ch\/de\/produit\/tpe-sclauch-lez-sansoft\/\" \/>\n<meta property=\"og:site_name\" content=\"Sysmatec\" \/>\n<meta property=\"article:modified_time\" content=\"2022-03-24T11:15:56+00:00\" \/>\n<meta property=\"og:image\" content=\"https:\/\/sysmatec.ch\/wp-content\/uploads\/2019\/05\/Tuyau_LEZ-SANSOFT.jpg\" \/>\n\t<meta property=\"og:image:width\" content=\"618\" \/>\n\t<meta property=\"og:image:height\" content=\"634\" \/>\n\t<meta property=\"og:image:type\" content=\"image\/jpeg\" \/>\n<meta name=\"twitter:card\" content=\"summary_large_image\" \/>\n<meta name=\"twitter:label1\" content=\"Gesch\u00e4tzte Lesezeit\" \/>\n\t<meta name=\"twitter:data1\" content=\"2\u00a0Minuten\" \/>\n<script type=\"application\/ld+json\" class=\"yoast-schema-graph\">{\"@context\":\"https:\\\/\\\/schema.org\",\"@graph\":[{\"@type\":\"WebPage\",\"@id\":\"https:\\\/\\\/sysmatec.ch\\\/de\\\/produit\\\/tpe-sclauch-lez-sansoft\\\/\",\"url\":\"https:\\\/\\\/sysmatec.ch\\\/de\\\/produit\\\/tpe-sclauch-lez-sansoft\\\/\",\"name\":\"TPE Sclauch LEZ-SANSOFT - Sysmatec\",\"isPartOf\":{\"@id\":\"https:\\\/\\\/sysmatec.ch\\\/de\\\/#website\"},\"primaryImageOfPage\":{\"@id\":\"https:\\\/\\\/sysmatec.ch\\\/de\\\/produit\\\/tpe-sclauch-lez-sansoft\\\/#primaryimage\"},\"image\":{\"@id\":\"https:\\\/\\\/sysmatec.ch\\\/de\\\/produit\\\/tpe-sclauch-lez-sansoft\\\/#primaryimage\"},\"thumbnailUrl\":\"https:\\\/\\\/sysmatec.ch\\\/wp-content\\\/uploads\\\/2019\\\/05\\\/Tuyau_LEZ-SANSOFT.jpg\",\"datePublished\":\"2019-05-26T09:45:49+00:00\",\"dateModified\":\"2022-03-24T11:15:56+00:00\",\"description\":\"TPE-Schlauch f\u00fcr peristaltische Pumpe. Sehr gute chemische Best\u00e4ndigkeit gegen w\u00e4ssrige Medien, S\u00e4uren, Basen und viele organische L\u00f6sungsmittel.\",\"breadcrumb\":{\"@id\":\"https:\\\/\\\/sysmatec.ch\\\/de\\\/produit\\\/tpe-sclauch-lez-sansoft\\\/#breadcrumb\"},\"inLanguage\":\"de\",\"potentialAction\":[{\"@type\":\"ReadAction\",\"target\":[\"https:\\\/\\\/sysmatec.ch\\\/de\\\/produit\\\/tpe-sclauch-lez-sansoft\\\/\"]}]},{\"@type\":\"ImageObject\",\"inLanguage\":\"de\",\"@id\":\"https:\\\/\\\/sysmatec.ch\\\/de\\\/produit\\\/tpe-sclauch-lez-sansoft\\\/#primaryimage\",\"url\":\"https:\\\/\\\/sysmatec.ch\\\/wp-content\\\/uploads\\\/2019\\\/05\\\/Tuyau_LEZ-SANSOFT.jpg\",\"contentUrl\":\"https:\\\/\\\/sysmatec.ch\\\/wp-content\\\/uploads\\\/2019\\\/05\\\/Tuyau_LEZ-SANSOFT.jpg\",\"width\":618,\"height\":634},{\"@type\":\"BreadcrumbList\",\"@id\":\"https:\\\/\\\/sysmatec.ch\\\/de\\\/produit\\\/tpe-sclauch-lez-sansoft\\\/#breadcrumb\",\"itemListElement\":[{\"@type\":\"ListItem\",\"position\":1,\"name\":\"Accueil\",\"item\":\"https:\\\/\\\/sysmatec.ch\\\/de\\\/\"},{\"@type\":\"ListItem\",\"position\":2,\"name\":\"Die Aktivit\u00e4t von Sysmatec\",\"item\":\"https:\\\/\\\/sysmatec.ch\\\/de\\\/\"},{\"@type\":\"ListItem\",\"position\":3,\"name\":\"TPE Sclauch LEZ-SANSOFT\"}]},{\"@type\":\"WebSite\",\"@id\":\"https:\\\/\\\/sysmatec.ch\\\/de\\\/#website\",\"url\":\"https:\\\/\\\/sysmatec.ch\\\/de\\\/\",\"name\":\"Sysmatec\",\"description\":\"Equipement de laboratoire et logiciels\",\"publisher\":{\"@id\":\"https:\\\/\\\/sysmatec.ch\\\/de\\\/#organization\"},\"potentialAction\":[{\"@type\":\"SearchAction\",\"target\":{\"@type\":\"EntryPoint\",\"urlTemplate\":\"https:\\\/\\\/sysmatec.ch\\\/de\\\/?s={search_term_string}\"},\"query-input\":{\"@type\":\"PropertyValueSpecification\",\"valueRequired\":true,\"valueName\":\"search_term_string\"}}],\"inLanguage\":\"de\"},{\"@type\":\"Organization\",\"@id\":\"https:\\\/\\\/sysmatec.ch\\\/de\\\/#organization\",\"name\":\"Sysmatec\",\"url\":\"https:\\\/\\\/sysmatec.ch\\\/de\\\/\",\"logo\":{\"@type\":\"ImageObject\",\"inLanguage\":\"de\",\"@id\":\"https:\\\/\\\/sysmatec.ch\\\/de\\\/#\\\/schema\\\/logo\\\/image\\\/\",\"url\":\"https:\\\/\\\/sysmatec.ch\\\/wp-content\\\/uploads\\\/2018\\\/11\\\/LogoSysmatec.jpg\",\"contentUrl\":\"https:\\\/\\\/sysmatec.ch\\\/wp-content\\\/uploads\\\/2018\\\/11\\\/LogoSysmatec.jpg\",\"width\":301,\"height\":297,\"caption\":\"Sysmatec\"},\"image\":{\"@id\":\"https:\\\/\\\/sysmatec.ch\\\/de\\\/#\\\/schema\\\/logo\\\/image\\\/\"}}]}<\/script>\n<!-- \/ Yoast SEO plugin. -->","yoast_head_json":{"title":"TPE Sclauch LEZ-SANSOFT - Sysmatec","description":"TPE-Schlauch f\u00fcr peristaltische Pumpe. Sehr gute chemische Best\u00e4ndigkeit gegen w\u00e4ssrige Medien, S\u00e4uren, Basen und viele organische L\u00f6sungsmittel.","robots":{"index":"index","follow":"follow","max-snippet":"max-snippet:-1","max-image-preview":"max-image-preview:large","max-video-preview":"max-video-preview:-1"},"canonical":"https:\/\/sysmatec.ch\/de\/produit\/tpe-sclauch-lez-sansoft\/","og_locale":"de_DE","og_type":"article","og_title":"TPE Sclauch LEZ-SANSOFT - Sysmatec","og_description":"TPE-Schlauch f\u00fcr peristaltische Pumpe. Sehr gute chemische Best\u00e4ndigkeit gegen w\u00e4ssrige Medien, S\u00e4uren, Basen und viele organische L\u00f6sungsmittel.","og_url":"https:\/\/sysmatec.ch\/de\/produit\/tpe-sclauch-lez-sansoft\/","og_site_name":"Sysmatec","article_modified_time":"2022-03-24T11:15:56+00:00","og_image":[{"width":618,"height":634,"url":"https:\/\/sysmatec.ch\/wp-content\/uploads\/2019\/05\/Tuyau_LEZ-SANSOFT.jpg","type":"image\/jpeg"}],"twitter_card":"summary_large_image","twitter_misc":{"Gesch\u00e4tzte Lesezeit":"2\u00a0Minuten"},"schema":{"@context":"https:\/\/schema.org","@graph":[{"@type":"WebPage","@id":"https:\/\/sysmatec.ch\/de\/produit\/tpe-sclauch-lez-sansoft\/","url":"https:\/\/sysmatec.ch\/de\/produit\/tpe-sclauch-lez-sansoft\/","name":"TPE Sclauch LEZ-SANSOFT - Sysmatec","isPartOf":{"@id":"https:\/\/sysmatec.ch\/de\/#website"},"primaryImageOfPage":{"@id":"https:\/\/sysmatec.ch\/de\/produit\/tpe-sclauch-lez-sansoft\/#primaryimage"},"image":{"@id":"https:\/\/sysmatec.ch\/de\/produit\/tpe-sclauch-lez-sansoft\/#primaryimage"},"thumbnailUrl":"https:\/\/sysmatec.ch\/wp-content\/uploads\/2019\/05\/Tuyau_LEZ-SANSOFT.jpg","datePublished":"2019-05-26T09:45:49+00:00","dateModified":"2022-03-24T11:15:56+00:00","description":"TPE-Schlauch f\u00fcr peristaltische Pumpe. Sehr gute chemische Best\u00e4ndigkeit gegen w\u00e4ssrige Medien, S\u00e4uren, Basen und viele organische L\u00f6sungsmittel.","breadcrumb":{"@id":"https:\/\/sysmatec.ch\/de\/produit\/tpe-sclauch-lez-sansoft\/#breadcrumb"},"inLanguage":"de","potentialAction":[{"@type":"ReadAction","target":["https:\/\/sysmatec.ch\/de\/produit\/tpe-sclauch-lez-sansoft\/"]}]},{"@type":"ImageObject","inLanguage":"de","@id":"https:\/\/sysmatec.ch\/de\/produit\/tpe-sclauch-lez-sansoft\/#primaryimage","url":"https:\/\/sysmatec.ch\/wp-content\/uploads\/2019\/05\/Tuyau_LEZ-SANSOFT.jpg","contentUrl":"https:\/\/sysmatec.ch\/wp-content\/uploads\/2019\/05\/Tuyau_LEZ-SANSOFT.jpg","width":618,"height":634},{"@type":"BreadcrumbList","@id":"https:\/\/sysmatec.ch\/de\/produit\/tpe-sclauch-lez-sansoft\/#breadcrumb","itemListElement":[{"@type":"ListItem","position":1,"name":"Accueil","item":"https:\/\/sysmatec.ch\/de\/"},{"@type":"ListItem","position":2,"name":"Die Aktivit\u00e4t von Sysmatec","item":"https:\/\/sysmatec.ch\/de\/"},{"@type":"ListItem","position":3,"name":"TPE Sclauch LEZ-SANSOFT"}]},{"@type":"WebSite","@id":"https:\/\/sysmatec.ch\/de\/#website","url":"https:\/\/sysmatec.ch\/de\/","name":"Sysmatec","description":"Equipement de laboratoire et logiciels","publisher":{"@id":"https:\/\/sysmatec.ch\/de\/#organization"},"potentialAction":[{"@type":"SearchAction","target":{"@type":"EntryPoint","urlTemplate":"https:\/\/sysmatec.ch\/de\/?s={search_term_string}"},"query-input":{"@type":"PropertyValueSpecification","valueRequired":true,"valueName":"search_term_string"}}],"inLanguage":"de"},{"@type":"Organization","@id":"https:\/\/sysmatec.ch\/de\/#organization","name":"Sysmatec","url":"https:\/\/sysmatec.ch\/de\/","logo":{"@type":"ImageObject","inLanguage":"de","@id":"https:\/\/sysmatec.ch\/de\/#\/schema\/logo\/image\/","url":"https:\/\/sysmatec.ch\/wp-content\/uploads\/2018\/11\/LogoSysmatec.jpg","contentUrl":"https:\/\/sysmatec.ch\/wp-content\/uploads\/2018\/11\/LogoSysmatec.jpg","width":301,"height":297,"caption":"Sysmatec"},"image":{"@id":"https:\/\/sysmatec.ch\/de\/#\/schema\/logo\/image\/"}}]}},"_links":{"self":[{"href":"https:\/\/sysmatec.ch\/de\/wp-json\/wp\/v2\/product\/6287","targetHints":{"allow":["GET"]}}],"collection":[{"href":"https:\/\/sysmatec.ch\/de\/wp-json\/wp\/v2\/product"}],"about":[{"href":"https:\/\/sysmatec.ch\/de\/wp-json\/wp\/v2\/types\/product"}],"wp:featuredmedia":[{"embeddable":true,"href":"https:\/\/sysmatec.ch\/de\/wp-json\/wp\/v2\/media\/27067"}],"wp:attachment":[{"href":"https:\/\/sysmatec.ch\/de\/wp-json\/wp\/v2\/media?parent=6287"}],"wp:term":[{"taxonomy":"product_brand","embeddable":true,"href":"https:\/\/sysmatec.ch\/de\/wp-json\/wp\/v2\/product_brand?post=6287"},{"taxonomy":"product_cat","embeddable":true,"href":"https:\/\/sysmatec.ch\/de\/wp-json\/wp\/v2\/product_cat?post=6287"},{"taxonomy":"product_tag","embeddable":true,"href":"https:\/\/sysmatec.ch\/de\/wp-json\/wp\/v2\/product_tag?post=6287"}],"curies":[{"name":"wp","href":"https:\/\/api.w.org\/{rel}","templated":true}]}}