{"id":6257,"date":"2019-05-26T10:35:29","date_gmt":"2019-05-26T08:35:29","guid":{"rendered":"https:\/\/sysmatec.ch\/produit\/enregistreur-de-temperature-humidite-jetable-tempmate-r-gs-gsm\/"},"modified":"2022-08-04T20:38:36","modified_gmt":"2022-08-04T18:38:36","slug":"feuchte-datenlogger-tempmate-r-gs2-th-4g","status":"publish","type":"product","link":"https:\/\/sysmatec.ch\/de\/Produkt\/feuchte-datenlogger-tempmate-r-gs2-th-4g\/","title":{"rendered":"Feuchte-Datenlogger Tempmate (R) GS2-TH, 4G"},"content":{"rendered":"<p>Dieser Einweg- Temperatur \/ Feuchte-Datenlogger bietet \u00fcber den 4G mobile Netzwerk eine Echtzeit\u00fcberwachung. Mit diesem 4G-Recorder k\u00f6nnen Sie rechtzeitig reagieren und Ihre Ware sichern, bevor es zu sp\u00e4t ist. Bei Bedarf kann ein Ersatz der Ware in kurzer Zeit veranlasst werden. Die verlorene oder besch\u00e4digte Sendung kann lokalisiert werden. Dadurch werden Gew\u00e4hrleistungsanspr\u00fcche erf\u00fcllt. Alle relevanten Messdaten k\u00f6nnen mit der tempmate.\u00ae Cloud kontinuierlich aufgezeichnet werden.<\/p>\n<p>Die aufgezeichneten Daten k\u00f6nnen \u00fcber einen Link oder eine E-Mail mit anderen geteilt werden. Tempmate.\u00ae-GS2-TH kann f\u00fcr Ihre Warensendungen auf dem Luft-, See- oder Stra\u00dfenweg eingesetzt werden. Ob Sie Lebensmittel, Medikamente, empfindliche Elektronik oder Kunstwerke \u00fcberwachen m\u00f6chten, tempmate.\u00ae-GS2-TH kann auf Ihre Bed\u00fcrfnisse zugeschnitten werden.<\/p>\n<p>Keine zus\u00e4tzliche Software ist erforderlich, nur ein Webbrowser mit Internetzugang. Ihre Daten werden vor dem Zugriff durch Dritte gesch\u00fctzt und in der Cloud gespeichert. Die Datenbanken sind in mehreren sicheren Serverzentren in Europa und Deutschland gesichert. Datenschutz- und Datenintegrit\u00e4tsregeln werden eingehalten &#8211; wir bieten maximale Sicherheit. Sie behalten die volle Kostenkontrolle, da keine zus\u00e4tzlichen versteckten Geb\u00fchren anfallen. Sie kaufen Ihr Ger\u00e4t zum Festpreis. Cloud, mobile Daten, Alarme und alle Funktionen sind enthalten. Egal wo Sie Ihre Sendung versenden m\u00f6chten, Sie k\u00f6nnen sicher sein, dass tempmate.\u00ae-GS2 weltweit einsatzbereit ist.<\/p>\n<h2>Technische Eigenschaften<\/h2>\n<ul>\n<li type=\"disc\">Temperaturbereich: &#8211; 30\u00b0 C bis + 70 \u00b0 C<\/li>\n<li type=\"disc\">Temperaturgenauigkeit \u00b1 0.3 \u00b0 C (-10 bis 45 \u00b0 C), andere \u00b1 0.5 \u00b0 C<\/li>\n<li type=\"disc\">Temperaturaufl\u00f6sung 0.1 \u00b0 C<\/li>\n<li type=\"disc\">Feuchte 0 bis 100% HR \/ Genauigkeit [0 bis 80% HR] &lt;\u00b1 3%, [80% bis\u00a0 100%] &lt;\u00b1 5%<\/li>\n<li type=\"disc\">Feuchteaufl\u00f6sung 1%<\/li>\n<li type=\"disc\">Datenspeicherkapazit\u00e4t 24 000 Datens\u00e4tze maximal<\/li>\n<li type=\"disc\">Umgebungslicht 0 bis 10 000lx \/ Genauigkeit 0.01 lx<\/li>\n<li type=\"disc\">Umgebungslichtaufl\u00f6sung 0.01lx<\/li>\n<li type=\"disc\">Batterie Lithium 2400 mAh oder Ni-MH 2000 mAh<\/li>\n<li type=\"disc\">Autonomie Batterie 1Jahr mit Lithium Batterie (-25 \u00b0 C bis + 35 \u00b0 C) \/ 2 x CR17450<\/li>\n<li>Autonomie Batterie 6 Monate mit nicht Lithium Batterie (-25 \u00b0 C bis + 35 \u00b0 C)<\/li>\n<li type=\"disc\">Aufzeichnungsintervall 1Min bis 60 Min<\/li>\n<li type=\"disc\">Aufnahmezeit 90 Tage<\/li>\n<li type=\"disc\">Transmissionintervall 10 Min bi 1440 Min.<\/li>\n<li>Start-Taste<\/li>\n<li type=\"disc\">Stopp-Taste<\/li>\n<li type=\"disc\">Verz\u00f6gerter Start von 1 Minute bis 1440 Minute m\u00f6glich<\/li>\n<li type=\"disc\">Polycarbonat-Geh\u00e4usematerial<\/li>\n<li type=\"disc\">IP67 Schutzklasse<\/li>\n<li type=\"disc\">Abmessungen 103 x 64 x 30 mm (l \/ l \/ h)<\/li>\n<li type=\"disc\">Gewicht 175<\/li>\n<li type=\"disc\">Zertifizierungen CE, EN12830, EMV, RoHS, FCC<\/li>\n<li type=\"disc\">Validierungszertifikat als PDF in der Cloud verf\u00fcgbar<\/li>\n<li type=\"disc\">Tempmate.\u00ae Cloud-Software<\/li>\n<li type=\"disc\">Lesbare Berichte in der Cloud generieren<\/li>\n<li type=\"disc\">Passwortschutz Passwortschutz<\/li>\n<li type=\"disc\">4G mobiler Netzwerk, eventuell 2G<\/li>\n<li type=\"disc\">Lokalisierung LBS &#8211; GSM<\/li>\n<li type=\"disc\">Alarmkonfiguration Bis zu 6 Schwellenwerte, programmierbare Alarmzeit<\/li>\n<li type=\"disc\">Programmierbar \u00fcber Cloud<\/li>\n<li type=\"disc\">Einfacher \/ kumulierter Alarmtyp<\/li>\n<li type=\"disc\">Lagertemperatur &#8211; 25 \u00b0 C bis + 35 \u00b0 C (Empfohlene Umgebungstemperatur)<\/li>\n<\/ul>\n","protected":false},"excerpt":{"rendered":"<p>Temperatur- \/ Feuchtigkeits- Datenlogger Tempmate (R) GS+-2, 4 G (2G) mobiles Netzwerk<\/p>\n","protected":false},"featured_media":27976,"template":"","meta":{"_crdt_document":""},"product_brand":[],"product_cat":[168,175],"product_tag":[],"class_list":{"0":"post-6257","1":"product","2":"type-product","3":"status-publish","4":"has-post-thumbnail","6":"product_cat-datenlogger","7":"product_cat-feuchte","9":"first","10":"instock","11":"taxable","12":"shipping-taxable","13":"product-type-simple"},"yoast_head":"<!-- This site is optimized with the Yoast SEO plugin v27.4 - https:\/\/yoast.com\/product\/yoast-seo-wordpress\/ -->\n<title>Feuchte-Datenlogger Tempmate (R) GS2-TH, 4G - Sysmatec<\/title>\n<meta name=\"description\" content=\"Einweg-Feuchte Datenlogger mit 4G Kommunikation \u00fcber Mobilfunknetz. Daten werden in einer Cloud gespeichert und k\u00f6nnen \u00fcber einen Webbrowser abgerufen werden.\" \/>\n<meta name=\"robots\" content=\"index, follow, max-snippet:-1, max-image-preview:large, max-video-preview:-1\" \/>\n<link rel=\"canonical\" href=\"https:\/\/sysmatec.ch\/de\/produit\/feuchte-datenlogger-tempmate-r-gs2-th-4g\/\" \/>\n<meta property=\"og:locale\" content=\"de_DE\" \/>\n<meta property=\"og:type\" content=\"article\" \/>\n<meta property=\"og:title\" content=\"Feuchte-Datenlogger Tempmate (R) GS2-TH, 4G - Sysmatec\" \/>\n<meta property=\"og:description\" content=\"Einweg-Feuchte Datenlogger mit 4G Kommunikation \u00fcber Mobilfunknetz. Daten werden in einer Cloud gespeichert und k\u00f6nnen \u00fcber einen Webbrowser abgerufen werden.\" \/>\n<meta property=\"og:url\" content=\"https:\/\/sysmatec.ch\/de\/produit\/feuchte-datenlogger-tempmate-r-gs2-th-4g\/\" \/>\n<meta property=\"og:site_name\" content=\"Sysmatec\" \/>\n<meta property=\"article:modified_time\" content=\"2022-08-04T18:38:36+00:00\" \/>\n<meta property=\"og:image\" content=\"https:\/\/sysmatec.ch\/wp-content\/uploads\/2019\/05\/Enregistreur_TempmateGS2.jpg\" \/>\n\t<meta property=\"og:image:width\" content=\"312\" \/>\n\t<meta property=\"og:image:height\" content=\"365\" \/>\n\t<meta property=\"og:image:type\" content=\"image\/jpeg\" \/>\n<meta name=\"twitter:card\" content=\"summary_large_image\" \/>\n<meta name=\"twitter:label1\" content=\"Gesch\u00e4tzte Lesezeit\" \/>\n\t<meta name=\"twitter:data1\" content=\"3\u00a0Minuten\" \/>\n<script type=\"application\/ld+json\" class=\"yoast-schema-graph\">{\"@context\":\"https:\\\/\\\/schema.org\",\"@graph\":[{\"@type\":\"WebPage\",\"@id\":\"https:\\\/\\\/sysmatec.ch\\\/de\\\/produit\\\/feuchte-datenlogger-tempmate-r-gs2-th-4g\\\/\",\"url\":\"https:\\\/\\\/sysmatec.ch\\\/de\\\/produit\\\/feuchte-datenlogger-tempmate-r-gs2-th-4g\\\/\",\"name\":\"Feuchte-Datenlogger Tempmate (R) GS2-TH, 4G - Sysmatec\",\"isPartOf\":{\"@id\":\"https:\\\/\\\/sysmatec.ch\\\/de\\\/#website\"},\"primaryImageOfPage\":{\"@id\":\"https:\\\/\\\/sysmatec.ch\\\/de\\\/produit\\\/feuchte-datenlogger-tempmate-r-gs2-th-4g\\\/#primaryimage\"},\"image\":{\"@id\":\"https:\\\/\\\/sysmatec.ch\\\/de\\\/produit\\\/feuchte-datenlogger-tempmate-r-gs2-th-4g\\\/#primaryimage\"},\"thumbnailUrl\":\"https:\\\/\\\/sysmatec.ch\\\/wp-content\\\/uploads\\\/2019\\\/05\\\/Enregistreur_TempmateGS2.jpg\",\"datePublished\":\"2019-05-26T08:35:29+00:00\",\"dateModified\":\"2022-08-04T18:38:36+00:00\",\"description\":\"Einweg-Feuchte Datenlogger mit 4G Kommunikation \u00fcber Mobilfunknetz. Daten werden in einer Cloud gespeichert und k\u00f6nnen \u00fcber einen Webbrowser abgerufen werden.\",\"breadcrumb\":{\"@id\":\"https:\\\/\\\/sysmatec.ch\\\/de\\\/produit\\\/feuchte-datenlogger-tempmate-r-gs2-th-4g\\\/#breadcrumb\"},\"inLanguage\":\"de\",\"potentialAction\":[{\"@type\":\"ReadAction\",\"target\":[\"https:\\\/\\\/sysmatec.ch\\\/de\\\/produit\\\/feuchte-datenlogger-tempmate-r-gs2-th-4g\\\/\"]}]},{\"@type\":\"ImageObject\",\"inLanguage\":\"de\",\"@id\":\"https:\\\/\\\/sysmatec.ch\\\/de\\\/produit\\\/feuchte-datenlogger-tempmate-r-gs2-th-4g\\\/#primaryimage\",\"url\":\"https:\\\/\\\/sysmatec.ch\\\/wp-content\\\/uploads\\\/2019\\\/05\\\/Enregistreur_TempmateGS2.jpg\",\"contentUrl\":\"https:\\\/\\\/sysmatec.ch\\\/wp-content\\\/uploads\\\/2019\\\/05\\\/Enregistreur_TempmateGS2.jpg\",\"width\":312,\"height\":365},{\"@type\":\"BreadcrumbList\",\"@id\":\"https:\\\/\\\/sysmatec.ch\\\/de\\\/produit\\\/feuchte-datenlogger-tempmate-r-gs2-th-4g\\\/#breadcrumb\",\"itemListElement\":[{\"@type\":\"ListItem\",\"position\":1,\"name\":\"Accueil\",\"item\":\"https:\\\/\\\/sysmatec.ch\\\/de\\\/\"},{\"@type\":\"ListItem\",\"position\":2,\"name\":\"Die Aktivit\u00e4t von Sysmatec\",\"item\":\"https:\\\/\\\/sysmatec.ch\\\/de\\\/\"},{\"@type\":\"ListItem\",\"position\":3,\"name\":\"Feuchte-Datenlogger Tempmate (R) GS2-TH, 4G\"}]},{\"@type\":\"WebSite\",\"@id\":\"https:\\\/\\\/sysmatec.ch\\\/de\\\/#website\",\"url\":\"https:\\\/\\\/sysmatec.ch\\\/de\\\/\",\"name\":\"Sysmatec\",\"description\":\"Equipement de laboratoire et logiciels\",\"publisher\":{\"@id\":\"https:\\\/\\\/sysmatec.ch\\\/de\\\/#organization\"},\"potentialAction\":[{\"@type\":\"SearchAction\",\"target\":{\"@type\":\"EntryPoint\",\"urlTemplate\":\"https:\\\/\\\/sysmatec.ch\\\/de\\\/?s={search_term_string}\"},\"query-input\":{\"@type\":\"PropertyValueSpecification\",\"valueRequired\":true,\"valueName\":\"search_term_string\"}}],\"inLanguage\":\"de\"},{\"@type\":\"Organization\",\"@id\":\"https:\\\/\\\/sysmatec.ch\\\/de\\\/#organization\",\"name\":\"Sysmatec\",\"url\":\"https:\\\/\\\/sysmatec.ch\\\/de\\\/\",\"logo\":{\"@type\":\"ImageObject\",\"inLanguage\":\"de\",\"@id\":\"https:\\\/\\\/sysmatec.ch\\\/de\\\/#\\\/schema\\\/logo\\\/image\\\/\",\"url\":\"https:\\\/\\\/sysmatec.ch\\\/wp-content\\\/uploads\\\/2018\\\/11\\\/LogoSysmatec.jpg\",\"contentUrl\":\"https:\\\/\\\/sysmatec.ch\\\/wp-content\\\/uploads\\\/2018\\\/11\\\/LogoSysmatec.jpg\",\"width\":301,\"height\":297,\"caption\":\"Sysmatec\"},\"image\":{\"@id\":\"https:\\\/\\\/sysmatec.ch\\\/de\\\/#\\\/schema\\\/logo\\\/image\\\/\"}}]}<\/script>\n<!-- \/ Yoast SEO plugin. -->","yoast_head_json":{"title":"Feuchte-Datenlogger Tempmate (R) GS2-TH, 4G - Sysmatec","description":"Einweg-Feuchte Datenlogger mit 4G Kommunikation \u00fcber Mobilfunknetz. Daten werden in einer Cloud gespeichert und k\u00f6nnen \u00fcber einen Webbrowser abgerufen werden.","robots":{"index":"index","follow":"follow","max-snippet":"max-snippet:-1","max-image-preview":"max-image-preview:large","max-video-preview":"max-video-preview:-1"},"canonical":"https:\/\/sysmatec.ch\/de\/produit\/feuchte-datenlogger-tempmate-r-gs2-th-4g\/","og_locale":"de_DE","og_type":"article","og_title":"Feuchte-Datenlogger Tempmate (R) GS2-TH, 4G - Sysmatec","og_description":"Einweg-Feuchte Datenlogger mit 4G Kommunikation \u00fcber Mobilfunknetz. Daten werden in einer Cloud gespeichert und k\u00f6nnen \u00fcber einen Webbrowser abgerufen werden.","og_url":"https:\/\/sysmatec.ch\/de\/produit\/feuchte-datenlogger-tempmate-r-gs2-th-4g\/","og_site_name":"Sysmatec","article_modified_time":"2022-08-04T18:38:36+00:00","og_image":[{"width":312,"height":365,"url":"https:\/\/sysmatec.ch\/wp-content\/uploads\/2019\/05\/Enregistreur_TempmateGS2.jpg","type":"image\/jpeg"}],"twitter_card":"summary_large_image","twitter_misc":{"Gesch\u00e4tzte Lesezeit":"3\u00a0Minuten"},"schema":{"@context":"https:\/\/schema.org","@graph":[{"@type":"WebPage","@id":"https:\/\/sysmatec.ch\/de\/produit\/feuchte-datenlogger-tempmate-r-gs2-th-4g\/","url":"https:\/\/sysmatec.ch\/de\/produit\/feuchte-datenlogger-tempmate-r-gs2-th-4g\/","name":"Feuchte-Datenlogger Tempmate (R) GS2-TH, 4G - Sysmatec","isPartOf":{"@id":"https:\/\/sysmatec.ch\/de\/#website"},"primaryImageOfPage":{"@id":"https:\/\/sysmatec.ch\/de\/produit\/feuchte-datenlogger-tempmate-r-gs2-th-4g\/#primaryimage"},"image":{"@id":"https:\/\/sysmatec.ch\/de\/produit\/feuchte-datenlogger-tempmate-r-gs2-th-4g\/#primaryimage"},"thumbnailUrl":"https:\/\/sysmatec.ch\/wp-content\/uploads\/2019\/05\/Enregistreur_TempmateGS2.jpg","datePublished":"2019-05-26T08:35:29+00:00","dateModified":"2022-08-04T18:38:36+00:00","description":"Einweg-Feuchte Datenlogger mit 4G Kommunikation \u00fcber Mobilfunknetz. Daten werden in einer Cloud gespeichert und k\u00f6nnen \u00fcber einen Webbrowser abgerufen werden.","breadcrumb":{"@id":"https:\/\/sysmatec.ch\/de\/produit\/feuchte-datenlogger-tempmate-r-gs2-th-4g\/#breadcrumb"},"inLanguage":"de","potentialAction":[{"@type":"ReadAction","target":["https:\/\/sysmatec.ch\/de\/produit\/feuchte-datenlogger-tempmate-r-gs2-th-4g\/"]}]},{"@type":"ImageObject","inLanguage":"de","@id":"https:\/\/sysmatec.ch\/de\/produit\/feuchte-datenlogger-tempmate-r-gs2-th-4g\/#primaryimage","url":"https:\/\/sysmatec.ch\/wp-content\/uploads\/2019\/05\/Enregistreur_TempmateGS2.jpg","contentUrl":"https:\/\/sysmatec.ch\/wp-content\/uploads\/2019\/05\/Enregistreur_TempmateGS2.jpg","width":312,"height":365},{"@type":"BreadcrumbList","@id":"https:\/\/sysmatec.ch\/de\/produit\/feuchte-datenlogger-tempmate-r-gs2-th-4g\/#breadcrumb","itemListElement":[{"@type":"ListItem","position":1,"name":"Accueil","item":"https:\/\/sysmatec.ch\/de\/"},{"@type":"ListItem","position":2,"name":"Die Aktivit\u00e4t von Sysmatec","item":"https:\/\/sysmatec.ch\/de\/"},{"@type":"ListItem","position":3,"name":"Feuchte-Datenlogger Tempmate (R) GS2-TH, 4G"}]},{"@type":"WebSite","@id":"https:\/\/sysmatec.ch\/de\/#website","url":"https:\/\/sysmatec.ch\/de\/","name":"Sysmatec","description":"Equipement de laboratoire et logiciels","publisher":{"@id":"https:\/\/sysmatec.ch\/de\/#organization"},"potentialAction":[{"@type":"SearchAction","target":{"@type":"EntryPoint","urlTemplate":"https:\/\/sysmatec.ch\/de\/?s={search_term_string}"},"query-input":{"@type":"PropertyValueSpecification","valueRequired":true,"valueName":"search_term_string"}}],"inLanguage":"de"},{"@type":"Organization","@id":"https:\/\/sysmatec.ch\/de\/#organization","name":"Sysmatec","url":"https:\/\/sysmatec.ch\/de\/","logo":{"@type":"ImageObject","inLanguage":"de","@id":"https:\/\/sysmatec.ch\/de\/#\/schema\/logo\/image\/","url":"https:\/\/sysmatec.ch\/wp-content\/uploads\/2018\/11\/LogoSysmatec.jpg","contentUrl":"https:\/\/sysmatec.ch\/wp-content\/uploads\/2018\/11\/LogoSysmatec.jpg","width":301,"height":297,"caption":"Sysmatec"},"image":{"@id":"https:\/\/sysmatec.ch\/de\/#\/schema\/logo\/image\/"}}]}},"_links":{"self":[{"href":"https:\/\/sysmatec.ch\/de\/wp-json\/wp\/v2\/product\/6257","targetHints":{"allow":["GET"]}}],"collection":[{"href":"https:\/\/sysmatec.ch\/de\/wp-json\/wp\/v2\/product"}],"about":[{"href":"https:\/\/sysmatec.ch\/de\/wp-json\/wp\/v2\/types\/product"}],"wp:featuredmedia":[{"embeddable":true,"href":"https:\/\/sysmatec.ch\/de\/wp-json\/wp\/v2\/media\/27976"}],"wp:attachment":[{"href":"https:\/\/sysmatec.ch\/de\/wp-json\/wp\/v2\/media?parent=6257"}],"wp:term":[{"taxonomy":"product_brand","embeddable":true,"href":"https:\/\/sysmatec.ch\/de\/wp-json\/wp\/v2\/product_brand?post=6257"},{"taxonomy":"product_cat","embeddable":true,"href":"https:\/\/sysmatec.ch\/de\/wp-json\/wp\/v2\/product_cat?post=6257"},{"taxonomy":"product_tag","embeddable":true,"href":"https:\/\/sysmatec.ch\/de\/wp-json\/wp\/v2\/product_tag?post=6257"}],"curies":[{"name":"wp","href":"https:\/\/api.w.org\/{rel}","templated":true}]}}