{"id":6244,"date":"2019-05-26T10:13:39","date_gmt":"2019-05-26T08:13:39","guid":{"rendered":"https:\/\/sysmatec.ch\/produit\/thermo-hygrographe-tit-01\/"},"modified":"2022-01-09T09:19:30","modified_gmt":"2022-01-09T08:19:30","slug":"thermohygrograph-tit-01","status":"publish","type":"product","link":"https:\/\/sysmatec.ch\/de\/Produkt\/thermohygrograph-tit-01\/","title":{"rendered":"Thermohygrograph TIT \/ 01"},"content":{"rendered":"<p>Es ist ein tragbares Aufzeichnungsger\u00e4t f\u00fcr die Temperatur und Feuchtigkeit. Die Aufnahme kann t\u00e4glich, w\u00f6chentlich oder monatlich sein. Um eine optimale Feuchtemessung zu erhalten, sollte der Thermohygrograph in einer bel\u00fcfteten Umgebung, ohne direkter Sonneneinstrahlung oder W\u00e4rmestrahlungsquellen, aufgestellt werden.<\/p>\n<ul>\n<li type=\"disc\">Element zur Messung Luftfeuchtigkeit: Naturhaar<\/li>\n<li type=\"disc\">Luftfeuchtigkeit Genauigkeit: \u00b1 3% von 20 bis 100% rF<\/li>\n<li type=\"disc\">Temperaturmesselement: Bimetall (Rohrfeder)<\/li>\n<li type=\"disc\">Temperatur Genauigkeit: Klasse 1 nach EN 13190<\/li>\n<li type=\"disc\">Betriebstemperatur: -20 \u00b0 C + 50 \u00b0 C<\/li>\n<li type=\"disc\">Uhr: mechanische Feder oder Batterie (AA-LR6, 1.5 V)<\/li>\n<li type=\"disc\">Filz Autonomie: 150 m.<\/li>\n<li type=\"disc\">Geh\u00e4use aus Edelstahl 304 poliert mit hoher Best\u00e4ndigkeit gegen Witterungseinfl\u00fcsse und Industrierauch. Auch erh\u00e4ltlich in wei\u00df lackiert.<\/li>\n<li type=\"disc\">Gewicht: 2800 g<\/li>\n<li type=\"disc\">Messbereiche zur Verf\u00fcgung f\u00e8r t\u00e4glich oder w\u00f6chentlich Versionen: -35 \u00b0C + 45 0-100% rF, -15 + 65 \u00b0 C 0 bis 100% rF, -15 + 45 \u00b0 C 0 bis 100% rF, -20 + 60 \u00b0 C 0-100% RH, 40 \u00b0 C 0 + 0-100% RH<\/li>\n<li type=\"disc\">Leitern zur Verf\u00fcgung monatliche Ver\u00f6ffentlichung: -10 + 50 \u00b0 C 0 bis 100% rF, -15 + 65 \u00b0 C 0 bis 100% rF, -15 + 45 \u00b0 C 0-100% RH, 40 \u00b0 C 0 + 0-100 % RH<\/li>\n<\/ul>\n","protected":false},"excerpt":{"rendered":"<p>Thermohygrograph<\/p>\n","protected":false},"featured_media":6242,"template":"","meta":{"_crdt_document":""},"product_brand":[],"product_cat":[168,175],"product_tag":[],"class_list":{"0":"post-6244","1":"product","2":"type-product","3":"status-publish","4":"has-post-thumbnail","6":"product_cat-datenlogger","7":"product_cat-feuchte","9":"first","10":"instock","11":"taxable","12":"shipping-taxable","13":"product-type-simple"},"yoast_head":"<!-- This site is optimized with the Yoast SEO plugin v27.4 - https:\/\/yoast.com\/product\/yoast-seo-wordpress\/ -->\n<title>Thermohygrograph TIT \/ 01 - Sysmatec<\/title>\n<meta name=\"description\" content=\"Logger f\u00fcr Luftfeuchtigkeit und Temperatur der Trommel. Die Aufnahme erfolgt durch Federn auf kariertem Papier.\" \/>\n<meta name=\"robots\" content=\"index, follow, max-snippet:-1, max-image-preview:large, max-video-preview:-1\" \/>\n<link rel=\"canonical\" href=\"https:\/\/sysmatec.ch\/de\/produit\/thermohygrograph-tit-01\/\" \/>\n<meta property=\"og:locale\" content=\"de_DE\" \/>\n<meta property=\"og:type\" content=\"article\" \/>\n<meta property=\"og:title\" content=\"Thermohygrograph TIT \/ 01 - Sysmatec\" \/>\n<meta property=\"og:description\" content=\"Logger f\u00fcr Luftfeuchtigkeit und Temperatur der Trommel. Die Aufnahme erfolgt durch Federn auf kariertem Papier.\" \/>\n<meta property=\"og:url\" content=\"https:\/\/sysmatec.ch\/de\/produit\/thermohygrograph-tit-01\/\" \/>\n<meta property=\"og:site_name\" content=\"Sysmatec\" \/>\n<meta property=\"article:modified_time\" content=\"2022-01-09T08:19:30+00:00\" \/>\n<meta property=\"og:image\" content=\"https:\/\/sysmatec.ch\/wp-content\/uploads\/2019\/05\/Humidite_TermafTIT01.jpg\" \/>\n\t<meta property=\"og:image:width\" content=\"184\" \/>\n\t<meta property=\"og:image:height\" content=\"195\" \/>\n\t<meta property=\"og:image:type\" content=\"image\/jpeg\" \/>\n<meta name=\"twitter:card\" content=\"summary_large_image\" \/>\n<meta name=\"twitter:label1\" content=\"Gesch\u00e4tzte Lesezeit\" \/>\n\t<meta name=\"twitter:data1\" content=\"1\u00a0Minute\" \/>\n<script type=\"application\/ld+json\" class=\"yoast-schema-graph\">{\"@context\":\"https:\\\/\\\/schema.org\",\"@graph\":[{\"@type\":\"WebPage\",\"@id\":\"https:\\\/\\\/sysmatec.ch\\\/de\\\/produit\\\/thermohygrograph-tit-01\\\/\",\"url\":\"https:\\\/\\\/sysmatec.ch\\\/de\\\/produit\\\/thermohygrograph-tit-01\\\/\",\"name\":\"Thermohygrograph TIT \\\/ 01 - Sysmatec\",\"isPartOf\":{\"@id\":\"https:\\\/\\\/sysmatec.ch\\\/de\\\/#website\"},\"primaryImageOfPage\":{\"@id\":\"https:\\\/\\\/sysmatec.ch\\\/de\\\/produit\\\/thermohygrograph-tit-01\\\/#primaryimage\"},\"image\":{\"@id\":\"https:\\\/\\\/sysmatec.ch\\\/de\\\/produit\\\/thermohygrograph-tit-01\\\/#primaryimage\"},\"thumbnailUrl\":\"https:\\\/\\\/sysmatec.ch\\\/wp-content\\\/uploads\\\/2019\\\/05\\\/Humidite_TermafTIT01.jpg\",\"datePublished\":\"2019-05-26T08:13:39+00:00\",\"dateModified\":\"2022-01-09T08:19:30+00:00\",\"description\":\"Logger f\u00fcr Luftfeuchtigkeit und Temperatur der Trommel. Die Aufnahme erfolgt durch Federn auf kariertem Papier.\",\"breadcrumb\":{\"@id\":\"https:\\\/\\\/sysmatec.ch\\\/de\\\/produit\\\/thermohygrograph-tit-01\\\/#breadcrumb\"},\"inLanguage\":\"de\",\"potentialAction\":[{\"@type\":\"ReadAction\",\"target\":[\"https:\\\/\\\/sysmatec.ch\\\/de\\\/produit\\\/thermohygrograph-tit-01\\\/\"]}]},{\"@type\":\"ImageObject\",\"inLanguage\":\"de\",\"@id\":\"https:\\\/\\\/sysmatec.ch\\\/de\\\/produit\\\/thermohygrograph-tit-01\\\/#primaryimage\",\"url\":\"https:\\\/\\\/sysmatec.ch\\\/wp-content\\\/uploads\\\/2019\\\/05\\\/Humidite_TermafTIT01.jpg\",\"contentUrl\":\"https:\\\/\\\/sysmatec.ch\\\/wp-content\\\/uploads\\\/2019\\\/05\\\/Humidite_TermafTIT01.jpg\",\"width\":184,\"height\":195},{\"@type\":\"BreadcrumbList\",\"@id\":\"https:\\\/\\\/sysmatec.ch\\\/de\\\/produit\\\/thermohygrograph-tit-01\\\/#breadcrumb\",\"itemListElement\":[{\"@type\":\"ListItem\",\"position\":1,\"name\":\"Accueil\",\"item\":\"https:\\\/\\\/sysmatec.ch\\\/de\\\/\"},{\"@type\":\"ListItem\",\"position\":2,\"name\":\"Die Aktivit\u00e4t von Sysmatec\",\"item\":\"https:\\\/\\\/sysmatec.ch\\\/de\\\/\"},{\"@type\":\"ListItem\",\"position\":3,\"name\":\"Thermohygrograph TIT \\\/ 01\"}]},{\"@type\":\"WebSite\",\"@id\":\"https:\\\/\\\/sysmatec.ch\\\/de\\\/#website\",\"url\":\"https:\\\/\\\/sysmatec.ch\\\/de\\\/\",\"name\":\"Sysmatec\",\"description\":\"Equipement de laboratoire et logiciels\",\"publisher\":{\"@id\":\"https:\\\/\\\/sysmatec.ch\\\/de\\\/#organization\"},\"potentialAction\":[{\"@type\":\"SearchAction\",\"target\":{\"@type\":\"EntryPoint\",\"urlTemplate\":\"https:\\\/\\\/sysmatec.ch\\\/de\\\/?s={search_term_string}\"},\"query-input\":{\"@type\":\"PropertyValueSpecification\",\"valueRequired\":true,\"valueName\":\"search_term_string\"}}],\"inLanguage\":\"de\"},{\"@type\":\"Organization\",\"@id\":\"https:\\\/\\\/sysmatec.ch\\\/de\\\/#organization\",\"name\":\"Sysmatec\",\"url\":\"https:\\\/\\\/sysmatec.ch\\\/de\\\/\",\"logo\":{\"@type\":\"ImageObject\",\"inLanguage\":\"de\",\"@id\":\"https:\\\/\\\/sysmatec.ch\\\/de\\\/#\\\/schema\\\/logo\\\/image\\\/\",\"url\":\"https:\\\/\\\/sysmatec.ch\\\/wp-content\\\/uploads\\\/2018\\\/11\\\/LogoSysmatec.jpg\",\"contentUrl\":\"https:\\\/\\\/sysmatec.ch\\\/wp-content\\\/uploads\\\/2018\\\/11\\\/LogoSysmatec.jpg\",\"width\":301,\"height\":297,\"caption\":\"Sysmatec\"},\"image\":{\"@id\":\"https:\\\/\\\/sysmatec.ch\\\/de\\\/#\\\/schema\\\/logo\\\/image\\\/\"}}]}<\/script>\n<!-- \/ Yoast SEO plugin. -->","yoast_head_json":{"title":"Thermohygrograph TIT \/ 01 - Sysmatec","description":"Logger f\u00fcr Luftfeuchtigkeit und Temperatur der Trommel. Die Aufnahme erfolgt durch Federn auf kariertem Papier.","robots":{"index":"index","follow":"follow","max-snippet":"max-snippet:-1","max-image-preview":"max-image-preview:large","max-video-preview":"max-video-preview:-1"},"canonical":"https:\/\/sysmatec.ch\/de\/produit\/thermohygrograph-tit-01\/","og_locale":"de_DE","og_type":"article","og_title":"Thermohygrograph TIT \/ 01 - Sysmatec","og_description":"Logger f\u00fcr Luftfeuchtigkeit und Temperatur der Trommel. Die Aufnahme erfolgt durch Federn auf kariertem Papier.","og_url":"https:\/\/sysmatec.ch\/de\/produit\/thermohygrograph-tit-01\/","og_site_name":"Sysmatec","article_modified_time":"2022-01-09T08:19:30+00:00","og_image":[{"width":184,"height":195,"url":"https:\/\/sysmatec.ch\/wp-content\/uploads\/2019\/05\/Humidite_TermafTIT01.jpg","type":"image\/jpeg"}],"twitter_card":"summary_large_image","twitter_misc":{"Gesch\u00e4tzte Lesezeit":"1\u00a0Minute"},"schema":{"@context":"https:\/\/schema.org","@graph":[{"@type":"WebPage","@id":"https:\/\/sysmatec.ch\/de\/produit\/thermohygrograph-tit-01\/","url":"https:\/\/sysmatec.ch\/de\/produit\/thermohygrograph-tit-01\/","name":"Thermohygrograph TIT \/ 01 - Sysmatec","isPartOf":{"@id":"https:\/\/sysmatec.ch\/de\/#website"},"primaryImageOfPage":{"@id":"https:\/\/sysmatec.ch\/de\/produit\/thermohygrograph-tit-01\/#primaryimage"},"image":{"@id":"https:\/\/sysmatec.ch\/de\/produit\/thermohygrograph-tit-01\/#primaryimage"},"thumbnailUrl":"https:\/\/sysmatec.ch\/wp-content\/uploads\/2019\/05\/Humidite_TermafTIT01.jpg","datePublished":"2019-05-26T08:13:39+00:00","dateModified":"2022-01-09T08:19:30+00:00","description":"Logger f\u00fcr Luftfeuchtigkeit und Temperatur der Trommel. Die Aufnahme erfolgt durch Federn auf kariertem Papier.","breadcrumb":{"@id":"https:\/\/sysmatec.ch\/de\/produit\/thermohygrograph-tit-01\/#breadcrumb"},"inLanguage":"de","potentialAction":[{"@type":"ReadAction","target":["https:\/\/sysmatec.ch\/de\/produit\/thermohygrograph-tit-01\/"]}]},{"@type":"ImageObject","inLanguage":"de","@id":"https:\/\/sysmatec.ch\/de\/produit\/thermohygrograph-tit-01\/#primaryimage","url":"https:\/\/sysmatec.ch\/wp-content\/uploads\/2019\/05\/Humidite_TermafTIT01.jpg","contentUrl":"https:\/\/sysmatec.ch\/wp-content\/uploads\/2019\/05\/Humidite_TermafTIT01.jpg","width":184,"height":195},{"@type":"BreadcrumbList","@id":"https:\/\/sysmatec.ch\/de\/produit\/thermohygrograph-tit-01\/#breadcrumb","itemListElement":[{"@type":"ListItem","position":1,"name":"Accueil","item":"https:\/\/sysmatec.ch\/de\/"},{"@type":"ListItem","position":2,"name":"Die Aktivit\u00e4t von Sysmatec","item":"https:\/\/sysmatec.ch\/de\/"},{"@type":"ListItem","position":3,"name":"Thermohygrograph TIT \/ 01"}]},{"@type":"WebSite","@id":"https:\/\/sysmatec.ch\/de\/#website","url":"https:\/\/sysmatec.ch\/de\/","name":"Sysmatec","description":"Equipement de laboratoire et logiciels","publisher":{"@id":"https:\/\/sysmatec.ch\/de\/#organization"},"potentialAction":[{"@type":"SearchAction","target":{"@type":"EntryPoint","urlTemplate":"https:\/\/sysmatec.ch\/de\/?s={search_term_string}"},"query-input":{"@type":"PropertyValueSpecification","valueRequired":true,"valueName":"search_term_string"}}],"inLanguage":"de"},{"@type":"Organization","@id":"https:\/\/sysmatec.ch\/de\/#organization","name":"Sysmatec","url":"https:\/\/sysmatec.ch\/de\/","logo":{"@type":"ImageObject","inLanguage":"de","@id":"https:\/\/sysmatec.ch\/de\/#\/schema\/logo\/image\/","url":"https:\/\/sysmatec.ch\/wp-content\/uploads\/2018\/11\/LogoSysmatec.jpg","contentUrl":"https:\/\/sysmatec.ch\/wp-content\/uploads\/2018\/11\/LogoSysmatec.jpg","width":301,"height":297,"caption":"Sysmatec"},"image":{"@id":"https:\/\/sysmatec.ch\/de\/#\/schema\/logo\/image\/"}}]}},"_links":{"self":[{"href":"https:\/\/sysmatec.ch\/de\/wp-json\/wp\/v2\/product\/6244","targetHints":{"allow":["GET"]}}],"collection":[{"href":"https:\/\/sysmatec.ch\/de\/wp-json\/wp\/v2\/product"}],"about":[{"href":"https:\/\/sysmatec.ch\/de\/wp-json\/wp\/v2\/types\/product"}],"wp:featuredmedia":[{"embeddable":true,"href":"https:\/\/sysmatec.ch\/de\/wp-json\/wp\/v2\/media\/6242"}],"wp:attachment":[{"href":"https:\/\/sysmatec.ch\/de\/wp-json\/wp\/v2\/media?parent=6244"}],"wp:term":[{"taxonomy":"product_brand","embeddable":true,"href":"https:\/\/sysmatec.ch\/de\/wp-json\/wp\/v2\/product_brand?post=6244"},{"taxonomy":"product_cat","embeddable":true,"href":"https:\/\/sysmatec.ch\/de\/wp-json\/wp\/v2\/product_cat?post=6244"},{"taxonomy":"product_tag","embeddable":true,"href":"https:\/\/sysmatec.ch\/de\/wp-json\/wp\/v2\/product_tag?post=6244"}],"curies":[{"name":"wp","href":"https:\/\/api.w.org\/{rel}","templated":true}]}}