{"id":6183,"date":"2019-05-12T20:31:31","date_gmt":"2019-05-12T18:31:31","guid":{"rendered":"https:\/\/sysmatec.ch\/produit\/enregistreur-de-temperature-et-humidite-gsm-serie-gsm2x\/"},"modified":"2022-01-10T22:11:02","modified_gmt":"2022-01-10T21:11:02","slug":"gsm-temperatur-feuchte-logger-serie-gsm2x","status":"publish","type":"product","link":"https:\/\/sysmatec.ch\/de\/Produkt\/gsm-temperatur-feuchte-logger-serie-gsm2x\/","title":{"rendered":"GSM Temperatur- \/ Feuchte- Logger Serie GSM2X"},"content":{"rendered":"<p>Dieser Temperatur-Datenlogger verwendet das GSM-Netz f\u00fcr die Kommunikation. Er kann Alarme und Temperaturwerte per SMS senden. Er verf\u00fcgt \u00fcber ein gro\u00dfes LCD-Display, das Messwerte anzeigt. Dieses Ger\u00e4t kann Alarmmeldungen an GSM-Mobiltelefon senden, wenn z.B. eingestellten Temperaturgrenzen \u00fcberschreitet werden. Der Benutzer kann den Datenlogger \u00fcber ein beliebiges Mobiltelefon anrufen um Temperaturmesswerte zu erhalten.<\/p>\n<p>Weitere professionelle Anwendungen k\u00f6nnen durch die Einzel-PC-Software DGraphTM unter Windows XP \/ 7\/8 (32\/64 Bit) zur Verf\u00fcgung gestellt werden. Die Software ist einfach zu installieren und erlaubt die Daten direkt \u00fcber die USB Schnitstelle zu lesen. Der Benutzer kann die Daten anzeigen, analysieren und exportieren (txt, xls, csv, bmp, jpg).<\/p>\n<h2>GSM Temperatur- \/ Feuchte- Logger Spezifikationen<\/h2>\n<ul>\n<li type=\"disc\">Temperaturbereich: -20 \u00b0 C bis 80 \u00b0 C mit internen Sonde, -40 bis 125 \u00b0C mit externen Sensoren (geliefert)<\/li>\n<li type=\"disc\">Feuchtebereich: 0 bis 100 % rF<\/li>\n<li type=\"disc\">Temperaturgenauigkeit: +\/- 0.3 \u00b0 C (GSM21, GSM21E, GSM20, GSM20E), Aufl\u00f6sung 0.1 \u00b0 C<\/li>\n<li type=\"disc\">Feuchtegenauigkeit: +\/- 3 % rF (GSM20, GSM20E) oder +\/- 2 % rF (GSM21, GSM21E), Aufl\u00f6sung 0.1 % RH<\/li>\n<li type=\"disc\">Batterieautonomie mit aktivierten GPRS-Kommunikation: 1-3 Tage<\/li>\n<li type=\"disc\">Speicherkapazit\u00e4t: 32 000 Werte<\/li>\n<li type=\"disc\">Zeitintervall 1 s bis 24 h<\/li>\n<li type=\"disc\">Lithium Batterie (2600 mA)<\/li>\n<li type=\"disc\">Dimension: 140x74x24 mm<\/li>\n<li type=\"disc\">Gewicht: ca. 100 g<\/li>\n<li type=\"disc\">Version GSM20\/GSM21 mit internen Sensor und GSM20E\/GSM21E mit externen Sensoren (mit dem Logger geliefert)<\/li>\n<li type=\"disc\">Software in Englisch<\/li>\n<li type=\"disc\">ohne SIM-Karte geliefert<\/li>\n<\/ul>\n","protected":false},"excerpt":{"rendered":"<p>GSM Temperatur- \/ Feuchte- Logger<\/p>\n","protected":false},"featured_media":6176,"template":"","meta":{"_crdt_document":""},"product_brand":[],"product_cat":[448],"product_tag":[],"class_list":{"0":"post-6183","1":"product","2":"type-product","3":"status-publish","4":"has-post-thumbnail","6":"product_cat-kostenlos","8":"first","9":"instock","10":"taxable","11":"shipping-taxable","12":"product-type-simple"},"yoast_head":"<!-- This site is optimized with the Yoast SEO plugin v27.3 - https:\/\/yoast.com\/product\/yoast-seo-wordpress\/ -->\n<title>GSM Temperatur- \/ Feuchte- Logger Serie GSM2X - Sysmatec<\/title>\n<meta name=\"description\" content=\"Temperatur- und Feuchtigkeitsrekorder mit Kommunikation \u00fcber das GSM-Netz. Ideal zum Verfolgen von Waren w\u00e4hrend des Transports.\" \/>\n<meta name=\"robots\" content=\"index, follow, max-snippet:-1, max-image-preview:large, max-video-preview:-1\" \/>\n<link rel=\"canonical\" href=\"https:\/\/sysmatec.ch\/de\/produit\/gsm-temperatur-feuchte-logger-serie-gsm2x\/\" \/>\n<meta property=\"og:locale\" content=\"de_DE\" \/>\n<meta property=\"og:type\" content=\"article\" \/>\n<meta property=\"og:title\" content=\"GSM Temperatur- \/ Feuchte- Logger Serie GSM2X - Sysmatec\" \/>\n<meta property=\"og:description\" content=\"Temperatur- und Feuchtigkeitsrekorder mit Kommunikation \u00fcber das GSM-Netz. Ideal zum Verfolgen von Waren w\u00e4hrend des Transports.\" \/>\n<meta property=\"og:url\" content=\"https:\/\/sysmatec.ch\/de\/produit\/gsm-temperatur-feuchte-logger-serie-gsm2x\/\" \/>\n<meta property=\"og:site_name\" content=\"Sysmatec\" \/>\n<meta property=\"article:modified_time\" content=\"2022-01-10T21:11:02+00:00\" \/>\n<meta property=\"og:image\" content=\"https:\/\/sysmatec.ch\/wp-content\/uploads\/2019\/05\/Humidite_WellzionGSM.jpg\" \/>\n\t<meta property=\"og:image:width\" content=\"186\" \/>\n\t<meta property=\"og:image:height\" content=\"200\" \/>\n\t<meta property=\"og:image:type\" content=\"image\/jpeg\" \/>\n<meta name=\"twitter:card\" content=\"summary_large_image\" \/>\n<meta name=\"twitter:label1\" content=\"Gesch\u00e4tzte Lesezeit\" \/>\n\t<meta name=\"twitter:data1\" content=\"2\u00a0Minuten\" \/>\n<script type=\"application\/ld+json\" class=\"yoast-schema-graph\">{\"@context\":\"https:\\\/\\\/schema.org\",\"@graph\":[{\"@type\":\"WebPage\",\"@id\":\"https:\\\/\\\/sysmatec.ch\\\/de\\\/produit\\\/gsm-temperatur-feuchte-logger-serie-gsm2x\\\/\",\"url\":\"https:\\\/\\\/sysmatec.ch\\\/de\\\/produit\\\/gsm-temperatur-feuchte-logger-serie-gsm2x\\\/\",\"name\":\"GSM Temperatur- \\\/ Feuchte- Logger Serie GSM2X - Sysmatec\",\"isPartOf\":{\"@id\":\"https:\\\/\\\/sysmatec.ch\\\/de\\\/#website\"},\"primaryImageOfPage\":{\"@id\":\"https:\\\/\\\/sysmatec.ch\\\/de\\\/produit\\\/gsm-temperatur-feuchte-logger-serie-gsm2x\\\/#primaryimage\"},\"image\":{\"@id\":\"https:\\\/\\\/sysmatec.ch\\\/de\\\/produit\\\/gsm-temperatur-feuchte-logger-serie-gsm2x\\\/#primaryimage\"},\"thumbnailUrl\":\"https:\\\/\\\/sysmatec.ch\\\/wp-content\\\/uploads\\\/2019\\\/05\\\/Humidite_WellzionGSM.jpg\",\"datePublished\":\"2019-05-12T18:31:31+00:00\",\"dateModified\":\"2022-01-10T21:11:02+00:00\",\"description\":\"Temperatur- und Feuchtigkeitsrekorder mit Kommunikation \u00fcber das GSM-Netz. Ideal zum Verfolgen von Waren w\u00e4hrend des Transports.\",\"breadcrumb\":{\"@id\":\"https:\\\/\\\/sysmatec.ch\\\/de\\\/produit\\\/gsm-temperatur-feuchte-logger-serie-gsm2x\\\/#breadcrumb\"},\"inLanguage\":\"de\",\"potentialAction\":[{\"@type\":\"ReadAction\",\"target\":[\"https:\\\/\\\/sysmatec.ch\\\/de\\\/produit\\\/gsm-temperatur-feuchte-logger-serie-gsm2x\\\/\"]}]},{\"@type\":\"ImageObject\",\"inLanguage\":\"de\",\"@id\":\"https:\\\/\\\/sysmatec.ch\\\/de\\\/produit\\\/gsm-temperatur-feuchte-logger-serie-gsm2x\\\/#primaryimage\",\"url\":\"https:\\\/\\\/sysmatec.ch\\\/wp-content\\\/uploads\\\/2019\\\/05\\\/Humidite_WellzionGSM.jpg\",\"contentUrl\":\"https:\\\/\\\/sysmatec.ch\\\/wp-content\\\/uploads\\\/2019\\\/05\\\/Humidite_WellzionGSM.jpg\",\"width\":186,\"height\":200},{\"@type\":\"BreadcrumbList\",\"@id\":\"https:\\\/\\\/sysmatec.ch\\\/de\\\/produit\\\/gsm-temperatur-feuchte-logger-serie-gsm2x\\\/#breadcrumb\",\"itemListElement\":[{\"@type\":\"ListItem\",\"position\":1,\"name\":\"Accueil\",\"item\":\"https:\\\/\\\/sysmatec.ch\\\/de\\\/\"},{\"@type\":\"ListItem\",\"position\":2,\"name\":\"Die Aktivit\u00e4t von Sysmatec\",\"item\":\"https:\\\/\\\/sysmatec.ch\\\/de\\\/\"},{\"@type\":\"ListItem\",\"position\":3,\"name\":\"GSM Temperatur- \\\/ Feuchte- Logger Serie GSM2X\"}]},{\"@type\":\"WebSite\",\"@id\":\"https:\\\/\\\/sysmatec.ch\\\/de\\\/#website\",\"url\":\"https:\\\/\\\/sysmatec.ch\\\/de\\\/\",\"name\":\"Sysmatec\",\"description\":\"Equipement de laboratoire et logiciels\",\"publisher\":{\"@id\":\"https:\\\/\\\/sysmatec.ch\\\/de\\\/#organization\"},\"potentialAction\":[{\"@type\":\"SearchAction\",\"target\":{\"@type\":\"EntryPoint\",\"urlTemplate\":\"https:\\\/\\\/sysmatec.ch\\\/de\\\/?s={search_term_string}\"},\"query-input\":{\"@type\":\"PropertyValueSpecification\",\"valueRequired\":true,\"valueName\":\"search_term_string\"}}],\"inLanguage\":\"de\"},{\"@type\":\"Organization\",\"@id\":\"https:\\\/\\\/sysmatec.ch\\\/de\\\/#organization\",\"name\":\"Sysmatec\",\"url\":\"https:\\\/\\\/sysmatec.ch\\\/de\\\/\",\"logo\":{\"@type\":\"ImageObject\",\"inLanguage\":\"de\",\"@id\":\"https:\\\/\\\/sysmatec.ch\\\/de\\\/#\\\/schema\\\/logo\\\/image\\\/\",\"url\":\"https:\\\/\\\/sysmatec.ch\\\/wp-content\\\/uploads\\\/2018\\\/11\\\/LogoSysmatec.jpg\",\"contentUrl\":\"https:\\\/\\\/sysmatec.ch\\\/wp-content\\\/uploads\\\/2018\\\/11\\\/LogoSysmatec.jpg\",\"width\":301,\"height\":297,\"caption\":\"Sysmatec\"},\"image\":{\"@id\":\"https:\\\/\\\/sysmatec.ch\\\/de\\\/#\\\/schema\\\/logo\\\/image\\\/\"}}]}<\/script>\n<!-- \/ Yoast SEO plugin. -->","yoast_head_json":{"title":"GSM Temperatur- \/ Feuchte- Logger Serie GSM2X - Sysmatec","description":"Temperatur- und Feuchtigkeitsrekorder mit Kommunikation \u00fcber das GSM-Netz. Ideal zum Verfolgen von Waren w\u00e4hrend des Transports.","robots":{"index":"index","follow":"follow","max-snippet":"max-snippet:-1","max-image-preview":"max-image-preview:large","max-video-preview":"max-video-preview:-1"},"canonical":"https:\/\/sysmatec.ch\/de\/produit\/gsm-temperatur-feuchte-logger-serie-gsm2x\/","og_locale":"de_DE","og_type":"article","og_title":"GSM Temperatur- \/ Feuchte- Logger Serie GSM2X - Sysmatec","og_description":"Temperatur- und Feuchtigkeitsrekorder mit Kommunikation \u00fcber das GSM-Netz. Ideal zum Verfolgen von Waren w\u00e4hrend des Transports.","og_url":"https:\/\/sysmatec.ch\/de\/produit\/gsm-temperatur-feuchte-logger-serie-gsm2x\/","og_site_name":"Sysmatec","article_modified_time":"2022-01-10T21:11:02+00:00","og_image":[{"width":186,"height":200,"url":"https:\/\/sysmatec.ch\/wp-content\/uploads\/2019\/05\/Humidite_WellzionGSM.jpg","type":"image\/jpeg"}],"twitter_card":"summary_large_image","twitter_misc":{"Gesch\u00e4tzte Lesezeit":"2\u00a0Minuten"},"schema":{"@context":"https:\/\/schema.org","@graph":[{"@type":"WebPage","@id":"https:\/\/sysmatec.ch\/de\/produit\/gsm-temperatur-feuchte-logger-serie-gsm2x\/","url":"https:\/\/sysmatec.ch\/de\/produit\/gsm-temperatur-feuchte-logger-serie-gsm2x\/","name":"GSM Temperatur- \/ Feuchte- Logger Serie GSM2X - Sysmatec","isPartOf":{"@id":"https:\/\/sysmatec.ch\/de\/#website"},"primaryImageOfPage":{"@id":"https:\/\/sysmatec.ch\/de\/produit\/gsm-temperatur-feuchte-logger-serie-gsm2x\/#primaryimage"},"image":{"@id":"https:\/\/sysmatec.ch\/de\/produit\/gsm-temperatur-feuchte-logger-serie-gsm2x\/#primaryimage"},"thumbnailUrl":"https:\/\/sysmatec.ch\/wp-content\/uploads\/2019\/05\/Humidite_WellzionGSM.jpg","datePublished":"2019-05-12T18:31:31+00:00","dateModified":"2022-01-10T21:11:02+00:00","description":"Temperatur- und Feuchtigkeitsrekorder mit Kommunikation \u00fcber das GSM-Netz. Ideal zum Verfolgen von Waren w\u00e4hrend des Transports.","breadcrumb":{"@id":"https:\/\/sysmatec.ch\/de\/produit\/gsm-temperatur-feuchte-logger-serie-gsm2x\/#breadcrumb"},"inLanguage":"de","potentialAction":[{"@type":"ReadAction","target":["https:\/\/sysmatec.ch\/de\/produit\/gsm-temperatur-feuchte-logger-serie-gsm2x\/"]}]},{"@type":"ImageObject","inLanguage":"de","@id":"https:\/\/sysmatec.ch\/de\/produit\/gsm-temperatur-feuchte-logger-serie-gsm2x\/#primaryimage","url":"https:\/\/sysmatec.ch\/wp-content\/uploads\/2019\/05\/Humidite_WellzionGSM.jpg","contentUrl":"https:\/\/sysmatec.ch\/wp-content\/uploads\/2019\/05\/Humidite_WellzionGSM.jpg","width":186,"height":200},{"@type":"BreadcrumbList","@id":"https:\/\/sysmatec.ch\/de\/produit\/gsm-temperatur-feuchte-logger-serie-gsm2x\/#breadcrumb","itemListElement":[{"@type":"ListItem","position":1,"name":"Accueil","item":"https:\/\/sysmatec.ch\/de\/"},{"@type":"ListItem","position":2,"name":"Die Aktivit\u00e4t von Sysmatec","item":"https:\/\/sysmatec.ch\/de\/"},{"@type":"ListItem","position":3,"name":"GSM Temperatur- \/ Feuchte- Logger Serie GSM2X"}]},{"@type":"WebSite","@id":"https:\/\/sysmatec.ch\/de\/#website","url":"https:\/\/sysmatec.ch\/de\/","name":"Sysmatec","description":"Equipement de laboratoire et logiciels","publisher":{"@id":"https:\/\/sysmatec.ch\/de\/#organization"},"potentialAction":[{"@type":"SearchAction","target":{"@type":"EntryPoint","urlTemplate":"https:\/\/sysmatec.ch\/de\/?s={search_term_string}"},"query-input":{"@type":"PropertyValueSpecification","valueRequired":true,"valueName":"search_term_string"}}],"inLanguage":"de"},{"@type":"Organization","@id":"https:\/\/sysmatec.ch\/de\/#organization","name":"Sysmatec","url":"https:\/\/sysmatec.ch\/de\/","logo":{"@type":"ImageObject","inLanguage":"de","@id":"https:\/\/sysmatec.ch\/de\/#\/schema\/logo\/image\/","url":"https:\/\/sysmatec.ch\/wp-content\/uploads\/2018\/11\/LogoSysmatec.jpg","contentUrl":"https:\/\/sysmatec.ch\/wp-content\/uploads\/2018\/11\/LogoSysmatec.jpg","width":301,"height":297,"caption":"Sysmatec"},"image":{"@id":"https:\/\/sysmatec.ch\/de\/#\/schema\/logo\/image\/"}}]}},"_links":{"self":[{"href":"https:\/\/sysmatec.ch\/de\/wp-json\/wp\/v2\/product\/6183","targetHints":{"allow":["GET"]}}],"collection":[{"href":"https:\/\/sysmatec.ch\/de\/wp-json\/wp\/v2\/product"}],"about":[{"href":"https:\/\/sysmatec.ch\/de\/wp-json\/wp\/v2\/types\/product"}],"wp:featuredmedia":[{"embeddable":true,"href":"https:\/\/sysmatec.ch\/de\/wp-json\/wp\/v2\/media\/6176"}],"wp:attachment":[{"href":"https:\/\/sysmatec.ch\/de\/wp-json\/wp\/v2\/media?parent=6183"}],"wp:term":[{"taxonomy":"product_brand","embeddable":true,"href":"https:\/\/sysmatec.ch\/de\/wp-json\/wp\/v2\/product_brand?post=6183"},{"taxonomy":"product_cat","embeddable":true,"href":"https:\/\/sysmatec.ch\/de\/wp-json\/wp\/v2\/product_cat?post=6183"},{"taxonomy":"product_tag","embeddable":true,"href":"https:\/\/sysmatec.ch\/de\/wp-json\/wp\/v2\/product_tag?post=6183"}],"curies":[{"name":"wp","href":"https:\/\/api.w.org\/{rel}","templated":true}]}}