{"id":6161,"date":"2019-05-12T18:26:58","date_gmt":"2019-05-12T16:26:58","guid":{"rendered":"https:\/\/sysmatec.ch\/produit\/enregistreur-de-temperature-et-dhumidite-sensorist\/"},"modified":"2022-01-11T22:03:16","modified_gmt":"2022-01-11T21:03:16","slug":"sensorist-luftfeuchtigkeit-datenlogger","status":"publish","type":"product","link":"https:\/\/sysmatec.ch\/de\/Produkt\/sensorist-luftfeuchtigkeit-datenlogger\/","title":{"rendered":"Sensorist Luftfeuchtigkeit Datenlogger"},"content":{"rendered":"<p>Mit unserer Multi-Gateway-Redundanz-Pro-Funktion k\u00f6nnen Sie gro\u00dfe Fl\u00e4chen ohne die Notwendigkeit, einzelne Sensoren mit mehreren Gateways zu koppeln zu haben. Stattdessen k\u00f6nnen Sie Sensoren mit einem Master-Gateway paaren, zus\u00e4tzliche Gateways als Slave an den Master paaren, und von dort aus werden die einzelnen Sensoren mit jedem Gateway im Setup zu kommunizieren.<\/p>\n<p>Dies macht es einfach, gro\u00dfe Bereiche zu decken. Die Sensoren w\u00f6hlen selber an welcher master oder Slave sie sich verbinden. Die Sensoren k\u00f6nnen auch verschoben werden. Einen Sensor k\u00f6nnte in einem Lastkraftwagen, das zwischen zwei verschiedenen Positionen f\u00e4hrt, wobei ein Gateway an jedem Standort sich befindet. Der Sensor liefern dann Daten wie \u00fcblich an der Position A. W\u00e4hrend des Transports zwischen A und B, werden die Daten in dem internen Puffer des Sensors gespeichert Wenn der LKW am Ort B einkommt, werden die zwischengespeicherten Daten gesendet, so dass alle Daten in der K\u00fchlkette voll verf\u00fcgbar sind.<\/p>\n<p>Alle Modulen besitzen einen Temperatur und einen Feuchte Sensor (Messbereich -20 bis 60 \u00b0C, 20- bis 90 % RH)<\/p>\n<p>Es gibt die M\u00f6glichkeit einen externen Temperaturf\u00fchler, oder einen T\u00fcrerr\u00f6ffnungssensor oder einen Wasserdetektor anzuschliessen.<\/p>\n","protected":false},"excerpt":{"rendered":"<p>Luftfeuchtigkeit und Temperatur Datenlogger mit Radio Kommunkation<\/p>\n","protected":false},"featured_media":6159,"template":"","meta":{"_crdt_document":""},"product_brand":[],"product_cat":[168,175],"product_tag":[],"class_list":{"0":"post-6161","1":"product","2":"type-product","3":"status-publish","4":"has-post-thumbnail","6":"product_cat-datenlogger","7":"product_cat-feuchte","9":"first","10":"instock","11":"taxable","12":"shipping-taxable","13":"product-type-simple"},"yoast_head":"<!-- This site is optimized with the Yoast SEO plugin v27.4 - https:\/\/yoast.com\/product\/yoast-seo-wordpress\/ -->\n<title>Sensorist Luftfeuchtigkeit Datenlogger - Sysmatec<\/title>\n<meta name=\"description\" content=\"Temperatur- und Feuchtigkeitslogger mit Funkwellenkommunikation. Die Module kommunizieren mit Gateways.\" \/>\n<meta name=\"robots\" content=\"index, follow, max-snippet:-1, max-image-preview:large, max-video-preview:-1\" \/>\n<link rel=\"canonical\" href=\"https:\/\/sysmatec.ch\/de\/produit\/sensorist-luftfeuchtigkeit-datenlogger\/\" \/>\n<meta property=\"og:locale\" content=\"de_DE\" \/>\n<meta property=\"og:type\" content=\"article\" \/>\n<meta property=\"og:title\" content=\"Sensorist Luftfeuchtigkeit Datenlogger - Sysmatec\" \/>\n<meta property=\"og:description\" content=\"Temperatur- und Feuchtigkeitslogger mit Funkwellenkommunikation. Die Module kommunizieren mit Gateways.\" \/>\n<meta property=\"og:url\" content=\"https:\/\/sysmatec.ch\/de\/produit\/sensorist-luftfeuchtigkeit-datenlogger\/\" \/>\n<meta property=\"og:site_name\" content=\"Sysmatec\" \/>\n<meta property=\"article:modified_time\" content=\"2022-01-11T21:03:16+00:00\" \/>\n<meta property=\"og:image\" content=\"https:\/\/sysmatec.ch\/wp-content\/uploads\/2019\/05\/Humidite_SensoristDatalogger2.jpg\" \/>\n\t<meta property=\"og:image:width\" content=\"190\" \/>\n\t<meta property=\"og:image:height\" content=\"133\" \/>\n\t<meta property=\"og:image:type\" content=\"image\/jpeg\" \/>\n<meta name=\"twitter:card\" content=\"summary_large_image\" \/>\n<meta name=\"twitter:label1\" content=\"Gesch\u00e4tzte Lesezeit\" \/>\n\t<meta name=\"twitter:data1\" content=\"1\u00a0Minute\" \/>\n<script type=\"application\/ld+json\" class=\"yoast-schema-graph\">{\"@context\":\"https:\\\/\\\/schema.org\",\"@graph\":[{\"@type\":\"WebPage\",\"@id\":\"https:\\\/\\\/sysmatec.ch\\\/de\\\/produit\\\/sensorist-luftfeuchtigkeit-datenlogger\\\/\",\"url\":\"https:\\\/\\\/sysmatec.ch\\\/de\\\/produit\\\/sensorist-luftfeuchtigkeit-datenlogger\\\/\",\"name\":\"Sensorist Luftfeuchtigkeit Datenlogger - Sysmatec\",\"isPartOf\":{\"@id\":\"https:\\\/\\\/sysmatec.ch\\\/de\\\/#website\"},\"primaryImageOfPage\":{\"@id\":\"https:\\\/\\\/sysmatec.ch\\\/de\\\/produit\\\/sensorist-luftfeuchtigkeit-datenlogger\\\/#primaryimage\"},\"image\":{\"@id\":\"https:\\\/\\\/sysmatec.ch\\\/de\\\/produit\\\/sensorist-luftfeuchtigkeit-datenlogger\\\/#primaryimage\"},\"thumbnailUrl\":\"https:\\\/\\\/sysmatec.ch\\\/wp-content\\\/uploads\\\/2019\\\/05\\\/Humidite_SensoristDatalogger2.jpg\",\"datePublished\":\"2019-05-12T16:26:58+00:00\",\"dateModified\":\"2022-01-11T21:03:16+00:00\",\"description\":\"Temperatur- und Feuchtigkeitslogger mit Funkwellenkommunikation. Die Module kommunizieren mit Gateways.\",\"breadcrumb\":{\"@id\":\"https:\\\/\\\/sysmatec.ch\\\/de\\\/produit\\\/sensorist-luftfeuchtigkeit-datenlogger\\\/#breadcrumb\"},\"inLanguage\":\"de\",\"potentialAction\":[{\"@type\":\"ReadAction\",\"target\":[\"https:\\\/\\\/sysmatec.ch\\\/de\\\/produit\\\/sensorist-luftfeuchtigkeit-datenlogger\\\/\"]}]},{\"@type\":\"ImageObject\",\"inLanguage\":\"de\",\"@id\":\"https:\\\/\\\/sysmatec.ch\\\/de\\\/produit\\\/sensorist-luftfeuchtigkeit-datenlogger\\\/#primaryimage\",\"url\":\"https:\\\/\\\/sysmatec.ch\\\/wp-content\\\/uploads\\\/2019\\\/05\\\/Humidite_SensoristDatalogger2.jpg\",\"contentUrl\":\"https:\\\/\\\/sysmatec.ch\\\/wp-content\\\/uploads\\\/2019\\\/05\\\/Humidite_SensoristDatalogger2.jpg\",\"width\":190,\"height\":133},{\"@type\":\"BreadcrumbList\",\"@id\":\"https:\\\/\\\/sysmatec.ch\\\/de\\\/produit\\\/sensorist-luftfeuchtigkeit-datenlogger\\\/#breadcrumb\",\"itemListElement\":[{\"@type\":\"ListItem\",\"position\":1,\"name\":\"Accueil\",\"item\":\"https:\\\/\\\/sysmatec.ch\\\/de\\\/\"},{\"@type\":\"ListItem\",\"position\":2,\"name\":\"Die Aktivit\u00e4t von Sysmatec\",\"item\":\"https:\\\/\\\/sysmatec.ch\\\/de\\\/\"},{\"@type\":\"ListItem\",\"position\":3,\"name\":\"Sensorist Luftfeuchtigkeit Datenlogger\"}]},{\"@type\":\"WebSite\",\"@id\":\"https:\\\/\\\/sysmatec.ch\\\/de\\\/#website\",\"url\":\"https:\\\/\\\/sysmatec.ch\\\/de\\\/\",\"name\":\"Sysmatec\",\"description\":\"Equipement de laboratoire et logiciels\",\"publisher\":{\"@id\":\"https:\\\/\\\/sysmatec.ch\\\/de\\\/#organization\"},\"potentialAction\":[{\"@type\":\"SearchAction\",\"target\":{\"@type\":\"EntryPoint\",\"urlTemplate\":\"https:\\\/\\\/sysmatec.ch\\\/de\\\/?s={search_term_string}\"},\"query-input\":{\"@type\":\"PropertyValueSpecification\",\"valueRequired\":true,\"valueName\":\"search_term_string\"}}],\"inLanguage\":\"de\"},{\"@type\":\"Organization\",\"@id\":\"https:\\\/\\\/sysmatec.ch\\\/de\\\/#organization\",\"name\":\"Sysmatec\",\"url\":\"https:\\\/\\\/sysmatec.ch\\\/de\\\/\",\"logo\":{\"@type\":\"ImageObject\",\"inLanguage\":\"de\",\"@id\":\"https:\\\/\\\/sysmatec.ch\\\/de\\\/#\\\/schema\\\/logo\\\/image\\\/\",\"url\":\"https:\\\/\\\/sysmatec.ch\\\/wp-content\\\/uploads\\\/2018\\\/11\\\/LogoSysmatec.jpg\",\"contentUrl\":\"https:\\\/\\\/sysmatec.ch\\\/wp-content\\\/uploads\\\/2018\\\/11\\\/LogoSysmatec.jpg\",\"width\":301,\"height\":297,\"caption\":\"Sysmatec\"},\"image\":{\"@id\":\"https:\\\/\\\/sysmatec.ch\\\/de\\\/#\\\/schema\\\/logo\\\/image\\\/\"}}]}<\/script>\n<!-- \/ Yoast SEO plugin. -->","yoast_head_json":{"title":"Sensorist Luftfeuchtigkeit Datenlogger - Sysmatec","description":"Temperatur- und Feuchtigkeitslogger mit Funkwellenkommunikation. Die Module kommunizieren mit Gateways.","robots":{"index":"index","follow":"follow","max-snippet":"max-snippet:-1","max-image-preview":"max-image-preview:large","max-video-preview":"max-video-preview:-1"},"canonical":"https:\/\/sysmatec.ch\/de\/produit\/sensorist-luftfeuchtigkeit-datenlogger\/","og_locale":"de_DE","og_type":"article","og_title":"Sensorist Luftfeuchtigkeit Datenlogger - Sysmatec","og_description":"Temperatur- und Feuchtigkeitslogger mit Funkwellenkommunikation. Die Module kommunizieren mit Gateways.","og_url":"https:\/\/sysmatec.ch\/de\/produit\/sensorist-luftfeuchtigkeit-datenlogger\/","og_site_name":"Sysmatec","article_modified_time":"2022-01-11T21:03:16+00:00","og_image":[{"width":190,"height":133,"url":"https:\/\/sysmatec.ch\/wp-content\/uploads\/2019\/05\/Humidite_SensoristDatalogger2.jpg","type":"image\/jpeg"}],"twitter_card":"summary_large_image","twitter_misc":{"Gesch\u00e4tzte Lesezeit":"1\u00a0Minute"},"schema":{"@context":"https:\/\/schema.org","@graph":[{"@type":"WebPage","@id":"https:\/\/sysmatec.ch\/de\/produit\/sensorist-luftfeuchtigkeit-datenlogger\/","url":"https:\/\/sysmatec.ch\/de\/produit\/sensorist-luftfeuchtigkeit-datenlogger\/","name":"Sensorist Luftfeuchtigkeit Datenlogger - Sysmatec","isPartOf":{"@id":"https:\/\/sysmatec.ch\/de\/#website"},"primaryImageOfPage":{"@id":"https:\/\/sysmatec.ch\/de\/produit\/sensorist-luftfeuchtigkeit-datenlogger\/#primaryimage"},"image":{"@id":"https:\/\/sysmatec.ch\/de\/produit\/sensorist-luftfeuchtigkeit-datenlogger\/#primaryimage"},"thumbnailUrl":"https:\/\/sysmatec.ch\/wp-content\/uploads\/2019\/05\/Humidite_SensoristDatalogger2.jpg","datePublished":"2019-05-12T16:26:58+00:00","dateModified":"2022-01-11T21:03:16+00:00","description":"Temperatur- und Feuchtigkeitslogger mit Funkwellenkommunikation. Die Module kommunizieren mit Gateways.","breadcrumb":{"@id":"https:\/\/sysmatec.ch\/de\/produit\/sensorist-luftfeuchtigkeit-datenlogger\/#breadcrumb"},"inLanguage":"de","potentialAction":[{"@type":"ReadAction","target":["https:\/\/sysmatec.ch\/de\/produit\/sensorist-luftfeuchtigkeit-datenlogger\/"]}]},{"@type":"ImageObject","inLanguage":"de","@id":"https:\/\/sysmatec.ch\/de\/produit\/sensorist-luftfeuchtigkeit-datenlogger\/#primaryimage","url":"https:\/\/sysmatec.ch\/wp-content\/uploads\/2019\/05\/Humidite_SensoristDatalogger2.jpg","contentUrl":"https:\/\/sysmatec.ch\/wp-content\/uploads\/2019\/05\/Humidite_SensoristDatalogger2.jpg","width":190,"height":133},{"@type":"BreadcrumbList","@id":"https:\/\/sysmatec.ch\/de\/produit\/sensorist-luftfeuchtigkeit-datenlogger\/#breadcrumb","itemListElement":[{"@type":"ListItem","position":1,"name":"Accueil","item":"https:\/\/sysmatec.ch\/de\/"},{"@type":"ListItem","position":2,"name":"Die Aktivit\u00e4t von Sysmatec","item":"https:\/\/sysmatec.ch\/de\/"},{"@type":"ListItem","position":3,"name":"Sensorist Luftfeuchtigkeit Datenlogger"}]},{"@type":"WebSite","@id":"https:\/\/sysmatec.ch\/de\/#website","url":"https:\/\/sysmatec.ch\/de\/","name":"Sysmatec","description":"Equipement de laboratoire et logiciels","publisher":{"@id":"https:\/\/sysmatec.ch\/de\/#organization"},"potentialAction":[{"@type":"SearchAction","target":{"@type":"EntryPoint","urlTemplate":"https:\/\/sysmatec.ch\/de\/?s={search_term_string}"},"query-input":{"@type":"PropertyValueSpecification","valueRequired":true,"valueName":"search_term_string"}}],"inLanguage":"de"},{"@type":"Organization","@id":"https:\/\/sysmatec.ch\/de\/#organization","name":"Sysmatec","url":"https:\/\/sysmatec.ch\/de\/","logo":{"@type":"ImageObject","inLanguage":"de","@id":"https:\/\/sysmatec.ch\/de\/#\/schema\/logo\/image\/","url":"https:\/\/sysmatec.ch\/wp-content\/uploads\/2018\/11\/LogoSysmatec.jpg","contentUrl":"https:\/\/sysmatec.ch\/wp-content\/uploads\/2018\/11\/LogoSysmatec.jpg","width":301,"height":297,"caption":"Sysmatec"},"image":{"@id":"https:\/\/sysmatec.ch\/de\/#\/schema\/logo\/image\/"}}]}},"_links":{"self":[{"href":"https:\/\/sysmatec.ch\/de\/wp-json\/wp\/v2\/product\/6161","targetHints":{"allow":["GET"]}}],"collection":[{"href":"https:\/\/sysmatec.ch\/de\/wp-json\/wp\/v2\/product"}],"about":[{"href":"https:\/\/sysmatec.ch\/de\/wp-json\/wp\/v2\/types\/product"}],"wp:featuredmedia":[{"embeddable":true,"href":"https:\/\/sysmatec.ch\/de\/wp-json\/wp\/v2\/media\/6159"}],"wp:attachment":[{"href":"https:\/\/sysmatec.ch\/de\/wp-json\/wp\/v2\/media?parent=6161"}],"wp:term":[{"taxonomy":"product_brand","embeddable":true,"href":"https:\/\/sysmatec.ch\/de\/wp-json\/wp\/v2\/product_brand?post=6161"},{"taxonomy":"product_cat","embeddable":true,"href":"https:\/\/sysmatec.ch\/de\/wp-json\/wp\/v2\/product_cat?post=6161"},{"taxonomy":"product_tag","embeddable":true,"href":"https:\/\/sysmatec.ch\/de\/wp-json\/wp\/v2\/product_tag?post=6161"}],"curies":[{"name":"wp","href":"https:\/\/api.w.org\/{rel}","templated":true}]}}